{"id":3231,"date":"2019-11-20T11:14:29","date_gmt":"2019-11-20T16:14:29","guid":{"rendered":"https:\/\/www.suzuki.ca\/?page_id=3231"},"modified":"2026-03-31T11:46:06","modified_gmt":"2026-03-31T15:46:06","slug":"atv","status":"publish","type":"page","link":"https:\/\/www.suzuki.ca\/fr\/atv\/","title":{"rendered":"VTT"},"content":{"rendered":"<div class=\"wpb-content-wrapper\"><p>[vc_row content_placement=&#8221;middle&#8221; el_id=&#8221;hero&#8221; css=&#8221;.vc_custom_1771536552783{background-image: url(https:\/\/www.suzuki.ca\/wp-content\/uploads\/Suzuki_KingQuad_ATV_FR-1.jpg?id=66722) !important;background-position: center !important;background-repeat: no-repeat !important;background-size: cover !important;}&#8221; el_class=&#8221;py-5 px-3&#8243;][vc_column el_class=&#8221;hero-content white-text text-center py-lg-5&#8243;][\/vc_column][\/vc_row][vc_row el_class=&#8221;background-red&#8221;][vc_column el_class=&#8221;width-container py-3 text-center white-text&#8221;][vc_column_text el_class=&#8221;text-center&#8221;]<\/p>\n<h1>Suzuki VTT<\/h1>\n<p>[\/vc_column_text][vc_column_text css=&#8221;.vc_custom_1774971932753{margin-bottom: 0px !important;}&#8221;]<\/p>\n<h2><span data-teams=\"true\">\u00c9v\u00e9nement \u00e9conomies du printemps Suzuki<\/span><\/h2>\n<p>[\/vc_column_text][vc_column_text css=&#8221;.vc_custom_1771537189771{margin-bottom: 0px !important;}&#8221; el_class=&#8221;py-3 seo-h4&#8243;]Obtenez certains mod\u00e8les KingQuad\u00a0 pour moins de 50 $ par semaine <strong data-start=\"235\" data-end=\"241\">ET<\/strong> un <strong data-start=\"245\" data-end=\"274\">treuil WARN VRX25 GRATUIT<\/strong> (valeur au d\u00e9tail de 750 $) sur certains mod\u00e8les 2025\/2026\u2020. <strong data-start=\"305\" data-end=\"316\">EN PLUS<\/strong>, profitez d\u2019une <strong data-start=\"333\" data-end=\"364\">garantie prolong\u00e9e de 5 ans<\/strong> <em data-start=\"365\" data-end=\"401\">(valeur pouvant atteindre 2 200 $) <\/em>![\/vc_column_text][vc_column_text css=&#8221;.vc_custom_1768322211132{margin-bottom: 0px !important;}&#8221;]<\/p>\n<h6>\u2020Certaines conditions s\u2019appliquent.<\/h6>\n<p>[\/vc_column_text][\/vc_column][\/vc_row][vc_row el_class=&#8221;text-center width-container pt-3 pt-lg-3&#8243;][vc_column][vc_column_text css=&#8221;.vc_custom_1718129616743{margin-bottom: 0px !important;}&#8221; el_class=&#8221;w-lg-75 pt-4 pb-lg-4&#8243;]<span style=\"font-weight: 400;\">Explorez la gamme de v\u00e9hicules tout terrain Suzuki et apprenez-en davantage sur ce qui rend nos produits exceptionnels. Consultez notre <a href=\"https:\/\/www.suzuki.ca\/3d-flip-book\/2024-catalogue-pa-moto-vtt\/\" target=\"_blank\" rel=\"noopener\">catalogue<\/a> de pi\u00e8ces d\u00e9tach\u00e9es et d&#8217;accessoires pour VTT.<\/span>[\/vc_column_text][\/vc_column][\/vc_row][vc_row el_class=&#8221;pb-5 pb-lg-6&#8243;][vc_column el_id=&#8221;suzuki-lines&#8221; el_class=&#8221;px-2&#8243;]               \n<div class=\"single-line text-center\">\n  <a href=\"\/fr\/catalogue\/vtt\/utilitaires\/\">\n    <img decoding=\"async\" class=\"m-auto\" src=\"https:\/\/www.suzuki.ca\/wp-content\/uploads\/LT-A750XPZM4_QTM_Right.png\" alt=\"Utilitaires\" \/>\n  <\/a>\n        <h2 class=\"px-lg-2 mb-3 seo-h4\">Utilitaires<\/h2>\n    <a href=\"\/fr\/catalogue\/vtt\/utilitaires\/\" class=\"btn btn-primary hover-forward\">\n      Explorer       <span class=\"fas fa-arrow-right hvr-icon\"><\/span><\/a>\n    <p class=\"mt-3 mb-0 uppercase\"><a href=\"\/fr\/produit\/2026-kingquad-750xpz\/\" class=\"underline-link\">\n      Voir le VTT    <\/a><\/p>\n<\/div>\n\n\n               \n<div class=\"single-line text-center\">\n  <a href=\"\/fr\/catalogue\/vtt\/jeunes\/\">\n    <img decoding=\"async\" class=\"m-auto\" src=\"https:\/\/www.suzuki.ca\/wp-content\/uploads\/LT-Z90M6_YU1_Right.png\" alt=\"Jeunes\" \/>\n  <\/a>\n        <h2 class=\"px-lg-2 mb-3 seo-h4\">Jeunes<\/h2>\n    <a href=\"\/fr\/catalogue\/vtt\/jeunes\/\" class=\"btn btn-primary hover-forward\">\n      Explorer       <span class=\"fas fa-arrow-right hvr-icon\"><\/span><\/a>\n    <p class=\"mt-3 mb-0 uppercase\"><a href=\"\/fr\/produit\/2026-quadsport-z90\/\" class=\"underline-link\">\n      Voir le VTT    <\/a><\/p>\n<\/div>\n\n\n[\/vc_column][\/vc_row][vc_row el_id=&#8221;specials&#8221;][vc_column el_class=&#8221;px-lg-5&#8243;][vc_row_inner][vc_column_inner el_class=&#8221;text-center white-text bg-pavement py-5 px-3 px-lg-5&#8243;][vc_column_text css=&#8221;.vc_custom_1715797495298{margin-bottom: 0px !important;}&#8221; el_class=&#8221;text-white text-center&#8221;]<\/p>\n<h2 style=\"text-align: center;\">Offres sp\u00e9ciales<\/h2>\n<p>[\/vc_column_text][vc_column_text css=&#8221;.vc_custom_1715797437525{margin-bottom: 0px !important;}&#8221; el_class=&#8221;pt-3 pb-4&#8243;]<\/p>\n<p style=\"text-align: center;\"><span style=\"font-weight: 400;\">Profitez des offres sp\u00e9ciales de Suzuki Canada sur la gamme compl\u00e8te de produits et accessoires.<\/span><\/p>\n<p>[\/vc_column_text]\n<a id=\"\" class=\"btn btn-primary hover-forward\"  href=\"\/fr\/promotions\/#vtt\" target=\"_self\"  >Voir les offres sp\u00e9ciales <span class=\"fas fa-arrow-right hvr-icon\"><\/span><\/a>\n[\/vc_column_inner][\/vc_row_inner][\/vc_column][\/vc_row][vc_row el_class=&#8221;width-container px-0 py-5 py-lg-6 d-lg-flex&#8221;][vc_column el_class=&#8221;px-3 pr-lg-0 pl-lg-4 d-center text-center-mobile order-last&#8221; offset=&#8221;vc_col-md-6&#8243;][vc_column_text css=&#8221;.vc_custom_1578687561902{margin-bottom: 0px !important;}&#8221; el_class=&#8221;pb-4&#8243;]<\/p>\n<h2>Pourquoi Suzuki?<\/h2>\n<p>[\/vc_column_text][vc_column_text css=&#8221;.vc_custom_1588860319768{margin-bottom: 0px !important;}&#8221;]Dans un engagement constant et une attention aux besoins et aux d\u00e9sirs des conducteurs, Suzuki est \u00e0 l\u2019origine de plusieurs innovations dans le domaine des VTT. Ses VTT atteignent un meilleur \u00e9quilibre entre l\u2019utilisation pratique et la conduite pour le loisir. Suzuki estime qu\u2019un large \u00e9ventail de clients peuvent profiter de ses VTT, que ce soit pour une utilisation sur une ferme ou une exploitation, pour des travaux, pour la conduite sur des sentiers, pour la chasse ou pour d\u2019autres types de loisirs.[\/vc_column_text][\/vc_column][vc_column el_class=&#8221;pr-lg-4 pl-lg-0 d-center pt-5 pt-lg-0&#8243; offset=&#8221;vc_col-md-6&#8243; css=&#8221;.vc_custom_1568821766764{margin-bottom: 0px !important;}&#8221;][vc_video link=&#8221;https:\/\/youtu.be\/66uG4mrHlYU&#8221; css=&#8221;.vc_custom_1754936178443{margin-bottom: 0px !important;padding-bottom: 0px !important;}&#8221;][\/vc_column][\/vc_row][vc_row el_class=&#8221;bg-bike white-text&#8221;][vc_column][vc_row_inner el_class=&#8221;width-container py-5 py-lg-6&#8243;][vc_column_inner el_class=&#8221;text-center-mobile&#8221; offset=&#8221;vc_col-md-6&#8243;][vc_column_text css=&#8221;.vc_custom_1574278234644{margin-bottom: 0px !important;}&#8221; el_class=&#8221;pb-4&#8243;]<span style=\"font-weight: 400;\">Depuis sa cr\u00e9ation en 1920, SUZUKI n\u2019a cess\u00e9 de cro\u00eetre. Aujourd\u2019hui, la marque SUZUKI appara\u00eet sur une gamme compl\u00e8te de motos, de v\u00e9hicules tout terrain et de moteurs hors-bord.<\/span><\/p>\n<p><span style=\"font-weight: 400;\">La marque Suzuki <\/span><span style=\"font-weight: 400;\"> est reconnue dans le monde entier pour ses produits de qualit\u00e9 qui allient la fiabilit\u00e9 \u00e0 l\u2019originalit\u00e9. SUZUKI soutient ce symbole mondial avec la ferme volont\u00e9 de maintenir cette r\u00e9putation \u00e0 long terme.<\/span>[\/vc_column_text]\n<a id=\"\" class=\"btn btn-white hover-forward\"  href=\"\/fr\/catalogue\/vtt\/\" target=\"_self\"  >Voir tous les mod\u00e8les de VTT <span class=\"fas fa-arrow-right hvr-icon\"><\/span><\/a>\n[\/vc_column_inner][\/vc_row_inner][\/vc_column][\/vc_row][vc_row el_id=&#8221;map&#8221; el_class=&#8221;width-container py-5 py-lg-6 d-lg-flex&#8221;][vc_column offset=&#8221;vc_col-md-6&#8243; el_class=&#8221;d-center order-last text-center&#8221;][vc_column_text css=&#8221;.vc_custom_1716487874241{margin-bottom: 0px !important;}&#8221;]<\/p>\n<h2>Concessionnaire<\/h2>\n<p>[\/vc_column_text][vc_column_text css=&#8221;.vc_custom_1578687577723{margin-bottom: 0px !important;}&#8221; el_class=&#8221;text-center pt-2 pb-3&#8243;]Saisissez votre ville ou votre code postal pour trouver un concessionnaire proche de vous.[\/vc_column_text]\n<a id=\"\" class=\"btn btn-primary\"  href=\"\/fr\/find-a-dealer\/\" target=\"_self\"  >concessionnaire<\/a>\n[\/vc_column][vc_column offset=&#8221;vc_col-md-6&#8243; el_class=&#8221;d-center pt-5 pt-lg-0 pr-lg-5&#8243;][vc_single_image image=&#8221;296&#8243; img_size=&#8221;full&#8221; alignment=&#8221;center&#8221; css=&#8221;.vc_custom_1566571128191{margin-bottom: 0px !important;}&#8221; el_id=&#8221;img-map&#8221;][\/vc_column][\/vc_row]<\/p>\n<\/div>","protected":false},"excerpt":{"rendered":"<p>\u2026 <a class=\"blog-readmore\" href=\"https:\/\/www.suzuki.ca\/fr\/atv\/\">Continuez \u00e0 lire ><\/a><\/p>\n","protected":false},"author":1,"featured_media":0,"parent":0,"menu_order":0,"comment_status":"closed","ping_status":"closed","template":"","meta":{"_acf_changed":false,"site-sidebar-layout":"no-sidebar","site-content-layout":"page-builder","ast-site-content-layout":"full-width-container","site-content-style":"unboxed","site-sidebar-style":"unboxed","ast-global-header-display":"","ast-banner-title-visibility":"","ast-main-header-display":"","ast-hfb-above-header-display":"","ast-hfb-below-header-display":"","ast-hfb-mobile-header-display":"","site-post-title":"disabled","ast-breadcrumbs-content":"","ast-featured-img":"","footer-sml-layout":"","ast-disable-related-posts":"","theme-transparent-header-meta":"default","adv-header-id-meta":"","stick-header-meta":"default","header-above-stick-meta":"","header-main-stick-meta":"","header-below-stick-meta":"","astra-migrate-meta-layouts":"set","ast-page-background-enabled":"default","ast-page-background-meta":{"desktop":{"background-color":"","background-image":"","background-repeat":"repeat","background-position":"center center","background-size":"auto","background-attachment":"scroll","background-type":"","background-media":"","overlay-type":"","overlay-color":"","overlay-opacity":"","overlay-gradient":""},"tablet":{"background-color":"","background-image":"","background-repeat":"repeat","background-position":"center center","background-size":"auto","background-attachment":"scroll","background-type":"","background-media":"","overlay-type":"","overlay-color":"","overlay-opacity":"","overlay-gradient":""},"mobile":{"background-color":"","background-image":"","background-repeat":"repeat","background-position":"center center","background-size":"auto","background-attachment":"scroll","background-type":"","background-media":"","overlay-type":"","overlay-color":"","overlay-opacity":"","overlay-gradient":""}},"ast-content-background-meta":{"desktop":{"background-color":"var(--ast-global-color-5)","background-image":"","background-repeat":"repeat","background-position":"center center","background-size":"auto","background-attachment":"scroll","background-type":"","background-media":"","overlay-type":"","overlay-color":"","overlay-opacity":"","overlay-gradient":""},"tablet":{"background-color":"var(--ast-global-color-5)","background-image":"","background-repeat":"repeat","background-position":"center center","background-size":"auto","background-attachment":"scroll","background-type":"","background-media":"","overlay-type":"","overlay-color":"","overlay-opacity":"","overlay-gradient":""},"mobile":{"background-color":"var(--ast-global-color-5)","background-image":"","background-repeat":"repeat","background-position":"center center","background-size":"auto","background-attachment":"scroll","background-type":"","background-media":"","overlay-type":"","overlay-color":"","overlay-opacity":"","overlay-gradient":""}},"footnotes":""},"class_list":["post-3231","page","type-page","status-publish","hentry"],"acf":[],"yoast_head":"<!-- This site is optimized with the Yoast SEO plugin v26.9 - https:\/\/yoast.com\/product\/yoast-seo-wordpress\/ -->\n<title>VTT - Suzuki Canada Inc.<\/title>\n<meta name=\"robots\" content=\"index, follow, max-snippet:-1, max-image-preview:large, max-video-preview:-1\" \/>\n<link rel=\"canonical\" href=\"https:\/\/www.suzuki.ca\/fr\/atv\/\" \/>\n<meta property=\"og:locale\" content=\"fr_FR\" \/>\n<meta property=\"og:type\" content=\"article\" \/>\n<meta property=\"og:title\" content=\"VTT - Suzuki Canada Inc.\" \/>\n<meta property=\"og:description\" content=\"\u2026 Continuez \u00e0 lire &gt;\" \/>\n<meta property=\"og:url\" content=\"https:\/\/www.suzuki.ca\/fr\/atv\/\" \/>\n<meta property=\"og:site_name\" content=\"Suzuki Canada Inc.\" \/>\n<meta property=\"article:modified_time\" content=\"2026-03-31T15:46:06+00:00\" \/>\n<meta name=\"twitter:card\" content=\"summary_large_image\" \/>\n<meta name=\"twitter:label1\" content=\"Est. reading time\" \/>\n\t<meta name=\"twitter:data1\" content=\"3 minutes\" \/>\n<script type=\"application\/ld+json\" class=\"yoast-schema-graph\">{\"@context\":\"https:\/\/schema.org\",\"@graph\":[{\"@type\":\"WebPage\",\"@id\":\"https:\/\/www.suzuki.ca\/fr\/atv\/\",\"url\":\"https:\/\/www.suzuki.ca\/fr\/atv\/\",\"name\":\"VTT - Suzuki Canada Inc.\",\"isPartOf\":{\"@id\":\"https:\/\/www.suzuki.ca\/#website\"},\"datePublished\":\"2019-11-20T16:14:29+00:00\",\"dateModified\":\"2026-03-31T15:46:06+00:00\",\"breadcrumb\":{\"@id\":\"https:\/\/www.suzuki.ca\/fr\/atv\/#breadcrumb\"},\"inLanguage\":\"fr-FR\",\"potentialAction\":[{\"@type\":\"ReadAction\",\"target\":[\"https:\/\/www.suzuki.ca\/fr\/atv\/\"]}]},{\"@type\":\"BreadcrumbList\",\"@id\":\"https:\/\/www.suzuki.ca\/fr\/atv\/#breadcrumb\",\"itemListElement\":[{\"@type\":\"ListItem\",\"position\":1,\"name\":\"Accueil\",\"item\":\"https:\/\/www.suzuki.ca\/fr\/\"},{\"@type\":\"ListItem\",\"position\":2,\"name\":\"VTT\"}]},{\"@type\":\"WebSite\",\"@id\":\"https:\/\/www.suzuki.ca\/#website\",\"url\":\"https:\/\/www.suzuki.ca\/\",\"name\":\"Suzuki Canada Inc.\",\"description\":\"The Official Home of Suzuki Canada Motorcycle, ATV, and Marine models and accessories.\",\"publisher\":{\"@id\":\"https:\/\/www.suzuki.ca\/#organization\"},\"potentialAction\":[{\"@type\":\"SearchAction\",\"target\":{\"@type\":\"EntryPoint\",\"urlTemplate\":\"https:\/\/www.suzuki.ca\/?s={search_term_string}\"},\"query-input\":{\"@type\":\"PropertyValueSpecification\",\"valueRequired\":true,\"valueName\":\"search_term_string\"}}],\"inLanguage\":\"fr-FR\"},{\"@type\":\"Organization\",\"@id\":\"https:\/\/www.suzuki.ca\/#organization\",\"name\":\"Suzuki Canada Inc.\",\"url\":\"https:\/\/www.suzuki.ca\/\",\"logo\":{\"@type\":\"ImageObject\",\"inLanguage\":\"fr-FR\",\"@id\":\"https:\/\/www.suzuki.ca\/#\/schema\/logo\/image\/\",\"url\":\"https:\/\/www.suzuki.ca\/wp-content\/uploads\/Suzuki_Logo_Parallelogram.svg\",\"contentUrl\":\"https:\/\/www.suzuki.ca\/wp-content\/uploads\/Suzuki_Logo_Parallelogram.svg\",\"caption\":\"Suzuki Canada Inc.\"},\"image\":{\"@id\":\"https:\/\/www.suzuki.ca\/#\/schema\/logo\/image\/\"}}]}<\/script>\n<!-- \/ Yoast SEO plugin. -->","yoast_head_json":{"title":"VTT - Suzuki Canada Inc.","robots":{"index":"index","follow":"follow","max-snippet":"max-snippet:-1","max-image-preview":"max-image-preview:large","max-video-preview":"max-video-preview:-1"},"canonical":"https:\/\/www.suzuki.ca\/fr\/atv\/","og_locale":"fr_FR","og_type":"article","og_title":"VTT - Suzuki Canada Inc.","og_description":"\u2026 Continuez \u00e0 lire >","og_url":"https:\/\/www.suzuki.ca\/fr\/atv\/","og_site_name":"Suzuki Canada Inc.","article_modified_time":"2026-03-31T15:46:06+00:00","twitter_card":"summary_large_image","twitter_misc":{"Est. reading time":"3 minutes"},"schema":{"@context":"https:\/\/schema.org","@graph":[{"@type":"WebPage","@id":"https:\/\/www.suzuki.ca\/fr\/atv\/","url":"https:\/\/www.suzuki.ca\/fr\/atv\/","name":"VTT - Suzuki Canada Inc.","isPartOf":{"@id":"https:\/\/www.suzuki.ca\/#website"},"datePublished":"2019-11-20T16:14:29+00:00","dateModified":"2026-03-31T15:46:06+00:00","breadcrumb":{"@id":"https:\/\/www.suzuki.ca\/fr\/atv\/#breadcrumb"},"inLanguage":"fr-FR","potentialAction":[{"@type":"ReadAction","target":["https:\/\/www.suzuki.ca\/fr\/atv\/"]}]},{"@type":"BreadcrumbList","@id":"https:\/\/www.suzuki.ca\/fr\/atv\/#breadcrumb","itemListElement":[{"@type":"ListItem","position":1,"name":"Accueil","item":"https:\/\/www.suzuki.ca\/fr\/"},{"@type":"ListItem","position":2,"name":"VTT"}]},{"@type":"WebSite","@id":"https:\/\/www.suzuki.ca\/#website","url":"https:\/\/www.suzuki.ca\/","name":"Suzuki Canada Inc.","description":"The Official Home of Suzuki Canada Motorcycle, ATV, and Marine models and accessories.","publisher":{"@id":"https:\/\/www.suzuki.ca\/#organization"},"potentialAction":[{"@type":"SearchAction","target":{"@type":"EntryPoint","urlTemplate":"https:\/\/www.suzuki.ca\/?s={search_term_string}"},"query-input":{"@type":"PropertyValueSpecification","valueRequired":true,"valueName":"search_term_string"}}],"inLanguage":"fr-FR"},{"@type":"Organization","@id":"https:\/\/www.suzuki.ca\/#organization","name":"Suzuki Canada Inc.","url":"https:\/\/www.suzuki.ca\/","logo":{"@type":"ImageObject","inLanguage":"fr-FR","@id":"https:\/\/www.suzuki.ca\/#\/schema\/logo\/image\/","url":"https:\/\/www.suzuki.ca\/wp-content\/uploads\/Suzuki_Logo_Parallelogram.svg","contentUrl":"https:\/\/www.suzuki.ca\/wp-content\/uploads\/Suzuki_Logo_Parallelogram.svg","caption":"Suzuki Canada Inc."},"image":{"@id":"https:\/\/www.suzuki.ca\/#\/schema\/logo\/image\/"}}]}},"_links":{"self":[{"href":"https:\/\/www.suzuki.ca\/fr\/wp-json\/wp\/v2\/pages\/3231","targetHints":{"allow":["GET"]}}],"collection":[{"href":"https:\/\/www.suzuki.ca\/fr\/wp-json\/wp\/v2\/pages"}],"about":[{"href":"https:\/\/www.suzuki.ca\/fr\/wp-json\/wp\/v2\/types\/page"}],"author":[{"embeddable":true,"href":"https:\/\/www.suzuki.ca\/fr\/wp-json\/wp\/v2\/users\/1"}],"replies":[{"embeddable":true,"href":"https:\/\/www.suzuki.ca\/fr\/wp-json\/wp\/v2\/comments?post=3231"}],"version-history":[{"count":0,"href":"https:\/\/www.suzuki.ca\/fr\/wp-json\/wp\/v2\/pages\/3231\/revisions"}],"wp:attachment":[{"href":"https:\/\/www.suzuki.ca\/fr\/wp-json\/wp\/v2\/media?parent=3231"}],"curies":[{"name":"wp","href":"https:\/\/api.w.org\/{rel}","templated":true}]}}