{"id":3263,"date":"2019-09-09T11:05:38","date_gmt":"2019-09-09T15:05:38","guid":{"rendered":"https:\/\/www.suzuki.ca\/auto\/faqs\/"},"modified":"2024-05-23T14:49:25","modified_gmt":"2024-05-23T18:49:25","slug":"faqs","status":"publish","type":"page","link":"https:\/\/www.suzuki.ca\/fr\/auto\/faqs\/","title":{"rendered":"FAQs"},"content":{"rendered":"<div class=\"wpb-content-wrapper\"><p>[vc_row el_class=&#8221;masthead image-masthead&#8221; css=&#8221;.vc_custom_1661526097396{background-image: url(https:\/\/www.suzuki.ca\/wp-content\/uploads\/Suzuki-Auto.jpg?id=45324) !important;background-position: center !important;background-repeat: no-repeat !important;background-size: cover !important;}&#8221;][vc_column el_class=&#8221;white-text width-container&#8221;][vc_column_text css=&#8221;.vc_custom_1574353342233{margin-bottom: 0px !important;}&#8221;]<\/p>\n<h1 class=\"mb-0\">Suzuki<br \/>\nAutomobile<\/h1>\n<p>[\/vc_column_text][\/vc_column][\/vc_row][vc_row el_id=&#8221;breadcrumb&#8221;][vc_column el_class=&#8221;p-1&#8243;][vc_column_text css=&#8221;.vc_custom_1568314340446{margin-bottom: 0px !important;}&#8221;]<span><span><a href=\"https:\/\/www.suzuki.ca\/fr\/\">Accueil<\/a><\/span><\/span>[\/vc_column_text][\/vc_column][\/vc_row][vc_row el_class=&#8221;py-5 py-lg-6 width-container&#8221;][vc_column][vc_column_text css=&#8221;.vc_custom_1574353356709{margin-bottom: 0px !important;}&#8221; el_class=&#8221;pb-5 pb-lg-6 d-none d-lg-block&#8221;]<\/p>\n<p style=\"text-align: center;\"><span style=\"font-weight: 400;\">Vous \u00eates couvert d\u00e8s le d\u00e9but. Vous trouverez les Conditions g\u00e9n\u00e9rales compl\u00e8tes de votre Garantie automobile Suzuki Canada dans le manuel d\u2019entretien fourni avec votre v\u00e9hicule ou dans les Guides de garantie et d\u2019entretien t\u00e9l\u00e9chargeables ci-dessous. <\/span><\/p>\n<p>[\/vc_column_text][vc_raw_html css=&#8221;.vc_custom_1697029978686{margin-bottom: 0px !important;}&#8221;]JTNDZGl2JTIwY2xhc3MlM0QlMjJhdXRvLXRhYiUyMiUzRSUwQSUzQ2ElMjBocmVmJTNEJTIyJTJGZnIlMkZhdXRvJTJGJTIyJTNFU2VydmljZSUyMGF1dG9tb2JpbGUlM0MlMkZhJTNFJTBBJTNDYSUyMGhyZWYlM0QlMjIlMkZmciUyRmF1dG8lMkZ2ZWhpY2xlLWluZm9ybWF0aW9uJTJGJTIyJTNFSW5mb3JtYXRpb25zJTIwc3VyJTIwbGUlMjB2JUMzJUE5aGljdWxlJTNDJTJGYSUzRSUwQSUzQ2ElMjBocmVmJTNEJTIyJTJGZnIlMkZhdXRvJTJGZmFxcyUyRiUyMiUyMGNsYXNzJTNEJTIyYWN0aXZlJTIyJTNFRm9pcmUlMjBhdXglMjBxdWVzdGlvbnMlM0MlMkZhJTNFJTBBJTNDJTJGZGl2JTNF[\/vc_raw_html][\/vc_column][\/vc_row][vc_row el_class=&#8221;width-container pb-5 pb-lg-6 px-0&#8243;][vc_column][vc_column_text el_class=&#8221;text-center&#8221; css=&#8221;.vc_custom_1716490164600{margin-bottom: 0px !important;}&#8221;]<\/p>\n<h2>Automobile Foire aux questions<\/h2>\n<p>[\/vc_column_text][vc_tta_accordion section_title_tag=&#8221;h3&#8243; style=&#8221;modern&#8221; shape=&#8221;square&#8221; color=&#8221;white&#8221; c_icon=&#8221;&#8221; active_section=&#8221;4234424&#8243; collapsible_all=&#8221;true&#8221; el_class=&#8221;pt-5 pt-lg-6&#8243;][vc_tta_section title=&#8221;TROUVER UN POINT DE SERVICE SUZUKI AUTORIS\u00c9 (CONCESSIONNAIRE)&#8221; tab_id=&#8221;where-to-service&#8221;][vc_column_text css=&#8221;.vc_custom_1661524567508{margin-bottom: 0px !important;}&#8221;]Suzuki Canada dispose de centres autoris\u00e9s de pi\u00e8ces et de service partout au Canada pour effectuer l\u2019entretien de votre v\u00e9hicule. Veuillez contacter votre point de service autoris\u00e9 local \u00e0 <a href=\"http:\/\/suzuki.ca\/fr\/find-a-dealer\/\">suzuki.ca\/fr\/find-a-dealer\/<\/a>.[\/vc_column_text][\/vc_tta_section][vc_tta_section title=&#8221;J\u2019AI ACHET\u00c9 UN PRODUIT SUZUKI D\u2019OCCASION ET J\u2019AI BESOIN D\u2019UN MANUEL DU PROPRI\u00c9TAIRE. COMMENT PUIS-JE EN OBTENIR UN?&#8221; tab_id=&#8221;1661524576478-170b2e70-5b47&#8243;][vc_column_text css=&#8221;.vc_custom_1661524609171{margin-bottom: 0px !important;}&#8221;]Des manuels de remplacement peuvent \u00eatre command\u00e9s aupr\u00e8s du service des pi\u00e8ces de votre point de service Suzuki.[\/vc_column_text][\/vc_tta_section][vc_tta_section title=&#8221;JE DOIS FAIRE EFFECTUER DES R\u00c9PARATIONS SOUS GARANTIE SUR MON V\u00c9HICULE ET JE N\u2019HABITE PAS PR\u00c8S DU POINT DE SERVICE. QU\u2019EST-CE QUE JE FAIS?&#8221; tab_id=&#8221;1661524619946-d3b3b88d-96cf&#8221;][vc_column_text css=&#8221;.vc_custom_1661524659100{margin-bottom: 0px !important;}&#8221;]Les rappels ou les r\u00e9parations doivent \u00eatre effectu\u00e9s dans un point de service Suzuki autoris\u00e9 (chez un concessionnaire). Veuillez contacter le centre de service Suzuki le plus proche pour prendre rendez-vous. Pour obtenir de l\u2019aide afin de trouver un point de service, veuillez visiter <a href=\"http:\/\/suzuki.ca\/fr\/find-a-dealer\/\">suzuki.ca\/fr\/find-a-dealer\/<\/a>.[\/vc_column_text][\/vc_tta_section][vc_tta_section title=&#8221;QUELLE EST LA DUR\u00c9E DE LA GARANTIE DE MA VOITURE? QU\u2019EST-CE QUI EST COUVERT ET QU\u2019EST-CE QUI NE L\u2019EST PAS?&#8221; tab_id=&#8221;1661524668001-8e0d541f-4ecf&#8221;][vc_column_text css=&#8221;.vc_custom_1661524706669{margin-bottom: 0px !important;}&#8221;]Tous les v\u00e9hicules Suzuki neufs sont couverts par une garantie limit\u00e9e de 3 ans ou 60 000 km sur les v\u00e9hicules neufs, une garantie de 5 ans ou 100 000 km sur le groupe motopropulseur et une assistance routi\u00e8re de 3 ans avec kilom\u00e9trage illimit\u00e9. Cependant, Suzuki n\u2019offre plus de garanties prolong\u00e9es sur les v\u00e9hicules d\u2019occasion. Pour obtenir des d\u00e9tails complets sur ce qui est couvert et ce qui ne l\u2019est pas pour votre v\u00e9hicule particulier, veuillez consulter le livret de garantie et d\u2019information sur l\u2019entretien de votre v\u00e9hicule neuf fourni avec votre v\u00e9hicule.[\/vc_column_text][\/vc_tta_section][vc_tta_section title=&#8221;SI J\u2019AI BESOIN D\u2019UNE ASSISTANCE TECHNIQUE, QUI PUIS-JE APPELER?&#8221; tab_id=&#8221;1661524720142-0250bc35-653d&#8221;][vc_column_text css=&#8221;.vc_custom_1661524740647{margin-bottom: 0px !important;}&#8221;]Contactez votre point de service Suzuki autoris\u00e9 et prenez rendez-vous. Ses techniciens de service sont form\u00e9s aux produits Suzuki et sont les mieux \u00e0 m\u00eame de r\u00e9pondre \u00e0 toutes vos questions.[\/vc_column_text][\/vc_tta_section][vc_tta_section title=&#8221;J\u2019AI PERDU MES CL\u00c9S DE VOITURE, COMMENT PUIS-JE OBTENIR LE CODE DE CL\u00c9?&#8221; tab_id=&#8221;1661524820135-857ded54-913b&#8221;][vc_column_text css=&#8221;.vc_custom_1661524862228{margin-bottom: 0px !important;}&#8221;]Contactez votre point de service Suzuki pour obtenir votre code de cl\u00e9. Vous devrez toutefois vous rendre au point de service le plus proche et pr\u00e9senter une preuve de propri\u00e9t\u00e9 de votre v\u00e9hicule.[\/vc_column_text][\/vc_tta_section][vc_tta_section title=&#8221;J\u2019AI EU UN D\u00c9SACCORD AVEC MON POINT DE SERVICE AU SUJET DE LA GARANTIE. \u00c0 QUI PUIS-JE M\u2019ADRESSER?&#8221; tab_id=&#8221;1661524895051-cd7a8b35-0e2f&#8221;][vc_column_text css=&#8221;.vc_custom_1661524988389{margin-bottom: 0px !important;}&#8221;]Les litiges sont g\u00e9n\u00e9ralement mieux r\u00e9solus au point de service autoris\u00e9 de Suzuki. Vous pouvez porter votre m\u00e9contentement \u00e0 l\u2019attention de l\u2019un des gestionnaires. Si le probl\u00e8me n\u2019est toujours pas r\u00e9solu, vous devez contacter le propri\u00e9taire du point de service autoris\u00e9. S\u2019il ne peut pas r\u00e9soudre le probl\u00e8me, veuillez contacter le service des relations avec la client\u00e8le de Suzuki Canada. Le num\u00e9ro de t\u00e9l\u00e9phone est le 1-866-828-7252 ou vous pouvez nous envoyer un courriel \u00e0 <a href=\"mailto:customerservice@suzuki.ca\">customerservice@suzuki.ca<\/a>.[\/vc_column_text][\/vc_tta_section][vc_tta_section title=&#8221;J\u2019AIMERAIS IMPORTER UN PRODUIT SUZUKI DEPUIS LES \u00c9TATS-UNIS. DE QUOI AI-JE BESOIN?&#8221; tab_id=&#8221;1661525009286-00e49722-09e0&#8243;][vc_column_text css=&#8221;.vc_custom_1661525035659{margin-bottom: 0px !important;}&#8221;]Pour importer un produit au Canada depuis les \u00c9tats-Unis, vous aurez besoin d\u2019une lettre de conformit\u00e9 et d\u2019une lettre d\u2019autorisation de rappel du fabricant du pays de la vente initiale. Communiquez avec Suzuki Motor of America Inc. au 1-800-934-0934 pour obtenir de l\u2019aide.[\/vc_column_text][\/vc_tta_section][vc_tta_section title=&#8221;JE VOUDRAIS EXPORTER UN PRODUIT SUZUKI AUX \u00c9TATS-UNIS. DE QUOI AI-JE BESOIN?&#8221; tab_id=&#8221;1661525066972-a02584a1-7688&#8243;][vc_column_text css=&#8221;.vc_custom_1661529315745{margin-bottom: 0px !important;}&#8221;]Pour apporter un produit du Canada aux \u00c9tats-Unis, vous devez obtenir une lettre de conformit\u00e9 et une lettre officielle de rappel de Suzuki Canada. Suzuki Canada \u00e9crira une lettre aux citoyens ou r\u00e9sidents canadiens qui d\u00e9m\u00e9nagent aux \u00c9tats-Unis et qui apporteront leurs produits Suzuki.<\/p>\n<p>Pour demander cette lettre, veuillez envoyer votre nom, votre num\u00e9ro de t\u00e9l\u00e9phone, votre adresse postale compl\u00e8te, le NIV (num\u00e9ro de s\u00e9rie \u00e0 17 chiffres) de votre produit Suzuki et une copie d\u2019une pi\u00e8ce d\u2019identit\u00e9 avec photo prouvant votre citoyennet\u00e9 canadienne ou votre r\u00e9sidence (permis de conduire) \u00e0 <a href=\"mailto:customerservice@suzuki.ca\">customerservice@suzuki.ca<\/a>.[\/vc_column_text][\/vc_tta_section][vc_tta_section title=&#8221;J\u2019AIMERAIS IMPORTER UN PRODUIT SUZUKI D\u2019OUTRE-MER. DE QUOI AI-JE BESOIN POUR LE FAIRE?&#8221; tab_id=&#8221;1661525163557-caac4ee1-6f41&#8243;][vc_column_text css=&#8221;.vc_custom_1661529356596{margin-bottom: 0px !important;}&#8221;]Pour en savoir plus sur l\u2019importation de v\u00e9hicules, consultez le Registraire des v\u00e9hicules import\u00e9s \u00e0 l\u2019adresse : <a href=\"http:\/\/www.riv.ca\" target=\"_blank\" rel=\"noopener\">www.riv.ca<\/a>.[\/vc_column_text][\/vc_tta_section][vc_tta_section title=&#8221;J\u2019AIMERAIS EXPORTER UN PRODUIT CANADIEN OUTRE-MER. QUE DOIS-JE FAIRE?&#8221; tab_id=&#8221;1661525288257-280d5e63-1513&#8243;][vc_column_text css=&#8221;.vc_custom_1661529379720{margin-bottom: 0px !important;}&#8221;]Suzuki Canada ne peut fournir d\u2019aide pour l\u2019exportation d\u2019un v\u00e9hicule en dehors de l\u2019Am\u00e9rique du Nord. Selon les exigences du pays de destination, vous pouvez trouver les renseignements n\u00e9cessaires dans votre manuel du propri\u00e9taire.[\/vc_column_text][\/vc_tta_section][vc_tta_section title=&#8221;PUIS-JE TRACTER UNE REMORQUE DERRI\u00c8RE MON V\u00c9HICULE?&#8221; tab_id=&#8221;1661525424927-9924ca3b-1ae9&#8243;][vc_column_text css=&#8221;.vc_custom_1661529393794{margin-bottom: 0px !important;}&#8221;]Consultez la rubrique \u00ab Chargement du v\u00e9hicule et remorquage \u00bb de votre manuel du propri\u00e9taire. REMARQUE : Certains v\u00e9hicules Suzuki ne sont pas con\u00e7us pour le remorquage.[\/vc_column_text][\/vc_tta_section][vc_tta_section title=&#8221;PUIS-JE REMORQUER MON V\u00c9HICULE DERRI\u00c8RE MON AUTOCARAVANE?&#8221; tab_id=&#8221;1661525485768-4d8d33d1-68e0&#8243;][vc_column_text css=&#8221;.vc_custom_1661529417580{margin-bottom: 0px !important;}&#8221;]Consultez la rubrique \u00ab Chargement du v\u00e9hicule et remorquage \u00bb de votre manuel du propri\u00e9taire.[\/vc_column_text][\/vc_tta_section][vc_tta_section title=&#8221;J\u2019AI R\u00c9CEMMENT D\u00c9M\u00c9NAG\u00c9 ET J\u2019AI BESOIN DE CHANGER L\u2019ADRESSE INSCRITE \u00c0 MON DOSSIER. COMMENT PUIS-JE VOUS EN INFORMER?&#8221; tab_id=&#8221;1661525527932-aebf3c23-e339&#8243;][vc_column_text css=&#8221;.vc_custom_1661529438166{margin-bottom: 0px !important;}&#8221;]Envoyez un courriel \u00e0 l\u2019adresse : <a href=\"mailto:customerservice@suzuki.ca\">customerservice@suzuki.ca<\/a>, en indiquant votre nom complet, votre ancienne adresse, votre nouvelle adresse et votre nouveau num\u00e9ro de t\u00e9l\u00e9phone (s\u2019il a chang\u00e9). Assurez-vous d\u2019inclure le num\u00e9ro d\u2019identification de v\u00e9hicule (NIV) complet (num\u00e9ro de s\u00e9rie \u00e0 17 chiffres) situ\u00e9 en bas \u00e0 gauche du pare-brise de votre produit Suzuki afin que nous puissions acc\u00e9der facilement \u00e0 vos renseignements.[\/vc_column_text][\/vc_tta_section][vc_tta_section title=&#8221;O\u00d9 PUIS-JE ACHETER DES PI\u00c8CES SUZUKI D\u2019ORIGINE?&#8221; tab_id=&#8221;1661525575172-3de6ddad-715b&#8221;][vc_column_text css=&#8221;.vc_custom_1661529478610{margin-bottom: 0px !important;}&#8221;]Les pi\u00e8ces sont offertes dans tous les points de service Suzuki autoris\u00e9s. Veuillez contacter le point de service le plus proche pour obtenir les pi\u00e8ces dont vous avez besoin. Trouvez un concessionnaire \u00e0 <a href=\"http:\/\/suzuki.ca\/fr\/find-a-dealer\/\" target=\"_blank\" rel=\"noopener\">suzuki.ca\/fr\/find-a-dealer\/<\/a>.[\/vc_column_text][\/vc_tta_section][\/vc_tta_accordion][\/vc_column][\/vc_row]<\/p>\n<\/div>","protected":false},"excerpt":{"rendered":"<p>\u2026 <a class=\"blog-readmore\" href=\"https:\/\/www.suzuki.ca\/fr\/auto\/faqs\/\">Continuez \u00e0 lire ><\/a><\/p>\n","protected":false},"author":1,"featured_media":0,"parent":3262,"menu_order":0,"comment_status":"closed","ping_status":"closed","template":"","meta":{"_acf_changed":false,"site-sidebar-layout":"no-sidebar","site-content-layout":"page-builder","ast-site-content-layout":"full-width-container","site-content-style":"unboxed","site-sidebar-style":"unboxed","ast-global-header-display":"","ast-banner-title-visibility":"","ast-main-header-display":"","ast-hfb-above-header-display":"","ast-hfb-below-header-display":"","ast-hfb-mobile-header-display":"","site-post-title":"disabled","ast-breadcrumbs-content":"","ast-featured-img":"","footer-sml-layout":"","ast-disable-related-posts":"","theme-transparent-header-meta":"default","adv-header-id-meta":"","stick-header-meta":"default","header-above-stick-meta":"","header-main-stick-meta":"","header-below-stick-meta":"","astra-migrate-meta-layouts":"set","ast-page-background-enabled":"default","ast-page-background-meta":{"desktop":{"background-color":"","background-image":"","background-repeat":"repeat","background-position":"center center","background-size":"auto","background-attachment":"scroll","background-type":"","background-media":"","overlay-type":"","overlay-color":"","overlay-opacity":"","overlay-gradient":""},"tablet":{"background-color":"","background-image":"","background-repeat":"repeat","background-position":"center center","background-size":"auto","background-attachment":"scroll","background-type":"","background-media":"","overlay-type":"","overlay-color":"","overlay-opacity":"","overlay-gradient":""},"mobile":{"background-color":"","background-image":"","background-repeat":"repeat","background-position":"center center","background-size":"auto","background-attachment":"scroll","background-type":"","background-media":"","overlay-type":"","overlay-color":"","overlay-opacity":"","overlay-gradient":""}},"ast-content-background-meta":{"desktop":{"background-color":"var(--ast-global-color-5)","background-image":"","background-repeat":"repeat","background-position":"center center","background-size":"auto","background-attachment":"scroll","background-type":"","background-media":"","overlay-type":"","overlay-color":"","overlay-opacity":"","overlay-gradient":""},"tablet":{"background-color":"var(--ast-global-color-5)","background-image":"","background-repeat":"repeat","background-position":"center center","background-size":"auto","background-attachment":"scroll","background-type":"","background-media":"","overlay-type":"","overlay-color":"","overlay-opacity":"","overlay-gradient":""},"mobile":{"background-color":"var(--ast-global-color-5)","background-image":"","background-repeat":"repeat","background-position":"center center","background-size":"auto","background-attachment":"scroll","background-type":"","background-media":"","overlay-type":"","overlay-color":"","overlay-opacity":"","overlay-gradient":""}},"footnotes":""},"class_list":["post-3263","page","type-page","status-publish","hentry"],"acf":[],"yoast_head":"<!-- This site is optimized with the Yoast SEO plugin v27.3 - https:\/\/yoast.com\/product\/yoast-seo-wordpress\/ -->\n<title>Suzuki Canada Auto FAQs - Suzuki Canada Inc.<\/title>\n<meta name=\"description\" content=\"See a full list of FAQs for Suzuki Canada Auto.\" \/>\n<meta name=\"robots\" content=\"index, follow, max-snippet:-1, max-image-preview:large, max-video-preview:-1\" \/>\n<link rel=\"canonical\" href=\"https:\/\/www.suzuki.ca\/fr\/auto\/faqs\/\" \/>\n<meta property=\"og:locale\" content=\"fr_FR\" \/>\n<meta property=\"og:type\" content=\"article\" \/>\n<meta property=\"og:title\" content=\"Suzuki Canada Auto FAQs - Suzuki Canada Inc.\" \/>\n<meta property=\"og:description\" content=\"See a full list of FAQs for Suzuki Canada Auto.\" \/>\n<meta property=\"og:url\" content=\"https:\/\/www.suzuki.ca\/fr\/auto\/faqs\/\" \/>\n<meta property=\"og:site_name\" content=\"Suzuki Canada Inc.\" \/>\n<meta property=\"article:modified_time\" content=\"2024-05-23T18:49:25+00:00\" \/>\n<meta name=\"twitter:card\" content=\"summary_large_image\" \/>\n<meta name=\"twitter:label1\" content=\"Est. reading time\" \/>\n\t<meta name=\"twitter:data1\" content=\"5 minutes\" \/>\n<script type=\"application\/ld+json\" class=\"yoast-schema-graph\">{\"@context\":\"https:\\\/\\\/schema.org\",\"@graph\":[{\"@type\":\"WebPage\",\"@id\":\"https:\\\/\\\/www.suzuki.ca\\\/fr\\\/auto\\\/faqs\\\/\",\"url\":\"https:\\\/\\\/www.suzuki.ca\\\/fr\\\/auto\\\/faqs\\\/\",\"name\":\"Suzuki Canada Auto FAQs - Suzuki Canada Inc.\",\"isPartOf\":{\"@id\":\"https:\\\/\\\/www.suzuki.ca\\\/#website\"},\"datePublished\":\"2019-09-09T15:05:38+00:00\",\"dateModified\":\"2024-05-23T18:49:25+00:00\",\"description\":\"See a full list of FAQs for Suzuki Canada Auto.\",\"breadcrumb\":{\"@id\":\"https:\\\/\\\/www.suzuki.ca\\\/fr\\\/auto\\\/faqs\\\/#breadcrumb\"},\"inLanguage\":\"fr-FR\",\"potentialAction\":[{\"@type\":\"ReadAction\",\"target\":[\"https:\\\/\\\/www.suzuki.ca\\\/fr\\\/auto\\\/faqs\\\/\"]}]},{\"@type\":\"BreadcrumbList\",\"@id\":\"https:\\\/\\\/www.suzuki.ca\\\/fr\\\/auto\\\/faqs\\\/#breadcrumb\",\"itemListElement\":[{\"@type\":\"ListItem\",\"position\":1,\"name\":\"Accueil\",\"item\":\"https:\\\/\\\/www.suzuki.ca\\\/fr\\\/\"},{\"@type\":\"ListItem\",\"position\":2,\"name\":\"Auto\",\"item\":\"https:\\\/\\\/www.suzuki.ca\\\/fr\\\/auto\\\/\"},{\"@type\":\"ListItem\",\"position\":3,\"name\":\"FAQs\"}]},{\"@type\":\"WebSite\",\"@id\":\"https:\\\/\\\/www.suzuki.ca\\\/#website\",\"url\":\"https:\\\/\\\/www.suzuki.ca\\\/\",\"name\":\"Suzuki Canada Inc.\",\"description\":\"The Official Home of Suzuki Canada Motorcycle, ATV, and Marine models and accessories.\",\"publisher\":{\"@id\":\"https:\\\/\\\/www.suzuki.ca\\\/#organization\"},\"potentialAction\":[{\"@type\":\"SearchAction\",\"target\":{\"@type\":\"EntryPoint\",\"urlTemplate\":\"https:\\\/\\\/www.suzuki.ca\\\/?s={search_term_string}\"},\"query-input\":{\"@type\":\"PropertyValueSpecification\",\"valueRequired\":true,\"valueName\":\"search_term_string\"}}],\"inLanguage\":\"fr-FR\"},{\"@type\":\"Organization\",\"@id\":\"https:\\\/\\\/www.suzuki.ca\\\/#organization\",\"name\":\"Suzuki Canada Inc.\",\"url\":\"https:\\\/\\\/www.suzuki.ca\\\/\",\"logo\":{\"@type\":\"ImageObject\",\"inLanguage\":\"fr-FR\",\"@id\":\"https:\\\/\\\/www.suzuki.ca\\\/#\\\/schema\\\/logo\\\/image\\\/\",\"url\":\"https:\\\/\\\/www.suzuki.ca\\\/wp-content\\\/uploads\\\/Suzuki_Logo_Parallelogram.svg\",\"contentUrl\":\"https:\\\/\\\/www.suzuki.ca\\\/wp-content\\\/uploads\\\/Suzuki_Logo_Parallelogram.svg\",\"caption\":\"Suzuki Canada Inc.\"},\"image\":{\"@id\":\"https:\\\/\\\/www.suzuki.ca\\\/#\\\/schema\\\/logo\\\/image\\\/\"}}]}<\/script>\n<!-- \/ Yoast SEO plugin. -->","yoast_head_json":{"title":"Suzuki Canada Auto FAQs - Suzuki Canada Inc.","description":"See a full list of FAQs for Suzuki Canada Auto.","robots":{"index":"index","follow":"follow","max-snippet":"max-snippet:-1","max-image-preview":"max-image-preview:large","max-video-preview":"max-video-preview:-1"},"canonical":"https:\/\/www.suzuki.ca\/fr\/auto\/faqs\/","og_locale":"fr_FR","og_type":"article","og_title":"Suzuki Canada Auto FAQs - Suzuki Canada Inc.","og_description":"See a full list of FAQs for Suzuki Canada Auto.","og_url":"https:\/\/www.suzuki.ca\/fr\/auto\/faqs\/","og_site_name":"Suzuki Canada Inc.","article_modified_time":"2024-05-23T18:49:25+00:00","twitter_card":"summary_large_image","twitter_misc":{"Est. reading time":"5 minutes"},"schema":{"@context":"https:\/\/schema.org","@graph":[{"@type":"WebPage","@id":"https:\/\/www.suzuki.ca\/fr\/auto\/faqs\/","url":"https:\/\/www.suzuki.ca\/fr\/auto\/faqs\/","name":"Suzuki Canada Auto FAQs - Suzuki Canada Inc.","isPartOf":{"@id":"https:\/\/www.suzuki.ca\/#website"},"datePublished":"2019-09-09T15:05:38+00:00","dateModified":"2024-05-23T18:49:25+00:00","description":"See a full list of FAQs for Suzuki Canada Auto.","breadcrumb":{"@id":"https:\/\/www.suzuki.ca\/fr\/auto\/faqs\/#breadcrumb"},"inLanguage":"fr-FR","potentialAction":[{"@type":"ReadAction","target":["https:\/\/www.suzuki.ca\/fr\/auto\/faqs\/"]}]},{"@type":"BreadcrumbList","@id":"https:\/\/www.suzuki.ca\/fr\/auto\/faqs\/#breadcrumb","itemListElement":[{"@type":"ListItem","position":1,"name":"Accueil","item":"https:\/\/www.suzuki.ca\/fr\/"},{"@type":"ListItem","position":2,"name":"Auto","item":"https:\/\/www.suzuki.ca\/fr\/auto\/"},{"@type":"ListItem","position":3,"name":"FAQs"}]},{"@type":"WebSite","@id":"https:\/\/www.suzuki.ca\/#website","url":"https:\/\/www.suzuki.ca\/","name":"Suzuki Canada Inc.","description":"The Official Home of Suzuki Canada Motorcycle, ATV, and Marine models and accessories.","publisher":{"@id":"https:\/\/www.suzuki.ca\/#organization"},"potentialAction":[{"@type":"SearchAction","target":{"@type":"EntryPoint","urlTemplate":"https:\/\/www.suzuki.ca\/?s={search_term_string}"},"query-input":{"@type":"PropertyValueSpecification","valueRequired":true,"valueName":"search_term_string"}}],"inLanguage":"fr-FR"},{"@type":"Organization","@id":"https:\/\/www.suzuki.ca\/#organization","name":"Suzuki Canada Inc.","url":"https:\/\/www.suzuki.ca\/","logo":{"@type":"ImageObject","inLanguage":"fr-FR","@id":"https:\/\/www.suzuki.ca\/#\/schema\/logo\/image\/","url":"https:\/\/www.suzuki.ca\/wp-content\/uploads\/Suzuki_Logo_Parallelogram.svg","contentUrl":"https:\/\/www.suzuki.ca\/wp-content\/uploads\/Suzuki_Logo_Parallelogram.svg","caption":"Suzuki Canada Inc."},"image":{"@id":"https:\/\/www.suzuki.ca\/#\/schema\/logo\/image\/"}}]}},"_links":{"self":[{"href":"https:\/\/www.suzuki.ca\/fr\/wp-json\/wp\/v2\/pages\/3263","targetHints":{"allow":["GET"]}}],"collection":[{"href":"https:\/\/www.suzuki.ca\/fr\/wp-json\/wp\/v2\/pages"}],"about":[{"href":"https:\/\/www.suzuki.ca\/fr\/wp-json\/wp\/v2\/types\/page"}],"author":[{"embeddable":true,"href":"https:\/\/www.suzuki.ca\/fr\/wp-json\/wp\/v2\/users\/1"}],"replies":[{"embeddable":true,"href":"https:\/\/www.suzuki.ca\/fr\/wp-json\/wp\/v2\/comments?post=3263"}],"version-history":[{"count":0,"href":"https:\/\/www.suzuki.ca\/fr\/wp-json\/wp\/v2\/pages\/3263\/revisions"}],"up":[{"embeddable":true,"href":"https:\/\/www.suzuki.ca\/fr\/wp-json\/wp\/v2\/pages\/3262"}],"wp:attachment":[{"href":"https:\/\/www.suzuki.ca\/fr\/wp-json\/wp\/v2\/media?parent=3263"}],"curies":[{"name":"wp","href":"https:\/\/api.w.org\/{rel}","templated":true}]}}