{"id":3264,"date":"2019-09-09T10:17:54","date_gmt":"2019-09-09T14:17:54","guid":{"rendered":"https:\/\/www.suzuki.ca\/auto\/warranties\/"},"modified":"2024-09-10T10:01:13","modified_gmt":"2024-09-10T14:01:13","slug":"vehicle-information","status":"publish","type":"page","link":"https:\/\/www.suzuki.ca\/fr\/auto\/vehicle-information\/","title":{"rendered":"Informations sur le v\u00e9hicule"},"content":{"rendered":"<div class=\"wpb-content-wrapper\"><p>[vc_row el_class=&#8221;masthead image-masthead&#8221; css=&#8221;.vc_custom_1661526251457{background-image: url(https:\/\/www.suzuki.ca\/wp-content\/uploads\/Suzuki-Auto.jpg?id=45324) !important;background-position: center !important;background-repeat: no-repeat !important;background-size: cover !important;}&#8221;][vc_column el_class=&#8221;white-text width-container&#8221;][vc_column_text css=&#8221;.vc_custom_1574352276784{margin-bottom: 0px !important;}&#8221;]<\/p>\n<h1 class=\"mb-0\">Suzuki<br \/>\nAutomobile<\/h1>\n<p>[\/vc_column_text][\/vc_column][\/vc_row][vc_row el_id=&#8221;breadcrumb&#8221;][vc_column el_class=&#8221;p-1&#8243;][vc_column_text css=&#8221;.vc_custom_1568314340446{margin-bottom: 0px !important;}&#8221;]<span><span><a href=\"https:\/\/www.suzuki.ca\/fr\/\">Accueil<\/a><\/span><\/span>[\/vc_column_text][\/vc_column][\/vc_row][vc_row el_class=&#8221;py-5 py-lg-6 width-container&#8221;][vc_column][vc_column_text css=&#8221;.vc_custom_1574352304464{margin-bottom: 0px !important;}&#8221; el_class=&#8221;pb-5 pb-lg-6 d-none d-lg-block&#8221;]<\/p>\n<p style=\"text-align: center;\"><span style=\"font-weight: 400;\">Bienvenue dans la famille de propri\u00e9taires Suzuki, et merci d\u2019avoir choisi votre v\u00e9hicule Suzuki parmi la grande vari\u00e9t\u00e9 de marques et de mod\u00e8les disponibles aujourd\u2019hui. Lorsque l\u2019on fabrique des voitures et des camions de cette qualit\u00e9, les accompagner d\u2019un service professionnel et d\u2019une excellente garantie ne pose aucun probl\u00e8me. D\u00e9couvrez-en plus sur la propri\u00e9t\u00e9 Suzuki, les concessionnaires locaux et la garantie sur les produits. <\/span><\/p>\n<p>[\/vc_column_text][vc_raw_html css=&#8221;.vc_custom_1725976871547{margin-bottom: 0px !important;}&#8221;]JTNDZGl2JTIwY2xhc3MlM0QlMjJhdXRvLXRhYiUyMiUzRSUwQSUzQ2ElMjBocmVmJTNEJTIyJTJGZnIlMkZhdXRvJTJGJTIyJTNFU2VydmljZSUyMGF1dG9tb2JpbGUlM0MlMkZhJTNFJTBBJTNDYSUyMGhyZWYlM0QlMjIlMkZmciUyRmF1dG8lMkZ2ZWhpY2xlLWluZm9ybWF0aW9uJTJGJTIyJTIwY2xhc3MlM0QlMjJhY3RpdmUlMjIlM0VJbmZvcm1hdGlvbnMlMjBzdXIlMjBsZSUyMHYlQzMlQTloaWN1bGUlM0MlMkZhJTNFJTBBJTNDYSUyMGhyZWYlM0QlMjIlMkZmciUyRmF1dG8lMkZmYXFzJTJGJTIyJTNFRm9pcmUlMjBhdXglMjBxdWVzdGlvbnMlM0MlMkZhJTNFJTBBJTNDJTJGZGl2JTNF[\/vc_raw_html][\/vc_column][\/vc_row][vc_row el_class=&#8221;width-container&#8221;][vc_column][vc_column_text css=&#8221;.vc_custom_1716490422648{margin-bottom: 0px !important;}&#8221; el_class=&#8221;text-center&#8221;]<\/p>\n<h2>Renseignements sur le v\u00e9hicule<\/h2>\n<p>[\/vc_column_text][vc_row_inner el_class=&#8221;py-5 py-lg-6 d-lg-flex text-center-mobile&#8221;][vc_column_inner el_class=&#8221;pr-lg-4 pl-lg-0&#8243; offset=&#8221;vc_col-md-6&#8243;][vc_column_text css=&#8221;.vc_custom_1661457314574{margin-bottom: 0px !important;}&#8221; el_class=&#8221;italic pb-3&#8243;]<\/p>\n<h3>Vous \u00eates couvert d\u00e8s le d\u00e9but<\/h3>\n<p>[\/vc_column_text][vc_column_text]Vous trouverez les Conditions g\u00e9n\u00e9rales compl\u00e8tes de votre Garantie automobile Suzuki Canada dans le manuel d\u2019entretien fourni avec votre v\u00e9hicule ou dans les Guides de garantie et d\u2019entretien t\u00e9l\u00e9chargeables ci-dessous.[\/vc_column_text][vc_column_text css=&#8221;.vc_custom_1579032722245{margin-bottom: 0px !important;}&#8221; el_class=&#8221;pb-2&#8243;]<\/p>\n<h4>BROCHURES DE GARANTIE<\/h4>\n<p>T\u00e9l\u00e9charger les brochures de garantie ci-dessous :[\/vc_column_text][vc_column_text el_class=&#8221;blue-link&#8221;]<a href=\"https:\/\/www.suzuki.ca\/wp-content\/uploads\/2008VehicleWarrantyInformationF.pdf\" target=\"_blank\" rel=\"noopener noreferrer\">2008<\/a> | <a href=\"https:\/\/www.suzuki.ca\/wp-content\/uploads\/2009-New-Vehicle-Warranty-InformationF.pdf\" target=\"_blank\" rel=\"noopener noreferrer\">2009<\/a> | <a href=\"https:\/\/www.suzuki.ca\/wp-content\/uploads\/2010_New_Vehicle_Warranty_InformationF.pdf\" target=\"_blank\" rel=\"noopener noreferrer\">2010<\/a> | <a href=\"https:\/\/www.suzuki.ca\/wp-content\/uploads\/2011AutoWarrantyBookF.pdf\" target=\"_blank\" rel=\"noopener noreferrer\">2011<\/a> | <a href=\"https:\/\/www.suzuki.ca\/wp-content\/uploads\/2012AutoWarrantyBookF.pdf\" target=\"_blank\" rel=\"noopener noreferrer\">2012<\/a> | <a href=\"https:\/\/www.suzuki.ca\/wp-content\/uploads\/2013AutoWarrantyBookF.pdf\" target=\"_blank\" rel=\"noopener noreferrer\">2013<\/a>[\/vc_column_text][vc_column_text css=&#8221;.vc_custom_1579032744460{margin-bottom: 0px !important;}&#8221; el_class=&#8221;pb-2&#8243;]<\/p>\n<h4>BROCHURES D\u2019ENTRETIEN<\/h4>\n<p>T\u00e9l\u00e9charger les brochures d\u2019entretien ci-dessous :[\/vc_column_text][vc_column_text css=&#8221;.vc_custom_1661456157239{margin-bottom: 0px !important;}&#8221; el_class=&#8221;blue-link&#8221;]<a href=\"https:\/\/www.suzuki.ca\/wp-content\/uploads\/SX4_10-13_Entretien_Normales_Rigoureuses.pd_.pdf\" target=\"_blank\" rel=\"noopener\">SX4 <\/a>| <a href=\"https:\/\/www.suzuki.ca\/wp-content\/uploads\/Grand_Vitara_09-13_Entretien_Normales_Rigoureuses.pd_.pdf\" target=\"_blank\" rel=\"noopener\">GRAND VITARA<\/a> | <a href=\"https:\/\/www.suzuki.ca\/wp-content\/uploads\/Kizashi_11-13_Entretien_Normales_Rigoureuses.pd_.pdf\" target=\"_blank\" rel=\"noopener\">KIZASHI<\/a>[\/vc_column_text][\/vc_column_inner][vc_column_inner el_class=&#8221;pt-5 pt-lg-0 pr-lg-0 pl-lg-4&#8243; offset=&#8221;vc_col-md-6&#8243;][vc_single_image image=&#8221;1130&#8243; img_size=&#8221;full&#8221; alignment=&#8221;center&#8221; el_id=&#8221;warranty-tab&#8221;][\/vc_column_inner][\/vc_row_inner][\/vc_column][\/vc_row]<\/p>\n<\/div>","protected":false},"excerpt":{"rendered":"<p>\u2026 <a class=\"blog-readmore\" href=\"https:\/\/www.suzuki.ca\/fr\/auto\/vehicle-information\/\">Continuez \u00e0 lire ><\/a><\/p>\n","protected":false},"author":1,"featured_media":0,"parent":3262,"menu_order":0,"comment_status":"closed","ping_status":"closed","template":"","meta":{"_acf_changed":false,"site-sidebar-layout":"no-sidebar","site-content-layout":"plain-container","ast-site-content-layout":"normal-width-container","site-content-style":"unboxed","site-sidebar-style":"unboxed","ast-global-header-display":"","ast-banner-title-visibility":"","ast-main-header-display":"","ast-hfb-above-header-display":"","ast-hfb-below-header-display":"","ast-hfb-mobile-header-display":"","site-post-title":"disabled","ast-breadcrumbs-content":"","ast-featured-img":"disabled","footer-sml-layout":"","ast-disable-related-posts":"","theme-transparent-header-meta":"default","adv-header-id-meta":"","stick-header-meta":"default","header-above-stick-meta":"","header-main-stick-meta":"","header-below-stick-meta":"","astra-migrate-meta-layouts":"set","ast-page-background-enabled":"default","ast-page-background-meta":{"desktop":{"background-color":"","background-image":"","background-repeat":"repeat","background-position":"center center","background-size":"auto","background-attachment":"scroll","background-type":"","background-media":"","overlay-type":"","overlay-color":"","overlay-opacity":"","overlay-gradient":""},"tablet":{"background-color":"","background-image":"","background-repeat":"repeat","background-position":"center center","background-size":"auto","background-attachment":"scroll","background-type":"","background-media":"","overlay-type":"","overlay-color":"","overlay-opacity":"","overlay-gradient":""},"mobile":{"background-color":"","background-image":"","background-repeat":"repeat","background-position":"center center","background-size":"auto","background-attachment":"scroll","background-type":"","background-media":"","overlay-type":"","overlay-color":"","overlay-opacity":"","overlay-gradient":""}},"ast-content-background-meta":{"desktop":{"background-color":"var(--ast-global-color-5)","background-image":"","background-repeat":"repeat","background-position":"center center","background-size":"auto","background-attachment":"scroll","background-type":"","background-media":"","overlay-type":"","overlay-color":"","overlay-opacity":"","overlay-gradient":""},"tablet":{"background-color":"var(--ast-global-color-5)","background-image":"","background-repeat":"repeat","background-position":"center center","background-size":"auto","background-attachment":"scroll","background-type":"","background-media":"","overlay-type":"","overlay-color":"","overlay-opacity":"","overlay-gradient":""},"mobile":{"background-color":"var(--ast-global-color-5)","background-image":"","background-repeat":"repeat","background-position":"center center","background-size":"auto","background-attachment":"scroll","background-type":"","background-media":"","overlay-type":"","overlay-color":"","overlay-opacity":"","overlay-gradient":""}},"footnotes":""},"class_list":["post-3264","page","type-page","status-publish","hentry"],"acf":[],"yoast_head":"<!-- This site is optimized with the Yoast SEO plugin v27.3 - https:\/\/yoast.com\/product\/yoast-seo-wordpress\/ -->\n<title>Suzuki Canada Auto Informations sur le v\u00e9hicule - Suzuki Canada Inc.<\/title>\n<meta name=\"robots\" content=\"index, follow, max-snippet:-1, max-image-preview:large, max-video-preview:-1\" \/>\n<link rel=\"canonical\" href=\"https:\/\/www.suzuki.ca\/fr\/auto\/vehicle-information\/\" \/>\n<meta property=\"og:locale\" content=\"fr_FR\" \/>\n<meta property=\"og:type\" content=\"article\" \/>\n<meta property=\"og:title\" content=\"Suzuki Canada Auto Informations sur le v\u00e9hicule - Suzuki Canada Inc.\" \/>\n<meta property=\"og:description\" content=\"\u2026 Continuez \u00e0 lire &gt;\" \/>\n<meta property=\"og:url\" content=\"https:\/\/www.suzuki.ca\/fr\/auto\/vehicle-information\/\" \/>\n<meta property=\"og:site_name\" content=\"Suzuki Canada Inc.\" \/>\n<meta property=\"article:modified_time\" content=\"2024-09-10T14:01:13+00:00\" \/>\n<meta name=\"twitter:card\" content=\"summary_large_image\" \/>\n<meta name=\"twitter:label1\" content=\"Est. reading time\" \/>\n\t<meta name=\"twitter:data1\" content=\"1 minute\" \/>\n<script type=\"application\/ld+json\" class=\"yoast-schema-graph\">{\"@context\":\"https:\\\/\\\/schema.org\",\"@graph\":[{\"@type\":\"WebPage\",\"@id\":\"https:\\\/\\\/www.suzuki.ca\\\/fr\\\/auto\\\/vehicle-information\\\/\",\"url\":\"https:\\\/\\\/www.suzuki.ca\\\/fr\\\/auto\\\/vehicle-information\\\/\",\"name\":\"Suzuki Canada Auto Informations sur le v\u00e9hicule - Suzuki Canada Inc.\",\"isPartOf\":{\"@id\":\"https:\\\/\\\/www.suzuki.ca\\\/#website\"},\"datePublished\":\"2019-09-09T14:17:54+00:00\",\"dateModified\":\"2024-09-10T14:01:13+00:00\",\"breadcrumb\":{\"@id\":\"https:\\\/\\\/www.suzuki.ca\\\/fr\\\/auto\\\/vehicle-information\\\/#breadcrumb\"},\"inLanguage\":\"fr-FR\",\"potentialAction\":[{\"@type\":\"ReadAction\",\"target\":[\"https:\\\/\\\/www.suzuki.ca\\\/fr\\\/auto\\\/vehicle-information\\\/\"]}]},{\"@type\":\"BreadcrumbList\",\"@id\":\"https:\\\/\\\/www.suzuki.ca\\\/fr\\\/auto\\\/vehicle-information\\\/#breadcrumb\",\"itemListElement\":[{\"@type\":\"ListItem\",\"position\":1,\"name\":\"Accueil\",\"item\":\"https:\\\/\\\/www.suzuki.ca\\\/fr\\\/\"},{\"@type\":\"ListItem\",\"position\":2,\"name\":\"Auto\",\"item\":\"https:\\\/\\\/www.suzuki.ca\\\/fr\\\/auto\\\/\"},{\"@type\":\"ListItem\",\"position\":3,\"name\":\"Informations sur le v\u00e9hicule\"}]},{\"@type\":\"WebSite\",\"@id\":\"https:\\\/\\\/www.suzuki.ca\\\/#website\",\"url\":\"https:\\\/\\\/www.suzuki.ca\\\/\",\"name\":\"Suzuki Canada Inc.\",\"description\":\"The Official Home of Suzuki Canada Motorcycle, ATV, and Marine models and accessories.\",\"publisher\":{\"@id\":\"https:\\\/\\\/www.suzuki.ca\\\/#organization\"},\"potentialAction\":[{\"@type\":\"SearchAction\",\"target\":{\"@type\":\"EntryPoint\",\"urlTemplate\":\"https:\\\/\\\/www.suzuki.ca\\\/?s={search_term_string}\"},\"query-input\":{\"@type\":\"PropertyValueSpecification\",\"valueRequired\":true,\"valueName\":\"search_term_string\"}}],\"inLanguage\":\"fr-FR\"},{\"@type\":\"Organization\",\"@id\":\"https:\\\/\\\/www.suzuki.ca\\\/#organization\",\"name\":\"Suzuki Canada Inc.\",\"url\":\"https:\\\/\\\/www.suzuki.ca\\\/\",\"logo\":{\"@type\":\"ImageObject\",\"inLanguage\":\"fr-FR\",\"@id\":\"https:\\\/\\\/www.suzuki.ca\\\/#\\\/schema\\\/logo\\\/image\\\/\",\"url\":\"https:\\\/\\\/www.suzuki.ca\\\/wp-content\\\/uploads\\\/Suzuki_Logo_Parallelogram.svg\",\"contentUrl\":\"https:\\\/\\\/www.suzuki.ca\\\/wp-content\\\/uploads\\\/Suzuki_Logo_Parallelogram.svg\",\"caption\":\"Suzuki Canada Inc.\"},\"image\":{\"@id\":\"https:\\\/\\\/www.suzuki.ca\\\/#\\\/schema\\\/logo\\\/image\\\/\"}}]}<\/script>\n<!-- \/ Yoast SEO plugin. -->","yoast_head_json":{"title":"Suzuki Canada Auto Informations sur le v\u00e9hicule - Suzuki Canada Inc.","robots":{"index":"index","follow":"follow","max-snippet":"max-snippet:-1","max-image-preview":"max-image-preview:large","max-video-preview":"max-video-preview:-1"},"canonical":"https:\/\/www.suzuki.ca\/fr\/auto\/vehicle-information\/","og_locale":"fr_FR","og_type":"article","og_title":"Suzuki Canada Auto Informations sur le v\u00e9hicule - Suzuki Canada Inc.","og_description":"\u2026 Continuez \u00e0 lire >","og_url":"https:\/\/www.suzuki.ca\/fr\/auto\/vehicle-information\/","og_site_name":"Suzuki Canada Inc.","article_modified_time":"2024-09-10T14:01:13+00:00","twitter_card":"summary_large_image","twitter_misc":{"Est. reading time":"1 minute"},"schema":{"@context":"https:\/\/schema.org","@graph":[{"@type":"WebPage","@id":"https:\/\/www.suzuki.ca\/fr\/auto\/vehicle-information\/","url":"https:\/\/www.suzuki.ca\/fr\/auto\/vehicle-information\/","name":"Suzuki Canada Auto Informations sur le v\u00e9hicule - Suzuki Canada Inc.","isPartOf":{"@id":"https:\/\/www.suzuki.ca\/#website"},"datePublished":"2019-09-09T14:17:54+00:00","dateModified":"2024-09-10T14:01:13+00:00","breadcrumb":{"@id":"https:\/\/www.suzuki.ca\/fr\/auto\/vehicle-information\/#breadcrumb"},"inLanguage":"fr-FR","potentialAction":[{"@type":"ReadAction","target":["https:\/\/www.suzuki.ca\/fr\/auto\/vehicle-information\/"]}]},{"@type":"BreadcrumbList","@id":"https:\/\/www.suzuki.ca\/fr\/auto\/vehicle-information\/#breadcrumb","itemListElement":[{"@type":"ListItem","position":1,"name":"Accueil","item":"https:\/\/www.suzuki.ca\/fr\/"},{"@type":"ListItem","position":2,"name":"Auto","item":"https:\/\/www.suzuki.ca\/fr\/auto\/"},{"@type":"ListItem","position":3,"name":"Informations sur le v\u00e9hicule"}]},{"@type":"WebSite","@id":"https:\/\/www.suzuki.ca\/#website","url":"https:\/\/www.suzuki.ca\/","name":"Suzuki Canada Inc.","description":"The Official Home of Suzuki Canada Motorcycle, ATV, and Marine models and accessories.","publisher":{"@id":"https:\/\/www.suzuki.ca\/#organization"},"potentialAction":[{"@type":"SearchAction","target":{"@type":"EntryPoint","urlTemplate":"https:\/\/www.suzuki.ca\/?s={search_term_string}"},"query-input":{"@type":"PropertyValueSpecification","valueRequired":true,"valueName":"search_term_string"}}],"inLanguage":"fr-FR"},{"@type":"Organization","@id":"https:\/\/www.suzuki.ca\/#organization","name":"Suzuki Canada Inc.","url":"https:\/\/www.suzuki.ca\/","logo":{"@type":"ImageObject","inLanguage":"fr-FR","@id":"https:\/\/www.suzuki.ca\/#\/schema\/logo\/image\/","url":"https:\/\/www.suzuki.ca\/wp-content\/uploads\/Suzuki_Logo_Parallelogram.svg","contentUrl":"https:\/\/www.suzuki.ca\/wp-content\/uploads\/Suzuki_Logo_Parallelogram.svg","caption":"Suzuki Canada Inc."},"image":{"@id":"https:\/\/www.suzuki.ca\/#\/schema\/logo\/image\/"}}]}},"_links":{"self":[{"href":"https:\/\/www.suzuki.ca\/fr\/wp-json\/wp\/v2\/pages\/3264","targetHints":{"allow":["GET"]}}],"collection":[{"href":"https:\/\/www.suzuki.ca\/fr\/wp-json\/wp\/v2\/pages"}],"about":[{"href":"https:\/\/www.suzuki.ca\/fr\/wp-json\/wp\/v2\/types\/page"}],"author":[{"embeddable":true,"href":"https:\/\/www.suzuki.ca\/fr\/wp-json\/wp\/v2\/users\/1"}],"replies":[{"embeddable":true,"href":"https:\/\/www.suzuki.ca\/fr\/wp-json\/wp\/v2\/comments?post=3264"}],"version-history":[{"count":0,"href":"https:\/\/www.suzuki.ca\/fr\/wp-json\/wp\/v2\/pages\/3264\/revisions"}],"up":[{"embeddable":true,"href":"https:\/\/www.suzuki.ca\/fr\/wp-json\/wp\/v2\/pages\/3262"}],"wp:attachment":[{"href":"https:\/\/www.suzuki.ca\/fr\/wp-json\/wp\/v2\/media?parent=3264"}],"curies":[{"name":"wp","href":"https:\/\/api.w.org\/{rel}","templated":true}]}}