{"id":3279,"date":"2019-08-29T12:49:24","date_gmt":"2019-08-29T16:49:24","guid":{"rendered":"https:\/\/www.suzuki.ca\/rider-training\/"},"modified":"2024-05-23T15:55:32","modified_gmt":"2024-05-23T19:55:32","slug":"rider-training","status":"publish","type":"page","link":"https:\/\/www.suzuki.ca\/fr\/rider-training\/","title":{"rendered":"Formation de moto"},"content":{"rendered":"<div class=\"wpb-content-wrapper\"><p>[vc_row el_id=&#8221;breadcrumb&#8221;][vc_column el_class=&#8221;p-1&#8243;][vc_column_text css=&#8221;.vc_custom_1568314340446{margin-bottom: 0px !important;}&#8221;]<span><span><a href=\"https:\/\/www.suzuki.ca\/fr\/\">Accueil<\/a><\/span><\/span>[\/vc_column_text][\/vc_column][\/vc_row][vc_row el_class=&#8221;header-space width-container py-5 py-lg-6&#8243;][vc_column][vc_column_text el_class=&#8221;text-center&#8221; css=&#8221;.vc_custom_1716494131449{margin-bottom: 0px !important;}&#8221;]<\/p>\n<h1>Formation de moto<\/h1>\n<p>[\/vc_column_text][vc_column_text el_class=&#8221;pt-4 text-center w-lg-50&#8243; css=&#8221;.vc_custom_1622579461322{margin-bottom: 0px !important;}&#8221;]Am\u00e9liorer votre ma\u00eetrise de la moto est une entreprise amusante et utile qui vous permettra de gagner en confiance aux commandes de votre Suzuki.[\/vc_column_text][\/vc_column][\/vc_row][vc_row el_class=&#8221;width-container px-0 pb-5 pb-lg-6 d-lg-flex&#8221;][vc_column el_class=&#8221;pr-lg-4 pl-lg-0 d-center&#8221; offset=&#8221;vc_col-md-6&#8243;][vc_single_image image=&#8221;38330&#8243; img_size=&#8221;full&#8221; alignment=&#8221;center&#8221; css=&#8221;.vc_custom_1622579268411{margin-bottom: 0px !important;}&#8221;][\/vc_column][vc_column el_class=&#8221;pt-5 pt-lg-0 px-3 pr-lg-0 pl-lg-4 d-center&#8221; offset=&#8221;vc_col-md-6&#8243;][vc_column_text css=&#8221;.vc_custom_1622579478589{margin-bottom: 0px !important;}&#8221;][\/vc_column_text][vc_column_text css=&#8221;.vc_custom_1622579497371{margin-bottom: 0px !important;}&#8221; el_class=&#8221;pt-3 pt-lg-2 pb-4 uppercase&#8221;]<\/p>\n<h2>Prendre le temps de suivre la formation<\/h2>\n<p>[\/vc_column_text][vc_column_text css=&#8221;.vc_custom_1622579568544{margin-bottom: 0px !important;}&#8221;]Le conseil de l\u2019industrie de la motocyclette et du cyclomoteur (CIMC) est une association nationale \u00e0 but non lucratif qui repr\u00e9sente les fabricants et les d\u00e9taillants de motos conformes au code de la route et de produits et services connexes au Canada. Le site Web <a href=\"https:\/\/francais.gomotorcycling.ca\/\">GoMotorcycling.ca<\/a> du CIMC promeut le mode de vie g\u00e9nial associ\u00e9 \u00e0 la conduite de moto et fait office de ressource pour les motocyclistes d\u00e9butants et exp\u00e9riment\u00e9s.<\/p>\n<p>Il est essentiel pour les motocyclistes d\u00e9butants de suivre une formation certifi\u00e9e de moto. Visitez le site Web <a href=\"https:\/\/francais.gomotorcycling.ca\/links-2\/training-schools\/\">GoMotorcycling.ca<\/a> du CIMC pour obtenir plus de renseignements sur les \u00e9coles de moto au Canada.<\/p>\n<p>Faites de votre mieux comme motocycliste, et prenez le temps de suivre une formation.[\/vc_column_text][\/vc_column][\/vc_row][vc_row][vc_column]<div class=\"ult-spacer spacer-69d364e09c8bd\" data-id=\"69d364e09c8bd\" data-height=\"25\" data-height-mobile=\"25\" data-height-tab=\"25\" data-height-tab-portrait=\"\" data-height-mobile-landscape=\"\" style=\"clear:both;display:block;\"><\/div>[\/vc_column][\/vc_row][vc_row el_class=&#8221;width-container px-0 pb-5 pb-lg-6 d-lg-flex&#8221;][vc_column el_class=&#8221;pl-lg-4 pr-lg-0 order-last d-center&#8221; offset=&#8221;vc_col-md-6&#8243;][vc_single_image image=&#8221;38332&#8243; img_size=&#8221;full&#8221; alignment=&#8221;center&#8221; css=&#8221;.vc_custom_1622579647073{margin-bottom: 0px !important;}&#8221;][\/vc_column][vc_column el_class=&#8221;pt-5 pt-lg-0 px-3 pl-lg-0 pr-lg-4 d-center&#8221; offset=&#8221;vc_col-md-6&#8243;][vc_column_text css=&#8221;.vc_custom_1622579745448{margin-bottom: 0px !important;}&#8221;][\/vc_column_text][vc_column_text css=&#8221;.vc_custom_1622579630203{margin-bottom: 0px !important;}&#8221; el_class=&#8221;pt-3 pt-lg-2 pb-4 uppercase&#8221;]<\/p>\n<h2>Pacific Riding School<\/h2>\n<p>[\/vc_column_text][vc_column_text css=&#8221;.vc_custom_1622744531878{margin-bottom: 0px !important;}&#8221;]<a href=\"https:\/\/pacificridingschool.com\/\" target=\"_blank\" rel=\"noopener\">L\u2019\u00e9cole Pacific Riding School<\/a> est situ\u00e9e \u00e0 Surrey en Colombie-Britannique et offre une vari\u00e9t\u00e9 de cours pour les amateurs de moto, des cours de motos routi\u00e8res certifi\u00e9s par l\u2019ICBC aux cours de motos aventure. La Pacific Riding School offre \u00e9galement des cours d\u2019entretien et de conduite avanc\u00e9e pour ceux qui souhaitent vraiment comprendre comment tout fonctionne.[\/vc_column_text][\/vc_column][\/vc_row][vc_row][vc_column]<div class=\"ult-spacer spacer-69d364e09c8f4\" data-id=\"69d364e09c8f4\" data-height=\"25\" data-height-mobile=\"25\" data-height-tab=\"25\" data-height-tab-portrait=\"\" data-height-mobile-landscape=\"\" style=\"clear:both;display:block;\"><\/div>[\/vc_column][\/vc_row][vc_row el_class=&#8221;width-container px-0 pb-5 pb-lg-6 d-lg-flex&#8221;][vc_column el_class=&#8221;pl-lg-4 pr-lg-0 order-last d-center&#8221; offset=&#8221;vc_col-md-6&#8243;][vc_single_image image=&#8221;38334&#8243; img_size=&#8221;full&#8221; alignment=&#8221;center&#8221; css=&#8221;.vc_custom_1622579663593{margin-bottom: 0px !important;}&#8221;][\/vc_column][vc_column el_class=&#8221;pt-5 pt-lg-0 px-3 pl-lg-0 pr-lg-4 d-center&#8221; offset=&#8221;vc_col-md-6&#8243;][vc_column_text css=&#8221;.vc_custom_1622579745448{margin-bottom: 0px !important;}&#8221;][\/vc_column_text][vc_column_text css=&#8221;.vc_custom_1622579715717{margin-bottom: 0px !important;}&#8221; el_class=&#8221;pt-3 pt-lg-2 pb-4 uppercase&#8221;]<\/p>\n<h2>FAST Riding School<\/h2>\n<p>[\/vc_column_text][vc_column_text css=&#8221;.vc_custom_1622579766852{margin-bottom: 0px !important;}&#8221;]L\u2019\u00e9cole FAST Riding School est le moyen le plus s\u00fbr et le plus simple de profiter de tous les aspects de la moto. Jeune ou vieux, homme ou femme, motocyclistes de tourisme ou amateur de sensations fortes, ce centre vous permet de gagner en confiance et d\u2019acqu\u00e9rir les bons r\u00e9flexes de s\u00e9curit\u00e9 dans un environnement contr\u00f4l\u00e9 et structur\u00e9.[\/vc_column_text][\/vc_column][\/vc_row][vc_row el_class=&#8221;bg-pavement bg-space white-text&#8221;][vc_column el_class=&#8221;py-5&#8243;][vc_column_text el_class=&#8221;text-center pb-4&#8243; css=&#8221;.vc_custom_1574355676058{margin-bottom: 0px !important;}&#8221;]<\/p>\n<h2>Organisations du secteur<\/h2>\n<p>[\/vc_column_text]<div class=\"ult-content-box-container pb-lg-6 px-3\" >\t\t<div class=\"ult-content-box\" style=\"box-shadow: px px px px none;-webkit-transition: all 700ms ease;-moz-transition: all 700ms ease;-ms-transition: all 700ms ease;-o-transition: all 700ms ease;transition: all 700ms ease;\"  data-hover_box_shadow=\"none\"    >[vc_row_inner el_class=&#8221;org-box&#8221;][vc_column_inner el_class=&#8221;text-center py-4 px-1 px-lg-4&#8243;][vc_single_image image=&#8221;288&#8243; img_size=&#8221;full&#8221; alignment=&#8221;center&#8221; onclick=&#8221;custom_link&#8221; img_link_target=&#8221;_blank&#8221; css=&#8221;.vc_custom_1622579823311{margin-bottom: 0px !important;}&#8221; link=&#8221;https:\/\/www.mmic.ca\/cimc\/&#8221;][vc_column_text css=&#8221;.vc_custom_1716313391899{margin-bottom: 0px !important;}&#8221; el_class=&#8221;py-4 uppercase seo-h5&#8243;]<\/p>\n<h3>MMIC (Motorcycle and Moped industry Council)<\/h3>\n<p>[\/vc_column_text][vc_column_text css=&#8221;.vc_custom_1579814279705{margin-bottom: 0px !important;}&#8221; el_class=&#8221;max-700&#8243;]<span style=\"font-weight: 400;\">Sur ce site, vous trouverez des ressources et des renseignements pour profiter des meilleures conditions possible dans votre pratique de la moto. Il s\u2019adresse \u00e0 tous les motocyclistes, d\u00e9butants comme exp\u00e9riment\u00e9s.<\/span>[\/vc_column_text][\/vc_column_inner][\/vc_row_inner][vc_row_inner el_class=&#8221;org-box&#8221;][vc_column_inner el_class=&#8221;text-center py-4 px-1 px-lg-4&#8243;][vc_single_image image=&#8221;278&#8243; img_size=&#8221;full&#8221; alignment=&#8221;center&#8221; onclick=&#8221;custom_link&#8221; img_link_target=&#8221;_blank&#8221; css=&#8221;.vc_custom_1622579851592{margin-bottom: 0px !important;}&#8221; link=&#8221;https:\/\/www.motorcycling.ca\/?lang=fr&#8221;][vc_column_text css=&#8221;.vc_custom_1716313403993{margin-bottom: 0px !important;}&#8221; el_class=&#8221;py-4 uppercase seo-h5&#8243;]<\/p>\n<h3>CMC (conf\u00e9d\u00e9ration des motocyclistes du Canada)<\/h3>\n<p>[\/vc_column_text][vc_column_text css=&#8221;.vc_custom_1579814285365{margin-bottom: 0px !important;}&#8221; el_class=&#8221;max-700&#8243;]<span style=\"font-weight: 400;\">La CMC est une organisation nationale \u00e0 but non lucratif qui m\u00e8ne des activit\u00e9s de sensibilisation sur la moto dans tout le Canada. Cette organisation encourage une pratique responsable de la moto dans le pays en mettant en valeur les aspects positifs de ce sport.<\/span>[\/vc_column_text][\/vc_column_inner][\/vc_row_inner][vc_row_inner el_class=&#8221;org-box&#8221;][vc_column_inner el_class=&#8221;text-center py-4 px-1 px-lg-4&#8243;][vc_single_image image=&#8221;282&#8243; img_size=&#8221;full&#8221; alignment=&#8221;center&#8221; onclick=&#8221;custom_link&#8221; img_link_target=&#8221;_blank&#8221; css=&#8221;.vc_custom_1622579874014{margin-bottom: 0px !important;}&#8221; link=&#8221;https:\/\/canadasafetycouncil.org\/?lang=fr&#8221;][vc_column_text css=&#8221;.vc_custom_1716313411145{margin-bottom: 0px !important;}&#8221; el_class=&#8221;py-4 uppercase seo-h5&#8243;]<\/p>\n<h3>Conseil canadien de la s\u00e9curit\u00e9<\/h3>\n<p>[\/vc_column_text][vc_column_text css=&#8221;.vc_custom_1579814291577{margin-bottom: 0px !important;}&#8221; el_class=&#8221;max-700&#8243;]<span style=\"font-weight: 400;\">Que la moto soit pour vous un loisir ou un moyen de transport, vous devez avoir les connaissances et les comp\u00e9tences indispensables pour la pratiquer \u00e0 votre aise et en toute s\u00e9curit\u00e9.<\/span>[\/vc_column_text][\/vc_column_inner][\/vc_row_inner][vc_row_inner el_class=&#8221;org-box&#8221;][vc_column_inner el_class=&#8221;text-center py-4 px-1 px-lg-4&#8243;][vc_single_image image=&#8221;280&#8243; img_size=&#8221;full&#8221; alignment=&#8221;center&#8221; onclick=&#8221;custom_link&#8221; img_link_target=&#8221;_blank&#8221; css=&#8221;.vc_custom_1622579903420{margin-bottom: 0px !important;}&#8221; link=&#8221;https:\/\/www.cvhr.ca\/&#8221;][vc_column_text css=&#8221;.vc_custom_1716313418139{margin-bottom: 0px !important;}&#8221; el_class=&#8221;py-4 uppercase seo-h5&#8243;]<\/p>\n<h3>CVHR (conseil canadien des distributeurs de v\u00e9hicules hors route)<\/h3>\n<p>[\/vc_column_text][vc_column_text css=&#8221;.vc_custom_1579814305909{margin-bottom: 0px !important;}&#8221; el_class=&#8221;max-700&#8243;]<span style=\"font-weight: 400;\">Le conseil canadien des distributeurs de v\u00e9hicules hors route (CVHR), anciennement nomm\u00e9 conseil canadien des distributeurs de v\u00e9hicules tout terrain (CVTT), a \u00e9t\u00e9 fond\u00e9 en 1984. Cette association professionnelle nationale \u00e0 but non lucratif repr\u00e9sente les int\u00e9r\u00eats responsables des principaux distributeurs de VRHR, ainsi que des fabricants, distributeurs et d\u00e9taillants de produits et services connexes. Les soci\u00e9t\u00e9s membres du CVHR totalisent plus de 90 % des ventes de v\u00e9hicules hors route au Canada.<\/span>[\/vc_column_text][\/vc_column_inner][\/vc_row_inner]\t\t<\/div><\/div>[\/vc_column][\/vc_row]<\/p>\n<\/div>","protected":false},"excerpt":{"rendered":"<p>\u2026 <a class=\"blog-readmore\" href=\"https:\/\/www.suzuki.ca\/fr\/rider-training\/\">Continuez \u00e0 lire ><\/a><\/p>\n","protected":false},"author":1,"featured_media":0,"parent":0,"menu_order":0,"comment_status":"closed","ping_status":"closed","template":"","meta":{"_acf_changed":false,"site-sidebar-layout":"no-sidebar","site-content-layout":"page-builder","ast-site-content-layout":"full-width-container","site-content-style":"unboxed","site-sidebar-style":"unboxed","ast-global-header-display":"","ast-banner-title-visibility":"","ast-main-header-display":"","ast-hfb-above-header-display":"","ast-hfb-below-header-display":"","ast-hfb-mobile-header-display":"","site-post-title":"disabled","ast-breadcrumbs-content":"","ast-featured-img":"disabled","footer-sml-layout":"","ast-disable-related-posts":"","theme-transparent-header-meta":"default","adv-header-id-meta":"","stick-header-meta":"default","header-above-stick-meta":"","header-main-stick-meta":"","header-below-stick-meta":"","astra-migrate-meta-layouts":"set","ast-page-background-enabled":"default","ast-page-background-meta":{"desktop":{"background-color":"","background-image":"","background-repeat":"repeat","background-position":"center center","background-size":"auto","background-attachment":"scroll","background-type":"","background-media":"","overlay-type":"","overlay-color":"","overlay-opacity":"","overlay-gradient":""},"tablet":{"background-color":"","background-image":"","background-repeat":"repeat","background-position":"center center","background-size":"auto","background-attachment":"scroll","background-type":"","background-media":"","overlay-type":"","overlay-color":"","overlay-opacity":"","overlay-gradient":""},"mobile":{"background-color":"","background-image":"","background-repeat":"repeat","background-position":"center center","background-size":"auto","background-attachment":"scroll","background-type":"","background-media":"","overlay-type":"","overlay-color":"","overlay-opacity":"","overlay-gradient":""}},"ast-content-background-meta":{"desktop":{"background-color":"var(--ast-global-color-5)","background-image":"","background-repeat":"repeat","background-position":"center center","background-size":"auto","background-attachment":"scroll","background-type":"","background-media":"","overlay-type":"","overlay-color":"","overlay-opacity":"","overlay-gradient":""},"tablet":{"background-color":"var(--ast-global-color-5)","background-image":"","background-repeat":"repeat","background-position":"center center","background-size":"auto","background-attachment":"scroll","background-type":"","background-media":"","overlay-type":"","overlay-color":"","overlay-opacity":"","overlay-gradient":""},"mobile":{"background-color":"var(--ast-global-color-5)","background-image":"","background-repeat":"repeat","background-position":"center center","background-size":"auto","background-attachment":"scroll","background-type":"","background-media":"","overlay-type":"","overlay-color":"","overlay-opacity":"","overlay-gradient":""}},"footnotes":""},"class_list":["post-3279","page","type-page","status-publish","hentry"],"acf":[],"yoast_head":"<!-- This site is optimized with the Yoast SEO plugin v26.9 - https:\/\/yoast.com\/product\/yoast-seo-wordpress\/ -->\n<title>Suzuki Canada Inc. Formation de moto - Suzuki Canada Inc.<\/title>\n<meta name=\"description\" content=\"Suzuki Canada offre ces liens utiles pour vous aider \u00e0 commencer la formation de moto. Apprenez-en plus.\" \/>\n<meta name=\"robots\" content=\"index, follow, max-snippet:-1, max-image-preview:large, max-video-preview:-1\" \/>\n<link rel=\"canonical\" href=\"https:\/\/www.suzuki.ca\/rider-training\/\" \/>\n<meta property=\"og:locale\" content=\"fr_FR\" \/>\n<meta property=\"og:type\" content=\"article\" \/>\n<meta property=\"og:title\" content=\"Suzuki Canada Inc. Formation de moto - Suzuki Canada Inc.\" \/>\n<meta property=\"og:description\" content=\"Suzuki Canada offre ces liens utiles pour vous aider \u00e0 commencer la formation de moto. Apprenez-en plus.\" \/>\n<meta property=\"og:url\" content=\"https:\/\/www.suzuki.ca\/rider-training\/\" \/>\n<meta property=\"og:site_name\" content=\"Suzuki Canada Inc.\" \/>\n<meta property=\"article:modified_time\" content=\"2024-05-23T19:55:32+00:00\" \/>\n<meta name=\"twitter:card\" content=\"summary_large_image\" \/>\n<meta name=\"twitter:label1\" content=\"Est. reading time\" \/>\n\t<meta name=\"twitter:data1\" content=\"5 minutes\" \/>\n<script type=\"application\/ld+json\" class=\"yoast-schema-graph\">{\"@context\":\"https:\/\/schema.org\",\"@graph\":[{\"@type\":\"WebPage\",\"@id\":\"https:\/\/www.suzuki.ca\/rider-training\/\",\"url\":\"https:\/\/www.suzuki.ca\/rider-training\/\",\"name\":\"Suzuki Canada Inc. Formation de moto - Suzuki Canada Inc.\",\"isPartOf\":{\"@id\":\"https:\/\/www.suzuki.ca\/#website\"},\"datePublished\":\"2019-08-29T16:49:24+00:00\",\"dateModified\":\"2024-05-23T19:55:32+00:00\",\"description\":\"Suzuki Canada offre ces liens utiles pour vous aider \u00e0 commencer la formation de moto. Apprenez-en plus.\",\"breadcrumb\":{\"@id\":\"https:\/\/www.suzuki.ca\/rider-training\/#breadcrumb\"},\"inLanguage\":\"fr-FR\",\"potentialAction\":[{\"@type\":\"ReadAction\",\"target\":[\"https:\/\/www.suzuki.ca\/rider-training\/\"]}]},{\"@type\":\"BreadcrumbList\",\"@id\":\"https:\/\/www.suzuki.ca\/rider-training\/#breadcrumb\",\"itemListElement\":[{\"@type\":\"ListItem\",\"position\":1,\"name\":\"Accueil\",\"item\":\"https:\/\/www.suzuki.ca\/fr\/\"},{\"@type\":\"ListItem\",\"position\":2,\"name\":\"Formation de moto\"}]},{\"@type\":\"WebSite\",\"@id\":\"https:\/\/www.suzuki.ca\/#website\",\"url\":\"https:\/\/www.suzuki.ca\/\",\"name\":\"Suzuki Canada Inc.\",\"description\":\"The Official Home of Suzuki Canada Motorcycle, ATV, and Marine models and accessories.\",\"publisher\":{\"@id\":\"https:\/\/www.suzuki.ca\/#organization\"},\"potentialAction\":[{\"@type\":\"SearchAction\",\"target\":{\"@type\":\"EntryPoint\",\"urlTemplate\":\"https:\/\/www.suzuki.ca\/?s={search_term_string}\"},\"query-input\":{\"@type\":\"PropertyValueSpecification\",\"valueRequired\":true,\"valueName\":\"search_term_string\"}}],\"inLanguage\":\"fr-FR\"},{\"@type\":\"Organization\",\"@id\":\"https:\/\/www.suzuki.ca\/#organization\",\"name\":\"Suzuki Canada Inc.\",\"url\":\"https:\/\/www.suzuki.ca\/\",\"logo\":{\"@type\":\"ImageObject\",\"inLanguage\":\"fr-FR\",\"@id\":\"https:\/\/www.suzuki.ca\/#\/schema\/logo\/image\/\",\"url\":\"https:\/\/www.suzuki.ca\/wp-content\/uploads\/Suzuki_Logo_Parallelogram.svg\",\"contentUrl\":\"https:\/\/www.suzuki.ca\/wp-content\/uploads\/Suzuki_Logo_Parallelogram.svg\",\"caption\":\"Suzuki Canada Inc.\"},\"image\":{\"@id\":\"https:\/\/www.suzuki.ca\/#\/schema\/logo\/image\/\"}}]}<\/script>\n<!-- \/ Yoast SEO plugin. -->","yoast_head_json":{"title":"Suzuki Canada Inc. Formation de moto - Suzuki Canada Inc.","description":"Suzuki Canada offre ces liens utiles pour vous aider \u00e0 commencer la formation de moto. Apprenez-en plus.","robots":{"index":"index","follow":"follow","max-snippet":"max-snippet:-1","max-image-preview":"max-image-preview:large","max-video-preview":"max-video-preview:-1"},"canonical":"https:\/\/www.suzuki.ca\/rider-training\/","og_locale":"fr_FR","og_type":"article","og_title":"Suzuki Canada Inc. Formation de moto - Suzuki Canada Inc.","og_description":"Suzuki Canada offre ces liens utiles pour vous aider \u00e0 commencer la formation de moto. Apprenez-en plus.","og_url":"https:\/\/www.suzuki.ca\/rider-training\/","og_site_name":"Suzuki Canada Inc.","article_modified_time":"2024-05-23T19:55:32+00:00","twitter_card":"summary_large_image","twitter_misc":{"Est. reading time":"5 minutes"},"schema":{"@context":"https:\/\/schema.org","@graph":[{"@type":"WebPage","@id":"https:\/\/www.suzuki.ca\/rider-training\/","url":"https:\/\/www.suzuki.ca\/rider-training\/","name":"Suzuki Canada Inc. Formation de moto - Suzuki Canada Inc.","isPartOf":{"@id":"https:\/\/www.suzuki.ca\/#website"},"datePublished":"2019-08-29T16:49:24+00:00","dateModified":"2024-05-23T19:55:32+00:00","description":"Suzuki Canada offre ces liens utiles pour vous aider \u00e0 commencer la formation de moto. Apprenez-en plus.","breadcrumb":{"@id":"https:\/\/www.suzuki.ca\/rider-training\/#breadcrumb"},"inLanguage":"fr-FR","potentialAction":[{"@type":"ReadAction","target":["https:\/\/www.suzuki.ca\/rider-training\/"]}]},{"@type":"BreadcrumbList","@id":"https:\/\/www.suzuki.ca\/rider-training\/#breadcrumb","itemListElement":[{"@type":"ListItem","position":1,"name":"Accueil","item":"https:\/\/www.suzuki.ca\/fr\/"},{"@type":"ListItem","position":2,"name":"Formation de moto"}]},{"@type":"WebSite","@id":"https:\/\/www.suzuki.ca\/#website","url":"https:\/\/www.suzuki.ca\/","name":"Suzuki Canada Inc.","description":"The Official Home of Suzuki Canada Motorcycle, ATV, and Marine models and accessories.","publisher":{"@id":"https:\/\/www.suzuki.ca\/#organization"},"potentialAction":[{"@type":"SearchAction","target":{"@type":"EntryPoint","urlTemplate":"https:\/\/www.suzuki.ca\/?s={search_term_string}"},"query-input":{"@type":"PropertyValueSpecification","valueRequired":true,"valueName":"search_term_string"}}],"inLanguage":"fr-FR"},{"@type":"Organization","@id":"https:\/\/www.suzuki.ca\/#organization","name":"Suzuki Canada Inc.","url":"https:\/\/www.suzuki.ca\/","logo":{"@type":"ImageObject","inLanguage":"fr-FR","@id":"https:\/\/www.suzuki.ca\/#\/schema\/logo\/image\/","url":"https:\/\/www.suzuki.ca\/wp-content\/uploads\/Suzuki_Logo_Parallelogram.svg","contentUrl":"https:\/\/www.suzuki.ca\/wp-content\/uploads\/Suzuki_Logo_Parallelogram.svg","caption":"Suzuki Canada Inc."},"image":{"@id":"https:\/\/www.suzuki.ca\/#\/schema\/logo\/image\/"}}]}},"_links":{"self":[{"href":"https:\/\/www.suzuki.ca\/fr\/wp-json\/wp\/v2\/pages\/3279","targetHints":{"allow":["GET"]}}],"collection":[{"href":"https:\/\/www.suzuki.ca\/fr\/wp-json\/wp\/v2\/pages"}],"about":[{"href":"https:\/\/www.suzuki.ca\/fr\/wp-json\/wp\/v2\/types\/page"}],"author":[{"embeddable":true,"href":"https:\/\/www.suzuki.ca\/fr\/wp-json\/wp\/v2\/users\/1"}],"replies":[{"embeddable":true,"href":"https:\/\/www.suzuki.ca\/fr\/wp-json\/wp\/v2\/comments?post=3279"}],"version-history":[{"count":0,"href":"https:\/\/www.suzuki.ca\/fr\/wp-json\/wp\/v2\/pages\/3279\/revisions"}],"wp:attachment":[{"href":"https:\/\/www.suzuki.ca\/fr\/wp-json\/wp\/v2\/media?parent=3279"}],"curies":[{"name":"wp","href":"https:\/\/api.w.org\/{rel}","templated":true}]}}