{"id":3283,"date":"2019-09-09T11:34:53","date_gmt":"2019-09-09T15:34:53","guid":{"rendered":"https:\/\/www.suzuki.ca\/faqs\/"},"modified":"2025-08-28T15:09:23","modified_gmt":"2025-08-28T19:09:23","slug":"faqs","status":"publish","type":"page","link":"https:\/\/www.suzuki.ca\/fr\/faqs\/","title":{"rendered":"FAQs"},"content":{"rendered":"<div class=\"wpb-content-wrapper\"><p>[vc_row el_id=&#8221;breadcrumb&#8221;][vc_column el_class=&#8221;p-1&#8243;][vc_column_text css=&#8221;.vc_custom_1568314340446{margin-bottom: 0px !important;}&#8221;]<span><span><a href=\"https:\/\/www.suzuki.ca\/fr\/\">Accueil<\/a><\/span><\/span>[\/vc_column_text][\/vc_column][\/vc_row][vc_row el_class=&#8221;header-space width-container pt-5 pt-lg-6&#8243;][vc_column el_class=&#8221;text-center&#8221;][vc_column_text css=&#8221;.vc_custom_1716492047318{margin-bottom: 0px !important;}&#8221;]<\/p>\n<h1>FAQ de Suzuki Canada<\/h1>\n<p>[\/vc_column_text][vc_column_text css=&#8221;.vc_custom_1574359685616{margin-bottom: 0px !important;}&#8221; el_class=&#8221;text-center w-lg-50 pt-4&#8243;]<span style=\"font-weight: 400;\">Vous avez une question concernant votre Suzuki? Voici quelques-unes des questions les plus fr\u00e9quemment pos\u00e9es.<\/span>[\/vc_column_text][\/vc_column][\/vc_row][vc_row el_class=&#8221;width-container pb-5 pb-lg-6 px-0&#8243;][vc_column][vc_tta_accordion section_title_tag=&#8221;h2&#8243; style=&#8221;modern&#8221; shape=&#8221;square&#8221; color=&#8221;white&#8221; c_icon=&#8221;&#8221; active_section=&#8221;4234424&#8243; collapsible_all=&#8221;true&#8221; el_class=&#8221;pt-4 pt-lg-5&#8243;][vc_tta_section title=&#8221;Comment puis-je trouver le concessionnaire Suzuki le plus proche?&#8221; tab_id=&#8221;nearest-dealer&#8221;][vc_column_text css=&#8221;.vc_custom_1679594780870{margin-bottom: 0px !important;}&#8221;]Visitez le site de localisation des distributeurs \u00e0 l&#8217;adresse suivante :<a href=\"https:\/\/www.suzuki.ca\/fr\/find-a-dealer\/\" target=\"_blank\" rel=\"noopener\"> www.suzuki.ca\/fr\/find-a-dealer\/<\/a>.[\/vc_column_text][\/vc_tta_section][vc_tta_section title=&#8221;L\u2019ann\u00e9e et le mod\u00e8le sont-ils indiqu\u00e9s quelque part sur la moto?&#8221; tab_id=&#8221;year-modal-list&#8221;][vc_column_text css=&#8221;.vc_custom_1679595203975{margin-bottom: 0px !important;}&#8221;]Oui, les informations sur le mod\u00e8le et la date de fabrication figurent sur une plaque d&#8217;identification du v\u00e9hicule (VIN).[\/vc_column_text][\/vc_tta_section][vc_tta_section title=&#8221;O\u00f9 puis-je obtenir des renseignements concernant les rappels?&#8221; tab_id=&#8221;recall-information&#8221;][vc_column_text css=&#8221;.vc_custom_1574360173155{margin-bottom: 0px !important;}&#8221;]<span style=\"font-weight: 400;\">Veuillez communiquer avec votre concessionnaire agr\u00e9\u00e9 Suzuki ou envoyer un courriel \u00e0 l\u2019adresse <a href=\"mailto:customerservice@suzuki.ca\">customerservice@suzuki.ca<\/a>.<\/span>[\/vc_column_text][\/vc_tta_section][vc_tta_section title=&#8221;\u00c0 qui puis-je m\u2019adresser si j\u2019ai des questions concernant mon Plan de protection Suzuki (PPS)?&#8221; tab_id=&#8221;protection-plan&#8221;][vc_column_text css=&#8221;.vc_custom_1679594712147{margin-bottom: 0px !important;}&#8221;]Contactez votre concessionnaire Suzuki agr\u00e9\u00e9 local. Pour trouver un concessionnaire, visitez le site <a href=\"https:\/\/www.suzuki.ca\/fr\/find-a-dealer\/\" target=\"_blank\" rel=\"noopener\">www.suzuki.ca\/fr\/find-a-dealer\/<\/a>.[\/vc_column_text][\/vc_tta_section][vc_tta_section title=&#8221;Puis-je transf\u00e9rer la garantie?&#8221; tab_id=&#8221;transfer-warranty&#8221;][vc_column_text css=&#8221;.vc_custom_1574360017703{margin-bottom: 0px !important;}&#8221;]La garantie accompagne le v\u00e9hicule; cependant, votre concessionnaire local peut mettre \u00e0 jour les dossiers de Suzuki.[\/vc_column_text][\/vc_tta_section][vc_tta_section title=&#8221;Que dois-je faire si j\u2019ai un probl\u00e8me apr\u00e8s l\u2019expiration de la garantie?&#8221; tab_id=&#8221;warranty-expired&#8221;][vc_column_text css=&#8221;.vc_custom_1679595130570{margin-bottom: 0px !important;}&#8221;]<span style=\"font-weight: 400;\"><a href=\"https:\/\/www.suzuki.ca\/fr\/protection-plan\/\">La garantie du Plan de protection Suzuki<\/a> est disponible pour fournir jusqu&#8217;\u00e0 4 ans de couverture de garantie et peut \u00eatre achet\u00e9e dans l&#8217;ann\u00e9e qui suit l&#8217;achat d&#8217;une nouvelle moto, d&#8217;un nouveau VTT ou d&#8217;un nouveau moteur hors-bord.<\/span>[\/vc_column_text][\/vc_tta_section][vc_tta_section title=&#8221;Ma garantie sera-t-elle annul\u00e9e si je fais moi-m\u00eame les entretiens ou si je demande \u00e0 mon m\u00e9canicien de les faire?&#8221; tab_id=&#8221;void-warranty&#8221;][vc_column_text css=&#8221;.vc_custom_1574360046068{margin-bottom: 0px !important;}&#8221;]Non, mais si l\u2019entretien est effectu\u00e9 de fa\u00e7on incorrecte ou incompl\u00e8te, et qu\u2019il provoque une d\u00e9faillance, cela ne sera pas couvert par la garantie. Vous devez \u00e9galement conserver tous les re\u00e7us.[\/vc_column_text][\/vc_tta_section][vc_tta_section title=&#8221;Que faire si j&#8217;ai un souci ou un probl\u00e8me avec ma suzuki?&#8221; tab_id=&#8221;suzuki-concern&#8221;][vc_column_text css=&#8221;.vc_custom_1679594961368{margin-bottom: 0px !important;}&#8221;]Contactez votre concessionnaire agr\u00e9\u00e9 Suzuki. Pour trouver un concessionnaire, visitez le site <a href=\"https:\/\/www.suzuki.ca\/fr\/find-a-dealer\/\" target=\"_blank\" rel=\"noopener\">www.suzuki.ca\/fr\/find-a-dealer\/<\/a>.[\/vc_column_text][\/vc_tta_section][vc_tta_section title=&#8221;Si j\u2019exporte mon produit Suzuki canadien vers un autre pays, quelle est la couverture de garantie dont il pourra b\u00e9n\u00e9ficier?&#8221; tab_id=&#8221;export-outside-canada&#8221;][vc_column_text css=&#8221;.vc_custom_1574360096895{margin-bottom: 0px !important;}&#8221;]Suzuki fournit une garantie uniquement par le biais des concessionnaires Suzuki au Canada.[\/vc_column_text][\/vc_tta_section][vc_tta_section title=&#8221;Puis-je acheter directement des pi\u00e8ces de rechange pour motocyclettes, v\u00e9hicules tout-terrain et moteurs hors-bord?&#8221; tab_id=&#8221;mc-atv-parts-direct&#8221;][vc_column_text css=&#8221;.vc_custom_1574359898085{margin-bottom: 0px !important;}&#8221;]Non. Toutes les transactions de vente au d\u00e9tail sont men\u00e9es exclusivement par l\u2019interm\u00e9diaire de concessions agr\u00e9\u00e9es de Suzuki.[\/vc_column_text][\/vc_tta_section][vc_tta_section title=&#8221;O\u00f9 puis-je obtenir des renseignements concernant les produits ou accessoires Suzuki?&#8221; tab_id=&#8221;product-information&#8221;][vc_column_text css=&#8221;.vc_custom_1686579622095{margin-bottom: 0px !important;}&#8221;]Contactez votre concessionnaire Suzuki local ou visitez la boutique en ligne \u00e0 l&#8217;adresse <a href=\"https:\/\/www.suzuki.ca\/fr\/magasin\/\">https:\/\/www.suzuki.ca\/fr\/magasin\/<\/a>.[\/vc_column_text][\/vc_tta_section][vc_tta_section title=&#8221;O\u00f9 puis-je obtenir un manuel du propri\u00e9taire ou d\u2019entretien?&#8221; tab_id=&#8221;owner-service-manual&#8221;][vc_column_text css=&#8221;.vc_custom_1681142077285{margin-bottom: 0px !important;}&#8221;]Pour trouver un revendeur, consultez le site <a href=\"https:\/\/www.suzuki.ca\/fr\/find-a-dealer\/\" target=\"_blank\" rel=\"noopener\">www.suzuki.ca\/fr\/find-a-dealer<\/a>.<\/p>\n<p>[\/vc_column_text][\/vc_tta_section][vc_tta_section title=&#8221;Comment puis-je obtenir un double de la cl\u00e9?&#8221; tab_id=&#8221;duplicate-key&#8221;][vc_column_text css=&#8221;.vc_custom_1679594646358{margin-bottom: 0px !important;}&#8221;]Des \u00e9bauches de cl\u00e9s peuvent \u00eatre command\u00e9es aupr\u00e8s de votre concessionnaire Suzuki. Si vous avez une cl\u00e9 existante, un serrurier peut reproduire votre cl\u00e9, et si vous avez le num\u00e9ro de code de l&#8217;\u00e9tiquette de la cl\u00e9, la cl\u00e9 peut \u00eatre reproduite.[\/vc_column_text][\/vc_tta_section][vc_tta_section title=&#8221;Comment puis-je communiquer avec Suzuki Canada Inc.?&#8221; tab_id=&#8221;contact-suzuki&#8221;][vc_column_text css=&#8221;.vc_custom_1756408150504{margin-bottom: 0px !important;}&#8221;]Vous pouvez contacter le si\u00e8ge social \u00e0 l&#8217;adresse customerservice@suzuki.ca ou au num\u00e9ro <a href=\"tel:1-705-728-6789\">+1-<span data-teams=\"true\">705-728-6789<\/span><\/a>. Les agents sont disponibles du lundi au vendredi de 8h30 \u00e0 16h30 (heure de Paris). Assurez-vous d&#8217;avoir votre num\u00e9ro d&#8217;identification du v\u00e9hicule (VIN) \u00e0 port\u00e9e de main.[\/vc_column_text][\/vc_tta_section][vc_tta_section title=&#8221;Qu\u2019est-ce qui diff\u00e9rencie le \u00ab poids \u00e0 vide \u00bb du \u00ab poids \u00e0 sec \u00bb?&#8221; tab_id=&#8221;curb-dry-weight&#8221;][vc_column_text css=&#8221;.vc_custom_1574359704594{margin-bottom: 0px !important;}&#8221;]Pour fournir les renseignements les plus exacts qui soient \u00e0 ses clients, Suzuki indique le \u00ab poids \u00e0 vide \u00bb plut\u00f4t que le poids \u00e0 sec pour les mod\u00e8les de motocyclettes et de v\u00e9hicules tout terrain (VTT) pour les mod\u00e8les \u00e0 partir de 2009. Le \u00ab poids \u00e0 vide \u00bb est le poids de la machine lorsque vous le conduisez dans la rue ou le remorquez, en tenant compte de tous les liquides n\u00e9cessaires, notamment l\u2019huile, l\u2019acide de la batterie, les liquides de frein et un r\u00e9servoir de carburant plein. Le \u00ab poids \u00e0 sec \u00bb est le poids moins tous les liquides de fonctionnement.[\/vc_column_text][\/vc_tta_section][vc_tta_section title=&#8221;O\u00f9 dois-je me d\u00e9barrasser des pneus usag\u00e9s en Ontario?&#8221; tab_id=&#8221;1641496537322-c8357f51-7bf0&#8243;][vc_column_text]D\u00e9posez ici: <a href=\"https:\/\/rpra.ca\/programs\/tires\/collectionsites\/\" target=\"_blank\" rel=\"noopener\">rpra.ca\/programs\/tires\/collectionsites\/<\/a>[\/vc_column_text][\/vc_tta_section][\/vc_tta_accordion][\/vc_column][\/vc_row]<\/p>\n<\/div>","protected":false},"excerpt":{"rendered":"<p>\u2026 <a class=\"blog-readmore\" href=\"https:\/\/www.suzuki.ca\/fr\/faqs\/\">Continuez \u00e0 lire ><\/a><\/p>\n","protected":false},"author":1,"featured_media":0,"parent":0,"menu_order":0,"comment_status":"closed","ping_status":"closed","template":"","meta":{"_acf_changed":false,"site-sidebar-layout":"no-sidebar","site-content-layout":"page-builder","ast-site-content-layout":"full-width-container","site-content-style":"unboxed","site-sidebar-style":"unboxed","ast-global-header-display":"","ast-banner-title-visibility":"","ast-main-header-display":"","ast-hfb-above-header-display":"","ast-hfb-below-header-display":"","ast-hfb-mobile-header-display":"","site-post-title":"disabled","ast-breadcrumbs-content":"","ast-featured-img":"","footer-sml-layout":"","ast-disable-related-posts":"","theme-transparent-header-meta":"default","adv-header-id-meta":"","stick-header-meta":"default","header-above-stick-meta":"","header-main-stick-meta":"","header-below-stick-meta":"","astra-migrate-meta-layouts":"set","ast-page-background-enabled":"default","ast-page-background-meta":{"desktop":{"background-color":"","background-image":"","background-repeat":"repeat","background-position":"center center","background-size":"auto","background-attachment":"scroll","background-type":"","background-media":"","overlay-type":"","overlay-color":"","overlay-opacity":"","overlay-gradient":""},"tablet":{"background-color":"","background-image":"","background-repeat":"repeat","background-position":"center center","background-size":"auto","background-attachment":"scroll","background-type":"","background-media":"","overlay-type":"","overlay-color":"","overlay-opacity":"","overlay-gradient":""},"mobile":{"background-color":"","background-image":"","background-repeat":"repeat","background-position":"center center","background-size":"auto","background-attachment":"scroll","background-type":"","background-media":"","overlay-type":"","overlay-color":"","overlay-opacity":"","overlay-gradient":""}},"ast-content-background-meta":{"desktop":{"background-color":"var(--ast-global-color-5)","background-image":"","background-repeat":"repeat","background-position":"center center","background-size":"auto","background-attachment":"scroll","background-type":"","background-media":"","overlay-type":"","overlay-color":"","overlay-opacity":"","overlay-gradient":""},"tablet":{"background-color":"var(--ast-global-color-5)","background-image":"","background-repeat":"repeat","background-position":"center center","background-size":"auto","background-attachment":"scroll","background-type":"","background-media":"","overlay-type":"","overlay-color":"","overlay-opacity":"","overlay-gradient":""},"mobile":{"background-color":"var(--ast-global-color-5)","background-image":"","background-repeat":"repeat","background-position":"center center","background-size":"auto","background-attachment":"scroll","background-type":"","background-media":"","overlay-type":"","overlay-color":"","overlay-opacity":"","overlay-gradient":""}},"footnotes":""},"class_list":["post-3283","page","type-page","status-publish","hentry"],"acf":[],"yoast_head":"<!-- This site is optimized with the Yoast SEO plugin v27.3 - https:\/\/yoast.com\/product\/yoast-seo-wordpress\/ -->\n<title>FAQs - Suzuki Canada Inc.<\/title>\n<meta name=\"robots\" content=\"index, follow, max-snippet:-1, max-image-preview:large, max-video-preview:-1\" \/>\n<link rel=\"canonical\" href=\"https:\/\/www.suzuki.ca\/fr\/faqs\/\" \/>\n<meta property=\"og:locale\" content=\"fr_FR\" \/>\n<meta property=\"og:type\" content=\"article\" \/>\n<meta property=\"og:title\" content=\"FAQs - Suzuki Canada Inc.\" \/>\n<meta property=\"og:description\" content=\"\u2026 Continuez \u00e0 lire &gt;\" \/>\n<meta property=\"og:url\" content=\"https:\/\/www.suzuki.ca\/fr\/faqs\/\" \/>\n<meta property=\"og:site_name\" content=\"Suzuki Canada Inc.\" \/>\n<meta property=\"article:modified_time\" content=\"2025-08-28T19:09:23+00:00\" \/>\n<meta name=\"twitter:card\" content=\"summary_large_image\" \/>\n<meta name=\"twitter:label1\" content=\"Est. reading time\" \/>\n\t<meta name=\"twitter:data1\" content=\"3 minutes\" \/>\n<script type=\"application\/ld+json\" class=\"yoast-schema-graph\">{\"@context\":\"https:\\\/\\\/schema.org\",\"@graph\":[{\"@type\":\"WebPage\",\"@id\":\"https:\\\/\\\/www.suzuki.ca\\\/fr\\\/faqs\\\/\",\"url\":\"https:\\\/\\\/www.suzuki.ca\\\/fr\\\/faqs\\\/\",\"name\":\"FAQs - Suzuki Canada Inc.\",\"isPartOf\":{\"@id\":\"https:\\\/\\\/www.suzuki.ca\\\/#website\"},\"datePublished\":\"2019-09-09T15:34:53+00:00\",\"dateModified\":\"2025-08-28T19:09:23+00:00\",\"breadcrumb\":{\"@id\":\"https:\\\/\\\/www.suzuki.ca\\\/fr\\\/faqs\\\/#breadcrumb\"},\"inLanguage\":\"fr-FR\",\"potentialAction\":[{\"@type\":\"ReadAction\",\"target\":[\"https:\\\/\\\/www.suzuki.ca\\\/fr\\\/faqs\\\/\"]}]},{\"@type\":\"BreadcrumbList\",\"@id\":\"https:\\\/\\\/www.suzuki.ca\\\/fr\\\/faqs\\\/#breadcrumb\",\"itemListElement\":[{\"@type\":\"ListItem\",\"position\":1,\"name\":\"Accueil\",\"item\":\"https:\\\/\\\/www.suzuki.ca\\\/fr\\\/\"},{\"@type\":\"ListItem\",\"position\":2,\"name\":\"FAQs\"}]},{\"@type\":\"WebSite\",\"@id\":\"https:\\\/\\\/www.suzuki.ca\\\/#website\",\"url\":\"https:\\\/\\\/www.suzuki.ca\\\/\",\"name\":\"Suzuki Canada Inc.\",\"description\":\"The Official Home of Suzuki Canada Motorcycle, ATV, and Marine models and accessories.\",\"publisher\":{\"@id\":\"https:\\\/\\\/www.suzuki.ca\\\/#organization\"},\"potentialAction\":[{\"@type\":\"SearchAction\",\"target\":{\"@type\":\"EntryPoint\",\"urlTemplate\":\"https:\\\/\\\/www.suzuki.ca\\\/?s={search_term_string}\"},\"query-input\":{\"@type\":\"PropertyValueSpecification\",\"valueRequired\":true,\"valueName\":\"search_term_string\"}}],\"inLanguage\":\"fr-FR\"},{\"@type\":\"Organization\",\"@id\":\"https:\\\/\\\/www.suzuki.ca\\\/#organization\",\"name\":\"Suzuki Canada Inc.\",\"url\":\"https:\\\/\\\/www.suzuki.ca\\\/\",\"logo\":{\"@type\":\"ImageObject\",\"inLanguage\":\"fr-FR\",\"@id\":\"https:\\\/\\\/www.suzuki.ca\\\/#\\\/schema\\\/logo\\\/image\\\/\",\"url\":\"https:\\\/\\\/www.suzuki.ca\\\/wp-content\\\/uploads\\\/Suzuki_Logo_Parallelogram.svg\",\"contentUrl\":\"https:\\\/\\\/www.suzuki.ca\\\/wp-content\\\/uploads\\\/Suzuki_Logo_Parallelogram.svg\",\"caption\":\"Suzuki Canada Inc.\"},\"image\":{\"@id\":\"https:\\\/\\\/www.suzuki.ca\\\/#\\\/schema\\\/logo\\\/image\\\/\"}}]}<\/script>\n<!-- \/ Yoast SEO plugin. -->","yoast_head_json":{"title":"FAQs - Suzuki Canada Inc.","robots":{"index":"index","follow":"follow","max-snippet":"max-snippet:-1","max-image-preview":"max-image-preview:large","max-video-preview":"max-video-preview:-1"},"canonical":"https:\/\/www.suzuki.ca\/fr\/faqs\/","og_locale":"fr_FR","og_type":"article","og_title":"FAQs - Suzuki Canada Inc.","og_description":"\u2026 Continuez \u00e0 lire >","og_url":"https:\/\/www.suzuki.ca\/fr\/faqs\/","og_site_name":"Suzuki Canada Inc.","article_modified_time":"2025-08-28T19:09:23+00:00","twitter_card":"summary_large_image","twitter_misc":{"Est. reading time":"3 minutes"},"schema":{"@context":"https:\/\/schema.org","@graph":[{"@type":"WebPage","@id":"https:\/\/www.suzuki.ca\/fr\/faqs\/","url":"https:\/\/www.suzuki.ca\/fr\/faqs\/","name":"FAQs - Suzuki Canada Inc.","isPartOf":{"@id":"https:\/\/www.suzuki.ca\/#website"},"datePublished":"2019-09-09T15:34:53+00:00","dateModified":"2025-08-28T19:09:23+00:00","breadcrumb":{"@id":"https:\/\/www.suzuki.ca\/fr\/faqs\/#breadcrumb"},"inLanguage":"fr-FR","potentialAction":[{"@type":"ReadAction","target":["https:\/\/www.suzuki.ca\/fr\/faqs\/"]}]},{"@type":"BreadcrumbList","@id":"https:\/\/www.suzuki.ca\/fr\/faqs\/#breadcrumb","itemListElement":[{"@type":"ListItem","position":1,"name":"Accueil","item":"https:\/\/www.suzuki.ca\/fr\/"},{"@type":"ListItem","position":2,"name":"FAQs"}]},{"@type":"WebSite","@id":"https:\/\/www.suzuki.ca\/#website","url":"https:\/\/www.suzuki.ca\/","name":"Suzuki Canada Inc.","description":"The Official Home of Suzuki Canada Motorcycle, ATV, and Marine models and accessories.","publisher":{"@id":"https:\/\/www.suzuki.ca\/#organization"},"potentialAction":[{"@type":"SearchAction","target":{"@type":"EntryPoint","urlTemplate":"https:\/\/www.suzuki.ca\/?s={search_term_string}"},"query-input":{"@type":"PropertyValueSpecification","valueRequired":true,"valueName":"search_term_string"}}],"inLanguage":"fr-FR"},{"@type":"Organization","@id":"https:\/\/www.suzuki.ca\/#organization","name":"Suzuki Canada Inc.","url":"https:\/\/www.suzuki.ca\/","logo":{"@type":"ImageObject","inLanguage":"fr-FR","@id":"https:\/\/www.suzuki.ca\/#\/schema\/logo\/image\/","url":"https:\/\/www.suzuki.ca\/wp-content\/uploads\/Suzuki_Logo_Parallelogram.svg","contentUrl":"https:\/\/www.suzuki.ca\/wp-content\/uploads\/Suzuki_Logo_Parallelogram.svg","caption":"Suzuki Canada Inc."},"image":{"@id":"https:\/\/www.suzuki.ca\/#\/schema\/logo\/image\/"}}]}},"_links":{"self":[{"href":"https:\/\/www.suzuki.ca\/fr\/wp-json\/wp\/v2\/pages\/3283","targetHints":{"allow":["GET"]}}],"collection":[{"href":"https:\/\/www.suzuki.ca\/fr\/wp-json\/wp\/v2\/pages"}],"about":[{"href":"https:\/\/www.suzuki.ca\/fr\/wp-json\/wp\/v2\/types\/page"}],"author":[{"embeddable":true,"href":"https:\/\/www.suzuki.ca\/fr\/wp-json\/wp\/v2\/users\/1"}],"replies":[{"embeddable":true,"href":"https:\/\/www.suzuki.ca\/fr\/wp-json\/wp\/v2\/comments?post=3283"}],"version-history":[{"count":0,"href":"https:\/\/www.suzuki.ca\/fr\/wp-json\/wp\/v2\/pages\/3283\/revisions"}],"wp:attachment":[{"href":"https:\/\/www.suzuki.ca\/fr\/wp-json\/wp\/v2\/media?parent=3283"}],"curies":[{"name":"wp","href":"https:\/\/api.w.org\/{rel}","templated":true}]}}