{"id":41649,"date":"2021-12-14T13:02:47","date_gmt":"2021-12-14T18:02:47","guid":{"rendered":"https:\/\/www.suzuki.ca\/?page_id=41649"},"modified":"2024-07-03T13:39:25","modified_gmt":"2024-07-03T17:39:25","slug":"thank-you-warranty","status":"publish","type":"page","link":"https:\/\/www.suzuki.ca\/fr\/contact\/thank-you-warranty\/","title":{"rendered":"Merci &#8211; Warranty"},"content":{"rendered":"<div class=\"wpb-content-wrapper\"><p>[vc_row el_class=&#8221;width-container pt-5 pt-lg-6&#8243;][vc_column el_class=&#8221;text-center&#8221;][vc_column_text css=&#8221;&#8221;]<\/p>\n<h1>MERCI D&#8217;AVOIR SOUMIS VOTRE DEMANDE.<\/h1>\n<p>[\/vc_column_text][vc_column_text css=&#8221;&#8221;]Nous avons re\u00e7u votre demande et notre \u00e9quipe prendra contact avec vous dans les plus brefs d\u00e9lais. Pour une assistance plus imm\u00e9diate, nous vous recommandons de contacter votre concessionnaire Suzuki agr\u00e9\u00e9 local ou votre point de service.[\/vc_column_text][vc_column_text css=&#8221;&#8221;]En attendant, vous pouvez trouver des r\u00e9ponses \u00e0 de nombreuses questions courantes dans notre <a class=\"underline\" href=\"\/fr\/faqs\/\"><strong>FAQ sur la garantie<\/strong><\/a>.[\/vc_column_text][vc_column_text css=&#8221;.vc_custom_1720028315915{margin-bottom: 0px !important;}&#8221;]Nous nous r\u00e9jouissons de pouvoir vous aider bient\u00f4t.[\/vc_column_text][\/vc_column][\/vc_row][vc_row el_class=&#8221;width-container py-5 pb-lg-6&#8243;][vc_column][vc_column_text css=&#8221;&#8221; el_class=&#8221;text-center&#8221;]<\/p>\n<h2>D\u00c9COUVRIR LES NOUVEAUT\u00c9S<\/h2>\n<p>[\/vc_column_text][vc_row_inner gap=&#8221;15&#8243;][vc_column_inner offset=&#8221;vc_col-md-4&#8243;]\n<a class=\"image-box-wrapper\" href=\"\/fr\/motorcycles\/\">\n<div class=\"image-box mb-4 mb-lg-0\" style=\"background-image:url(https:\/\/www.suzuki.ca\/wp-content\/uploads\/motorcycles-3.jpg);\">\n    <div class=\"box-hover\">\n        <div class=\"inner white-text\">\n            <div class=\"text-center\">\n                            <h2 class=\" seo-h3 italic\">Motos<\/h2>\n                <span class=\"btn btn-white hover-forward\">Explorer  <span class=\"fas fa-arrow-right\"><\/span><\/span>\n                        <\/div>\n        <\/div>\n    <\/div>  \n\n    <div class=\"box-footer text-center white-text\">\n        <h2 class=\" seo-h3 italic mb-0\">Motos<\/h2>\n        <span class=\"fas fa-arrow-right\"><\/span>\n    <\/div>  \n<\/div>        \n<\/a>\n\n\n[\/vc_column_inner][vc_column_inner offset=&#8221;vc_col-md-4&#8243;]\n<a class=\"image-box-wrapper\" href=\"\/fr\/atv\/\">\n<div class=\"image-box mb-4 mb-lg-0\" style=\"background-image:url(https:\/\/www.suzuki.ca\/wp-content\/uploads\/atv-3.jpg);\">\n    <div class=\"box-hover\">\n        <div class=\"inner white-text\">\n            <div class=\"text-center\">\n                            <h2 class=\" seo-h3 italic\">ATV<\/h2>\n                <span class=\"btn btn-white hover-forward\">Explorer  <span class=\"fas fa-arrow-right\"><\/span><\/span>\n                        <\/div>\n        <\/div>\n    <\/div>  \n\n    <div class=\"box-footer text-center white-text\">\n        <h2 class=\" seo-h3 italic mb-0\">ATV<\/h2>\n        <span class=\"fas fa-arrow-right\"><\/span>\n    <\/div>  \n<\/div>        \n<\/a>\n\n\n[\/vc_column_inner][vc_column_inner offset=&#8221;vc_col-md-4&#8243;]\n<a class=\"image-box-wrapper\" href=\"\/fr\/marine-overview\/\">\n<div class=\"image-box mb-4 mb-lg-0\" style=\"background-image:url(https:\/\/www.suzuki.ca\/wp-content\/uploads\/marine-1.jpg);\">\n    <div class=\"box-hover\">\n        <div class=\"inner white-text\">\n            <div class=\"text-center\">\n                            <h2 class=\" seo-h3 italic\">Marine<\/h2>\n                <span class=\"btn btn-white hover-forward\">Explorer  <span class=\"fas fa-arrow-right\"><\/span><\/span>\n                        <\/div>\n        <\/div>\n    <\/div>  \n\n    <div class=\"box-footer text-center white-text\">\n        <h2 class=\" seo-h3 italic mb-0\">Marine<\/h2>\n        <span class=\"fas fa-arrow-right\"><\/span>\n    <\/div>  \n<\/div>        \n<\/a>\n\n\n[\/vc_column_inner][\/vc_row_inner][\/vc_column][\/vc_row]<\/p>\n<\/div>","protected":false},"excerpt":{"rendered":"<p>\u2026 <a class=\"blog-readmore\" href=\"https:\/\/www.suzuki.ca\/fr\/contact\/thank-you-warranty\/\">Continuez \u00e0 lire ><\/a><\/p>\n","protected":false},"author":1,"featured_media":0,"parent":3309,"menu_order":0,"comment_status":"closed","ping_status":"closed","template":"","meta":{"_acf_changed":false,"site-sidebar-layout":"no-sidebar","site-content-layout":"plain-container","ast-site-content-layout":"normal-width-container","site-content-style":"unboxed","site-sidebar-style":"unboxed","ast-global-header-display":"","ast-banner-title-visibility":"","ast-main-header-display":"","ast-hfb-above-header-display":"","ast-hfb-below-header-display":"","ast-hfb-mobile-header-display":"","site-post-title":"disabled","ast-breadcrumbs-content":"","ast-featured-img":"disabled","footer-sml-layout":"","ast-disable-related-posts":"","theme-transparent-header-meta":"default","adv-header-id-meta":"","stick-header-meta":"default","header-above-stick-meta":"","header-main-stick-meta":"","header-below-stick-meta":"","astra-migrate-meta-layouts":"set","ast-page-background-enabled":"default","ast-page-background-meta":{"desktop":{"background-color":"","background-image":"","background-repeat":"repeat","background-position":"center center","background-size":"auto","background-attachment":"scroll","background-type":"","background-media":"","overlay-type":"","overlay-color":"","overlay-opacity":"","overlay-gradient":""},"tablet":{"background-color":"","background-image":"","background-repeat":"repeat","background-position":"center center","background-size":"auto","background-attachment":"scroll","background-type":"","background-media":"","overlay-type":"","overlay-color":"","overlay-opacity":"","overlay-gradient":""},"mobile":{"background-color":"","background-image":"","background-repeat":"repeat","background-position":"center center","background-size":"auto","background-attachment":"scroll","background-type":"","background-media":"","overlay-type":"","overlay-color":"","overlay-opacity":"","overlay-gradient":""}},"ast-content-background-meta":{"desktop":{"background-color":"var(--ast-global-color-5)","background-image":"","background-repeat":"repeat","background-position":"center center","background-size":"auto","background-attachment":"scroll","background-type":"","background-media":"","overlay-type":"","overlay-color":"","overlay-opacity":"","overlay-gradient":""},"tablet":{"background-color":"var(--ast-global-color-5)","background-image":"","background-repeat":"repeat","background-position":"center center","background-size":"auto","background-attachment":"scroll","background-type":"","background-media":"","overlay-type":"","overlay-color":"","overlay-opacity":"","overlay-gradient":""},"mobile":{"background-color":"var(--ast-global-color-5)","background-image":"","background-repeat":"repeat","background-position":"center center","background-size":"auto","background-attachment":"scroll","background-type":"","background-media":"","overlay-type":"","overlay-color":"","overlay-opacity":"","overlay-gradient":""}},"footnotes":""},"class_list":["post-41649","page","type-page","status-publish","hentry"],"acf":[],"yoast_head":"<!-- This site is optimized with the Yoast SEO plugin v27.3 - https:\/\/yoast.com\/product\/yoast-seo-wordpress\/ -->\n<title>Merci - Warranty - Suzuki Canada Inc.<\/title>\n<meta name=\"robots\" content=\"index, follow, max-snippet:-1, max-image-preview:large, max-video-preview:-1\" \/>\n<link rel=\"canonical\" href=\"https:\/\/www.suzuki.ca\/contact\/thank-you-warranty\/\" \/>\n<meta property=\"og:locale\" content=\"fr_FR\" \/>\n<meta property=\"og:type\" content=\"article\" \/>\n<meta property=\"og:title\" content=\"Merci - Warranty - Suzuki Canada Inc.\" \/>\n<meta property=\"og:description\" content=\"\u2026 Continuez \u00e0 lire &gt;\" \/>\n<meta property=\"og:url\" content=\"https:\/\/www.suzuki.ca\/contact\/thank-you-warranty\/\" \/>\n<meta property=\"og:site_name\" content=\"Suzuki Canada Inc.\" \/>\n<meta property=\"article:modified_time\" content=\"2024-07-03T17:39:25+00:00\" \/>\n<meta name=\"twitter:card\" content=\"summary_large_image\" \/>\n<meta name=\"twitter:label1\" content=\"Est. reading time\" \/>\n\t<meta name=\"twitter:data1\" content=\"1 minute\" \/>\n<script type=\"application\/ld+json\" class=\"yoast-schema-graph\">{\"@context\":\"https:\\\/\\\/schema.org\",\"@graph\":[{\"@type\":\"WebPage\",\"@id\":\"https:\\\/\\\/www.suzuki.ca\\\/contact\\\/thank-you-warranty\\\/\",\"url\":\"https:\\\/\\\/www.suzuki.ca\\\/contact\\\/thank-you-warranty\\\/\",\"name\":\"Merci - Warranty - Suzuki Canada Inc.\",\"isPartOf\":{\"@id\":\"https:\\\/\\\/www.suzuki.ca\\\/#website\"},\"datePublished\":\"2021-12-14T18:02:47+00:00\",\"dateModified\":\"2024-07-03T17:39:25+00:00\",\"breadcrumb\":{\"@id\":\"https:\\\/\\\/www.suzuki.ca\\\/contact\\\/thank-you-warranty\\\/#breadcrumb\"},\"inLanguage\":\"fr-FR\",\"potentialAction\":[{\"@type\":\"ReadAction\",\"target\":[\"https:\\\/\\\/www.suzuki.ca\\\/contact\\\/thank-you-warranty\\\/\"]}]},{\"@type\":\"BreadcrumbList\",\"@id\":\"https:\\\/\\\/www.suzuki.ca\\\/contact\\\/thank-you-warranty\\\/#breadcrumb\",\"itemListElement\":[{\"@type\":\"ListItem\",\"position\":1,\"name\":\"Accueil\",\"item\":\"https:\\\/\\\/www.suzuki.ca\\\/fr\\\/\"},{\"@type\":\"ListItem\",\"position\":2,\"name\":\"Contactez nous\",\"item\":\"https:\\\/\\\/www.suzuki.ca\\\/contact\\\/\"},{\"@type\":\"ListItem\",\"position\":3,\"name\":\"Merci &#8211; Warranty\"}]},{\"@type\":\"WebSite\",\"@id\":\"https:\\\/\\\/www.suzuki.ca\\\/#website\",\"url\":\"https:\\\/\\\/www.suzuki.ca\\\/\",\"name\":\"Suzuki Canada Inc.\",\"description\":\"The Official Home of Suzuki Canada Motorcycle, ATV, and Marine models and accessories.\",\"publisher\":{\"@id\":\"https:\\\/\\\/www.suzuki.ca\\\/#organization\"},\"potentialAction\":[{\"@type\":\"SearchAction\",\"target\":{\"@type\":\"EntryPoint\",\"urlTemplate\":\"https:\\\/\\\/www.suzuki.ca\\\/?s={search_term_string}\"},\"query-input\":{\"@type\":\"PropertyValueSpecification\",\"valueRequired\":true,\"valueName\":\"search_term_string\"}}],\"inLanguage\":\"fr-FR\"},{\"@type\":\"Organization\",\"@id\":\"https:\\\/\\\/www.suzuki.ca\\\/#organization\",\"name\":\"Suzuki Canada Inc.\",\"url\":\"https:\\\/\\\/www.suzuki.ca\\\/\",\"logo\":{\"@type\":\"ImageObject\",\"inLanguage\":\"fr-FR\",\"@id\":\"https:\\\/\\\/www.suzuki.ca\\\/#\\\/schema\\\/logo\\\/image\\\/\",\"url\":\"https:\\\/\\\/www.suzuki.ca\\\/wp-content\\\/uploads\\\/Suzuki_Logo_Parallelogram.svg\",\"contentUrl\":\"https:\\\/\\\/www.suzuki.ca\\\/wp-content\\\/uploads\\\/Suzuki_Logo_Parallelogram.svg\",\"caption\":\"Suzuki Canada Inc.\"},\"image\":{\"@id\":\"https:\\\/\\\/www.suzuki.ca\\\/#\\\/schema\\\/logo\\\/image\\\/\"}}]}<\/script>\n<!-- \/ Yoast SEO plugin. -->","yoast_head_json":{"title":"Merci - Warranty - Suzuki Canada Inc.","robots":{"index":"index","follow":"follow","max-snippet":"max-snippet:-1","max-image-preview":"max-image-preview:large","max-video-preview":"max-video-preview:-1"},"canonical":"https:\/\/www.suzuki.ca\/contact\/thank-you-warranty\/","og_locale":"fr_FR","og_type":"article","og_title":"Merci - Warranty - Suzuki Canada Inc.","og_description":"\u2026 Continuez \u00e0 lire >","og_url":"https:\/\/www.suzuki.ca\/contact\/thank-you-warranty\/","og_site_name":"Suzuki Canada Inc.","article_modified_time":"2024-07-03T17:39:25+00:00","twitter_card":"summary_large_image","twitter_misc":{"Est. reading time":"1 minute"},"schema":{"@context":"https:\/\/schema.org","@graph":[{"@type":"WebPage","@id":"https:\/\/www.suzuki.ca\/contact\/thank-you-warranty\/","url":"https:\/\/www.suzuki.ca\/contact\/thank-you-warranty\/","name":"Merci - Warranty - Suzuki Canada Inc.","isPartOf":{"@id":"https:\/\/www.suzuki.ca\/#website"},"datePublished":"2021-12-14T18:02:47+00:00","dateModified":"2024-07-03T17:39:25+00:00","breadcrumb":{"@id":"https:\/\/www.suzuki.ca\/contact\/thank-you-warranty\/#breadcrumb"},"inLanguage":"fr-FR","potentialAction":[{"@type":"ReadAction","target":["https:\/\/www.suzuki.ca\/contact\/thank-you-warranty\/"]}]},{"@type":"BreadcrumbList","@id":"https:\/\/www.suzuki.ca\/contact\/thank-you-warranty\/#breadcrumb","itemListElement":[{"@type":"ListItem","position":1,"name":"Accueil","item":"https:\/\/www.suzuki.ca\/fr\/"},{"@type":"ListItem","position":2,"name":"Contactez nous","item":"https:\/\/www.suzuki.ca\/contact\/"},{"@type":"ListItem","position":3,"name":"Merci &#8211; Warranty"}]},{"@type":"WebSite","@id":"https:\/\/www.suzuki.ca\/#website","url":"https:\/\/www.suzuki.ca\/","name":"Suzuki Canada Inc.","description":"The Official Home of Suzuki Canada Motorcycle, ATV, and Marine models and accessories.","publisher":{"@id":"https:\/\/www.suzuki.ca\/#organization"},"potentialAction":[{"@type":"SearchAction","target":{"@type":"EntryPoint","urlTemplate":"https:\/\/www.suzuki.ca\/?s={search_term_string}"},"query-input":{"@type":"PropertyValueSpecification","valueRequired":true,"valueName":"search_term_string"}}],"inLanguage":"fr-FR"},{"@type":"Organization","@id":"https:\/\/www.suzuki.ca\/#organization","name":"Suzuki Canada Inc.","url":"https:\/\/www.suzuki.ca\/","logo":{"@type":"ImageObject","inLanguage":"fr-FR","@id":"https:\/\/www.suzuki.ca\/#\/schema\/logo\/image\/","url":"https:\/\/www.suzuki.ca\/wp-content\/uploads\/Suzuki_Logo_Parallelogram.svg","contentUrl":"https:\/\/www.suzuki.ca\/wp-content\/uploads\/Suzuki_Logo_Parallelogram.svg","caption":"Suzuki Canada Inc."},"image":{"@id":"https:\/\/www.suzuki.ca\/#\/schema\/logo\/image\/"}}]}},"_links":{"self":[{"href":"https:\/\/www.suzuki.ca\/fr\/wp-json\/wp\/v2\/pages\/41649","targetHints":{"allow":["GET"]}}],"collection":[{"href":"https:\/\/www.suzuki.ca\/fr\/wp-json\/wp\/v2\/pages"}],"about":[{"href":"https:\/\/www.suzuki.ca\/fr\/wp-json\/wp\/v2\/types\/page"}],"author":[{"embeddable":true,"href":"https:\/\/www.suzuki.ca\/fr\/wp-json\/wp\/v2\/users\/1"}],"replies":[{"embeddable":true,"href":"https:\/\/www.suzuki.ca\/fr\/wp-json\/wp\/v2\/comments?post=41649"}],"version-history":[{"count":0,"href":"https:\/\/www.suzuki.ca\/fr\/wp-json\/wp\/v2\/pages\/41649\/revisions"}],"up":[{"embeddable":true,"href":"https:\/\/www.suzuki.ca\/fr\/wp-json\/wp\/v2\/pages\/3309"}],"wp:attachment":[{"href":"https:\/\/www.suzuki.ca\/fr\/wp-json\/wp\/v2\/media?parent=41649"}],"curies":[{"name":"wp","href":"https:\/\/api.w.org\/{rel}","templated":true}]}}