{"id":49099,"date":"2023-07-04T12:20:52","date_gmt":"2023-07-04T16:20:52","guid":{"rendered":"https:\/\/www.suzuki.ca\/?page_id=49099"},"modified":"2023-07-05T10:17:17","modified_gmt":"2023-07-05T14:17:17","slug":"25-anniversary-hayabusa","status":"publish","type":"page","link":"https:\/\/www.suzuki.ca\/fr\/25-anniversary-hayabusa\/","title":{"rendered":"HAYABUSA 25E ANNIVERSAIRE"},"content":{"rendered":"<div class=\"wpb-content-wrapper\"><p>[vc_row full_height=&#8221;yes&#8221; css=&#8221;.vc_custom_1688495887136{background-image: url(https:\/\/www.suzuki.ca\/wp-content\/uploads\/hero-image-fr.jpg?id=49119) !important;background-position: center !important;background-repeat: no-repeat !important;background-size: cover !important;}&#8221; el_class=&#8221;d-none d-lg-block&#8221; el_id=&#8221;hero-desktop&#8221;][vc_column][\/vc_column][\/vc_row][vc_row full_height=&#8221;yes&#8221; css=&#8221;.vc_custom_1688498505679{background-image: url(https:\/\/www.suzuki.ca\/wp-content\/uploads\/hero-mobile-fr-2.jpg?id=49133) !important;background-position: center !important;background-repeat: no-repeat !important;background-size: cover !important;}&#8221; el_id=&#8221;hero-mobile&#8221; el_class=&#8221;d-lg-none&#8221;][vc_column][\/vc_column][\/vc_row][vc_row css=&#8221;.vc_custom_1688476191031{background-color: #3a3a3a !important;}&#8221;][vc_column el_class=&#8221;width-container p-4 white-text&#8221;][vc_column_text css=&#8221;.vc_custom_1688487419553{margin-bottom: 0px !important;}&#8221;]<\/p>\n<h1 style=\"text-align: center;\">LA C\u00c9L\u00c8BRE HAYABUSA \u00c9DITION 25E ANNIVERSAIRE \u2013 DISPONIBLE EN PR\u00c9COMMANDE D\u00c8S MAINTENANT!<\/h1>\n<p>[\/vc_column_text][\/vc_column][\/vc_row][vc_row el_id=&#8221;hayabusa-kanji&#8221;][vc_column][vc_single_image image=&#8221;49096&#8243; img_size=&#8221;full&#8221; css=&#8221;.vc_custom_1688487319860{margin-bottom: 0px !important;}&#8221; el_id=&#8221;hayabusa-kanji-img&#8221;][vc_row_inner el_class=&#8221;width-container py-5 py-lg-6 d-lg-flex&#8221;][vc_column_inner el_class=&#8221;d-center&#8221; offset=&#8221;vc_col-lg-4 vc_col-md-5&#8243;][vc_column_text]C\u00e9l\u00e8bre pour sa puissance, son agilit\u00e9 et sa pr\u00e9sence majestueuse. L\u00e9gendaire pour avoir \u00e9tabli un nouveau niveau de performance sportive ultime et pour avoir conserv\u00e9 la premi\u00e8re place au cours des deux derni\u00e8res d\u00e9cennies dans la cat\u00e9gorie qu\u2019elle a cr\u00e9\u00e9e. Aujourd\u2019hui, l\u2019embl\u00e9matique Hayabusa f\u00eate ses 25\u00a0ans et pour c\u00e9l\u00e9brer l\u2019\u00e9v\u00e9nement, Suzuki pr\u00e9sente une \u00e9dition sp\u00e9ciale 25e\u00a0anniversaire.[\/vc_column_text]\n<a id=\"\" class=\"btn btn-primary text-center\"  href=\"\/fr\/find-a-dealer\/\" target=\"_self\"  >Voir le concessionnaire pour les prix<\/a>\n[\/vc_column_inner][vc_column_inner el_class=&#8221;pt-5 pt-lg-0 pl-lg-5&#8243; offset=&#8221;vc_col-lg-8 vc_col-md-7&#8243;][vc_single_image image=&#8221;49104&#8243; img_size=&#8221;full&#8221; alignment=&#8221;center&#8221; css=&#8221;.vc_custom_1688493956609{margin-bottom: 0px !important;}&#8221;][\/vc_column_inner][\/vc_row_inner][\/vc_column][\/vc_row][vc_row css=&#8221;.vc_custom_1688476191031{background-color: #3a3a3a !important;}&#8221;][vc_column el_class=&#8221;width-container p-4 white-text&#8221;][vc_column_text css=&#8221;.vc_custom_1688487471170{margin-bottom: 0px !important;}&#8221;]<\/p>\n<h2 style=\"text-align: center;\">Procurez-vous la Hayabusa 25e anniversaire, qui d\u00e9finit la classe, et mettez la main sur un morceau d\u2019histoire<\/h2>\n<p>[\/vc_column_text][\/vc_column][\/vc_row][vc_row el_class=&#8221;d-flex-wrapper b-row&#8221; css=&#8221;.vc_custom_1688478748253{border-top-width: 1px !important;border-right-width: 1px !important;border-bottom-width: 1px !important;border-left-width: 1px !important;border-left-color: #ffffff !important;border-left-style: solid !important;border-right-color: #ffffff !important;border-right-style: solid !important;border-top-color: #ffffff !important;border-top-style: solid !important;border-bottom-color: #ffffff !important;border-bottom-style: solid !important;}&#8221;][vc_column]\r\n\r\n<div class=\"hayabusa-highlight col-12 col-md-6 col-lg-4\">\r\n\t<div class=\"hayabusa-highlight-image\">\r\n\t\t<img decoding=\"async\" class=\"mb-0\" src=\"https:\/\/www.suzuki.ca\/wp-content\/uploads\/fuel-tank.jpg\" alt=\"Embl\u00e8me du 25e anniversaire sur le r\u00e9servoir de carburant\">\r\n\t<\/div>\r\n\t<div class=\"hayabusa-highlight-content\">\r\n\t\t<p class=\"mb-0\">Embl\u00e8me du 25e anniversaire sur le r\u00e9servoir de carburant<\/p>\r\n\t<\/div>\r\n<\/div>\r\n\r\n<div class=\"hayabusa-highlight col-12 col-md-6 col-lg-4\">\r\n\t<div class=\"hayabusa-highlight-image\">\r\n\t\t<img decoding=\"async\" class=\"mb-0\" src=\"https:\/\/www.suzuki.ca\/wp-content\/uploads\/chain-adjuster.jpg\" alt=\"Rotor de frein int\u00e9rieur et tendeur de cha\u00eene anodis\u00e9s or\">\r\n\t<\/div>\r\n\t<div class=\"hayabusa-highlight-content\">\r\n\t\t<p class=\"mb-0\">Rotor de frein int\u00e9rieur et tendeur de cha\u00eene anodis\u00e9s or<\/p>\r\n\t<\/div>\r\n<\/div>\r\n\r\n<div class=\"hayabusa-highlight col-12 col-md-6 col-lg-4\">\r\n\t<div class=\"hayabusa-highlight-image\">\r\n\t\t<img decoding=\"async\" class=\"mb-0\" src=\"https:\/\/www.suzuki.ca\/wp-content\/uploads\/seat-3.jpg\" alt=\"Capot de selle simple inclus\">\r\n\t<\/div>\r\n\t<div class=\"hayabusa-highlight-content\">\r\n\t\t<p class=\"mb-0\">Capot de selle simple inclus<\/p>\r\n\t<\/div>\r\n<\/div>\r\n\r\n<div class=\"hayabusa-highlight col-12 col-md-6 col-lg-4\">\r\n\t<div class=\"hayabusa-highlight-image\">\r\n\t\t<img decoding=\"async\" class=\"mb-0\" src=\"https:\/\/www.suzuki.ca\/wp-content\/uploads\/muffler.jpg\" alt=\"Sceau du 25e anniversaire grav\u00e9 par grenaillage sur le silencieux\">\r\n\t<\/div>\r\n\t<div class=\"hayabusa-highlight-content\">\r\n\t\t<p class=\"mb-0\">Sceau du 25e anniversaire grav\u00e9 par grenaillage sur le silencieux<\/p>\r\n\t<\/div>\r\n<\/div>\r\n\r\n<div class=\"hayabusa-highlight col-12 col-md-6 col-lg-4\">\r\n\t<div class=\"hayabusa-highlight-image\">\r\n\t\t<img decoding=\"async\" class=\"mb-0\" src=\"https:\/\/www.suzuki.ca\/wp-content\/uploads\/drive-chain.jpg\" alt=\"Logo Hayabusa Kanji sur la cha\u00eene d\u2019entra\u00eenement\">\r\n\t<\/div>\r\n\t<div class=\"hayabusa-highlight-content\">\r\n\t\t<p class=\"mb-0\">Logo Hayabusa Kanji sur la cha\u00eene d\u2019entra\u00eenement<\/p>\r\n\t<\/div>\r\n<\/div>\r\n\r\n<div class=\"hayabusa-highlight col-12 col-md-6 col-lg-4\">\r\n\t<div class=\"hayabusa-highlight-image\">\r\n\t\t<img decoding=\"async\" class=\"mb-0\" src=\"https:\/\/www.suzuki.ca\/wp-content\/uploads\/side-cowl.jpg\" alt=\"Moulure noire sur le capot\">\r\n\t<\/div>\r\n\t<div class=\"hayabusa-highlight-content\">\r\n\t\t<p class=\"mb-0\">Moulure noire sur le capot<\/p>\r\n\t<\/div>\r\n<\/div>[\/vc_column][\/vc_row][vc_row el_class=&#8221;width-container py-5 py-lg-6&#8243;][vc_column offset=&#8221;vc_col-lg-offset-2 vc_col-lg-8 vc_col-md-offset-1 vc_col-md-10&#8243; el_class=&#8221;text-center&#8221;][vc_column_text]<\/p>\n<h2 style=\"text-align: center;\">Agissez vite<\/h2>\n<p>[\/vc_column_text][vc_column_text]Le nombre de mod\u00e8les de l\u2019\u00e9dition 25e\u00a0anniversaire disponible au Canada est extr\u00eamement limit\u00e9. Les unit\u00e9s sont vendues selon le principe du premier arriv\u00e9, premier servi.* Contactez votre concessionnaire pour en savoir plus.[\/vc_column_text]\n<a id=\"\" class=\"btn btn-primary\"  href=\"\/fr\/find-a-dealer\/\" target=\"_self\"  >Voir le concessionnaire pour les prix<\/a>\n[\/vc_column][\/vc_row][vc_row el_class=&#8221;width-container&#8221;][vc_column][vc_column_text el_class=&#8221;text-small pb-3&#8243; css=&#8221;.vc_custom_1688566633450{margin-bottom: 0px !important;}&#8221;]<\/p>\n<p style=\"text-align: center;\">*Les unit\u00e9s sont vendues sur la base du premier arriv\u00e9, premier servi aux acheteurs ayant un contrat v\u00e9rifi\u00e9 et un d\u00e9p\u00f4t pay\u00e9. Visitez ou contactez votre concessionnaire local pour plus d\u2019informations.<\/p>\n<p>[\/vc_column_text][\/vc_column][\/vc_row][vc_row css=&#8221;.vc_custom_1688487299989{background-image: url(https:\/\/www.suzuki.ca\/wp-content\/uploads\/discover-1.jpg?id=49094) !important;background-position: center !important;background-repeat: no-repeat !important;background-size: cover !important;}&#8221;][vc_column el_class=&#8221;width-container py-5 py-lg-6 white-text&#8221; css=&#8221;.vc_custom_1688485383414{margin-bottom: 0px !important;}&#8221;][vc_column_text el_class=&#8221;underline&#8221; css=&#8221;.vc_custom_1688495799391{margin-bottom: 0px !important;}&#8221;]<\/p>\n<h2 style=\"text-align: center;\"><a href=\"\/fr\/product\/2023-hayabusa\/\">D\u00e9couvrez les caract\u00e9ristiques qui ont fait de la nouvelle Hayabusa un classique instantan\u00e9<\/a><\/h2>\n<p>[\/vc_column_text][\/vc_column][\/vc_row]<\/p>\n<\/div>","protected":false},"excerpt":{"rendered":"<p>\u2026 <a class=\"blog-readmore\" href=\"https:\/\/www.suzuki.ca\/fr\/25-anniversary-hayabusa\/\">Continuez \u00e0 lire ><\/a><\/p>\n","protected":false},"author":1,"featured_media":0,"parent":0,"menu_order":0,"comment_status":"closed","ping_status":"closed","template":"","meta":{"_acf_changed":false,"site-sidebar-layout":"no-sidebar","site-content-layout":"plain-container","ast-site-content-layout":"default","site-content-style":"default","site-sidebar-style":"default","ast-global-header-display":"","ast-banner-title-visibility":"","ast-main-header-display":"","ast-hfb-above-header-display":"","ast-hfb-below-header-display":"","ast-hfb-mobile-header-display":"","site-post-title":"disabled","ast-breadcrumbs-content":"","ast-featured-img":"disabled","footer-sml-layout":"","ast-disable-related-posts":"","theme-transparent-header-meta":"default","adv-header-id-meta":"","stick-header-meta":"default","header-above-stick-meta":"","header-main-stick-meta":"","header-below-stick-meta":"","astra-migrate-meta-layouts":"default","ast-page-background-enabled":"default","ast-page-background-meta":{"desktop":{"background-color":"","background-image":"","background-repeat":"repeat","background-position":"center center","background-size":"auto","background-attachment":"scroll","background-type":"","background-media":"","overlay-type":"","overlay-color":"","overlay-opacity":"","overlay-gradient":""},"tablet":{"background-color":"","background-image":"","background-repeat":"repeat","background-position":"center center","background-size":"auto","background-attachment":"scroll","background-type":"","background-media":"","overlay-type":"","overlay-color":"","overlay-opacity":"","overlay-gradient":""},"mobile":{"background-color":"","background-image":"","background-repeat":"repeat","background-position":"center center","background-size":"auto","background-attachment":"scroll","background-type":"","background-media":"","overlay-type":"","overlay-color":"","overlay-opacity":"","overlay-gradient":""}},"ast-content-background-meta":{"desktop":{"background-color":"var(--ast-global-color-5)","background-image":"","background-repeat":"repeat","background-position":"center center","background-size":"auto","background-attachment":"scroll","background-type":"","background-media":"","overlay-type":"","overlay-color":"","overlay-opacity":"","overlay-gradient":""},"tablet":{"background-color":"var(--ast-global-color-5)","background-image":"","background-repeat":"repeat","background-position":"center center","background-size":"auto","background-attachment":"scroll","background-type":"","background-media":"","overlay-type":"","overlay-color":"","overlay-opacity":"","overlay-gradient":""},"mobile":{"background-color":"var(--ast-global-color-5)","background-image":"","background-repeat":"repeat","background-position":"center center","background-size":"auto","background-attachment":"scroll","background-type":"","background-media":"","overlay-type":"","overlay-color":"","overlay-opacity":"","overlay-gradient":""}},"footnotes":""},"class_list":["post-49099","page","type-page","status-publish","hentry"],"acf":[],"yoast_head":"<!-- This site is optimized with the Yoast SEO plugin v27.3 - https:\/\/yoast.com\/product\/yoast-seo-wordpress\/ -->\n<title>HAYABUSA 25E ANNIVERSAIRE - Suzuki Canada Inc.<\/title>\n<meta name=\"robots\" content=\"index, follow, max-snippet:-1, max-image-preview:large, max-video-preview:-1\" \/>\n<link rel=\"canonical\" href=\"https:\/\/www.suzuki.ca\/25-anniversary-hayabusa\/\" \/>\n<meta property=\"og:locale\" content=\"fr_FR\" \/>\n<meta property=\"og:type\" content=\"article\" \/>\n<meta property=\"og:title\" content=\"HAYABUSA 25E ANNIVERSAIRE - Suzuki Canada Inc.\" \/>\n<meta property=\"og:description\" content=\"\u2026 Continuez \u00e0 lire &gt;\" \/>\n<meta property=\"og:url\" content=\"https:\/\/www.suzuki.ca\/25-anniversary-hayabusa\/\" \/>\n<meta property=\"og:site_name\" content=\"Suzuki Canada Inc.\" \/>\n<meta property=\"article:modified_time\" content=\"2023-07-05T14:17:17+00:00\" \/>\n<meta name=\"twitter:card\" content=\"summary_large_image\" \/>\n<meta name=\"twitter:label1\" content=\"Est. reading time\" \/>\n\t<meta name=\"twitter:data1\" content=\"2 minutes\" \/>\n<script type=\"application\/ld+json\" class=\"yoast-schema-graph\">{\"@context\":\"https:\\\/\\\/schema.org\",\"@graph\":[{\"@type\":\"WebPage\",\"@id\":\"https:\\\/\\\/www.suzuki.ca\\\/25-anniversary-hayabusa\\\/\",\"url\":\"https:\\\/\\\/www.suzuki.ca\\\/25-anniversary-hayabusa\\\/\",\"name\":\"HAYABUSA 25E ANNIVERSAIRE - Suzuki Canada Inc.\",\"isPartOf\":{\"@id\":\"https:\\\/\\\/www.suzuki.ca\\\/#website\"},\"datePublished\":\"2023-07-04T16:20:52+00:00\",\"dateModified\":\"2023-07-05T14:17:17+00:00\",\"breadcrumb\":{\"@id\":\"https:\\\/\\\/www.suzuki.ca\\\/25-anniversary-hayabusa\\\/#breadcrumb\"},\"inLanguage\":\"fr-FR\",\"potentialAction\":[{\"@type\":\"ReadAction\",\"target\":[\"https:\\\/\\\/www.suzuki.ca\\\/25-anniversary-hayabusa\\\/\"]}]},{\"@type\":\"BreadcrumbList\",\"@id\":\"https:\\\/\\\/www.suzuki.ca\\\/25-anniversary-hayabusa\\\/#breadcrumb\",\"itemListElement\":[{\"@type\":\"ListItem\",\"position\":1,\"name\":\"Accueil\",\"item\":\"https:\\\/\\\/www.suzuki.ca\\\/fr\\\/\"},{\"@type\":\"ListItem\",\"position\":2,\"name\":\"HAYABUSA 25E ANNIVERSAIRE\"}]},{\"@type\":\"WebSite\",\"@id\":\"https:\\\/\\\/www.suzuki.ca\\\/#website\",\"url\":\"https:\\\/\\\/www.suzuki.ca\\\/\",\"name\":\"Suzuki Canada Inc.\",\"description\":\"The Official Home of Suzuki Canada Motorcycle, ATV, and Marine models and accessories.\",\"publisher\":{\"@id\":\"https:\\\/\\\/www.suzuki.ca\\\/#organization\"},\"potentialAction\":[{\"@type\":\"SearchAction\",\"target\":{\"@type\":\"EntryPoint\",\"urlTemplate\":\"https:\\\/\\\/www.suzuki.ca\\\/?s={search_term_string}\"},\"query-input\":{\"@type\":\"PropertyValueSpecification\",\"valueRequired\":true,\"valueName\":\"search_term_string\"}}],\"inLanguage\":\"fr-FR\"},{\"@type\":\"Organization\",\"@id\":\"https:\\\/\\\/www.suzuki.ca\\\/#organization\",\"name\":\"Suzuki Canada Inc.\",\"url\":\"https:\\\/\\\/www.suzuki.ca\\\/\",\"logo\":{\"@type\":\"ImageObject\",\"inLanguage\":\"fr-FR\",\"@id\":\"https:\\\/\\\/www.suzuki.ca\\\/#\\\/schema\\\/logo\\\/image\\\/\",\"url\":\"https:\\\/\\\/www.suzuki.ca\\\/wp-content\\\/uploads\\\/Suzuki_Logo_Parallelogram.svg\",\"contentUrl\":\"https:\\\/\\\/www.suzuki.ca\\\/wp-content\\\/uploads\\\/Suzuki_Logo_Parallelogram.svg\",\"caption\":\"Suzuki Canada Inc.\"},\"image\":{\"@id\":\"https:\\\/\\\/www.suzuki.ca\\\/#\\\/schema\\\/logo\\\/image\\\/\"}}]}<\/script>\n<!-- \/ Yoast SEO plugin. -->","yoast_head_json":{"title":"HAYABUSA 25E ANNIVERSAIRE - Suzuki Canada Inc.","robots":{"index":"index","follow":"follow","max-snippet":"max-snippet:-1","max-image-preview":"max-image-preview:large","max-video-preview":"max-video-preview:-1"},"canonical":"https:\/\/www.suzuki.ca\/25-anniversary-hayabusa\/","og_locale":"fr_FR","og_type":"article","og_title":"HAYABUSA 25E ANNIVERSAIRE - Suzuki Canada Inc.","og_description":"\u2026 Continuez \u00e0 lire >","og_url":"https:\/\/www.suzuki.ca\/25-anniversary-hayabusa\/","og_site_name":"Suzuki Canada Inc.","article_modified_time":"2023-07-05T14:17:17+00:00","twitter_card":"summary_large_image","twitter_misc":{"Est. reading time":"2 minutes"},"schema":{"@context":"https:\/\/schema.org","@graph":[{"@type":"WebPage","@id":"https:\/\/www.suzuki.ca\/25-anniversary-hayabusa\/","url":"https:\/\/www.suzuki.ca\/25-anniversary-hayabusa\/","name":"HAYABUSA 25E ANNIVERSAIRE - Suzuki Canada Inc.","isPartOf":{"@id":"https:\/\/www.suzuki.ca\/#website"},"datePublished":"2023-07-04T16:20:52+00:00","dateModified":"2023-07-05T14:17:17+00:00","breadcrumb":{"@id":"https:\/\/www.suzuki.ca\/25-anniversary-hayabusa\/#breadcrumb"},"inLanguage":"fr-FR","potentialAction":[{"@type":"ReadAction","target":["https:\/\/www.suzuki.ca\/25-anniversary-hayabusa\/"]}]},{"@type":"BreadcrumbList","@id":"https:\/\/www.suzuki.ca\/25-anniversary-hayabusa\/#breadcrumb","itemListElement":[{"@type":"ListItem","position":1,"name":"Accueil","item":"https:\/\/www.suzuki.ca\/fr\/"},{"@type":"ListItem","position":2,"name":"HAYABUSA 25E ANNIVERSAIRE"}]},{"@type":"WebSite","@id":"https:\/\/www.suzuki.ca\/#website","url":"https:\/\/www.suzuki.ca\/","name":"Suzuki Canada Inc.","description":"The Official Home of Suzuki Canada Motorcycle, ATV, and Marine models and accessories.","publisher":{"@id":"https:\/\/www.suzuki.ca\/#organization"},"potentialAction":[{"@type":"SearchAction","target":{"@type":"EntryPoint","urlTemplate":"https:\/\/www.suzuki.ca\/?s={search_term_string}"},"query-input":{"@type":"PropertyValueSpecification","valueRequired":true,"valueName":"search_term_string"}}],"inLanguage":"fr-FR"},{"@type":"Organization","@id":"https:\/\/www.suzuki.ca\/#organization","name":"Suzuki Canada Inc.","url":"https:\/\/www.suzuki.ca\/","logo":{"@type":"ImageObject","inLanguage":"fr-FR","@id":"https:\/\/www.suzuki.ca\/#\/schema\/logo\/image\/","url":"https:\/\/www.suzuki.ca\/wp-content\/uploads\/Suzuki_Logo_Parallelogram.svg","contentUrl":"https:\/\/www.suzuki.ca\/wp-content\/uploads\/Suzuki_Logo_Parallelogram.svg","caption":"Suzuki Canada Inc."},"image":{"@id":"https:\/\/www.suzuki.ca\/#\/schema\/logo\/image\/"}}]}},"_links":{"self":[{"href":"https:\/\/www.suzuki.ca\/fr\/wp-json\/wp\/v2\/pages\/49099","targetHints":{"allow":["GET"]}}],"collection":[{"href":"https:\/\/www.suzuki.ca\/fr\/wp-json\/wp\/v2\/pages"}],"about":[{"href":"https:\/\/www.suzuki.ca\/fr\/wp-json\/wp\/v2\/types\/page"}],"author":[{"embeddable":true,"href":"https:\/\/www.suzuki.ca\/fr\/wp-json\/wp\/v2\/users\/1"}],"replies":[{"embeddable":true,"href":"https:\/\/www.suzuki.ca\/fr\/wp-json\/wp\/v2\/comments?post=49099"}],"version-history":[{"count":0,"href":"https:\/\/www.suzuki.ca\/fr\/wp-json\/wp\/v2\/pages\/49099\/revisions"}],"wp:attachment":[{"href":"https:\/\/www.suzuki.ca\/fr\/wp-json\/wp\/v2\/media?parent=49099"}],"curies":[{"name":"wp","href":"https:\/\/api.w.org\/{rel}","templated":true}]}}