{"id":49541,"date":"2023-08-02T09:49:39","date_gmt":"2023-08-02T13:49:39","guid":{"rendered":"https:\/\/www.suzuki.ca\/?page_id=49541"},"modified":"2025-05-28T15:29:26","modified_gmt":"2025-05-28T19:29:26","slug":"le-projet-clean-ocean","status":"publish","type":"page","link":"https:\/\/www.suzuki.ca\/fr\/le-projet-clean-ocean\/","title":{"rendered":"Le Projet Clean Ocean"},"content":{"rendered":"<div class=\"wpb-content-wrapper\"><p>[vc_row el_id=&#8221;hero&#8221;][vc_column][vc_single_image image=&#8221;49496&#8243; img_size=&#8221;full&#8221; alignment=&#8221;center&#8221; css=&#8221;.vc_custom_1748460552626{margin-bottom: 0px !important;}&#8221; el_id=&#8221;hero-title&#8221;]\n<div class=\"hero-video\">\n\t<div class=\"video-cover\"><\/div>\n\t<video autoplay loop muted playsinline poster='https:\/\/www.suzuki.ca\/wp-content\/uploads\/ride-wave-scaled.jpg'>\n\t\t\t<source src='\/wp-content\/uploads\/clean-ocean-project-vid.mp4' type='video\/mp4' onerror='fallback(parentNode)'>\n\t\t\t<\/video>\n<\/div>[\/vc_column][\/vc_row][vc_row css=&#8221;.vc_custom_1690899833406{background-color: #e8ecee !important;}&#8221; el_class=&#8221;py-5&#8243;][vc_column el_class=&#8221;width-container text-center&#8221; offset=&#8221;vc_col-lg-offset-3 vc_col-lg-6 vc_col-md-offset-2 vc_col-md-8&#8243;][vc_column_text css=&#8221;.vc_custom_1748459276359{margin-bottom: 0px !important;}&#8221; el_class=&#8221;pb-4&#8243;]<\/p>\n<h1>Clean Ocean Project<\/h1>\n<p>[\/vc_column_text][vc_column_text]L\u2019engagement de Suzuki va au-del\u00e0 de l\u2019excellence en mati\u00e8re de conception et de qualit\u00e9 pour garantir un environnement marin intact, pierre angulaire de l\u2019exp\u00e9rience marine ultime.[\/vc_column_text][vc_column_text]Depuis plus de dix ans, Suzuki Global soutient la campagne annuelle \u00ab Clean-Up the World \u00bb qui a rassembl\u00e9 plus de 10 000 personnes* dans le monde entier dans le but de prot\u00e9ger nos oc\u00e9ans.[\/vc_column_text][vc_column_text css=&#8221;.vc_custom_1691002059442{margin-bottom: 0px !important;}&#8221;]*En date de d\u00e9cembre 2021.[\/vc_column_text][\/vc_column][\/vc_row][vc_row css=&#8221;.vc_custom_1690900343149{background-color: #023045 !important;}&#8221; el_class=&#8221;py-5 white-text&#8221;][vc_column el_class=&#8221;width-container&#8221;][vc_row_inner el_class=&#8221;d-lg-flex&#8221;][vc_column_inner el_class=&#8221;d-center pr-lg-5 py-2&#8243; offset=&#8221;vc_col-md-6&#8243; el_id=&#8221;red-bar&#8221;][vc_column_text css=&#8221;.vc_custom_1691001953513{margin-bottom: 0px !important;}&#8221; el_class=&#8221;text-lg-right text-center-mobile&#8221;]<\/p>\n<h2>Nos engagements<\/h2>\n<p>[\/vc_column_text][\/vc_column_inner][vc_column_inner el_class=&#8221;d-center pl-lg-5 py-2&#8243; offset=&#8221;vc_col-md-6&#8243;][vc_column_text css=&#8221;.vc_custom_1691001975952{margin-bottom: 0px !important;}&#8221; el_id=&#8221;numbers&#8221;]<\/p>\n<ol>\n<li>Campagne \u00ab Clean-Up the World \u00bb<\/li>\n<li>R\u00e9duire les emballages en plastique<\/li>\n<li>Collecte des d\u00e9chets microplastiques marins<\/li>\n<\/ol>\n<p>[\/vc_column_text][\/vc_column_inner][\/vc_row_inner][\/vc_column][\/vc_row][vc_row el_class=&#8221;width-container px-0 pt-5 pb-lg-5 d-lg-flex&#8221;][vc_column el_class=&#8221;px-3 pl-lg-0 pr-lg-4 d-center text-center-mobile&#8221; offset=&#8221;vc_col-md-6&#8243;][vc_column_text css=&#8221;.vc_custom_1691001982437{margin-bottom: 0px !important;}&#8221; el_class=&#8221;pb-4&#8243;]<\/p>\n<h2>Campagne \u00ab Clean-Up the World \u00bb<\/h2>\n<p>[\/vc_column_text][vc_column_text]L\u2019ultime moteur hors-bord n\u2019est pas seulement une question de puissance, c\u2019est aussi une question de responsabilit\u00e9. C\u2019est pourquoi Suzuki, depuis plus d\u2019une d\u00e9cennie, ne se contente pas de fournir des moteurs hors-bord imbattables, mais prend \u00e9galement l\u2019initiative de nettoyer nos oc\u00e9ans par le biais d\u2019initiatives mondiales \u00ab Clean-Up the World \u00bb.[\/vc_column_text][vc_column_text]Dans le cadre de l\u2019engagement mondial de Suzuki \u00e0 nettoyer les environnements marins de la plan\u00e8te, Suzuki Canada a particip\u00e9 \u00e0 ses propres \u00e9v\u00e9nements \u00ab Clean-Up the World \u00bb d\u2019un oc\u00e9an \u00e0 l\u2019autre. [\/vc_column_text][vc_column_text css=&#8221;.vc_custom_1691001999324{margin-bottom: 0px !important;}&#8221;]Nous vous invitons \u00e0 vous joindre \u00e0 nous dans notre engagement \u00e0 pr\u00e9server la splendeur impressionnante de nos \u00e9cosyst\u00e8mes marins pour les g\u00e9n\u00e9rations \u00e0 venir. [\/vc_column_text][\/vc_column][vc_column el_class=&#8221;px-3 pr-lg-0 pl-lg-4 d-center pt-5 pt-lg-0&#8243; offset=&#8221;vc_col-md-6&#8243; css=&#8221;.vc_custom_1690983401035{margin-bottom: 0px !important;}&#8221;]<div id=\"ult-carousel-421156748469e4cd2e504cb\" class=\"ult-carousel-wrapper  vc_custom_1690982675086  ult_horizontal\" data-gutter=\"15\" data-rtl=\"false\" ><div class=\"ult-carousel-141986563069e4cd2e503b6 \" >[vc_single_image image=&#8221;49521&#8243; img_size=&#8221;full&#8221; alignment=&#8221;center&#8221; css=&#8221;.vc_custom_1690901927855{margin-bottom: 0px !important;}&#8221;][vc_single_image image=&#8221;49519&#8243; img_size=&#8221;full&#8221; alignment=&#8221;center&#8221; css=&#8221;.vc_custom_1690901876883{margin-bottom: 0px !important;}&#8221;][vc_single_image image=&#8221;49517&#8243; img_size=&#8221;full&#8221; alignment=&#8221;center&#8221; css=&#8221;.vc_custom_1690901885285{margin-bottom: 0px !important;}&#8221;][vc_single_image image=&#8221;49527&#8243; img_size=&#8221;full&#8221; alignment=&#8221;center&#8221; css=&#8221;.vc_custom_1690901899115{margin-bottom: 0px !important;}&#8221;][vc_single_image image=&#8221;49523&#8243; img_size=&#8221;full&#8221; alignment=&#8221;center&#8221; css=&#8221;.vc_custom_1690901908932{margin-bottom: 0px !important;}&#8221;][vc_single_image image=&#8221;49525&#8243; img_size=&#8221;full&#8221; alignment=&#8221;center&#8221; css=&#8221;.vc_custom_1690901918255{margin-bottom: 0px !important;}&#8221;]<\/div><\/div>\t\t\t<script type=\"text\/javascript\">\n\t\t\t\tjQuery(document).ready(function ($) {\n\t\t\t\t\tif( typeof jQuery('.ult-carousel-141986563069e4cd2e503b6').slick == \"function\"){\n\t\t\t\t\t\t$('.ult-carousel-141986563069e4cd2e503b6').slick({dots: false,autoplay: true,autoplaySpeed: \"5000\",speed: \"300\",infinite: true,arrows: true,nextArrow: '<button type=\"button\" role=\"button\" aria-label=\"Next\" style=\"color:#333333; font-size:34px;\" class=\"slick-next default\"><i class=\"ultsl-arrow-right4\"><\/i><\/button>',prevArrow: '<button type=\"button\" role=\"button\" aria-label=\"Previous\" style=\"color:#333333; font-size:34px;\" class=\"slick-prev default\"><i class=\"ultsl-arrow-left4\"><\/i><\/button>',slidesToScroll:1,slidesToShow:1,swipe: true,draggable: true,touchMove: true,pauseOnHover: true,pauseOnFocus: false,responsive: [\n\t\t\t\t\t\t\t{\n\t\t\t\t\t\t\t  breakpoint: 1026,\n\t\t\t\t\t\t\t  settings: {\n\t\t\t\t\t\t\t\tslidesToShow: 1,\n\t\t\t\t\t\t\t\tslidesToScroll: 1,  \n\t\t\t\t\t\t\t  }\n\t\t\t\t\t\t\t},\n\t\t\t\t\t\t\t{\n\t\t\t\t\t\t\t  breakpoint: 1025,\n\t\t\t\t\t\t\t  settings: {\n\t\t\t\t\t\t\t\tslidesToShow: 1,\n\t\t\t\t\t\t\t\tslidesToScroll: 1\n\t\t\t\t\t\t\t  }\n\t\t\t\t\t\t\t},\n\t\t\t\t\t\t\t{\n\t\t\t\t\t\t\t  breakpoint: 760,\n\t\t\t\t\t\t\t  settings: {\n\t\t\t\t\t\t\t\tslidesToShow: 1,\n\t\t\t\t\t\t\t\tslidesToScroll: 1\n\t\t\t\t\t\t\t  }\n\t\t\t\t\t\t\t}\n\t\t\t\t\t\t],pauseOnDotsHover: true,customPaging: function(slider, i) {\n                   return '<i type=\"button\" style= \"color:#333333;\" class=\"ultsl-record\" data-role=\"none\"><\/i>';\n                },});\n\t\t\t\t\t}\n\t\t\t\t});\n\t\t\t<\/script>\n\t\t\t[\/vc_column][\/vc_row][vc_row el_class=&#8221;width-container px-0 pt-5 pb-lg-5 d-lg-flex&#8221;][vc_column el_class=&#8221;px-3 pr-lg-0 pl-lg-4 d-center text-center-mobile order-last&#8221; offset=&#8221;vc_col-md-6&#8243;][vc_column_text css=&#8221;.vc_custom_1691002006711{margin-bottom: 0px !important;}&#8221; el_class=&#8221;pb-4&#8243;]<\/p>\n<h2>R\u00e9duire les emballages en plastique<\/h2>\n<p>[\/vc_column_text][vc_column_text css=&#8221;.vc_custom_1691002031130{margin-bottom: 0px !important;}&#8221;]Afin d\u2019\u00eatre plus respectueux de notre plan\u00e8te, Suzuki s\u2019efforce non seulement de collecter les d\u00e9chets plastiques gr\u00e2ce \u00e0 son dispositif de collecte des microplastiques (MPC), mais aussi de r\u00e9duire l\u2019emballage plastique de ses produits.[\/vc_column_text][\/vc_column][vc_column el_class=&#8221;px-3 pr-lg-4 pl-lg-0 d-center pt-5 pt-lg-0&#8243; offset=&#8221;vc_col-md-6&#8243; css=&#8221;.vc_custom_1690983408872{margin-bottom: 0px !important;}&#8221;][vc_video link=&#8221;https:\/\/youtu.be\/hoLcbye8sM4&#8243; css=&#8221;.vc_custom_1691085092252{margin-bottom: 0px !important;padding-bottom: 0px !important;}&#8221;][\/vc_column][\/vc_row][vc_row el_class=&#8221;width-container px-0 py-5 d-lg-flex&#8221;][vc_column el_class=&#8221;px-3 pl-lg-0 pr-lg-4 d-center text-center-mobile&#8221; offset=&#8221;vc_col-md-6&#8243;][vc_column_text css=&#8221;.vc_custom_1691002097072{margin-bottom: 0px !important;}&#8221; el_class=&#8221;pb-4&#8243;]<\/p>\n<h2>Collecte des d\u00e9chets microplastiques marins<\/h2>\n<p>[\/vc_column_text][vc_column_text]L\u2019\u00e9l\u00e9ment central de notre campagne est un dispositif de collecte des microplastiques (MPC) de pointe, con\u00e7u exclusivement pour les moteurs hors-bord. Une premi\u00e8re mondiale, cet outil permet aux plaisanciers de participer activement \u00e0 la r\u00e9solution du probl\u00e8me omnipr\u00e9sent de la pollution microplastique.[\/vc_column_text][vc_column_text]Ce dispositif permet aux moteurs hors-bord de collecter les microplastiques sans affecter les performances du moteur ni nuire \u00e0 l\u2019environnement.[\/vc_column_text][vc_column_text css=&#8221;.vc_custom_1691002118978{margin-bottom: 0px !important;}&#8221;]Le MPC a \u00e9t\u00e9 install\u00e9 sur les DF140B\/115B en tant qu\u2019\u00e9quipement de s\u00e9rie pour le march\u00e9 canadien \u00e0 partir de juillet 2022.[\/vc_column_text][\/vc_column][vc_column el_class=&#8221;px-3 pr-lg-0 pl-lg-4 d-center pt-5 pt-lg-0&#8243; offset=&#8221;vc_col-md-6&#8243; css=&#8221;.vc_custom_1690983413708{margin-bottom: 0px !important;}&#8221;][vc_single_image image=&#8221;49587&#8243; img_size=&#8221;full&#8221; alignment=&#8221;center&#8221; css=&#8221;.vc_custom_1691681531165{margin-bottom: 0px !important;}&#8221;][\/vc_column][\/vc_row][vc_row el_class=&#8221;py-5 px-3&#8243; css=&#8221;.vc_custom_1690902090502{background-image: url(https:\/\/www.suzuki.ca\/wp-content\/uploads\/ride-wave-scaled.jpg?id=49493) !important;background-position: center !important;background-repeat: no-repeat !important;background-size: cover !important;}&#8221;][vc_column el_class=&#8221;text-center white-text width-container&#8221;][vc_column_text]<\/p>\n<h2>Voguez sur la vague Suzuki d\u00e8s aujourd\u2019hui<\/h2>\n<p>[\/vc_column_text]\n<a id=\"\" class=\"btn btn-primary\"  href=\"\/fr\/find-a-dealer\/\" target=\"_self\"  >Concessionnaires<\/a>\n[\/vc_column][\/vc_row]<\/p>\n<\/div>","protected":false},"excerpt":{"rendered":"<p>\u2026 <a class=\"blog-readmore\" href=\"https:\/\/www.suzuki.ca\/fr\/le-projet-clean-ocean\/\">Continuez \u00e0 lire ><\/a><\/p>\n","protected":false},"author":1,"featured_media":0,"parent":0,"menu_order":0,"comment_status":"closed","ping_status":"closed","template":"","meta":{"_acf_changed":false,"site-sidebar-layout":"no-sidebar","site-content-layout":"plain-container","ast-site-content-layout":"default","site-content-style":"default","site-sidebar-style":"default","ast-global-header-display":"","ast-banner-title-visibility":"","ast-main-header-display":"","ast-hfb-above-header-display":"","ast-hfb-below-header-display":"","ast-hfb-mobile-header-display":"","site-post-title":"disabled","ast-breadcrumbs-content":"","ast-featured-img":"disabled","footer-sml-layout":"","ast-disable-related-posts":"","theme-transparent-header-meta":"default","adv-header-id-meta":"","stick-header-meta":"default","header-above-stick-meta":"","header-main-stick-meta":"","header-below-stick-meta":"","astra-migrate-meta-layouts":"set","ast-page-background-enabled":"default","ast-page-background-meta":{"desktop":{"background-color":"","background-image":"","background-repeat":"repeat","background-position":"center center","background-size":"auto","background-attachment":"scroll","background-type":"","background-media":"","overlay-type":"","overlay-color":"","overlay-opacity":"","overlay-gradient":""},"tablet":{"background-color":"","background-image":"","background-repeat":"repeat","background-position":"center center","background-size":"auto","background-attachment":"scroll","background-type":"","background-media":"","overlay-type":"","overlay-color":"","overlay-opacity":"","overlay-gradient":""},"mobile":{"background-color":"","background-image":"","background-repeat":"repeat","background-position":"center center","background-size":"auto","background-attachment":"scroll","background-type":"","background-media":"","overlay-type":"","overlay-color":"","overlay-opacity":"","overlay-gradient":""}},"ast-content-background-meta":{"desktop":{"background-color":"var(--ast-global-color-5)","background-image":"","background-repeat":"repeat","background-position":"center center","background-size":"auto","background-attachment":"scroll","background-type":"","background-media":"","overlay-type":"","overlay-color":"","overlay-opacity":"","overlay-gradient":""},"tablet":{"background-color":"var(--ast-global-color-5)","background-image":"","background-repeat":"repeat","background-position":"center center","background-size":"auto","background-attachment":"scroll","background-type":"","background-media":"","overlay-type":"","overlay-color":"","overlay-opacity":"","overlay-gradient":""},"mobile":{"background-color":"var(--ast-global-color-5)","background-image":"","background-repeat":"repeat","background-position":"center center","background-size":"auto","background-attachment":"scroll","background-type":"","background-media":"","overlay-type":"","overlay-color":"","overlay-opacity":"","overlay-gradient":""}},"footnotes":""},"class_list":["post-49541","page","type-page","status-publish","hentry"],"acf":[],"yoast_head":"<!-- This site is optimized with the Yoast SEO plugin v27.3 - https:\/\/yoast.com\/product\/yoast-seo-wordpress\/ -->\n<title>Le Projet Clean Ocean - Suzuki Canada Inc.<\/title>\n<meta name=\"robots\" content=\"index, follow, max-snippet:-1, max-image-preview:large, max-video-preview:-1\" \/>\n<link rel=\"canonical\" href=\"https:\/\/www.suzuki.ca\/clean-ocean-project\/\" \/>\n<meta property=\"og:locale\" content=\"fr_FR\" \/>\n<meta property=\"og:type\" content=\"article\" \/>\n<meta property=\"og:title\" content=\"Le Projet Clean Ocean - Suzuki Canada Inc.\" \/>\n<meta property=\"og:description\" content=\"\u2026 Continuez \u00e0 lire &gt;\" \/>\n<meta property=\"og:url\" content=\"https:\/\/www.suzuki.ca\/clean-ocean-project\/\" \/>\n<meta property=\"og:site_name\" content=\"Suzuki Canada Inc.\" \/>\n<meta property=\"article:modified_time\" content=\"2025-05-28T19:29:26+00:00\" \/>\n<meta name=\"twitter:card\" content=\"summary_large_image\" \/>\n<meta name=\"twitter:label1\" content=\"Est. reading time\" \/>\n\t<meta name=\"twitter:data1\" content=\"5 minutes\" \/>\n<script type=\"application\/ld+json\" class=\"yoast-schema-graph\">{\"@context\":\"https:\\\/\\\/schema.org\",\"@graph\":[{\"@type\":\"WebPage\",\"@id\":\"https:\\\/\\\/www.suzuki.ca\\\/clean-ocean-project\\\/\",\"url\":\"https:\\\/\\\/www.suzuki.ca\\\/clean-ocean-project\\\/\",\"name\":\"Le Projet Clean Ocean - Suzuki Canada Inc.\",\"isPartOf\":{\"@id\":\"https:\\\/\\\/www.suzuki.ca\\\/#website\"},\"datePublished\":\"2023-08-02T13:49:39+00:00\",\"dateModified\":\"2025-05-28T19:29:26+00:00\",\"breadcrumb\":{\"@id\":\"https:\\\/\\\/www.suzuki.ca\\\/clean-ocean-project\\\/#breadcrumb\"},\"inLanguage\":\"fr-FR\",\"potentialAction\":[{\"@type\":\"ReadAction\",\"target\":[\"https:\\\/\\\/www.suzuki.ca\\\/clean-ocean-project\\\/\"]}]},{\"@type\":\"BreadcrumbList\",\"@id\":\"https:\\\/\\\/www.suzuki.ca\\\/clean-ocean-project\\\/#breadcrumb\",\"itemListElement\":[{\"@type\":\"ListItem\",\"position\":1,\"name\":\"Accueil\",\"item\":\"https:\\\/\\\/www.suzuki.ca\\\/fr\\\/\"},{\"@type\":\"ListItem\",\"position\":2,\"name\":\"Le Projet Clean Ocean\"}]},{\"@type\":\"WebSite\",\"@id\":\"https:\\\/\\\/www.suzuki.ca\\\/#website\",\"url\":\"https:\\\/\\\/www.suzuki.ca\\\/\",\"name\":\"Suzuki Canada Inc.\",\"description\":\"The Official Home of Suzuki Canada Motorcycle, ATV, and Marine models and accessories.\",\"publisher\":{\"@id\":\"https:\\\/\\\/www.suzuki.ca\\\/#organization\"},\"potentialAction\":[{\"@type\":\"SearchAction\",\"target\":{\"@type\":\"EntryPoint\",\"urlTemplate\":\"https:\\\/\\\/www.suzuki.ca\\\/?s={search_term_string}\"},\"query-input\":{\"@type\":\"PropertyValueSpecification\",\"valueRequired\":true,\"valueName\":\"search_term_string\"}}],\"inLanguage\":\"fr-FR\"},{\"@type\":\"Organization\",\"@id\":\"https:\\\/\\\/www.suzuki.ca\\\/#organization\",\"name\":\"Suzuki Canada Inc.\",\"url\":\"https:\\\/\\\/www.suzuki.ca\\\/\",\"logo\":{\"@type\":\"ImageObject\",\"inLanguage\":\"fr-FR\",\"@id\":\"https:\\\/\\\/www.suzuki.ca\\\/#\\\/schema\\\/logo\\\/image\\\/\",\"url\":\"https:\\\/\\\/www.suzuki.ca\\\/wp-content\\\/uploads\\\/Suzuki_Logo_Parallelogram.svg\",\"contentUrl\":\"https:\\\/\\\/www.suzuki.ca\\\/wp-content\\\/uploads\\\/Suzuki_Logo_Parallelogram.svg\",\"caption\":\"Suzuki Canada Inc.\"},\"image\":{\"@id\":\"https:\\\/\\\/www.suzuki.ca\\\/#\\\/schema\\\/logo\\\/image\\\/\"}}]}<\/script>\n<!-- \/ Yoast SEO plugin. -->","yoast_head_json":{"title":"Le Projet Clean Ocean - Suzuki Canada Inc.","robots":{"index":"index","follow":"follow","max-snippet":"max-snippet:-1","max-image-preview":"max-image-preview:large","max-video-preview":"max-video-preview:-1"},"canonical":"https:\/\/www.suzuki.ca\/clean-ocean-project\/","og_locale":"fr_FR","og_type":"article","og_title":"Le Projet Clean Ocean - Suzuki Canada Inc.","og_description":"\u2026 Continuez \u00e0 lire >","og_url":"https:\/\/www.suzuki.ca\/clean-ocean-project\/","og_site_name":"Suzuki Canada Inc.","article_modified_time":"2025-05-28T19:29:26+00:00","twitter_card":"summary_large_image","twitter_misc":{"Est. reading time":"5 minutes"},"schema":{"@context":"https:\/\/schema.org","@graph":[{"@type":"WebPage","@id":"https:\/\/www.suzuki.ca\/clean-ocean-project\/","url":"https:\/\/www.suzuki.ca\/clean-ocean-project\/","name":"Le Projet Clean Ocean - Suzuki Canada Inc.","isPartOf":{"@id":"https:\/\/www.suzuki.ca\/#website"},"datePublished":"2023-08-02T13:49:39+00:00","dateModified":"2025-05-28T19:29:26+00:00","breadcrumb":{"@id":"https:\/\/www.suzuki.ca\/clean-ocean-project\/#breadcrumb"},"inLanguage":"fr-FR","potentialAction":[{"@type":"ReadAction","target":["https:\/\/www.suzuki.ca\/clean-ocean-project\/"]}]},{"@type":"BreadcrumbList","@id":"https:\/\/www.suzuki.ca\/clean-ocean-project\/#breadcrumb","itemListElement":[{"@type":"ListItem","position":1,"name":"Accueil","item":"https:\/\/www.suzuki.ca\/fr\/"},{"@type":"ListItem","position":2,"name":"Le Projet Clean Ocean"}]},{"@type":"WebSite","@id":"https:\/\/www.suzuki.ca\/#website","url":"https:\/\/www.suzuki.ca\/","name":"Suzuki Canada Inc.","description":"The Official Home of Suzuki Canada Motorcycle, ATV, and Marine models and accessories.","publisher":{"@id":"https:\/\/www.suzuki.ca\/#organization"},"potentialAction":[{"@type":"SearchAction","target":{"@type":"EntryPoint","urlTemplate":"https:\/\/www.suzuki.ca\/?s={search_term_string}"},"query-input":{"@type":"PropertyValueSpecification","valueRequired":true,"valueName":"search_term_string"}}],"inLanguage":"fr-FR"},{"@type":"Organization","@id":"https:\/\/www.suzuki.ca\/#organization","name":"Suzuki Canada Inc.","url":"https:\/\/www.suzuki.ca\/","logo":{"@type":"ImageObject","inLanguage":"fr-FR","@id":"https:\/\/www.suzuki.ca\/#\/schema\/logo\/image\/","url":"https:\/\/www.suzuki.ca\/wp-content\/uploads\/Suzuki_Logo_Parallelogram.svg","contentUrl":"https:\/\/www.suzuki.ca\/wp-content\/uploads\/Suzuki_Logo_Parallelogram.svg","caption":"Suzuki Canada Inc."},"image":{"@id":"https:\/\/www.suzuki.ca\/#\/schema\/logo\/image\/"}}]}},"_links":{"self":[{"href":"https:\/\/www.suzuki.ca\/fr\/wp-json\/wp\/v2\/pages\/49541","targetHints":{"allow":["GET"]}}],"collection":[{"href":"https:\/\/www.suzuki.ca\/fr\/wp-json\/wp\/v2\/pages"}],"about":[{"href":"https:\/\/www.suzuki.ca\/fr\/wp-json\/wp\/v2\/types\/page"}],"author":[{"embeddable":true,"href":"https:\/\/www.suzuki.ca\/fr\/wp-json\/wp\/v2\/users\/1"}],"replies":[{"embeddable":true,"href":"https:\/\/www.suzuki.ca\/fr\/wp-json\/wp\/v2\/comments?post=49541"}],"version-history":[{"count":0,"href":"https:\/\/www.suzuki.ca\/fr\/wp-json\/wp\/v2\/pages\/49541\/revisions"}],"wp:attachment":[{"href":"https:\/\/www.suzuki.ca\/fr\/wp-json\/wp\/v2\/media?parent=49541"}],"curies":[{"name":"wp","href":"https:\/\/api.w.org\/{rel}","templated":true}]}}