{"id":51236,"date":"2023-10-31T12:50:32","date_gmt":"2023-10-31T16:50:32","guid":{"rendered":"https:\/\/www.suzuki.ca\/?page_id=51236"},"modified":"2024-05-23T16:06:42","modified_gmt":"2024-05-23T20:06:42","slug":"suzuki-genuine-parts","status":"publish","type":"page","link":"https:\/\/www.suzuki.ca\/fr\/suzuki-warranties\/suzuki-genuine-parts\/","title":{"rendered":"Suzuki Genuine Parts"},"content":{"rendered":"<div class=\"wpb-content-wrapper\"><p>[vc_row el_id=&#8221;breadcrumb&#8221;][vc_column el_class=&#8221;p-1&#8243;][vc_column_text css=&#8221;.vc_custom_1568314340446{margin-bottom: 0px !important;}&#8221;]<span><span><a href=\"https:\/\/www.suzuki.ca\/fr\/\">Accueil<\/a><\/span><\/span>[\/vc_column_text][\/vc_column][\/vc_row][vc_row el_class=&#8221;header-space py-5 py-lg-6 width-container&#8221;][vc_column][vc_column_text el_class=&#8221;text-center&#8221; css=&#8221;.vc_custom_1716494795758{margin-bottom: 0px !important;}&#8221;]<\/p>\n<h1>La promesse SGP authentique des pi\u00e8ces d\u2019origine Suzuki (Suzuki Genuine Parts)<\/h1>\n<p>[\/vc_column_text][\/vc_column][\/vc_row][vc_row el_class=&#8221;pb-5 pb-lg-6 width-container&#8221;][vc_column][vc_column_text el_class=&#8221;seo-h4&#8243;]<\/p>\n<h2>Contexte<\/h2>\n<p>[\/vc_column_text][vc_column_text]Suzuki Canada est fi\u00e8re de pr\u00e9senter la promesse SGP authentique pour toutes les pi\u00e8ces d\u2019origine Suzuki achet\u00e9es chez un concessionnaire Suzuki agr\u00e9\u00e9 au Canada.[\/vc_column_text][vc_column_text el_class=&#8221;seo-h4&#8243;]<\/p>\n<h2>Couverture de la garantie<\/h2>\n<p>[\/vc_column_text][vc_column_text]<strong>Couverture de 12 mois<\/strong> \u00e0 partir de la date d\u2019achat pour toutes les pi\u00e8ces d\u2019origine Suzuki achet\u00e9es au comptoir d\u2019un concessionnaire Suzuki agr\u00e9\u00e9 canadien.<br \/>\n<strong>Couverture de 36\u00a0mois<\/strong> \u00e0 partir de la date d\u2019achat pour toutes les pi\u00e8ces d\u2019origine Suzuki <strong>achet\u00e9es et install\u00e9es<\/strong> par un concessionnaire Suzuki agr\u00e9\u00e9 au Canada.<br \/>\nUn re\u00e7u original valide est requis au moment de la r\u00e9clamation au titre de la garantie.[\/vc_column_text][vc_column_text el_class=&#8221;seo-h4&#8243;]<\/p>\n<h2>Exclusions<\/h2>\n<p>[\/vc_column_text][vc_column_text]<strong>La promesse SGP authentique ne couvre PAS :<\/strong>[\/vc_column_text][vc_column_text]<\/p>\n<ol>\n<li aria-level=\"1\">Les pi\u00e8ces ou accessoires b\u00e9n\u00e9ficiant de leur propre <strong>garantie du fabricant<\/strong> (p. ex., le treuil et ses composants).<\/li>\n<li aria-level=\"1\"><strong>Les pi\u00e8ces d\u2019usure normale<\/strong> (p. ex., pi\u00e8ces en caoutchouc [\u00e0 l\u2019exception des tuyaux de frein, joints de moteur et joints de transmission], bougies d\u2019allumage, ampoules, lentilles, fils de bougie, pointes d\u2019allumage, c\u00e2bles, fusibles, condensateurs, pneus, chambres \u00e0 air, garnitures de frein, disques d\u2019embrayage, filtres, fluides, tuyaux, quincaillerie, balais de contact, thermostats, etc.)<\/li>\n<li aria-level=\"1\">Les pi\u00e8ces ou accessoires install\u00e9s sur une unit\u00e9 Suzuki utilis\u00e9e pour la <strong>comp\u00e9tition, la location, des fins commerciales<\/strong> ou des applications non pr\u00e9vues.<\/li>\n<li aria-level=\"1\">Les d\u00e9fauts dus \u00e0 une <strong>mauvaise utilisation, une n\u00e9gligence, une utilisation anormale<\/strong> ou un entretien insuffisant.<\/li>\n<li aria-level=\"1\"><strong>Les composants \u00e9lectriques<\/strong> en vente libre.<\/li>\n<li aria-level=\"1\">Les pi\u00e8ces sur une unit\u00e9 avec des <strong>pi\u00e8ces non approuv\u00e9es par<\/strong> Suzuki.<\/li>\n<li aria-level=\"1\">Les pi\u00e8ces d\u2019une unit\u00e9 qui <strong>n\u2019est pas utilis\u00e9e conform\u00e9ment au manuel du propri\u00e9taire de Suzuki.<\/strong><\/li>\n<li aria-level=\"1\">Les pi\u00e8ces d\u2019une unit\u00e9 qui a \u00e9t\u00e9 <strong>d\u00e9mont\u00e9e, ajust\u00e9e ou r\u00e9par\u00e9e<\/strong> par quelqu\u2019un d\u2019autre qu\u2019un concessionnaire Suzuki agr\u00e9\u00e9.<\/li>\n<li aria-level=\"1\">Les pi\u00e8ces d\u2019une unit\u00e9 utilis\u00e9e \u00e0 <strong>d\u2019autres fins que celles pr\u00e9vues.<\/strong><\/li>\n<li aria-level=\"1\">Les pi\u00e8ces pour une unit\u00e9 Suzuki dont le <strong>compteur kilom\u00e9trique est inop\u00e9rant ou dont le kilom\u00e9trage est inconnu.<\/strong><\/li>\n<li aria-level=\"1\">Les pi\u00e8ces devant \u00eatre remplac\u00e9es \u00e0 la suite d\u2019un <strong>accident ou d\u2019une collision.<\/strong><\/li>\n<li aria-level=\"1\">Les pi\u00e8ces pour les <strong>motos de course Suzuki (RM, RM-Z).<\/strong><\/li>\n<\/ol>\n<p>[\/vc_column_text][vc_column_text el_class=&#8221;seo-h4&#8243;]<\/p>\n<h2>Avis l\u00e9gal<\/h2>\n<p>[\/vc_column_text][vc_column_text]Suzuki Canada n\u2019est pas responsable des dommages ou d\u00e9penses directs ou indirects li\u00e9s \u00e0 la vente ou \u00e0 l\u2019utilisation du v\u00e9hicule. Cela inclut les frais de remorquage du v\u00e9hicule ou toute responsabilit\u00e9 \u00e0 l\u2019\u00e9gard d\u2019une autre personne.<\/p>\n<p>Veuillez noter que la promesse SGP authentique ne remplace et n\u2019annule <strong>pas<\/strong> les politiques de garantie en vigueur.[\/vc_column_text][vc_column_text]<em><small>Suzuki Canada vous recommande de lire attentivement notre politique et de communiquer avec votre concessionnaire Suzuki autoris\u00e9 local pour obtenir des pr\u00e9cisions ou des d\u00e9tails suppl\u00e9mentaires.<\/small><\/em>[\/vc_column_text][\/vc_column][\/vc_row][vc_row el_class=&#8221;width-container&#8221;][vc_column el_class=&#8221;text-center pb-5&#8243;]\n<a id=\"\" class=\"btn btn-primary\"  href=\"\/fr\/store\/\" target=\"_self\"  >MAGASIN SUZUKI GENUINE PARTS<\/a>\n[\/vc_column][\/vc_row]<\/p>\n<\/div>","protected":false},"excerpt":{"rendered":"<p>\u2026 <a class=\"blog-readmore\" href=\"https:\/\/www.suzuki.ca\/fr\/suzuki-warranties\/suzuki-genuine-parts\/\">Continuez \u00e0 lire ><\/a><\/p>\n","protected":false},"author":1,"featured_media":0,"parent":3305,"menu_order":0,"comment_status":"closed","ping_status":"closed","template":"","meta":{"_acf_changed":false,"site-sidebar-layout":"default","site-content-layout":"default","ast-site-content-layout":"default","site-content-style":"default","site-sidebar-style":"default","ast-global-header-display":"","ast-banner-title-visibility":"","ast-main-header-display":"","ast-hfb-above-header-display":"","ast-hfb-below-header-display":"","ast-hfb-mobile-header-display":"","site-post-title":"disabled","ast-breadcrumbs-content":"","ast-featured-img":"","footer-sml-layout":"","ast-disable-related-posts":"","theme-transparent-header-meta":"default","adv-header-id-meta":"","stick-header-meta":"default","header-above-stick-meta":"","header-main-stick-meta":"","header-below-stick-meta":"","astra-migrate-meta-layouts":"set","ast-page-background-enabled":"default","ast-page-background-meta":{"desktop":{"background-color":"","background-image":"","background-repeat":"repeat","background-position":"center center","background-size":"auto","background-attachment":"scroll","background-type":"","background-media":"","overlay-type":"","overlay-color":"","overlay-opacity":"","overlay-gradient":""},"tablet":{"background-color":"","background-image":"","background-repeat":"repeat","background-position":"center center","background-size":"auto","background-attachment":"scroll","background-type":"","background-media":"","overlay-type":"","overlay-color":"","overlay-opacity":"","overlay-gradient":""},"mobile":{"background-color":"","background-image":"","background-repeat":"repeat","background-position":"center center","background-size":"auto","background-attachment":"scroll","background-type":"","background-media":"","overlay-type":"","overlay-color":"","overlay-opacity":"","overlay-gradient":""}},"ast-content-background-meta":{"desktop":{"background-color":"var(--ast-global-color-5)","background-image":"","background-repeat":"repeat","background-position":"center center","background-size":"auto","background-attachment":"scroll","background-type":"","background-media":"","overlay-type":"","overlay-color":"","overlay-opacity":"","overlay-gradient":""},"tablet":{"background-color":"var(--ast-global-color-5)","background-image":"","background-repeat":"repeat","background-position":"center center","background-size":"auto","background-attachment":"scroll","background-type":"","background-media":"","overlay-type":"","overlay-color":"","overlay-opacity":"","overlay-gradient":""},"mobile":{"background-color":"var(--ast-global-color-5)","background-image":"","background-repeat":"repeat","background-position":"center center","background-size":"auto","background-attachment":"scroll","background-type":"","background-media":"","overlay-type":"","overlay-color":"","overlay-opacity":"","overlay-gradient":""}},"footnotes":""},"class_list":["post-51236","page","type-page","status-publish","hentry"],"acf":[],"yoast_head":"<!-- This site is optimized with the Yoast SEO plugin v27.3 - https:\/\/yoast.com\/product\/yoast-seo-wordpress\/ -->\n<title>Suzuki Genuine Parts - Suzuki Canada Inc.<\/title>\n<meta name=\"robots\" content=\"index, follow, max-snippet:-1, max-image-preview:large, max-video-preview:-1\" \/>\n<link rel=\"canonical\" href=\"https:\/\/www.suzuki.ca\/fr\/suzuki-warranties\/suzuki-genuine-parts\/\" \/>\n<meta property=\"og:locale\" content=\"fr_FR\" \/>\n<meta property=\"og:type\" content=\"article\" \/>\n<meta property=\"og:title\" content=\"Suzuki Genuine Parts - Suzuki Canada Inc.\" \/>\n<meta property=\"og:description\" content=\"\u2026 Continuez \u00e0 lire &gt;\" \/>\n<meta property=\"og:url\" content=\"https:\/\/www.suzuki.ca\/fr\/suzuki-warranties\/suzuki-genuine-parts\/\" \/>\n<meta property=\"og:site_name\" content=\"Suzuki Canada Inc.\" \/>\n<meta property=\"article:modified_time\" content=\"2024-05-23T20:06:42+00:00\" \/>\n<meta name=\"twitter:card\" content=\"summary_large_image\" \/>\n<meta name=\"twitter:label1\" content=\"Est. reading time\" \/>\n\t<meta name=\"twitter:data1\" content=\"3 minutes\" \/>\n<script type=\"application\/ld+json\" class=\"yoast-schema-graph\">{\"@context\":\"https:\\\/\\\/schema.org\",\"@graph\":[{\"@type\":\"WebPage\",\"@id\":\"https:\\\/\\\/www.suzuki.ca\\\/fr\\\/suzuki-warranties\\\/suzuki-genuine-parts\\\/\",\"url\":\"https:\\\/\\\/www.suzuki.ca\\\/fr\\\/suzuki-warranties\\\/suzuki-genuine-parts\\\/\",\"name\":\"Suzuki Genuine Parts - Suzuki Canada Inc.\",\"isPartOf\":{\"@id\":\"https:\\\/\\\/www.suzuki.ca\\\/#website\"},\"datePublished\":\"2023-10-31T16:50:32+00:00\",\"dateModified\":\"2024-05-23T20:06:42+00:00\",\"breadcrumb\":{\"@id\":\"https:\\\/\\\/www.suzuki.ca\\\/fr\\\/suzuki-warranties\\\/suzuki-genuine-parts\\\/#breadcrumb\"},\"inLanguage\":\"fr-FR\",\"potentialAction\":[{\"@type\":\"ReadAction\",\"target\":[\"https:\\\/\\\/www.suzuki.ca\\\/fr\\\/suzuki-warranties\\\/suzuki-genuine-parts\\\/\"]}]},{\"@type\":\"BreadcrumbList\",\"@id\":\"https:\\\/\\\/www.suzuki.ca\\\/fr\\\/suzuki-warranties\\\/suzuki-genuine-parts\\\/#breadcrumb\",\"itemListElement\":[{\"@type\":\"ListItem\",\"position\":1,\"name\":\"Accueil\",\"item\":\"https:\\\/\\\/www.suzuki.ca\\\/fr\\\/\"},{\"@type\":\"ListItem\",\"position\":2,\"name\":\"Garantie de Suzuki\",\"item\":\"https:\\\/\\\/www.suzuki.ca\\\/fr\\\/suzuki-warranties\\\/\"},{\"@type\":\"ListItem\",\"position\":3,\"name\":\"Suzuki Genuine Parts\"}]},{\"@type\":\"WebSite\",\"@id\":\"https:\\\/\\\/www.suzuki.ca\\\/#website\",\"url\":\"https:\\\/\\\/www.suzuki.ca\\\/\",\"name\":\"Suzuki Canada Inc.\",\"description\":\"The Official Home of Suzuki Canada Motorcycle, ATV, and Marine models and accessories.\",\"publisher\":{\"@id\":\"https:\\\/\\\/www.suzuki.ca\\\/#organization\"},\"potentialAction\":[{\"@type\":\"SearchAction\",\"target\":{\"@type\":\"EntryPoint\",\"urlTemplate\":\"https:\\\/\\\/www.suzuki.ca\\\/?s={search_term_string}\"},\"query-input\":{\"@type\":\"PropertyValueSpecification\",\"valueRequired\":true,\"valueName\":\"search_term_string\"}}],\"inLanguage\":\"fr-FR\"},{\"@type\":\"Organization\",\"@id\":\"https:\\\/\\\/www.suzuki.ca\\\/#organization\",\"name\":\"Suzuki Canada Inc.\",\"url\":\"https:\\\/\\\/www.suzuki.ca\\\/\",\"logo\":{\"@type\":\"ImageObject\",\"inLanguage\":\"fr-FR\",\"@id\":\"https:\\\/\\\/www.suzuki.ca\\\/#\\\/schema\\\/logo\\\/image\\\/\",\"url\":\"https:\\\/\\\/www.suzuki.ca\\\/wp-content\\\/uploads\\\/Suzuki_Logo_Parallelogram.svg\",\"contentUrl\":\"https:\\\/\\\/www.suzuki.ca\\\/wp-content\\\/uploads\\\/Suzuki_Logo_Parallelogram.svg\",\"caption\":\"Suzuki Canada Inc.\"},\"image\":{\"@id\":\"https:\\\/\\\/www.suzuki.ca\\\/#\\\/schema\\\/logo\\\/image\\\/\"}}]}<\/script>\n<!-- \/ Yoast SEO plugin. -->","yoast_head_json":{"title":"Suzuki Genuine Parts - Suzuki Canada Inc.","robots":{"index":"index","follow":"follow","max-snippet":"max-snippet:-1","max-image-preview":"max-image-preview:large","max-video-preview":"max-video-preview:-1"},"canonical":"https:\/\/www.suzuki.ca\/fr\/suzuki-warranties\/suzuki-genuine-parts\/","og_locale":"fr_FR","og_type":"article","og_title":"Suzuki Genuine Parts - Suzuki Canada Inc.","og_description":"\u2026 Continuez \u00e0 lire >","og_url":"https:\/\/www.suzuki.ca\/fr\/suzuki-warranties\/suzuki-genuine-parts\/","og_site_name":"Suzuki Canada Inc.","article_modified_time":"2024-05-23T20:06:42+00:00","twitter_card":"summary_large_image","twitter_misc":{"Est. reading time":"3 minutes"},"schema":{"@context":"https:\/\/schema.org","@graph":[{"@type":"WebPage","@id":"https:\/\/www.suzuki.ca\/fr\/suzuki-warranties\/suzuki-genuine-parts\/","url":"https:\/\/www.suzuki.ca\/fr\/suzuki-warranties\/suzuki-genuine-parts\/","name":"Suzuki Genuine Parts - Suzuki Canada Inc.","isPartOf":{"@id":"https:\/\/www.suzuki.ca\/#website"},"datePublished":"2023-10-31T16:50:32+00:00","dateModified":"2024-05-23T20:06:42+00:00","breadcrumb":{"@id":"https:\/\/www.suzuki.ca\/fr\/suzuki-warranties\/suzuki-genuine-parts\/#breadcrumb"},"inLanguage":"fr-FR","potentialAction":[{"@type":"ReadAction","target":["https:\/\/www.suzuki.ca\/fr\/suzuki-warranties\/suzuki-genuine-parts\/"]}]},{"@type":"BreadcrumbList","@id":"https:\/\/www.suzuki.ca\/fr\/suzuki-warranties\/suzuki-genuine-parts\/#breadcrumb","itemListElement":[{"@type":"ListItem","position":1,"name":"Accueil","item":"https:\/\/www.suzuki.ca\/fr\/"},{"@type":"ListItem","position":2,"name":"Garantie de Suzuki","item":"https:\/\/www.suzuki.ca\/fr\/suzuki-warranties\/"},{"@type":"ListItem","position":3,"name":"Suzuki Genuine Parts"}]},{"@type":"WebSite","@id":"https:\/\/www.suzuki.ca\/#website","url":"https:\/\/www.suzuki.ca\/","name":"Suzuki Canada Inc.","description":"The Official Home of Suzuki Canada Motorcycle, ATV, and Marine models and accessories.","publisher":{"@id":"https:\/\/www.suzuki.ca\/#organization"},"potentialAction":[{"@type":"SearchAction","target":{"@type":"EntryPoint","urlTemplate":"https:\/\/www.suzuki.ca\/?s={search_term_string}"},"query-input":{"@type":"PropertyValueSpecification","valueRequired":true,"valueName":"search_term_string"}}],"inLanguage":"fr-FR"},{"@type":"Organization","@id":"https:\/\/www.suzuki.ca\/#organization","name":"Suzuki Canada Inc.","url":"https:\/\/www.suzuki.ca\/","logo":{"@type":"ImageObject","inLanguage":"fr-FR","@id":"https:\/\/www.suzuki.ca\/#\/schema\/logo\/image\/","url":"https:\/\/www.suzuki.ca\/wp-content\/uploads\/Suzuki_Logo_Parallelogram.svg","contentUrl":"https:\/\/www.suzuki.ca\/wp-content\/uploads\/Suzuki_Logo_Parallelogram.svg","caption":"Suzuki Canada Inc."},"image":{"@id":"https:\/\/www.suzuki.ca\/#\/schema\/logo\/image\/"}}]}},"_links":{"self":[{"href":"https:\/\/www.suzuki.ca\/fr\/wp-json\/wp\/v2\/pages\/51236","targetHints":{"allow":["GET"]}}],"collection":[{"href":"https:\/\/www.suzuki.ca\/fr\/wp-json\/wp\/v2\/pages"}],"about":[{"href":"https:\/\/www.suzuki.ca\/fr\/wp-json\/wp\/v2\/types\/page"}],"author":[{"embeddable":true,"href":"https:\/\/www.suzuki.ca\/fr\/wp-json\/wp\/v2\/users\/1"}],"replies":[{"embeddable":true,"href":"https:\/\/www.suzuki.ca\/fr\/wp-json\/wp\/v2\/comments?post=51236"}],"version-history":[{"count":0,"href":"https:\/\/www.suzuki.ca\/fr\/wp-json\/wp\/v2\/pages\/51236\/revisions"}],"up":[{"embeddable":true,"href":"https:\/\/www.suzuki.ca\/fr\/wp-json\/wp\/v2\/pages\/3305"}],"wp:attachment":[{"href":"https:\/\/www.suzuki.ca\/fr\/wp-json\/wp\/v2\/media?parent=51236"}],"curies":[{"name":"wp","href":"https:\/\/api.w.org\/{rel}","templated":true}]}}