{"id":74,"date":"2019-08-21T10:18:07","date_gmt":"2019-08-21T14:18:07","guid":{"rendered":"https:\/\/www.suzuki.ca\/?page_id=74"},"modified":"2026-04-02T10:47:43","modified_gmt":"2026-04-02T14:47:43","slug":"home","status":"publish","type":"page","link":"https:\/\/www.suzuki.ca\/fr\/","title":{"rendered":"Home"},"content":{"rendered":"<div class=\"wpb-content-wrapper\"><p>[vc_row el_class=&#8221;white-text&#8221;][vc_column]<div id=\"ult-carousel-264932562969d4be7a64d8e\" class=\"ult-carousel-wrapper  vc_custom_1675114572238 hero-carousel ult_horizontal\" data-gutter=\"15\" data-rtl=\"false\" ><div class=\"ult-carousel-338570520469d4be7a64cd6 \" ><div class=\"ult-item-wrap\" data-animation=\"animated no-animation\">\r\n<div class=\"hero-slider b-row d-lg-flex\" >\r\n\t<div class=\"hero-slider-image col-12 col-lg-6 col-xl-8 order-last\" style=\"background-image: url(https:\/\/www.suzuki.ca\/wp-content\/uploads\/Suzuki_Spring_Savings_Event_Website_Banner-1.jpg);\"><\/div>\r\n\r\n\t<div class=\"hero-slider-content text-white col-12 col-lg-6 col-xl-4 d-center\">\r\n\t\t<div class=\"py-4 px-3 px-lg-5\">\r\n\r\n\t\t\t\t\t\t\r\n\t\t\t<h2>\u00c9v\u00e9nement \u00e9conomies du printemps Suzuki !<\/h2>\r\n\t\t\t<h3>Obtenez jusqu\u2019\u00e0 5 000 $ de rabais sur certains mod\u00e8les 2024, 2025 et 2026 + une garantie prolong\u00e9e GRATUITE \u2014 ou un financement \u00e0 partir de 0 % S.A.C.<\/h3>\t\t\t<p>Offre se termine le 30 avril 2026. Des modalit\u00e9s et conditions s\u2019appliquent.<\/p>\r\n\t\t\t<div class=\"buttons \">\r\n\t\t\t\t<a href=\"https:\/\/www.suzuki.ca\/fr\/promotions\/#Motos\" class=\"btn text-center btn-solid-white\" target=\"_self\" >En savoir plus<\/a>\t\t\r\n\t\t\t\t\t\t\t<\/div>\r\n\r\n\t\t<\/div>\r\n\t<\/div>\r\n\r\n<\/div><\/div><div class=\"ult-item-wrap\" data-animation=\"animated no-animation\">\r\n<div class=\"hero-slider b-row d-lg-flex\" >\r\n\t<div class=\"hero-slider-image col-12 col-lg-6 col-xl-8 order-last\" style=\"background-image: url(https:\/\/www.suzuki.ca\/wp-content\/uploads\/Suzuki-Winter_PowerUp_Banner-2.jpg);\"><\/div>\r\n\r\n\t<div class=\"hero-slider-content text-white col-12 col-lg-6 col-xl-4 d-center\">\r\n\t\t<div class=\"py-4 px-3 px-lg-5\">\r\n\r\n\t\t\t\t\t\t\t<div class=\"text-center\"><img decoding=\"async\" src=\"https:\/\/www.suzuki.ca\/wp-content\/uploads\/suzuki-6yr-warranty-chrome-FR-e1768424736968.png\" alt=\"Slider logo\" style=\"max-width:165px;\" class=\"m-auto\"><\/div>\r\n\t\t\t\t\t\t\r\n\t\t\t<h2>DONNER UN BOOST AVEC SUZUKI!<\/h2>\r\n\t\t\t<h3>Obtenez des \u00e9conomies maximales pouvant atteindre 7 706 $, comprenant une prime de remotorisation et un PPS gratuit.<\/h3>\t\t\t<p>Offre se termine le 30 avril 2026. Des modalit\u00e9s et conditions s\u2019appliquent.<\/p>\r\n\t\t\t<div class=\"buttons \">\r\n\t\t\t\t<a href=\"https:\/\/www.suzuki.ca\/fr\/promotions\/#marine\" class=\"btn text-center btn-black\" target=\"_self\" >En savoir plus<\/a>\t\t\r\n\t\t\t\t\t\t\t<\/div>\r\n\r\n\t\t<\/div>\r\n\t<\/div>\r\n\r\n<\/div><\/div><div class=\"ult-item-wrap\" data-animation=\"animated no-animation\">\r\n<div class=\"hero-slider b-row d-lg-flex\" >\r\n\t<div class=\"hero-slider-image col-12 col-lg-6 col-xl-8 order-last\" style=\"background-image: url(https:\/\/www.suzuki.ca\/wp-content\/uploads\/Suzuki_KingQuad_Web_Banner-_FR-1.jpg);\"><\/div>\r\n\r\n\t<div class=\"hero-slider-content text-white col-12 col-lg-6 col-xl-4 d-center\">\r\n\t\t<div class=\"py-4 px-3 px-lg-5\">\r\n\r\n\t\t\t\t\t\t\r\n\t\t\t<h2>\u00c9v\u00e9nement \u00e9conomies du printemps Suzuki !<\/h2>\r\n\t\t\t<h3>Obtenez certains mod\u00e8les KingQuad 2026 pour moins de 60 $ par semaine! Visitez votre Concessionnaire local d\u00e8s aujourd\u2019hui.<\/h3>\t\t\t<p>L\u2019offre prend fin le 30 avril 2026. Des conditions g\u00e9n\u00e9rales s\u2019appliquent.<\/p>\r\n\t\t\t<div class=\"buttons \">\r\n\t\t\t\t<a href=\"\/fr\/catalogue\/vtt\/\" class=\"btn text-center btn-solid-white\" target=\"_self\" >Achetez maintenant<\/a>\t\t\r\n\t\t\t\t\t\t\t<\/div>\r\n\r\n\t\t<\/div>\r\n\t<\/div>\r\n\r\n<\/div><\/div><div class=\"ult-item-wrap\" data-animation=\"animated no-animation\">\r\n<div class=\"hero-slider b-row d-lg-flex\" >\r\n\t<div class=\"hero-slider-image col-12 col-lg-6 col-xl-8 order-last\" style=\"background-image: url(https:\/\/www.suzuki.ca\/wp-content\/uploads\/2026_GSX-8T_and_2026_GSX-8TT_Web_Banner_FR-3.jpg);\"><\/div>\r\n\r\n\t<div class=\"hero-slider-content text-white col-12 col-lg-6 col-xl-4 d-center\">\r\n\t\t<div class=\"py-4 px-3 px-lg-5\">\r\n\r\n\t\t\t\t\t\t\r\n\t\t\t<h2>Esprit r\u00e9tro. Performance de nouvelle g\u00e9n\u00e9ration.<\/h2>\r\n\t\t\t<h3>D\u00e9couvrez d\u00e8s aujourd'hui les tout nouveaux GSX-8T et GSX-8TT!<\/h3>\t\t\t\r\n\t\t\t<div class=\"buttons two-buttons\">\r\n\t\t\t\t<a href=\"\/fr\/produit\/2026-gsx-8t\/\" class=\"btn text-center btn-solid-white\" target=\"_self\" >GSX-8T<\/a>\t\t\r\n\t\t\t\t<a href=\"\/fr\/produit\/2026-gsx-8tt\/\" class=\"btn text-center btn-primary\" target=\"_self\" >GSX-8TT<\/a>\t\t\t<\/div>\r\n\r\n\t\t<\/div>\r\n\t<\/div>\r\n\r\n<\/div><\/div><\/div><\/div>\t\t\t<script type=\"text\/javascript\">\n\t\t\t\tjQuery(document).ready(function ($) {\n\t\t\t\t\tif( typeof jQuery('.ult-carousel-338570520469d4be7a64cd6').slick == \"function\"){\n\t\t\t\t\t\t$('.ult-carousel-338570520469d4be7a64cd6').slick({dots: true,autoplay: true,autoplaySpeed: \"5000\",speed: \"300\",infinite: true,arrows: true,nextArrow: '<button type=\"button\" role=\"button\" aria-label=\"Next\" style=\"color:#ffffff; font-size:40px;\" class=\"slick-next default\"><i class=\"ultsl-arrow-right4\"><\/i><\/button>',prevArrow: '<button type=\"button\" role=\"button\" aria-label=\"Previous\" style=\"color:#ffffff; font-size:40px;\" class=\"slick-prev default\"><i class=\"ultsl-arrow-left4\"><\/i><\/button>',slidesToScroll:1,slidesToShow:1,swipe: true,draggable: true,touchMove: true,pauseOnHover: true,pauseOnFocus: false,adaptiveHeight: true,responsive: [\n\t\t\t\t\t\t\t{\n\t\t\t\t\t\t\t  breakpoint: 1026,\n\t\t\t\t\t\t\t  settings: {\n\t\t\t\t\t\t\t\tslidesToShow: 1,\n\t\t\t\t\t\t\t\tslidesToScroll: 1,  \n\t\t\t\t\t\t\t  }\n\t\t\t\t\t\t\t},\n\t\t\t\t\t\t\t{\n\t\t\t\t\t\t\t  breakpoint: 1025,\n\t\t\t\t\t\t\t  settings: {\n\t\t\t\t\t\t\t\tslidesToShow: 1,\n\t\t\t\t\t\t\t\tslidesToScroll: 1\n\t\t\t\t\t\t\t  }\n\t\t\t\t\t\t\t},\n\t\t\t\t\t\t\t{\n\t\t\t\t\t\t\t  breakpoint: 760,\n\t\t\t\t\t\t\t  settings: {\n\t\t\t\t\t\t\t\tslidesToShow: 1,\n\t\t\t\t\t\t\t\tslidesToScroll: 1\n\t\t\t\t\t\t\t  }\n\t\t\t\t\t\t\t}\n\t\t\t\t\t\t],pauseOnDotsHover: true,customPaging: function(slider, i) {\n                   return '<i type=\"button\" style= \"color:#ffffff;\" class=\"ultsl-checkbox-unchecked\" data-role=\"none\"><\/i>';\n                },});\n\t\t\t\t\t}\n\t\t\t\t});\n\t\t\t<\/script>\n\t\t\t[\/vc_column][\/vc_row][vc_row el_id=&#8221;cta&#8221;][vc_column el_class=&#8221;float-unset width-container&#8221;][vc_row_inner gap=&#8221;15&#8243;][vc_column_inner offset=&#8221;vc_col-md-6&#8243;]\n<a class=\"image-box-wrapper\" href=\"\/fr\/catalogue\/motos\/?model-year=2025\">\n<div class=\"image-box mb-4 mb-lg-0\" style=\"background-image:url(https:\/\/www.suzuki.ca\/wp-content\/uploads\/motorcycles-3.jpg);\">\n    <div class=\"box-hover\">\n        <div class=\"inner white-text\">\n            <div class=\"text-center\">\n                            <h2 class=\" seo-h3 italic\">Offres de Motos<\/h2>\n                <span class=\"btn btn-white hover-forward\">Explorer  <span class=\"fas fa-arrow-right\"><\/span><\/span>\n                        <\/div>\n        <\/div>\n    <\/div>  \n\n    <div class=\"box-footer text-center white-text\">\n        <h2 class=\" seo-h3 italic mb-0\">Offres de Motos<\/h2>\n        <span class=\"fas fa-arrow-right\"><\/span>\n    <\/div>  \n<\/div>        \n<\/a>\n\n\n[\/vc_column_inner][vc_column_inner offset=&#8221;vc_col-md-6&#8243;]\n<a class=\"image-box-wrapper\" href=\"\/fr\/catalogue\/vtt\/?model-year=2025\">\n<div class=\"image-box mb-4 mb-lg-0\" style=\"background-image:url(https:\/\/www.suzuki.ca\/wp-content\/uploads\/atv-3.jpg);\">\n    <div class=\"box-hover\">\n        <div class=\"inner white-text\">\n            <div class=\"text-center\">\n                            <h2 class=\" seo-h3 italic\">Offres de VTT<\/h2>\n                <span class=\"btn btn-white hover-forward\">Explorer  <span class=\"fas fa-arrow-right\"><\/span><\/span>\n                        <\/div>\n        <\/div>\n    <\/div>  \n\n    <div class=\"box-footer text-center white-text\">\n        <h2 class=\" seo-h3 italic mb-0\">Offres de VTT<\/h2>\n        <span class=\"fas fa-arrow-right\"><\/span>\n    <\/div>  \n<\/div>        \n<\/a>\n\n\n[\/vc_column_inner][\/vc_row_inner][vc_row_inner gap=&#8221;15&#8243;][vc_column_inner offset=&#8221;vc_col-md-6&#8243;]\n<a class=\"image-box-wrapper\" href=\"\/fr\/catalogue\/marine\/\">\n<div class=\"image-box mb-4 mb-lg-0\" style=\"background-image:url(https:\/\/www.suzuki.ca\/wp-content\/uploads\/marine-1.jpg);\">\n    <div class=\"box-hover\">\n        <div class=\"inner white-text\">\n            <div class=\"text-center\">\n                            <h2 class=\" seo-h3 italic\">Offres de Marine<\/h2>\n                <span class=\"btn btn-white hover-forward\">Explorer  <span class=\"fas fa-arrow-right\"><\/span><\/span>\n                        <\/div>\n        <\/div>\n    <\/div>  \n\n    <div class=\"box-footer text-center white-text\">\n        <h2 class=\" seo-h3 italic mb-0\">Offres de Marine<\/h2>\n        <span class=\"fas fa-arrow-right\"><\/span>\n    <\/div>  \n<\/div>        \n<\/a>\n\n\n[\/vc_column_inner][vc_column_inner offset=&#8221;vc_col-md-6&#8243;]\n<a class=\"image-box-wrapper\" href=\"\/fr\/item-type\/vente-de-liquidation\/\">\n<div class=\"image-box mb-4 mb-lg-0\" style=\"background-image:url(https:\/\/www.suzuki.ca\/wp-content\/uploads\/Suzuki_Pitbox.jpg);\">\n    <div class=\"box-hover\">\n        <div class=\"inner white-text\">\n            <div class=\"text-center\">\n                            <h2 class=\" seo-h3 italic\">Offres sur les pi\u00e8ces et accessoires<\/h2>\n                <span class=\"btn btn-white hover-forward\">Explorer  <span class=\"fas fa-arrow-right\"><\/span><\/span>\n                        <\/div>\n        <\/div>\n    <\/div>  \n\n    <div class=\"box-footer text-center white-text\">\n        <h2 class=\" seo-h3 italic mb-0\">Offres sur les pi\u00e8ces et accessoires<\/h2>\n        <span class=\"fas fa-arrow-right\"><\/span>\n    <\/div>  \n<\/div>        \n<\/a>\n\n\n[\/vc_column_inner][\/vc_row_inner][\/vc_column][\/vc_row][vc_row el_class=&#8221;width-container pt-5 pb-5&#8243;][vc_column][vc_column_text css=&#8221;.vc_custom_1716483998203{margin-bottom: 0px !important;}&#8221; el_class=&#8221;text-center&#8221;]<\/p>\n<h2>D\u00e9couvrez les nouveaut\u00e9s<\/h2>\n<p>[\/vc_column_text][vc_row_inner el_class=&#8221;pt-4&#8243; el_id=&#8221;banners&#8221;][vc_column_inner]\r\n\r\n<div class=\"sb-element full\" style=\"background-image: url(https:\/\/www.suzuki.ca\/wp-content\/uploads\/Suzuki_GSX-8T_8TT_Feature.jpg);\">\r\n\r\n\t<div class=\"sb-content left\" style=\"background-color: #FFFFFF8A\">\r\n\t\t<div class=\"w-100 black-text\">\r\n\t\t<h3 class=\"mb-0\">D\u00e9couvrez les GSX-8T\/GSX-8TT<\/h3>\r\n\t\t<p class=\"mb-0 pt-2 pb-3\">Esprit r\u00e9tro. Performance de nouvelle g\u00e9n\u00e9ration.<\/p>\r\n\t\t<a class=\"btn btn-primary\" href=\"\/fr\/2026-gsx-8-modeles\/\">EN SAVOIR PLUS<\/a>\r\n\t\t<\/div>\r\n\t<\/div>\r\n\r\n<\/div>\r\n\r\n<div class=\"sb-element full\" style=\"background-image: url(https:\/\/www.suzuki.ca\/wp-content\/uploads\/Suzuki_DR-Z_Feature.jpg);\">\r\n\r\n\t<div class=\"sb-content right\" style=\"background-color: #013145A8\">\r\n\t\t<div class=\"w-100 white-text\">\r\n\t\t<h3 class=\"mb-0\">D\u00e9couvrez les DR-Z4S\/DR-Z4SM<\/h3>\r\n\t\t<p class=\"mb-0 pt-2 pb-3\">Pr\u00eate \u00c0 Tout<\/p>\r\n\t\t<a class=\"btn btn-primary\" href=\"\/fr\/2026-drz-modeles\/\">EN SAVOIR PLUS<\/a>\r\n\t\t<\/div>\r\n\t<\/div>\r\n\r\n<\/div>\r\n\r\n<div class=\"sb-element full\" style=\"background-image: url(https:\/\/www.suzuki.ca\/wp-content\/uploads\/Suzuki_DF25_Outboard_Feature.jpg);\">\r\n\r\n\t<div class=\"sb-content left\" style=\"background-color: #FFFFFF8A\">\r\n\t\t<div class=\"w-100 black-text\">\r\n\t\t<h3 class=\"mb-0\">Explorez les DF9.9B\/DF25A Stealth<\/h3>\r\n\t\t<p class=\"mb-0 pt-2 pb-3\">D\u00e9couvrez le luxe tranquille<\/p>\r\n\t\t<a class=\"btn btn-primary\" href=\"\/fr\/catalogue\/marine\/stealth-line\/\">EN SAVOIR PLUS<\/a>\r\n\t\t<\/div>\r\n\t<\/div>\r\n\r\n<\/div>[\/vc_column_inner][\/vc_row_inner][\/vc_column][\/vc_row][vc_row el_class=&#8221;width-container pt-0 pt-lg-5 pb-5&#8243;][vc_column][vc_column_text css=&#8221;.vc_custom_1618840324361{margin-bottom: 0px !important;}&#8221; el_class=&#8221;text-center&#8221;]<\/p>\n<h2>Nouvelles r\u00e9centes<\/h2>\n<p>[\/vc_column_text][vc_column_text css=&#8221;.vc_custom_1617981610807{margin-bottom: 0px !important;}&#8221; el_class=&#8221;pt-4&#8243;]<div class=\"recent-post d-lg-flex\"><div class=\"recent-post-single\"><a title=\"\u00ab Thirty Days \u00bb : Sur la route 16 vers ce qui compte\" href=\"https:\/\/www.suzuki.ca\/fr\/thirty-days-sur-la-route-16-vers-ce-qui-compte\/\"><div class=\"recent-post-image\" style=\"background-image:url(https:\/\/www.suzuki.ca\/wp-content\/uploads\/DSC_6673.jpg);\"><\/div><\/a><div class=\"recent-post-content\"><a class=\"title\" href=\"https:\/\/www.suzuki.ca\/fr\/thirty-days-sur-la-route-16-vers-ce-qui-compte\/\">\u00ab Thirty Days \u00bb : Sur la route 16 vers ce qui compte<\/a>\u2026 <a class=\"blog-readmore\" href=\"https:\/\/www.suzuki.ca\/fr\/thirty-days-sur-la-route-16-vers-ce-qui-compte\/\">Continuez \u00e0 lire ><\/a><\/div><\/div><div class=\"recent-post-single\"><a title=\"Les toutes nouvelles motos de Suzuki sont arriv\u00e9es!\" href=\"https:\/\/www.suzuki.ca\/fr\/les-toutes-nouvelles-motos-de-suzuki-sont-arrivees\/\"><div class=\"recent-post-image\" style=\"background-image:url(https:\/\/www.suzuki.ca\/wp-content\/uploads\/2026_Models_Banner-2.png);\"><\/div><\/a><div class=\"recent-post-content\"><a class=\"title\" href=\"https:\/\/www.suzuki.ca\/fr\/les-toutes-nouvelles-motos-de-suzuki-sont-arrivees\/\">Les toutes nouvelles motos de Suzuki sont arriv\u00e9es!<\/a>\u2026 <a class=\"blog-readmore\" href=\"https:\/\/www.suzuki.ca\/fr\/les-toutes-nouvelles-motos-de-suzuki-sont-arrivees\/\">Continuez \u00e0 lire ><\/a><\/div><\/div><div class=\"recent-post-single\"><a title=\"Suzuki Canada se joint au mouvement mondial Oceans of Tomorrow en proc\u00e9dant \u00e0 des nettoyages de cours d\u2019eau locaux\" href=\"https:\/\/www.suzuki.ca\/fr\/suzuki-canada-se-joint-au-mouvement-mondial-oceans-of-tomorrow-en-procedant-a-des-nettoyages-de-cours-deau-locaux\/\"><div class=\"recent-post-image\" style=\"background-image:url(https:\/\/www.suzuki.ca\/wp-content\/uploads\/Clean-Ocean-Web-Banner.jpg);\"><\/div><\/a><div class=\"recent-post-content\"><a class=\"title\" href=\"https:\/\/www.suzuki.ca\/fr\/suzuki-canada-se-joint-au-mouvement-mondial-oceans-of-tomorrow-en-procedant-a-des-nettoyages-de-cours-deau-locaux\/\">Suzuki Canada se joint au mouvement mondial Oceans of Tomorrow en proc\u00e9dant \u00e0 des nettoyages de cours d\u2019eau locaux<\/a>\u2026 <a class=\"blog-readmore\" href=\"https:\/\/www.suzuki.ca\/fr\/suzuki-canada-se-joint-au-mouvement-mondial-oceans-of-tomorrow-en-procedant-a-des-nettoyages-de-cours-deau-locaux\/\">Continuez \u00e0 lire ><\/a><\/div><\/div><\/div>[\/vc_column_text][\/vc_column][\/vc_row]<\/p>\n<\/div>","protected":false},"excerpt":{"rendered":"<p>\u2026 <a class=\"blog-readmore\" href=\"https:\/\/www.suzuki.ca\/fr\/suzuki-canada-se-joint-au-mouvement-mondial-oceans-of-tomorrow-en-procedant-a-des-nettoyages-de-cours-deau-locaux\/\">Continuez \u00e0 lire ><\/a><\/p>\n","protected":false},"author":1,"featured_media":0,"parent":0,"menu_order":0,"comment_status":"closed","ping_status":"closed","template":"","meta":{"_acf_changed":false,"site-sidebar-layout":"no-sidebar","site-content-layout":"default","ast-site-content-layout":"default","site-content-style":"default","site-sidebar-style":"default","ast-global-header-display":"","ast-banner-title-visibility":"","ast-main-header-display":"","ast-hfb-above-header-display":"","ast-hfb-below-header-display":"","ast-hfb-mobile-header-display":"","site-post-title":"disabled","ast-breadcrumbs-content":"","ast-featured-img":"disabled","footer-sml-layout":"","ast-disable-related-posts":"","theme-transparent-header-meta":"default","adv-header-id-meta":"","stick-header-meta":"default","header-above-stick-meta":"","header-main-stick-meta":"","header-below-stick-meta":"","astra-migrate-meta-layouts":"set","ast-page-background-enabled":"default","ast-page-background-meta":{"desktop":{"background-color":"","background-image":"","background-repeat":"repeat","background-position":"center center","background-size":"auto","background-attachment":"scroll","background-type":"","background-media":"","overlay-type":"","overlay-color":"","overlay-opacity":"","overlay-gradient":""},"tablet":{"background-color":"","background-image":"","background-repeat":"repeat","background-position":"center center","background-size":"auto","background-attachment":"scroll","background-type":"","background-media":"","overlay-type":"","overlay-color":"","overlay-opacity":"","overlay-gradient":""},"mobile":{"background-color":"","background-image":"","background-repeat":"repeat","background-position":"center center","background-size":"auto","background-attachment":"scroll","background-type":"","background-media":"","overlay-type":"","overlay-color":"","overlay-opacity":"","overlay-gradient":""}},"ast-content-background-meta":{"desktop":{"background-color":"var(--ast-global-color-5)","background-image":"","background-repeat":"repeat","background-position":"center center","background-size":"auto","background-attachment":"scroll","background-type":"","background-media":"","overlay-type":"","overlay-color":"","overlay-opacity":"","overlay-gradient":""},"tablet":{"background-color":"var(--ast-global-color-5)","background-image":"","background-repeat":"repeat","background-position":"center center","background-size":"auto","background-attachment":"scroll","background-type":"","background-media":"","overlay-type":"","overlay-color":"","overlay-opacity":"","overlay-gradient":""},"mobile":{"background-color":"var(--ast-global-color-5)","background-image":"","background-repeat":"repeat","background-position":"center center","background-size":"auto","background-attachment":"scroll","background-type":"","background-media":"","overlay-type":"","overlay-color":"","overlay-opacity":"","overlay-gradient":""}},"footnotes":""},"class_list":["post-74","page","type-page","status-publish","hentry"],"acf":[],"yoast_head":"<!-- This site is optimized with the Yoast SEO plugin v26.9 - https:\/\/yoast.com\/product\/yoast-seo-wordpress\/ -->\n<title>Home - Suzuki Canada Inc.<\/title>\n<meta name=\"robots\" content=\"index, follow, max-snippet:-1, max-image-preview:large, max-video-preview:-1\" \/>\n<link rel=\"canonical\" href=\"https:\/\/www.suzuki.ca\/fr\/\" \/>\n<meta property=\"og:locale\" content=\"fr_FR\" \/>\n<meta property=\"og:type\" content=\"article\" \/>\n<meta property=\"og:title\" content=\"Home - Suzuki Canada Inc.\" \/>\n<meta property=\"og:description\" content=\"\u2026 Continuez \u00e0 lire &gt;\" \/>\n<meta property=\"og:url\" content=\"https:\/\/www.suzuki.ca\/fr\/\" \/>\n<meta property=\"og:site_name\" content=\"Suzuki Canada Inc.\" \/>\n<meta property=\"article:modified_time\" content=\"2026-04-02T14:47:43+00:00\" \/>\n<meta name=\"twitter:card\" content=\"summary_large_image\" \/>\n<meta name=\"twitter:label1\" content=\"Est. reading time\" \/>\n\t<meta name=\"twitter:data1\" content=\"4 minutes\" \/>\n<script type=\"application\/ld+json\" class=\"yoast-schema-graph\">{\"@context\":\"https:\/\/schema.org\",\"@graph\":[{\"@type\":\"WebPage\",\"@id\":\"https:\/\/www.suzuki.ca\/fr\/\",\"url\":\"https:\/\/www.suzuki.ca\/fr\/\",\"name\":\"Home - Suzuki Canada Inc.\",\"isPartOf\":{\"@id\":\"https:\/\/www.suzuki.ca\/#website\"},\"datePublished\":\"2019-08-21T14:18:07+00:00\",\"dateModified\":\"2026-04-02T14:47:43+00:00\",\"breadcrumb\":{\"@id\":\"https:\/\/www.suzuki.ca\/fr\/#breadcrumb\"},\"inLanguage\":\"fr-FR\",\"potentialAction\":[{\"@type\":\"ReadAction\",\"target\":[\"https:\/\/www.suzuki.ca\/fr\/\"]}]},{\"@type\":\"BreadcrumbList\",\"@id\":\"https:\/\/www.suzuki.ca\/fr\/#breadcrumb\",\"itemListElement\":[{\"@type\":\"ListItem\",\"position\":1,\"name\":\"Accueil\",\"item\":\"https:\/\/www.suzuki.ca\/fr\/\"},{\"@type\":\"ListItem\",\"position\":2,\"name\":\"Home\"}]},{\"@type\":\"WebSite\",\"@id\":\"https:\/\/www.suzuki.ca\/#website\",\"url\":\"https:\/\/www.suzuki.ca\/\",\"name\":\"Suzuki Canada Inc.\",\"description\":\"The Official Home of Suzuki Canada Motorcycle, ATV, and Marine models and accessories.\",\"publisher\":{\"@id\":\"https:\/\/www.suzuki.ca\/#organization\"},\"potentialAction\":[{\"@type\":\"SearchAction\",\"target\":{\"@type\":\"EntryPoint\",\"urlTemplate\":\"https:\/\/www.suzuki.ca\/?s={search_term_string}\"},\"query-input\":{\"@type\":\"PropertyValueSpecification\",\"valueRequired\":true,\"valueName\":\"search_term_string\"}}],\"inLanguage\":\"fr-FR\"},{\"@type\":\"Organization\",\"@id\":\"https:\/\/www.suzuki.ca\/#organization\",\"name\":\"Suzuki Canada Inc.\",\"url\":\"https:\/\/www.suzuki.ca\/\",\"logo\":{\"@type\":\"ImageObject\",\"inLanguage\":\"fr-FR\",\"@id\":\"https:\/\/www.suzuki.ca\/#\/schema\/logo\/image\/\",\"url\":\"https:\/\/www.suzuki.ca\/wp-content\/uploads\/Suzuki_Logo_Parallelogram.svg\",\"contentUrl\":\"https:\/\/www.suzuki.ca\/wp-content\/uploads\/Suzuki_Logo_Parallelogram.svg\",\"caption\":\"Suzuki Canada Inc.\"},\"image\":{\"@id\":\"https:\/\/www.suzuki.ca\/#\/schema\/logo\/image\/\"}}]}<\/script>\n<!-- \/ Yoast SEO plugin. -->","yoast_head_json":{"title":"Home - Suzuki Canada Inc.","robots":{"index":"index","follow":"follow","max-snippet":"max-snippet:-1","max-image-preview":"max-image-preview:large","max-video-preview":"max-video-preview:-1"},"canonical":"https:\/\/www.suzuki.ca\/fr\/","og_locale":"fr_FR","og_type":"article","og_title":"Home - Suzuki Canada Inc.","og_description":"\u2026 Continuez \u00e0 lire >","og_url":"https:\/\/www.suzuki.ca\/fr\/","og_site_name":"Suzuki Canada Inc.","article_modified_time":"2026-04-02T14:47:43+00:00","twitter_card":"summary_large_image","twitter_misc":{"Est. reading time":"4 minutes"},"schema":{"@context":"https:\/\/schema.org","@graph":[{"@type":"WebPage","@id":"https:\/\/www.suzuki.ca\/fr\/","url":"https:\/\/www.suzuki.ca\/fr\/","name":"Home - Suzuki Canada Inc.","isPartOf":{"@id":"https:\/\/www.suzuki.ca\/#website"},"datePublished":"2019-08-21T14:18:07+00:00","dateModified":"2026-04-02T14:47:43+00:00","breadcrumb":{"@id":"https:\/\/www.suzuki.ca\/fr\/#breadcrumb"},"inLanguage":"fr-FR","potentialAction":[{"@type":"ReadAction","target":["https:\/\/www.suzuki.ca\/fr\/"]}]},{"@type":"BreadcrumbList","@id":"https:\/\/www.suzuki.ca\/fr\/#breadcrumb","itemListElement":[{"@type":"ListItem","position":1,"name":"Accueil","item":"https:\/\/www.suzuki.ca\/fr\/"},{"@type":"ListItem","position":2,"name":"Home"}]},{"@type":"WebSite","@id":"https:\/\/www.suzuki.ca\/#website","url":"https:\/\/www.suzuki.ca\/","name":"Suzuki Canada Inc.","description":"The Official Home of Suzuki Canada Motorcycle, ATV, and Marine models and accessories.","publisher":{"@id":"https:\/\/www.suzuki.ca\/#organization"},"potentialAction":[{"@type":"SearchAction","target":{"@type":"EntryPoint","urlTemplate":"https:\/\/www.suzuki.ca\/?s={search_term_string}"},"query-input":{"@type":"PropertyValueSpecification","valueRequired":true,"valueName":"search_term_string"}}],"inLanguage":"fr-FR"},{"@type":"Organization","@id":"https:\/\/www.suzuki.ca\/#organization","name":"Suzuki Canada Inc.","url":"https:\/\/www.suzuki.ca\/","logo":{"@type":"ImageObject","inLanguage":"fr-FR","@id":"https:\/\/www.suzuki.ca\/#\/schema\/logo\/image\/","url":"https:\/\/www.suzuki.ca\/wp-content\/uploads\/Suzuki_Logo_Parallelogram.svg","contentUrl":"https:\/\/www.suzuki.ca\/wp-content\/uploads\/Suzuki_Logo_Parallelogram.svg","caption":"Suzuki Canada Inc."},"image":{"@id":"https:\/\/www.suzuki.ca\/#\/schema\/logo\/image\/"}}]}},"_links":{"self":[{"href":"https:\/\/www.suzuki.ca\/fr\/wp-json\/wp\/v2\/pages\/74","targetHints":{"allow":["GET"]}}],"collection":[{"href":"https:\/\/www.suzuki.ca\/fr\/wp-json\/wp\/v2\/pages"}],"about":[{"href":"https:\/\/www.suzuki.ca\/fr\/wp-json\/wp\/v2\/types\/page"}],"author":[{"embeddable":true,"href":"https:\/\/www.suzuki.ca\/fr\/wp-json\/wp\/v2\/users\/1"}],"replies":[{"embeddable":true,"href":"https:\/\/www.suzuki.ca\/fr\/wp-json\/wp\/v2\/comments?post=74"}],"version-history":[{"count":0,"href":"https:\/\/www.suzuki.ca\/fr\/wp-json\/wp\/v2\/pages\/74\/revisions"}],"wp:attachment":[{"href":"https:\/\/www.suzuki.ca\/fr\/wp-json\/wp\/v2\/media?parent=74"}],"curies":[{"name":"wp","href":"https:\/\/api.w.org\/{rel}","templated":true}]}}