{"id":13887,"date":"2020-04-01T16:15:36","date_gmt":"2020-03-31T15:26:54","guid":{"rendered":"https:\/\/www.suzuki.ca\/product\/sac-etanche-pour-vtt\/"},"modified":"2026-04-09T10:33:10","modified_gmt":"2026-04-09T14:33:10","slug":"sac-etanche-pour-vtt","status":"publish","type":"product","link":"https:\/\/www.suzuki.ca\/fr\/produit\/sac-etanche-pour-vtt\/","title":{"rendered":"Sac \u00e9tanche pour VTT"},"content":{"rendered":"<p>D\u00e9couvrez le compagnon ultime pour vos aventures en plein air avec le Suzuki Dry Bag, con\u00e7u pour garder votre \u00e9quipement en s\u00e9curit\u00e9 et au sec dans n&#8217;importe quel environnement. Con\u00e7u pour les aventuriers, ce sac \u00e9tanche allie une durabilit\u00e9 robuste \u00e0 des fonctionnalit\u00e9s innovantes pour garantir des performances fiables partout o\u00f9 votre voyage vous m\u00e8ne.<\/p>\n<p><strong>Principales caract\u00e9ristiques:<\/strong><\/p>\n<ul>\n<li><strong>Protection 100 % \u00e9tanche :<\/strong> fabriqu\u00e9 \u00e0 partir de mat\u00e9riaux de haute qualit\u00e9 et dot\u00e9 de coutures soud\u00e9es, le Suzuki Dry Bag garantit une int\u00e9grit\u00e9 imperm\u00e9able, prot\u00e9geant vos affaires de la pluie, des \u00e9claboussures et de l&#8217;immersion.<\/li>\n<li><strong>Fixation et lib\u00e9ration sans effort :<\/strong> con\u00e7u pour plus de commodit\u00e9, le syst\u00e8me de fixation et de lib\u00e9ration rapides vous permet de monter facilement et en toute s\u00e9curit\u00e9 le sac \u00e9tanche sur votre moto, kayak ou autre \u00e9quipement.<\/li>\n<li><strong>Capacit\u00e9 spacieuse de 39,5 L :<\/strong> un grand espace de stockage peut accueillir tous vos essentiels, des v\u00eatements et appareils \u00e9lectroniques au mat\u00e9riel de camping et plus encore, ce qui le rend id\u00e9al pour les voyages prolong\u00e9s et les activit\u00e9s de plein air.<\/li>\n<li><strong>Dimensions optimales :<\/strong> Compact mais spacieux, avec des dimensions de 20&#8243; x 10&#8243; x 12&#8243;, le Suzuki Dry Bag offre l&#8217;\u00e9quilibre parfait entre taille et convivialit\u00e9, garantissant un emballage et un transport faciles.<\/li>\n<\/ul>\n<p><strong>Polyvalent et fiable :<\/strong> que vous embarquiez pour un week-end de camping, une excursion en moto ou une exp\u00e9dition en kayak, le Suzuki Dry Bag offre une fiabilit\u00e9 et une tranquillit\u00e9 d&#8217;esprit in\u00e9gal\u00e9es. Con\u00e7u pour r\u00e9sister aux \u00e9l\u00e9ments et construit pour durer, c&#8217;est votre solution incontournable pour prot\u00e9ger votre \u00e9quipement dans n&#8217;importe quel sc\u00e9nario d&#8217;aventure.<\/p>\n<p><strong>D\u00e9couvrez la diff\u00e9rence :<\/strong> am\u00e9liorez votre exp\u00e9rience de plein air avec le Suzuki Dry Bag, o\u00f9 un savoir-faire sup\u00e9rieur rencontre des performances in\u00e9gal\u00e9es. Faites confiance \u00e0 un compagnon qui partage votre passion pour l&#8217;exploration et l&#8217;aventure.<\/p>\n<p><strong>Compatibilit\u00e9 :<\/strong><br \/>\nKingQuad 400\/500\/750 : TOUS<\/p>\n","protected":false},"excerpt":{"rendered":"<p>\u2026 <a class=\"blog-readmore\" href=\"https:\/\/www.suzuki.ca\/fr\/produit\/sac-etanche-pour-vtt\/\">Continuez \u00e0 lire ><\/a><\/p>\n","protected":false},"featured_media":57503,"template":"","meta":{"_acf_changed":false,"site-sidebar-layout":"no-sidebar","site-content-layout":"default","ast-site-content-layout":"default","site-content-style":"default","site-sidebar-style":"default","ast-global-header-display":"","ast-banner-title-visibility":"","ast-main-header-display":"","ast-hfb-above-header-display":"","ast-hfb-below-header-display":"","ast-hfb-mobile-header-display":"","site-post-title":"","ast-breadcrumbs-content":"","ast-featured-img":"","footer-sml-layout":"","ast-disable-related-posts":"","theme-transparent-header-meta":"default","adv-header-id-meta":"","stick-header-meta":"default","header-above-stick-meta":"","header-main-stick-meta":"","header-below-stick-meta":"","astra-migrate-meta-layouts":"set","ast-page-background-enabled":"default","ast-page-background-meta":{"desktop":{"background-color":"","background-image":"","background-repeat":"repeat","background-position":"center center","background-size":"auto","background-attachment":"scroll","background-type":"","background-media":"","overlay-type":"","overlay-color":"","overlay-opacity":"","overlay-gradient":""},"tablet":{"background-color":"","background-image":"","background-repeat":"repeat","background-position":"center center","background-size":"auto","background-attachment":"scroll","background-type":"","background-media":"","overlay-type":"","overlay-color":"","overlay-opacity":"","overlay-gradient":""},"mobile":{"background-color":"","background-image":"","background-repeat":"repeat","background-position":"center center","background-size":"auto","background-attachment":"scroll","background-type":"","background-media":"","overlay-type":"","overlay-color":"","overlay-opacity":"","overlay-gradient":""}},"ast-content-background-meta":{"desktop":{"background-color":"var(--ast-global-color-5)","background-image":"","background-repeat":"repeat","background-position":"center center","background-size":"auto","background-attachment":"scroll","background-type":"","background-media":"","overlay-type":"","overlay-color":"","overlay-opacity":"","overlay-gradient":""},"tablet":{"background-color":"var(--ast-global-color-5)","background-image":"","background-repeat":"repeat","background-position":"center center","background-size":"auto","background-attachment":"scroll","background-type":"","background-media":"","overlay-type":"","overlay-color":"","overlay-opacity":"","overlay-gradient":""},"mobile":{"background-color":"var(--ast-global-color-5)","background-image":"","background-repeat":"repeat","background-position":"center center","background-size":"auto","background-attachment":"scroll","background-type":"","background-media":"","overlay-type":"","overlay-color":"","overlay-opacity":"","overlay-gradient":""}}},"product_brand":[],"product_cat":[2209,2212],"product_tag":[],"class_list":{"0":"post-13887","1":"product","2":"type-product","3":"status-publish","4":"has-post-thumbnail","6":"product_cat-accessoires-pour-vtt","7":"product_cat-magasin-de-vtt","8":"pa_atv-model-kingquad-lt-a400-fr","9":"pa_atv-model-kingquad-lt-a500-fr","10":"pa_atv-model-kingquad-lt-a750-fr","11":"pa_item-type-protection-et-apparence-du-vehicule","12":"pa_line-year-5978","13":"pa_line-year-5986","14":"pa_line-year-5987","15":"pa_line-year-5979","16":"pa_line-year-5983","17":"pa_line-year-5984","18":"pa_line-year-5985","19":"pa_line-year-5980","20":"pa_line-year-5988","21":"pa_line-year-5981","22":"pa_line-year-5982","23":"pa_line-year-5968","24":"pa_line-year-5969","25":"pa_line-year-5970","26":"pa_line-year-5971","27":"pa_line-year-5972","28":"pa_line-year-5973","29":"pa_line-year-5974","30":"pa_line-year-5975","31":"pa_line-year-5976","32":"pa_line-year-5977","33":"desktop-align-left","34":"tablet-align-left","35":"mobile-align-left","36":"ast-product-gallery-layout-horizontal","37":"ast-product-gallery-with-no-image","38":"ast-magnify-disabled","39":"ast-product-tabs-layout-horizontal","41":"first","42":"instock","43":"taxable","44":"shipping-taxable","45":"purchasable","46":"product-type-simple"},"acf":[],"yoast_head":"<!-- This site is optimized with the Yoast SEO plugin v27.3 - https:\/\/yoast.com\/product\/yoast-seo-wordpress\/ -->\n<title>Sac \u00e9tanche pour VTT - Suzuki Canada Inc.<\/title>\n<meta name=\"robots\" content=\"index, follow, max-snippet:-1, max-image-preview:large, max-video-preview:-1\" \/>\n<link rel=\"canonical\" href=\"https:\/\/www.suzuki.ca\/fr\/produit\/sac-etanche-pour-vtt\/\" \/>\n<meta property=\"og:locale\" content=\"fr_FR\" \/>\n<meta property=\"og:type\" content=\"article\" \/>\n<meta property=\"og:title\" content=\"Sac \u00e9tanche pour VTT - Suzuki Canada Inc.\" \/>\n<meta property=\"og:description\" content=\"\u2026 Continuez \u00e0 lire &gt;\" \/>\n<meta property=\"og:url\" content=\"https:\/\/www.suzuki.ca\/fr\/produit\/sac-etanche-pour-vtt\/\" \/>\n<meta property=\"og:site_name\" content=\"Suzuki Canada Inc.\" \/>\n<meta property=\"article:modified_time\" content=\"2026-04-09T14:33:10+00:00\" \/>\n<meta property=\"og:image\" content=\"https:\/\/staging.suzuki.ca\/wp-content\/uploads\/Webstore-Items-.jpg\" \/>\n\t<meta property=\"og:image:width\" content=\"1080\" \/>\n\t<meta property=\"og:image:height\" content=\"1080\" \/>\n\t<meta property=\"og:image:type\" content=\"image\/jpeg\" \/>\n<meta name=\"twitter:card\" content=\"summary_large_image\" \/>\n<meta name=\"twitter:label1\" content=\"Est. reading time\" \/>\n\t<meta name=\"twitter:data1\" content=\"2 minutes\" \/>\n<script type=\"application\/ld+json\" class=\"yoast-schema-graph\">{\"@context\":\"https:\\\/\\\/schema.org\",\"@graph\":[{\"@type\":\"WebPage\",\"@id\":\"https:\\\/\\\/www.suzuki.ca\\\/fr\\\/produit\\\/sac-etanche-pour-vtt\\\/\",\"url\":\"https:\\\/\\\/www.suzuki.ca\\\/fr\\\/produit\\\/sac-etanche-pour-vtt\\\/\",\"name\":\"Sac \u00e9tanche pour VTT - Suzuki Canada Inc.\",\"isPartOf\":{\"@id\":\"https:\\\/\\\/www.suzuki.ca\\\/#website\"},\"primaryImageOfPage\":{\"@id\":\"https:\\\/\\\/www.suzuki.ca\\\/fr\\\/produit\\\/sac-etanche-pour-vtt\\\/#primaryimage\"},\"image\":{\"@id\":\"https:\\\/\\\/www.suzuki.ca\\\/fr\\\/produit\\\/sac-etanche-pour-vtt\\\/#primaryimage\"},\"thumbnailUrl\":\"https:\\\/\\\/www.suzuki.ca\\\/wp-content\\\/uploads\\\/Webstore-Items-.jpg\",\"datePublished\":\"2020-03-31T15:26:54+00:00\",\"dateModified\":\"2026-04-09T14:33:10+00:00\",\"breadcrumb\":{\"@id\":\"https:\\\/\\\/www.suzuki.ca\\\/fr\\\/produit\\\/sac-etanche-pour-vtt\\\/#breadcrumb\"},\"inLanguage\":\"fr-FR\",\"potentialAction\":[{\"@type\":\"ReadAction\",\"target\":[\"https:\\\/\\\/www.suzuki.ca\\\/fr\\\/produit\\\/sac-etanche-pour-vtt\\\/\"]}]},{\"@type\":\"ImageObject\",\"inLanguage\":\"fr-FR\",\"@id\":\"https:\\\/\\\/www.suzuki.ca\\\/fr\\\/produit\\\/sac-etanche-pour-vtt\\\/#primaryimage\",\"url\":\"https:\\\/\\\/www.suzuki.ca\\\/wp-content\\\/uploads\\\/Webstore-Items-.jpg\",\"contentUrl\":\"https:\\\/\\\/www.suzuki.ca\\\/wp-content\\\/uploads\\\/Webstore-Items-.jpg\",\"width\":1080,\"height\":1080,\"caption\":\"Suzuki_ATV_Dry_Bag\"},{\"@type\":\"BreadcrumbList\",\"@id\":\"https:\\\/\\\/www.suzuki.ca\\\/fr\\\/produit\\\/sac-etanche-pour-vtt\\\/#breadcrumb\",\"itemListElement\":[{\"@type\":\"ListItem\",\"position\":1,\"name\":\"Accueil\",\"item\":\"https:\\\/\\\/www.suzuki.ca\\\/fr\\\/\"},{\"@type\":\"ListItem\",\"position\":2,\"name\":\"Products\",\"item\":\"https:\\\/\\\/www.suzuki.ca\\\/shop\\\/\"},{\"@type\":\"ListItem\",\"position\":3,\"name\":\"Sac \u00e9tanche pour VTT\"}]},{\"@type\":\"WebSite\",\"@id\":\"https:\\\/\\\/www.suzuki.ca\\\/#website\",\"url\":\"https:\\\/\\\/www.suzuki.ca\\\/\",\"name\":\"Suzuki Canada Inc.\",\"description\":\"The Official Home of Suzuki Canada Motorcycle, ATV, and Marine models and accessories.\",\"publisher\":{\"@id\":\"https:\\\/\\\/www.suzuki.ca\\\/#organization\"},\"potentialAction\":[{\"@type\":\"SearchAction\",\"target\":{\"@type\":\"EntryPoint\",\"urlTemplate\":\"https:\\\/\\\/www.suzuki.ca\\\/?s={search_term_string}\"},\"query-input\":{\"@type\":\"PropertyValueSpecification\",\"valueRequired\":true,\"valueName\":\"search_term_string\"}}],\"inLanguage\":\"fr-FR\"},{\"@type\":\"Organization\",\"@id\":\"https:\\\/\\\/www.suzuki.ca\\\/#organization\",\"name\":\"Suzuki Canada Inc.\",\"url\":\"https:\\\/\\\/www.suzuki.ca\\\/\",\"logo\":{\"@type\":\"ImageObject\",\"inLanguage\":\"fr-FR\",\"@id\":\"https:\\\/\\\/www.suzuki.ca\\\/#\\\/schema\\\/logo\\\/image\\\/\",\"url\":\"https:\\\/\\\/www.suzuki.ca\\\/wp-content\\\/uploads\\\/Suzuki_Logo_Parallelogram.svg\",\"contentUrl\":\"https:\\\/\\\/www.suzuki.ca\\\/wp-content\\\/uploads\\\/Suzuki_Logo_Parallelogram.svg\",\"caption\":\"Suzuki Canada Inc.\"},\"image\":{\"@id\":\"https:\\\/\\\/www.suzuki.ca\\\/#\\\/schema\\\/logo\\\/image\\\/\"}}]}<\/script>\n<!-- \/ Yoast SEO plugin. -->","yoast_head_json":{"title":"Sac \u00e9tanche pour VTT - Suzuki Canada Inc.","robots":{"index":"index","follow":"follow","max-snippet":"max-snippet:-1","max-image-preview":"max-image-preview:large","max-video-preview":"max-video-preview:-1"},"canonical":"https:\/\/www.suzuki.ca\/fr\/produit\/sac-etanche-pour-vtt\/","og_locale":"fr_FR","og_type":"article","og_title":"Sac \u00e9tanche pour VTT - Suzuki Canada Inc.","og_description":"\u2026 Continuez \u00e0 lire >","og_url":"https:\/\/www.suzuki.ca\/fr\/produit\/sac-etanche-pour-vtt\/","og_site_name":"Suzuki Canada Inc.","article_modified_time":"2026-04-09T14:33:10+00:00","og_image":[{"width":1080,"height":1080,"url":"https:\/\/staging.suzuki.ca\/wp-content\/uploads\/Webstore-Items-.jpg","type":"image\/jpeg"}],"twitter_card":"summary_large_image","twitter_misc":{"Est. reading time":"2 minutes"},"schema":{"@context":"https:\/\/schema.org","@graph":[{"@type":"WebPage","@id":"https:\/\/www.suzuki.ca\/fr\/produit\/sac-etanche-pour-vtt\/","url":"https:\/\/www.suzuki.ca\/fr\/produit\/sac-etanche-pour-vtt\/","name":"Sac \u00e9tanche pour VTT - Suzuki Canada Inc.","isPartOf":{"@id":"https:\/\/www.suzuki.ca\/#website"},"primaryImageOfPage":{"@id":"https:\/\/www.suzuki.ca\/fr\/produit\/sac-etanche-pour-vtt\/#primaryimage"},"image":{"@id":"https:\/\/www.suzuki.ca\/fr\/produit\/sac-etanche-pour-vtt\/#primaryimage"},"thumbnailUrl":"https:\/\/www.suzuki.ca\/wp-content\/uploads\/Webstore-Items-.jpg","datePublished":"2020-03-31T15:26:54+00:00","dateModified":"2026-04-09T14:33:10+00:00","breadcrumb":{"@id":"https:\/\/www.suzuki.ca\/fr\/produit\/sac-etanche-pour-vtt\/#breadcrumb"},"inLanguage":"fr-FR","potentialAction":[{"@type":"ReadAction","target":["https:\/\/www.suzuki.ca\/fr\/produit\/sac-etanche-pour-vtt\/"]}]},{"@type":"ImageObject","inLanguage":"fr-FR","@id":"https:\/\/www.suzuki.ca\/fr\/produit\/sac-etanche-pour-vtt\/#primaryimage","url":"https:\/\/www.suzuki.ca\/wp-content\/uploads\/Webstore-Items-.jpg","contentUrl":"https:\/\/www.suzuki.ca\/wp-content\/uploads\/Webstore-Items-.jpg","width":1080,"height":1080,"caption":"Suzuki_ATV_Dry_Bag"},{"@type":"BreadcrumbList","@id":"https:\/\/www.suzuki.ca\/fr\/produit\/sac-etanche-pour-vtt\/#breadcrumb","itemListElement":[{"@type":"ListItem","position":1,"name":"Accueil","item":"https:\/\/www.suzuki.ca\/fr\/"},{"@type":"ListItem","position":2,"name":"Products","item":"https:\/\/www.suzuki.ca\/shop\/"},{"@type":"ListItem","position":3,"name":"Sac \u00e9tanche pour VTT"}]},{"@type":"WebSite","@id":"https:\/\/www.suzuki.ca\/#website","url":"https:\/\/www.suzuki.ca\/","name":"Suzuki Canada Inc.","description":"The Official Home of Suzuki Canada Motorcycle, ATV, and Marine models and accessories.","publisher":{"@id":"https:\/\/www.suzuki.ca\/#organization"},"potentialAction":[{"@type":"SearchAction","target":{"@type":"EntryPoint","urlTemplate":"https:\/\/www.suzuki.ca\/?s={search_term_string}"},"query-input":{"@type":"PropertyValueSpecification","valueRequired":true,"valueName":"search_term_string"}}],"inLanguage":"fr-FR"},{"@type":"Organization","@id":"https:\/\/www.suzuki.ca\/#organization","name":"Suzuki Canada Inc.","url":"https:\/\/www.suzuki.ca\/","logo":{"@type":"ImageObject","inLanguage":"fr-FR","@id":"https:\/\/www.suzuki.ca\/#\/schema\/logo\/image\/","url":"https:\/\/www.suzuki.ca\/wp-content\/uploads\/Suzuki_Logo_Parallelogram.svg","contentUrl":"https:\/\/www.suzuki.ca\/wp-content\/uploads\/Suzuki_Logo_Parallelogram.svg","caption":"Suzuki Canada Inc."},"image":{"@id":"https:\/\/www.suzuki.ca\/#\/schema\/logo\/image\/"}}]}},"_links":{"self":[{"href":"https:\/\/www.suzuki.ca\/fr\/wp-json\/wp\/v2\/product\/13887","targetHints":{"allow":["GET"]}}],"collection":[{"href":"https:\/\/www.suzuki.ca\/fr\/wp-json\/wp\/v2\/product"}],"about":[{"href":"https:\/\/www.suzuki.ca\/fr\/wp-json\/wp\/v2\/types\/product"}],"wp:featuredmedia":[{"embeddable":true,"href":"https:\/\/www.suzuki.ca\/fr\/wp-json\/wp\/v2\/media\/57503"}],"wp:attachment":[{"href":"https:\/\/www.suzuki.ca\/fr\/wp-json\/wp\/v2\/media?parent=13887"}],"wp:term":[{"taxonomy":"product_brand","embeddable":true,"href":"https:\/\/www.suzuki.ca\/fr\/wp-json\/wp\/v2\/product_brand?post=13887"},{"taxonomy":"product_cat","embeddable":true,"href":"https:\/\/www.suzuki.ca\/fr\/wp-json\/wp\/v2\/product_cat?post=13887"},{"taxonomy":"product_tag","embeddable":true,"href":"https:\/\/www.suzuki.ca\/fr\/wp-json\/wp\/v2\/product_tag?post=13887"}],"curies":[{"name":"wp","href":"https:\/\/api.w.org\/{rel}","templated":true}]}}