{"id":13902,"date":"2020-04-01T16:15:25","date_gmt":"2020-03-31T15:26:41","guid":{"rendered":"https:\/\/www.suzuki.ca\/product\/warn-54-chasse-neige\/"},"modified":"2026-04-09T10:33:05","modified_gmt":"2026-04-09T14:33:05","slug":"warn-provantage-ii-54-chasse-neige","status":"publish","type":"product","link":"https:\/\/www.suzuki.ca\/fr\/produit\/warn-provantage-ii-54-chasse-neige\/","title":{"rendered":"WARN Provantage II 54\u201d Chasse-neige"},"content":{"rendered":"<p>Le syst\u00e8me de charrue ProVantage II introduit plusieurs nouvelles fonctionnalit\u00e9s visant \u00e0 am\u00e9liorer l&#8217;efficacit\u00e9, la durabilit\u00e9 et la facilit\u00e9 d&#8217;utilisation :<\/p>\n<ul>\n<li><strong>M\u00e9thode de fixation du crochet du treuil<\/strong> : pr\u00e9sente une nouvelle m\u00e9thode pour fixer le crochet du treuil qui r\u00e9duit l&#8217;usure de la corde du treuil, prolongeant ainsi sa dur\u00e9e de vie.<\/li>\n<li><strong>M\u00e9canisme de d\u00e9clenchement<\/strong> : permet \u00e0 la lame de la charrue de tr\u00e9bucher vers l&#8217;avant lorsqu&#8217;elle rencontre des obstacles ou des conditions de surcharge. Cette fonctionnalit\u00e9 prot\u00e8ge la charrue des dommages en absorbant les impacts.<\/li>\n<li><strong>M\u00e9canisme de pivot de lame repens\u00e9<\/strong> : am\u00e9liore le bon fonctionnement et la robustesse, garantissant des performances fiables sur de longues p\u00e9riodes.<\/li>\n<li><strong>Pr\u00e9assembl\u00e9 pour une installation facile :<\/strong> con\u00e7u pour une installation rapide et simple, minimisant le temps et les efforts d&#8217;installation.<\/li>\n<li><strong>Barre d&#8217;usure r\u00e9versible<\/strong> : la barre d&#8217;usure peut \u00eatre retourn\u00e9e lorsqu&#8217;un c\u00f4t\u00e9 s&#8217;use, doublant efficacement sa dur\u00e9e de vie et r\u00e9duisant la fr\u00e9quence de remplacement.<\/li>\n<li><strong>Patins rotatifs :<\/strong> ces patins se d\u00e9placent et pivotent sur les surfaces, contribuant ainsi \u00e0 augmenter la dur\u00e9e de vie et l&#8217;adaptabilit\u00e9 sur diff\u00e9rents terrains.<\/li>\n<li><strong>Hauteur de lame r\u00e9glable :<\/strong> offre six positions facilement r\u00e9glables pour la hauteur de la lame, permettant une personnalisation en fonction du terrain et des exigences sp\u00e9cifiques du travail.<\/li>\n<li><strong>Finition sabl\u00e9e et enduite de poudre :<\/strong> offre une durabilit\u00e9 et une r\u00e9sistance \u00e0 la corrosion maximales, garantissant que le syst\u00e8me de chasse-neige conserve son apparence et sa fonctionnalit\u00e9 \u00e0 travers diverses saisons et conditions m\u00e9t\u00e9orologiques.<\/li>\n<li><strong>Garantie de WARN<\/strong> : comprend une garantie limit\u00e9e d&#8217;un an, offrant une assurance et une assistance pour la fiabilit\u00e9 et les performances du produit.<\/li>\n<\/ul>\n<p>Dans l&#8217;ensemble, le syst\u00e8me de chasse-neige ProVantage II combine des \u00e9l\u00e9ments de conception innovants avec une construction robuste pour offrir des capacit\u00e9s de d\u00e9neigement efficaces tout en privil\u00e9giant la long\u00e9vit\u00e9 et la facilit\u00e9 d&#8217;entretien.<\/p>\n<p><strong>Compatibilit\u00e9 :<\/strong><br \/>\nKingQuad 500 : 2008 &#8211; 2026<br \/>\nDirection assist\u00e9e KingQuad 500 : 2008 &#8211; 2026<br \/>\nKingQuad 750 : 2008 &#8211; 2026<br \/>\nDirection assist\u00e9e KingQuad 750 : 2008 &#8211; 2026<\/p>\n<p><strong>Composants requis pour l&#8217;installation<\/strong> :<br \/>\nEnsemble de base de charrue : num\u00e9ro de pi\u00e8ce 990A0-10379<br \/>\nSupport de charrue : num\u00e9ro de pi\u00e8ce 990A0-45000 (pour KingQuad 750\/500)<\/p>\n","protected":false},"excerpt":{"rendered":"<p>\u2026 <a class=\"blog-readmore\" href=\"https:\/\/www.suzuki.ca\/fr\/produit\/warn-provantage-ii-54-chasse-neige\/\">Continuez \u00e0 lire ><\/a><\/p>\n","protected":false},"featured_media":55498,"template":"","meta":{"_acf_changed":false,"site-sidebar-layout":"no-sidebar","site-content-layout":"default","ast-site-content-layout":"default","site-content-style":"default","site-sidebar-style":"default","ast-global-header-display":"","ast-banner-title-visibility":"","ast-main-header-display":"","ast-hfb-above-header-display":"","ast-hfb-below-header-display":"","ast-hfb-mobile-header-display":"","site-post-title":"","ast-breadcrumbs-content":"","ast-featured-img":"","footer-sml-layout":"","ast-disable-related-posts":"","theme-transparent-header-meta":"default","adv-header-id-meta":"","stick-header-meta":"default","header-above-stick-meta":"","header-main-stick-meta":"","header-below-stick-meta":"","astra-migrate-meta-layouts":"set","ast-page-background-enabled":"default","ast-page-background-meta":{"desktop":{"background-color":"","background-image":"","background-repeat":"repeat","background-position":"center center","background-size":"auto","background-attachment":"scroll","background-type":"","background-media":"","overlay-type":"","overlay-color":"","overlay-opacity":"","overlay-gradient":""},"tablet":{"background-color":"","background-image":"","background-repeat":"repeat","background-position":"center center","background-size":"auto","background-attachment":"scroll","background-type":"","background-media":"","overlay-type":"","overlay-color":"","overlay-opacity":"","overlay-gradient":""},"mobile":{"background-color":"","background-image":"","background-repeat":"repeat","background-position":"center center","background-size":"auto","background-attachment":"scroll","background-type":"","background-media":"","overlay-type":"","overlay-color":"","overlay-opacity":"","overlay-gradient":""}},"ast-content-background-meta":{"desktop":{"background-color":"var(--ast-global-color-5)","background-image":"","background-repeat":"repeat","background-position":"center center","background-size":"auto","background-attachment":"scroll","background-type":"","background-media":"","overlay-type":"","overlay-color":"","overlay-opacity":"","overlay-gradient":""},"tablet":{"background-color":"var(--ast-global-color-5)","background-image":"","background-repeat":"repeat","background-position":"center center","background-size":"auto","background-attachment":"scroll","background-type":"","background-media":"","overlay-type":"","overlay-color":"","overlay-opacity":"","overlay-gradient":""},"mobile":{"background-color":"var(--ast-global-color-5)","background-image":"","background-repeat":"repeat","background-position":"center center","background-size":"auto","background-attachment":"scroll","background-type":"","background-media":"","overlay-type":"","overlay-color":"","overlay-opacity":"","overlay-gradient":""}}},"product_brand":[],"product_cat":[2209,2212],"product_tag":[],"class_list":{"0":"post-13902","1":"product","2":"type-product","3":"status-publish","4":"has-post-thumbnail","6":"product_cat-accessoires-pour-vtt","7":"product_cat-magasin-de-vtt","8":"pa_atv-model-kingquad-lt-a500-fr","9":"pa_atv-model-kingquad-lt-a750-fr","10":"pa_item-type-chasse-neige-et-remorquage","11":"pa_line-year-5978","12":"pa_line-year-5986","13":"pa_line-year-5987","14":"pa_line-year-5979","15":"pa_line-year-5983","16":"pa_line-year-5984","17":"pa_line-year-5985","18":"pa_line-year-5980","19":"pa_line-year-5988","20":"pa_line-year-5981","21":"pa_line-year-5982","22":"pa_line-year-5968","23":"pa_line-year-5969","24":"pa_line-year-5970","25":"pa_line-year-5971","26":"pa_line-year-5972","27":"pa_line-year-5973","28":"pa_line-year-5974","29":"pa_line-year-5975","30":"pa_line-year-5976","31":"desktop-align-left","32":"tablet-align-left","33":"mobile-align-left","34":"ast-product-gallery-layout-horizontal","35":"ast-magnify-disabled","36":"ast-product-tabs-layout-horizontal","38":"first","39":"instock","40":"taxable","41":"shipping-taxable","42":"purchasable","43":"product-type-simple"},"acf":[],"yoast_head":"<!-- This site is optimized with the Yoast SEO plugin v27.3 - https:\/\/yoast.com\/product\/yoast-seo-wordpress\/ -->\n<title>WARN Provantage II 54\u201d Chasse-neige - Suzuki Canada Inc.<\/title>\n<meta name=\"robots\" content=\"index, follow, max-snippet:-1, max-image-preview:large, max-video-preview:-1\" \/>\n<link rel=\"canonical\" href=\"https:\/\/www.suzuki.ca\/fr\/produit\/warn-provantage-ii-54-chasse-neige\/\" \/>\n<meta property=\"og:locale\" content=\"fr_FR\" \/>\n<meta property=\"og:type\" content=\"article\" \/>\n<meta property=\"og:title\" content=\"WARN Provantage II 54\u201d Chasse-neige - Suzuki Canada Inc.\" \/>\n<meta property=\"og:description\" content=\"\u2026 Continuez \u00e0 lire &gt;\" \/>\n<meta property=\"og:url\" content=\"https:\/\/www.suzuki.ca\/fr\/produit\/warn-provantage-ii-54-chasse-neige\/\" \/>\n<meta property=\"og:site_name\" content=\"Suzuki Canada Inc.\" \/>\n<meta property=\"article:modified_time\" content=\"2026-04-09T14:33:05+00:00\" \/>\n<meta property=\"og:image\" content=\"https:\/\/staging.suzuki.ca\/wp-content\/uploads\/511.png\" \/>\n\t<meta property=\"og:image:width\" content=\"1080\" \/>\n\t<meta property=\"og:image:height\" content=\"1080\" \/>\n\t<meta property=\"og:image:type\" content=\"image\/png\" \/>\n<meta name=\"twitter:card\" content=\"summary_large_image\" \/>\n<meta name=\"twitter:label1\" content=\"Est. reading time\" \/>\n\t<meta name=\"twitter:data1\" content=\"2 minutes\" \/>\n<script type=\"application\/ld+json\" class=\"yoast-schema-graph\">{\"@context\":\"https:\\\/\\\/schema.org\",\"@graph\":[{\"@type\":\"WebPage\",\"@id\":\"https:\\\/\\\/www.suzuki.ca\\\/fr\\\/produit\\\/warn-provantage-ii-54-chasse-neige\\\/\",\"url\":\"https:\\\/\\\/www.suzuki.ca\\\/fr\\\/produit\\\/warn-provantage-ii-54-chasse-neige\\\/\",\"name\":\"WARN Provantage II 54\u201d Chasse-neige - Suzuki Canada Inc.\",\"isPartOf\":{\"@id\":\"https:\\\/\\\/www.suzuki.ca\\\/#website\"},\"primaryImageOfPage\":{\"@id\":\"https:\\\/\\\/www.suzuki.ca\\\/fr\\\/produit\\\/warn-provantage-ii-54-chasse-neige\\\/#primaryimage\"},\"image\":{\"@id\":\"https:\\\/\\\/www.suzuki.ca\\\/fr\\\/produit\\\/warn-provantage-ii-54-chasse-neige\\\/#primaryimage\"},\"thumbnailUrl\":\"https:\\\/\\\/www.suzuki.ca\\\/wp-content\\\/uploads\\\/511.png\",\"datePublished\":\"2020-03-31T15:26:41+00:00\",\"dateModified\":\"2026-04-09T14:33:05+00:00\",\"breadcrumb\":{\"@id\":\"https:\\\/\\\/www.suzuki.ca\\\/fr\\\/produit\\\/warn-provantage-ii-54-chasse-neige\\\/#breadcrumb\"},\"inLanguage\":\"fr-FR\",\"potentialAction\":[{\"@type\":\"ReadAction\",\"target\":[\"https:\\\/\\\/www.suzuki.ca\\\/fr\\\/produit\\\/warn-provantage-ii-54-chasse-neige\\\/\"]}]},{\"@type\":\"ImageObject\",\"inLanguage\":\"fr-FR\",\"@id\":\"https:\\\/\\\/www.suzuki.ca\\\/fr\\\/produit\\\/warn-provantage-ii-54-chasse-neige\\\/#primaryimage\",\"url\":\"https:\\\/\\\/www.suzuki.ca\\\/wp-content\\\/uploads\\\/511.png\",\"contentUrl\":\"https:\\\/\\\/www.suzuki.ca\\\/wp-content\\\/uploads\\\/511.png\",\"width\":1080,\"height\":1080,\"caption\":\"WARN PROVANTAGE II front\"},{\"@type\":\"BreadcrumbList\",\"@id\":\"https:\\\/\\\/www.suzuki.ca\\\/fr\\\/produit\\\/warn-provantage-ii-54-chasse-neige\\\/#breadcrumb\",\"itemListElement\":[{\"@type\":\"ListItem\",\"position\":1,\"name\":\"Accueil\",\"item\":\"https:\\\/\\\/www.suzuki.ca\\\/fr\\\/\"},{\"@type\":\"ListItem\",\"position\":2,\"name\":\"Products\",\"item\":\"https:\\\/\\\/www.suzuki.ca\\\/shop\\\/\"},{\"@type\":\"ListItem\",\"position\":3,\"name\":\"WARN Provantage II 54\u201d Chasse-neige\"}]},{\"@type\":\"WebSite\",\"@id\":\"https:\\\/\\\/www.suzuki.ca\\\/#website\",\"url\":\"https:\\\/\\\/www.suzuki.ca\\\/\",\"name\":\"Suzuki Canada Inc.\",\"description\":\"The Official Home of Suzuki Canada Motorcycle, ATV, and Marine models and accessories.\",\"publisher\":{\"@id\":\"https:\\\/\\\/www.suzuki.ca\\\/#organization\"},\"potentialAction\":[{\"@type\":\"SearchAction\",\"target\":{\"@type\":\"EntryPoint\",\"urlTemplate\":\"https:\\\/\\\/www.suzuki.ca\\\/?s={search_term_string}\"},\"query-input\":{\"@type\":\"PropertyValueSpecification\",\"valueRequired\":true,\"valueName\":\"search_term_string\"}}],\"inLanguage\":\"fr-FR\"},{\"@type\":\"Organization\",\"@id\":\"https:\\\/\\\/www.suzuki.ca\\\/#organization\",\"name\":\"Suzuki Canada Inc.\",\"url\":\"https:\\\/\\\/www.suzuki.ca\\\/\",\"logo\":{\"@type\":\"ImageObject\",\"inLanguage\":\"fr-FR\",\"@id\":\"https:\\\/\\\/www.suzuki.ca\\\/#\\\/schema\\\/logo\\\/image\\\/\",\"url\":\"https:\\\/\\\/www.suzuki.ca\\\/wp-content\\\/uploads\\\/Suzuki_Logo_Parallelogram.svg\",\"contentUrl\":\"https:\\\/\\\/www.suzuki.ca\\\/wp-content\\\/uploads\\\/Suzuki_Logo_Parallelogram.svg\",\"caption\":\"Suzuki Canada Inc.\"},\"image\":{\"@id\":\"https:\\\/\\\/www.suzuki.ca\\\/#\\\/schema\\\/logo\\\/image\\\/\"}}]}<\/script>\n<!-- \/ Yoast SEO plugin. -->","yoast_head_json":{"title":"WARN Provantage II 54\u201d Chasse-neige - Suzuki Canada Inc.","robots":{"index":"index","follow":"follow","max-snippet":"max-snippet:-1","max-image-preview":"max-image-preview:large","max-video-preview":"max-video-preview:-1"},"canonical":"https:\/\/www.suzuki.ca\/fr\/produit\/warn-provantage-ii-54-chasse-neige\/","og_locale":"fr_FR","og_type":"article","og_title":"WARN Provantage II 54\u201d Chasse-neige - Suzuki Canada Inc.","og_description":"\u2026 Continuez \u00e0 lire >","og_url":"https:\/\/www.suzuki.ca\/fr\/produit\/warn-provantage-ii-54-chasse-neige\/","og_site_name":"Suzuki Canada Inc.","article_modified_time":"2026-04-09T14:33:05+00:00","og_image":[{"width":1080,"height":1080,"url":"https:\/\/staging.suzuki.ca\/wp-content\/uploads\/511.png","type":"image\/png"}],"twitter_card":"summary_large_image","twitter_misc":{"Est. reading time":"2 minutes"},"schema":{"@context":"https:\/\/schema.org","@graph":[{"@type":"WebPage","@id":"https:\/\/www.suzuki.ca\/fr\/produit\/warn-provantage-ii-54-chasse-neige\/","url":"https:\/\/www.suzuki.ca\/fr\/produit\/warn-provantage-ii-54-chasse-neige\/","name":"WARN Provantage II 54\u201d Chasse-neige - Suzuki Canada Inc.","isPartOf":{"@id":"https:\/\/www.suzuki.ca\/#website"},"primaryImageOfPage":{"@id":"https:\/\/www.suzuki.ca\/fr\/produit\/warn-provantage-ii-54-chasse-neige\/#primaryimage"},"image":{"@id":"https:\/\/www.suzuki.ca\/fr\/produit\/warn-provantage-ii-54-chasse-neige\/#primaryimage"},"thumbnailUrl":"https:\/\/www.suzuki.ca\/wp-content\/uploads\/511.png","datePublished":"2020-03-31T15:26:41+00:00","dateModified":"2026-04-09T14:33:05+00:00","breadcrumb":{"@id":"https:\/\/www.suzuki.ca\/fr\/produit\/warn-provantage-ii-54-chasse-neige\/#breadcrumb"},"inLanguage":"fr-FR","potentialAction":[{"@type":"ReadAction","target":["https:\/\/www.suzuki.ca\/fr\/produit\/warn-provantage-ii-54-chasse-neige\/"]}]},{"@type":"ImageObject","inLanguage":"fr-FR","@id":"https:\/\/www.suzuki.ca\/fr\/produit\/warn-provantage-ii-54-chasse-neige\/#primaryimage","url":"https:\/\/www.suzuki.ca\/wp-content\/uploads\/511.png","contentUrl":"https:\/\/www.suzuki.ca\/wp-content\/uploads\/511.png","width":1080,"height":1080,"caption":"WARN PROVANTAGE II front"},{"@type":"BreadcrumbList","@id":"https:\/\/www.suzuki.ca\/fr\/produit\/warn-provantage-ii-54-chasse-neige\/#breadcrumb","itemListElement":[{"@type":"ListItem","position":1,"name":"Accueil","item":"https:\/\/www.suzuki.ca\/fr\/"},{"@type":"ListItem","position":2,"name":"Products","item":"https:\/\/www.suzuki.ca\/shop\/"},{"@type":"ListItem","position":3,"name":"WARN Provantage II 54\u201d Chasse-neige"}]},{"@type":"WebSite","@id":"https:\/\/www.suzuki.ca\/#website","url":"https:\/\/www.suzuki.ca\/","name":"Suzuki Canada Inc.","description":"The Official Home of Suzuki Canada Motorcycle, ATV, and Marine models and accessories.","publisher":{"@id":"https:\/\/www.suzuki.ca\/#organization"},"potentialAction":[{"@type":"SearchAction","target":{"@type":"EntryPoint","urlTemplate":"https:\/\/www.suzuki.ca\/?s={search_term_string}"},"query-input":{"@type":"PropertyValueSpecification","valueRequired":true,"valueName":"search_term_string"}}],"inLanguage":"fr-FR"},{"@type":"Organization","@id":"https:\/\/www.suzuki.ca\/#organization","name":"Suzuki Canada Inc.","url":"https:\/\/www.suzuki.ca\/","logo":{"@type":"ImageObject","inLanguage":"fr-FR","@id":"https:\/\/www.suzuki.ca\/#\/schema\/logo\/image\/","url":"https:\/\/www.suzuki.ca\/wp-content\/uploads\/Suzuki_Logo_Parallelogram.svg","contentUrl":"https:\/\/www.suzuki.ca\/wp-content\/uploads\/Suzuki_Logo_Parallelogram.svg","caption":"Suzuki Canada Inc."},"image":{"@id":"https:\/\/www.suzuki.ca\/#\/schema\/logo\/image\/"}}]}},"_links":{"self":[{"href":"https:\/\/www.suzuki.ca\/fr\/wp-json\/wp\/v2\/product\/13902","targetHints":{"allow":["GET"]}}],"collection":[{"href":"https:\/\/www.suzuki.ca\/fr\/wp-json\/wp\/v2\/product"}],"about":[{"href":"https:\/\/www.suzuki.ca\/fr\/wp-json\/wp\/v2\/types\/product"}],"wp:featuredmedia":[{"embeddable":true,"href":"https:\/\/www.suzuki.ca\/fr\/wp-json\/wp\/v2\/media\/55498"}],"wp:attachment":[{"href":"https:\/\/www.suzuki.ca\/fr\/wp-json\/wp\/v2\/media?parent=13902"}],"wp:term":[{"taxonomy":"product_brand","embeddable":true,"href":"https:\/\/www.suzuki.ca\/fr\/wp-json\/wp\/v2\/product_brand?post=13902"},{"taxonomy":"product_cat","embeddable":true,"href":"https:\/\/www.suzuki.ca\/fr\/wp-json\/wp\/v2\/product_cat?post=13902"},{"taxonomy":"product_tag","embeddable":true,"href":"https:\/\/www.suzuki.ca\/fr\/wp-json\/wp\/v2\/product_tag?post=13902"}],"curies":[{"name":"wp","href":"https:\/\/api.w.org\/{rel}","templated":true}]}}