{"id":18257,"date":"2023-01-01T16:18:39","date_gmt":"2023-01-01T21:18:39","guid":{"rendered":"https:\/\/www.suzuki.ca\/product\/650-product-variation\/"},"modified":"2026-04-08T12:23:59","modified_gmt":"2026-04-08T16:23:59","slug":"trousse-ensemble-dentretien-du-moteur","status":"publish","type":"product","link":"https:\/\/www.suzuki.ca\/fr\/produit\/trousse-ensemble-dentretien-du-moteur\/","title":{"rendered":"Trousse ensemble d&#8217;entretien du moteur"},"content":{"rendered":"<p>Les trousses d\u2019entretien d&#8217;origine Suzuki contiennent des composants de grande qualit\u00e9 du Manufacturier d\u2019\u00e9quipement d&#8217;origine (M\u00c9O) pour effectuer une mise au point compl\u00e8te votre moteur hors-bord Suzuki.<\/p>\n<p><strong>La trousse d\u2019entretien peut ne pas appara\u00eetre exactement comme indiqu\u00e9.<\/strong><\/p>\n","protected":false},"excerpt":{"rendered":"<p>\u2026 <a class=\"blog-readmore\" href=\"https:\/\/www.suzuki.ca\/fr\/produit\/trousse-ensemble-dentretien-du-moteur\/\">Continuez \u00e0 lire ><\/a><\/p>\n","protected":false},"featured_media":18259,"template":"","meta":{"_acf_changed":false,"site-sidebar-layout":"no-sidebar","site-content-layout":"default","ast-site-content-layout":"default","site-content-style":"default","site-sidebar-style":"default","ast-global-header-display":"","ast-banner-title-visibility":"","ast-main-header-display":"","ast-hfb-above-header-display":"","ast-hfb-below-header-display":"","ast-hfb-mobile-header-display":"","site-post-title":"","ast-breadcrumbs-content":"","ast-featured-img":"","footer-sml-layout":"","ast-disable-related-posts":"","theme-transparent-header-meta":"default","adv-header-id-meta":"","stick-header-meta":"default","header-above-stick-meta":"","header-main-stick-meta":"","header-below-stick-meta":"","astra-migrate-meta-layouts":"set","ast-page-background-enabled":"default","ast-page-background-meta":{"desktop":{"background-color":"","background-image":"","background-repeat":"repeat","background-position":"center center","background-size":"auto","background-attachment":"scroll","background-type":"","background-media":"","overlay-type":"","overlay-color":"","overlay-opacity":"","overlay-gradient":""},"tablet":{"background-color":"","background-image":"","background-repeat":"repeat","background-position":"center center","background-size":"auto","background-attachment":"scroll","background-type":"","background-media":"","overlay-type":"","overlay-color":"","overlay-opacity":"","overlay-gradient":""},"mobile":{"background-color":"","background-image":"","background-repeat":"repeat","background-position":"center center","background-size":"auto","background-attachment":"scroll","background-type":"","background-media":"","overlay-type":"","overlay-color":"","overlay-opacity":"","overlay-gradient":""}},"ast-content-background-meta":{"desktop":{"background-color":"var(--ast-global-color-5)","background-image":"","background-repeat":"repeat","background-position":"center center","background-size":"auto","background-attachment":"scroll","background-type":"","background-media":"","overlay-type":"","overlay-color":"","overlay-opacity":"","overlay-gradient":""},"tablet":{"background-color":"var(--ast-global-color-5)","background-image":"","background-repeat":"repeat","background-position":"center center","background-size":"auto","background-attachment":"scroll","background-type":"","background-media":"","overlay-type":"","overlay-color":"","overlay-opacity":"","overlay-gradient":""},"mobile":{"background-color":"var(--ast-global-color-5)","background-image":"","background-repeat":"repeat","background-position":"center center","background-size":"auto","background-attachment":"scroll","background-type":"","background-media":"","overlay-type":"","overlay-color":"","overlay-opacity":"","overlay-gradient":""}}},"product_brand":[],"product_cat":[2215,2213],"product_tag":[],"class_list":{"0":"post-18257","1":"product","2":"type-product","3":"status-publish","4":"has-post-thumbnail","6":"product_cat-pieces-detachees-marines","7":"product_cat-magasin-de-marine","8":"pa_item-type-kits-de-maintenance","9":"pa_line-year-5991","10":"pa_line-year-5968","11":"pa_line-year-5981","12":"pa_line-year-5992","13":"pa_line-year-5969","14":"pa_line-year-5982","15":"pa_line-year-5994","16":"pa_line-year-5970","17":"pa_line-year-5983","18":"pa_line-year-5971","19":"pa_line-year-5984","20":"pa_line-year-5972","21":"pa_line-year-5985","22":"pa_line-year-5973","23":"pa_line-year-5986","24":"pa_line-year-5974","25":"pa_line-year-5987","26":"pa_line-year-5975","27":"pa_line-year-5988","28":"pa_line-year-5978","29":"pa_line-year-5989","30":"pa_line-year-5979","31":"pa_line-year-5990","32":"pa_line-year-5980","33":"pa_marine-model-df60a-fr","34":"pa_marine-model-df175-fr","35":"pa_marine-model-df4a-fr","36":"pa_marine-model-df60-fr","37":"pa_marine-model-df225-fr","38":"pa_marine-model-df60av-fr","39":"pa_marine-model-df200-fr","40":"pa_marine-model-df2-5-fr","41":"pa_marine-model-df70-fr","42":"pa_marine-model-df200ss-fr","43":"pa_marine-model-df50a-fr","44":"pa_marine-model-df25-fr","45":"pa_marine-model-df350a-fr","46":"pa_marine-model-df80a-fr","47":"pa_marine-model-df200a-fr","48":"pa_marine-model-df100-fr","49":"pa_marine-model-df50av-fr","50":"pa_marine-model-df30-fr","51":"pa_marine-model-df300ap-fr","52":"pa_marine-model-df9-9-fr","53":"pa_marine-model-df175a-fr","54":"pa_marine-model-df115-fr","55":"pa_marine-model-df40a-fr","56":"pa_marine-model-df300-fr","57":"pa_marine-model-df300b-fr","58":"pa_marine-model-df9-9a-fr","59":"pa_marine-model-df150ss-fr","60":"pa_marine-model-df115a-fr","61":"pa_marine-model-df30a-fr","62":"pa_marine-model-df300bmd-fr","63":"pa_marine-model-df250ap-fr","64":"pa_marine-model-df150a-fr","65":"pa_marine-model-df115ss-fr","66":"pa_marine-model-df25a-fr","67":"pa_marine-model-df350amd-fr","68":"pa_marine-model-df200ap-fr","69":"pa_marine-model-df140b-fr","70":"pa_marine-model-df140-fr","71":"pa_marine-model-df20a-fr","72":"pa_marine-model-df4-fr","73":"pa_marine-model-df175ap-fr","74":"pa_marine-model-df115b-fr","75":"pa_marine-model-df140a-fr","76":"pa_marine-model-df15a-fr","77":"pa_marine-model-df40-fr","78":"pa_marine-model-df150ap-fr","79":"pa_marine-model-df90a-fr","80":"pa_marine-model-df15-fr","81":"pa_marine-model-df9-9b-fr","82":"pa_marine-model-df50-fr","83":"pa_marine-model-df250ss-fr","84":"pa_marine-model-df75a-fr","85":"pa_marine-model-df150-fr","86":"pa_marine-model-df6a-fr","87":"pa_marine-model-df6-fr","88":"pa_marine-model-df250-fr","89":"pa_model-df115-10-12-fr","90":"pa_model-df9-9-15-11-13-fr","91":"pa_model-df115a-115ss-140a-13-21-fr","92":"pa_model-df9-9b-15a-20a-13-26-fr","93":"pa_model-df140-10-12-fr","94":"pa_model-df25-v2-06-10-fr","95":"pa_model-df150-150ss-175-06-18-fr","96":"pa_model-df25a-30a-15-26-fr","97":"pa_model-df250a-250ss-300ap-11-26-fr","98":"pa_model-df25-30-01-10-fr","99":"pa_model-df300b-300bmd-350a-350amd-17-22-fr","100":"pa_model-df2-5-06-11-fr","101":"pa_model-df40-50-late-06-10-fr","102":"pa_model-df300b-300bmd-325a-350a-350amd-23-26-fr","103":"pa_model-df2-5-12-26-fr","104":"pa_model-df40a-50a-60a-10-26-fr","105":"pa_model-df60-70-07-fr","106":"pa_model-df4-6-02-10-fr","107":"pa_model-df50av-60av-14-26-fr","108":"pa_model-df115b-bg-140b-bg-22-26-fr","109":"pa_model-df4-6-11-16-fr","110":"pa_model-df60-70-08-09-early-fr","111":"pa_model-df150a-175a-200a-16-26-fr","112":"pa_model-df4a-6a-17-26-fr","113":"pa_model-df70a-75a-80a-90a-09-20-fr","114":"pa_model-df200-225-250-v6-11-26-fr","115":"pa_model-df9-9a-10-26-fr","116":"desktop-align-left","117":"tablet-align-left","118":"mobile-align-left","119":"ast-product-gallery-layout-horizontal","120":"ast-product-gallery-with-no-image","121":"ast-magnify-disabled","122":"ast-product-single-variable","123":"ast-product-tabs-layout-horizontal","125":"first","126":"onbackorder","127":"taxable","128":"shipping-taxable","129":"purchasable","130":"product-type-variable"},"acf":[],"yoast_head":"<!-- This site is optimized with the Yoast SEO plugin v27.3 - https:\/\/yoast.com\/product\/yoast-seo-wordpress\/ -->\n<title>Trousse ensemble d&#039;entretien du moteur - Suzuki Canada Inc.<\/title>\n<meta name=\"robots\" content=\"index, follow, max-snippet:-1, max-image-preview:large, max-video-preview:-1\" \/>\n<link rel=\"canonical\" href=\"https:\/\/www.suzuki.ca\/fr\/produit\/trousse-ensemble-dentretien-du-moteur\/\" \/>\n<meta property=\"og:locale\" content=\"fr_FR\" \/>\n<meta property=\"og:type\" content=\"article\" \/>\n<meta property=\"og:title\" content=\"Trousse ensemble d&#039;entretien du moteur - Suzuki Canada Inc.\" \/>\n<meta property=\"og:description\" content=\"\u2026 Continuez \u00e0 lire &gt;\" \/>\n<meta property=\"og:url\" content=\"https:\/\/www.suzuki.ca\/fr\/produit\/trousse-ensemble-dentretien-du-moteur\/\" \/>\n<meta property=\"og:site_name\" content=\"Suzuki Canada Inc.\" \/>\n<meta property=\"article:modified_time\" content=\"2026-04-08T16:23:59+00:00\" \/>\n<meta property=\"og:image\" content=\"https:\/\/staging.suzuki.ca\/wp-content\/uploads\/MaintanaceKits.jpg\" \/>\n\t<meta property=\"og:image:width\" content=\"2358\" \/>\n\t<meta property=\"og:image:height\" content=\"1000\" \/>\n\t<meta property=\"og:image:type\" content=\"image\/jpeg\" \/>\n<meta name=\"twitter:card\" content=\"summary_large_image\" \/>\n<meta name=\"twitter:label1\" content=\"Est. reading time\" \/>\n\t<meta name=\"twitter:data1\" content=\"1 minute\" \/>\n<script type=\"application\/ld+json\" class=\"yoast-schema-graph\">{\"@context\":\"https:\\\/\\\/schema.org\",\"@graph\":[{\"@type\":\"WebPage\",\"@id\":\"https:\\\/\\\/www.suzuki.ca\\\/fr\\\/produit\\\/trousse-ensemble-dentretien-du-moteur\\\/\",\"url\":\"https:\\\/\\\/www.suzuki.ca\\\/fr\\\/produit\\\/trousse-ensemble-dentretien-du-moteur\\\/\",\"name\":\"Trousse ensemble d'entretien du moteur - Suzuki Canada Inc.\",\"isPartOf\":{\"@id\":\"https:\\\/\\\/www.suzuki.ca\\\/#website\"},\"primaryImageOfPage\":{\"@id\":\"https:\\\/\\\/www.suzuki.ca\\\/fr\\\/produit\\\/trousse-ensemble-dentretien-du-moteur\\\/#primaryimage\"},\"image\":{\"@id\":\"https:\\\/\\\/www.suzuki.ca\\\/fr\\\/produit\\\/trousse-ensemble-dentretien-du-moteur\\\/#primaryimage\"},\"thumbnailUrl\":\"https:\\\/\\\/www.suzuki.ca\\\/wp-content\\\/uploads\\\/MaintanaceKits.jpg\",\"datePublished\":\"2023-01-01T21:18:39+00:00\",\"dateModified\":\"2026-04-08T16:23:59+00:00\",\"breadcrumb\":{\"@id\":\"https:\\\/\\\/www.suzuki.ca\\\/fr\\\/produit\\\/trousse-ensemble-dentretien-du-moteur\\\/#breadcrumb\"},\"inLanguage\":\"fr-FR\",\"potentialAction\":[{\"@type\":\"ReadAction\",\"target\":[\"https:\\\/\\\/www.suzuki.ca\\\/fr\\\/produit\\\/trousse-ensemble-dentretien-du-moteur\\\/\"]}]},{\"@type\":\"ImageObject\",\"inLanguage\":\"fr-FR\",\"@id\":\"https:\\\/\\\/www.suzuki.ca\\\/fr\\\/produit\\\/trousse-ensemble-dentretien-du-moteur\\\/#primaryimage\",\"url\":\"https:\\\/\\\/www.suzuki.ca\\\/wp-content\\\/uploads\\\/MaintanaceKits.jpg\",\"contentUrl\":\"https:\\\/\\\/www.suzuki.ca\\\/wp-content\\\/uploads\\\/MaintanaceKits.jpg\",\"width\":2358,\"height\":1000,\"caption\":\"Marine Maintenance Kit\"},{\"@type\":\"BreadcrumbList\",\"@id\":\"https:\\\/\\\/www.suzuki.ca\\\/fr\\\/produit\\\/trousse-ensemble-dentretien-du-moteur\\\/#breadcrumb\",\"itemListElement\":[{\"@type\":\"ListItem\",\"position\":1,\"name\":\"Accueil\",\"item\":\"https:\\\/\\\/www.suzuki.ca\\\/fr\\\/\"},{\"@type\":\"ListItem\",\"position\":2,\"name\":\"Products\",\"item\":\"https:\\\/\\\/www.suzuki.ca\\\/shop\\\/\"},{\"@type\":\"ListItem\",\"position\":3,\"name\":\"Trousse ensemble d&#8217;entretien du moteur\"}]},{\"@type\":\"WebSite\",\"@id\":\"https:\\\/\\\/www.suzuki.ca\\\/#website\",\"url\":\"https:\\\/\\\/www.suzuki.ca\\\/\",\"name\":\"Suzuki Canada Inc.\",\"description\":\"The Official Home of Suzuki Canada Motorcycle, ATV, and Marine models and accessories.\",\"publisher\":{\"@id\":\"https:\\\/\\\/www.suzuki.ca\\\/#organization\"},\"potentialAction\":[{\"@type\":\"SearchAction\",\"target\":{\"@type\":\"EntryPoint\",\"urlTemplate\":\"https:\\\/\\\/www.suzuki.ca\\\/?s={search_term_string}\"},\"query-input\":{\"@type\":\"PropertyValueSpecification\",\"valueRequired\":true,\"valueName\":\"search_term_string\"}}],\"inLanguage\":\"fr-FR\"},{\"@type\":\"Organization\",\"@id\":\"https:\\\/\\\/www.suzuki.ca\\\/#organization\",\"name\":\"Suzuki Canada Inc.\",\"url\":\"https:\\\/\\\/www.suzuki.ca\\\/\",\"logo\":{\"@type\":\"ImageObject\",\"inLanguage\":\"fr-FR\",\"@id\":\"https:\\\/\\\/www.suzuki.ca\\\/#\\\/schema\\\/logo\\\/image\\\/\",\"url\":\"https:\\\/\\\/www.suzuki.ca\\\/wp-content\\\/uploads\\\/Suzuki_Logo_Parallelogram.svg\",\"contentUrl\":\"https:\\\/\\\/www.suzuki.ca\\\/wp-content\\\/uploads\\\/Suzuki_Logo_Parallelogram.svg\",\"caption\":\"Suzuki Canada Inc.\"},\"image\":{\"@id\":\"https:\\\/\\\/www.suzuki.ca\\\/#\\\/schema\\\/logo\\\/image\\\/\"}}]}<\/script>\n<!-- \/ Yoast SEO plugin. -->","yoast_head_json":{"title":"Trousse ensemble d'entretien du moteur - Suzuki Canada Inc.","robots":{"index":"index","follow":"follow","max-snippet":"max-snippet:-1","max-image-preview":"max-image-preview:large","max-video-preview":"max-video-preview:-1"},"canonical":"https:\/\/www.suzuki.ca\/fr\/produit\/trousse-ensemble-dentretien-du-moteur\/","og_locale":"fr_FR","og_type":"article","og_title":"Trousse ensemble d'entretien du moteur - Suzuki Canada Inc.","og_description":"\u2026 Continuez \u00e0 lire >","og_url":"https:\/\/www.suzuki.ca\/fr\/produit\/trousse-ensemble-dentretien-du-moteur\/","og_site_name":"Suzuki Canada Inc.","article_modified_time":"2026-04-08T16:23:59+00:00","og_image":[{"width":2358,"height":1000,"url":"https:\/\/staging.suzuki.ca\/wp-content\/uploads\/MaintanaceKits.jpg","type":"image\/jpeg"}],"twitter_card":"summary_large_image","twitter_misc":{"Est. reading time":"1 minute"},"schema":{"@context":"https:\/\/schema.org","@graph":[{"@type":"WebPage","@id":"https:\/\/www.suzuki.ca\/fr\/produit\/trousse-ensemble-dentretien-du-moteur\/","url":"https:\/\/www.suzuki.ca\/fr\/produit\/trousse-ensemble-dentretien-du-moteur\/","name":"Trousse ensemble d'entretien du moteur - Suzuki Canada Inc.","isPartOf":{"@id":"https:\/\/www.suzuki.ca\/#website"},"primaryImageOfPage":{"@id":"https:\/\/www.suzuki.ca\/fr\/produit\/trousse-ensemble-dentretien-du-moteur\/#primaryimage"},"image":{"@id":"https:\/\/www.suzuki.ca\/fr\/produit\/trousse-ensemble-dentretien-du-moteur\/#primaryimage"},"thumbnailUrl":"https:\/\/www.suzuki.ca\/wp-content\/uploads\/MaintanaceKits.jpg","datePublished":"2023-01-01T21:18:39+00:00","dateModified":"2026-04-08T16:23:59+00:00","breadcrumb":{"@id":"https:\/\/www.suzuki.ca\/fr\/produit\/trousse-ensemble-dentretien-du-moteur\/#breadcrumb"},"inLanguage":"fr-FR","potentialAction":[{"@type":"ReadAction","target":["https:\/\/www.suzuki.ca\/fr\/produit\/trousse-ensemble-dentretien-du-moteur\/"]}]},{"@type":"ImageObject","inLanguage":"fr-FR","@id":"https:\/\/www.suzuki.ca\/fr\/produit\/trousse-ensemble-dentretien-du-moteur\/#primaryimage","url":"https:\/\/www.suzuki.ca\/wp-content\/uploads\/MaintanaceKits.jpg","contentUrl":"https:\/\/www.suzuki.ca\/wp-content\/uploads\/MaintanaceKits.jpg","width":2358,"height":1000,"caption":"Marine Maintenance Kit"},{"@type":"BreadcrumbList","@id":"https:\/\/www.suzuki.ca\/fr\/produit\/trousse-ensemble-dentretien-du-moteur\/#breadcrumb","itemListElement":[{"@type":"ListItem","position":1,"name":"Accueil","item":"https:\/\/www.suzuki.ca\/fr\/"},{"@type":"ListItem","position":2,"name":"Products","item":"https:\/\/www.suzuki.ca\/shop\/"},{"@type":"ListItem","position":3,"name":"Trousse ensemble d&#8217;entretien du moteur"}]},{"@type":"WebSite","@id":"https:\/\/www.suzuki.ca\/#website","url":"https:\/\/www.suzuki.ca\/","name":"Suzuki Canada Inc.","description":"The Official Home of Suzuki Canada Motorcycle, ATV, and Marine models and accessories.","publisher":{"@id":"https:\/\/www.suzuki.ca\/#organization"},"potentialAction":[{"@type":"SearchAction","target":{"@type":"EntryPoint","urlTemplate":"https:\/\/www.suzuki.ca\/?s={search_term_string}"},"query-input":{"@type":"PropertyValueSpecification","valueRequired":true,"valueName":"search_term_string"}}],"inLanguage":"fr-FR"},{"@type":"Organization","@id":"https:\/\/www.suzuki.ca\/#organization","name":"Suzuki Canada Inc.","url":"https:\/\/www.suzuki.ca\/","logo":{"@type":"ImageObject","inLanguage":"fr-FR","@id":"https:\/\/www.suzuki.ca\/#\/schema\/logo\/image\/","url":"https:\/\/www.suzuki.ca\/wp-content\/uploads\/Suzuki_Logo_Parallelogram.svg","contentUrl":"https:\/\/www.suzuki.ca\/wp-content\/uploads\/Suzuki_Logo_Parallelogram.svg","caption":"Suzuki Canada Inc."},"image":{"@id":"https:\/\/www.suzuki.ca\/#\/schema\/logo\/image\/"}}]}},"_links":{"self":[{"href":"https:\/\/www.suzuki.ca\/fr\/wp-json\/wp\/v2\/product\/18257","targetHints":{"allow":["GET"]}}],"collection":[{"href":"https:\/\/www.suzuki.ca\/fr\/wp-json\/wp\/v2\/product"}],"about":[{"href":"https:\/\/www.suzuki.ca\/fr\/wp-json\/wp\/v2\/types\/product"}],"wp:featuredmedia":[{"embeddable":true,"href":"https:\/\/www.suzuki.ca\/fr\/wp-json\/wp\/v2\/media\/18259"}],"wp:attachment":[{"href":"https:\/\/www.suzuki.ca\/fr\/wp-json\/wp\/v2\/media?parent=18257"}],"wp:term":[{"taxonomy":"product_brand","embeddable":true,"href":"https:\/\/www.suzuki.ca\/fr\/wp-json\/wp\/v2\/product_brand?post=18257"},{"taxonomy":"product_cat","embeddable":true,"href":"https:\/\/www.suzuki.ca\/fr\/wp-json\/wp\/v2\/product_cat?post=18257"},{"taxonomy":"product_tag","embeddable":true,"href":"https:\/\/www.suzuki.ca\/fr\/wp-json\/wp\/v2\/product_tag?post=18257"}],"curies":[{"name":"wp","href":"https:\/\/api.w.org\/{rel}","templated":true}]}}