{"id":28753,"date":"2020-04-01T16:23:24","date_gmt":"2020-04-01T15:11:54","guid":{"rendered":"https:\/\/www.suzuki.ca\/product\/garniture-de-protection-de-reservoir-2\/"},"modified":"2026-04-09T10:45:02","modified_gmt":"2026-04-09T14:45:02","slug":"garniture-de-protection-de-reservoir-2","status":"publish","type":"product","link":"https:\/\/www.suzuki.ca\/fr\/produit\/garniture-de-protection-de-reservoir-2\/","title":{"rendered":"Garniture de protection de r\u00e9servoir"},"content":{"rendered":"<p>Les garnitures personnalis\u00e9es d&#8217;origine Suzuki Accessories sont cr\u00e9\u00e9es \u00e0 l&#8217;aide du logiciel de conception Auto CAD 3 Axis. L&#8217;ur\u00e9thane de qualit\u00e9 ext\u00e9rieure est utilis\u00e9 dans la production. Il s&#8217;agit d&#8217;un ur\u00e9thane \u00ab \u00e0 m\u00e9moire \u00bb, ce qui signifie que toute impression dispara\u00eetra en quelques minutes et reprendra sa forme originale. Il ne se d\u00e9colore pas, ne se fissure pas, ne jaunit pas et ne durcit pas. (M\u00e9fiez-vous des imitations bon march\u00e9, la plupart de ces fabricants n&#8217;utilisent pas ce mat\u00e9riau.) Les rubans adh\u00e9sifs automobiles 3M\u2122 VHB\u2122 sont utilis\u00e9s pour fixer la garniture et sont amovibles. Lorsqu\u2019il est install\u00e9 correctement, l\u2019adh\u00e9sif ne manquera pas, point final. Fabriqu\u00e9 aux \u00c9tats-Unis.<\/p>\n<p><strong>Compatibilit\u00e9 :<\/strong><br \/>\nGSX-R600 : 1999 &#8211; 2026<br \/>\nGSX-R750 : 1999 &#8211; 2026<br \/>\nGSX-R1000 : 1999 &#8211; 2026<br \/>\nGSX-S1000 : 2016 &#8211; 2026<br \/>\nGSX-S1000F : 2016 &#8211; 2020<br \/>\nGSX-S750 : 2015 &#8211; 2023<br \/>\nGSX1250FA: 2010-2016<br \/>\nHayabusa: 2013 &#8211; 2026<br \/>\nSFV650 : 2009 &#8211; 2017<br \/>\nGW250 : 2013 &#8211; 2017<br \/>\nSV650S : 2017<br \/>\nSV650 : 2003 &#8211; 2026<\/p>\n","protected":false},"excerpt":{"rendered":"<p>\u2026 <a class=\"blog-readmore\" href=\"https:\/\/www.suzuki.ca\/fr\/produit\/garniture-de-protection-de-reservoir-2\/\">Continuez \u00e0 lire ><\/a><\/p>\n","protected":false},"featured_media":18401,"template":"","meta":{"_acf_changed":false,"site-sidebar-layout":"no-sidebar","site-content-layout":"default","ast-site-content-layout":"default","site-content-style":"default","site-sidebar-style":"default","ast-global-header-display":"","ast-banner-title-visibility":"","ast-main-header-display":"","ast-hfb-above-header-display":"","ast-hfb-below-header-display":"","ast-hfb-mobile-header-display":"","site-post-title":"","ast-breadcrumbs-content":"","ast-featured-img":"","footer-sml-layout":"","ast-disable-related-posts":"","theme-transparent-header-meta":"default","adv-header-id-meta":"","stick-header-meta":"default","header-above-stick-meta":"","header-main-stick-meta":"","header-below-stick-meta":"","astra-migrate-meta-layouts":"set","ast-page-background-enabled":"default","ast-page-background-meta":{"desktop":{"background-color":"","background-image":"","background-repeat":"repeat","background-position":"center center","background-size":"auto","background-attachment":"scroll","background-type":"","background-media":"","overlay-type":"","overlay-color":"","overlay-opacity":"","overlay-gradient":""},"tablet":{"background-color":"","background-image":"","background-repeat":"repeat","background-position":"center center","background-size":"auto","background-attachment":"scroll","background-type":"","background-media":"","overlay-type":"","overlay-color":"","overlay-opacity":"","overlay-gradient":""},"mobile":{"background-color":"","background-image":"","background-repeat":"repeat","background-position":"center center","background-size":"auto","background-attachment":"scroll","background-type":"","background-media":"","overlay-type":"","overlay-color":"","overlay-opacity":"","overlay-gradient":""}},"ast-content-background-meta":{"desktop":{"background-color":"var(--ast-global-color-5)","background-image":"","background-repeat":"repeat","background-position":"center center","background-size":"auto","background-attachment":"scroll","background-type":"","background-media":"","overlay-type":"","overlay-color":"","overlay-opacity":"","overlay-gradient":""},"tablet":{"background-color":"var(--ast-global-color-5)","background-image":"","background-repeat":"repeat","background-position":"center center","background-size":"auto","background-attachment":"scroll","background-type":"","background-media":"","overlay-type":"","overlay-color":"","overlay-opacity":"","overlay-gradient":""},"mobile":{"background-color":"var(--ast-global-color-5)","background-image":"","background-repeat":"repeat","background-position":"center center","background-size":"auto","background-attachment":"scroll","background-type":"","background-media":"","overlay-type":"","overlay-color":"","overlay-opacity":"","overlay-gradient":""}}},"product_brand":[],"product_cat":[2208,2216],"product_tag":[],"class_list":{"0":"post-28753","1":"product","2":"type-product","3":"status-publish","4":"has-post-thumbnail","6":"product_cat-accessoires-pour-motos","7":"product_cat-magasin-de-motos","8":"pa_item-type-protection-et-apparence-du-vehicule","9":"pa_line-year-5989","10":"pa_line-year-5978","11":"pa_line-year-5986","12":"pa_line-year-5987","13":"pa_line-year-5979","14":"pa_line-year-5983","15":"pa_line-year-5984","16":"pa_line-year-5985","17":"pa_line-year-5980","18":"pa_line-year-5988","19":"pa_line-year-5981","20":"pa_line-year-5982","21":"pa_line-year-5968","22":"pa_line-year-5969","23":"pa_line-year-5970","24":"pa_line-year-5971","25":"pa_line-year-5972","26":"pa_line-year-5973","27":"pa_line-year-5974","28":"pa_line-year-5975","29":"pa_motorcycle-model-gsx-r250-fr","30":"pa_motorcycle-model-gsx-r600-fr","31":"pa_motorcycle-model-gsx-r750-fr","32":"pa_motorcycle-model-gsx-r1000-fr","33":"pa_motorcycle-model-gsx-s750-fr","34":"pa_motorcycle-model-gsx-s1000-fr","35":"pa_motorcycle-model-hayabusa-fr","36":"pa_motorcycle-model-sv650-fr","37":"pa_style-grand","38":"pa_style-petite","39":"desktop-align-left","40":"tablet-align-left","41":"mobile-align-left","42":"ast-product-gallery-layout-horizontal","43":"ast-product-gallery-with-no-image","44":"ast-magnify-disabled","45":"ast-product-single-variable","46":"ast-product-tabs-layout-horizontal","48":"first","49":"instock","50":"taxable","51":"shipping-taxable","52":"purchasable","53":"product-type-variable"},"acf":[],"yoast_head":"<!-- This site is optimized with the Yoast SEO plugin v27.3 - https:\/\/yoast.com\/product\/yoast-seo-wordpress\/ -->\n<title>Garniture de protection de r\u00e9servoir - Suzuki Canada Inc.<\/title>\n<meta name=\"robots\" content=\"index, follow, max-snippet:-1, max-image-preview:large, max-video-preview:-1\" \/>\n<link rel=\"canonical\" href=\"https:\/\/www.suzuki.ca\/fr\/produit\/garniture-de-protection-de-reservoir-2\/\" \/>\n<meta property=\"og:locale\" content=\"fr_FR\" \/>\n<meta property=\"og:type\" content=\"article\" \/>\n<meta property=\"og:title\" content=\"Garniture de protection de r\u00e9servoir - Suzuki Canada Inc.\" \/>\n<meta property=\"og:description\" content=\"\u2026 Continuez \u00e0 lire &gt;\" \/>\n<meta property=\"og:url\" content=\"https:\/\/www.suzuki.ca\/fr\/produit\/garniture-de-protection-de-reservoir-2\/\" \/>\n<meta property=\"og:site_name\" content=\"Suzuki Canada Inc.\" \/>\n<meta property=\"article:modified_time\" content=\"2026-04-09T14:45:02+00:00\" \/>\n<meta property=\"og:image\" content=\"https:\/\/staging.suzuki.ca\/wp-content\/uploads\/990A0-64004.jpg\" \/>\n\t<meta property=\"og:image:width\" content=\"800\" \/>\n\t<meta property=\"og:image:height\" content=\"800\" \/>\n\t<meta property=\"og:image:type\" content=\"image\/jpeg\" \/>\n<meta name=\"twitter:card\" content=\"summary_large_image\" \/>\n<meta name=\"twitter:label1\" content=\"Est. reading time\" \/>\n\t<meta name=\"twitter:data1\" content=\"1 minute\" \/>\n<script type=\"application\/ld+json\" class=\"yoast-schema-graph\">{\"@context\":\"https:\\\/\\\/schema.org\",\"@graph\":[{\"@type\":\"WebPage\",\"@id\":\"https:\\\/\\\/www.suzuki.ca\\\/fr\\\/produit\\\/garniture-de-protection-de-reservoir-2\\\/\",\"url\":\"https:\\\/\\\/www.suzuki.ca\\\/fr\\\/produit\\\/garniture-de-protection-de-reservoir-2\\\/\",\"name\":\"Garniture de protection de r\u00e9servoir - Suzuki Canada Inc.\",\"isPartOf\":{\"@id\":\"https:\\\/\\\/www.suzuki.ca\\\/#website\"},\"primaryImageOfPage\":{\"@id\":\"https:\\\/\\\/www.suzuki.ca\\\/fr\\\/produit\\\/garniture-de-protection-de-reservoir-2\\\/#primaryimage\"},\"image\":{\"@id\":\"https:\\\/\\\/www.suzuki.ca\\\/fr\\\/produit\\\/garniture-de-protection-de-reservoir-2\\\/#primaryimage\"},\"thumbnailUrl\":\"https:\\\/\\\/www.suzuki.ca\\\/wp-content\\\/uploads\\\/990A0-64004.jpg\",\"datePublished\":\"2020-04-01T15:11:54+00:00\",\"dateModified\":\"2026-04-09T14:45:02+00:00\",\"breadcrumb\":{\"@id\":\"https:\\\/\\\/www.suzuki.ca\\\/fr\\\/produit\\\/garniture-de-protection-de-reservoir-2\\\/#breadcrumb\"},\"inLanguage\":\"fr-FR\",\"potentialAction\":[{\"@type\":\"ReadAction\",\"target\":[\"https:\\\/\\\/www.suzuki.ca\\\/fr\\\/produit\\\/garniture-de-protection-de-reservoir-2\\\/\"]}]},{\"@type\":\"ImageObject\",\"inLanguage\":\"fr-FR\",\"@id\":\"https:\\\/\\\/www.suzuki.ca\\\/fr\\\/produit\\\/garniture-de-protection-de-reservoir-2\\\/#primaryimage\",\"url\":\"https:\\\/\\\/www.suzuki.ca\\\/wp-content\\\/uploads\\\/990A0-64004.jpg\",\"contentUrl\":\"https:\\\/\\\/www.suzuki.ca\\\/wp-content\\\/uploads\\\/990A0-64004.jpg\",\"width\":800,\"height\":800,\"caption\":\"Suzuki_Hayabusa\\\/GSX_R_Tank_Pad\"},{\"@type\":\"BreadcrumbList\",\"@id\":\"https:\\\/\\\/www.suzuki.ca\\\/fr\\\/produit\\\/garniture-de-protection-de-reservoir-2\\\/#breadcrumb\",\"itemListElement\":[{\"@type\":\"ListItem\",\"position\":1,\"name\":\"Accueil\",\"item\":\"https:\\\/\\\/www.suzuki.ca\\\/fr\\\/\"},{\"@type\":\"ListItem\",\"position\":2,\"name\":\"Products\",\"item\":\"https:\\\/\\\/www.suzuki.ca\\\/shop\\\/\"},{\"@type\":\"ListItem\",\"position\":3,\"name\":\"Garniture de protection de r\u00e9servoir\"}]},{\"@type\":\"WebSite\",\"@id\":\"https:\\\/\\\/www.suzuki.ca\\\/#website\",\"url\":\"https:\\\/\\\/www.suzuki.ca\\\/\",\"name\":\"Suzuki Canada Inc.\",\"description\":\"The Official Home of Suzuki Canada Motorcycle, ATV, and Marine models and accessories.\",\"publisher\":{\"@id\":\"https:\\\/\\\/www.suzuki.ca\\\/#organization\"},\"potentialAction\":[{\"@type\":\"SearchAction\",\"target\":{\"@type\":\"EntryPoint\",\"urlTemplate\":\"https:\\\/\\\/www.suzuki.ca\\\/?s={search_term_string}\"},\"query-input\":{\"@type\":\"PropertyValueSpecification\",\"valueRequired\":true,\"valueName\":\"search_term_string\"}}],\"inLanguage\":\"fr-FR\"},{\"@type\":\"Organization\",\"@id\":\"https:\\\/\\\/www.suzuki.ca\\\/#organization\",\"name\":\"Suzuki Canada Inc.\",\"url\":\"https:\\\/\\\/www.suzuki.ca\\\/\",\"logo\":{\"@type\":\"ImageObject\",\"inLanguage\":\"fr-FR\",\"@id\":\"https:\\\/\\\/www.suzuki.ca\\\/#\\\/schema\\\/logo\\\/image\\\/\",\"url\":\"https:\\\/\\\/www.suzuki.ca\\\/wp-content\\\/uploads\\\/Suzuki_Logo_Parallelogram.svg\",\"contentUrl\":\"https:\\\/\\\/www.suzuki.ca\\\/wp-content\\\/uploads\\\/Suzuki_Logo_Parallelogram.svg\",\"caption\":\"Suzuki Canada Inc.\"},\"image\":{\"@id\":\"https:\\\/\\\/www.suzuki.ca\\\/#\\\/schema\\\/logo\\\/image\\\/\"}}]}<\/script>\n<!-- \/ Yoast SEO plugin. -->","yoast_head_json":{"title":"Garniture de protection de r\u00e9servoir - Suzuki Canada Inc.","robots":{"index":"index","follow":"follow","max-snippet":"max-snippet:-1","max-image-preview":"max-image-preview:large","max-video-preview":"max-video-preview:-1"},"canonical":"https:\/\/www.suzuki.ca\/fr\/produit\/garniture-de-protection-de-reservoir-2\/","og_locale":"fr_FR","og_type":"article","og_title":"Garniture de protection de r\u00e9servoir - Suzuki Canada Inc.","og_description":"\u2026 Continuez \u00e0 lire >","og_url":"https:\/\/www.suzuki.ca\/fr\/produit\/garniture-de-protection-de-reservoir-2\/","og_site_name":"Suzuki Canada Inc.","article_modified_time":"2026-04-09T14:45:02+00:00","og_image":[{"width":800,"height":800,"url":"https:\/\/staging.suzuki.ca\/wp-content\/uploads\/990A0-64004.jpg","type":"image\/jpeg"}],"twitter_card":"summary_large_image","twitter_misc":{"Est. reading time":"1 minute"},"schema":{"@context":"https:\/\/schema.org","@graph":[{"@type":"WebPage","@id":"https:\/\/www.suzuki.ca\/fr\/produit\/garniture-de-protection-de-reservoir-2\/","url":"https:\/\/www.suzuki.ca\/fr\/produit\/garniture-de-protection-de-reservoir-2\/","name":"Garniture de protection de r\u00e9servoir - Suzuki Canada Inc.","isPartOf":{"@id":"https:\/\/www.suzuki.ca\/#website"},"primaryImageOfPage":{"@id":"https:\/\/www.suzuki.ca\/fr\/produit\/garniture-de-protection-de-reservoir-2\/#primaryimage"},"image":{"@id":"https:\/\/www.suzuki.ca\/fr\/produit\/garniture-de-protection-de-reservoir-2\/#primaryimage"},"thumbnailUrl":"https:\/\/www.suzuki.ca\/wp-content\/uploads\/990A0-64004.jpg","datePublished":"2020-04-01T15:11:54+00:00","dateModified":"2026-04-09T14:45:02+00:00","breadcrumb":{"@id":"https:\/\/www.suzuki.ca\/fr\/produit\/garniture-de-protection-de-reservoir-2\/#breadcrumb"},"inLanguage":"fr-FR","potentialAction":[{"@type":"ReadAction","target":["https:\/\/www.suzuki.ca\/fr\/produit\/garniture-de-protection-de-reservoir-2\/"]}]},{"@type":"ImageObject","inLanguage":"fr-FR","@id":"https:\/\/www.suzuki.ca\/fr\/produit\/garniture-de-protection-de-reservoir-2\/#primaryimage","url":"https:\/\/www.suzuki.ca\/wp-content\/uploads\/990A0-64004.jpg","contentUrl":"https:\/\/www.suzuki.ca\/wp-content\/uploads\/990A0-64004.jpg","width":800,"height":800,"caption":"Suzuki_Hayabusa\/GSX_R_Tank_Pad"},{"@type":"BreadcrumbList","@id":"https:\/\/www.suzuki.ca\/fr\/produit\/garniture-de-protection-de-reservoir-2\/#breadcrumb","itemListElement":[{"@type":"ListItem","position":1,"name":"Accueil","item":"https:\/\/www.suzuki.ca\/fr\/"},{"@type":"ListItem","position":2,"name":"Products","item":"https:\/\/www.suzuki.ca\/shop\/"},{"@type":"ListItem","position":3,"name":"Garniture de protection de r\u00e9servoir"}]},{"@type":"WebSite","@id":"https:\/\/www.suzuki.ca\/#website","url":"https:\/\/www.suzuki.ca\/","name":"Suzuki Canada Inc.","description":"The Official Home of Suzuki Canada Motorcycle, ATV, and Marine models and accessories.","publisher":{"@id":"https:\/\/www.suzuki.ca\/#organization"},"potentialAction":[{"@type":"SearchAction","target":{"@type":"EntryPoint","urlTemplate":"https:\/\/www.suzuki.ca\/?s={search_term_string}"},"query-input":{"@type":"PropertyValueSpecification","valueRequired":true,"valueName":"search_term_string"}}],"inLanguage":"fr-FR"},{"@type":"Organization","@id":"https:\/\/www.suzuki.ca\/#organization","name":"Suzuki Canada Inc.","url":"https:\/\/www.suzuki.ca\/","logo":{"@type":"ImageObject","inLanguage":"fr-FR","@id":"https:\/\/www.suzuki.ca\/#\/schema\/logo\/image\/","url":"https:\/\/www.suzuki.ca\/wp-content\/uploads\/Suzuki_Logo_Parallelogram.svg","contentUrl":"https:\/\/www.suzuki.ca\/wp-content\/uploads\/Suzuki_Logo_Parallelogram.svg","caption":"Suzuki Canada Inc."},"image":{"@id":"https:\/\/www.suzuki.ca\/#\/schema\/logo\/image\/"}}]}},"_links":{"self":[{"href":"https:\/\/www.suzuki.ca\/fr\/wp-json\/wp\/v2\/product\/28753","targetHints":{"allow":["GET"]}}],"collection":[{"href":"https:\/\/www.suzuki.ca\/fr\/wp-json\/wp\/v2\/product"}],"about":[{"href":"https:\/\/www.suzuki.ca\/fr\/wp-json\/wp\/v2\/types\/product"}],"wp:featuredmedia":[{"embeddable":true,"href":"https:\/\/www.suzuki.ca\/fr\/wp-json\/wp\/v2\/media\/18401"}],"wp:attachment":[{"href":"https:\/\/www.suzuki.ca\/fr\/wp-json\/wp\/v2\/media?parent=28753"}],"wp:term":[{"taxonomy":"product_brand","embeddable":true,"href":"https:\/\/www.suzuki.ca\/fr\/wp-json\/wp\/v2\/product_brand?post=28753"},{"taxonomy":"product_cat","embeddable":true,"href":"https:\/\/www.suzuki.ca\/fr\/wp-json\/wp\/v2\/product_cat?post=28753"},{"taxonomy":"product_tag","embeddable":true,"href":"https:\/\/www.suzuki.ca\/fr\/wp-json\/wp\/v2\/product_tag?post=28753"}],"curies":[{"name":"wp","href":"https:\/\/api.w.org\/{rel}","templated":true}]}}