{"id":28937,"date":"2020-04-01T16:24:31","date_gmt":"2020-04-01T15:13:14","guid":{"rendered":"https:\/\/www.suzuki.ca\/product\/sacoche-de-reservoir\/"},"modified":"2026-04-01T12:36:23","modified_gmt":"2026-04-01T16:36:23","slug":"sacoche-de-reservoir","status":"publish","type":"product","link":"https:\/\/www.suzuki.ca\/fr\/produit\/sacoche-de-reservoir\/","title":{"rendered":"Sacoche de r\u00e9servoir Suzuki"},"content":{"rendered":"<p>Pas assez de place sur votre moto Suzuki ? Suzuki a exactement ce dont vous avez besoin. Cette sacoche de r\u00e9servoir en nylon durable est suffisamment grande pour transporter toutes vos affaires et se fixe au r\u00e9servoir \u00e0 l&#8217;aide d&#8217;un anneau \u00e0 pression. Le sac s&#8217;enl\u00e8ve d&#8217;une simple traction sur le cordon de d\u00e9verrouillage. Le sac de grande taille s&#8217;\u00e9tend de 11 \u00e0 15 litres ou le sac de petite taille s&#8217;\u00e9tend facilement de 5 \u00e0 9 litres, et les deux options comprennent une housse de pluie et une bandouli\u00e8re pour un transport pratique.<\/p>\n<p><strong>NOTE:<\/strong><br \/>\n-Max. charge : 2,5 kg, max. vitesse : 130 km\/h<br \/>\n-Le grand sac n\u00e9cessite un support en anneau (990D0-04110) pour l&#8217;installation, et le petit sac n\u00e9cessite uniquement le support en anneau (990D0-04110) pour l&#8217;installation.<br \/>\n-Veuillez consulter les exigences de montage sp\u00e9cifiques ci-dessous<\/p>\n<p><strong>Compatibilit\u00e9 :<\/strong><br \/>\n<strong>GSX-8R : 2024 &#8211; 2026<\/strong><br \/>\n<strong>GSX-8S : 2023 &#8211; 2026<\/strong><br \/>\n<strong>GSX-8T : 2026<\/strong><br \/>\n<strong>GSX-8TT : 2026<\/strong><br \/>\nGSX-R1000 : 2011 &#8211; 2026<br \/>\nGSX-R750 : 2011 &#8211; 2026<br \/>\nGSX-R600 : 2011 &#8211; 2026<br \/>\n<strong>GSX-S1000 GX : 2024 &#8211; 2026<\/strong><br \/>\n<strong>GSX-S1000\/GT : 2022 &#8211; 2026<\/strong><br \/>\nGSX-S1000\/F : 2016 &#8211; 2020<br \/>\nGSX-S750 : 2015 &#8211; 2023<br \/>\nGW250\/F : 2013 &#8211; 2017<br \/>\n<strong>Hayabusa : 2022 &#8211; 2026<\/strong><br \/>\nKATANA : 2020-2024<br \/>\nSV650 : 2017 &#8211; 2026<br \/>\n<strong>V-STROM 1050\/DE : 2020 &#8211; 2026<\/strong><br \/>\nV-STROM 1000 : 2014 &#8211; 2019<br \/>\nV-STROM 650 : 2012 &#8211; 2025<\/p>\n<p><strong>Exigences de montage sp\u00e9cifiques (aucun autre montage requis)<\/strong><br \/>\n<strong>Support de montage 44200-25830<\/strong><br \/>\nRequis pour :<br \/>\nGSX-8R : 2024 &#8211; 2026<br \/>\nGSX-8S : 2023 &#8211; 2026<br \/>\nGSX-8T : 2026<br \/>\nGSX-8TT : 2026<br \/>\nGSX-S1000 GX : 2024 &#8211; 2026<br \/>\nGSX-S1000\/GT : 2022 &#8211; 2026<br \/>\nV-STROM 1050\/DE : 2023-2026<\/p>\n<p><strong>Support de bague 99148-00A00<\/strong><br \/>\nRequis pour :<br \/>\nHayabusa : 2022 &#8211; 2026<\/p>\n","protected":false},"excerpt":{"rendered":"<p>\u2026 <a class=\"blog-readmore\" href=\"https:\/\/www.suzuki.ca\/fr\/produit\/sacoche-de-reservoir\/\">Continuez \u00e0 lire ><\/a><\/p>\n","protected":false},"featured_media":56840,"template":"","meta":{"_acf_changed":false,"site-sidebar-layout":"no-sidebar","site-content-layout":"default","ast-site-content-layout":"default","site-content-style":"default","site-sidebar-style":"default","ast-global-header-display":"","ast-banner-title-visibility":"","ast-main-header-display":"","ast-hfb-above-header-display":"","ast-hfb-below-header-display":"","ast-hfb-mobile-header-display":"","site-post-title":"","ast-breadcrumbs-content":"","ast-featured-img":"","footer-sml-layout":"","ast-disable-related-posts":"","theme-transparent-header-meta":"default","adv-header-id-meta":"","stick-header-meta":"default","header-above-stick-meta":"","header-main-stick-meta":"","header-below-stick-meta":"","astra-migrate-meta-layouts":"set","ast-page-background-enabled":"default","ast-page-background-meta":{"desktop":{"background-color":"","background-image":"","background-repeat":"repeat","background-position":"center center","background-size":"auto","background-attachment":"scroll","background-type":"","background-media":"","overlay-type":"","overlay-color":"","overlay-opacity":"","overlay-gradient":""},"tablet":{"background-color":"","background-image":"","background-repeat":"repeat","background-position":"center center","background-size":"auto","background-attachment":"scroll","background-type":"","background-media":"","overlay-type":"","overlay-color":"","overlay-opacity":"","overlay-gradient":""},"mobile":{"background-color":"","background-image":"","background-repeat":"repeat","background-position":"center center","background-size":"auto","background-attachment":"scroll","background-type":"","background-media":"","overlay-type":"","overlay-color":"","overlay-opacity":"","overlay-gradient":""}},"ast-content-background-meta":{"desktop":{"background-color":"var(--ast-global-color-5)","background-image":"","background-repeat":"repeat","background-position":"center center","background-size":"auto","background-attachment":"scroll","background-type":"","background-media":"","overlay-type":"","overlay-color":"","overlay-opacity":"","overlay-gradient":""},"tablet":{"background-color":"var(--ast-global-color-5)","background-image":"","background-repeat":"repeat","background-position":"center center","background-size":"auto","background-attachment":"scroll","background-type":"","background-media":"","overlay-type":"","overlay-color":"","overlay-opacity":"","overlay-gradient":""},"mobile":{"background-color":"var(--ast-global-color-5)","background-image":"","background-repeat":"repeat","background-position":"center center","background-size":"auto","background-attachment":"scroll","background-type":"","background-media":"","overlay-type":"","overlay-color":"","overlay-opacity":"","overlay-gradient":""}}},"product_brand":[],"product_cat":[2208,2216],"product_tag":[],"class_list":{"0":"post-28937","1":"product","2":"type-product","3":"status-publish","4":"has-post-thumbnail","6":"product_cat-accessoires-pour-motos","7":"product_cat-magasin-de-motos","8":"pa_item-type-accessoires-pour-le-confort","9":"pa_motorcycle-model-gsx-8t-fr","10":"pa_motorcycle-model-gsx-8r-fr","11":"pa_motorcycle-model-gsx-8s-fr","12":"pa_motorcycle-model-gsx-r600-fr","13":"pa_motorcycle-model-gsx-r750-fr","14":"pa_motorcycle-model-gsx-r1000-fr","15":"pa_motorcycle-model-gsx-s750-fr","16":"pa_motorcycle-model-gsx-s1000-fr","17":"pa_motorcycle-model-gsx-s1000gt-fr","18":"pa_motorcycle-model-gsx-s1000gta-fr","19":"pa_motorcycle-model-gsx-s1000gx-fr","20":"pa_motorcycle-model-hayabusa-fr","21":"pa_motorcycle-model-katana-fr","22":"pa_motorcycle-model-sv650-fr","23":"pa_motorcycle-model-v-strom-650-fr","24":"pa_motorcycle-model-v-strom-1000-fr","25":"pa_motorcycle-model-v-strom-1050-fr","26":"pa_motorcycle-model-v-strom-1050de-fr","27":"pa_style-grand","28":"pa_style-petite","29":"desktop-align-left","30":"tablet-align-left","31":"mobile-align-left","32":"ast-product-gallery-layout-horizontal","33":"ast-product-gallery-with-no-image","34":"ast-magnify-disabled","35":"ast-product-single-variable","36":"ast-product-tabs-layout-horizontal","38":"first","39":"instock","40":"taxable","41":"shipping-taxable","42":"purchasable","43":"product-type-variable"},"acf":[],"yoast_head":"<!-- This site is optimized with the Yoast SEO plugin v26.9 - https:\/\/yoast.com\/product\/yoast-seo-wordpress\/ -->\n<title>Sacoche de r\u00e9servoir Suzuki - Suzuki Canada Inc.<\/title>\n<meta name=\"description\" content=\"Pas assez de place sur votre moto Suzuki ? Suzuki a exactement ce dont vous avez besoin. Cette sacoche de r\u00e9servoir en nylon durable est suffisamment grande pour transporter toutes vos affaires et se fixe au r\u00e9servoir \u00e0 l&#039;aide d&#039;un anneau \u00e0 pression.\" \/>\n<meta name=\"robots\" content=\"index, follow, max-snippet:-1, max-image-preview:large, max-video-preview:-1\" \/>\n<link rel=\"canonical\" href=\"https:\/\/www.suzuki.ca\/fr\/produit\/sacoche-de-reservoir\/\" \/>\n<meta property=\"og:locale\" content=\"fr_FR\" \/>\n<meta property=\"og:type\" content=\"article\" \/>\n<meta property=\"og:title\" content=\"Sacoche de r\u00e9servoir Suzuki - Suzuki Canada Inc.\" \/>\n<meta property=\"og:description\" content=\"Pas assez de place sur votre moto Suzuki ? Suzuki a exactement ce dont vous avez besoin. Cette sacoche de r\u00e9servoir en nylon durable est suffisamment grande pour transporter toutes vos affaires et se fixe au r\u00e9servoir \u00e0 l&#039;aide d&#039;un anneau \u00e0 pression.\" \/>\n<meta property=\"og:url\" content=\"https:\/\/www.suzuki.ca\/fr\/produit\/sacoche-de-reservoir\/\" \/>\n<meta property=\"og:site_name\" content=\"Suzuki Canada Inc.\" \/>\n<meta property=\"article:modified_time\" content=\"2026-04-01T16:36:23+00:00\" \/>\n<meta property=\"og:image\" content=\"https:\/\/www.suzuki.ca\/wp-content\/uploads\/990D0-04300-1.jpg\" \/>\n\t<meta property=\"og:image:width\" content=\"1080\" \/>\n\t<meta property=\"og:image:height\" content=\"1080\" \/>\n\t<meta property=\"og:image:type\" content=\"image\/jpeg\" \/>\n<meta name=\"twitter:card\" content=\"summary_large_image\" \/>\n<meta name=\"twitter:label1\" content=\"Est. reading time\" \/>\n\t<meta name=\"twitter:data1\" content=\"2 minutes\" \/>\n<script type=\"application\/ld+json\" class=\"yoast-schema-graph\">{\"@context\":\"https:\/\/schema.org\",\"@graph\":[{\"@type\":\"WebPage\",\"@id\":\"https:\/\/www.suzuki.ca\/fr\/produit\/sacoche-de-reservoir\/\",\"url\":\"https:\/\/www.suzuki.ca\/fr\/produit\/sacoche-de-reservoir\/\",\"name\":\"Sacoche de r\u00e9servoir Suzuki - Suzuki Canada Inc.\",\"isPartOf\":{\"@id\":\"https:\/\/www.suzuki.ca\/#website\"},\"primaryImageOfPage\":{\"@id\":\"https:\/\/www.suzuki.ca\/fr\/produit\/sacoche-de-reservoir\/#primaryimage\"},\"image\":{\"@id\":\"https:\/\/www.suzuki.ca\/fr\/produit\/sacoche-de-reservoir\/#primaryimage\"},\"thumbnailUrl\":\"https:\/\/www.suzuki.ca\/wp-content\/uploads\/990D0-04300-1.jpg\",\"datePublished\":\"2020-04-01T15:13:14+00:00\",\"dateModified\":\"2026-04-01T16:36:23+00:00\",\"description\":\"Pas assez de place sur votre moto Suzuki ? Suzuki a exactement ce dont vous avez besoin. Cette sacoche de r\u00e9servoir en nylon durable est suffisamment grande pour transporter toutes vos affaires et se fixe au r\u00e9servoir \u00e0 l'aide d'un anneau \u00e0 pression.\",\"breadcrumb\":{\"@id\":\"https:\/\/www.suzuki.ca\/fr\/produit\/sacoche-de-reservoir\/#breadcrumb\"},\"inLanguage\":\"fr-FR\",\"potentialAction\":[{\"@type\":\"ReadAction\",\"target\":[\"https:\/\/www.suzuki.ca\/fr\/produit\/sacoche-de-reservoir\/\"]}]},{\"@type\":\"ImageObject\",\"inLanguage\":\"fr-FR\",\"@id\":\"https:\/\/www.suzuki.ca\/fr\/produit\/sacoche-de-reservoir\/#primaryimage\",\"url\":\"https:\/\/www.suzuki.ca\/wp-content\/uploads\/990D0-04300-1.jpg\",\"contentUrl\":\"https:\/\/www.suzuki.ca\/wp-content\/uploads\/990D0-04300-1.jpg\",\"width\":1080,\"height\":1080,\"caption\":\"Suzuki_Fuel_Tank_Bag_Small\"},{\"@type\":\"BreadcrumbList\",\"@id\":\"https:\/\/www.suzuki.ca\/fr\/produit\/sacoche-de-reservoir\/#breadcrumb\",\"itemListElement\":[{\"@type\":\"ListItem\",\"position\":1,\"name\":\"Accueil\",\"item\":\"https:\/\/www.suzuki.ca\/fr\/\"},{\"@type\":\"ListItem\",\"position\":2,\"name\":\"Products\",\"item\":\"https:\/\/www.suzuki.ca\/shop\/\"},{\"@type\":\"ListItem\",\"position\":3,\"name\":\"Sacoche de r\u00e9servoir Suzuki\"}]},{\"@type\":\"WebSite\",\"@id\":\"https:\/\/www.suzuki.ca\/#website\",\"url\":\"https:\/\/www.suzuki.ca\/\",\"name\":\"Suzuki Canada Inc.\",\"description\":\"The Official Home of Suzuki Canada Motorcycle, ATV, and Marine models and accessories.\",\"publisher\":{\"@id\":\"https:\/\/www.suzuki.ca\/#organization\"},\"potentialAction\":[{\"@type\":\"SearchAction\",\"target\":{\"@type\":\"EntryPoint\",\"urlTemplate\":\"https:\/\/www.suzuki.ca\/?s={search_term_string}\"},\"query-input\":{\"@type\":\"PropertyValueSpecification\",\"valueRequired\":true,\"valueName\":\"search_term_string\"}}],\"inLanguage\":\"fr-FR\"},{\"@type\":\"Organization\",\"@id\":\"https:\/\/www.suzuki.ca\/#organization\",\"name\":\"Suzuki Canada Inc.\",\"url\":\"https:\/\/www.suzuki.ca\/\",\"logo\":{\"@type\":\"ImageObject\",\"inLanguage\":\"fr-FR\",\"@id\":\"https:\/\/www.suzuki.ca\/#\/schema\/logo\/image\/\",\"url\":\"https:\/\/www.suzuki.ca\/wp-content\/uploads\/Suzuki_Logo_Parallelogram.svg\",\"contentUrl\":\"https:\/\/www.suzuki.ca\/wp-content\/uploads\/Suzuki_Logo_Parallelogram.svg\",\"caption\":\"Suzuki Canada Inc.\"},\"image\":{\"@id\":\"https:\/\/www.suzuki.ca\/#\/schema\/logo\/image\/\"}}]}<\/script>\n<!-- \/ Yoast SEO plugin. -->","yoast_head_json":{"title":"Sacoche de r\u00e9servoir Suzuki - Suzuki Canada Inc.","description":"Pas assez de place sur votre moto Suzuki ? Suzuki a exactement ce dont vous avez besoin. Cette sacoche de r\u00e9servoir en nylon durable est suffisamment grande pour transporter toutes vos affaires et se fixe au r\u00e9servoir \u00e0 l'aide d'un anneau \u00e0 pression.","robots":{"index":"index","follow":"follow","max-snippet":"max-snippet:-1","max-image-preview":"max-image-preview:large","max-video-preview":"max-video-preview:-1"},"canonical":"https:\/\/www.suzuki.ca\/fr\/produit\/sacoche-de-reservoir\/","og_locale":"fr_FR","og_type":"article","og_title":"Sacoche de r\u00e9servoir Suzuki - Suzuki Canada Inc.","og_description":"Pas assez de place sur votre moto Suzuki ? Suzuki a exactement ce dont vous avez besoin. Cette sacoche de r\u00e9servoir en nylon durable est suffisamment grande pour transporter toutes vos affaires et se fixe au r\u00e9servoir \u00e0 l'aide d'un anneau \u00e0 pression.","og_url":"https:\/\/www.suzuki.ca\/fr\/produit\/sacoche-de-reservoir\/","og_site_name":"Suzuki Canada Inc.","article_modified_time":"2026-04-01T16:36:23+00:00","og_image":[{"width":1080,"height":1080,"url":"https:\/\/www.suzuki.ca\/wp-content\/uploads\/990D0-04300-1.jpg","type":"image\/jpeg"}],"twitter_card":"summary_large_image","twitter_misc":{"Est. reading time":"2 minutes"},"schema":{"@context":"https:\/\/schema.org","@graph":[{"@type":"WebPage","@id":"https:\/\/www.suzuki.ca\/fr\/produit\/sacoche-de-reservoir\/","url":"https:\/\/www.suzuki.ca\/fr\/produit\/sacoche-de-reservoir\/","name":"Sacoche de r\u00e9servoir Suzuki - Suzuki Canada Inc.","isPartOf":{"@id":"https:\/\/www.suzuki.ca\/#website"},"primaryImageOfPage":{"@id":"https:\/\/www.suzuki.ca\/fr\/produit\/sacoche-de-reservoir\/#primaryimage"},"image":{"@id":"https:\/\/www.suzuki.ca\/fr\/produit\/sacoche-de-reservoir\/#primaryimage"},"thumbnailUrl":"https:\/\/www.suzuki.ca\/wp-content\/uploads\/990D0-04300-1.jpg","datePublished":"2020-04-01T15:13:14+00:00","dateModified":"2026-04-01T16:36:23+00:00","description":"Pas assez de place sur votre moto Suzuki ? Suzuki a exactement ce dont vous avez besoin. Cette sacoche de r\u00e9servoir en nylon durable est suffisamment grande pour transporter toutes vos affaires et se fixe au r\u00e9servoir \u00e0 l'aide d'un anneau \u00e0 pression.","breadcrumb":{"@id":"https:\/\/www.suzuki.ca\/fr\/produit\/sacoche-de-reservoir\/#breadcrumb"},"inLanguage":"fr-FR","potentialAction":[{"@type":"ReadAction","target":["https:\/\/www.suzuki.ca\/fr\/produit\/sacoche-de-reservoir\/"]}]},{"@type":"ImageObject","inLanguage":"fr-FR","@id":"https:\/\/www.suzuki.ca\/fr\/produit\/sacoche-de-reservoir\/#primaryimage","url":"https:\/\/www.suzuki.ca\/wp-content\/uploads\/990D0-04300-1.jpg","contentUrl":"https:\/\/www.suzuki.ca\/wp-content\/uploads\/990D0-04300-1.jpg","width":1080,"height":1080,"caption":"Suzuki_Fuel_Tank_Bag_Small"},{"@type":"BreadcrumbList","@id":"https:\/\/www.suzuki.ca\/fr\/produit\/sacoche-de-reservoir\/#breadcrumb","itemListElement":[{"@type":"ListItem","position":1,"name":"Accueil","item":"https:\/\/www.suzuki.ca\/fr\/"},{"@type":"ListItem","position":2,"name":"Products","item":"https:\/\/www.suzuki.ca\/shop\/"},{"@type":"ListItem","position":3,"name":"Sacoche de r\u00e9servoir Suzuki"}]},{"@type":"WebSite","@id":"https:\/\/www.suzuki.ca\/#website","url":"https:\/\/www.suzuki.ca\/","name":"Suzuki Canada Inc.","description":"The Official Home of Suzuki Canada Motorcycle, ATV, and Marine models and accessories.","publisher":{"@id":"https:\/\/www.suzuki.ca\/#organization"},"potentialAction":[{"@type":"SearchAction","target":{"@type":"EntryPoint","urlTemplate":"https:\/\/www.suzuki.ca\/?s={search_term_string}"},"query-input":{"@type":"PropertyValueSpecification","valueRequired":true,"valueName":"search_term_string"}}],"inLanguage":"fr-FR"},{"@type":"Organization","@id":"https:\/\/www.suzuki.ca\/#organization","name":"Suzuki Canada Inc.","url":"https:\/\/www.suzuki.ca\/","logo":{"@type":"ImageObject","inLanguage":"fr-FR","@id":"https:\/\/www.suzuki.ca\/#\/schema\/logo\/image\/","url":"https:\/\/www.suzuki.ca\/wp-content\/uploads\/Suzuki_Logo_Parallelogram.svg","contentUrl":"https:\/\/www.suzuki.ca\/wp-content\/uploads\/Suzuki_Logo_Parallelogram.svg","caption":"Suzuki Canada Inc."},"image":{"@id":"https:\/\/www.suzuki.ca\/#\/schema\/logo\/image\/"}}]}},"_links":{"self":[{"href":"https:\/\/www.suzuki.ca\/fr\/wp-json\/wp\/v2\/product\/28937","targetHints":{"allow":["GET"]}}],"collection":[{"href":"https:\/\/www.suzuki.ca\/fr\/wp-json\/wp\/v2\/product"}],"about":[{"href":"https:\/\/www.suzuki.ca\/fr\/wp-json\/wp\/v2\/types\/product"}],"wp:featuredmedia":[{"embeddable":true,"href":"https:\/\/www.suzuki.ca\/fr\/wp-json\/wp\/v2\/media\/56840"}],"wp:attachment":[{"href":"https:\/\/www.suzuki.ca\/fr\/wp-json\/wp\/v2\/media?parent=28937"}],"wp:term":[{"taxonomy":"product_brand","embeddable":true,"href":"https:\/\/www.suzuki.ca\/fr\/wp-json\/wp\/v2\/product_brand?post=28937"},{"taxonomy":"product_cat","embeddable":true,"href":"https:\/\/www.suzuki.ca\/fr\/wp-json\/wp\/v2\/product_cat?post=28937"},{"taxonomy":"product_tag","embeddable":true,"href":"https:\/\/www.suzuki.ca\/fr\/wp-json\/wp\/v2\/product_tag?post=28937"}],"curies":[{"name":"wp","href":"https:\/\/api.w.org\/{rel}","templated":true}]}}