{"id":29015,"date":"2020-04-01T16:24:59","date_gmt":"2020-04-01T15:13:46","guid":{"rendered":"https:\/\/www.suzuki.ca\/product\/huile-a-differentiel-et-a-freins-humides\/"},"modified":"2026-04-01T12:30:57","modified_gmt":"2026-04-01T16:30:57","slug":"huile-a-differentiel-et-a-freins-humides","status":"publish","type":"product","link":"https:\/\/www.suzuki.ca\/fr\/produit\/huile-a-differentiel-et-a-freins-humides\/","title":{"rendered":"Huile \u00e0 diff\u00e9rentiel et \u00e0 freins humides"},"content":{"rendered":"<p>Exigence d&#8217;usine lors du changement de l&#8217;huile de frein humide arri\u00e8re ou de l&#8217;huile diff\u00e9rentielle pour le KingQuad.<\/p>\n","protected":false},"excerpt":{"rendered":"<p>\u2026 <a class=\"blog-readmore\" href=\"https:\/\/www.suzuki.ca\/fr\/produit\/huile-a-differentiel-et-a-freins-humides\/\">Continuez \u00e0 lire ><\/a><\/p>\n","protected":false},"featured_media":18935,"template":"","meta":{"_acf_changed":false,"site-sidebar-layout":"no-sidebar","site-content-layout":"default","ast-site-content-layout":"default","site-content-style":"default","site-sidebar-style":"default","ast-global-header-display":"","ast-banner-title-visibility":"","ast-main-header-display":"","ast-hfb-above-header-display":"","ast-hfb-below-header-display":"","ast-hfb-mobile-header-display":"","site-post-title":"","ast-breadcrumbs-content":"","ast-featured-img":"","footer-sml-layout":"","ast-disable-related-posts":"","theme-transparent-header-meta":"default","adv-header-id-meta":"","stick-header-meta":"default","header-above-stick-meta":"","header-main-stick-meta":"","header-below-stick-meta":"","astra-migrate-meta-layouts":"set","ast-page-background-enabled":"default","ast-page-background-meta":{"desktop":{"background-color":"","background-image":"","background-repeat":"repeat","background-position":"center center","background-size":"auto","background-attachment":"scroll","background-type":"","background-media":"","overlay-type":"","overlay-color":"","overlay-opacity":"","overlay-gradient":""},"tablet":{"background-color":"","background-image":"","background-repeat":"repeat","background-position":"center center","background-size":"auto","background-attachment":"scroll","background-type":"","background-media":"","overlay-type":"","overlay-color":"","overlay-opacity":"","overlay-gradient":""},"mobile":{"background-color":"","background-image":"","background-repeat":"repeat","background-position":"center center","background-size":"auto","background-attachment":"scroll","background-type":"","background-media":"","overlay-type":"","overlay-color":"","overlay-opacity":"","overlay-gradient":""}},"ast-content-background-meta":{"desktop":{"background-color":"var(--ast-global-color-5)","background-image":"","background-repeat":"repeat","background-position":"center center","background-size":"auto","background-attachment":"scroll","background-type":"","background-media":"","overlay-type":"","overlay-color":"","overlay-opacity":"","overlay-gradient":""},"tablet":{"background-color":"var(--ast-global-color-5)","background-image":"","background-repeat":"repeat","background-position":"center center","background-size":"auto","background-attachment":"scroll","background-type":"","background-media":"","overlay-type":"","overlay-color":"","overlay-opacity":"","overlay-gradient":""},"mobile":{"background-color":"var(--ast-global-color-5)","background-image":"","background-repeat":"repeat","background-position":"center center","background-size":"auto","background-attachment":"scroll","background-type":"","background-media":"","overlay-type":"","overlay-color":"","overlay-opacity":"","overlay-gradient":""}}},"product_brand":[],"product_cat":[2210,2217,2212,2216],"product_tag":[],"class_list":{"0":"post-29015","1":"product","2":"type-product","3":"status-publish","4":"has-post-thumbnail","6":"product_cat-pieces-pour-vtt","7":"product_cat-pieces-pour-motos","8":"product_cat-magasin-de-vtt","9":"product_cat-magasin-de-motos","10":"pa_atv-model-kingquad-lt-a400-fr","11":"pa_atv-model-kingquad-lt-a500-fr","12":"pa_atv-model-kingquad-lt-a750-fr","13":"pa_item-type-huile-et-produits-chimiques","14":"pa_item-type-outils-et-maintenance","15":"pa_motorcycle-model-dr-z400e-fr","16":"pa_motorcycle-model-dr-z4s-fr","17":"pa_motorcycle-model-dr-z4sm-fr","18":"pa_motorcycle-model-dr-z50-fr","19":"pa_motorcycle-model-dr-z70-fr","20":"pa_motorcycle-model-gsx-8t-fr","21":"pa_motorcycle-model-gsx-8tt-fr","22":"pa_motorcycle-model-boulevard-c50-fr","23":"pa_motorcycle-model-boulevard-c50t-fr","24":"pa_motorcycle-model-boulevard-c90-fr","25":"pa_motorcycle-model-boulevard-c90t-fr","26":"pa_motorcycle-model-boulevard-m50-fr","27":"pa_motorcycle-model-boulevard-m90-fr","28":"pa_motorcycle-model-boulevard-m109r-fr","29":"pa_motorcycle-model-boulevard-s40-fr","30":"pa_motorcycle-model-burgman-200-fr","31":"pa_motorcycle-model-burgman-400-fr","32":"pa_motorcycle-model-burgman-650-fr","33":"pa_motorcycle-model-dr-650-fr","34":"pa_motorcycle-model-dr-z125-fr","35":"pa_motorcycle-model-dr-z125l-fr","36":"pa_motorcycle-model-dr-z250-fr","37":"pa_motorcycle-model-dr-z400s-fr","38":"pa_motorcycle-model-dr-z400sm-fr","39":"pa_motorcycle-model-gsf-600-bandit-fr","40":"pa_motorcycle-model-gsx-650f-fr","41":"pa_motorcycle-model-gsf-650-bandit-fr","42":"pa_motorcycle-model-gsf-1200-bandit-fr","43":"pa_motorcycle-model-gsf-1250-bandit-fr","44":"pa_motorcycle-model-gsx-8r-fr","45":"pa_motorcycle-model-gsx-8s-fr","46":"pa_motorcycle-model-gsx-1250-fr","47":"pa_motorcycle-model-gsx-1300-b-king-fr","48":"pa_motorcycle-model-gsx-r250-fr","49":"pa_motorcycle-model-gsx-r600-fr","50":"pa_motorcycle-model-gsx-r750-fr","51":"pa_motorcycle-model-gsx-r1000-fr","52":"pa_motorcycle-model-gsx-s750-fr","53":"pa_motorcycle-model-gsx-s1000-fr","54":"pa_motorcycle-model-gsx-s1000gt-fr","55":"pa_motorcycle-model-gsx-s1000gta-fr","56":"pa_motorcycle-model-gsx-s1000gx-fr","57":"pa_motorcycle-model-gsx-1250fa-fr","58":"pa_motorcycle-model-gw250-fr","59":"pa_motorcycle-model-hayabusa-fr","60":"pa_motorcycle-model-katana-fr","61":"pa_motorcycle-model-rm-85-fr","62":"pa_motorcycle-model-rm-z125-fr","63":"pa_motorcycle-model-rm-z250-fr","64":"pa_motorcycle-model-rm-z450-fr","65":"pa_motorcycle-model-sfv650-fr","66":"pa_motorcycle-model-sv650-fr","67":"pa_motorcycle-model-sv1000-fr","68":"pa_motorcycle-model-v-strom-650-fr","69":"pa_motorcycle-model-v-strom-800-fr","70":"pa_motorcycle-model-v-strom-800de-fr","71":"pa_motorcycle-model-v-strom-1000-fr","72":"pa_motorcycle-model-v-strom-1050-fr","73":"pa_motorcycle-model-v-strom-1050de-fr","74":"desktop-align-left","75":"tablet-align-left","76":"mobile-align-left","77":"ast-product-gallery-layout-horizontal","78":"ast-product-gallery-with-no-image","79":"ast-magnify-disabled","80":"ast-product-tabs-layout-horizontal","82":"first","83":"instock","84":"taxable","85":"shipping-taxable","86":"purchasable","87":"product-type-simple"},"acf":[],"yoast_head":"<!-- This site is optimized with the Yoast SEO plugin v26.9 - https:\/\/yoast.com\/product\/yoast-seo-wordpress\/ -->\n<title>Huile \u00e0 diff\u00e9rentiel et \u00e0 freins humides - Suzuki Canada Inc.<\/title>\n<meta name=\"robots\" content=\"index, follow, max-snippet:-1, max-image-preview:large, max-video-preview:-1\" \/>\n<link rel=\"canonical\" href=\"https:\/\/www.suzuki.ca\/fr\/produit\/huile-a-differentiel-et-a-freins-humides\/\" \/>\n<meta property=\"og:locale\" content=\"fr_FR\" \/>\n<meta property=\"og:type\" content=\"article\" \/>\n<meta property=\"og:title\" content=\"Huile \u00e0 diff\u00e9rentiel et \u00e0 freins humides - Suzuki Canada Inc.\" \/>\n<meta property=\"og:description\" content=\"\u2026 Continuez \u00e0 lire &gt;\" \/>\n<meta property=\"og:url\" content=\"https:\/\/www.suzuki.ca\/fr\/produit\/huile-a-differentiel-et-a-freins-humides\/\" \/>\n<meta property=\"og:site_name\" content=\"Suzuki Canada Inc.\" \/>\n<meta property=\"article:modified_time\" content=\"2026-04-01T16:30:57+00:00\" \/>\n<meta property=\"og:image\" content=\"https:\/\/www.suzuki.ca\/wp-content\/uploads\/990A0-01E70-01Q.jpg\" \/>\n\t<meta property=\"og:image:width\" content=\"1000\" \/>\n\t<meta property=\"og:image:height\" content=\"1502\" \/>\n\t<meta property=\"og:image:type\" content=\"image\/jpeg\" \/>\n<meta name=\"twitter:card\" content=\"summary_large_image\" \/>\n<meta name=\"twitter:label1\" content=\"Est. reading time\" \/>\n\t<meta name=\"twitter:data1\" content=\"1 minute\" \/>\n<script type=\"application\/ld+json\" class=\"yoast-schema-graph\">{\"@context\":\"https:\/\/schema.org\",\"@graph\":[{\"@type\":\"WebPage\",\"@id\":\"https:\/\/www.suzuki.ca\/fr\/produit\/huile-a-differentiel-et-a-freins-humides\/\",\"url\":\"https:\/\/www.suzuki.ca\/fr\/produit\/huile-a-differentiel-et-a-freins-humides\/\",\"name\":\"Huile \u00e0 diff\u00e9rentiel et \u00e0 freins humides - Suzuki Canada Inc.\",\"isPartOf\":{\"@id\":\"https:\/\/www.suzuki.ca\/#website\"},\"primaryImageOfPage\":{\"@id\":\"https:\/\/www.suzuki.ca\/fr\/produit\/huile-a-differentiel-et-a-freins-humides\/#primaryimage\"},\"image\":{\"@id\":\"https:\/\/www.suzuki.ca\/fr\/produit\/huile-a-differentiel-et-a-freins-humides\/#primaryimage\"},\"thumbnailUrl\":\"https:\/\/www.suzuki.ca\/wp-content\/uploads\/990A0-01E70-01Q.jpg\",\"datePublished\":\"2020-04-01T15:13:46+00:00\",\"dateModified\":\"2026-04-01T16:30:57+00:00\",\"breadcrumb\":{\"@id\":\"https:\/\/www.suzuki.ca\/fr\/produit\/huile-a-differentiel-et-a-freins-humides\/#breadcrumb\"},\"inLanguage\":\"fr-FR\",\"potentialAction\":[{\"@type\":\"ReadAction\",\"target\":[\"https:\/\/www.suzuki.ca\/fr\/produit\/huile-a-differentiel-et-a-freins-humides\/\"]}]},{\"@type\":\"ImageObject\",\"inLanguage\":\"fr-FR\",\"@id\":\"https:\/\/www.suzuki.ca\/fr\/produit\/huile-a-differentiel-et-a-freins-humides\/#primaryimage\",\"url\":\"https:\/\/www.suzuki.ca\/wp-content\/uploads\/990A0-01E70-01Q.jpg\",\"contentUrl\":\"https:\/\/www.suzuki.ca\/wp-content\/uploads\/990A0-01E70-01Q.jpg\",\"width\":1000,\"height\":1502,\"caption\":\"Suzuki_Gear_and_Wet_Brake_Oil_946ml_Bottle\"},{\"@type\":\"BreadcrumbList\",\"@id\":\"https:\/\/www.suzuki.ca\/fr\/produit\/huile-a-differentiel-et-a-freins-humides\/#breadcrumb\",\"itemListElement\":[{\"@type\":\"ListItem\",\"position\":1,\"name\":\"Accueil\",\"item\":\"https:\/\/www.suzuki.ca\/fr\/\"},{\"@type\":\"ListItem\",\"position\":2,\"name\":\"Products\",\"item\":\"https:\/\/www.suzuki.ca\/shop\/\"},{\"@type\":\"ListItem\",\"position\":3,\"name\":\"Huile \u00e0 diff\u00e9rentiel et \u00e0 freins humides\"}]},{\"@type\":\"WebSite\",\"@id\":\"https:\/\/www.suzuki.ca\/#website\",\"url\":\"https:\/\/www.suzuki.ca\/\",\"name\":\"Suzuki Canada Inc.\",\"description\":\"The Official Home of Suzuki Canada Motorcycle, ATV, and Marine models and accessories.\",\"publisher\":{\"@id\":\"https:\/\/www.suzuki.ca\/#organization\"},\"potentialAction\":[{\"@type\":\"SearchAction\",\"target\":{\"@type\":\"EntryPoint\",\"urlTemplate\":\"https:\/\/www.suzuki.ca\/?s={search_term_string}\"},\"query-input\":{\"@type\":\"PropertyValueSpecification\",\"valueRequired\":true,\"valueName\":\"search_term_string\"}}],\"inLanguage\":\"fr-FR\"},{\"@type\":\"Organization\",\"@id\":\"https:\/\/www.suzuki.ca\/#organization\",\"name\":\"Suzuki Canada Inc.\",\"url\":\"https:\/\/www.suzuki.ca\/\",\"logo\":{\"@type\":\"ImageObject\",\"inLanguage\":\"fr-FR\",\"@id\":\"https:\/\/www.suzuki.ca\/#\/schema\/logo\/image\/\",\"url\":\"https:\/\/www.suzuki.ca\/wp-content\/uploads\/Suzuki_Logo_Parallelogram.svg\",\"contentUrl\":\"https:\/\/www.suzuki.ca\/wp-content\/uploads\/Suzuki_Logo_Parallelogram.svg\",\"caption\":\"Suzuki Canada Inc.\"},\"image\":{\"@id\":\"https:\/\/www.suzuki.ca\/#\/schema\/logo\/image\/\"}}]}<\/script>\n<!-- \/ Yoast SEO plugin. -->","yoast_head_json":{"title":"Huile \u00e0 diff\u00e9rentiel et \u00e0 freins humides - Suzuki Canada Inc.","robots":{"index":"index","follow":"follow","max-snippet":"max-snippet:-1","max-image-preview":"max-image-preview:large","max-video-preview":"max-video-preview:-1"},"canonical":"https:\/\/www.suzuki.ca\/fr\/produit\/huile-a-differentiel-et-a-freins-humides\/","og_locale":"fr_FR","og_type":"article","og_title":"Huile \u00e0 diff\u00e9rentiel et \u00e0 freins humides - Suzuki Canada Inc.","og_description":"\u2026 Continuez \u00e0 lire >","og_url":"https:\/\/www.suzuki.ca\/fr\/produit\/huile-a-differentiel-et-a-freins-humides\/","og_site_name":"Suzuki Canada Inc.","article_modified_time":"2026-04-01T16:30:57+00:00","og_image":[{"width":1000,"height":1502,"url":"https:\/\/www.suzuki.ca\/wp-content\/uploads\/990A0-01E70-01Q.jpg","type":"image\/jpeg"}],"twitter_card":"summary_large_image","twitter_misc":{"Est. reading time":"1 minute"},"schema":{"@context":"https:\/\/schema.org","@graph":[{"@type":"WebPage","@id":"https:\/\/www.suzuki.ca\/fr\/produit\/huile-a-differentiel-et-a-freins-humides\/","url":"https:\/\/www.suzuki.ca\/fr\/produit\/huile-a-differentiel-et-a-freins-humides\/","name":"Huile \u00e0 diff\u00e9rentiel et \u00e0 freins humides - Suzuki Canada Inc.","isPartOf":{"@id":"https:\/\/www.suzuki.ca\/#website"},"primaryImageOfPage":{"@id":"https:\/\/www.suzuki.ca\/fr\/produit\/huile-a-differentiel-et-a-freins-humides\/#primaryimage"},"image":{"@id":"https:\/\/www.suzuki.ca\/fr\/produit\/huile-a-differentiel-et-a-freins-humides\/#primaryimage"},"thumbnailUrl":"https:\/\/www.suzuki.ca\/wp-content\/uploads\/990A0-01E70-01Q.jpg","datePublished":"2020-04-01T15:13:46+00:00","dateModified":"2026-04-01T16:30:57+00:00","breadcrumb":{"@id":"https:\/\/www.suzuki.ca\/fr\/produit\/huile-a-differentiel-et-a-freins-humides\/#breadcrumb"},"inLanguage":"fr-FR","potentialAction":[{"@type":"ReadAction","target":["https:\/\/www.suzuki.ca\/fr\/produit\/huile-a-differentiel-et-a-freins-humides\/"]}]},{"@type":"ImageObject","inLanguage":"fr-FR","@id":"https:\/\/www.suzuki.ca\/fr\/produit\/huile-a-differentiel-et-a-freins-humides\/#primaryimage","url":"https:\/\/www.suzuki.ca\/wp-content\/uploads\/990A0-01E70-01Q.jpg","contentUrl":"https:\/\/www.suzuki.ca\/wp-content\/uploads\/990A0-01E70-01Q.jpg","width":1000,"height":1502,"caption":"Suzuki_Gear_and_Wet_Brake_Oil_946ml_Bottle"},{"@type":"BreadcrumbList","@id":"https:\/\/www.suzuki.ca\/fr\/produit\/huile-a-differentiel-et-a-freins-humides\/#breadcrumb","itemListElement":[{"@type":"ListItem","position":1,"name":"Accueil","item":"https:\/\/www.suzuki.ca\/fr\/"},{"@type":"ListItem","position":2,"name":"Products","item":"https:\/\/www.suzuki.ca\/shop\/"},{"@type":"ListItem","position":3,"name":"Huile \u00e0 diff\u00e9rentiel et \u00e0 freins humides"}]},{"@type":"WebSite","@id":"https:\/\/www.suzuki.ca\/#website","url":"https:\/\/www.suzuki.ca\/","name":"Suzuki Canada Inc.","description":"The Official Home of Suzuki Canada Motorcycle, ATV, and Marine models and accessories.","publisher":{"@id":"https:\/\/www.suzuki.ca\/#organization"},"potentialAction":[{"@type":"SearchAction","target":{"@type":"EntryPoint","urlTemplate":"https:\/\/www.suzuki.ca\/?s={search_term_string}"},"query-input":{"@type":"PropertyValueSpecification","valueRequired":true,"valueName":"search_term_string"}}],"inLanguage":"fr-FR"},{"@type":"Organization","@id":"https:\/\/www.suzuki.ca\/#organization","name":"Suzuki Canada Inc.","url":"https:\/\/www.suzuki.ca\/","logo":{"@type":"ImageObject","inLanguage":"fr-FR","@id":"https:\/\/www.suzuki.ca\/#\/schema\/logo\/image\/","url":"https:\/\/www.suzuki.ca\/wp-content\/uploads\/Suzuki_Logo_Parallelogram.svg","contentUrl":"https:\/\/www.suzuki.ca\/wp-content\/uploads\/Suzuki_Logo_Parallelogram.svg","caption":"Suzuki Canada Inc."},"image":{"@id":"https:\/\/www.suzuki.ca\/#\/schema\/logo\/image\/"}}]}},"_links":{"self":[{"href":"https:\/\/www.suzuki.ca\/fr\/wp-json\/wp\/v2\/product\/29015","targetHints":{"allow":["GET"]}}],"collection":[{"href":"https:\/\/www.suzuki.ca\/fr\/wp-json\/wp\/v2\/product"}],"about":[{"href":"https:\/\/www.suzuki.ca\/fr\/wp-json\/wp\/v2\/types\/product"}],"wp:featuredmedia":[{"embeddable":true,"href":"https:\/\/www.suzuki.ca\/fr\/wp-json\/wp\/v2\/media\/18935"}],"wp:attachment":[{"href":"https:\/\/www.suzuki.ca\/fr\/wp-json\/wp\/v2\/media?parent=29015"}],"wp:term":[{"taxonomy":"product_brand","embeddable":true,"href":"https:\/\/www.suzuki.ca\/fr\/wp-json\/wp\/v2\/product_brand?post=29015"},{"taxonomy":"product_cat","embeddable":true,"href":"https:\/\/www.suzuki.ca\/fr\/wp-json\/wp\/v2\/product_cat?post=29015"},{"taxonomy":"product_tag","embeddable":true,"href":"https:\/\/www.suzuki.ca\/fr\/wp-json\/wp\/v2\/product_tag?post=29015"}],"curies":[{"name":"wp","href":"https:\/\/api.w.org\/{rel}","templated":true}]}}