{"id":29096,"date":"2020-04-01T16:25:26","date_gmt":"2020-04-01T15:14:19","guid":{"rendered":"https:\/\/www.suzuki.ca\/product\/ensemble-de-joint-de-fourche\/"},"modified":"2026-04-21T17:09:34","modified_gmt":"2026-04-21T21:09:34","slug":"ensemble-de-joint-de-fourche","status":"publish","type":"product","link":"https:\/\/www.suzuki.ca\/fr\/produit\/ensemble-de-joint-de-fourche\/","title":{"rendered":"Ensemble de joint de fourche"},"content":{"rendered":"<p>Les trousses de joint de fourche d&#8217;origine Suzuki sont pr\u00e9par\u00e9es avec toutes les pi\u00e8ces du M\u00c9O n\u00e9cessaires \u00e0 la remise \u00e0 neuf de votre Suzuki. Ces trousses comprennent toutes les pi\u00e8ces de grande qualit\u00e9 du M\u00c9O ayant servi \u00e0 la construction de votre moto, pour que vous puissiez avoir confiance en votre travail.<\/p>\n<p><strong>Attention :<\/strong> l&#8217;emballage peut ne pas \u00eatre conforme \u00e0 l&#8217;illustration<\/p>\n","protected":false},"excerpt":{"rendered":"<p>\u2026 <a class=\"blog-readmore\" href=\"https:\/\/www.suzuki.ca\/fr\/produit\/ensemble-de-joint-de-fourche\/\">Continuez \u00e0 lire ><\/a><\/p>\n","protected":false},"featured_media":19101,"template":"","meta":{"_acf_changed":false,"site-sidebar-layout":"no-sidebar","site-content-layout":"default","ast-site-content-layout":"default","site-content-style":"default","site-sidebar-style":"default","ast-global-header-display":"","ast-banner-title-visibility":"","ast-main-header-display":"","ast-hfb-above-header-display":"","ast-hfb-below-header-display":"","ast-hfb-mobile-header-display":"","site-post-title":"","ast-breadcrumbs-content":"","ast-featured-img":"","footer-sml-layout":"","ast-disable-related-posts":"","theme-transparent-header-meta":"default","adv-header-id-meta":"","stick-header-meta":"default","header-above-stick-meta":"","header-main-stick-meta":"","header-below-stick-meta":"","astra-migrate-meta-layouts":"set","ast-page-background-enabled":"default","ast-page-background-meta":{"desktop":{"background-color":"","background-image":"","background-repeat":"repeat","background-position":"center center","background-size":"auto","background-attachment":"scroll","background-type":"","background-media":"","overlay-type":"","overlay-color":"","overlay-opacity":"","overlay-gradient":""},"tablet":{"background-color":"","background-image":"","background-repeat":"repeat","background-position":"center center","background-size":"auto","background-attachment":"scroll","background-type":"","background-media":"","overlay-type":"","overlay-color":"","overlay-opacity":"","overlay-gradient":""},"mobile":{"background-color":"","background-image":"","background-repeat":"repeat","background-position":"center center","background-size":"auto","background-attachment":"scroll","background-type":"","background-media":"","overlay-type":"","overlay-color":"","overlay-opacity":"","overlay-gradient":""}},"ast-content-background-meta":{"desktop":{"background-color":"var(--ast-global-color-5)","background-image":"","background-repeat":"repeat","background-position":"center center","background-size":"auto","background-attachment":"scroll","background-type":"","background-media":"","overlay-type":"","overlay-color":"","overlay-opacity":"","overlay-gradient":""},"tablet":{"background-color":"var(--ast-global-color-5)","background-image":"","background-repeat":"repeat","background-position":"center center","background-size":"auto","background-attachment":"scroll","background-type":"","background-media":"","overlay-type":"","overlay-color":"","overlay-opacity":"","overlay-gradient":""},"mobile":{"background-color":"var(--ast-global-color-5)","background-image":"","background-repeat":"repeat","background-position":"center center","background-size":"auto","background-attachment":"scroll","background-type":"","background-media":"","overlay-type":"","overlay-color":"","overlay-opacity":"","overlay-gradient":""}}},"product_brand":[],"product_cat":[2217,2216],"product_tag":[],"class_list":{"0":"post-29096","1":"product","2":"type-product","3":"status-publish","4":"has-post-thumbnail","6":"product_cat-pieces-pour-motos","7":"product_cat-magasin-de-motos","8":"pa_item-type-kits-de-maintenance","9":"pa_line-year-5974","10":"pa_line-year-5985","11":"pa_line-year-5975","12":"pa_line-year-5986","13":"pa_line-year-5976","14":"pa_line-year-5987","15":"pa_line-year-5977","16":"pa_line-year-5988","17":"pa_line-year-5978","18":"pa_line-year-5989","19":"pa_line-year-5968","20":"pa_line-year-5979","21":"pa_line-year-5990","22":"pa_line-year-5969","23":"pa_line-year-5980","24":"pa_line-year-5991","25":"pa_line-year-5970","26":"pa_line-year-5981","27":"pa_line-year-5992","28":"pa_line-year-5971","29":"pa_line-year-5982","30":"pa_line-year-5993","31":"pa_line-year-5972","32":"pa_line-year-5983","33":"pa_line-year-5994","34":"pa_line-year-5973","35":"pa_line-year-5984","36":"pa_model-gsx-r600-04-05-fr","37":"pa_model-v-strom-800de-23-26-fr","38":"pa_model-v-strom-650-23-late-25-fr","39":"pa_model-gsx-r600-08-10-fr","40":"pa_model-dr-z400sm-19-24-fr","41":"pa_model-v-strom-800-24-26-fr","42":"pa_model-gsx-r750-06-07-fr","43":"pa_model-gsx-8r-24-26-fr","44":"pa_model-gsx-r1000-09-26-fr","45":"pa_model-gsx-r1000-05-08-fr","46":"pa_model-gsx-r1000-03-04-fr","47":"pa_model-gsx-r600-06-07-fr","48":"pa_model-burgman400-07-26-fr","49":"pa_model-hayabusa-08-26-fr","50":"pa_model-gsx-r600-11-26-fr","51":"pa_model-burgman650-05-18-fr","52":"pa_model-sv650-a-ua-19-26-fr","53":"pa_model-gsx-r750-08-10-fr","54":"pa_model-dr-z125-l-19-26-fr","55":"pa_model-v-strom-650-04-11-fr","56":"pa_model-gsx-r750-11-26-fr","57":"pa_model-dr-z400s-19-24-fr","58":"pa_model-v-strom-650-12-16-fr","59":"pa_model-gsx-s1000gx-24-26-fr","60":"pa_model-gsx-s1000-a-fa-gt-katana-19-26-fr","61":"pa_model-v-strom-650-17-23-early-fr","62":"pa_model-gsx-s750-19-23-fr","63":"pa_model-gsx-8s-23-26-fr","64":"pa_model-v-strom-1050-20-26-fr","65":"pa_model-v-strom-1050de-23-26-fr","66":"pa_motorcycle-model-burgman-650-fr","67":"pa_motorcycle-model-burgman-400-fr","68":"pa_motorcycle-model-gsx-r1000-fr","69":"pa_motorcycle-model-hayabusa-fr","70":"pa_motorcycle-model-v-strom-650-fr","71":"pa_motorcycle-model-gsx-r750-fr","72":"pa_motorcycle-model-gsx-r600-fr","73":"desktop-align-left","74":"tablet-align-left","75":"mobile-align-left","76":"ast-product-gallery-layout-horizontal","77":"ast-product-gallery-with-no-image","78":"ast-magnify-disabled","79":"ast-product-single-variable","80":"ast-product-tabs-layout-horizontal","82":"first","83":"instock","84":"taxable","85":"shipping-taxable","86":"purchasable","87":"product-type-variable"},"acf":[],"yoast_head":"<!-- This site is optimized with the Yoast SEO plugin v27.3 - https:\/\/yoast.com\/product\/yoast-seo-wordpress\/ -->\n<title>Ensemble de joint de fourche - Suzuki Canada Inc.<\/title>\n<meta name=\"robots\" content=\"index, follow, max-snippet:-1, max-image-preview:large, max-video-preview:-1\" \/>\n<link rel=\"canonical\" href=\"https:\/\/www.suzuki.ca\/fr\/produit\/ensemble-de-joint-de-fourche\/\" \/>\n<meta property=\"og:locale\" content=\"fr_FR\" \/>\n<meta property=\"og:type\" content=\"article\" \/>\n<meta property=\"og:title\" content=\"Ensemble de joint de fourche - Suzuki Canada Inc.\" \/>\n<meta property=\"og:description\" content=\"\u2026 Continuez \u00e0 lire &gt;\" \/>\n<meta property=\"og:url\" content=\"https:\/\/www.suzuki.ca\/fr\/produit\/ensemble-de-joint-de-fourche\/\" \/>\n<meta property=\"og:site_name\" content=\"Suzuki Canada Inc.\" \/>\n<meta property=\"article:modified_time\" content=\"2026-04-21T21:09:34+00:00\" \/>\n<meta property=\"og:image\" content=\"https:\/\/staging.suzuki.ca\/wp-content\/uploads\/ForkSealKit.jpg\" \/>\n\t<meta property=\"og:image:width\" content=\"440\" \/>\n\t<meta property=\"og:image:height\" content=\"440\" \/>\n\t<meta property=\"og:image:type\" content=\"image\/jpeg\" \/>\n<meta name=\"twitter:card\" content=\"summary_large_image\" \/>\n<meta name=\"twitter:label1\" content=\"Est. reading time\" \/>\n\t<meta name=\"twitter:data1\" content=\"1 minute\" \/>\n<script type=\"application\/ld+json\" class=\"yoast-schema-graph\">{\"@context\":\"https:\\\/\\\/schema.org\",\"@graph\":[{\"@type\":\"WebPage\",\"@id\":\"https:\\\/\\\/www.suzuki.ca\\\/fr\\\/produit\\\/ensemble-de-joint-de-fourche\\\/\",\"url\":\"https:\\\/\\\/www.suzuki.ca\\\/fr\\\/produit\\\/ensemble-de-joint-de-fourche\\\/\",\"name\":\"Ensemble de joint de fourche - Suzuki Canada Inc.\",\"isPartOf\":{\"@id\":\"https:\\\/\\\/www.suzuki.ca\\\/#website\"},\"primaryImageOfPage\":{\"@id\":\"https:\\\/\\\/www.suzuki.ca\\\/fr\\\/produit\\\/ensemble-de-joint-de-fourche\\\/#primaryimage\"},\"image\":{\"@id\":\"https:\\\/\\\/www.suzuki.ca\\\/fr\\\/produit\\\/ensemble-de-joint-de-fourche\\\/#primaryimage\"},\"thumbnailUrl\":\"https:\\\/\\\/www.suzuki.ca\\\/wp-content\\\/uploads\\\/ForkSealKit.jpg\",\"datePublished\":\"2020-04-01T15:14:19+00:00\",\"dateModified\":\"2026-04-21T21:09:34+00:00\",\"breadcrumb\":{\"@id\":\"https:\\\/\\\/www.suzuki.ca\\\/fr\\\/produit\\\/ensemble-de-joint-de-fourche\\\/#breadcrumb\"},\"inLanguage\":\"fr-FR\",\"potentialAction\":[{\"@type\":\"ReadAction\",\"target\":[\"https:\\\/\\\/www.suzuki.ca\\\/fr\\\/produit\\\/ensemble-de-joint-de-fourche\\\/\"]}]},{\"@type\":\"ImageObject\",\"inLanguage\":\"fr-FR\",\"@id\":\"https:\\\/\\\/www.suzuki.ca\\\/fr\\\/produit\\\/ensemble-de-joint-de-fourche\\\/#primaryimage\",\"url\":\"https:\\\/\\\/www.suzuki.ca\\\/wp-content\\\/uploads\\\/ForkSealKit.jpg\",\"contentUrl\":\"https:\\\/\\\/www.suzuki.ca\\\/wp-content\\\/uploads\\\/ForkSealKit.jpg\",\"width\":440,\"height\":440,\"caption\":\"Suzuki_Fork_Seal_Kit\"},{\"@type\":\"BreadcrumbList\",\"@id\":\"https:\\\/\\\/www.suzuki.ca\\\/fr\\\/produit\\\/ensemble-de-joint-de-fourche\\\/#breadcrumb\",\"itemListElement\":[{\"@type\":\"ListItem\",\"position\":1,\"name\":\"Accueil\",\"item\":\"https:\\\/\\\/www.suzuki.ca\\\/fr\\\/\"},{\"@type\":\"ListItem\",\"position\":2,\"name\":\"Products\",\"item\":\"https:\\\/\\\/www.suzuki.ca\\\/shop\\\/\"},{\"@type\":\"ListItem\",\"position\":3,\"name\":\"Ensemble de joint de fourche\"}]},{\"@type\":\"WebSite\",\"@id\":\"https:\\\/\\\/www.suzuki.ca\\\/#website\",\"url\":\"https:\\\/\\\/www.suzuki.ca\\\/\",\"name\":\"Suzuki Canada Inc.\",\"description\":\"The Official Home of Suzuki Canada Motorcycle, ATV, and Marine models and accessories.\",\"publisher\":{\"@id\":\"https:\\\/\\\/www.suzuki.ca\\\/#organization\"},\"potentialAction\":[{\"@type\":\"SearchAction\",\"target\":{\"@type\":\"EntryPoint\",\"urlTemplate\":\"https:\\\/\\\/www.suzuki.ca\\\/?s={search_term_string}\"},\"query-input\":{\"@type\":\"PropertyValueSpecification\",\"valueRequired\":true,\"valueName\":\"search_term_string\"}}],\"inLanguage\":\"fr-FR\"},{\"@type\":\"Organization\",\"@id\":\"https:\\\/\\\/www.suzuki.ca\\\/#organization\",\"name\":\"Suzuki Canada Inc.\",\"url\":\"https:\\\/\\\/www.suzuki.ca\\\/\",\"logo\":{\"@type\":\"ImageObject\",\"inLanguage\":\"fr-FR\",\"@id\":\"https:\\\/\\\/www.suzuki.ca\\\/#\\\/schema\\\/logo\\\/image\\\/\",\"url\":\"https:\\\/\\\/www.suzuki.ca\\\/wp-content\\\/uploads\\\/Suzuki_Logo_Parallelogram.svg\",\"contentUrl\":\"https:\\\/\\\/www.suzuki.ca\\\/wp-content\\\/uploads\\\/Suzuki_Logo_Parallelogram.svg\",\"caption\":\"Suzuki Canada Inc.\"},\"image\":{\"@id\":\"https:\\\/\\\/www.suzuki.ca\\\/#\\\/schema\\\/logo\\\/image\\\/\"}}]}<\/script>\n<!-- \/ Yoast SEO plugin. -->","yoast_head_json":{"title":"Ensemble de joint de fourche - Suzuki Canada Inc.","robots":{"index":"index","follow":"follow","max-snippet":"max-snippet:-1","max-image-preview":"max-image-preview:large","max-video-preview":"max-video-preview:-1"},"canonical":"https:\/\/www.suzuki.ca\/fr\/produit\/ensemble-de-joint-de-fourche\/","og_locale":"fr_FR","og_type":"article","og_title":"Ensemble de joint de fourche - Suzuki Canada Inc.","og_description":"\u2026 Continuez \u00e0 lire >","og_url":"https:\/\/www.suzuki.ca\/fr\/produit\/ensemble-de-joint-de-fourche\/","og_site_name":"Suzuki Canada Inc.","article_modified_time":"2026-04-21T21:09:34+00:00","og_image":[{"width":440,"height":440,"url":"https:\/\/staging.suzuki.ca\/wp-content\/uploads\/ForkSealKit.jpg","type":"image\/jpeg"}],"twitter_card":"summary_large_image","twitter_misc":{"Est. reading time":"1 minute"},"schema":{"@context":"https:\/\/schema.org","@graph":[{"@type":"WebPage","@id":"https:\/\/www.suzuki.ca\/fr\/produit\/ensemble-de-joint-de-fourche\/","url":"https:\/\/www.suzuki.ca\/fr\/produit\/ensemble-de-joint-de-fourche\/","name":"Ensemble de joint de fourche - Suzuki Canada Inc.","isPartOf":{"@id":"https:\/\/www.suzuki.ca\/#website"},"primaryImageOfPage":{"@id":"https:\/\/www.suzuki.ca\/fr\/produit\/ensemble-de-joint-de-fourche\/#primaryimage"},"image":{"@id":"https:\/\/www.suzuki.ca\/fr\/produit\/ensemble-de-joint-de-fourche\/#primaryimage"},"thumbnailUrl":"https:\/\/www.suzuki.ca\/wp-content\/uploads\/ForkSealKit.jpg","datePublished":"2020-04-01T15:14:19+00:00","dateModified":"2026-04-21T21:09:34+00:00","breadcrumb":{"@id":"https:\/\/www.suzuki.ca\/fr\/produit\/ensemble-de-joint-de-fourche\/#breadcrumb"},"inLanguage":"fr-FR","potentialAction":[{"@type":"ReadAction","target":["https:\/\/www.suzuki.ca\/fr\/produit\/ensemble-de-joint-de-fourche\/"]}]},{"@type":"ImageObject","inLanguage":"fr-FR","@id":"https:\/\/www.suzuki.ca\/fr\/produit\/ensemble-de-joint-de-fourche\/#primaryimage","url":"https:\/\/www.suzuki.ca\/wp-content\/uploads\/ForkSealKit.jpg","contentUrl":"https:\/\/www.suzuki.ca\/wp-content\/uploads\/ForkSealKit.jpg","width":440,"height":440,"caption":"Suzuki_Fork_Seal_Kit"},{"@type":"BreadcrumbList","@id":"https:\/\/www.suzuki.ca\/fr\/produit\/ensemble-de-joint-de-fourche\/#breadcrumb","itemListElement":[{"@type":"ListItem","position":1,"name":"Accueil","item":"https:\/\/www.suzuki.ca\/fr\/"},{"@type":"ListItem","position":2,"name":"Products","item":"https:\/\/www.suzuki.ca\/shop\/"},{"@type":"ListItem","position":3,"name":"Ensemble de joint de fourche"}]},{"@type":"WebSite","@id":"https:\/\/www.suzuki.ca\/#website","url":"https:\/\/www.suzuki.ca\/","name":"Suzuki Canada Inc.","description":"The Official Home of Suzuki Canada Motorcycle, ATV, and Marine models and accessories.","publisher":{"@id":"https:\/\/www.suzuki.ca\/#organization"},"potentialAction":[{"@type":"SearchAction","target":{"@type":"EntryPoint","urlTemplate":"https:\/\/www.suzuki.ca\/?s={search_term_string}"},"query-input":{"@type":"PropertyValueSpecification","valueRequired":true,"valueName":"search_term_string"}}],"inLanguage":"fr-FR"},{"@type":"Organization","@id":"https:\/\/www.suzuki.ca\/#organization","name":"Suzuki Canada Inc.","url":"https:\/\/www.suzuki.ca\/","logo":{"@type":"ImageObject","inLanguage":"fr-FR","@id":"https:\/\/www.suzuki.ca\/#\/schema\/logo\/image\/","url":"https:\/\/www.suzuki.ca\/wp-content\/uploads\/Suzuki_Logo_Parallelogram.svg","contentUrl":"https:\/\/www.suzuki.ca\/wp-content\/uploads\/Suzuki_Logo_Parallelogram.svg","caption":"Suzuki Canada Inc."},"image":{"@id":"https:\/\/www.suzuki.ca\/#\/schema\/logo\/image\/"}}]}},"_links":{"self":[{"href":"https:\/\/www.suzuki.ca\/fr\/wp-json\/wp\/v2\/product\/29096","targetHints":{"allow":["GET"]}}],"collection":[{"href":"https:\/\/www.suzuki.ca\/fr\/wp-json\/wp\/v2\/product"}],"about":[{"href":"https:\/\/www.suzuki.ca\/fr\/wp-json\/wp\/v2\/types\/product"}],"wp:featuredmedia":[{"embeddable":true,"href":"https:\/\/www.suzuki.ca\/fr\/wp-json\/wp\/v2\/media\/19101"}],"wp:attachment":[{"href":"https:\/\/www.suzuki.ca\/fr\/wp-json\/wp\/v2\/media?parent=29096"}],"wp:term":[{"taxonomy":"product_brand","embeddable":true,"href":"https:\/\/www.suzuki.ca\/fr\/wp-json\/wp\/v2\/product_brand?post=29096"},{"taxonomy":"product_cat","embeddable":true,"href":"https:\/\/www.suzuki.ca\/fr\/wp-json\/wp\/v2\/product_cat?post=29096"},{"taxonomy":"product_tag","embeddable":true,"href":"https:\/\/www.suzuki.ca\/fr\/wp-json\/wp\/v2\/product_tag?post=29096"}],"curies":[{"name":"wp","href":"https:\/\/api.w.org\/{rel}","templated":true}]}}