{"id":29827,"date":"2020-04-01T16:30:29","date_gmt":"2020-04-01T15:20:35","guid":{"rendered":"https:\/\/www.suzuki.ca\/product\/graisee-super\/"},"modified":"2026-04-09T10:32:34","modified_gmt":"2026-04-09T14:32:34","slug":"graisee-super","status":"publish","type":"product","link":"https:\/\/www.suzuki.ca\/fr\/produit\/graisee-super\/","title":{"rendered":"Graisee super"},"content":{"rendered":"<p>Graisse au lithium multi-usages r\u00e9sistante \u00e0 la chaleur et \u00e0 l&#8217;eau, anti-usure. Il s&#8217;agit d&#8217;un lubrifiant qui se pr\u00e9sente sous forme de p\u00e2te (visqueuse).<\/p>\n","protected":false},"excerpt":{"rendered":"<p>\u2026 <a class=\"blog-readmore\" href=\"https:\/\/www.suzuki.ca\/fr\/produit\/graisee-super\/\">Continuez \u00e0 lire ><\/a><\/p>\n","protected":false},"featured_media":20443,"template":"","meta":{"_acf_changed":false,"site-sidebar-layout":"no-sidebar","site-content-layout":"default","ast-site-content-layout":"default","site-content-style":"default","site-sidebar-style":"default","ast-global-header-display":"","ast-banner-title-visibility":"","ast-main-header-display":"","ast-hfb-above-header-display":"","ast-hfb-below-header-display":"","ast-hfb-mobile-header-display":"","site-post-title":"","ast-breadcrumbs-content":"","ast-featured-img":"","footer-sml-layout":"","ast-disable-related-posts":"","theme-transparent-header-meta":"default","adv-header-id-meta":"","stick-header-meta":"default","header-above-stick-meta":"","header-main-stick-meta":"","header-below-stick-meta":"","astra-migrate-meta-layouts":"set","ast-page-background-enabled":"default","ast-page-background-meta":{"desktop":{"background-color":"","background-image":"","background-repeat":"repeat","background-position":"center center","background-size":"auto","background-attachment":"scroll","background-type":"","background-media":"","overlay-type":"","overlay-color":"","overlay-opacity":"","overlay-gradient":""},"tablet":{"background-color":"","background-image":"","background-repeat":"repeat","background-position":"center center","background-size":"auto","background-attachment":"scroll","background-type":"","background-media":"","overlay-type":"","overlay-color":"","overlay-opacity":"","overlay-gradient":""},"mobile":{"background-color":"","background-image":"","background-repeat":"repeat","background-position":"center center","background-size":"auto","background-attachment":"scroll","background-type":"","background-media":"","overlay-type":"","overlay-color":"","overlay-opacity":"","overlay-gradient":""}},"ast-content-background-meta":{"desktop":{"background-color":"var(--ast-global-color-5)","background-image":"","background-repeat":"repeat","background-position":"center center","background-size":"auto","background-attachment":"scroll","background-type":"","background-media":"","overlay-type":"","overlay-color":"","overlay-opacity":"","overlay-gradient":""},"tablet":{"background-color":"var(--ast-global-color-5)","background-image":"","background-repeat":"repeat","background-position":"center center","background-size":"auto","background-attachment":"scroll","background-type":"","background-media":"","overlay-type":"","overlay-color":"","overlay-opacity":"","overlay-gradient":""},"mobile":{"background-color":"var(--ast-global-color-5)","background-image":"","background-repeat":"repeat","background-position":"center center","background-size":"auto","background-attachment":"scroll","background-type":"","background-media":"","overlay-type":"","overlay-color":"","overlay-opacity":"","overlay-gradient":""}}},"product_brand":[],"product_cat":[2210,2217,2212,2216],"product_tag":[],"class_list":{"0":"post-29827","1":"product","2":"type-product","3":"status-publish","4":"has-post-thumbnail","6":"product_cat-pieces-pour-vtt","7":"product_cat-pieces-pour-motos","8":"product_cat-magasin-de-vtt","9":"product_cat-magasin-de-motos","10":"pa_atv-model-kingquad-lt-a400-fr","11":"pa_atv-model-kingquad-lt-a500-fr","12":"pa_atv-model-kingquad-lt-a750-fr","13":"pa_atv-model-quadsport-z50-fr","14":"pa_atv-model-quadsport-z90-fr","15":"pa_item-type-huile-et-produits-chimiques","16":"pa_item-type-outils-et-maintenance","17":"pa_line-year-5993","18":"pa_line-year-5994","19":"pa_line-year-5990","20":"pa_line-year-5991","21":"pa_line-year-5992","22":"pa_line-year-5989","23":"pa_line-year-5978","24":"pa_line-year-5986","25":"pa_line-year-5987","26":"pa_line-year-5979","27":"pa_line-year-5983","28":"pa_line-year-5984","29":"pa_line-year-5985","30":"pa_line-year-5980","31":"pa_line-year-5988","32":"pa_line-year-5981","33":"pa_line-year-5982","34":"pa_line-year-5968","35":"pa_line-year-5969","36":"pa_line-year-5970","37":"pa_line-year-5971","38":"pa_line-year-5972","39":"pa_line-year-5973","40":"pa_line-year-5974","41":"pa_line-year-5975","42":"pa_line-year-5976","43":"pa_line-year-5977","44":"pa_motorcycle-model-boulevard-c109r","45":"pa_motorcycle-model-dr-z400e-fr","46":"pa_motorcycle-model-dr-z4s-fr","47":"pa_motorcycle-model-dr-z4sm-fr","48":"pa_motorcycle-model-dr-z50-fr","49":"pa_motorcycle-model-dr-z70-fr","50":"pa_motorcycle-model-gsx-8t-fr","51":"pa_motorcycle-model-boulevard-c50-fr","52":"pa_motorcycle-model-boulevard-c50t-fr","53":"pa_motorcycle-model-boulevard-c90-fr","54":"pa_motorcycle-model-boulevard-c90t-fr","55":"pa_motorcycle-model-boulevard-m50-fr","56":"pa_motorcycle-model-boulevard-m90-fr","57":"pa_motorcycle-model-boulevard-m109r-fr","58":"pa_motorcycle-model-boulevard-s40-fr","59":"pa_motorcycle-model-burgman-200-fr","60":"pa_motorcycle-model-burgman-400-fr","61":"pa_motorcycle-model-burgman-650-fr","62":"pa_motorcycle-model-dr-650-fr","63":"pa_motorcycle-model-dr-z125-fr","64":"pa_motorcycle-model-dr-z125l-fr","65":"pa_motorcycle-model-dr-z250-fr","66":"pa_motorcycle-model-dr-z400s-fr","67":"pa_motorcycle-model-dr-z400sm-fr","68":"pa_motorcycle-model-gsf-600-bandit-fr","69":"pa_motorcycle-model-gsx-650f-fr","70":"pa_motorcycle-model-gsf-650-bandit-fr","71":"pa_motorcycle-model-gsf-1200-bandit-fr","72":"pa_motorcycle-model-gsf-1250-bandit-fr","73":"pa_motorcycle-model-gsx-8r-fr","74":"pa_motorcycle-model-gsx-8s-fr","75":"pa_motorcycle-model-gsx-1250-fr","76":"pa_motorcycle-model-gsx-1300-b-king-fr","77":"pa_motorcycle-model-gsx-r250-fr","78":"pa_motorcycle-model-gsx-r600-fr","79":"pa_motorcycle-model-gsx-r750-fr","80":"pa_motorcycle-model-gsx-r1000-fr","81":"pa_motorcycle-model-gsx-s750-fr","82":"pa_motorcycle-model-gsx-s1000-fr","83":"pa_motorcycle-model-gsx-s1000gt-fr","84":"pa_motorcycle-model-gsx-s1000gta-fr","85":"pa_motorcycle-model-gsx-s1000gx-fr","86":"pa_motorcycle-model-gsx-1250fa-fr","87":"pa_motorcycle-model-gw250-fr","88":"pa_motorcycle-model-hayabusa-fr","89":"pa_motorcycle-model-katana-fr","90":"pa_motorcycle-model-rm-85-fr","91":"pa_motorcycle-model-rm-z125-fr","92":"pa_motorcycle-model-rm-z250-fr","93":"pa_motorcycle-model-rm-z450-fr","94":"pa_motorcycle-model-sfv650-fr","95":"pa_motorcycle-model-sv650-fr","96":"pa_motorcycle-model-sv1000-fr","97":"pa_motorcycle-model-v-strom-650-fr","98":"pa_motorcycle-model-v-strom-800-fr","99":"pa_motorcycle-model-v-strom-800de-fr","100":"pa_motorcycle-model-v-strom-1000-fr","101":"pa_motorcycle-model-v-strom-1050-fr","102":"pa_motorcycle-model-v-strom-1050de-fr","103":"desktop-align-left","104":"tablet-align-left","105":"mobile-align-left","106":"ast-product-gallery-layout-horizontal","107":"ast-product-gallery-with-no-image","108":"ast-magnify-disabled","109":"ast-product-tabs-layout-horizontal","111":"first","112":"instock","113":"taxable","114":"shipping-taxable","115":"purchasable","116":"product-type-simple"},"acf":[],"yoast_head":"<!-- This site is optimized with the Yoast SEO plugin v27.3 - https:\/\/yoast.com\/product\/yoast-seo-wordpress\/ -->\n<title>Graisee super - Suzuki Canada Inc.<\/title>\n<meta name=\"robots\" content=\"index, follow, max-snippet:-1, max-image-preview:large, max-video-preview:-1\" \/>\n<link rel=\"canonical\" href=\"https:\/\/www.suzuki.ca\/fr\/produit\/graisee-super\/\" \/>\n<meta property=\"og:locale\" content=\"fr_FR\" \/>\n<meta property=\"og:type\" content=\"article\" \/>\n<meta property=\"og:title\" content=\"Graisee super - Suzuki Canada Inc.\" \/>\n<meta property=\"og:description\" content=\"\u2026 Continuez \u00e0 lire &gt;\" \/>\n<meta property=\"og:url\" content=\"https:\/\/www.suzuki.ca\/fr\/produit\/graisee-super\/\" \/>\n<meta property=\"og:site_name\" content=\"Suzuki Canada Inc.\" \/>\n<meta property=\"article:modified_time\" content=\"2026-04-09T14:32:34+00:00\" \/>\n<meta property=\"og:image\" content=\"https:\/\/staging.suzuki.ca\/wp-content\/uploads\/99000-25490.jpg\" \/>\n\t<meta property=\"og:image:width\" content=\"1000\" \/>\n\t<meta property=\"og:image:height\" content=\"800\" \/>\n\t<meta property=\"og:image:type\" content=\"image\/jpeg\" \/>\n<meta name=\"twitter:card\" content=\"summary_large_image\" \/>\n<meta name=\"twitter:label1\" content=\"Est. reading time\" \/>\n\t<meta name=\"twitter:data1\" content=\"1 minute\" \/>\n<script type=\"application\/ld+json\" class=\"yoast-schema-graph\">{\"@context\":\"https:\\\/\\\/schema.org\",\"@graph\":[{\"@type\":\"WebPage\",\"@id\":\"https:\\\/\\\/www.suzuki.ca\\\/fr\\\/produit\\\/graisee-super\\\/\",\"url\":\"https:\\\/\\\/www.suzuki.ca\\\/fr\\\/produit\\\/graisee-super\\\/\",\"name\":\"Graisee super - Suzuki Canada Inc.\",\"isPartOf\":{\"@id\":\"https:\\\/\\\/www.suzuki.ca\\\/#website\"},\"primaryImageOfPage\":{\"@id\":\"https:\\\/\\\/www.suzuki.ca\\\/fr\\\/produit\\\/graisee-super\\\/#primaryimage\"},\"image\":{\"@id\":\"https:\\\/\\\/www.suzuki.ca\\\/fr\\\/produit\\\/graisee-super\\\/#primaryimage\"},\"thumbnailUrl\":\"https:\\\/\\\/www.suzuki.ca\\\/wp-content\\\/uploads\\\/99000-25490.jpg\",\"datePublished\":\"2020-04-01T15:20:35+00:00\",\"dateModified\":\"2026-04-09T14:32:34+00:00\",\"breadcrumb\":{\"@id\":\"https:\\\/\\\/www.suzuki.ca\\\/fr\\\/produit\\\/graisee-super\\\/#breadcrumb\"},\"inLanguage\":\"fr-FR\",\"potentialAction\":[{\"@type\":\"ReadAction\",\"target\":[\"https:\\\/\\\/www.suzuki.ca\\\/fr\\\/produit\\\/graisee-super\\\/\"]}]},{\"@type\":\"ImageObject\",\"inLanguage\":\"fr-FR\",\"@id\":\"https:\\\/\\\/www.suzuki.ca\\\/fr\\\/produit\\\/graisee-super\\\/#primaryimage\",\"url\":\"https:\\\/\\\/www.suzuki.ca\\\/wp-content\\\/uploads\\\/99000-25490.jpg\",\"contentUrl\":\"https:\\\/\\\/www.suzuki.ca\\\/wp-content\\\/uploads\\\/99000-25490.jpg\",\"width\":1000,\"height\":800,\"caption\":\"Suzuki_Super_Grease\"},{\"@type\":\"BreadcrumbList\",\"@id\":\"https:\\\/\\\/www.suzuki.ca\\\/fr\\\/produit\\\/graisee-super\\\/#breadcrumb\",\"itemListElement\":[{\"@type\":\"ListItem\",\"position\":1,\"name\":\"Accueil\",\"item\":\"https:\\\/\\\/www.suzuki.ca\\\/fr\\\/\"},{\"@type\":\"ListItem\",\"position\":2,\"name\":\"Products\",\"item\":\"https:\\\/\\\/www.suzuki.ca\\\/shop\\\/\"},{\"@type\":\"ListItem\",\"position\":3,\"name\":\"Graisee super\"}]},{\"@type\":\"WebSite\",\"@id\":\"https:\\\/\\\/www.suzuki.ca\\\/#website\",\"url\":\"https:\\\/\\\/www.suzuki.ca\\\/\",\"name\":\"Suzuki Canada Inc.\",\"description\":\"The Official Home of Suzuki Canada Motorcycle, ATV, and Marine models and accessories.\",\"publisher\":{\"@id\":\"https:\\\/\\\/www.suzuki.ca\\\/#organization\"},\"potentialAction\":[{\"@type\":\"SearchAction\",\"target\":{\"@type\":\"EntryPoint\",\"urlTemplate\":\"https:\\\/\\\/www.suzuki.ca\\\/?s={search_term_string}\"},\"query-input\":{\"@type\":\"PropertyValueSpecification\",\"valueRequired\":true,\"valueName\":\"search_term_string\"}}],\"inLanguage\":\"fr-FR\"},{\"@type\":\"Organization\",\"@id\":\"https:\\\/\\\/www.suzuki.ca\\\/#organization\",\"name\":\"Suzuki Canada Inc.\",\"url\":\"https:\\\/\\\/www.suzuki.ca\\\/\",\"logo\":{\"@type\":\"ImageObject\",\"inLanguage\":\"fr-FR\",\"@id\":\"https:\\\/\\\/www.suzuki.ca\\\/#\\\/schema\\\/logo\\\/image\\\/\",\"url\":\"https:\\\/\\\/www.suzuki.ca\\\/wp-content\\\/uploads\\\/Suzuki_Logo_Parallelogram.svg\",\"contentUrl\":\"https:\\\/\\\/www.suzuki.ca\\\/wp-content\\\/uploads\\\/Suzuki_Logo_Parallelogram.svg\",\"caption\":\"Suzuki Canada Inc.\"},\"image\":{\"@id\":\"https:\\\/\\\/www.suzuki.ca\\\/#\\\/schema\\\/logo\\\/image\\\/\"}}]}<\/script>\n<!-- \/ Yoast SEO plugin. -->","yoast_head_json":{"title":"Graisee super - Suzuki Canada Inc.","robots":{"index":"index","follow":"follow","max-snippet":"max-snippet:-1","max-image-preview":"max-image-preview:large","max-video-preview":"max-video-preview:-1"},"canonical":"https:\/\/www.suzuki.ca\/fr\/produit\/graisee-super\/","og_locale":"fr_FR","og_type":"article","og_title":"Graisee super - Suzuki Canada Inc.","og_description":"\u2026 Continuez \u00e0 lire >","og_url":"https:\/\/www.suzuki.ca\/fr\/produit\/graisee-super\/","og_site_name":"Suzuki Canada Inc.","article_modified_time":"2026-04-09T14:32:34+00:00","og_image":[{"width":1000,"height":800,"url":"https:\/\/staging.suzuki.ca\/wp-content\/uploads\/99000-25490.jpg","type":"image\/jpeg"}],"twitter_card":"summary_large_image","twitter_misc":{"Est. reading time":"1 minute"},"schema":{"@context":"https:\/\/schema.org","@graph":[{"@type":"WebPage","@id":"https:\/\/www.suzuki.ca\/fr\/produit\/graisee-super\/","url":"https:\/\/www.suzuki.ca\/fr\/produit\/graisee-super\/","name":"Graisee super - Suzuki Canada Inc.","isPartOf":{"@id":"https:\/\/www.suzuki.ca\/#website"},"primaryImageOfPage":{"@id":"https:\/\/www.suzuki.ca\/fr\/produit\/graisee-super\/#primaryimage"},"image":{"@id":"https:\/\/www.suzuki.ca\/fr\/produit\/graisee-super\/#primaryimage"},"thumbnailUrl":"https:\/\/www.suzuki.ca\/wp-content\/uploads\/99000-25490.jpg","datePublished":"2020-04-01T15:20:35+00:00","dateModified":"2026-04-09T14:32:34+00:00","breadcrumb":{"@id":"https:\/\/www.suzuki.ca\/fr\/produit\/graisee-super\/#breadcrumb"},"inLanguage":"fr-FR","potentialAction":[{"@type":"ReadAction","target":["https:\/\/www.suzuki.ca\/fr\/produit\/graisee-super\/"]}]},{"@type":"ImageObject","inLanguage":"fr-FR","@id":"https:\/\/www.suzuki.ca\/fr\/produit\/graisee-super\/#primaryimage","url":"https:\/\/www.suzuki.ca\/wp-content\/uploads\/99000-25490.jpg","contentUrl":"https:\/\/www.suzuki.ca\/wp-content\/uploads\/99000-25490.jpg","width":1000,"height":800,"caption":"Suzuki_Super_Grease"},{"@type":"BreadcrumbList","@id":"https:\/\/www.suzuki.ca\/fr\/produit\/graisee-super\/#breadcrumb","itemListElement":[{"@type":"ListItem","position":1,"name":"Accueil","item":"https:\/\/www.suzuki.ca\/fr\/"},{"@type":"ListItem","position":2,"name":"Products","item":"https:\/\/www.suzuki.ca\/shop\/"},{"@type":"ListItem","position":3,"name":"Graisee super"}]},{"@type":"WebSite","@id":"https:\/\/www.suzuki.ca\/#website","url":"https:\/\/www.suzuki.ca\/","name":"Suzuki Canada Inc.","description":"The Official Home of Suzuki Canada Motorcycle, ATV, and Marine models and accessories.","publisher":{"@id":"https:\/\/www.suzuki.ca\/#organization"},"potentialAction":[{"@type":"SearchAction","target":{"@type":"EntryPoint","urlTemplate":"https:\/\/www.suzuki.ca\/?s={search_term_string}"},"query-input":{"@type":"PropertyValueSpecification","valueRequired":true,"valueName":"search_term_string"}}],"inLanguage":"fr-FR"},{"@type":"Organization","@id":"https:\/\/www.suzuki.ca\/#organization","name":"Suzuki Canada Inc.","url":"https:\/\/www.suzuki.ca\/","logo":{"@type":"ImageObject","inLanguage":"fr-FR","@id":"https:\/\/www.suzuki.ca\/#\/schema\/logo\/image\/","url":"https:\/\/www.suzuki.ca\/wp-content\/uploads\/Suzuki_Logo_Parallelogram.svg","contentUrl":"https:\/\/www.suzuki.ca\/wp-content\/uploads\/Suzuki_Logo_Parallelogram.svg","caption":"Suzuki Canada Inc."},"image":{"@id":"https:\/\/www.suzuki.ca\/#\/schema\/logo\/image\/"}}]}},"_links":{"self":[{"href":"https:\/\/www.suzuki.ca\/fr\/wp-json\/wp\/v2\/product\/29827","targetHints":{"allow":["GET"]}}],"collection":[{"href":"https:\/\/www.suzuki.ca\/fr\/wp-json\/wp\/v2\/product"}],"about":[{"href":"https:\/\/www.suzuki.ca\/fr\/wp-json\/wp\/v2\/types\/product"}],"wp:featuredmedia":[{"embeddable":true,"href":"https:\/\/www.suzuki.ca\/fr\/wp-json\/wp\/v2\/media\/20443"}],"wp:attachment":[{"href":"https:\/\/www.suzuki.ca\/fr\/wp-json\/wp\/v2\/media?parent=29827"}],"wp:term":[{"taxonomy":"product_brand","embeddable":true,"href":"https:\/\/www.suzuki.ca\/fr\/wp-json\/wp\/v2\/product_brand?post=29827"},{"taxonomy":"product_cat","embeddable":true,"href":"https:\/\/www.suzuki.ca\/fr\/wp-json\/wp\/v2\/product_cat?post=29827"},{"taxonomy":"product_tag","embeddable":true,"href":"https:\/\/www.suzuki.ca\/fr\/wp-json\/wp\/v2\/product_tag?post=29827"}],"curies":[{"name":"wp","href":"https:\/\/api.w.org\/{rel}","templated":true}]}}