{"id":36376,"date":"2021-01-04T16:46:36","date_gmt":"2021-01-04T21:46:36","guid":{"rendered":"https:\/\/www.suzuki.ca\/?post_type=product&#038;p=36376"},"modified":"2026-04-21T17:00:14","modified_gmt":"2026-04-21T21:00:14","slug":"lame-de-charrue-a-montage-avant-a-degagement-rapide-robuste-suzuki-52","status":"publish","type":"product","link":"https:\/\/www.suzuki.ca\/fr\/produit\/lame-de-charrue-a-montage-avant-a-degagement-rapide-robuste-suzuki-52\/","title":{"rendered":"Lame de charrue \u00e0 montage avant \u00e0 d\u00e9gagement rapide robuste Suzuki 52&#8243;"},"content":{"rendered":"<p>Am\u00e9liorez les capacit\u00e9s de votre VTT Suzuki KingQuad avec la lame de charrue de 52 po, con\u00e7ue pour \u00eatre utilis\u00e9e avec le syst\u00e8me de charrue robuste \u00e0 d\u00e9gagement rapide. Cette lame durable est id\u00e9ale pour d\u00e9blayer facilement la neige, le gravier ou d&#8217;autres d\u00e9bris.<\/p>\n<p><strong>Compatibilit\u00e9 :<\/strong><br \/>\nSuzuki KingQuad 500 : 2019 \u2013 2026<br \/>\nDirection assist\u00e9e Suzuki KingQuad 500 : 2019 \u2013 2026<br \/>\nSuzuki KingQuad 750 : 2019 \u2013 2026<br \/>\nDirection assist\u00e9e Suzuki KingQuad 750 : 2019 \u2013 2026<\/p>\n<p><strong>Composants requis (vendus s\u00e9par\u00e9ment) :<\/strong><br \/>\n-Ch\u00e2ssis de pouss\u00e9e de charrue : num\u00e9ro de pi\u00e8ce 990A0-45145<br \/>\n-Support de charrue : num\u00e9ro de pi\u00e8ce 990A0-45151<\/p>\n<p>Assurez une installation et une compatibilit\u00e9 appropri\u00e9es avec votre mod\u00e8le de VTT pour des performances optimales. Transformez votre Suzuki KingQuad en un cheval de trait polyvalent capable de g\u00e9rer les terrains difficiles et les d\u00e9fis saisonniers.<\/p>\n","protected":false},"excerpt":{"rendered":"<p>\u2026 <a class=\"blog-readmore\" href=\"https:\/\/www.suzuki.ca\/fr\/produit\/lame-de-charrue-a-montage-avant-a-degagement-rapide-robuste-suzuki-52\/\">Continuez \u00e0 lire ><\/a><\/p>\n","protected":false},"featured_media":36249,"template":"","meta":{"_acf_changed":false,"site-sidebar-layout":"default","site-content-layout":"default","ast-site-content-layout":"default","site-content-style":"default","site-sidebar-style":"default","ast-global-header-display":"","ast-banner-title-visibility":"","ast-main-header-display":"","ast-hfb-above-header-display":"","ast-hfb-below-header-display":"","ast-hfb-mobile-header-display":"","site-post-title":"","ast-breadcrumbs-content":"","ast-featured-img":"","footer-sml-layout":"","ast-disable-related-posts":"","theme-transparent-header-meta":"default","adv-header-id-meta":"","stick-header-meta":"default","header-above-stick-meta":"","header-main-stick-meta":"","header-below-stick-meta":"","astra-migrate-meta-layouts":"set","ast-page-background-enabled":"default","ast-page-background-meta":{"desktop":{"background-color":"","background-image":"","background-repeat":"repeat","background-position":"center center","background-size":"auto","background-attachment":"scroll","background-type":"","background-media":"","overlay-type":"","overlay-color":"","overlay-opacity":"","overlay-gradient":""},"tablet":{"background-color":"","background-image":"","background-repeat":"repeat","background-position":"center center","background-size":"auto","background-attachment":"scroll","background-type":"","background-media":"","overlay-type":"","overlay-color":"","overlay-opacity":"","overlay-gradient":""},"mobile":{"background-color":"","background-image":"","background-repeat":"repeat","background-position":"center center","background-size":"auto","background-attachment":"scroll","background-type":"","background-media":"","overlay-type":"","overlay-color":"","overlay-opacity":"","overlay-gradient":""}},"ast-content-background-meta":{"desktop":{"background-color":"var(--ast-global-color-5)","background-image":"","background-repeat":"repeat","background-position":"center center","background-size":"auto","background-attachment":"scroll","background-type":"","background-media":"","overlay-type":"","overlay-color":"","overlay-opacity":"","overlay-gradient":""},"tablet":{"background-color":"var(--ast-global-color-5)","background-image":"","background-repeat":"repeat","background-position":"center center","background-size":"auto","background-attachment":"scroll","background-type":"","background-media":"","overlay-type":"","overlay-color":"","overlay-opacity":"","overlay-gradient":""},"mobile":{"background-color":"var(--ast-global-color-5)","background-image":"","background-repeat":"repeat","background-position":"center center","background-size":"auto","background-attachment":"scroll","background-type":"","background-media":"","overlay-type":"","overlay-color":"","overlay-opacity":"","overlay-gradient":""}}},"product_brand":[],"product_cat":[2209,2212],"product_tag":[],"class_list":{"0":"post-36376","1":"product","2":"type-product","3":"status-publish","4":"has-post-thumbnail","6":"product_cat-accessoires-pour-vtt","7":"product_cat-magasin-de-vtt","8":"pa_atv-model-kingquad-lt-a500-fr","9":"pa_atv-model-kingquad-lt-a750-fr","10":"pa_item-type-chasse-neige-et-remorquage","11":"pa_line-year-5971","12":"pa_line-year-5972","13":"pa_line-year-5973","14":"pa_line-year-5974","15":"pa_line-year-5975","16":"pa_line-year-5976","17":"desktop-align-left","18":"tablet-align-left","19":"mobile-align-left","20":"ast-product-gallery-layout-horizontal","21":"ast-magnify-disabled","22":"ast-product-tabs-layout-horizontal","24":"first","25":"instock","26":"taxable","27":"shipping-taxable","28":"purchasable","29":"product-type-simple"},"acf":[],"yoast_head":"<!-- This site is optimized with the Yoast SEO plugin v27.3 - https:\/\/yoast.com\/product\/yoast-seo-wordpress\/ -->\n<title>Lame de charrue \u00e0 montage avant \u00e0 d\u00e9gagement rapide robuste Suzuki 52&quot; - Suzuki Canada Inc.<\/title>\n<meta name=\"robots\" content=\"index, follow, max-snippet:-1, max-image-preview:large, max-video-preview:-1\" \/>\n<link rel=\"canonical\" href=\"https:\/\/www.suzuki.ca\/fr\/produit\/lame-de-charrue-a-montage-avant-a-degagement-rapide-robuste-suzuki-52\/\" \/>\n<meta property=\"og:locale\" content=\"fr_FR\" \/>\n<meta property=\"og:type\" content=\"article\" \/>\n<meta property=\"og:title\" content=\"Lame de charrue \u00e0 montage avant \u00e0 d\u00e9gagement rapide robuste Suzuki 52&quot; - Suzuki Canada Inc.\" \/>\n<meta property=\"og:description\" content=\"\u2026 Continuez \u00e0 lire &gt;\" \/>\n<meta property=\"og:url\" content=\"https:\/\/www.suzuki.ca\/fr\/produit\/lame-de-charrue-a-montage-avant-a-degagement-rapide-robuste-suzuki-52\/\" \/>\n<meta property=\"og:site_name\" content=\"Suzuki Canada Inc.\" \/>\n<meta property=\"article:modified_time\" content=\"2026-04-21T21:00:14+00:00\" \/>\n<meta property=\"og:image\" content=\"https:\/\/staging.suzuki.ca\/wp-content\/uploads\/990A0-45155-052.jpg.ashx_.jpg\" \/>\n\t<meta property=\"og:image:width\" content=\"440\" \/>\n\t<meta property=\"og:image:height\" content=\"440\" \/>\n\t<meta property=\"og:image:type\" content=\"image\/jpeg\" \/>\n<meta name=\"twitter:card\" content=\"summary_large_image\" \/>\n<meta name=\"twitter:label1\" content=\"Est. reading time\" \/>\n\t<meta name=\"twitter:data1\" content=\"1 minute\" \/>\n<script type=\"application\/ld+json\" class=\"yoast-schema-graph\">{\"@context\":\"https:\\\/\\\/schema.org\",\"@graph\":[{\"@type\":\"WebPage\",\"@id\":\"https:\\\/\\\/www.suzuki.ca\\\/fr\\\/produit\\\/lame-de-charrue-a-montage-avant-a-degagement-rapide-robuste-suzuki-52\\\/\",\"url\":\"https:\\\/\\\/www.suzuki.ca\\\/fr\\\/produit\\\/lame-de-charrue-a-montage-avant-a-degagement-rapide-robuste-suzuki-52\\\/\",\"name\":\"Lame de charrue \u00e0 montage avant \u00e0 d\u00e9gagement rapide robuste Suzuki 52\\\" - Suzuki Canada Inc.\",\"isPartOf\":{\"@id\":\"https:\\\/\\\/www.suzuki.ca\\\/#website\"},\"primaryImageOfPage\":{\"@id\":\"https:\\\/\\\/www.suzuki.ca\\\/fr\\\/produit\\\/lame-de-charrue-a-montage-avant-a-degagement-rapide-robuste-suzuki-52\\\/#primaryimage\"},\"image\":{\"@id\":\"https:\\\/\\\/www.suzuki.ca\\\/fr\\\/produit\\\/lame-de-charrue-a-montage-avant-a-degagement-rapide-robuste-suzuki-52\\\/#primaryimage\"},\"thumbnailUrl\":\"https:\\\/\\\/www.suzuki.ca\\\/wp-content\\\/uploads\\\/990A0-45155-052.jpg.ashx_.jpg\",\"datePublished\":\"2021-01-04T21:46:36+00:00\",\"dateModified\":\"2026-04-21T21:00:14+00:00\",\"breadcrumb\":{\"@id\":\"https:\\\/\\\/www.suzuki.ca\\\/fr\\\/produit\\\/lame-de-charrue-a-montage-avant-a-degagement-rapide-robuste-suzuki-52\\\/#breadcrumb\"},\"inLanguage\":\"fr-FR\",\"potentialAction\":[{\"@type\":\"ReadAction\",\"target\":[\"https:\\\/\\\/www.suzuki.ca\\\/fr\\\/produit\\\/lame-de-charrue-a-montage-avant-a-degagement-rapide-robuste-suzuki-52\\\/\"]}]},{\"@type\":\"ImageObject\",\"inLanguage\":\"fr-FR\",\"@id\":\"https:\\\/\\\/www.suzuki.ca\\\/fr\\\/produit\\\/lame-de-charrue-a-montage-avant-a-degagement-rapide-robuste-suzuki-52\\\/#primaryimage\",\"url\":\"https:\\\/\\\/www.suzuki.ca\\\/wp-content\\\/uploads\\\/990A0-45155-052.jpg.ashx_.jpg\",\"contentUrl\":\"https:\\\/\\\/www.suzuki.ca\\\/wp-content\\\/uploads\\\/990A0-45155-052.jpg.ashx_.jpg\",\"width\":440,\"height\":440,\"caption\":\"Heavy_Duty_Plow_Blade_52inches\"},{\"@type\":\"BreadcrumbList\",\"@id\":\"https:\\\/\\\/www.suzuki.ca\\\/fr\\\/produit\\\/lame-de-charrue-a-montage-avant-a-degagement-rapide-robuste-suzuki-52\\\/#breadcrumb\",\"itemListElement\":[{\"@type\":\"ListItem\",\"position\":1,\"name\":\"Accueil\",\"item\":\"https:\\\/\\\/www.suzuki.ca\\\/fr\\\/\"},{\"@type\":\"ListItem\",\"position\":2,\"name\":\"Products\",\"item\":\"https:\\\/\\\/www.suzuki.ca\\\/shop\\\/\"},{\"@type\":\"ListItem\",\"position\":3,\"name\":\"Lame de charrue \u00e0 montage avant \u00e0 d\u00e9gagement rapide robuste Suzuki 52&#8243;\"}]},{\"@type\":\"WebSite\",\"@id\":\"https:\\\/\\\/www.suzuki.ca\\\/#website\",\"url\":\"https:\\\/\\\/www.suzuki.ca\\\/\",\"name\":\"Suzuki Canada Inc.\",\"description\":\"The Official Home of Suzuki Canada Motorcycle, ATV, and Marine models and accessories.\",\"publisher\":{\"@id\":\"https:\\\/\\\/www.suzuki.ca\\\/#organization\"},\"potentialAction\":[{\"@type\":\"SearchAction\",\"target\":{\"@type\":\"EntryPoint\",\"urlTemplate\":\"https:\\\/\\\/www.suzuki.ca\\\/?s={search_term_string}\"},\"query-input\":{\"@type\":\"PropertyValueSpecification\",\"valueRequired\":true,\"valueName\":\"search_term_string\"}}],\"inLanguage\":\"fr-FR\"},{\"@type\":\"Organization\",\"@id\":\"https:\\\/\\\/www.suzuki.ca\\\/#organization\",\"name\":\"Suzuki Canada Inc.\",\"url\":\"https:\\\/\\\/www.suzuki.ca\\\/\",\"logo\":{\"@type\":\"ImageObject\",\"inLanguage\":\"fr-FR\",\"@id\":\"https:\\\/\\\/www.suzuki.ca\\\/#\\\/schema\\\/logo\\\/image\\\/\",\"url\":\"https:\\\/\\\/www.suzuki.ca\\\/wp-content\\\/uploads\\\/Suzuki_Logo_Parallelogram.svg\",\"contentUrl\":\"https:\\\/\\\/www.suzuki.ca\\\/wp-content\\\/uploads\\\/Suzuki_Logo_Parallelogram.svg\",\"caption\":\"Suzuki Canada Inc.\"},\"image\":{\"@id\":\"https:\\\/\\\/www.suzuki.ca\\\/#\\\/schema\\\/logo\\\/image\\\/\"}}]}<\/script>\n<!-- \/ Yoast SEO plugin. -->","yoast_head_json":{"title":"Lame de charrue \u00e0 montage avant \u00e0 d\u00e9gagement rapide robuste Suzuki 52\" - Suzuki Canada Inc.","robots":{"index":"index","follow":"follow","max-snippet":"max-snippet:-1","max-image-preview":"max-image-preview:large","max-video-preview":"max-video-preview:-1"},"canonical":"https:\/\/www.suzuki.ca\/fr\/produit\/lame-de-charrue-a-montage-avant-a-degagement-rapide-robuste-suzuki-52\/","og_locale":"fr_FR","og_type":"article","og_title":"Lame de charrue \u00e0 montage avant \u00e0 d\u00e9gagement rapide robuste Suzuki 52\" - Suzuki Canada Inc.","og_description":"\u2026 Continuez \u00e0 lire >","og_url":"https:\/\/www.suzuki.ca\/fr\/produit\/lame-de-charrue-a-montage-avant-a-degagement-rapide-robuste-suzuki-52\/","og_site_name":"Suzuki Canada Inc.","article_modified_time":"2026-04-21T21:00:14+00:00","og_image":[{"width":440,"height":440,"url":"https:\/\/staging.suzuki.ca\/wp-content\/uploads\/990A0-45155-052.jpg.ashx_.jpg","type":"image\/jpeg"}],"twitter_card":"summary_large_image","twitter_misc":{"Est. reading time":"1 minute"},"schema":{"@context":"https:\/\/schema.org","@graph":[{"@type":"WebPage","@id":"https:\/\/www.suzuki.ca\/fr\/produit\/lame-de-charrue-a-montage-avant-a-degagement-rapide-robuste-suzuki-52\/","url":"https:\/\/www.suzuki.ca\/fr\/produit\/lame-de-charrue-a-montage-avant-a-degagement-rapide-robuste-suzuki-52\/","name":"Lame de charrue \u00e0 montage avant \u00e0 d\u00e9gagement rapide robuste Suzuki 52\" - Suzuki Canada Inc.","isPartOf":{"@id":"https:\/\/www.suzuki.ca\/#website"},"primaryImageOfPage":{"@id":"https:\/\/www.suzuki.ca\/fr\/produit\/lame-de-charrue-a-montage-avant-a-degagement-rapide-robuste-suzuki-52\/#primaryimage"},"image":{"@id":"https:\/\/www.suzuki.ca\/fr\/produit\/lame-de-charrue-a-montage-avant-a-degagement-rapide-robuste-suzuki-52\/#primaryimage"},"thumbnailUrl":"https:\/\/www.suzuki.ca\/wp-content\/uploads\/990A0-45155-052.jpg.ashx_.jpg","datePublished":"2021-01-04T21:46:36+00:00","dateModified":"2026-04-21T21:00:14+00:00","breadcrumb":{"@id":"https:\/\/www.suzuki.ca\/fr\/produit\/lame-de-charrue-a-montage-avant-a-degagement-rapide-robuste-suzuki-52\/#breadcrumb"},"inLanguage":"fr-FR","potentialAction":[{"@type":"ReadAction","target":["https:\/\/www.suzuki.ca\/fr\/produit\/lame-de-charrue-a-montage-avant-a-degagement-rapide-robuste-suzuki-52\/"]}]},{"@type":"ImageObject","inLanguage":"fr-FR","@id":"https:\/\/www.suzuki.ca\/fr\/produit\/lame-de-charrue-a-montage-avant-a-degagement-rapide-robuste-suzuki-52\/#primaryimage","url":"https:\/\/www.suzuki.ca\/wp-content\/uploads\/990A0-45155-052.jpg.ashx_.jpg","contentUrl":"https:\/\/www.suzuki.ca\/wp-content\/uploads\/990A0-45155-052.jpg.ashx_.jpg","width":440,"height":440,"caption":"Heavy_Duty_Plow_Blade_52inches"},{"@type":"BreadcrumbList","@id":"https:\/\/www.suzuki.ca\/fr\/produit\/lame-de-charrue-a-montage-avant-a-degagement-rapide-robuste-suzuki-52\/#breadcrumb","itemListElement":[{"@type":"ListItem","position":1,"name":"Accueil","item":"https:\/\/www.suzuki.ca\/fr\/"},{"@type":"ListItem","position":2,"name":"Products","item":"https:\/\/www.suzuki.ca\/shop\/"},{"@type":"ListItem","position":3,"name":"Lame de charrue \u00e0 montage avant \u00e0 d\u00e9gagement rapide robuste Suzuki 52&#8243;"}]},{"@type":"WebSite","@id":"https:\/\/www.suzuki.ca\/#website","url":"https:\/\/www.suzuki.ca\/","name":"Suzuki Canada Inc.","description":"The Official Home of Suzuki Canada Motorcycle, ATV, and Marine models and accessories.","publisher":{"@id":"https:\/\/www.suzuki.ca\/#organization"},"potentialAction":[{"@type":"SearchAction","target":{"@type":"EntryPoint","urlTemplate":"https:\/\/www.suzuki.ca\/?s={search_term_string}"},"query-input":{"@type":"PropertyValueSpecification","valueRequired":true,"valueName":"search_term_string"}}],"inLanguage":"fr-FR"},{"@type":"Organization","@id":"https:\/\/www.suzuki.ca\/#organization","name":"Suzuki Canada Inc.","url":"https:\/\/www.suzuki.ca\/","logo":{"@type":"ImageObject","inLanguage":"fr-FR","@id":"https:\/\/www.suzuki.ca\/#\/schema\/logo\/image\/","url":"https:\/\/www.suzuki.ca\/wp-content\/uploads\/Suzuki_Logo_Parallelogram.svg","contentUrl":"https:\/\/www.suzuki.ca\/wp-content\/uploads\/Suzuki_Logo_Parallelogram.svg","caption":"Suzuki Canada Inc."},"image":{"@id":"https:\/\/www.suzuki.ca\/#\/schema\/logo\/image\/"}}]}},"_links":{"self":[{"href":"https:\/\/www.suzuki.ca\/fr\/wp-json\/wp\/v2\/product\/36376","targetHints":{"allow":["GET"]}}],"collection":[{"href":"https:\/\/www.suzuki.ca\/fr\/wp-json\/wp\/v2\/product"}],"about":[{"href":"https:\/\/www.suzuki.ca\/fr\/wp-json\/wp\/v2\/types\/product"}],"wp:featuredmedia":[{"embeddable":true,"href":"https:\/\/www.suzuki.ca\/fr\/wp-json\/wp\/v2\/media\/36249"}],"wp:attachment":[{"href":"https:\/\/www.suzuki.ca\/fr\/wp-json\/wp\/v2\/media?parent=36376"}],"wp:term":[{"taxonomy":"product_brand","embeddable":true,"href":"https:\/\/www.suzuki.ca\/fr\/wp-json\/wp\/v2\/product_brand?post=36376"},{"taxonomy":"product_cat","embeddable":true,"href":"https:\/\/www.suzuki.ca\/fr\/wp-json\/wp\/v2\/product_cat?post=36376"},{"taxonomy":"product_tag","embeddable":true,"href":"https:\/\/www.suzuki.ca\/fr\/wp-json\/wp\/v2\/product_tag?post=36376"}],"curies":[{"name":"wp","href":"https:\/\/api.w.org\/{rel}","templated":true}]}}