{"id":38767,"date":"2021-07-16T13:38:34","date_gmt":"2021-07-16T17:37:59","guid":{"rendered":"https:\/\/www.suzuki.ca\/?post_type=product&#038;p=38767"},"modified":"2026-04-09T10:33:14","modified_gmt":"2026-04-09T14:33:14","slug":"ensemble-de-plaques-de-protection-robustes-kingquad-750-500","status":"publish","type":"product","link":"https:\/\/www.suzuki.ca\/fr\/produit\/ensemble-de-plaques-de-protection-robustes-kingquad-750-500\/","title":{"rendered":"ENSEMBLE DE PLAQUES DE PROTECTION Robustes KINGQUAD 750\/500"},"content":{"rendered":"<p>Am\u00e9liorez la protection et l&#8217;armure de votre KingQuad avec notre jeu de plaques de protection robustes et r\u00e9sistantes. Con\u00e7u pour prot\u00e9ger les composants critiques de votre VTT contre les roches et les souches, cet ensemble de plaques de protection garantit que votre KingQuad peut glisser facilement sur les obstacles.<\/p>\n<p><strong>Principales caract\u00e9ristiques:<\/strong><br \/>\n-Armure am\u00e9lior\u00e9e : offre une protection sup\u00e9rieure aux composants critiques, permettant \u00e0 votre KingQuad d&#8217;affronter les terrains difficiles en toute confiance.<br \/>\n-Mat\u00e9riau Premium: construit \u00e0 partir d&#8217;une plaque d&#8217;aluminium 6061 T6 de qualit\u00e9 a\u00e9ronautique, assurant une durabilit\u00e9 et une r\u00e9sistance exceptionnelles.<br \/>\n-Conception en deux pi\u00e8ces : facile \u00e0 installer, boulons \u00e0 la place des plaques de protection d&#8217;origine pour un ajustement parfait.<\/p>\n<p><strong>Compatibilit\u00e9 :<\/strong><br \/>\nKingQuad 500 : 2009 \u2013 2026<br \/>\nKingQuad 750 : 2009 \u2013 2026<br \/>\nCompatible avec les mod\u00e8les \u00e0 direction assist\u00e9e et sans direction assist\u00e9e.<\/p>\n<p>\u00c9quipez votre KingQuad du jeu de plaques de protection robustes ultime pour maximiser la protection et la durabilit\u00e9 lors de toute aventure.<\/p>\n","protected":false},"excerpt":{"rendered":"<p>\u2026 <a class=\"blog-readmore\" href=\"https:\/\/www.suzuki.ca\/fr\/produit\/ensemble-de-plaques-de-protection-robustes-kingquad-750-500\/\">Continuez \u00e0 lire ><\/a><\/p>\n","protected":false},"featured_media":56744,"template":"","meta":{"_acf_changed":false,"site-sidebar-layout":"default","site-content-layout":"default","ast-site-content-layout":"default","site-content-style":"default","site-sidebar-style":"default","ast-global-header-display":"","ast-banner-title-visibility":"","ast-main-header-display":"","ast-hfb-above-header-display":"","ast-hfb-below-header-display":"","ast-hfb-mobile-header-display":"","site-post-title":"","ast-breadcrumbs-content":"","ast-featured-img":"","footer-sml-layout":"","ast-disable-related-posts":"","theme-transparent-header-meta":"default","adv-header-id-meta":"","stick-header-meta":"default","header-above-stick-meta":"","header-main-stick-meta":"","header-below-stick-meta":"","astra-migrate-meta-layouts":"set","ast-page-background-enabled":"default","ast-page-background-meta":{"desktop":{"background-color":"","background-image":"","background-repeat":"repeat","background-position":"center center","background-size":"auto","background-attachment":"scroll","background-type":"","background-media":"","overlay-type":"","overlay-color":"","overlay-opacity":"","overlay-gradient":""},"tablet":{"background-color":"","background-image":"","background-repeat":"repeat","background-position":"center center","background-size":"auto","background-attachment":"scroll","background-type":"","background-media":"","overlay-type":"","overlay-color":"","overlay-opacity":"","overlay-gradient":""},"mobile":{"background-color":"","background-image":"","background-repeat":"repeat","background-position":"center center","background-size":"auto","background-attachment":"scroll","background-type":"","background-media":"","overlay-type":"","overlay-color":"","overlay-opacity":"","overlay-gradient":""}},"ast-content-background-meta":{"desktop":{"background-color":"var(--ast-global-color-5)","background-image":"","background-repeat":"repeat","background-position":"center center","background-size":"auto","background-attachment":"scroll","background-type":"","background-media":"","overlay-type":"","overlay-color":"","overlay-opacity":"","overlay-gradient":""},"tablet":{"background-color":"var(--ast-global-color-5)","background-image":"","background-repeat":"repeat","background-position":"center center","background-size":"auto","background-attachment":"scroll","background-type":"","background-media":"","overlay-type":"","overlay-color":"","overlay-opacity":"","overlay-gradient":""},"mobile":{"background-color":"var(--ast-global-color-5)","background-image":"","background-repeat":"repeat","background-position":"center center","background-size":"auto","background-attachment":"scroll","background-type":"","background-media":"","overlay-type":"","overlay-color":"","overlay-opacity":"","overlay-gradient":""}}},"product_brand":[],"product_cat":[2209,2212],"product_tag":[],"class_list":{"0":"post-38767","1":"product","2":"type-product","3":"status-publish","4":"has-post-thumbnail","6":"product_cat-accessoires-pour-vtt","7":"product_cat-magasin-de-vtt","8":"pa_atv-model-kingquad-lt-a500-fr","9":"pa_atv-model-kingquad-lt-a750-fr","10":"pa_item-type-protection-et-apparence-du-vehicule","11":"pa_line-year-5983","12":"pa_line-year-5984","13":"pa_line-year-5985","14":"pa_line-year-5980","15":"pa_line-year-5988","16":"pa_line-year-5981","17":"pa_line-year-5982","18":"pa_line-year-5968","19":"pa_line-year-5969","20":"pa_line-year-5970","21":"pa_line-year-5971","22":"pa_line-year-5972","23":"pa_line-year-5973","24":"pa_line-year-5974","25":"pa_line-year-5975","26":"pa_line-year-5976","27":"desktop-align-left","28":"tablet-align-left","29":"mobile-align-left","30":"ast-product-gallery-layout-horizontal","31":"ast-product-gallery-with-no-image","32":"ast-magnify-disabled","33":"ast-product-tabs-layout-horizontal","35":"first","36":"instock","37":"taxable","38":"shipping-taxable","39":"purchasable","40":"product-type-simple"},"acf":[],"yoast_head":"<!-- This site is optimized with the Yoast SEO plugin v27.3 - https:\/\/yoast.com\/product\/yoast-seo-wordpress\/ -->\n<title>ENSEMBLE DE PLAQUES DE PROTECTION Robustes KINGQUAD 750\/500 - Suzuki Canada Inc.<\/title>\n<meta name=\"robots\" content=\"index, follow, max-snippet:-1, max-image-preview:large, max-video-preview:-1\" \/>\n<link rel=\"canonical\" href=\"https:\/\/www.suzuki.ca\/fr\/produit\/ensemble-de-plaques-de-protection-robustes-kingquad-750-500\/\" \/>\n<meta property=\"og:locale\" content=\"fr_FR\" \/>\n<meta property=\"og:type\" content=\"article\" \/>\n<meta property=\"og:title\" content=\"ENSEMBLE DE PLAQUES DE PROTECTION Robustes KINGQUAD 750\/500 - Suzuki Canada Inc.\" \/>\n<meta property=\"og:description\" content=\"\u2026 Continuez \u00e0 lire &gt;\" \/>\n<meta property=\"og:url\" content=\"https:\/\/www.suzuki.ca\/fr\/produit\/ensemble-de-plaques-de-protection-robustes-kingquad-750-500\/\" \/>\n<meta property=\"og:site_name\" content=\"Suzuki Canada Inc.\" \/>\n<meta property=\"article:modified_time\" content=\"2026-04-09T14:33:14+00:00\" \/>\n<meta property=\"og:image\" content=\"https:\/\/staging.suzuki.ca\/wp-content\/uploads\/990A0-43015.jpg\" \/>\n\t<meta property=\"og:image:width\" content=\"1080\" \/>\n\t<meta property=\"og:image:height\" content=\"1080\" \/>\n\t<meta property=\"og:image:type\" content=\"image\/jpeg\" \/>\n<meta name=\"twitter:card\" content=\"summary_large_image\" \/>\n<meta name=\"twitter:label1\" content=\"Est. reading time\" \/>\n\t<meta name=\"twitter:data1\" content=\"1 minute\" \/>\n<script type=\"application\/ld+json\" class=\"yoast-schema-graph\">{\"@context\":\"https:\\\/\\\/schema.org\",\"@graph\":[{\"@type\":\"WebPage\",\"@id\":\"https:\\\/\\\/www.suzuki.ca\\\/fr\\\/produit\\\/ensemble-de-plaques-de-protection-robustes-kingquad-750-500\\\/\",\"url\":\"https:\\\/\\\/www.suzuki.ca\\\/fr\\\/produit\\\/ensemble-de-plaques-de-protection-robustes-kingquad-750-500\\\/\",\"name\":\"ENSEMBLE DE PLAQUES DE PROTECTION Robustes KINGQUAD 750\\\/500 - Suzuki Canada Inc.\",\"isPartOf\":{\"@id\":\"https:\\\/\\\/www.suzuki.ca\\\/#website\"},\"primaryImageOfPage\":{\"@id\":\"https:\\\/\\\/www.suzuki.ca\\\/fr\\\/produit\\\/ensemble-de-plaques-de-protection-robustes-kingquad-750-500\\\/#primaryimage\"},\"image\":{\"@id\":\"https:\\\/\\\/www.suzuki.ca\\\/fr\\\/produit\\\/ensemble-de-plaques-de-protection-robustes-kingquad-750-500\\\/#primaryimage\"},\"thumbnailUrl\":\"https:\\\/\\\/www.suzuki.ca\\\/wp-content\\\/uploads\\\/990A0-43015.jpg\",\"datePublished\":\"2021-07-16T17:37:59+00:00\",\"dateModified\":\"2026-04-09T14:33:14+00:00\",\"breadcrumb\":{\"@id\":\"https:\\\/\\\/www.suzuki.ca\\\/fr\\\/produit\\\/ensemble-de-plaques-de-protection-robustes-kingquad-750-500\\\/#breadcrumb\"},\"inLanguage\":\"fr-FR\",\"potentialAction\":[{\"@type\":\"ReadAction\",\"target\":[\"https:\\\/\\\/www.suzuki.ca\\\/fr\\\/produit\\\/ensemble-de-plaques-de-protection-robustes-kingquad-750-500\\\/\"]}]},{\"@type\":\"ImageObject\",\"inLanguage\":\"fr-FR\",\"@id\":\"https:\\\/\\\/www.suzuki.ca\\\/fr\\\/produit\\\/ensemble-de-plaques-de-protection-robustes-kingquad-750-500\\\/#primaryimage\",\"url\":\"https:\\\/\\\/www.suzuki.ca\\\/wp-content\\\/uploads\\\/990A0-43015.jpg\",\"contentUrl\":\"https:\\\/\\\/www.suzuki.ca\\\/wp-content\\\/uploads\\\/990A0-43015.jpg\",\"width\":1080,\"height\":1080,\"caption\":\"990A0-43015\"},{\"@type\":\"BreadcrumbList\",\"@id\":\"https:\\\/\\\/www.suzuki.ca\\\/fr\\\/produit\\\/ensemble-de-plaques-de-protection-robustes-kingquad-750-500\\\/#breadcrumb\",\"itemListElement\":[{\"@type\":\"ListItem\",\"position\":1,\"name\":\"Accueil\",\"item\":\"https:\\\/\\\/www.suzuki.ca\\\/fr\\\/\"},{\"@type\":\"ListItem\",\"position\":2,\"name\":\"Products\",\"item\":\"https:\\\/\\\/www.suzuki.ca\\\/shop\\\/\"},{\"@type\":\"ListItem\",\"position\":3,\"name\":\"ENSEMBLE DE PLAQUES DE PROTECTION Robustes KINGQUAD 750\\\/500\"}]},{\"@type\":\"WebSite\",\"@id\":\"https:\\\/\\\/www.suzuki.ca\\\/#website\",\"url\":\"https:\\\/\\\/www.suzuki.ca\\\/\",\"name\":\"Suzuki Canada Inc.\",\"description\":\"The Official Home of Suzuki Canada Motorcycle, ATV, and Marine models and accessories.\",\"publisher\":{\"@id\":\"https:\\\/\\\/www.suzuki.ca\\\/#organization\"},\"potentialAction\":[{\"@type\":\"SearchAction\",\"target\":{\"@type\":\"EntryPoint\",\"urlTemplate\":\"https:\\\/\\\/www.suzuki.ca\\\/?s={search_term_string}\"},\"query-input\":{\"@type\":\"PropertyValueSpecification\",\"valueRequired\":true,\"valueName\":\"search_term_string\"}}],\"inLanguage\":\"fr-FR\"},{\"@type\":\"Organization\",\"@id\":\"https:\\\/\\\/www.suzuki.ca\\\/#organization\",\"name\":\"Suzuki Canada Inc.\",\"url\":\"https:\\\/\\\/www.suzuki.ca\\\/\",\"logo\":{\"@type\":\"ImageObject\",\"inLanguage\":\"fr-FR\",\"@id\":\"https:\\\/\\\/www.suzuki.ca\\\/#\\\/schema\\\/logo\\\/image\\\/\",\"url\":\"https:\\\/\\\/www.suzuki.ca\\\/wp-content\\\/uploads\\\/Suzuki_Logo_Parallelogram.svg\",\"contentUrl\":\"https:\\\/\\\/www.suzuki.ca\\\/wp-content\\\/uploads\\\/Suzuki_Logo_Parallelogram.svg\",\"caption\":\"Suzuki Canada Inc.\"},\"image\":{\"@id\":\"https:\\\/\\\/www.suzuki.ca\\\/#\\\/schema\\\/logo\\\/image\\\/\"}}]}<\/script>\n<!-- \/ Yoast SEO plugin. -->","yoast_head_json":{"title":"ENSEMBLE DE PLAQUES DE PROTECTION Robustes KINGQUAD 750\/500 - Suzuki Canada Inc.","robots":{"index":"index","follow":"follow","max-snippet":"max-snippet:-1","max-image-preview":"max-image-preview:large","max-video-preview":"max-video-preview:-1"},"canonical":"https:\/\/www.suzuki.ca\/fr\/produit\/ensemble-de-plaques-de-protection-robustes-kingquad-750-500\/","og_locale":"fr_FR","og_type":"article","og_title":"ENSEMBLE DE PLAQUES DE PROTECTION Robustes KINGQUAD 750\/500 - Suzuki Canada Inc.","og_description":"\u2026 Continuez \u00e0 lire >","og_url":"https:\/\/www.suzuki.ca\/fr\/produit\/ensemble-de-plaques-de-protection-robustes-kingquad-750-500\/","og_site_name":"Suzuki Canada Inc.","article_modified_time":"2026-04-09T14:33:14+00:00","og_image":[{"width":1080,"height":1080,"url":"https:\/\/staging.suzuki.ca\/wp-content\/uploads\/990A0-43015.jpg","type":"image\/jpeg"}],"twitter_card":"summary_large_image","twitter_misc":{"Est. reading time":"1 minute"},"schema":{"@context":"https:\/\/schema.org","@graph":[{"@type":"WebPage","@id":"https:\/\/www.suzuki.ca\/fr\/produit\/ensemble-de-plaques-de-protection-robustes-kingquad-750-500\/","url":"https:\/\/www.suzuki.ca\/fr\/produit\/ensemble-de-plaques-de-protection-robustes-kingquad-750-500\/","name":"ENSEMBLE DE PLAQUES DE PROTECTION Robustes KINGQUAD 750\/500 - Suzuki Canada Inc.","isPartOf":{"@id":"https:\/\/www.suzuki.ca\/#website"},"primaryImageOfPage":{"@id":"https:\/\/www.suzuki.ca\/fr\/produit\/ensemble-de-plaques-de-protection-robustes-kingquad-750-500\/#primaryimage"},"image":{"@id":"https:\/\/www.suzuki.ca\/fr\/produit\/ensemble-de-plaques-de-protection-robustes-kingquad-750-500\/#primaryimage"},"thumbnailUrl":"https:\/\/www.suzuki.ca\/wp-content\/uploads\/990A0-43015.jpg","datePublished":"2021-07-16T17:37:59+00:00","dateModified":"2026-04-09T14:33:14+00:00","breadcrumb":{"@id":"https:\/\/www.suzuki.ca\/fr\/produit\/ensemble-de-plaques-de-protection-robustes-kingquad-750-500\/#breadcrumb"},"inLanguage":"fr-FR","potentialAction":[{"@type":"ReadAction","target":["https:\/\/www.suzuki.ca\/fr\/produit\/ensemble-de-plaques-de-protection-robustes-kingquad-750-500\/"]}]},{"@type":"ImageObject","inLanguage":"fr-FR","@id":"https:\/\/www.suzuki.ca\/fr\/produit\/ensemble-de-plaques-de-protection-robustes-kingquad-750-500\/#primaryimage","url":"https:\/\/www.suzuki.ca\/wp-content\/uploads\/990A0-43015.jpg","contentUrl":"https:\/\/www.suzuki.ca\/wp-content\/uploads\/990A0-43015.jpg","width":1080,"height":1080,"caption":"990A0-43015"},{"@type":"BreadcrumbList","@id":"https:\/\/www.suzuki.ca\/fr\/produit\/ensemble-de-plaques-de-protection-robustes-kingquad-750-500\/#breadcrumb","itemListElement":[{"@type":"ListItem","position":1,"name":"Accueil","item":"https:\/\/www.suzuki.ca\/fr\/"},{"@type":"ListItem","position":2,"name":"Products","item":"https:\/\/www.suzuki.ca\/shop\/"},{"@type":"ListItem","position":3,"name":"ENSEMBLE DE PLAQUES DE PROTECTION Robustes KINGQUAD 750\/500"}]},{"@type":"WebSite","@id":"https:\/\/www.suzuki.ca\/#website","url":"https:\/\/www.suzuki.ca\/","name":"Suzuki Canada Inc.","description":"The Official Home of Suzuki Canada Motorcycle, ATV, and Marine models and accessories.","publisher":{"@id":"https:\/\/www.suzuki.ca\/#organization"},"potentialAction":[{"@type":"SearchAction","target":{"@type":"EntryPoint","urlTemplate":"https:\/\/www.suzuki.ca\/?s={search_term_string}"},"query-input":{"@type":"PropertyValueSpecification","valueRequired":true,"valueName":"search_term_string"}}],"inLanguage":"fr-FR"},{"@type":"Organization","@id":"https:\/\/www.suzuki.ca\/#organization","name":"Suzuki Canada Inc.","url":"https:\/\/www.suzuki.ca\/","logo":{"@type":"ImageObject","inLanguage":"fr-FR","@id":"https:\/\/www.suzuki.ca\/#\/schema\/logo\/image\/","url":"https:\/\/www.suzuki.ca\/wp-content\/uploads\/Suzuki_Logo_Parallelogram.svg","contentUrl":"https:\/\/www.suzuki.ca\/wp-content\/uploads\/Suzuki_Logo_Parallelogram.svg","caption":"Suzuki Canada Inc."},"image":{"@id":"https:\/\/www.suzuki.ca\/#\/schema\/logo\/image\/"}}]}},"_links":{"self":[{"href":"https:\/\/www.suzuki.ca\/fr\/wp-json\/wp\/v2\/product\/38767","targetHints":{"allow":["GET"]}}],"collection":[{"href":"https:\/\/www.suzuki.ca\/fr\/wp-json\/wp\/v2\/product"}],"about":[{"href":"https:\/\/www.suzuki.ca\/fr\/wp-json\/wp\/v2\/types\/product"}],"wp:featuredmedia":[{"embeddable":true,"href":"https:\/\/www.suzuki.ca\/fr\/wp-json\/wp\/v2\/media\/56744"}],"wp:attachment":[{"href":"https:\/\/www.suzuki.ca\/fr\/wp-json\/wp\/v2\/media?parent=38767"}],"wp:term":[{"taxonomy":"product_brand","embeddable":true,"href":"https:\/\/www.suzuki.ca\/fr\/wp-json\/wp\/v2\/product_brand?post=38767"},{"taxonomy":"product_cat","embeddable":true,"href":"https:\/\/www.suzuki.ca\/fr\/wp-json\/wp\/v2\/product_cat?post=38767"},{"taxonomy":"product_tag","embeddable":true,"href":"https:\/\/www.suzuki.ca\/fr\/wp-json\/wp\/v2\/product_tag?post=38767"}],"curies":[{"name":"wp","href":"https:\/\/api.w.org\/{rel}","templated":true}]}}