{"id":42172,"date":"2022-02-11T10:25:11","date_gmt":"2022-02-11T15:25:11","guid":{"rendered":"https:\/\/www.suzuki.ca\/?post_type=product&#038;p=42172"},"modified":"2026-04-01T12:29:53","modified_gmt":"2026-04-01T16:29:53","slug":"plaques-de-montage-de-la-cremaillere-arriere-boulevard-c50","status":"publish","type":"product","link":"https:\/\/www.suzuki.ca\/fr\/produit\/plaques-de-montage-de-la-cremaillere-arriere-boulevard-c50\/","title":{"rendered":"Plaques de montage de la cr\u00e9maill\u00e8re arri\u00e8re boulevard C50"},"content":{"rendered":"<p>Les accessoires de billettes sur mesure sont en aluminium de qualit\u00e9 avion \u00e0 billettes solides usin\u00e9s CNC pour r\u00e9pondre aux normes rigoureuses de Suzuki. Les pi\u00e8ces finies sont trait\u00e9es avec du Zinc-Aid pour une adh\u00e9rence maximale et triple chrome plaqu\u00e9 pour une brillance \u00e9blouissante et durable. Supports de montage de rack arri\u00e8re en aluminium en billettes personnalis\u00e9es en finition chrom\u00e9e et noire. A utiliser avec le support arri\u00e8re chrom\u00e9 990A0-75166.<\/p>\n<p><strong>Compatibilit\u00e9 :<\/strong><br \/>\nBoulevard C50\/T : 2009 &#8211; 2025<\/p>\n","protected":false},"excerpt":{"rendered":"<p>\u2026 <a class=\"blog-readmore\" href=\"https:\/\/www.suzuki.ca\/fr\/produit\/plaques-de-montage-de-la-cremaillere-arriere-boulevard-c50\/\">Continuez \u00e0 lire ><\/a><\/p>\n","protected":false},"featured_media":42167,"template":"","meta":{"_acf_changed":false,"site-sidebar-layout":"default","site-content-layout":"default","ast-site-content-layout":"default","site-content-style":"default","site-sidebar-style":"default","ast-global-header-display":"","ast-banner-title-visibility":"","ast-main-header-display":"","ast-hfb-above-header-display":"","ast-hfb-below-header-display":"","ast-hfb-mobile-header-display":"","site-post-title":"","ast-breadcrumbs-content":"","ast-featured-img":"","footer-sml-layout":"","ast-disable-related-posts":"","theme-transparent-header-meta":"default","adv-header-id-meta":"","stick-header-meta":"default","header-above-stick-meta":"","header-main-stick-meta":"","header-below-stick-meta":"","astra-migrate-meta-layouts":"set","ast-page-background-enabled":"default","ast-page-background-meta":{"desktop":{"background-color":"","background-image":"","background-repeat":"repeat","background-position":"center center","background-size":"auto","background-attachment":"scroll","background-type":"","background-media":"","overlay-type":"","overlay-color":"","overlay-opacity":"","overlay-gradient":""},"tablet":{"background-color":"","background-image":"","background-repeat":"repeat","background-position":"center center","background-size":"auto","background-attachment":"scroll","background-type":"","background-media":"","overlay-type":"","overlay-color":"","overlay-opacity":"","overlay-gradient":""},"mobile":{"background-color":"","background-image":"","background-repeat":"repeat","background-position":"center center","background-size":"auto","background-attachment":"scroll","background-type":"","background-media":"","overlay-type":"","overlay-color":"","overlay-opacity":"","overlay-gradient":""}},"ast-content-background-meta":{"desktop":{"background-color":"var(--ast-global-color-5)","background-image":"","background-repeat":"repeat","background-position":"center center","background-size":"auto","background-attachment":"scroll","background-type":"","background-media":"","overlay-type":"","overlay-color":"","overlay-opacity":"","overlay-gradient":""},"tablet":{"background-color":"var(--ast-global-color-5)","background-image":"","background-repeat":"repeat","background-position":"center center","background-size":"auto","background-attachment":"scroll","background-type":"","background-media":"","overlay-type":"","overlay-color":"","overlay-opacity":"","overlay-gradient":""},"mobile":{"background-color":"var(--ast-global-color-5)","background-image":"","background-repeat":"repeat","background-position":"center center","background-size":"auto","background-attachment":"scroll","background-type":"","background-media":"","overlay-type":"","overlay-color":"","overlay-opacity":"","overlay-gradient":""}}},"product_brand":[],"product_cat":[2208,2216],"product_tag":[],"class_list":{"0":"post-42172","1":"product","2":"type-product","3":"status-publish","4":"has-post-thumbnail","6":"product_cat-accessoires-pour-motos","7":"product_cat-magasin-de-motos","8":"pa_item-type-ensemble-de-supports-et-quincaillerie","9":"pa_line-year-1709","10":"pa_line-year-1710","11":"pa_line-year-1711","12":"pa_line-year-1213","13":"pa_line-year-1714","14":"pa_line-year-1215","15":"pa_line-year-1216","16":"pa_line-year-173","17":"pa_line-year-174","18":"pa_line-year-175","19":"pa_line-year-176","20":"pa_line-year-177","21":"pa_line-year-178","22":"pa_line-year-179","23":"pa_line-year-180","24":"pa_motorcycle-model-boulevard-c50-fr","25":"pa_motorcycle-model-boulevard-c50t-fr","26":"desktop-align-left","27":"tablet-align-left","28":"mobile-align-left","29":"ast-product-gallery-layout-horizontal","30":"ast-product-gallery-with-no-image","31":"ast-magnify-disabled","32":"ast-product-tabs-layout-horizontal","34":"first","35":"instock","36":"taxable","37":"shipping-taxable","38":"purchasable","39":"product-type-simple"},"acf":[],"yoast_head":"<!-- This site is optimized with the Yoast SEO plugin v26.9 - https:\/\/yoast.com\/product\/yoast-seo-wordpress\/ -->\n<title>Plaques de montage de la cr\u00e9maill\u00e8re arri\u00e8re boulevard C50 - Suzuki Canada Inc.<\/title>\n<meta name=\"robots\" content=\"index, follow, max-snippet:-1, max-image-preview:large, max-video-preview:-1\" \/>\n<link rel=\"canonical\" href=\"https:\/\/www.suzuki.ca\/fr\/produit\/plaques-de-montage-de-la-cremaillere-arriere-boulevard-c50\/\" \/>\n<meta property=\"og:locale\" content=\"fr_FR\" \/>\n<meta property=\"og:type\" content=\"article\" \/>\n<meta property=\"og:title\" content=\"Plaques de montage de la cr\u00e9maill\u00e8re arri\u00e8re boulevard C50 - Suzuki Canada Inc.\" \/>\n<meta property=\"og:description\" content=\"\u2026 Continuez \u00e0 lire &gt;\" \/>\n<meta property=\"og:url\" content=\"https:\/\/www.suzuki.ca\/fr\/produit\/plaques-de-montage-de-la-cremaillere-arriere-boulevard-c50\/\" \/>\n<meta property=\"og:site_name\" content=\"Suzuki Canada Inc.\" \/>\n<meta property=\"article:modified_time\" content=\"2026-04-01T16:29:53+00:00\" \/>\n<meta property=\"og:image\" content=\"https:\/\/www.suzuki.ca\/wp-content\/uploads\/990A0-75072-768x768-Chrome.jpg\" \/>\n\t<meta property=\"og:image:width\" content=\"768\" \/>\n\t<meta property=\"og:image:height\" content=\"768\" \/>\n\t<meta property=\"og:image:type\" content=\"image\/jpeg\" \/>\n<meta name=\"twitter:card\" content=\"summary_large_image\" \/>\n<meta name=\"twitter:label1\" content=\"Est. reading time\" \/>\n\t<meta name=\"twitter:data1\" content=\"1 minute\" \/>\n<script type=\"application\/ld+json\" class=\"yoast-schema-graph\">{\"@context\":\"https:\/\/schema.org\",\"@graph\":[{\"@type\":\"WebPage\",\"@id\":\"https:\/\/www.suzuki.ca\/fr\/produit\/plaques-de-montage-de-la-cremaillere-arriere-boulevard-c50\/\",\"url\":\"https:\/\/www.suzuki.ca\/fr\/produit\/plaques-de-montage-de-la-cremaillere-arriere-boulevard-c50\/\",\"name\":\"Plaques de montage de la cr\u00e9maill\u00e8re arri\u00e8re boulevard C50 - Suzuki Canada Inc.\",\"isPartOf\":{\"@id\":\"https:\/\/www.suzuki.ca\/#website\"},\"primaryImageOfPage\":{\"@id\":\"https:\/\/www.suzuki.ca\/fr\/produit\/plaques-de-montage-de-la-cremaillere-arriere-boulevard-c50\/#primaryimage\"},\"image\":{\"@id\":\"https:\/\/www.suzuki.ca\/fr\/produit\/plaques-de-montage-de-la-cremaillere-arriere-boulevard-c50\/#primaryimage\"},\"thumbnailUrl\":\"https:\/\/www.suzuki.ca\/wp-content\/uploads\/990A0-75072-768x768-Chrome.jpg\",\"datePublished\":\"2022-02-11T15:25:11+00:00\",\"dateModified\":\"2026-04-01T16:29:53+00:00\",\"breadcrumb\":{\"@id\":\"https:\/\/www.suzuki.ca\/fr\/produit\/plaques-de-montage-de-la-cremaillere-arriere-boulevard-c50\/#breadcrumb\"},\"inLanguage\":\"fr-FR\",\"potentialAction\":[{\"@type\":\"ReadAction\",\"target\":[\"https:\/\/www.suzuki.ca\/fr\/produit\/plaques-de-montage-de-la-cremaillere-arriere-boulevard-c50\/\"]}]},{\"@type\":\"ImageObject\",\"inLanguage\":\"fr-FR\",\"@id\":\"https:\/\/www.suzuki.ca\/fr\/produit\/plaques-de-montage-de-la-cremaillere-arriere-boulevard-c50\/#primaryimage\",\"url\":\"https:\/\/www.suzuki.ca\/wp-content\/uploads\/990A0-75072-768x768-Chrome.jpg\",\"contentUrl\":\"https:\/\/www.suzuki.ca\/wp-content\/uploads\/990A0-75072-768x768-Chrome.jpg\",\"width\":768,\"height\":768,\"caption\":\"990A0-75072-768x768 - Chrome\"},{\"@type\":\"BreadcrumbList\",\"@id\":\"https:\/\/www.suzuki.ca\/fr\/produit\/plaques-de-montage-de-la-cremaillere-arriere-boulevard-c50\/#breadcrumb\",\"itemListElement\":[{\"@type\":\"ListItem\",\"position\":1,\"name\":\"Accueil\",\"item\":\"https:\/\/www.suzuki.ca\/fr\/\"},{\"@type\":\"ListItem\",\"position\":2,\"name\":\"Products\",\"item\":\"https:\/\/www.suzuki.ca\/shop\/\"},{\"@type\":\"ListItem\",\"position\":3,\"name\":\"Plaques de montage de la cr\u00e9maill\u00e8re arri\u00e8re boulevard C50\"}]},{\"@type\":\"WebSite\",\"@id\":\"https:\/\/www.suzuki.ca\/#website\",\"url\":\"https:\/\/www.suzuki.ca\/\",\"name\":\"Suzuki Canada Inc.\",\"description\":\"The Official Home of Suzuki Canada Motorcycle, ATV, and Marine models and accessories.\",\"publisher\":{\"@id\":\"https:\/\/www.suzuki.ca\/#organization\"},\"potentialAction\":[{\"@type\":\"SearchAction\",\"target\":{\"@type\":\"EntryPoint\",\"urlTemplate\":\"https:\/\/www.suzuki.ca\/?s={search_term_string}\"},\"query-input\":{\"@type\":\"PropertyValueSpecification\",\"valueRequired\":true,\"valueName\":\"search_term_string\"}}],\"inLanguage\":\"fr-FR\"},{\"@type\":\"Organization\",\"@id\":\"https:\/\/www.suzuki.ca\/#organization\",\"name\":\"Suzuki Canada Inc.\",\"url\":\"https:\/\/www.suzuki.ca\/\",\"logo\":{\"@type\":\"ImageObject\",\"inLanguage\":\"fr-FR\",\"@id\":\"https:\/\/www.suzuki.ca\/#\/schema\/logo\/image\/\",\"url\":\"https:\/\/www.suzuki.ca\/wp-content\/uploads\/Suzuki_Logo_Parallelogram.svg\",\"contentUrl\":\"https:\/\/www.suzuki.ca\/wp-content\/uploads\/Suzuki_Logo_Parallelogram.svg\",\"caption\":\"Suzuki Canada Inc.\"},\"image\":{\"@id\":\"https:\/\/www.suzuki.ca\/#\/schema\/logo\/image\/\"}}]}<\/script>\n<!-- \/ Yoast SEO plugin. -->","yoast_head_json":{"title":"Plaques de montage de la cr\u00e9maill\u00e8re arri\u00e8re boulevard C50 - Suzuki Canada Inc.","robots":{"index":"index","follow":"follow","max-snippet":"max-snippet:-1","max-image-preview":"max-image-preview:large","max-video-preview":"max-video-preview:-1"},"canonical":"https:\/\/www.suzuki.ca\/fr\/produit\/plaques-de-montage-de-la-cremaillere-arriere-boulevard-c50\/","og_locale":"fr_FR","og_type":"article","og_title":"Plaques de montage de la cr\u00e9maill\u00e8re arri\u00e8re boulevard C50 - Suzuki Canada Inc.","og_description":"\u2026 Continuez \u00e0 lire >","og_url":"https:\/\/www.suzuki.ca\/fr\/produit\/plaques-de-montage-de-la-cremaillere-arriere-boulevard-c50\/","og_site_name":"Suzuki Canada Inc.","article_modified_time":"2026-04-01T16:29:53+00:00","og_image":[{"width":768,"height":768,"url":"https:\/\/www.suzuki.ca\/wp-content\/uploads\/990A0-75072-768x768-Chrome.jpg","type":"image\/jpeg"}],"twitter_card":"summary_large_image","twitter_misc":{"Est. reading time":"1 minute"},"schema":{"@context":"https:\/\/schema.org","@graph":[{"@type":"WebPage","@id":"https:\/\/www.suzuki.ca\/fr\/produit\/plaques-de-montage-de-la-cremaillere-arriere-boulevard-c50\/","url":"https:\/\/www.suzuki.ca\/fr\/produit\/plaques-de-montage-de-la-cremaillere-arriere-boulevard-c50\/","name":"Plaques de montage de la cr\u00e9maill\u00e8re arri\u00e8re boulevard C50 - Suzuki Canada Inc.","isPartOf":{"@id":"https:\/\/www.suzuki.ca\/#website"},"primaryImageOfPage":{"@id":"https:\/\/www.suzuki.ca\/fr\/produit\/plaques-de-montage-de-la-cremaillere-arriere-boulevard-c50\/#primaryimage"},"image":{"@id":"https:\/\/www.suzuki.ca\/fr\/produit\/plaques-de-montage-de-la-cremaillere-arriere-boulevard-c50\/#primaryimage"},"thumbnailUrl":"https:\/\/www.suzuki.ca\/wp-content\/uploads\/990A0-75072-768x768-Chrome.jpg","datePublished":"2022-02-11T15:25:11+00:00","dateModified":"2026-04-01T16:29:53+00:00","breadcrumb":{"@id":"https:\/\/www.suzuki.ca\/fr\/produit\/plaques-de-montage-de-la-cremaillere-arriere-boulevard-c50\/#breadcrumb"},"inLanguage":"fr-FR","potentialAction":[{"@type":"ReadAction","target":["https:\/\/www.suzuki.ca\/fr\/produit\/plaques-de-montage-de-la-cremaillere-arriere-boulevard-c50\/"]}]},{"@type":"ImageObject","inLanguage":"fr-FR","@id":"https:\/\/www.suzuki.ca\/fr\/produit\/plaques-de-montage-de-la-cremaillere-arriere-boulevard-c50\/#primaryimage","url":"https:\/\/www.suzuki.ca\/wp-content\/uploads\/990A0-75072-768x768-Chrome.jpg","contentUrl":"https:\/\/www.suzuki.ca\/wp-content\/uploads\/990A0-75072-768x768-Chrome.jpg","width":768,"height":768,"caption":"990A0-75072-768x768 - Chrome"},{"@type":"BreadcrumbList","@id":"https:\/\/www.suzuki.ca\/fr\/produit\/plaques-de-montage-de-la-cremaillere-arriere-boulevard-c50\/#breadcrumb","itemListElement":[{"@type":"ListItem","position":1,"name":"Accueil","item":"https:\/\/www.suzuki.ca\/fr\/"},{"@type":"ListItem","position":2,"name":"Products","item":"https:\/\/www.suzuki.ca\/shop\/"},{"@type":"ListItem","position":3,"name":"Plaques de montage de la cr\u00e9maill\u00e8re arri\u00e8re boulevard C50"}]},{"@type":"WebSite","@id":"https:\/\/www.suzuki.ca\/#website","url":"https:\/\/www.suzuki.ca\/","name":"Suzuki Canada Inc.","description":"The Official Home of Suzuki Canada Motorcycle, ATV, and Marine models and accessories.","publisher":{"@id":"https:\/\/www.suzuki.ca\/#organization"},"potentialAction":[{"@type":"SearchAction","target":{"@type":"EntryPoint","urlTemplate":"https:\/\/www.suzuki.ca\/?s={search_term_string}"},"query-input":{"@type":"PropertyValueSpecification","valueRequired":true,"valueName":"search_term_string"}}],"inLanguage":"fr-FR"},{"@type":"Organization","@id":"https:\/\/www.suzuki.ca\/#organization","name":"Suzuki Canada Inc.","url":"https:\/\/www.suzuki.ca\/","logo":{"@type":"ImageObject","inLanguage":"fr-FR","@id":"https:\/\/www.suzuki.ca\/#\/schema\/logo\/image\/","url":"https:\/\/www.suzuki.ca\/wp-content\/uploads\/Suzuki_Logo_Parallelogram.svg","contentUrl":"https:\/\/www.suzuki.ca\/wp-content\/uploads\/Suzuki_Logo_Parallelogram.svg","caption":"Suzuki Canada Inc."},"image":{"@id":"https:\/\/www.suzuki.ca\/#\/schema\/logo\/image\/"}}]}},"_links":{"self":[{"href":"https:\/\/www.suzuki.ca\/fr\/wp-json\/wp\/v2\/product\/42172","targetHints":{"allow":["GET"]}}],"collection":[{"href":"https:\/\/www.suzuki.ca\/fr\/wp-json\/wp\/v2\/product"}],"about":[{"href":"https:\/\/www.suzuki.ca\/fr\/wp-json\/wp\/v2\/types\/product"}],"wp:featuredmedia":[{"embeddable":true,"href":"https:\/\/www.suzuki.ca\/fr\/wp-json\/wp\/v2\/media\/42167"}],"wp:attachment":[{"href":"https:\/\/www.suzuki.ca\/fr\/wp-json\/wp\/v2\/media?parent=42172"}],"wp:term":[{"taxonomy":"product_brand","embeddable":true,"href":"https:\/\/www.suzuki.ca\/fr\/wp-json\/wp\/v2\/product_brand?post=42172"},{"taxonomy":"product_cat","embeddable":true,"href":"https:\/\/www.suzuki.ca\/fr\/wp-json\/wp\/v2\/product_cat?post=42172"},{"taxonomy":"product_tag","embeddable":true,"href":"https:\/\/www.suzuki.ca\/fr\/wp-json\/wp\/v2\/product_tag?post=42172"}],"curies":[{"name":"wp","href":"https:\/\/api.w.org\/{rel}","templated":true}]}}