{"id":43361,"date":"2022-04-08T13:39:36","date_gmt":"2022-04-08T17:39:36","guid":{"rendered":"https:\/\/www.suzuki.ca\/?post_type=product&#038;p=43361"},"modified":"2026-04-01T12:30:44","modified_gmt":"2026-04-01T16:30:44","slug":"hayabusa-tank-ring-pour-sacoche-de-reservoir-textile","status":"publish","type":"product","link":"https:\/\/www.suzuki.ca\/fr\/produit\/hayabusa-tank-ring-pour-sacoche-de-reservoir-textile\/","title":{"rendered":"Hayabusa Tank Ring pour sacoche de r\u00e9servoir textile"},"content":{"rendered":"<p>Utilisez ce support \u00e0 anneau Hayabusa pour utiliser les grandes ou petites sacoches de r\u00e9servoir Ring Lock. Le support annulaire est sp\u00e9cifique aux Hayabusa 2022 et 2023 et est requis pour l&#8217;installation de la grande sacoche de r\u00e9servoir Ring Lock (99143-00A01) ou de la petite sacoche de r\u00e9servoir Ring Lock (99143-00A11).<\/p>\n<p><strong>Compatibilit\u00e9 :<\/strong><br \/>\nHayabusa: 2022 &#8211; 2026<\/p>\n","protected":false},"excerpt":{"rendered":"<p>\u2026 <a class=\"blog-readmore\" href=\"https:\/\/www.suzuki.ca\/fr\/produit\/hayabusa-tank-ring-pour-sacoche-de-reservoir-textile\/\">Continuez \u00e0 lire ><\/a><\/p>\n","protected":false},"featured_media":43314,"template":"","meta":{"_acf_changed":false,"site-sidebar-layout":"default","site-content-layout":"default","ast-site-content-layout":"default","site-content-style":"default","site-sidebar-style":"default","ast-global-header-display":"","ast-banner-title-visibility":"","ast-main-header-display":"","ast-hfb-above-header-display":"","ast-hfb-below-header-display":"","ast-hfb-mobile-header-display":"","site-post-title":"","ast-breadcrumbs-content":"","ast-featured-img":"","footer-sml-layout":"","ast-disable-related-posts":"","theme-transparent-header-meta":"default","adv-header-id-meta":"","stick-header-meta":"default","header-above-stick-meta":"","header-main-stick-meta":"","header-below-stick-meta":"","astra-migrate-meta-layouts":"set","ast-page-background-enabled":"default","ast-page-background-meta":{"desktop":{"background-color":"","background-image":"","background-repeat":"repeat","background-position":"center center","background-size":"auto","background-attachment":"scroll","background-type":"","background-media":"","overlay-type":"","overlay-color":"","overlay-opacity":"","overlay-gradient":""},"tablet":{"background-color":"","background-image":"","background-repeat":"repeat","background-position":"center center","background-size":"auto","background-attachment":"scroll","background-type":"","background-media":"","overlay-type":"","overlay-color":"","overlay-opacity":"","overlay-gradient":""},"mobile":{"background-color":"","background-image":"","background-repeat":"repeat","background-position":"center center","background-size":"auto","background-attachment":"scroll","background-type":"","background-media":"","overlay-type":"","overlay-color":"","overlay-opacity":"","overlay-gradient":""}},"ast-content-background-meta":{"desktop":{"background-color":"var(--ast-global-color-5)","background-image":"","background-repeat":"repeat","background-position":"center center","background-size":"auto","background-attachment":"scroll","background-type":"","background-media":"","overlay-type":"","overlay-color":"","overlay-opacity":"","overlay-gradient":""},"tablet":{"background-color":"var(--ast-global-color-5)","background-image":"","background-repeat":"repeat","background-position":"center center","background-size":"auto","background-attachment":"scroll","background-type":"","background-media":"","overlay-type":"","overlay-color":"","overlay-opacity":"","overlay-gradient":""},"mobile":{"background-color":"var(--ast-global-color-5)","background-image":"","background-repeat":"repeat","background-position":"center center","background-size":"auto","background-attachment":"scroll","background-type":"","background-media":"","overlay-type":"","overlay-color":"","overlay-opacity":"","overlay-gradient":""}}},"product_brand":[],"product_cat":[2208,2216],"product_tag":[],"class_list":{"0":"post-43361","1":"product","2":"type-product","3":"status-publish","4":"has-post-thumbnail","6":"product_cat-accessoires-pour-motos","7":"product_cat-magasin-de-motos","8":"pa_item-type-ensemble-de-supports-et-quincaillerie","9":"pa_motorcycle-model-hayabusa-fr","10":"desktop-align-left","11":"tablet-align-left","12":"mobile-align-left","13":"ast-product-gallery-layout-horizontal","14":"ast-product-gallery-with-no-image","15":"ast-magnify-disabled","16":"ast-product-tabs-layout-horizontal","18":"first","19":"instock","20":"taxable","21":"shipping-taxable","22":"purchasable","23":"product-type-simple"},"acf":[],"yoast_head":"<!-- This site is optimized with the Yoast SEO plugin v26.9 - https:\/\/yoast.com\/product\/yoast-seo-wordpress\/ -->\n<title>Hayabusa Tank Ring pour sacoche de r\u00e9servoir textile - Suzuki Canada Inc.<\/title>\n<meta name=\"description\" content=\"Required item to install fuel tank bag large (P\/N 990D0-04600-000) or fuel tank bag small (P\/N 990D0-04300-000).Article requis pour l\u2019installation d\u2019un sac-r\u00e9servoir de carburant grand (P\/N 990D0-04600-000) ou d\u2019un sac de r\u00e9servoir de carburant petit (P\/N 990D0-04300-000).\u00a0\" \/>\n<meta name=\"robots\" content=\"index, follow, max-snippet:-1, max-image-preview:large, max-video-preview:-1\" \/>\n<link rel=\"canonical\" href=\"https:\/\/www.suzuki.ca\/product\/hayabusa-tank-ring-for-textile-tank-bag\/\" \/>\n<meta property=\"og:locale\" content=\"fr_FR\" \/>\n<meta property=\"og:type\" content=\"article\" \/>\n<meta property=\"og:title\" content=\"Hayabusa Tank Ring pour sacoche de r\u00e9servoir textile - Suzuki Canada Inc.\" \/>\n<meta property=\"og:description\" content=\"Required item to install fuel tank bag large (P\/N 990D0-04600-000) or fuel tank bag small (P\/N 990D0-04300-000).Article requis pour l\u2019installation d\u2019un sac-r\u00e9servoir de carburant grand (P\/N 990D0-04600-000) ou d\u2019un sac de r\u00e9servoir de carburant petit (P\/N 990D0-04300-000).\u00a0\" \/>\n<meta property=\"og:url\" content=\"https:\/\/www.suzuki.ca\/product\/hayabusa-tank-ring-for-textile-tank-bag\/\" \/>\n<meta property=\"og:site_name\" content=\"Suzuki Canada Inc.\" \/>\n<meta property=\"article:modified_time\" content=\"2026-04-01T16:30:44+00:00\" \/>\n<meta property=\"og:image\" content=\"https:\/\/www.suzuki.ca\/wp-content\/uploads\/Tank_ring-scaled.jpg\" \/>\n\t<meta property=\"og:image:width\" content=\"2560\" \/>\n\t<meta property=\"og:image:height\" content=\"1707\" \/>\n\t<meta property=\"og:image:type\" content=\"image\/jpeg\" \/>\n<meta name=\"twitter:card\" content=\"summary_large_image\" \/>\n<meta name=\"twitter:label1\" content=\"Est. reading time\" \/>\n\t<meta name=\"twitter:data1\" content=\"1 minute\" \/>\n<script type=\"application\/ld+json\" class=\"yoast-schema-graph\">{\"@context\":\"https:\/\/schema.org\",\"@graph\":[{\"@type\":\"WebPage\",\"@id\":\"https:\/\/www.suzuki.ca\/product\/hayabusa-tank-ring-for-textile-tank-bag\/\",\"url\":\"https:\/\/www.suzuki.ca\/product\/hayabusa-tank-ring-for-textile-tank-bag\/\",\"name\":\"Hayabusa Tank Ring pour sacoche de r\u00e9servoir textile - Suzuki Canada Inc.\",\"isPartOf\":{\"@id\":\"https:\/\/www.suzuki.ca\/#website\"},\"primaryImageOfPage\":{\"@id\":\"https:\/\/www.suzuki.ca\/product\/hayabusa-tank-ring-for-textile-tank-bag\/#primaryimage\"},\"image\":{\"@id\":\"https:\/\/www.suzuki.ca\/product\/hayabusa-tank-ring-for-textile-tank-bag\/#primaryimage\"},\"thumbnailUrl\":\"https:\/\/www.suzuki.ca\/wp-content\/uploads\/Tank_ring-scaled.jpg\",\"datePublished\":\"2022-04-08T17:39:36+00:00\",\"dateModified\":\"2026-04-01T16:30:44+00:00\",\"description\":\"Required item to install fuel tank bag large (P\/N 990D0-04600-000) or fuel tank bag small (P\/N 990D0-04300-000).Article requis pour l\u2019installation d\u2019un sac-r\u00e9servoir de carburant grand (P\/N 990D0-04600-000) ou d\u2019un sac de r\u00e9servoir de carburant petit (P\/N 990D0-04300-000).\u00a0\",\"breadcrumb\":{\"@id\":\"https:\/\/www.suzuki.ca\/product\/hayabusa-tank-ring-for-textile-tank-bag\/#breadcrumb\"},\"inLanguage\":\"fr-FR\",\"potentialAction\":[{\"@type\":\"ReadAction\",\"target\":[\"https:\/\/www.suzuki.ca\/product\/hayabusa-tank-ring-for-textile-tank-bag\/\"]}]},{\"@type\":\"ImageObject\",\"inLanguage\":\"fr-FR\",\"@id\":\"https:\/\/www.suzuki.ca\/product\/hayabusa-tank-ring-for-textile-tank-bag\/#primaryimage\",\"url\":\"https:\/\/www.suzuki.ca\/wp-content\/uploads\/Tank_ring-scaled.jpg\",\"contentUrl\":\"https:\/\/www.suzuki.ca\/wp-content\/uploads\/Tank_ring-scaled.jpg\",\"width\":2560,\"height\":1707,\"caption\":\"Tank_ring\"},{\"@type\":\"BreadcrumbList\",\"@id\":\"https:\/\/www.suzuki.ca\/product\/hayabusa-tank-ring-for-textile-tank-bag\/#breadcrumb\",\"itemListElement\":[{\"@type\":\"ListItem\",\"position\":1,\"name\":\"Accueil\",\"item\":\"https:\/\/www.suzuki.ca\/fr\/\"},{\"@type\":\"ListItem\",\"position\":2,\"name\":\"Products\",\"item\":\"https:\/\/www.suzuki.ca\/shop\/\"},{\"@type\":\"ListItem\",\"position\":3,\"name\":\"Hayabusa Tank Ring pour sacoche de r\u00e9servoir textile\"}]},{\"@type\":\"WebSite\",\"@id\":\"https:\/\/www.suzuki.ca\/#website\",\"url\":\"https:\/\/www.suzuki.ca\/\",\"name\":\"Suzuki Canada Inc.\",\"description\":\"The Official Home of Suzuki Canada Motorcycle, ATV, and Marine models and accessories.\",\"publisher\":{\"@id\":\"https:\/\/www.suzuki.ca\/#organization\"},\"potentialAction\":[{\"@type\":\"SearchAction\",\"target\":{\"@type\":\"EntryPoint\",\"urlTemplate\":\"https:\/\/www.suzuki.ca\/?s={search_term_string}\"},\"query-input\":{\"@type\":\"PropertyValueSpecification\",\"valueRequired\":true,\"valueName\":\"search_term_string\"}}],\"inLanguage\":\"fr-FR\"},{\"@type\":\"Organization\",\"@id\":\"https:\/\/www.suzuki.ca\/#organization\",\"name\":\"Suzuki Canada Inc.\",\"url\":\"https:\/\/www.suzuki.ca\/\",\"logo\":{\"@type\":\"ImageObject\",\"inLanguage\":\"fr-FR\",\"@id\":\"https:\/\/www.suzuki.ca\/#\/schema\/logo\/image\/\",\"url\":\"https:\/\/www.suzuki.ca\/wp-content\/uploads\/Suzuki_Logo_Parallelogram.svg\",\"contentUrl\":\"https:\/\/www.suzuki.ca\/wp-content\/uploads\/Suzuki_Logo_Parallelogram.svg\",\"caption\":\"Suzuki Canada Inc.\"},\"image\":{\"@id\":\"https:\/\/www.suzuki.ca\/#\/schema\/logo\/image\/\"}}]}<\/script>\n<!-- \/ Yoast SEO plugin. -->","yoast_head_json":{"title":"Hayabusa Tank Ring pour sacoche de r\u00e9servoir textile - Suzuki Canada Inc.","description":"Required item to install fuel tank bag large (P\/N 990D0-04600-000) or fuel tank bag small (P\/N 990D0-04300-000).Article requis pour l\u2019installation d\u2019un sac-r\u00e9servoir de carburant grand (P\/N 990D0-04600-000) ou d\u2019un sac de r\u00e9servoir de carburant petit (P\/N 990D0-04300-000).\u00a0","robots":{"index":"index","follow":"follow","max-snippet":"max-snippet:-1","max-image-preview":"max-image-preview:large","max-video-preview":"max-video-preview:-1"},"canonical":"https:\/\/www.suzuki.ca\/product\/hayabusa-tank-ring-for-textile-tank-bag\/","og_locale":"fr_FR","og_type":"article","og_title":"Hayabusa Tank Ring pour sacoche de r\u00e9servoir textile - Suzuki Canada Inc.","og_description":"Required item to install fuel tank bag large (P\/N 990D0-04600-000) or fuel tank bag small (P\/N 990D0-04300-000).Article requis pour l\u2019installation d\u2019un sac-r\u00e9servoir de carburant grand (P\/N 990D0-04600-000) ou d\u2019un sac de r\u00e9servoir de carburant petit (P\/N 990D0-04300-000).\u00a0","og_url":"https:\/\/www.suzuki.ca\/product\/hayabusa-tank-ring-for-textile-tank-bag\/","og_site_name":"Suzuki Canada Inc.","article_modified_time":"2026-04-01T16:30:44+00:00","og_image":[{"width":2560,"height":1707,"url":"https:\/\/www.suzuki.ca\/wp-content\/uploads\/Tank_ring-scaled.jpg","type":"image\/jpeg"}],"twitter_card":"summary_large_image","twitter_misc":{"Est. reading time":"1 minute"},"schema":{"@context":"https:\/\/schema.org","@graph":[{"@type":"WebPage","@id":"https:\/\/www.suzuki.ca\/product\/hayabusa-tank-ring-for-textile-tank-bag\/","url":"https:\/\/www.suzuki.ca\/product\/hayabusa-tank-ring-for-textile-tank-bag\/","name":"Hayabusa Tank Ring pour sacoche de r\u00e9servoir textile - Suzuki Canada Inc.","isPartOf":{"@id":"https:\/\/www.suzuki.ca\/#website"},"primaryImageOfPage":{"@id":"https:\/\/www.suzuki.ca\/product\/hayabusa-tank-ring-for-textile-tank-bag\/#primaryimage"},"image":{"@id":"https:\/\/www.suzuki.ca\/product\/hayabusa-tank-ring-for-textile-tank-bag\/#primaryimage"},"thumbnailUrl":"https:\/\/www.suzuki.ca\/wp-content\/uploads\/Tank_ring-scaled.jpg","datePublished":"2022-04-08T17:39:36+00:00","dateModified":"2026-04-01T16:30:44+00:00","description":"Required item to install fuel tank bag large (P\/N 990D0-04600-000) or fuel tank bag small (P\/N 990D0-04300-000).Article requis pour l\u2019installation d\u2019un sac-r\u00e9servoir de carburant grand (P\/N 990D0-04600-000) ou d\u2019un sac de r\u00e9servoir de carburant petit (P\/N 990D0-04300-000).\u00a0","breadcrumb":{"@id":"https:\/\/www.suzuki.ca\/product\/hayabusa-tank-ring-for-textile-tank-bag\/#breadcrumb"},"inLanguage":"fr-FR","potentialAction":[{"@type":"ReadAction","target":["https:\/\/www.suzuki.ca\/product\/hayabusa-tank-ring-for-textile-tank-bag\/"]}]},{"@type":"ImageObject","inLanguage":"fr-FR","@id":"https:\/\/www.suzuki.ca\/product\/hayabusa-tank-ring-for-textile-tank-bag\/#primaryimage","url":"https:\/\/www.suzuki.ca\/wp-content\/uploads\/Tank_ring-scaled.jpg","contentUrl":"https:\/\/www.suzuki.ca\/wp-content\/uploads\/Tank_ring-scaled.jpg","width":2560,"height":1707,"caption":"Tank_ring"},{"@type":"BreadcrumbList","@id":"https:\/\/www.suzuki.ca\/product\/hayabusa-tank-ring-for-textile-tank-bag\/#breadcrumb","itemListElement":[{"@type":"ListItem","position":1,"name":"Accueil","item":"https:\/\/www.suzuki.ca\/fr\/"},{"@type":"ListItem","position":2,"name":"Products","item":"https:\/\/www.suzuki.ca\/shop\/"},{"@type":"ListItem","position":3,"name":"Hayabusa Tank Ring pour sacoche de r\u00e9servoir textile"}]},{"@type":"WebSite","@id":"https:\/\/www.suzuki.ca\/#website","url":"https:\/\/www.suzuki.ca\/","name":"Suzuki Canada Inc.","description":"The Official Home of Suzuki Canada Motorcycle, ATV, and Marine models and accessories.","publisher":{"@id":"https:\/\/www.suzuki.ca\/#organization"},"potentialAction":[{"@type":"SearchAction","target":{"@type":"EntryPoint","urlTemplate":"https:\/\/www.suzuki.ca\/?s={search_term_string}"},"query-input":{"@type":"PropertyValueSpecification","valueRequired":true,"valueName":"search_term_string"}}],"inLanguage":"fr-FR"},{"@type":"Organization","@id":"https:\/\/www.suzuki.ca\/#organization","name":"Suzuki Canada Inc.","url":"https:\/\/www.suzuki.ca\/","logo":{"@type":"ImageObject","inLanguage":"fr-FR","@id":"https:\/\/www.suzuki.ca\/#\/schema\/logo\/image\/","url":"https:\/\/www.suzuki.ca\/wp-content\/uploads\/Suzuki_Logo_Parallelogram.svg","contentUrl":"https:\/\/www.suzuki.ca\/wp-content\/uploads\/Suzuki_Logo_Parallelogram.svg","caption":"Suzuki Canada Inc."},"image":{"@id":"https:\/\/www.suzuki.ca\/#\/schema\/logo\/image\/"}}]}},"_links":{"self":[{"href":"https:\/\/www.suzuki.ca\/fr\/wp-json\/wp\/v2\/product\/43361","targetHints":{"allow":["GET"]}}],"collection":[{"href":"https:\/\/www.suzuki.ca\/fr\/wp-json\/wp\/v2\/product"}],"about":[{"href":"https:\/\/www.suzuki.ca\/fr\/wp-json\/wp\/v2\/types\/product"}],"wp:featuredmedia":[{"embeddable":true,"href":"https:\/\/www.suzuki.ca\/fr\/wp-json\/wp\/v2\/media\/43314"}],"wp:attachment":[{"href":"https:\/\/www.suzuki.ca\/fr\/wp-json\/wp\/v2\/media?parent=43361"}],"wp:term":[{"taxonomy":"product_brand","embeddable":true,"href":"https:\/\/www.suzuki.ca\/fr\/wp-json\/wp\/v2\/product_brand?post=43361"},{"taxonomy":"product_cat","embeddable":true,"href":"https:\/\/www.suzuki.ca\/fr\/wp-json\/wp\/v2\/product_cat?post=43361"},{"taxonomy":"product_tag","embeddable":true,"href":"https:\/\/www.suzuki.ca\/fr\/wp-json\/wp\/v2\/product_tag?post=43361"}],"curies":[{"name":"wp","href":"https:\/\/api.w.org\/{rel}","templated":true}]}}