{"id":43740,"date":"2022-05-11T15:56:15","date_gmt":"2022-05-11T19:56:15","guid":{"rendered":"https:\/\/www.suzuki.ca\/?post_type=product&#038;p=43740"},"modified":"2026-04-01T12:29:08","modified_gmt":"2026-04-01T16:29:08","slug":"ensemble-de-valises-laterales-gt-gx","status":"publish","type":"product","link":"https:\/\/www.suzuki.ca\/fr\/produit\/ensemble-de-valises-laterales-gt-gx\/","title":{"rendered":"ENSEMBLE DE VALISES LAT\u00c9RALES GT &#038; GX"},"content":{"rendered":"<p>Malgr\u00e9 leur grande capacit\u00e9 de stockage, ces valises lat\u00e9rales de grande capacit\u00e9 pr\u00e9sentent un design compact qui s&#8217;int\u00e8gre parfaitement au look futuriste et pointu des GT et GX. Chacun est capable d&#8217;accueillir un casque int\u00e9gral et dispose d&#8217;un m\u00e9canisme \u00e0 cl\u00e9 \u00e0 d\u00e9gagement rapide pour un montage et un retrait faciles.<\/p>\n<p>Chargement maximum 5 kg et capacit\u00e9 de la caisse 36 L chacun<\/p>\n<p><strong>Compatibilit\u00e9 :<\/strong><br \/>\nGSX-S1000GT\/A : 2022 &#8211; 2026<br \/>\nGSX-S1000GX : 2024 &#8211; 2026<\/p>\n<p><strong>Autres \u00e9l\u00e9ments requis pour l&#8217;installation compl\u00e8te de l&#8217;ensemble de valises lat\u00e9rales :<\/strong><br \/>\nJeu de supports de valise lat\u00e9rale : 93700-48811<br \/>\nEnsemble de verrouillage de valise lat\u00e9rale : 95700-48810<br \/>\nAdaptateur de valise lat\u00e9rale (uniquement pour GX) : 93900-48810<\/p>\n<p><strong>&amp;<\/strong> Ensemble de garnitures de votre choix<br \/>\nBleu r\u00e9fl\u00e9chissant m\u00e9tallis\u00e9 : 95400-48840<br \/>\nBleu Triton m\u00e9tallis\u00e9 : 95400-48820<br \/>\nVerre noir scintillant : 95042-48K00-YVB<\/p>\n","protected":false},"excerpt":{"rendered":"<p>\u2026 <a class=\"blog-readmore\" href=\"https:\/\/www.suzuki.ca\/fr\/produit\/ensemble-de-valises-laterales-gt-gx\/\">Continuez \u00e0 lire ><\/a><\/p>\n","protected":false},"featured_media":57457,"template":"","meta":{"_acf_changed":false,"site-sidebar-layout":"default","site-content-layout":"default","ast-site-content-layout":"default","site-content-style":"default","site-sidebar-style":"default","ast-global-header-display":"","ast-banner-title-visibility":"","ast-main-header-display":"","ast-hfb-above-header-display":"","ast-hfb-below-header-display":"","ast-hfb-mobile-header-display":"","site-post-title":"","ast-breadcrumbs-content":"","ast-featured-img":"","footer-sml-layout":"","ast-disable-related-posts":"","theme-transparent-header-meta":"default","adv-header-id-meta":"","stick-header-meta":"default","header-above-stick-meta":"","header-main-stick-meta":"","header-below-stick-meta":"","astra-migrate-meta-layouts":"set","ast-page-background-enabled":"default","ast-page-background-meta":{"desktop":{"background-color":"","background-image":"","background-repeat":"repeat","background-position":"center center","background-size":"auto","background-attachment":"scroll","background-type":"","background-media":"","overlay-type":"","overlay-color":"","overlay-opacity":"","overlay-gradient":""},"tablet":{"background-color":"","background-image":"","background-repeat":"repeat","background-position":"center center","background-size":"auto","background-attachment":"scroll","background-type":"","background-media":"","overlay-type":"","overlay-color":"","overlay-opacity":"","overlay-gradient":""},"mobile":{"background-color":"","background-image":"","background-repeat":"repeat","background-position":"center center","background-size":"auto","background-attachment":"scroll","background-type":"","background-media":"","overlay-type":"","overlay-color":"","overlay-opacity":"","overlay-gradient":""}},"ast-content-background-meta":{"desktop":{"background-color":"var(--ast-global-color-5)","background-image":"","background-repeat":"repeat","background-position":"center center","background-size":"auto","background-attachment":"scroll","background-type":"","background-media":"","overlay-type":"","overlay-color":"","overlay-opacity":"","overlay-gradient":""},"tablet":{"background-color":"var(--ast-global-color-5)","background-image":"","background-repeat":"repeat","background-position":"center center","background-size":"auto","background-attachment":"scroll","background-type":"","background-media":"","overlay-type":"","overlay-color":"","overlay-opacity":"","overlay-gradient":""},"mobile":{"background-color":"var(--ast-global-color-5)","background-image":"","background-repeat":"repeat","background-position":"center center","background-size":"auto","background-attachment":"scroll","background-type":"","background-media":"","overlay-type":"","overlay-color":"","overlay-opacity":"","overlay-gradient":""}}},"product_brand":[],"product_cat":[2208,2216],"product_tag":[],"class_list":{"0":"post-43740","1":"product","2":"type-product","3":"status-publish","4":"has-post-thumbnail","6":"product_cat-accessoires-pour-motos","7":"product_cat-magasin-de-motos","8":"pa_item-type-protection-et-apparence-du-vehicule","9":"pa_motorcycle-model-gsx-s1000gt-fr","10":"pa_motorcycle-model-gsx-s1000gta-fr","11":"pa_motorcycle-model-gsx-s1000gx-fr","12":"desktop-align-left","13":"tablet-align-left","14":"mobile-align-left","15":"ast-product-gallery-layout-horizontal","16":"ast-magnify-disabled","17":"ast-product-tabs-layout-horizontal","19":"first","20":"instock","21":"taxable","22":"shipping-taxable","23":"purchasable","24":"product-type-simple"},"acf":[],"yoast_head":"<!-- This site is optimized with the Yoast SEO plugin v26.9 - https:\/\/yoast.com\/product\/yoast-seo-wordpress\/ -->\n<title>ENSEMBLE DE VALISES LAT\u00c9RALES GT &amp; GX - Suzuki Canada Inc.<\/title>\n<meta name=\"description\" content=\"Malgr\u00e9 leur grande capacit\u00e9 de stockage, ces valises lat\u00e9rales de grande capacit\u00e9 pr\u00e9sentent un design compact qui s\u2019int\u00e8gre parfaitement au look futuriste et \u00e9lanc\u00e9 de la GT. Chacune d\u2019elles peut accepter un casque int\u00e9gral et est dot\u00e9e d\u2019un m\u00e9canisme \u00e0 cl\u00e9 \u00e0 d\u00e9connexion rapide pour un montage et un d\u00e9montage faciles.\" \/>\n<meta name=\"robots\" content=\"index, follow, max-snippet:-1, max-image-preview:large, max-video-preview:-1\" \/>\n<link rel=\"canonical\" href=\"https:\/\/www.suzuki.ca\/fr\/produit\/ensemble-de-valises-laterales-gt-gx\/\" \/>\n<meta property=\"og:locale\" content=\"fr_FR\" \/>\n<meta property=\"og:type\" content=\"article\" \/>\n<meta property=\"og:title\" content=\"ENSEMBLE DE VALISES LAT\u00c9RALES GT &amp; GX - Suzuki Canada Inc.\" \/>\n<meta property=\"og:description\" content=\"Malgr\u00e9 leur grande capacit\u00e9 de stockage, ces valises lat\u00e9rales de grande capacit\u00e9 pr\u00e9sentent un design compact qui s\u2019int\u00e8gre parfaitement au look futuriste et \u00e9lanc\u00e9 de la GT. Chacune d\u2019elles peut accepter un casque int\u00e9gral et est dot\u00e9e d\u2019un m\u00e9canisme \u00e0 cl\u00e9 \u00e0 d\u00e9connexion rapide pour un montage et un d\u00e9montage faciles.\" \/>\n<meta property=\"og:url\" content=\"https:\/\/www.suzuki.ca\/fr\/produit\/ensemble-de-valises-laterales-gt-gx\/\" \/>\n<meta property=\"og:site_name\" content=\"Suzuki Canada Inc.\" \/>\n<meta property=\"article:modified_time\" content=\"2026-04-01T16:29:08+00:00\" \/>\n<meta property=\"og:image\" content=\"https:\/\/www.suzuki.ca\/wp-content\/uploads\/Suzuki_GSX-S1000GX_M4_accessories.png\" \/>\n\t<meta property=\"og:image:width\" content=\"1080\" \/>\n\t<meta property=\"og:image:height\" content=\"1080\" \/>\n\t<meta property=\"og:image:type\" content=\"image\/png\" \/>\n<meta name=\"twitter:card\" content=\"summary_large_image\" \/>\n<meta name=\"twitter:label1\" content=\"Est. reading time\" \/>\n\t<meta name=\"twitter:data1\" content=\"1 minute\" \/>\n<script type=\"application\/ld+json\" class=\"yoast-schema-graph\">{\"@context\":\"https:\/\/schema.org\",\"@graph\":[{\"@type\":\"WebPage\",\"@id\":\"https:\/\/www.suzuki.ca\/fr\/produit\/ensemble-de-valises-laterales-gt-gx\/\",\"url\":\"https:\/\/www.suzuki.ca\/fr\/produit\/ensemble-de-valises-laterales-gt-gx\/\",\"name\":\"ENSEMBLE DE VALISES LAT\u00c9RALES GT & GX - Suzuki Canada Inc.\",\"isPartOf\":{\"@id\":\"https:\/\/www.suzuki.ca\/#website\"},\"primaryImageOfPage\":{\"@id\":\"https:\/\/www.suzuki.ca\/fr\/produit\/ensemble-de-valises-laterales-gt-gx\/#primaryimage\"},\"image\":{\"@id\":\"https:\/\/www.suzuki.ca\/fr\/produit\/ensemble-de-valises-laterales-gt-gx\/#primaryimage\"},\"thumbnailUrl\":\"https:\/\/www.suzuki.ca\/wp-content\/uploads\/Suzuki_GSX-S1000GX_M4_accessories.png\",\"datePublished\":\"2022-05-11T19:56:15+00:00\",\"dateModified\":\"2026-04-01T16:29:08+00:00\",\"description\":\"Malgr\u00e9 leur grande capacit\u00e9 de stockage, ces valises lat\u00e9rales de grande capacit\u00e9 pr\u00e9sentent un design compact qui s\u2019int\u00e8gre parfaitement au look futuriste et \u00e9lanc\u00e9 de la GT. Chacune d\u2019elles peut accepter un casque int\u00e9gral et est dot\u00e9e d\u2019un m\u00e9canisme \u00e0 cl\u00e9 \u00e0 d\u00e9connexion rapide pour un montage et un d\u00e9montage faciles.\",\"breadcrumb\":{\"@id\":\"https:\/\/www.suzuki.ca\/fr\/produit\/ensemble-de-valises-laterales-gt-gx\/#breadcrumb\"},\"inLanguage\":\"fr-FR\",\"potentialAction\":[{\"@type\":\"ReadAction\",\"target\":[\"https:\/\/www.suzuki.ca\/fr\/produit\/ensemble-de-valises-laterales-gt-gx\/\"]}]},{\"@type\":\"ImageObject\",\"inLanguage\":\"fr-FR\",\"@id\":\"https:\/\/www.suzuki.ca\/fr\/produit\/ensemble-de-valises-laterales-gt-gx\/#primaryimage\",\"url\":\"https:\/\/www.suzuki.ca\/wp-content\/uploads\/Suzuki_GSX-S1000GX_M4_accessories.png\",\"contentUrl\":\"https:\/\/www.suzuki.ca\/wp-content\/uploads\/Suzuki_GSX-S1000GX_M4_accessories.png\",\"width\":1080,\"height\":1080,\"caption\":\"Suzuki_GSX-S1000GX_M4_accessories\"},{\"@type\":\"BreadcrumbList\",\"@id\":\"https:\/\/www.suzuki.ca\/fr\/produit\/ensemble-de-valises-laterales-gt-gx\/#breadcrumb\",\"itemListElement\":[{\"@type\":\"ListItem\",\"position\":1,\"name\":\"Accueil\",\"item\":\"https:\/\/www.suzuki.ca\/fr\/\"},{\"@type\":\"ListItem\",\"position\":2,\"name\":\"Products\",\"item\":\"https:\/\/www.suzuki.ca\/shop\/\"},{\"@type\":\"ListItem\",\"position\":3,\"name\":\"ENSEMBLE DE VALISES LAT\u00c9RALES GT &#038; GX\"}]},{\"@type\":\"WebSite\",\"@id\":\"https:\/\/www.suzuki.ca\/#website\",\"url\":\"https:\/\/www.suzuki.ca\/\",\"name\":\"Suzuki Canada Inc.\",\"description\":\"The Official Home of Suzuki Canada Motorcycle, ATV, and Marine models and accessories.\",\"publisher\":{\"@id\":\"https:\/\/www.suzuki.ca\/#organization\"},\"potentialAction\":[{\"@type\":\"SearchAction\",\"target\":{\"@type\":\"EntryPoint\",\"urlTemplate\":\"https:\/\/www.suzuki.ca\/?s={search_term_string}\"},\"query-input\":{\"@type\":\"PropertyValueSpecification\",\"valueRequired\":true,\"valueName\":\"search_term_string\"}}],\"inLanguage\":\"fr-FR\"},{\"@type\":\"Organization\",\"@id\":\"https:\/\/www.suzuki.ca\/#organization\",\"name\":\"Suzuki Canada Inc.\",\"url\":\"https:\/\/www.suzuki.ca\/\",\"logo\":{\"@type\":\"ImageObject\",\"inLanguage\":\"fr-FR\",\"@id\":\"https:\/\/www.suzuki.ca\/#\/schema\/logo\/image\/\",\"url\":\"https:\/\/www.suzuki.ca\/wp-content\/uploads\/Suzuki_Logo_Parallelogram.svg\",\"contentUrl\":\"https:\/\/www.suzuki.ca\/wp-content\/uploads\/Suzuki_Logo_Parallelogram.svg\",\"caption\":\"Suzuki Canada Inc.\"},\"image\":{\"@id\":\"https:\/\/www.suzuki.ca\/#\/schema\/logo\/image\/\"}}]}<\/script>\n<!-- \/ Yoast SEO plugin. -->","yoast_head_json":{"title":"ENSEMBLE DE VALISES LAT\u00c9RALES GT & GX - Suzuki Canada Inc.","description":"Malgr\u00e9 leur grande capacit\u00e9 de stockage, ces valises lat\u00e9rales de grande capacit\u00e9 pr\u00e9sentent un design compact qui s\u2019int\u00e8gre parfaitement au look futuriste et \u00e9lanc\u00e9 de la GT. Chacune d\u2019elles peut accepter un casque int\u00e9gral et est dot\u00e9e d\u2019un m\u00e9canisme \u00e0 cl\u00e9 \u00e0 d\u00e9connexion rapide pour un montage et un d\u00e9montage faciles.","robots":{"index":"index","follow":"follow","max-snippet":"max-snippet:-1","max-image-preview":"max-image-preview:large","max-video-preview":"max-video-preview:-1"},"canonical":"https:\/\/www.suzuki.ca\/fr\/produit\/ensemble-de-valises-laterales-gt-gx\/","og_locale":"fr_FR","og_type":"article","og_title":"ENSEMBLE DE VALISES LAT\u00c9RALES GT & GX - Suzuki Canada Inc.","og_description":"Malgr\u00e9 leur grande capacit\u00e9 de stockage, ces valises lat\u00e9rales de grande capacit\u00e9 pr\u00e9sentent un design compact qui s\u2019int\u00e8gre parfaitement au look futuriste et \u00e9lanc\u00e9 de la GT. Chacune d\u2019elles peut accepter un casque int\u00e9gral et est dot\u00e9e d\u2019un m\u00e9canisme \u00e0 cl\u00e9 \u00e0 d\u00e9connexion rapide pour un montage et un d\u00e9montage faciles.","og_url":"https:\/\/www.suzuki.ca\/fr\/produit\/ensemble-de-valises-laterales-gt-gx\/","og_site_name":"Suzuki Canada Inc.","article_modified_time":"2026-04-01T16:29:08+00:00","og_image":[{"width":1080,"height":1080,"url":"https:\/\/www.suzuki.ca\/wp-content\/uploads\/Suzuki_GSX-S1000GX_M4_accessories.png","type":"image\/png"}],"twitter_card":"summary_large_image","twitter_misc":{"Est. reading time":"1 minute"},"schema":{"@context":"https:\/\/schema.org","@graph":[{"@type":"WebPage","@id":"https:\/\/www.suzuki.ca\/fr\/produit\/ensemble-de-valises-laterales-gt-gx\/","url":"https:\/\/www.suzuki.ca\/fr\/produit\/ensemble-de-valises-laterales-gt-gx\/","name":"ENSEMBLE DE VALISES LAT\u00c9RALES GT & GX - Suzuki Canada Inc.","isPartOf":{"@id":"https:\/\/www.suzuki.ca\/#website"},"primaryImageOfPage":{"@id":"https:\/\/www.suzuki.ca\/fr\/produit\/ensemble-de-valises-laterales-gt-gx\/#primaryimage"},"image":{"@id":"https:\/\/www.suzuki.ca\/fr\/produit\/ensemble-de-valises-laterales-gt-gx\/#primaryimage"},"thumbnailUrl":"https:\/\/www.suzuki.ca\/wp-content\/uploads\/Suzuki_GSX-S1000GX_M4_accessories.png","datePublished":"2022-05-11T19:56:15+00:00","dateModified":"2026-04-01T16:29:08+00:00","description":"Malgr\u00e9 leur grande capacit\u00e9 de stockage, ces valises lat\u00e9rales de grande capacit\u00e9 pr\u00e9sentent un design compact qui s\u2019int\u00e8gre parfaitement au look futuriste et \u00e9lanc\u00e9 de la GT. Chacune d\u2019elles peut accepter un casque int\u00e9gral et est dot\u00e9e d\u2019un m\u00e9canisme \u00e0 cl\u00e9 \u00e0 d\u00e9connexion rapide pour un montage et un d\u00e9montage faciles.","breadcrumb":{"@id":"https:\/\/www.suzuki.ca\/fr\/produit\/ensemble-de-valises-laterales-gt-gx\/#breadcrumb"},"inLanguage":"fr-FR","potentialAction":[{"@type":"ReadAction","target":["https:\/\/www.suzuki.ca\/fr\/produit\/ensemble-de-valises-laterales-gt-gx\/"]}]},{"@type":"ImageObject","inLanguage":"fr-FR","@id":"https:\/\/www.suzuki.ca\/fr\/produit\/ensemble-de-valises-laterales-gt-gx\/#primaryimage","url":"https:\/\/www.suzuki.ca\/wp-content\/uploads\/Suzuki_GSX-S1000GX_M4_accessories.png","contentUrl":"https:\/\/www.suzuki.ca\/wp-content\/uploads\/Suzuki_GSX-S1000GX_M4_accessories.png","width":1080,"height":1080,"caption":"Suzuki_GSX-S1000GX_M4_accessories"},{"@type":"BreadcrumbList","@id":"https:\/\/www.suzuki.ca\/fr\/produit\/ensemble-de-valises-laterales-gt-gx\/#breadcrumb","itemListElement":[{"@type":"ListItem","position":1,"name":"Accueil","item":"https:\/\/www.suzuki.ca\/fr\/"},{"@type":"ListItem","position":2,"name":"Products","item":"https:\/\/www.suzuki.ca\/shop\/"},{"@type":"ListItem","position":3,"name":"ENSEMBLE DE VALISES LAT\u00c9RALES GT &#038; GX"}]},{"@type":"WebSite","@id":"https:\/\/www.suzuki.ca\/#website","url":"https:\/\/www.suzuki.ca\/","name":"Suzuki Canada Inc.","description":"The Official Home of Suzuki Canada Motorcycle, ATV, and Marine models and accessories.","publisher":{"@id":"https:\/\/www.suzuki.ca\/#organization"},"potentialAction":[{"@type":"SearchAction","target":{"@type":"EntryPoint","urlTemplate":"https:\/\/www.suzuki.ca\/?s={search_term_string}"},"query-input":{"@type":"PropertyValueSpecification","valueRequired":true,"valueName":"search_term_string"}}],"inLanguage":"fr-FR"},{"@type":"Organization","@id":"https:\/\/www.suzuki.ca\/#organization","name":"Suzuki Canada Inc.","url":"https:\/\/www.suzuki.ca\/","logo":{"@type":"ImageObject","inLanguage":"fr-FR","@id":"https:\/\/www.suzuki.ca\/#\/schema\/logo\/image\/","url":"https:\/\/www.suzuki.ca\/wp-content\/uploads\/Suzuki_Logo_Parallelogram.svg","contentUrl":"https:\/\/www.suzuki.ca\/wp-content\/uploads\/Suzuki_Logo_Parallelogram.svg","caption":"Suzuki Canada Inc."},"image":{"@id":"https:\/\/www.suzuki.ca\/#\/schema\/logo\/image\/"}}]}},"_links":{"self":[{"href":"https:\/\/www.suzuki.ca\/fr\/wp-json\/wp\/v2\/product\/43740","targetHints":{"allow":["GET"]}}],"collection":[{"href":"https:\/\/www.suzuki.ca\/fr\/wp-json\/wp\/v2\/product"}],"about":[{"href":"https:\/\/www.suzuki.ca\/fr\/wp-json\/wp\/v2\/types\/product"}],"wp:featuredmedia":[{"embeddable":true,"href":"https:\/\/www.suzuki.ca\/fr\/wp-json\/wp\/v2\/media\/57457"}],"wp:attachment":[{"href":"https:\/\/www.suzuki.ca\/fr\/wp-json\/wp\/v2\/media?parent=43740"}],"wp:term":[{"taxonomy":"product_brand","embeddable":true,"href":"https:\/\/www.suzuki.ca\/fr\/wp-json\/wp\/v2\/product_brand?post=43740"},{"taxonomy":"product_cat","embeddable":true,"href":"https:\/\/www.suzuki.ca\/fr\/wp-json\/wp\/v2\/product_cat?post=43740"},{"taxonomy":"product_tag","embeddable":true,"href":"https:\/\/www.suzuki.ca\/fr\/wp-json\/wp\/v2\/product_tag?post=43740"}],"curies":[{"name":"wp","href":"https:\/\/api.w.org\/{rel}","templated":true}]}}