{"id":43766,"date":"2022-05-11T15:56:12","date_gmt":"2022-05-11T19:56:12","guid":{"rendered":"https:\/\/www.suzuki.ca\/?post_type=product&#038;p=43766"},"modified":"2026-04-21T17:12:05","modified_gmt":"2026-04-21T21:12:05","slug":"jeu-de-garnitures-pour-valises-laterales","status":"publish","type":"product","link":"https:\/\/www.suzuki.ca\/fr\/produit\/jeu-de-garnitures-pour-valises-laterales\/","title":{"rendered":"JEU DE GARNITURES POUR VALISES LAT\u00c9RALES"},"content":{"rendered":"<p>Insert de couleur requis pour l&#8217;ensemble de valises lat\u00e9rales.<\/p>\n<p><strong>Compatibilit\u00e9 :<\/strong><br \/>\nGSX-S1000GT\/A : 2022 &#8211; 2026<br \/>\nGSX-S1000GX : 2024 &#8211; 2026<\/p>\n<p><strong>Autres \u00e9l\u00e9ments requis pour l&#8217;installation :<\/strong><br \/>\nEnsemble de valises lat\u00e9rales : 95400-48870<br \/>\nEnsemble de supports de valises lat\u00e9rales : 93700-48811<br \/>\nEnsemble de verrouillage de valises lat\u00e9rales : 95700-48810<br \/>\n<strong>En plus de ce qui pr\u00e9c\u00e8de<\/strong>, la GSX-S1000GX n\u00e9cessite \u00e9galement un adaptateur de valise lat\u00e9rale (93900-48810)<\/p>\n<p><strong>Options d\u2019inserts de couleur :<\/strong><br data-start=\"30\" data-end=\"33\" \/>Bleu r\u00e9fl\u00e9chissant m\u00e9tallis\u00e9 (QT8) : 95400-48840<br data-start=\"81\" data-end=\"84\" \/>Bleu Triton m\u00e9tallis\u00e9 (YSF) : 95400-48820<br data-start=\"125\" data-end=\"128\" \/>Noir Glass Sparkle (YVB) : 95042-48K00-YVB<br data-start=\"170\" data-end=\"173\" \/>Vert Pearl Mat Shadow (QU5) : 95400-48880<br data-start=\"214\" data-end=\"217\" \/>Rouge Candy Daring (YYG) : 95400-48890<br data-start=\"255\" data-end=\"258\" \/>Gris Oort m\u00e9tallis\u00e9 n\u00b0 3 (QEB) : 95042-48K00-QEB<\/p>\n","protected":false},"excerpt":{"rendered":"<p>\u2026 <a class=\"blog-readmore\" href=\"https:\/\/www.suzuki.ca\/fr\/produit\/jeu-de-garnitures-pour-valises-laterales\/\">Continuez \u00e0 lire ><\/a><\/p>\n","protected":false},"featured_media":56888,"template":"","meta":{"_acf_changed":false,"site-sidebar-layout":"default","site-content-layout":"default","ast-site-content-layout":"default","site-content-style":"default","site-sidebar-style":"default","ast-global-header-display":"","ast-banner-title-visibility":"","ast-main-header-display":"","ast-hfb-above-header-display":"","ast-hfb-below-header-display":"","ast-hfb-mobile-header-display":"","site-post-title":"","ast-breadcrumbs-content":"","ast-featured-img":"","footer-sml-layout":"","ast-disable-related-posts":"","theme-transparent-header-meta":"default","adv-header-id-meta":"","stick-header-meta":"default","header-above-stick-meta":"","header-main-stick-meta":"","header-below-stick-meta":"","astra-migrate-meta-layouts":"set","ast-page-background-enabled":"default","ast-page-background-meta":{"desktop":{"background-color":"","background-image":"","background-repeat":"repeat","background-position":"center center","background-size":"auto","background-attachment":"scroll","background-type":"","background-media":"","overlay-type":"","overlay-color":"","overlay-opacity":"","overlay-gradient":""},"tablet":{"background-color":"","background-image":"","background-repeat":"repeat","background-position":"center center","background-size":"auto","background-attachment":"scroll","background-type":"","background-media":"","overlay-type":"","overlay-color":"","overlay-opacity":"","overlay-gradient":""},"mobile":{"background-color":"","background-image":"","background-repeat":"repeat","background-position":"center center","background-size":"auto","background-attachment":"scroll","background-type":"","background-media":"","overlay-type":"","overlay-color":"","overlay-opacity":"","overlay-gradient":""}},"ast-content-background-meta":{"desktop":{"background-color":"var(--ast-global-color-5)","background-image":"","background-repeat":"repeat","background-position":"center center","background-size":"auto","background-attachment":"scroll","background-type":"","background-media":"","overlay-type":"","overlay-color":"","overlay-opacity":"","overlay-gradient":""},"tablet":{"background-color":"var(--ast-global-color-5)","background-image":"","background-repeat":"repeat","background-position":"center center","background-size":"auto","background-attachment":"scroll","background-type":"","background-media":"","overlay-type":"","overlay-color":"","overlay-opacity":"","overlay-gradient":""},"mobile":{"background-color":"var(--ast-global-color-5)","background-image":"","background-repeat":"repeat","background-position":"center center","background-size":"auto","background-attachment":"scroll","background-type":"","background-media":"","overlay-type":"","overlay-color":"","overlay-opacity":"","overlay-gradient":""}}},"product_brand":[],"product_cat":[2208,2216],"product_tag":[],"class_list":{"0":"post-43766","1":"product","2":"type-product","3":"status-publish","4":"has-post-thumbnail","6":"product_cat-accessoires-pour-motos","7":"product_cat-magasin-de-motos","8":"pa_item-type-protection-et-apparence-du-vehicule","9":"pa_line-year-5974","10":"pa_line-year-5975","11":"pa_line-year-5976","12":"pa_line-year-5977","13":"pa_motorcycle-model-gsx-s1000gx-fr","14":"pa_motorcycle-model-gsx-s1000gt-fr","15":"pa_motorcycle-model-gsx-s1000gta-fr","16":"desktop-align-left","17":"tablet-align-left","18":"mobile-align-left","19":"ast-product-gallery-layout-horizontal","20":"ast-product-gallery-with-no-image","21":"ast-magnify-disabled","22":"ast-product-single-variable","23":"ast-product-tabs-layout-horizontal","25":"first","26":"instock","27":"featured","28":"taxable","29":"shipping-taxable","30":"purchasable","31":"product-type-variable"},"acf":[],"yoast_head":"<!-- This site is optimized with the Yoast SEO plugin v27.3 - https:\/\/yoast.com\/product\/yoast-seo-wordpress\/ -->\n<title>JEU DE GARNITURES POUR VALISES LAT\u00c9RALES - Suzuki Canada Inc.<\/title>\n<meta name=\"description\" content=\"Use in combination with side case set (p\/n 95400-48850-000).\" \/>\n<meta name=\"robots\" content=\"index, follow, max-snippet:-1, max-image-preview:large, max-video-preview:-1\" \/>\n<link rel=\"canonical\" href=\"https:\/\/www.suzuki.ca\/fr\/produit\/jeu-de-garnitures-pour-valises-laterales\/\" \/>\n<meta property=\"og:locale\" content=\"fr_FR\" \/>\n<meta property=\"og:type\" content=\"article\" \/>\n<meta property=\"og:title\" content=\"JEU DE GARNITURES POUR VALISES LAT\u00c9RALES - Suzuki Canada Inc.\" \/>\n<meta property=\"og:description\" content=\"Use in combination with side case set (p\/n 95400-48850-000).\" \/>\n<meta property=\"og:url\" content=\"https:\/\/www.suzuki.ca\/fr\/produit\/jeu-de-garnitures-pour-valises-laterales\/\" \/>\n<meta property=\"og:site_name\" content=\"Suzuki Canada Inc.\" \/>\n<meta property=\"article:modified_time\" content=\"2026-04-21T21:12:05+00:00\" \/>\n<meta property=\"og:image\" content=\"https:\/\/staging.suzuki.ca\/wp-content\/uploads\/95400-48830.jpg\" \/>\n\t<meta property=\"og:image:width\" content=\"1080\" \/>\n\t<meta property=\"og:image:height\" content=\"1080\" \/>\n\t<meta property=\"og:image:type\" content=\"image\/jpeg\" \/>\n<meta name=\"twitter:card\" content=\"summary_large_image\" \/>\n<meta name=\"twitter:label1\" content=\"Est. reading time\" \/>\n\t<meta name=\"twitter:data1\" content=\"1 minute\" \/>\n<script type=\"application\/ld+json\" class=\"yoast-schema-graph\">{\"@context\":\"https:\\\/\\\/schema.org\",\"@graph\":[{\"@type\":\"WebPage\",\"@id\":\"https:\\\/\\\/www.suzuki.ca\\\/fr\\\/produit\\\/jeu-de-garnitures-pour-valises-laterales\\\/\",\"url\":\"https:\\\/\\\/www.suzuki.ca\\\/fr\\\/produit\\\/jeu-de-garnitures-pour-valises-laterales\\\/\",\"name\":\"JEU DE GARNITURES POUR VALISES LAT\u00c9RALES - Suzuki Canada Inc.\",\"isPartOf\":{\"@id\":\"https:\\\/\\\/www.suzuki.ca\\\/#website\"},\"primaryImageOfPage\":{\"@id\":\"https:\\\/\\\/www.suzuki.ca\\\/fr\\\/produit\\\/jeu-de-garnitures-pour-valises-laterales\\\/#primaryimage\"},\"image\":{\"@id\":\"https:\\\/\\\/www.suzuki.ca\\\/fr\\\/produit\\\/jeu-de-garnitures-pour-valises-laterales\\\/#primaryimage\"},\"thumbnailUrl\":\"https:\\\/\\\/www.suzuki.ca\\\/wp-content\\\/uploads\\\/95400-48830.jpg\",\"datePublished\":\"2022-05-11T19:56:12+00:00\",\"dateModified\":\"2026-04-21T21:12:05+00:00\",\"description\":\"Use in combination with side case set (p\\\/n 95400-48850-000).\",\"breadcrumb\":{\"@id\":\"https:\\\/\\\/www.suzuki.ca\\\/fr\\\/produit\\\/jeu-de-garnitures-pour-valises-laterales\\\/#breadcrumb\"},\"inLanguage\":\"fr-FR\",\"potentialAction\":[{\"@type\":\"ReadAction\",\"target\":[\"https:\\\/\\\/www.suzuki.ca\\\/fr\\\/produit\\\/jeu-de-garnitures-pour-valises-laterales\\\/\"]}]},{\"@type\":\"ImageObject\",\"inLanguage\":\"fr-FR\",\"@id\":\"https:\\\/\\\/www.suzuki.ca\\\/fr\\\/produit\\\/jeu-de-garnitures-pour-valises-laterales\\\/#primaryimage\",\"url\":\"https:\\\/\\\/www.suzuki.ca\\\/wp-content\\\/uploads\\\/95400-48830.jpg\",\"contentUrl\":\"https:\\\/\\\/www.suzuki.ca\\\/wp-content\\\/uploads\\\/95400-48830.jpg\",\"width\":1080,\"height\":1080,\"caption\":\"Suzuki_GSX_S_Side_Case_Garnish\"},{\"@type\":\"BreadcrumbList\",\"@id\":\"https:\\\/\\\/www.suzuki.ca\\\/fr\\\/produit\\\/jeu-de-garnitures-pour-valises-laterales\\\/#breadcrumb\",\"itemListElement\":[{\"@type\":\"ListItem\",\"position\":1,\"name\":\"Accueil\",\"item\":\"https:\\\/\\\/www.suzuki.ca\\\/fr\\\/\"},{\"@type\":\"ListItem\",\"position\":2,\"name\":\"Products\",\"item\":\"https:\\\/\\\/www.suzuki.ca\\\/shop\\\/\"},{\"@type\":\"ListItem\",\"position\":3,\"name\":\"JEU DE GARNITURES POUR VALISES LAT\u00c9RALES\"}]},{\"@type\":\"WebSite\",\"@id\":\"https:\\\/\\\/www.suzuki.ca\\\/#website\",\"url\":\"https:\\\/\\\/www.suzuki.ca\\\/\",\"name\":\"Suzuki Canada Inc.\",\"description\":\"The Official Home of Suzuki Canada Motorcycle, ATV, and Marine models and accessories.\",\"publisher\":{\"@id\":\"https:\\\/\\\/www.suzuki.ca\\\/#organization\"},\"potentialAction\":[{\"@type\":\"SearchAction\",\"target\":{\"@type\":\"EntryPoint\",\"urlTemplate\":\"https:\\\/\\\/www.suzuki.ca\\\/?s={search_term_string}\"},\"query-input\":{\"@type\":\"PropertyValueSpecification\",\"valueRequired\":true,\"valueName\":\"search_term_string\"}}],\"inLanguage\":\"fr-FR\"},{\"@type\":\"Organization\",\"@id\":\"https:\\\/\\\/www.suzuki.ca\\\/#organization\",\"name\":\"Suzuki Canada Inc.\",\"url\":\"https:\\\/\\\/www.suzuki.ca\\\/\",\"logo\":{\"@type\":\"ImageObject\",\"inLanguage\":\"fr-FR\",\"@id\":\"https:\\\/\\\/www.suzuki.ca\\\/#\\\/schema\\\/logo\\\/image\\\/\",\"url\":\"https:\\\/\\\/www.suzuki.ca\\\/wp-content\\\/uploads\\\/Suzuki_Logo_Parallelogram.svg\",\"contentUrl\":\"https:\\\/\\\/www.suzuki.ca\\\/wp-content\\\/uploads\\\/Suzuki_Logo_Parallelogram.svg\",\"caption\":\"Suzuki Canada Inc.\"},\"image\":{\"@id\":\"https:\\\/\\\/www.suzuki.ca\\\/#\\\/schema\\\/logo\\\/image\\\/\"}}]}<\/script>\n<!-- \/ Yoast SEO plugin. -->","yoast_head_json":{"title":"JEU DE GARNITURES POUR VALISES LAT\u00c9RALES - Suzuki Canada Inc.","description":"Use in combination with side case set (p\/n 95400-48850-000).","robots":{"index":"index","follow":"follow","max-snippet":"max-snippet:-1","max-image-preview":"max-image-preview:large","max-video-preview":"max-video-preview:-1"},"canonical":"https:\/\/www.suzuki.ca\/fr\/produit\/jeu-de-garnitures-pour-valises-laterales\/","og_locale":"fr_FR","og_type":"article","og_title":"JEU DE GARNITURES POUR VALISES LAT\u00c9RALES - Suzuki Canada Inc.","og_description":"Use in combination with side case set (p\/n 95400-48850-000).","og_url":"https:\/\/www.suzuki.ca\/fr\/produit\/jeu-de-garnitures-pour-valises-laterales\/","og_site_name":"Suzuki Canada Inc.","article_modified_time":"2026-04-21T21:12:05+00:00","og_image":[{"width":1080,"height":1080,"url":"https:\/\/staging.suzuki.ca\/wp-content\/uploads\/95400-48830.jpg","type":"image\/jpeg"}],"twitter_card":"summary_large_image","twitter_misc":{"Est. reading time":"1 minute"},"schema":{"@context":"https:\/\/schema.org","@graph":[{"@type":"WebPage","@id":"https:\/\/www.suzuki.ca\/fr\/produit\/jeu-de-garnitures-pour-valises-laterales\/","url":"https:\/\/www.suzuki.ca\/fr\/produit\/jeu-de-garnitures-pour-valises-laterales\/","name":"JEU DE GARNITURES POUR VALISES LAT\u00c9RALES - Suzuki Canada Inc.","isPartOf":{"@id":"https:\/\/www.suzuki.ca\/#website"},"primaryImageOfPage":{"@id":"https:\/\/www.suzuki.ca\/fr\/produit\/jeu-de-garnitures-pour-valises-laterales\/#primaryimage"},"image":{"@id":"https:\/\/www.suzuki.ca\/fr\/produit\/jeu-de-garnitures-pour-valises-laterales\/#primaryimage"},"thumbnailUrl":"https:\/\/www.suzuki.ca\/wp-content\/uploads\/95400-48830.jpg","datePublished":"2022-05-11T19:56:12+00:00","dateModified":"2026-04-21T21:12:05+00:00","description":"Use in combination with side case set (p\/n 95400-48850-000).","breadcrumb":{"@id":"https:\/\/www.suzuki.ca\/fr\/produit\/jeu-de-garnitures-pour-valises-laterales\/#breadcrumb"},"inLanguage":"fr-FR","potentialAction":[{"@type":"ReadAction","target":["https:\/\/www.suzuki.ca\/fr\/produit\/jeu-de-garnitures-pour-valises-laterales\/"]}]},{"@type":"ImageObject","inLanguage":"fr-FR","@id":"https:\/\/www.suzuki.ca\/fr\/produit\/jeu-de-garnitures-pour-valises-laterales\/#primaryimage","url":"https:\/\/www.suzuki.ca\/wp-content\/uploads\/95400-48830.jpg","contentUrl":"https:\/\/www.suzuki.ca\/wp-content\/uploads\/95400-48830.jpg","width":1080,"height":1080,"caption":"Suzuki_GSX_S_Side_Case_Garnish"},{"@type":"BreadcrumbList","@id":"https:\/\/www.suzuki.ca\/fr\/produit\/jeu-de-garnitures-pour-valises-laterales\/#breadcrumb","itemListElement":[{"@type":"ListItem","position":1,"name":"Accueil","item":"https:\/\/www.suzuki.ca\/fr\/"},{"@type":"ListItem","position":2,"name":"Products","item":"https:\/\/www.suzuki.ca\/shop\/"},{"@type":"ListItem","position":3,"name":"JEU DE GARNITURES POUR VALISES LAT\u00c9RALES"}]},{"@type":"WebSite","@id":"https:\/\/www.suzuki.ca\/#website","url":"https:\/\/www.suzuki.ca\/","name":"Suzuki Canada Inc.","description":"The Official Home of Suzuki Canada Motorcycle, ATV, and Marine models and accessories.","publisher":{"@id":"https:\/\/www.suzuki.ca\/#organization"},"potentialAction":[{"@type":"SearchAction","target":{"@type":"EntryPoint","urlTemplate":"https:\/\/www.suzuki.ca\/?s={search_term_string}"},"query-input":{"@type":"PropertyValueSpecification","valueRequired":true,"valueName":"search_term_string"}}],"inLanguage":"fr-FR"},{"@type":"Organization","@id":"https:\/\/www.suzuki.ca\/#organization","name":"Suzuki Canada Inc.","url":"https:\/\/www.suzuki.ca\/","logo":{"@type":"ImageObject","inLanguage":"fr-FR","@id":"https:\/\/www.suzuki.ca\/#\/schema\/logo\/image\/","url":"https:\/\/www.suzuki.ca\/wp-content\/uploads\/Suzuki_Logo_Parallelogram.svg","contentUrl":"https:\/\/www.suzuki.ca\/wp-content\/uploads\/Suzuki_Logo_Parallelogram.svg","caption":"Suzuki Canada Inc."},"image":{"@id":"https:\/\/www.suzuki.ca\/#\/schema\/logo\/image\/"}}]}},"_links":{"self":[{"href":"https:\/\/www.suzuki.ca\/fr\/wp-json\/wp\/v2\/product\/43766","targetHints":{"allow":["GET"]}}],"collection":[{"href":"https:\/\/www.suzuki.ca\/fr\/wp-json\/wp\/v2\/product"}],"about":[{"href":"https:\/\/www.suzuki.ca\/fr\/wp-json\/wp\/v2\/types\/product"}],"wp:featuredmedia":[{"embeddable":true,"href":"https:\/\/www.suzuki.ca\/fr\/wp-json\/wp\/v2\/media\/56888"}],"wp:attachment":[{"href":"https:\/\/www.suzuki.ca\/fr\/wp-json\/wp\/v2\/media?parent=43766"}],"wp:term":[{"taxonomy":"product_brand","embeddable":true,"href":"https:\/\/www.suzuki.ca\/fr\/wp-json\/wp\/v2\/product_brand?post=43766"},{"taxonomy":"product_cat","embeddable":true,"href":"https:\/\/www.suzuki.ca\/fr\/wp-json\/wp\/v2\/product_cat?post=43766"},{"taxonomy":"product_tag","embeddable":true,"href":"https:\/\/www.suzuki.ca\/fr\/wp-json\/wp\/v2\/product_tag?post=43766"}],"curies":[{"name":"wp","href":"https:\/\/api.w.org\/{rel}","templated":true}]}}