{"id":47629,"date":"2023-03-15T11:10:32","date_gmt":"2023-03-15T15:10:32","guid":{"rendered":"https:\/\/www.suzuki.ca\/product\/vrx-25-winch\/"},"modified":"2026-04-10T12:27:41","modified_gmt":"2026-04-10T16:27:41","slug":"treuil-suzuki-kingquad-vrx-25-avec-support-08-26","status":"publish","type":"product","link":"https:\/\/www.suzuki.ca\/fr\/produit\/treuil-suzuki-kingquad-vrx-25-avec-support-08-26\/","title":{"rendered":"Treuil Suzuki KingQuad VRX 25 avec support (08-26)"},"content":{"rendered":"<p>Les kits tout-en-un WARN VRX 25 offrent des solutions compl\u00e8tes sp\u00e9cialement con\u00e7ues pour les mod\u00e8les KINGQUAD 500 et KINGQUAD 750 de 2008 \u00e0 2026. Voici ce que vous obtenez dans chaque kit :<\/p>\n<p><strong>Treuil WARN VRX 25 :<\/strong> Ce treuil est con\u00e7u dans un souci de durabilit\u00e9 et de fiabilit\u00e9, avec :<\/p>\n<ul>\n<li>Construction enti\u00e8rement m\u00e9tallique pour plus de robustesse.<\/li>\n<li>Un joint \u00e9tanche IP68 pour emp\u00eacher l&#8217;eau et la poussi\u00e8re d&#8217;entrer, garantissant long\u00e9vit\u00e9 et fiabilit\u00e9 dans diverses conditions.<\/li>\n<li>Une puissante capacit\u00e9 de 2 500 lb, ce qui le rend adapt\u00e9 aux VTT comme les mod\u00e8les KINGQUAD.<\/li>\n<li>Une finition thermolaqu\u00e9e noire pour r\u00e9sister \u00e0 la corrosion.<\/li>\n<li>Un frein de maintien de charge pour un contr\u00f4le pr\u00e9cis lors des op\u00e9rations de treuillage.<\/li>\n<li>Un train d&#8217;engrenages plan\u00e9taires \u00e0 trois \u00e9tages enti\u00e8rement m\u00e9tallique, fluide et fiable, pour une distribution efficace de la puissance.<\/li>\n<li>Il est accompagn\u00e9 d&#8217;une garantie \u00e0 vie limit\u00e9e sur les composants m\u00e9caniques et d&#8217;une garantie de 3 ans sur les composants \u00e9lectriques, soulignant ainsi son assurance de qualit\u00e9 et de durabilit\u00e9.<\/li>\n<\/ul>\n<p><strong>Support de treuil<\/strong> : le kit comprend un support de treuil sp\u00e9cifique con\u00e7u pour s&#8217;adapter aux mod\u00e8les KINGQUAD 500 ou KINGQUAD 750 de 2008 \u00e0 2026. Cela garantit une installation facile et s\u00e9curis\u00e9e du treuil WARN VRX 25 sur votre v\u00e9hicule.<\/p>\n<p><strong>C\u00e2blage<\/strong> : le kit comprend \u00e9galement tout le c\u00e2blage et les connecteurs n\u00e9cessaires \u00e0 l&#8217;installation. Cela rend le processus de configuration simple et garantit une connexion \u00e9lectrique appropri\u00e9e pour le treuil.<\/p>\n<p>Ces kits sont id\u00e9aux pour une utilisation professionnelle et r\u00e9cr\u00e9ative, fournissant les outils n\u00e9cessaires pour \u00e9quiper votre VTT d&#8217;une solution de treuillage fiable. Que vous r\u00e9alisiez des travaux difficiles ou exploriez des sentiers difficiles, les kits tout-en-un WARN VRX 25 sont con\u00e7us pour r\u00e9pondre \u00e0 vos besoins avec une durabilit\u00e9, des performances et une facilit\u00e9 d&#8217;installation sp\u00e9cialement con\u00e7ues pour les mod\u00e8les KINGQUAD 500 et 750.<\/p>\n","protected":false},"excerpt":{"rendered":"<p>\u2026 <a class=\"blog-readmore\" href=\"https:\/\/www.suzuki.ca\/fr\/produit\/treuil-suzuki-kingquad-vrx-25-avec-support-08-26\/\">Continuez \u00e0 lire ><\/a><\/p>\n","protected":false},"featured_media":47635,"template":"","meta":{"_acf_changed":false,"site-sidebar-layout":"default","site-content-layout":"default","ast-site-content-layout":"default","site-content-style":"default","site-sidebar-style":"default","ast-global-header-display":"","ast-banner-title-visibility":"","ast-main-header-display":"","ast-hfb-above-header-display":"","ast-hfb-below-header-display":"","ast-hfb-mobile-header-display":"","site-post-title":"","ast-breadcrumbs-content":"","ast-featured-img":"","footer-sml-layout":"","ast-disable-related-posts":"","theme-transparent-header-meta":"default","adv-header-id-meta":"","stick-header-meta":"default","header-above-stick-meta":"","header-main-stick-meta":"","header-below-stick-meta":"","astra-migrate-meta-layouts":"set","ast-page-background-enabled":"default","ast-page-background-meta":{"desktop":{"background-color":"","background-image":"","background-repeat":"repeat","background-position":"center center","background-size":"auto","background-attachment":"scroll","background-type":"","background-media":"","overlay-type":"","overlay-color":"","overlay-opacity":"","overlay-gradient":""},"tablet":{"background-color":"","background-image":"","background-repeat":"repeat","background-position":"center center","background-size":"auto","background-attachment":"scroll","background-type":"","background-media":"","overlay-type":"","overlay-color":"","overlay-opacity":"","overlay-gradient":""},"mobile":{"background-color":"","background-image":"","background-repeat":"repeat","background-position":"center center","background-size":"auto","background-attachment":"scroll","background-type":"","background-media":"","overlay-type":"","overlay-color":"","overlay-opacity":"","overlay-gradient":""}},"ast-content-background-meta":{"desktop":{"background-color":"var(--ast-global-color-5)","background-image":"","background-repeat":"repeat","background-position":"center center","background-size":"auto","background-attachment":"scroll","background-type":"","background-media":"","overlay-type":"","overlay-color":"","overlay-opacity":"","overlay-gradient":""},"tablet":{"background-color":"var(--ast-global-color-5)","background-image":"","background-repeat":"repeat","background-position":"center center","background-size":"auto","background-attachment":"scroll","background-type":"","background-media":"","overlay-type":"","overlay-color":"","overlay-opacity":"","overlay-gradient":""},"mobile":{"background-color":"var(--ast-global-color-5)","background-image":"","background-repeat":"repeat","background-position":"center center","background-size":"auto","background-attachment":"scroll","background-type":"","background-media":"","overlay-type":"","overlay-color":"","overlay-opacity":"","overlay-gradient":""}}},"product_brand":[],"product_cat":[2209,2212],"product_tag":[],"class_list":{"0":"post-47629","1":"product","2":"type-product","3":"status-publish","4":"has-post-thumbnail","6":"product_cat-accessoires-pour-vtt","7":"product_cat-magasin-de-vtt","8":"pa_atv-model-kingquad-lt-a500-fr","9":"pa_atv-model-kingquad-lt-a750-fr","10":"pa_item-type-treuil","11":"pa_line-year-5978","12":"pa_line-year-5986","13":"pa_line-year-5987","14":"pa_line-year-5979","15":"pa_line-year-5983","16":"pa_line-year-5984","17":"pa_line-year-5985","18":"pa_line-year-5980","19":"pa_line-year-5988","20":"pa_line-year-5981","21":"pa_line-year-5982","22":"pa_line-year-5968","23":"pa_line-year-5969","24":"pa_line-year-5970","25":"pa_line-year-5971","26":"pa_line-year-5972","27":"pa_line-year-5973","28":"pa_line-year-5974","29":"pa_line-year-5975","30":"pa_line-year-5976","31":"desktop-align-left","32":"tablet-align-left","33":"mobile-align-left","34":"ast-product-gallery-layout-horizontal","35":"ast-magnify-disabled","36":"ast-product-tabs-layout-horizontal","38":"first","39":"instock","40":"taxable","41":"shipping-taxable","42":"purchasable","43":"product-type-simple"},"acf":[],"yoast_head":"<!-- This site is optimized with the Yoast SEO plugin v27.3 - https:\/\/yoast.com\/product\/yoast-seo-wordpress\/ -->\n<title>Treuil Suzuki KingQuad VRX 25 avec support (08-26) - Suzuki Canada Inc.<\/title>\n<meta name=\"description\" content=\"Les kits WARN VRX 25 All-In-One sont le moyen id\u00e9al d&#039;obtenir tout ce dont vous avez besoin en un seul paquet. Les kits comprennent le treuil WARN VRX 25, ainsi que le support de treuil et le c\u00e2blage.\" \/>\n<meta name=\"robots\" content=\"index, follow, max-snippet:-1, max-image-preview:large, max-video-preview:-1\" \/>\n<link rel=\"canonical\" href=\"https:\/\/www.suzuki.ca\/fr\/produit\/treuil-suzuki-kingquad-vrx-25-avec-support-08-26\/\" \/>\n<meta property=\"og:locale\" content=\"fr_FR\" \/>\n<meta property=\"og:type\" content=\"article\" \/>\n<meta property=\"og:title\" content=\"Treuil Suzuki KingQuad VRX 25 avec support (08-26) - Suzuki Canada Inc.\" \/>\n<meta property=\"og:description\" content=\"Les kits WARN VRX 25 All-In-One sont le moyen id\u00e9al d&#039;obtenir tout ce dont vous avez besoin en un seul paquet. Les kits comprennent le treuil WARN VRX 25, ainsi que le support de treuil et le c\u00e2blage.\" \/>\n<meta property=\"og:url\" content=\"https:\/\/www.suzuki.ca\/fr\/produit\/treuil-suzuki-kingquad-vrx-25-avec-support-08-26\/\" \/>\n<meta property=\"og:site_name\" content=\"Suzuki Canada Inc.\" \/>\n<meta property=\"article:modified_time\" content=\"2026-04-10T16:27:41+00:00\" \/>\n<meta property=\"og:image\" content=\"https:\/\/staging.suzuki.ca\/wp-content\/uploads\/vrx-25-powersports-winch-1.jpg\" \/>\n\t<meta property=\"og:image:width\" content=\"1080\" \/>\n\t<meta property=\"og:image:height\" content=\"1080\" \/>\n\t<meta property=\"og:image:type\" content=\"image\/jpeg\" \/>\n<meta name=\"twitter:card\" content=\"summary_large_image\" \/>\n<meta name=\"twitter:label1\" content=\"Est. reading time\" \/>\n\t<meta name=\"twitter:data1\" content=\"2 minutes\" \/>\n<script type=\"application\/ld+json\" class=\"yoast-schema-graph\">{\"@context\":\"https:\\\/\\\/schema.org\",\"@graph\":[{\"@type\":\"WebPage\",\"@id\":\"https:\\\/\\\/www.suzuki.ca\\\/fr\\\/produit\\\/treuil-suzuki-kingquad-vrx-25-avec-support-08-26\\\/\",\"url\":\"https:\\\/\\\/www.suzuki.ca\\\/fr\\\/produit\\\/treuil-suzuki-kingquad-vrx-25-avec-support-08-26\\\/\",\"name\":\"Treuil Suzuki KingQuad VRX 25 avec support (08-26) - Suzuki Canada Inc.\",\"isPartOf\":{\"@id\":\"https:\\\/\\\/www.suzuki.ca\\\/#website\"},\"primaryImageOfPage\":{\"@id\":\"https:\\\/\\\/www.suzuki.ca\\\/fr\\\/produit\\\/treuil-suzuki-kingquad-vrx-25-avec-support-08-26\\\/#primaryimage\"},\"image\":{\"@id\":\"https:\\\/\\\/www.suzuki.ca\\\/fr\\\/produit\\\/treuil-suzuki-kingquad-vrx-25-avec-support-08-26\\\/#primaryimage\"},\"thumbnailUrl\":\"https:\\\/\\\/www.suzuki.ca\\\/wp-content\\\/uploads\\\/vrx-25-powersports-winch-1.jpg\",\"datePublished\":\"2023-03-15T15:10:32+00:00\",\"dateModified\":\"2026-04-10T16:27:41+00:00\",\"description\":\"Les kits WARN VRX 25 All-In-One sont le moyen id\u00e9al d'obtenir tout ce dont vous avez besoin en un seul paquet. Les kits comprennent le treuil WARN VRX 25, ainsi que le support de treuil et le c\u00e2blage.\",\"breadcrumb\":{\"@id\":\"https:\\\/\\\/www.suzuki.ca\\\/fr\\\/produit\\\/treuil-suzuki-kingquad-vrx-25-avec-support-08-26\\\/#breadcrumb\"},\"inLanguage\":\"fr-FR\",\"potentialAction\":[{\"@type\":\"ReadAction\",\"target\":[\"https:\\\/\\\/www.suzuki.ca\\\/fr\\\/produit\\\/treuil-suzuki-kingquad-vrx-25-avec-support-08-26\\\/\"]}]},{\"@type\":\"ImageObject\",\"inLanguage\":\"fr-FR\",\"@id\":\"https:\\\/\\\/www.suzuki.ca\\\/fr\\\/produit\\\/treuil-suzuki-kingquad-vrx-25-avec-support-08-26\\\/#primaryimage\",\"url\":\"https:\\\/\\\/www.suzuki.ca\\\/wp-content\\\/uploads\\\/vrx-25-powersports-winch-1.jpg\",\"contentUrl\":\"https:\\\/\\\/www.suzuki.ca\\\/wp-content\\\/uploads\\\/vrx-25-powersports-winch-1.jpg\",\"width\":1080,\"height\":1080,\"caption\":\"vrx-25-powersports-winch (1)\"},{\"@type\":\"BreadcrumbList\",\"@id\":\"https:\\\/\\\/www.suzuki.ca\\\/fr\\\/produit\\\/treuil-suzuki-kingquad-vrx-25-avec-support-08-26\\\/#breadcrumb\",\"itemListElement\":[{\"@type\":\"ListItem\",\"position\":1,\"name\":\"Accueil\",\"item\":\"https:\\\/\\\/www.suzuki.ca\\\/fr\\\/\"},{\"@type\":\"ListItem\",\"position\":2,\"name\":\"Products\",\"item\":\"https:\\\/\\\/www.suzuki.ca\\\/shop\\\/\"},{\"@type\":\"ListItem\",\"position\":3,\"name\":\"Treuil Suzuki KingQuad VRX 25 avec support (08-26)\"}]},{\"@type\":\"WebSite\",\"@id\":\"https:\\\/\\\/www.suzuki.ca\\\/#website\",\"url\":\"https:\\\/\\\/www.suzuki.ca\\\/\",\"name\":\"Suzuki Canada Inc.\",\"description\":\"The Official Home of Suzuki Canada Motorcycle, ATV, and Marine models and accessories.\",\"publisher\":{\"@id\":\"https:\\\/\\\/www.suzuki.ca\\\/#organization\"},\"potentialAction\":[{\"@type\":\"SearchAction\",\"target\":{\"@type\":\"EntryPoint\",\"urlTemplate\":\"https:\\\/\\\/www.suzuki.ca\\\/?s={search_term_string}\"},\"query-input\":{\"@type\":\"PropertyValueSpecification\",\"valueRequired\":true,\"valueName\":\"search_term_string\"}}],\"inLanguage\":\"fr-FR\"},{\"@type\":\"Organization\",\"@id\":\"https:\\\/\\\/www.suzuki.ca\\\/#organization\",\"name\":\"Suzuki Canada Inc.\",\"url\":\"https:\\\/\\\/www.suzuki.ca\\\/\",\"logo\":{\"@type\":\"ImageObject\",\"inLanguage\":\"fr-FR\",\"@id\":\"https:\\\/\\\/www.suzuki.ca\\\/#\\\/schema\\\/logo\\\/image\\\/\",\"url\":\"https:\\\/\\\/www.suzuki.ca\\\/wp-content\\\/uploads\\\/Suzuki_Logo_Parallelogram.svg\",\"contentUrl\":\"https:\\\/\\\/www.suzuki.ca\\\/wp-content\\\/uploads\\\/Suzuki_Logo_Parallelogram.svg\",\"caption\":\"Suzuki Canada Inc.\"},\"image\":{\"@id\":\"https:\\\/\\\/www.suzuki.ca\\\/#\\\/schema\\\/logo\\\/image\\\/\"}}]}<\/script>\n<!-- \/ Yoast SEO plugin. -->","yoast_head_json":{"title":"Treuil Suzuki KingQuad VRX 25 avec support (08-26) - Suzuki Canada Inc.","description":"Les kits WARN VRX 25 All-In-One sont le moyen id\u00e9al d'obtenir tout ce dont vous avez besoin en un seul paquet. Les kits comprennent le treuil WARN VRX 25, ainsi que le support de treuil et le c\u00e2blage.","robots":{"index":"index","follow":"follow","max-snippet":"max-snippet:-1","max-image-preview":"max-image-preview:large","max-video-preview":"max-video-preview:-1"},"canonical":"https:\/\/www.suzuki.ca\/fr\/produit\/treuil-suzuki-kingquad-vrx-25-avec-support-08-26\/","og_locale":"fr_FR","og_type":"article","og_title":"Treuil Suzuki KingQuad VRX 25 avec support (08-26) - Suzuki Canada Inc.","og_description":"Les kits WARN VRX 25 All-In-One sont le moyen id\u00e9al d'obtenir tout ce dont vous avez besoin en un seul paquet. Les kits comprennent le treuil WARN VRX 25, ainsi que le support de treuil et le c\u00e2blage.","og_url":"https:\/\/www.suzuki.ca\/fr\/produit\/treuil-suzuki-kingquad-vrx-25-avec-support-08-26\/","og_site_name":"Suzuki Canada Inc.","article_modified_time":"2026-04-10T16:27:41+00:00","og_image":[{"width":1080,"height":1080,"url":"https:\/\/staging.suzuki.ca\/wp-content\/uploads\/vrx-25-powersports-winch-1.jpg","type":"image\/jpeg"}],"twitter_card":"summary_large_image","twitter_misc":{"Est. reading time":"2 minutes"},"schema":{"@context":"https:\/\/schema.org","@graph":[{"@type":"WebPage","@id":"https:\/\/www.suzuki.ca\/fr\/produit\/treuil-suzuki-kingquad-vrx-25-avec-support-08-26\/","url":"https:\/\/www.suzuki.ca\/fr\/produit\/treuil-suzuki-kingquad-vrx-25-avec-support-08-26\/","name":"Treuil Suzuki KingQuad VRX 25 avec support (08-26) - Suzuki Canada Inc.","isPartOf":{"@id":"https:\/\/www.suzuki.ca\/#website"},"primaryImageOfPage":{"@id":"https:\/\/www.suzuki.ca\/fr\/produit\/treuil-suzuki-kingquad-vrx-25-avec-support-08-26\/#primaryimage"},"image":{"@id":"https:\/\/www.suzuki.ca\/fr\/produit\/treuil-suzuki-kingquad-vrx-25-avec-support-08-26\/#primaryimage"},"thumbnailUrl":"https:\/\/www.suzuki.ca\/wp-content\/uploads\/vrx-25-powersports-winch-1.jpg","datePublished":"2023-03-15T15:10:32+00:00","dateModified":"2026-04-10T16:27:41+00:00","description":"Les kits WARN VRX 25 All-In-One sont le moyen id\u00e9al d'obtenir tout ce dont vous avez besoin en un seul paquet. Les kits comprennent le treuil WARN VRX 25, ainsi que le support de treuil et le c\u00e2blage.","breadcrumb":{"@id":"https:\/\/www.suzuki.ca\/fr\/produit\/treuil-suzuki-kingquad-vrx-25-avec-support-08-26\/#breadcrumb"},"inLanguage":"fr-FR","potentialAction":[{"@type":"ReadAction","target":["https:\/\/www.suzuki.ca\/fr\/produit\/treuil-suzuki-kingquad-vrx-25-avec-support-08-26\/"]}]},{"@type":"ImageObject","inLanguage":"fr-FR","@id":"https:\/\/www.suzuki.ca\/fr\/produit\/treuil-suzuki-kingquad-vrx-25-avec-support-08-26\/#primaryimage","url":"https:\/\/www.suzuki.ca\/wp-content\/uploads\/vrx-25-powersports-winch-1.jpg","contentUrl":"https:\/\/www.suzuki.ca\/wp-content\/uploads\/vrx-25-powersports-winch-1.jpg","width":1080,"height":1080,"caption":"vrx-25-powersports-winch (1)"},{"@type":"BreadcrumbList","@id":"https:\/\/www.suzuki.ca\/fr\/produit\/treuil-suzuki-kingquad-vrx-25-avec-support-08-26\/#breadcrumb","itemListElement":[{"@type":"ListItem","position":1,"name":"Accueil","item":"https:\/\/www.suzuki.ca\/fr\/"},{"@type":"ListItem","position":2,"name":"Products","item":"https:\/\/www.suzuki.ca\/shop\/"},{"@type":"ListItem","position":3,"name":"Treuil Suzuki KingQuad VRX 25 avec support (08-26)"}]},{"@type":"WebSite","@id":"https:\/\/www.suzuki.ca\/#website","url":"https:\/\/www.suzuki.ca\/","name":"Suzuki Canada Inc.","description":"The Official Home of Suzuki Canada Motorcycle, ATV, and Marine models and accessories.","publisher":{"@id":"https:\/\/www.suzuki.ca\/#organization"},"potentialAction":[{"@type":"SearchAction","target":{"@type":"EntryPoint","urlTemplate":"https:\/\/www.suzuki.ca\/?s={search_term_string}"},"query-input":{"@type":"PropertyValueSpecification","valueRequired":true,"valueName":"search_term_string"}}],"inLanguage":"fr-FR"},{"@type":"Organization","@id":"https:\/\/www.suzuki.ca\/#organization","name":"Suzuki Canada Inc.","url":"https:\/\/www.suzuki.ca\/","logo":{"@type":"ImageObject","inLanguage":"fr-FR","@id":"https:\/\/www.suzuki.ca\/#\/schema\/logo\/image\/","url":"https:\/\/www.suzuki.ca\/wp-content\/uploads\/Suzuki_Logo_Parallelogram.svg","contentUrl":"https:\/\/www.suzuki.ca\/wp-content\/uploads\/Suzuki_Logo_Parallelogram.svg","caption":"Suzuki Canada Inc."},"image":{"@id":"https:\/\/www.suzuki.ca\/#\/schema\/logo\/image\/"}}]}},"_links":{"self":[{"href":"https:\/\/www.suzuki.ca\/fr\/wp-json\/wp\/v2\/product\/47629","targetHints":{"allow":["GET"]}}],"collection":[{"href":"https:\/\/www.suzuki.ca\/fr\/wp-json\/wp\/v2\/product"}],"about":[{"href":"https:\/\/www.suzuki.ca\/fr\/wp-json\/wp\/v2\/types\/product"}],"wp:featuredmedia":[{"embeddable":true,"href":"https:\/\/www.suzuki.ca\/fr\/wp-json\/wp\/v2\/media\/47635"}],"wp:attachment":[{"href":"https:\/\/www.suzuki.ca\/fr\/wp-json\/wp\/v2\/media?parent=47629"}],"wp:term":[{"taxonomy":"product_brand","embeddable":true,"href":"https:\/\/www.suzuki.ca\/fr\/wp-json\/wp\/v2\/product_brand?post=47629"},{"taxonomy":"product_cat","embeddable":true,"href":"https:\/\/www.suzuki.ca\/fr\/wp-json\/wp\/v2\/product_cat?post=47629"},{"taxonomy":"product_tag","embeddable":true,"href":"https:\/\/www.suzuki.ca\/fr\/wp-json\/wp\/v2\/product_tag?post=47629"}],"curies":[{"name":"wp","href":"https:\/\/api.w.org\/{rel}","templated":true}]}}