{"id":47819,"date":"2023-03-21T15:40:26","date_gmt":"2023-03-21T19:40:26","guid":{"rendered":"https:\/\/www.suzuki.ca\/?post_type=product&#038;p=47819"},"modified":"2026-04-01T12:28:07","modified_gmt":"2026-04-01T16:28:07","slug":"anneau-pour-sacoche-de-reservoir","status":"publish","type":"product","link":"https:\/\/www.suzuki.ca\/fr\/produit\/anneau-pour-sacoche-de-reservoir\/","title":{"rendered":"Anneau pour sacoche de r\u00e9servoir"},"content":{"rendered":"<p>Vous envisagez de vous procurer la nouvelle sacoche de r\u00e9servoir Suzuki ? Vous aurez besoin de ce support annulaire pour le monter correctement sur la moto. Cet anneau permet de fixer solidement la petite ou la grande sacoche de r\u00e9servoir \u00e0 la moto.<\/p>\n<p>N\u00e9cessaire pour installer un grand sac de r\u00e9servoir de carburant (99143-00A01) ou un petit sac de r\u00e9servoir de carburant (99143-00A11).<\/p>\n<p><strong>Compatibilit\u00e9 :<\/strong><br \/>\nGSX-8S\/8R: 2023 &#8211; 2026<br \/>\nGSX-8T\/TT: 2026<br \/>\nGSX-S1000\/GT\/GX: 2022 &#8211; 2026<br \/>\nV-STROM 1050\/DE: 2023 &#8211; 2026<\/p>\n","protected":false},"excerpt":{"rendered":"<p>\u2026 <a class=\"blog-readmore\" href=\"https:\/\/www.suzuki.ca\/fr\/produit\/anneau-pour-sacoche-de-reservoir\/\">Continuez \u00e0 lire ><\/a><\/p>\n","protected":false},"featured_media":47702,"template":"","meta":{"_acf_changed":false,"site-sidebar-layout":"default","site-content-layout":"default","ast-site-content-layout":"default","site-content-style":"default","site-sidebar-style":"default","ast-global-header-display":"","ast-banner-title-visibility":"","ast-main-header-display":"","ast-hfb-above-header-display":"","ast-hfb-below-header-display":"","ast-hfb-mobile-header-display":"","site-post-title":"","ast-breadcrumbs-content":"","ast-featured-img":"","footer-sml-layout":"","ast-disable-related-posts":"","theme-transparent-header-meta":"default","adv-header-id-meta":"","stick-header-meta":"default","header-above-stick-meta":"","header-main-stick-meta":"","header-below-stick-meta":"","astra-migrate-meta-layouts":"set","ast-page-background-enabled":"default","ast-page-background-meta":{"desktop":{"background-color":"","background-image":"","background-repeat":"repeat","background-position":"center center","background-size":"auto","background-attachment":"scroll","background-type":"","background-media":"","overlay-type":"","overlay-color":"","overlay-opacity":"","overlay-gradient":""},"tablet":{"background-color":"","background-image":"","background-repeat":"repeat","background-position":"center center","background-size":"auto","background-attachment":"scroll","background-type":"","background-media":"","overlay-type":"","overlay-color":"","overlay-opacity":"","overlay-gradient":""},"mobile":{"background-color":"","background-image":"","background-repeat":"repeat","background-position":"center center","background-size":"auto","background-attachment":"scroll","background-type":"","background-media":"","overlay-type":"","overlay-color":"","overlay-opacity":"","overlay-gradient":""}},"ast-content-background-meta":{"desktop":{"background-color":"var(--ast-global-color-5)","background-image":"","background-repeat":"repeat","background-position":"center center","background-size":"auto","background-attachment":"scroll","background-type":"","background-media":"","overlay-type":"","overlay-color":"","overlay-opacity":"","overlay-gradient":""},"tablet":{"background-color":"var(--ast-global-color-5)","background-image":"","background-repeat":"repeat","background-position":"center center","background-size":"auto","background-attachment":"scroll","background-type":"","background-media":"","overlay-type":"","overlay-color":"","overlay-opacity":"","overlay-gradient":""},"mobile":{"background-color":"var(--ast-global-color-5)","background-image":"","background-repeat":"repeat","background-position":"center center","background-size":"auto","background-attachment":"scroll","background-type":"","background-media":"","overlay-type":"","overlay-color":"","overlay-opacity":"","overlay-gradient":""}}},"product_brand":[],"product_cat":[2208,2216],"product_tag":[],"class_list":{"0":"post-47819","1":"product","2":"type-product","3":"status-publish","4":"has-post-thumbnail","6":"product_cat-accessoires-pour-motos","7":"product_cat-magasin-de-motos","8":"pa_component-partie","9":"pa_item-type-ensemble-de-supports-et-quincaillerie","10":"pa_motorcycle-model-gsx-8t-fr","11":"pa_motorcycle-model-gsx-8r-fr","12":"pa_motorcycle-model-gsx-8s-fr","13":"pa_motorcycle-model-gsx-s1000-fr","14":"pa_motorcycle-model-gsx-s1000gt-fr","15":"pa_motorcycle-model-gsx-s1000gta-fr","16":"pa_motorcycle-model-gsx-s1000gx-fr","17":"pa_motorcycle-model-v-strom-1050-fr","18":"pa_motorcycle-model-v-strom-1050de-fr","19":"desktop-align-left","20":"tablet-align-left","21":"mobile-align-left","22":"ast-product-gallery-layout-horizontal","23":"ast-product-gallery-with-no-image","24":"ast-magnify-disabled","25":"ast-product-tabs-layout-horizontal","27":"first","28":"instock","29":"taxable","30":"shipping-taxable","31":"purchasable","32":"product-type-simple"},"acf":[],"yoast_head":"<!-- This site is optimized with the Yoast SEO plugin v26.9 - https:\/\/yoast.com\/product\/yoast-seo-wordpress\/ -->\n<title>Anneau pour sacoche de r\u00e9servoir - Suzuki Canada Inc.<\/title>\n<meta name=\"description\" content=\"Required item to install fuel tank bag large (p\/n 990D0-04600) or fuel tank bag small (p\/n 990D0-04300).\" \/>\n<meta name=\"robots\" content=\"index, follow, max-snippet:-1, max-image-preview:large, max-video-preview:-1\" \/>\n<link rel=\"canonical\" href=\"https:\/\/www.suzuki.ca\/product\/ring-for-tank-bag\/\" \/>\n<meta property=\"og:locale\" content=\"fr_FR\" \/>\n<meta property=\"og:type\" content=\"article\" \/>\n<meta property=\"og:title\" content=\"Anneau pour sacoche de r\u00e9servoir - Suzuki Canada Inc.\" \/>\n<meta property=\"og:description\" content=\"Required item to install fuel tank bag large (p\/n 990D0-04600) or fuel tank bag small (p\/n 990D0-04300).\" \/>\n<meta property=\"og:url\" content=\"https:\/\/www.suzuki.ca\/product\/ring-for-tank-bag\/\" \/>\n<meta property=\"og:site_name\" content=\"Suzuki Canada Inc.\" \/>\n<meta property=\"article:modified_time\" content=\"2026-04-01T16:28:07+00:00\" \/>\n<meta property=\"og:image\" content=\"https:\/\/www.suzuki.ca\/wp-content\/uploads\/GSX-8S_0003_44200-25810-scaled.jpg\" \/>\n\t<meta property=\"og:image:width\" content=\"2560\" \/>\n\t<meta property=\"og:image:height\" content=\"2560\" \/>\n\t<meta property=\"og:image:type\" content=\"image\/jpeg\" \/>\n<meta name=\"twitter:card\" content=\"summary_large_image\" \/>\n<meta name=\"twitter:label1\" content=\"Est. reading time\" \/>\n\t<meta name=\"twitter:data1\" content=\"1 minute\" \/>\n<script type=\"application\/ld+json\" class=\"yoast-schema-graph\">{\"@context\":\"https:\/\/schema.org\",\"@graph\":[{\"@type\":\"WebPage\",\"@id\":\"https:\/\/www.suzuki.ca\/product\/ring-for-tank-bag\/\",\"url\":\"https:\/\/www.suzuki.ca\/product\/ring-for-tank-bag\/\",\"name\":\"Anneau pour sacoche de r\u00e9servoir - Suzuki Canada Inc.\",\"isPartOf\":{\"@id\":\"https:\/\/www.suzuki.ca\/#website\"},\"primaryImageOfPage\":{\"@id\":\"https:\/\/www.suzuki.ca\/product\/ring-for-tank-bag\/#primaryimage\"},\"image\":{\"@id\":\"https:\/\/www.suzuki.ca\/product\/ring-for-tank-bag\/#primaryimage\"},\"thumbnailUrl\":\"https:\/\/www.suzuki.ca\/wp-content\/uploads\/GSX-8S_0003_44200-25810-scaled.jpg\",\"datePublished\":\"2023-03-21T19:40:26+00:00\",\"dateModified\":\"2026-04-01T16:28:07+00:00\",\"description\":\"Required item to install fuel tank bag large (p\/n 990D0-04600) or fuel tank bag small (p\/n 990D0-04300).\",\"breadcrumb\":{\"@id\":\"https:\/\/www.suzuki.ca\/product\/ring-for-tank-bag\/#breadcrumb\"},\"inLanguage\":\"fr-FR\",\"potentialAction\":[{\"@type\":\"ReadAction\",\"target\":[\"https:\/\/www.suzuki.ca\/product\/ring-for-tank-bag\/\"]}]},{\"@type\":\"ImageObject\",\"inLanguage\":\"fr-FR\",\"@id\":\"https:\/\/www.suzuki.ca\/product\/ring-for-tank-bag\/#primaryimage\",\"url\":\"https:\/\/www.suzuki.ca\/wp-content\/uploads\/GSX-8S_0003_44200-25810-scaled.jpg\",\"contentUrl\":\"https:\/\/www.suzuki.ca\/wp-content\/uploads\/GSX-8S_0003_44200-25810-scaled.jpg\",\"width\":2560,\"height\":2560,\"caption\":\"GSX-8S_0003_44200-25810\"},{\"@type\":\"BreadcrumbList\",\"@id\":\"https:\/\/www.suzuki.ca\/product\/ring-for-tank-bag\/#breadcrumb\",\"itemListElement\":[{\"@type\":\"ListItem\",\"position\":1,\"name\":\"Accueil\",\"item\":\"https:\/\/www.suzuki.ca\/fr\/\"},{\"@type\":\"ListItem\",\"position\":2,\"name\":\"Products\",\"item\":\"https:\/\/www.suzuki.ca\/shop\/\"},{\"@type\":\"ListItem\",\"position\":3,\"name\":\"Anneau pour sacoche de r\u00e9servoir\"}]},{\"@type\":\"WebSite\",\"@id\":\"https:\/\/www.suzuki.ca\/#website\",\"url\":\"https:\/\/www.suzuki.ca\/\",\"name\":\"Suzuki Canada Inc.\",\"description\":\"The Official Home of Suzuki Canada Motorcycle, ATV, and Marine models and accessories.\",\"publisher\":{\"@id\":\"https:\/\/www.suzuki.ca\/#organization\"},\"potentialAction\":[{\"@type\":\"SearchAction\",\"target\":{\"@type\":\"EntryPoint\",\"urlTemplate\":\"https:\/\/www.suzuki.ca\/?s={search_term_string}\"},\"query-input\":{\"@type\":\"PropertyValueSpecification\",\"valueRequired\":true,\"valueName\":\"search_term_string\"}}],\"inLanguage\":\"fr-FR\"},{\"@type\":\"Organization\",\"@id\":\"https:\/\/www.suzuki.ca\/#organization\",\"name\":\"Suzuki Canada Inc.\",\"url\":\"https:\/\/www.suzuki.ca\/\",\"logo\":{\"@type\":\"ImageObject\",\"inLanguage\":\"fr-FR\",\"@id\":\"https:\/\/www.suzuki.ca\/#\/schema\/logo\/image\/\",\"url\":\"https:\/\/www.suzuki.ca\/wp-content\/uploads\/Suzuki_Logo_Parallelogram.svg\",\"contentUrl\":\"https:\/\/www.suzuki.ca\/wp-content\/uploads\/Suzuki_Logo_Parallelogram.svg\",\"caption\":\"Suzuki Canada Inc.\"},\"image\":{\"@id\":\"https:\/\/www.suzuki.ca\/#\/schema\/logo\/image\/\"}}]}<\/script>\n<!-- \/ Yoast SEO plugin. -->","yoast_head_json":{"title":"Anneau pour sacoche de r\u00e9servoir - Suzuki Canada Inc.","description":"Required item to install fuel tank bag large (p\/n 990D0-04600) or fuel tank bag small (p\/n 990D0-04300).","robots":{"index":"index","follow":"follow","max-snippet":"max-snippet:-1","max-image-preview":"max-image-preview:large","max-video-preview":"max-video-preview:-1"},"canonical":"https:\/\/www.suzuki.ca\/product\/ring-for-tank-bag\/","og_locale":"fr_FR","og_type":"article","og_title":"Anneau pour sacoche de r\u00e9servoir - Suzuki Canada Inc.","og_description":"Required item to install fuel tank bag large (p\/n 990D0-04600) or fuel tank bag small (p\/n 990D0-04300).","og_url":"https:\/\/www.suzuki.ca\/product\/ring-for-tank-bag\/","og_site_name":"Suzuki Canada Inc.","article_modified_time":"2026-04-01T16:28:07+00:00","og_image":[{"width":2560,"height":2560,"url":"https:\/\/www.suzuki.ca\/wp-content\/uploads\/GSX-8S_0003_44200-25810-scaled.jpg","type":"image\/jpeg"}],"twitter_card":"summary_large_image","twitter_misc":{"Est. reading time":"1 minute"},"schema":{"@context":"https:\/\/schema.org","@graph":[{"@type":"WebPage","@id":"https:\/\/www.suzuki.ca\/product\/ring-for-tank-bag\/","url":"https:\/\/www.suzuki.ca\/product\/ring-for-tank-bag\/","name":"Anneau pour sacoche de r\u00e9servoir - Suzuki Canada Inc.","isPartOf":{"@id":"https:\/\/www.suzuki.ca\/#website"},"primaryImageOfPage":{"@id":"https:\/\/www.suzuki.ca\/product\/ring-for-tank-bag\/#primaryimage"},"image":{"@id":"https:\/\/www.suzuki.ca\/product\/ring-for-tank-bag\/#primaryimage"},"thumbnailUrl":"https:\/\/www.suzuki.ca\/wp-content\/uploads\/GSX-8S_0003_44200-25810-scaled.jpg","datePublished":"2023-03-21T19:40:26+00:00","dateModified":"2026-04-01T16:28:07+00:00","description":"Required item to install fuel tank bag large (p\/n 990D0-04600) or fuel tank bag small (p\/n 990D0-04300).","breadcrumb":{"@id":"https:\/\/www.suzuki.ca\/product\/ring-for-tank-bag\/#breadcrumb"},"inLanguage":"fr-FR","potentialAction":[{"@type":"ReadAction","target":["https:\/\/www.suzuki.ca\/product\/ring-for-tank-bag\/"]}]},{"@type":"ImageObject","inLanguage":"fr-FR","@id":"https:\/\/www.suzuki.ca\/product\/ring-for-tank-bag\/#primaryimage","url":"https:\/\/www.suzuki.ca\/wp-content\/uploads\/GSX-8S_0003_44200-25810-scaled.jpg","contentUrl":"https:\/\/www.suzuki.ca\/wp-content\/uploads\/GSX-8S_0003_44200-25810-scaled.jpg","width":2560,"height":2560,"caption":"GSX-8S_0003_44200-25810"},{"@type":"BreadcrumbList","@id":"https:\/\/www.suzuki.ca\/product\/ring-for-tank-bag\/#breadcrumb","itemListElement":[{"@type":"ListItem","position":1,"name":"Accueil","item":"https:\/\/www.suzuki.ca\/fr\/"},{"@type":"ListItem","position":2,"name":"Products","item":"https:\/\/www.suzuki.ca\/shop\/"},{"@type":"ListItem","position":3,"name":"Anneau pour sacoche de r\u00e9servoir"}]},{"@type":"WebSite","@id":"https:\/\/www.suzuki.ca\/#website","url":"https:\/\/www.suzuki.ca\/","name":"Suzuki Canada Inc.","description":"The Official Home of Suzuki Canada Motorcycle, ATV, and Marine models and accessories.","publisher":{"@id":"https:\/\/www.suzuki.ca\/#organization"},"potentialAction":[{"@type":"SearchAction","target":{"@type":"EntryPoint","urlTemplate":"https:\/\/www.suzuki.ca\/?s={search_term_string}"},"query-input":{"@type":"PropertyValueSpecification","valueRequired":true,"valueName":"search_term_string"}}],"inLanguage":"fr-FR"},{"@type":"Organization","@id":"https:\/\/www.suzuki.ca\/#organization","name":"Suzuki Canada Inc.","url":"https:\/\/www.suzuki.ca\/","logo":{"@type":"ImageObject","inLanguage":"fr-FR","@id":"https:\/\/www.suzuki.ca\/#\/schema\/logo\/image\/","url":"https:\/\/www.suzuki.ca\/wp-content\/uploads\/Suzuki_Logo_Parallelogram.svg","contentUrl":"https:\/\/www.suzuki.ca\/wp-content\/uploads\/Suzuki_Logo_Parallelogram.svg","caption":"Suzuki Canada Inc."},"image":{"@id":"https:\/\/www.suzuki.ca\/#\/schema\/logo\/image\/"}}]}},"_links":{"self":[{"href":"https:\/\/www.suzuki.ca\/fr\/wp-json\/wp\/v2\/product\/47819","targetHints":{"allow":["GET"]}}],"collection":[{"href":"https:\/\/www.suzuki.ca\/fr\/wp-json\/wp\/v2\/product"}],"about":[{"href":"https:\/\/www.suzuki.ca\/fr\/wp-json\/wp\/v2\/types\/product"}],"wp:featuredmedia":[{"embeddable":true,"href":"https:\/\/www.suzuki.ca\/fr\/wp-json\/wp\/v2\/media\/47702"}],"wp:attachment":[{"href":"https:\/\/www.suzuki.ca\/fr\/wp-json\/wp\/v2\/media?parent=47819"}],"wp:term":[{"taxonomy":"product_brand","embeddable":true,"href":"https:\/\/www.suzuki.ca\/fr\/wp-json\/wp\/v2\/product_brand?post=47819"},{"taxonomy":"product_cat","embeddable":true,"href":"https:\/\/www.suzuki.ca\/fr\/wp-json\/wp\/v2\/product_cat?post=47819"},{"taxonomy":"product_tag","embeddable":true,"href":"https:\/\/www.suzuki.ca\/fr\/wp-json\/wp\/v2\/product_tag?post=47819"}],"curies":[{"name":"wp","href":"https:\/\/api.w.org\/{rel}","templated":true}]}}