{"id":50343,"date":"2023-10-25T14:05:08","date_gmt":"2023-10-23T18:11:16","guid":{"rendered":"https:\/\/www.suzuki.ca\/?post_type=product&#038;p=50343"},"modified":"2026-01-13T12:14:23","modified_gmt":"2026-01-13T17:14:23","slug":"2024-gsx-r1000a","status":"publish","type":"product","link":"https:\/\/www.suzuki.ca\/fr\/produit\/2024-gsx-r1000a\/","title":{"rendered":"2024 GSX-R1000A"},"content":{"rendered":"<h2>L\u2019ULTIME MOTO SPORT!<\/h2>\n<p>La gamme de mod\u00e8les GSX-R est n\u00e9e il y a trois d\u00e9cennies et, sur cette p\u00e9riode, plus d\u2019un million de ces mod\u00e8les ont \u00e9t\u00e9 vendus. Plus d\u2019une d\u00e9cennie et demie ont pass\u00e9 depuis que la premi\u00e8re GSX-R1000 a transform\u00e9 \u00e0 jamais la classe ouverte des motos sport. Maintenant, la GSX-R1000 2024 red\u00e9finit ce que signifie \u00eatre l\u2019ultime moto sport.<\/p>\n<p>Le ch\u00e2ssis de cette moto fait de celle-ci la GSX-R1000 la plus l\u00e9g\u00e8re, compacte, a\u00e9rodynamique et maniable de tous les temps. Nich\u00e9 au c\u0153ur d\u2019un nouveau cadre en aluminium est un tout nouveau moteur qui profite de corps de papillons exclusifs \u00e0 calage variable des soupapes et \u00e0 commande \u00e9lectronique pour une gamme de puissance \u00e9largie, tout en offrant une r\u00e9ponse \u00e0 l\u2019acc\u00e9l\u00e9rateur pr\u00e9cise et tout en douceur.<\/p>\n<p>\u00c0 l\u2019aide d\u2019un module de mesure inertielle (IMU), la gestion \u00e9lectronique de la GSX-R1000 comprend des modes de performance r\u00e9glables permettant une am\u00e9lioration et une calibration pr\u00e9cise des actions du pilote. Le module IMU \u00e0 six axes permet \u00e0 la GSX-R1000 de reconna\u00eetre sa position sur la route ou sur la piste de course, aidant ainsi le pilote \u00e0 atteindre une performance de conduite extraordinaire.<\/p>\n<p>\u00c0 l\u2019avant, les nouveaux disques de frein BREMBO T-Drive, agripp\u00e9s par des \u00e9triers monoblocs, offrent un freinage solide et contr\u00f4l\u00e9, tandis que la suspension douce et pr\u00e9cise de SHOWA maintient les pneus adh\u00e9rents Bridgestone RS10 en contact avec la route. Toute cette technologie d\u2019avant-garde pour motocyclettes est recouverte d\u2019une caisse toute nouvelle, con\u00e7ue dans une soufflerie a\u00e9rodynamique, fid\u00e8le au style GSX-R unique.<\/p>\n<p>Voici votre invitation \u00e0 dominer la piste de course.<\/p>\n<p>*Le syst\u00e8me de contr\u00f4le de la traction n\u2019est pas un substitut au contr\u00f4le des gaz par le pilote. Il ne peut emp\u00eacher la perte d\u2019adh\u00e9rence imputable \u00e0 une vitesse excessive lorsque le pilote aborde un virage ou applique les freins. Il ne peut, non plus, emp\u00eacher une perte d\u2019adh\u00e9rence de la roue avant.<\/p>\n<p>*Le syst\u00e8me ABS est un dispositif suppl\u00e9mentaire pour le fonctionnement des freins et non un dispositif servant \u00e0 raccourcir la distance de freinage. Pensez toujours \u00e0 r\u00e9duire votre vitesse de mani\u00e8re suffisante avant d\u2019aborder une courbe.<\/p>\n<p>*Mod\u00e8le GSX-R1000 ABS europ\u00e9en montr\u00e9 ci-dessus. Le mod\u00e8le canadien pourrait s\u2019av\u00e9rer diff\u00e9rent sans pr\u00e9avis.<\/p>\n","protected":false},"excerpt":{"rendered":"<p>\u2026 <a class=\"blog-readmore\" href=\"https:\/\/www.suzuki.ca\/fr\/produit\/2024-gsx-r1000a\/\">Continuez \u00e0 lire ><\/a><\/p>\n","protected":false},"featured_media":50393,"template":"","meta":{"_acf_changed":false,"site-sidebar-layout":"default","site-content-layout":"default","ast-site-content-layout":"default","site-content-style":"default","site-sidebar-style":"default","ast-global-header-display":"","ast-banner-title-visibility":"","ast-main-header-display":"","ast-hfb-above-header-display":"","ast-hfb-below-header-display":"","ast-hfb-mobile-header-display":"","site-post-title":"","ast-breadcrumbs-content":"","ast-featured-img":"","footer-sml-layout":"","ast-disable-related-posts":"","theme-transparent-header-meta":"default","adv-header-id-meta":"","stick-header-meta":"default","header-above-stick-meta":"","header-main-stick-meta":"","header-below-stick-meta":"","astra-migrate-meta-layouts":"set","ast-page-background-enabled":"default","ast-page-background-meta":{"desktop":{"background-color":"","background-image":"","background-repeat":"repeat","background-position":"center center","background-size":"auto","background-attachment":"scroll","background-type":"","background-media":"","overlay-type":"","overlay-color":"","overlay-opacity":"","overlay-gradient":""},"tablet":{"background-color":"","background-image":"","background-repeat":"repeat","background-position":"center center","background-size":"auto","background-attachment":"scroll","background-type":"","background-media":"","overlay-type":"","overlay-color":"","overlay-opacity":"","overlay-gradient":""},"mobile":{"background-color":"","background-image":"","background-repeat":"repeat","background-position":"center center","background-size":"auto","background-attachment":"scroll","background-type":"","background-media":"","overlay-type":"","overlay-color":"","overlay-opacity":"","overlay-gradient":""}},"ast-content-background-meta":{"desktop":{"background-color":"var(--ast-global-color-5)","background-image":"","background-repeat":"repeat","background-position":"center center","background-size":"auto","background-attachment":"scroll","background-type":"","background-media":"","overlay-type":"","overlay-color":"","overlay-opacity":"","overlay-gradient":""},"tablet":{"background-color":"var(--ast-global-color-5)","background-image":"","background-repeat":"repeat","background-position":"center center","background-size":"auto","background-attachment":"scroll","background-type":"","background-media":"","overlay-type":"","overlay-color":"","overlay-opacity":"","overlay-gradient":""},"mobile":{"background-color":"var(--ast-global-color-5)","background-image":"","background-repeat":"repeat","background-position":"center center","background-size":"auto","background-attachment":"scroll","background-type":"","background-media":"","overlay-type":"","overlay-color":"","overlay-opacity":"","overlay-gradient":""}}},"product_brand":[],"product_cat":[96,103],"product_tag":[],"class_list":{"0":"post-50343","1":"product","2":"type-product","3":"status-publish","4":"has-post-thumbnail","6":"product_cat-motos","7":"product_cat-sports","8":"desktop-align-left","9":"tablet-align-left","10":"mobile-align-left","11":"ast-product-gallery-layout-horizontal","12":"ast-product-gallery-with-no-image","13":"ast-magnify-disabled","14":"ast-product-tabs-layout-horizontal","16":"first","17":"instock","18":"product-type-simple"},"acf":[],"yoast_head":"<!-- This site is optimized with the Yoast SEO plugin v27.3 - https:\/\/yoast.com\/product\/yoast-seo-wordpress\/ -->\n<title>2024 GSX-R1000A - Suzuki Canada Inc.<\/title>\n<meta name=\"robots\" content=\"index, follow, max-snippet:-1, max-image-preview:large, max-video-preview:-1\" \/>\n<link rel=\"canonical\" href=\"https:\/\/www.suzuki.ca\/fr\/produit\/2024-gsx-r1000a\/\" \/>\n<meta property=\"og:locale\" content=\"fr_FR\" \/>\n<meta property=\"og:type\" content=\"article\" \/>\n<meta property=\"og:title\" content=\"2024 GSX-R1000A - Suzuki Canada Inc.\" \/>\n<meta property=\"og:description\" content=\"\u2026 Continuez \u00e0 lire &gt;\" \/>\n<meta property=\"og:url\" content=\"https:\/\/www.suzuki.ca\/fr\/produit\/2024-gsx-r1000a\/\" \/>\n<meta property=\"og:site_name\" content=\"Suzuki Canada Inc.\" \/>\n<meta property=\"article:modified_time\" content=\"2026-01-13T17:14:23+00:00\" \/>\n<meta property=\"og:image\" content=\"https:\/\/www.suzuki.ca\/wp-content\/uploads\/GSX-R1000AM4_KGL_Right.jpg\" \/>\n\t<meta property=\"og:image:width\" content=\"2000\" \/>\n\t<meta property=\"og:image:height\" content=\"1300\" \/>\n\t<meta property=\"og:image:type\" content=\"image\/jpeg\" \/>\n<meta name=\"twitter:card\" content=\"summary_large_image\" \/>\n<meta name=\"twitter:label1\" content=\"Est. reading time\" \/>\n\t<meta name=\"twitter:data1\" content=\"2 minutes\" \/>\n<script type=\"application\/ld+json\" class=\"yoast-schema-graph\">{\"@context\":\"https:\\\/\\\/schema.org\",\"@graph\":[{\"@type\":\"WebPage\",\"@id\":\"https:\\\/\\\/www.suzuki.ca\\\/fr\\\/produit\\\/2024-gsx-r1000a\\\/\",\"url\":\"https:\\\/\\\/www.suzuki.ca\\\/fr\\\/produit\\\/2024-gsx-r1000a\\\/\",\"name\":\"2024 GSX-R1000A - Suzuki Canada Inc.\",\"isPartOf\":{\"@id\":\"https:\\\/\\\/www.suzuki.ca\\\/#website\"},\"primaryImageOfPage\":{\"@id\":\"https:\\\/\\\/www.suzuki.ca\\\/fr\\\/produit\\\/2024-gsx-r1000a\\\/#primaryimage\"},\"image\":{\"@id\":\"https:\\\/\\\/www.suzuki.ca\\\/fr\\\/produit\\\/2024-gsx-r1000a\\\/#primaryimage\"},\"thumbnailUrl\":\"https:\\\/\\\/www.suzuki.ca\\\/wp-content\\\/uploads\\\/GSX-R1000AM4_KGL_Right.jpg\",\"datePublished\":\"2023-10-23T18:11:16+00:00\",\"dateModified\":\"2026-01-13T17:14:23+00:00\",\"breadcrumb\":{\"@id\":\"https:\\\/\\\/www.suzuki.ca\\\/fr\\\/produit\\\/2024-gsx-r1000a\\\/#breadcrumb\"},\"inLanguage\":\"fr-FR\",\"potentialAction\":[{\"@type\":\"ReadAction\",\"target\":[\"https:\\\/\\\/www.suzuki.ca\\\/fr\\\/produit\\\/2024-gsx-r1000a\\\/\"]}]},{\"@type\":\"ImageObject\",\"inLanguage\":\"fr-FR\",\"@id\":\"https:\\\/\\\/www.suzuki.ca\\\/fr\\\/produit\\\/2024-gsx-r1000a\\\/#primaryimage\",\"url\":\"https:\\\/\\\/www.suzuki.ca\\\/wp-content\\\/uploads\\\/GSX-R1000AM4_KGL_Right.jpg\",\"contentUrl\":\"https:\\\/\\\/www.suzuki.ca\\\/wp-content\\\/uploads\\\/GSX-R1000AM4_KGL_Right.jpg\",\"width\":2000,\"height\":1300,\"caption\":\"Metallic Mat Black No. 2 \\\/ Glass Sparkle Black (KGL)\"},{\"@type\":\"BreadcrumbList\",\"@id\":\"https:\\\/\\\/www.suzuki.ca\\\/fr\\\/produit\\\/2024-gsx-r1000a\\\/#breadcrumb\",\"itemListElement\":[{\"@type\":\"ListItem\",\"position\":1,\"name\":\"Accueil\",\"item\":\"https:\\\/\\\/www.suzuki.ca\\\/fr\\\/\"},{\"@type\":\"ListItem\",\"position\":2,\"name\":\"Products\",\"item\":\"https:\\\/\\\/www.suzuki.ca\\\/shop\\\/\"},{\"@type\":\"ListItem\",\"position\":3,\"name\":\"2024 GSX-R1000A\"}]},{\"@type\":\"WebSite\",\"@id\":\"https:\\\/\\\/www.suzuki.ca\\\/#website\",\"url\":\"https:\\\/\\\/www.suzuki.ca\\\/\",\"name\":\"Suzuki Canada Inc.\",\"description\":\"The Official Home of Suzuki Canada Motorcycle, ATV, and Marine models and accessories.\",\"publisher\":{\"@id\":\"https:\\\/\\\/www.suzuki.ca\\\/#organization\"},\"potentialAction\":[{\"@type\":\"SearchAction\",\"target\":{\"@type\":\"EntryPoint\",\"urlTemplate\":\"https:\\\/\\\/www.suzuki.ca\\\/?s={search_term_string}\"},\"query-input\":{\"@type\":\"PropertyValueSpecification\",\"valueRequired\":true,\"valueName\":\"search_term_string\"}}],\"inLanguage\":\"fr-FR\"},{\"@type\":\"Organization\",\"@id\":\"https:\\\/\\\/www.suzuki.ca\\\/#organization\",\"name\":\"Suzuki Canada Inc.\",\"url\":\"https:\\\/\\\/www.suzuki.ca\\\/\",\"logo\":{\"@type\":\"ImageObject\",\"inLanguage\":\"fr-FR\",\"@id\":\"https:\\\/\\\/www.suzuki.ca\\\/#\\\/schema\\\/logo\\\/image\\\/\",\"url\":\"https:\\\/\\\/www.suzuki.ca\\\/wp-content\\\/uploads\\\/Suzuki_Logo_Parallelogram.svg\",\"contentUrl\":\"https:\\\/\\\/www.suzuki.ca\\\/wp-content\\\/uploads\\\/Suzuki_Logo_Parallelogram.svg\",\"caption\":\"Suzuki Canada Inc.\"},\"image\":{\"@id\":\"https:\\\/\\\/www.suzuki.ca\\\/#\\\/schema\\\/logo\\\/image\\\/\"}}]}<\/script>\n<!-- \/ Yoast SEO plugin. -->","yoast_head_json":{"title":"2024 GSX-R1000A - Suzuki Canada Inc.","robots":{"index":"index","follow":"follow","max-snippet":"max-snippet:-1","max-image-preview":"max-image-preview:large","max-video-preview":"max-video-preview:-1"},"canonical":"https:\/\/www.suzuki.ca\/fr\/produit\/2024-gsx-r1000a\/","og_locale":"fr_FR","og_type":"article","og_title":"2024 GSX-R1000A - Suzuki Canada Inc.","og_description":"\u2026 Continuez \u00e0 lire >","og_url":"https:\/\/www.suzuki.ca\/fr\/produit\/2024-gsx-r1000a\/","og_site_name":"Suzuki Canada Inc.","article_modified_time":"2026-01-13T17:14:23+00:00","og_image":[{"width":2000,"height":1300,"url":"https:\/\/www.suzuki.ca\/wp-content\/uploads\/GSX-R1000AM4_KGL_Right.jpg","type":"image\/jpeg"}],"twitter_card":"summary_large_image","twitter_misc":{"Est. reading time":"2 minutes"},"schema":{"@context":"https:\/\/schema.org","@graph":[{"@type":"WebPage","@id":"https:\/\/www.suzuki.ca\/fr\/produit\/2024-gsx-r1000a\/","url":"https:\/\/www.suzuki.ca\/fr\/produit\/2024-gsx-r1000a\/","name":"2024 GSX-R1000A - Suzuki Canada Inc.","isPartOf":{"@id":"https:\/\/www.suzuki.ca\/#website"},"primaryImageOfPage":{"@id":"https:\/\/www.suzuki.ca\/fr\/produit\/2024-gsx-r1000a\/#primaryimage"},"image":{"@id":"https:\/\/www.suzuki.ca\/fr\/produit\/2024-gsx-r1000a\/#primaryimage"},"thumbnailUrl":"https:\/\/www.suzuki.ca\/wp-content\/uploads\/GSX-R1000AM4_KGL_Right.jpg","datePublished":"2023-10-23T18:11:16+00:00","dateModified":"2026-01-13T17:14:23+00:00","breadcrumb":{"@id":"https:\/\/www.suzuki.ca\/fr\/produit\/2024-gsx-r1000a\/#breadcrumb"},"inLanguage":"fr-FR","potentialAction":[{"@type":"ReadAction","target":["https:\/\/www.suzuki.ca\/fr\/produit\/2024-gsx-r1000a\/"]}]},{"@type":"ImageObject","inLanguage":"fr-FR","@id":"https:\/\/www.suzuki.ca\/fr\/produit\/2024-gsx-r1000a\/#primaryimage","url":"https:\/\/www.suzuki.ca\/wp-content\/uploads\/GSX-R1000AM4_KGL_Right.jpg","contentUrl":"https:\/\/www.suzuki.ca\/wp-content\/uploads\/GSX-R1000AM4_KGL_Right.jpg","width":2000,"height":1300,"caption":"Metallic Mat Black No. 2 \/ Glass Sparkle Black (KGL)"},{"@type":"BreadcrumbList","@id":"https:\/\/www.suzuki.ca\/fr\/produit\/2024-gsx-r1000a\/#breadcrumb","itemListElement":[{"@type":"ListItem","position":1,"name":"Accueil","item":"https:\/\/www.suzuki.ca\/fr\/"},{"@type":"ListItem","position":2,"name":"Products","item":"https:\/\/www.suzuki.ca\/shop\/"},{"@type":"ListItem","position":3,"name":"2024 GSX-R1000A"}]},{"@type":"WebSite","@id":"https:\/\/www.suzuki.ca\/#website","url":"https:\/\/www.suzuki.ca\/","name":"Suzuki Canada Inc.","description":"The Official Home of Suzuki Canada Motorcycle, ATV, and Marine models and accessories.","publisher":{"@id":"https:\/\/www.suzuki.ca\/#organization"},"potentialAction":[{"@type":"SearchAction","target":{"@type":"EntryPoint","urlTemplate":"https:\/\/www.suzuki.ca\/?s={search_term_string}"},"query-input":{"@type":"PropertyValueSpecification","valueRequired":true,"valueName":"search_term_string"}}],"inLanguage":"fr-FR"},{"@type":"Organization","@id":"https:\/\/www.suzuki.ca\/#organization","name":"Suzuki Canada Inc.","url":"https:\/\/www.suzuki.ca\/","logo":{"@type":"ImageObject","inLanguage":"fr-FR","@id":"https:\/\/www.suzuki.ca\/#\/schema\/logo\/image\/","url":"https:\/\/www.suzuki.ca\/wp-content\/uploads\/Suzuki_Logo_Parallelogram.svg","contentUrl":"https:\/\/www.suzuki.ca\/wp-content\/uploads\/Suzuki_Logo_Parallelogram.svg","caption":"Suzuki Canada Inc."},"image":{"@id":"https:\/\/www.suzuki.ca\/#\/schema\/logo\/image\/"}}]}},"_links":{"self":[{"href":"https:\/\/www.suzuki.ca\/fr\/wp-json\/wp\/v2\/product\/50343","targetHints":{"allow":["GET"]}}],"collection":[{"href":"https:\/\/www.suzuki.ca\/fr\/wp-json\/wp\/v2\/product"}],"about":[{"href":"https:\/\/www.suzuki.ca\/fr\/wp-json\/wp\/v2\/types\/product"}],"wp:featuredmedia":[{"embeddable":true,"href":"https:\/\/www.suzuki.ca\/fr\/wp-json\/wp\/v2\/media\/50393"}],"wp:attachment":[{"href":"https:\/\/www.suzuki.ca\/fr\/wp-json\/wp\/v2\/media?parent=50343"}],"wp:term":[{"taxonomy":"product_brand","embeddable":true,"href":"https:\/\/www.suzuki.ca\/fr\/wp-json\/wp\/v2\/product_brand?post=50343"},{"taxonomy":"product_cat","embeddable":true,"href":"https:\/\/www.suzuki.ca\/fr\/wp-json\/wp\/v2\/product_cat?post=50343"},{"taxonomy":"product_tag","embeddable":true,"href":"https:\/\/www.suzuki.ca\/fr\/wp-json\/wp\/v2\/product_tag?post=50343"}],"curies":[{"name":"wp","href":"https:\/\/api.w.org\/{rel}","templated":true}]}}