{"id":50372,"date":"2023-10-04T10:35:11","date_gmt":"2023-10-04T14:35:11","guid":{"rendered":"https:\/\/www.suzuki.ca\/?post_type=product&#038;p=50372"},"modified":"2026-03-30T11:57:42","modified_gmt":"2026-03-30T15:57:42","slug":"2024-v-strom-1050de-aventure","status":"publish","type":"product","link":"https:\/\/www.suzuki.ca\/fr\/produit\/2024-v-strom-1050de-aventure\/","title":{"rendered":"2024 V-Strom 1050DE Aventure"},"content":{"rendered":"<p><img loading=\"lazy\" decoding=\"async\" class=\"alignnone wp-image-45366\" src=\"https:\/\/www.suzuki.ca\/wp-content\/uploads\/DL1050RJM3_logo-1000x37.jpg\" alt=\"DL1050RJM3_logo\" width=\"405\" height=\"15\" srcset=\"https:\/\/www.suzuki.ca\/wp-content\/uploads\/DL1050RJM3_logo-1000x37.jpg 1000w, https:\/\/www.suzuki.ca\/wp-content\/uploads\/DL1050RJM3_logo-1500x55.jpg 1500w, https:\/\/www.suzuki.ca\/wp-content\/uploads\/DL1050RJM3_logo-768x28.jpg 768w, https:\/\/www.suzuki.ca\/wp-content\/uploads\/DL1050RJM3_logo-1536x56.jpg 1536w, https:\/\/www.suzuki.ca\/wp-content\/uploads\/DL1050RJM3_logo-2048x75.jpg 2048w\" sizes=\"auto, (max-width: 405px) 100vw, 405px\" \/><\/p>\n<h2>Le ma\u00eetre de l\u2019aventure ne conna\u00eet pas de limites<\/h2>\n<p>D\u00e9couvrez la V-STROM 1050DE Aventure avec tous les atouts du mod\u00e8le pr\u00e9c\u00e9dent plus un \u00e9ventail encore plus large de possibilit\u00e9s de tourisme d\u2019aventure sur de longues distances. La V-STROMDE est dot\u00e9e de caract\u00e9ristiques distinctives visant sp\u00e9cifiquement \u00e0 am\u00e9liorer sa capacit\u00e9 \u00e0 n\u00e9gocier avec plus d\u2019assurance le gravier, les routes de campagne, les voies vertes et les sentiers de camping.<\/p>\n<p><strong>Principales caract\u00e9ristiques de la toute nouvelle V-Strom 1050DE Adventure 2024:<\/strong><\/p>\n<ul>\n<li>Am\u00e9lioration du comportement sur les surfaces non pav\u00e9ess<\/li>\n<li>Construction durable pour r\u00e9sister aux conditions les plus rigoureuses<\/li>\n<li><strong>Quick Shift bidirectionnel<\/strong> pour des changements de vitesse plus rapides et plus doux &#8211; <strong class=\"red-text\">NOUVEAUT\u00c9!<\/strong><\/li>\n<li>Nouveau <strong>mode Gravier et possibilit\u00e9 de d\u00e9sactiver l\u2019ABS arri\u00e8re<\/strong> pour am\u00e9liorer les performances sur le gravier &#8211; <strong class=\"red-text\">NOUVEAUT\u00c9!<\/strong><\/li>\n<li>Prenez la longue route. Le kit d\u2019aventure comprend des valises lat\u00e9rales en aluminium et du montage<\/li>\n<\/ul>\n","protected":false},"excerpt":{"rendered":"<p>\u2026 <a class=\"blog-readmore\" href=\"https:\/\/www.suzuki.ca\/fr\/produit\/2024-v-strom-1050de-aventure\/\">Continuez \u00e0 lire ><\/a><\/p>\n","protected":false},"featured_media":47028,"template":"","meta":{"_acf_changed":false,"site-sidebar-layout":"default","site-content-layout":"default","ast-site-content-layout":"default","site-content-style":"default","site-sidebar-style":"default","ast-global-header-display":"","ast-banner-title-visibility":"","ast-main-header-display":"","ast-hfb-above-header-display":"","ast-hfb-below-header-display":"","ast-hfb-mobile-header-display":"","site-post-title":"","ast-breadcrumbs-content":"","ast-featured-img":"","footer-sml-layout":"","ast-disable-related-posts":"","theme-transparent-header-meta":"default","adv-header-id-meta":"","stick-header-meta":"default","header-above-stick-meta":"","header-main-stick-meta":"","header-below-stick-meta":"","astra-migrate-meta-layouts":"set","ast-page-background-enabled":"default","ast-page-background-meta":{"desktop":{"background-color":"","background-image":"","background-repeat":"repeat","background-position":"center center","background-size":"auto","background-attachment":"scroll","background-type":"","background-media":"","overlay-type":"","overlay-color":"","overlay-opacity":"","overlay-gradient":""},"tablet":{"background-color":"","background-image":"","background-repeat":"repeat","background-position":"center center","background-size":"auto","background-attachment":"scroll","background-type":"","background-media":"","overlay-type":"","overlay-color":"","overlay-opacity":"","overlay-gradient":""},"mobile":{"background-color":"","background-image":"","background-repeat":"repeat","background-position":"center center","background-size":"auto","background-attachment":"scroll","background-type":"","background-media":"","overlay-type":"","overlay-color":"","overlay-opacity":"","overlay-gradient":""}},"ast-content-background-meta":{"desktop":{"background-color":"var(--ast-global-color-5)","background-image":"","background-repeat":"repeat","background-position":"center center","background-size":"auto","background-attachment":"scroll","background-type":"","background-media":"","overlay-type":"","overlay-color":"","overlay-opacity":"","overlay-gradient":""},"tablet":{"background-color":"var(--ast-global-color-5)","background-image":"","background-repeat":"repeat","background-position":"center center","background-size":"auto","background-attachment":"scroll","background-type":"","background-media":"","overlay-type":"","overlay-color":"","overlay-opacity":"","overlay-gradient":""},"mobile":{"background-color":"var(--ast-global-color-5)","background-image":"","background-repeat":"repeat","background-position":"center center","background-size":"auto","background-attachment":"scroll","background-type":"","background-media":"","overlay-type":"","overlay-color":"","overlay-opacity":"","overlay-gradient":""}}},"product_brand":[],"product_cat":[97,96],"product_tag":[],"class_list":{"0":"post-50372","1":"product","2":"type-product","3":"status-publish","4":"has-post-thumbnail","6":"product_cat-aventure","7":"product_cat-motos","8":"desktop-align-left","9":"tablet-align-left","10":"mobile-align-left","11":"ast-product-gallery-layout-horizontal","12":"ast-magnify-disabled","13":"ast-product-tabs-layout-horizontal","15":"first","16":"instock","17":"product-type-simple"},"acf":[],"yoast_head":"<!-- This site is optimized with the Yoast SEO plugin v26.9 - https:\/\/yoast.com\/product\/yoast-seo-wordpress\/ -->\n<title>2024 V-Strom 1050DE Aventure - Suzuki Canada Inc.<\/title>\n<meta name=\"robots\" content=\"index, follow, max-snippet:-1, max-image-preview:large, max-video-preview:-1\" \/>\n<link rel=\"canonical\" href=\"https:\/\/www.suzuki.ca\/fr\/produit\/2024-v-strom-1050de-aventure\/\" \/>\n<meta property=\"og:locale\" content=\"fr_FR\" \/>\n<meta property=\"og:type\" content=\"article\" \/>\n<meta property=\"og:title\" content=\"2024 V-Strom 1050DE Aventure - Suzuki Canada Inc.\" \/>\n<meta property=\"og:description\" content=\"\u2026 Continuez \u00e0 lire &gt;\" \/>\n<meta property=\"og:url\" content=\"https:\/\/www.suzuki.ca\/fr\/produit\/2024-v-strom-1050de-aventure\/\" \/>\n<meta property=\"og:site_name\" content=\"Suzuki Canada Inc.\" \/>\n<meta property=\"article:modified_time\" content=\"2026-03-30T15:57:42+00:00\" \/>\n<meta property=\"og:image\" content=\"https:\/\/www.suzuki.ca\/wp-content\/uploads\/DL1050RJM3_JWN_right-with-bag-1500x1000-1.jpg\" \/>\n\t<meta property=\"og:image:width\" content=\"1500\" \/>\n\t<meta property=\"og:image:height\" content=\"1000\" \/>\n\t<meta property=\"og:image:type\" content=\"image\/jpeg\" \/>\n<meta name=\"twitter:card\" content=\"summary_large_image\" \/>\n<meta name=\"twitter:label1\" content=\"Est. reading time\" \/>\n\t<meta name=\"twitter:data1\" content=\"2 minutes\" \/>\n<script type=\"application\/ld+json\" class=\"yoast-schema-graph\">{\"@context\":\"https:\/\/schema.org\",\"@graph\":[{\"@type\":\"WebPage\",\"@id\":\"https:\/\/www.suzuki.ca\/fr\/produit\/2024-v-strom-1050de-aventure\/\",\"url\":\"https:\/\/www.suzuki.ca\/fr\/produit\/2024-v-strom-1050de-aventure\/\",\"name\":\"2024 V-Strom 1050DE Aventure - Suzuki Canada Inc.\",\"isPartOf\":{\"@id\":\"https:\/\/www.suzuki.ca\/#website\"},\"primaryImageOfPage\":{\"@id\":\"https:\/\/www.suzuki.ca\/fr\/produit\/2024-v-strom-1050de-aventure\/#primaryimage\"},\"image\":{\"@id\":\"https:\/\/www.suzuki.ca\/fr\/produit\/2024-v-strom-1050de-aventure\/#primaryimage\"},\"thumbnailUrl\":\"https:\/\/www.suzuki.ca\/wp-content\/uploads\/DL1050RJM3_JWN_right-with-bag-1500x1000-1.jpg\",\"datePublished\":\"2023-10-04T14:35:11+00:00\",\"dateModified\":\"2026-03-30T15:57:42+00:00\",\"breadcrumb\":{\"@id\":\"https:\/\/www.suzuki.ca\/fr\/produit\/2024-v-strom-1050de-aventure\/#breadcrumb\"},\"inLanguage\":\"fr-FR\",\"potentialAction\":[{\"@type\":\"ReadAction\",\"target\":[\"https:\/\/www.suzuki.ca\/fr\/produit\/2024-v-strom-1050de-aventure\/\"]}]},{\"@type\":\"ImageObject\",\"inLanguage\":\"fr-FR\",\"@id\":\"https:\/\/www.suzuki.ca\/fr\/produit\/2024-v-strom-1050de-aventure\/#primaryimage\",\"url\":\"https:\/\/www.suzuki.ca\/wp-content\/uploads\/DL1050RJM3_JWN_right-with-bag-1500x1000-1.jpg\",\"contentUrl\":\"https:\/\/www.suzuki.ca\/wp-content\/uploads\/DL1050RJM3_JWN_right-with-bag-1500x1000-1.jpg\",\"width\":1500,\"height\":1000,\"caption\":\"Pearl Vigor Blue \/ Pearl Brilliant White (JWN)\"},{\"@type\":\"BreadcrumbList\",\"@id\":\"https:\/\/www.suzuki.ca\/fr\/produit\/2024-v-strom-1050de-aventure\/#breadcrumb\",\"itemListElement\":[{\"@type\":\"ListItem\",\"position\":1,\"name\":\"Accueil\",\"item\":\"https:\/\/www.suzuki.ca\/fr\/\"},{\"@type\":\"ListItem\",\"position\":2,\"name\":\"Products\",\"item\":\"https:\/\/www.suzuki.ca\/shop\/\"},{\"@type\":\"ListItem\",\"position\":3,\"name\":\"2024 V-Strom 1050DE Aventure\"}]},{\"@type\":\"WebSite\",\"@id\":\"https:\/\/www.suzuki.ca\/#website\",\"url\":\"https:\/\/www.suzuki.ca\/\",\"name\":\"Suzuki Canada Inc.\",\"description\":\"The Official Home of Suzuki Canada Motorcycle, ATV, and Marine models and accessories.\",\"publisher\":{\"@id\":\"https:\/\/www.suzuki.ca\/#organization\"},\"potentialAction\":[{\"@type\":\"SearchAction\",\"target\":{\"@type\":\"EntryPoint\",\"urlTemplate\":\"https:\/\/www.suzuki.ca\/?s={search_term_string}\"},\"query-input\":{\"@type\":\"PropertyValueSpecification\",\"valueRequired\":true,\"valueName\":\"search_term_string\"}}],\"inLanguage\":\"fr-FR\"},{\"@type\":\"Organization\",\"@id\":\"https:\/\/www.suzuki.ca\/#organization\",\"name\":\"Suzuki Canada Inc.\",\"url\":\"https:\/\/www.suzuki.ca\/\",\"logo\":{\"@type\":\"ImageObject\",\"inLanguage\":\"fr-FR\",\"@id\":\"https:\/\/www.suzuki.ca\/#\/schema\/logo\/image\/\",\"url\":\"https:\/\/www.suzuki.ca\/wp-content\/uploads\/Suzuki_Logo_Parallelogram.svg\",\"contentUrl\":\"https:\/\/www.suzuki.ca\/wp-content\/uploads\/Suzuki_Logo_Parallelogram.svg\",\"caption\":\"Suzuki Canada Inc.\"},\"image\":{\"@id\":\"https:\/\/www.suzuki.ca\/#\/schema\/logo\/image\/\"}}]}<\/script>\n<!-- \/ Yoast SEO plugin. -->","yoast_head_json":{"title":"2024 V-Strom 1050DE Aventure - Suzuki Canada Inc.","robots":{"index":"index","follow":"follow","max-snippet":"max-snippet:-1","max-image-preview":"max-image-preview:large","max-video-preview":"max-video-preview:-1"},"canonical":"https:\/\/www.suzuki.ca\/fr\/produit\/2024-v-strom-1050de-aventure\/","og_locale":"fr_FR","og_type":"article","og_title":"2024 V-Strom 1050DE Aventure - Suzuki Canada Inc.","og_description":"\u2026 Continuez \u00e0 lire >","og_url":"https:\/\/www.suzuki.ca\/fr\/produit\/2024-v-strom-1050de-aventure\/","og_site_name":"Suzuki Canada Inc.","article_modified_time":"2026-03-30T15:57:42+00:00","og_image":[{"width":1500,"height":1000,"url":"https:\/\/www.suzuki.ca\/wp-content\/uploads\/DL1050RJM3_JWN_right-with-bag-1500x1000-1.jpg","type":"image\/jpeg"}],"twitter_card":"summary_large_image","twitter_misc":{"Est. reading time":"2 minutes"},"schema":{"@context":"https:\/\/schema.org","@graph":[{"@type":"WebPage","@id":"https:\/\/www.suzuki.ca\/fr\/produit\/2024-v-strom-1050de-aventure\/","url":"https:\/\/www.suzuki.ca\/fr\/produit\/2024-v-strom-1050de-aventure\/","name":"2024 V-Strom 1050DE Aventure - Suzuki Canada Inc.","isPartOf":{"@id":"https:\/\/www.suzuki.ca\/#website"},"primaryImageOfPage":{"@id":"https:\/\/www.suzuki.ca\/fr\/produit\/2024-v-strom-1050de-aventure\/#primaryimage"},"image":{"@id":"https:\/\/www.suzuki.ca\/fr\/produit\/2024-v-strom-1050de-aventure\/#primaryimage"},"thumbnailUrl":"https:\/\/www.suzuki.ca\/wp-content\/uploads\/DL1050RJM3_JWN_right-with-bag-1500x1000-1.jpg","datePublished":"2023-10-04T14:35:11+00:00","dateModified":"2026-03-30T15:57:42+00:00","breadcrumb":{"@id":"https:\/\/www.suzuki.ca\/fr\/produit\/2024-v-strom-1050de-aventure\/#breadcrumb"},"inLanguage":"fr-FR","potentialAction":[{"@type":"ReadAction","target":["https:\/\/www.suzuki.ca\/fr\/produit\/2024-v-strom-1050de-aventure\/"]}]},{"@type":"ImageObject","inLanguage":"fr-FR","@id":"https:\/\/www.suzuki.ca\/fr\/produit\/2024-v-strom-1050de-aventure\/#primaryimage","url":"https:\/\/www.suzuki.ca\/wp-content\/uploads\/DL1050RJM3_JWN_right-with-bag-1500x1000-1.jpg","contentUrl":"https:\/\/www.suzuki.ca\/wp-content\/uploads\/DL1050RJM3_JWN_right-with-bag-1500x1000-1.jpg","width":1500,"height":1000,"caption":"Pearl Vigor Blue \/ Pearl Brilliant White (JWN)"},{"@type":"BreadcrumbList","@id":"https:\/\/www.suzuki.ca\/fr\/produit\/2024-v-strom-1050de-aventure\/#breadcrumb","itemListElement":[{"@type":"ListItem","position":1,"name":"Accueil","item":"https:\/\/www.suzuki.ca\/fr\/"},{"@type":"ListItem","position":2,"name":"Products","item":"https:\/\/www.suzuki.ca\/shop\/"},{"@type":"ListItem","position":3,"name":"2024 V-Strom 1050DE Aventure"}]},{"@type":"WebSite","@id":"https:\/\/www.suzuki.ca\/#website","url":"https:\/\/www.suzuki.ca\/","name":"Suzuki Canada Inc.","description":"The Official Home of Suzuki Canada Motorcycle, ATV, and Marine models and accessories.","publisher":{"@id":"https:\/\/www.suzuki.ca\/#organization"},"potentialAction":[{"@type":"SearchAction","target":{"@type":"EntryPoint","urlTemplate":"https:\/\/www.suzuki.ca\/?s={search_term_string}"},"query-input":{"@type":"PropertyValueSpecification","valueRequired":true,"valueName":"search_term_string"}}],"inLanguage":"fr-FR"},{"@type":"Organization","@id":"https:\/\/www.suzuki.ca\/#organization","name":"Suzuki Canada Inc.","url":"https:\/\/www.suzuki.ca\/","logo":{"@type":"ImageObject","inLanguage":"fr-FR","@id":"https:\/\/www.suzuki.ca\/#\/schema\/logo\/image\/","url":"https:\/\/www.suzuki.ca\/wp-content\/uploads\/Suzuki_Logo_Parallelogram.svg","contentUrl":"https:\/\/www.suzuki.ca\/wp-content\/uploads\/Suzuki_Logo_Parallelogram.svg","caption":"Suzuki Canada Inc."},"image":{"@id":"https:\/\/www.suzuki.ca\/#\/schema\/logo\/image\/"}}]}},"_links":{"self":[{"href":"https:\/\/www.suzuki.ca\/fr\/wp-json\/wp\/v2\/product\/50372","targetHints":{"allow":["GET"]}}],"collection":[{"href":"https:\/\/www.suzuki.ca\/fr\/wp-json\/wp\/v2\/product"}],"about":[{"href":"https:\/\/www.suzuki.ca\/fr\/wp-json\/wp\/v2\/types\/product"}],"wp:featuredmedia":[{"embeddable":true,"href":"https:\/\/www.suzuki.ca\/fr\/wp-json\/wp\/v2\/media\/47028"}],"wp:attachment":[{"href":"https:\/\/www.suzuki.ca\/fr\/wp-json\/wp\/v2\/media?parent=50372"}],"wp:term":[{"taxonomy":"product_brand","embeddable":true,"href":"https:\/\/www.suzuki.ca\/fr\/wp-json\/wp\/v2\/product_brand?post=50372"},{"taxonomy":"product_cat","embeddable":true,"href":"https:\/\/www.suzuki.ca\/fr\/wp-json\/wp\/v2\/product_cat?post=50372"},{"taxonomy":"product_tag","embeddable":true,"href":"https:\/\/www.suzuki.ca\/fr\/wp-json\/wp\/v2\/product_tag?post=50372"}],"curies":[{"name":"wp","href":"https:\/\/api.w.org\/{rel}","templated":true}]}}