{"id":50381,"date":"2023-10-04T10:52:38","date_gmt":"2023-10-04T14:52:39","guid":{"rendered":"https:\/\/www.suzuki.ca\/?post_type=product&#038;p=50381"},"modified":"2026-03-30T13:59:23","modified_gmt":"2026-03-30T17:59:23","slug":"2024-boulevard-m109r","status":"publish","type":"product","link":"https:\/\/www.suzuki.ca\/fr\/produit\/2024-boulevard-m109r\/","title":{"rendered":"2024 Boulevard M109R"},"content":{"rendered":"<h1>HAUT STYLE, HAUTE PERFORMANCE<\/h1>\n<p>Allez, avouez-le, vous voulez poss\u00e9der une moto dont le style \u00e9clipse toutes les autres! Alors la Suzuki Boulevard M109R B.O.S.S. est pour vous, puisqu\u2019elle attire l\u2019attention comme e entre. Un agencement incomparable de couleurs sur fond noir et un style agressif annoncent toute la puissance de la M109R. Et si le look de cette machine ne suffit pas \u00e0 vous convaincre, son moteur V2 de 1783 cc devrait y parvenir. Calibr\u00e9 pour produire un couple \u00e9norme du ralenti \u00e0 la ligne rouge, le moteur de la Suzuki Boulevard M109R B.O.S.S. vous accrochera le sourire au visage chaque fois que vous tournerez la poign\u00e9e.<\/p>\n","protected":false},"excerpt":{"rendered":"<p>\u2026 <a class=\"blog-readmore\" href=\"https:\/\/www.suzuki.ca\/fr\/produit\/2024-boulevard-m109r\/\">Continuez \u00e0 lire ><\/a><\/p>\n","protected":false},"featured_media":52221,"template":"","meta":{"_acf_changed":false,"site-sidebar-layout":"default","site-content-layout":"default","ast-site-content-layout":"default","site-content-style":"default","site-sidebar-style":"default","ast-global-header-display":"","ast-banner-title-visibility":"","ast-main-header-display":"","ast-hfb-above-header-display":"","ast-hfb-below-header-display":"","ast-hfb-mobile-header-display":"","site-post-title":"","ast-breadcrumbs-content":"","ast-featured-img":"","footer-sml-layout":"","ast-disable-related-posts":"","theme-transparent-header-meta":"default","adv-header-id-meta":"","stick-header-meta":"default","header-above-stick-meta":"","header-main-stick-meta":"","header-below-stick-meta":"","astra-migrate-meta-layouts":"set","ast-page-background-enabled":"default","ast-page-background-meta":{"desktop":{"background-color":"","background-image":"","background-repeat":"repeat","background-position":"center center","background-size":"auto","background-attachment":"scroll","background-type":"","background-media":"","overlay-type":"","overlay-color":"","overlay-opacity":"","overlay-gradient":""},"tablet":{"background-color":"","background-image":"","background-repeat":"repeat","background-position":"center center","background-size":"auto","background-attachment":"scroll","background-type":"","background-media":"","overlay-type":"","overlay-color":"","overlay-opacity":"","overlay-gradient":""},"mobile":{"background-color":"","background-image":"","background-repeat":"repeat","background-position":"center center","background-size":"auto","background-attachment":"scroll","background-type":"","background-media":"","overlay-type":"","overlay-color":"","overlay-opacity":"","overlay-gradient":""}},"ast-content-background-meta":{"desktop":{"background-color":"var(--ast-global-color-5)","background-image":"","background-repeat":"repeat","background-position":"center center","background-size":"auto","background-attachment":"scroll","background-type":"","background-media":"","overlay-type":"","overlay-color":"","overlay-opacity":"","overlay-gradient":""},"tablet":{"background-color":"var(--ast-global-color-5)","background-image":"","background-repeat":"repeat","background-position":"center center","background-size":"auto","background-attachment":"scroll","background-type":"","background-media":"","overlay-type":"","overlay-color":"","overlay-opacity":"","overlay-gradient":""},"mobile":{"background-color":"var(--ast-global-color-5)","background-image":"","background-repeat":"repeat","background-position":"center center","background-size":"auto","background-attachment":"scroll","background-type":"","background-media":"","overlay-type":"","overlay-color":"","overlay-opacity":"","overlay-gradient":""}}},"product_brand":[],"product_cat":[98,96],"product_tag":[],"class_list":{"0":"post-50381","1":"product","2":"type-product","3":"status-publish","4":"has-post-thumbnail","6":"product_cat-moto-de-croisiere","7":"product_cat-motos","8":"desktop-align-left","9":"tablet-align-left","10":"mobile-align-left","11":"ast-product-gallery-layout-horizontal","12":"ast-magnify-disabled","13":"ast-product-tabs-layout-horizontal","15":"first","16":"instock","17":"product-type-simple"},"acf":[],"yoast_head":"<!-- This site is optimized with the Yoast SEO plugin v26.9 - https:\/\/yoast.com\/product\/yoast-seo-wordpress\/ -->\n<title>2024 Boulevard M109R - Suzuki Canada Inc.<\/title>\n<meta name=\"robots\" content=\"index, follow, max-snippet:-1, max-image-preview:large, max-video-preview:-1\" \/>\n<link rel=\"canonical\" href=\"https:\/\/www.suzuki.ca\/fr\/produit\/2024-boulevard-m109r\/\" \/>\n<meta property=\"og:locale\" content=\"fr_FR\" \/>\n<meta property=\"og:type\" content=\"article\" \/>\n<meta property=\"og:title\" content=\"2024 Boulevard M109R - Suzuki Canada Inc.\" \/>\n<meta property=\"og:description\" content=\"\u2026 Continuez \u00e0 lire &gt;\" \/>\n<meta property=\"og:url\" content=\"https:\/\/www.suzuki.ca\/fr\/produit\/2024-boulevard-m109r\/\" \/>\n<meta property=\"og:site_name\" content=\"Suzuki Canada Inc.\" \/>\n<meta property=\"article:modified_time\" content=\"2026-03-30T17:59:23+00:00\" \/>\n<meta property=\"og:image\" content=\"https:\/\/www.suzuki.ca\/wp-content\/uploads\/VZR1800_Diagonal.jpg\" \/>\n\t<meta property=\"og:image:width\" content=\"1640\" \/>\n\t<meta property=\"og:image:height\" content=\"924\" \/>\n\t<meta property=\"og:image:type\" content=\"image\/jpeg\" \/>\n<meta name=\"twitter:card\" content=\"summary_large_image\" \/>\n<meta name=\"twitter:label1\" content=\"Est. reading time\" \/>\n\t<meta name=\"twitter:data1\" content=\"1 minute\" \/>\n<script type=\"application\/ld+json\" class=\"yoast-schema-graph\">{\"@context\":\"https:\/\/schema.org\",\"@graph\":[{\"@type\":\"WebPage\",\"@id\":\"https:\/\/www.suzuki.ca\/fr\/produit\/2024-boulevard-m109r\/\",\"url\":\"https:\/\/www.suzuki.ca\/fr\/produit\/2024-boulevard-m109r\/\",\"name\":\"2024 Boulevard M109R - Suzuki Canada Inc.\",\"isPartOf\":{\"@id\":\"https:\/\/www.suzuki.ca\/#website\"},\"primaryImageOfPage\":{\"@id\":\"https:\/\/www.suzuki.ca\/fr\/produit\/2024-boulevard-m109r\/#primaryimage\"},\"image\":{\"@id\":\"https:\/\/www.suzuki.ca\/fr\/produit\/2024-boulevard-m109r\/#primaryimage\"},\"thumbnailUrl\":\"https:\/\/www.suzuki.ca\/wp-content\/uploads\/VZR1800_Diagonal.jpg\",\"datePublished\":\"2023-10-04T14:52:39+00:00\",\"dateModified\":\"2026-03-30T17:59:23+00:00\",\"breadcrumb\":{\"@id\":\"https:\/\/www.suzuki.ca\/fr\/produit\/2024-boulevard-m109r\/#breadcrumb\"},\"inLanguage\":\"fr-FR\",\"potentialAction\":[{\"@type\":\"ReadAction\",\"target\":[\"https:\/\/www.suzuki.ca\/fr\/produit\/2024-boulevard-m109r\/\"]}]},{\"@type\":\"ImageObject\",\"inLanguage\":\"fr-FR\",\"@id\":\"https:\/\/www.suzuki.ca\/fr\/produit\/2024-boulevard-m109r\/#primaryimage\",\"url\":\"https:\/\/www.suzuki.ca\/wp-content\/uploads\/VZR1800_Diagonal.jpg\",\"contentUrl\":\"https:\/\/www.suzuki.ca\/wp-content\/uploads\/VZR1800_Diagonal.jpg\",\"width\":1640,\"height\":924,\"caption\":\"Glass Sparkle Black (YVB)\"},{\"@type\":\"BreadcrumbList\",\"@id\":\"https:\/\/www.suzuki.ca\/fr\/produit\/2024-boulevard-m109r\/#breadcrumb\",\"itemListElement\":[{\"@type\":\"ListItem\",\"position\":1,\"name\":\"Accueil\",\"item\":\"https:\/\/www.suzuki.ca\/fr\/\"},{\"@type\":\"ListItem\",\"position\":2,\"name\":\"Products\",\"item\":\"https:\/\/www.suzuki.ca\/shop\/\"},{\"@type\":\"ListItem\",\"position\":3,\"name\":\"2024 Boulevard M109R\"}]},{\"@type\":\"WebSite\",\"@id\":\"https:\/\/www.suzuki.ca\/#website\",\"url\":\"https:\/\/www.suzuki.ca\/\",\"name\":\"Suzuki Canada Inc.\",\"description\":\"The Official Home of Suzuki Canada Motorcycle, ATV, and Marine models and accessories.\",\"publisher\":{\"@id\":\"https:\/\/www.suzuki.ca\/#organization\"},\"potentialAction\":[{\"@type\":\"SearchAction\",\"target\":{\"@type\":\"EntryPoint\",\"urlTemplate\":\"https:\/\/www.suzuki.ca\/?s={search_term_string}\"},\"query-input\":{\"@type\":\"PropertyValueSpecification\",\"valueRequired\":true,\"valueName\":\"search_term_string\"}}],\"inLanguage\":\"fr-FR\"},{\"@type\":\"Organization\",\"@id\":\"https:\/\/www.suzuki.ca\/#organization\",\"name\":\"Suzuki Canada Inc.\",\"url\":\"https:\/\/www.suzuki.ca\/\",\"logo\":{\"@type\":\"ImageObject\",\"inLanguage\":\"fr-FR\",\"@id\":\"https:\/\/www.suzuki.ca\/#\/schema\/logo\/image\/\",\"url\":\"https:\/\/www.suzuki.ca\/wp-content\/uploads\/Suzuki_Logo_Parallelogram.svg\",\"contentUrl\":\"https:\/\/www.suzuki.ca\/wp-content\/uploads\/Suzuki_Logo_Parallelogram.svg\",\"caption\":\"Suzuki Canada Inc.\"},\"image\":{\"@id\":\"https:\/\/www.suzuki.ca\/#\/schema\/logo\/image\/\"}}]}<\/script>\n<!-- \/ Yoast SEO plugin. -->","yoast_head_json":{"title":"2024 Boulevard M109R - Suzuki Canada Inc.","robots":{"index":"index","follow":"follow","max-snippet":"max-snippet:-1","max-image-preview":"max-image-preview:large","max-video-preview":"max-video-preview:-1"},"canonical":"https:\/\/www.suzuki.ca\/fr\/produit\/2024-boulevard-m109r\/","og_locale":"fr_FR","og_type":"article","og_title":"2024 Boulevard M109R - Suzuki Canada Inc.","og_description":"\u2026 Continuez \u00e0 lire >","og_url":"https:\/\/www.suzuki.ca\/fr\/produit\/2024-boulevard-m109r\/","og_site_name":"Suzuki Canada Inc.","article_modified_time":"2026-03-30T17:59:23+00:00","og_image":[{"width":1640,"height":924,"url":"https:\/\/www.suzuki.ca\/wp-content\/uploads\/VZR1800_Diagonal.jpg","type":"image\/jpeg"}],"twitter_card":"summary_large_image","twitter_misc":{"Est. reading time":"1 minute"},"schema":{"@context":"https:\/\/schema.org","@graph":[{"@type":"WebPage","@id":"https:\/\/www.suzuki.ca\/fr\/produit\/2024-boulevard-m109r\/","url":"https:\/\/www.suzuki.ca\/fr\/produit\/2024-boulevard-m109r\/","name":"2024 Boulevard M109R - Suzuki Canada Inc.","isPartOf":{"@id":"https:\/\/www.suzuki.ca\/#website"},"primaryImageOfPage":{"@id":"https:\/\/www.suzuki.ca\/fr\/produit\/2024-boulevard-m109r\/#primaryimage"},"image":{"@id":"https:\/\/www.suzuki.ca\/fr\/produit\/2024-boulevard-m109r\/#primaryimage"},"thumbnailUrl":"https:\/\/www.suzuki.ca\/wp-content\/uploads\/VZR1800_Diagonal.jpg","datePublished":"2023-10-04T14:52:39+00:00","dateModified":"2026-03-30T17:59:23+00:00","breadcrumb":{"@id":"https:\/\/www.suzuki.ca\/fr\/produit\/2024-boulevard-m109r\/#breadcrumb"},"inLanguage":"fr-FR","potentialAction":[{"@type":"ReadAction","target":["https:\/\/www.suzuki.ca\/fr\/produit\/2024-boulevard-m109r\/"]}]},{"@type":"ImageObject","inLanguage":"fr-FR","@id":"https:\/\/www.suzuki.ca\/fr\/produit\/2024-boulevard-m109r\/#primaryimage","url":"https:\/\/www.suzuki.ca\/wp-content\/uploads\/VZR1800_Diagonal.jpg","contentUrl":"https:\/\/www.suzuki.ca\/wp-content\/uploads\/VZR1800_Diagonal.jpg","width":1640,"height":924,"caption":"Glass Sparkle Black (YVB)"},{"@type":"BreadcrumbList","@id":"https:\/\/www.suzuki.ca\/fr\/produit\/2024-boulevard-m109r\/#breadcrumb","itemListElement":[{"@type":"ListItem","position":1,"name":"Accueil","item":"https:\/\/www.suzuki.ca\/fr\/"},{"@type":"ListItem","position":2,"name":"Products","item":"https:\/\/www.suzuki.ca\/shop\/"},{"@type":"ListItem","position":3,"name":"2024 Boulevard M109R"}]},{"@type":"WebSite","@id":"https:\/\/www.suzuki.ca\/#website","url":"https:\/\/www.suzuki.ca\/","name":"Suzuki Canada Inc.","description":"The Official Home of Suzuki Canada Motorcycle, ATV, and Marine models and accessories.","publisher":{"@id":"https:\/\/www.suzuki.ca\/#organization"},"potentialAction":[{"@type":"SearchAction","target":{"@type":"EntryPoint","urlTemplate":"https:\/\/www.suzuki.ca\/?s={search_term_string}"},"query-input":{"@type":"PropertyValueSpecification","valueRequired":true,"valueName":"search_term_string"}}],"inLanguage":"fr-FR"},{"@type":"Organization","@id":"https:\/\/www.suzuki.ca\/#organization","name":"Suzuki Canada Inc.","url":"https:\/\/www.suzuki.ca\/","logo":{"@type":"ImageObject","inLanguage":"fr-FR","@id":"https:\/\/www.suzuki.ca\/#\/schema\/logo\/image\/","url":"https:\/\/www.suzuki.ca\/wp-content\/uploads\/Suzuki_Logo_Parallelogram.svg","contentUrl":"https:\/\/www.suzuki.ca\/wp-content\/uploads\/Suzuki_Logo_Parallelogram.svg","caption":"Suzuki Canada Inc."},"image":{"@id":"https:\/\/www.suzuki.ca\/#\/schema\/logo\/image\/"}}]}},"_links":{"self":[{"href":"https:\/\/www.suzuki.ca\/fr\/wp-json\/wp\/v2\/product\/50381","targetHints":{"allow":["GET"]}}],"collection":[{"href":"https:\/\/www.suzuki.ca\/fr\/wp-json\/wp\/v2\/product"}],"about":[{"href":"https:\/\/www.suzuki.ca\/fr\/wp-json\/wp\/v2\/types\/product"}],"wp:featuredmedia":[{"embeddable":true,"href":"https:\/\/www.suzuki.ca\/fr\/wp-json\/wp\/v2\/media\/52221"}],"wp:attachment":[{"href":"https:\/\/www.suzuki.ca\/fr\/wp-json\/wp\/v2\/media?parent=50381"}],"wp:term":[{"taxonomy":"product_brand","embeddable":true,"href":"https:\/\/www.suzuki.ca\/fr\/wp-json\/wp\/v2\/product_brand?post=50381"},{"taxonomy":"product_cat","embeddable":true,"href":"https:\/\/www.suzuki.ca\/fr\/wp-json\/wp\/v2\/product_cat?post=50381"},{"taxonomy":"product_tag","embeddable":true,"href":"https:\/\/www.suzuki.ca\/fr\/wp-json\/wp\/v2\/product_tag?post=50381"}],"curies":[{"name":"wp","href":"https:\/\/api.w.org\/{rel}","templated":true}]}}