{"id":50385,"date":"2023-10-04T10:59:29","date_gmt":"2023-10-04T14:59:30","guid":{"rendered":"https:\/\/www.suzuki.ca\/?post_type=product&#038;p=50385"},"modified":"2026-03-30T13:59:41","modified_gmt":"2026-03-30T17:59:41","slug":"2024-boulevard-c50","status":"publish","type":"product","link":"https:\/\/www.suzuki.ca\/fr\/produit\/2024-boulevard-c50\/","title":{"rendered":"2024 Boulevard C50"},"content":{"rendered":"<h2>GRONDEMENT CLASSIQUE \u2013 CONFORT MODERNE<\/h2>\n<p>Grondement classique avec efficacit\u00e9 raffin\u00e9e. Penture riche avec chrome \u00e9clatant sur ing\u00e9nierie de pr\u00e9cision. Ils sont tous construits pour avoir une combinaison irr\u00e9sistible d\u2019apparence de cruiser avec le raffinement de la technologie moderne. C\u2019est une SUZUKI BOULEVARD C50.<\/p>\n<p>Voici un cruiser o\u00f9 le style s\u2019associe \u00e0 la performance. La Boulevard C50 Classic, con\u00e7ue pour faire tourner les t\u00eates sur les boulevards, est dot\u00e9e d\u2019une peinture noire \u00e9tincelante et du style robuste du cruiser classique qui comprend une fourche t\u00e9lescopique ainsi qu\u2019un syst\u00e8me d\u2019\u00e9chappement \u00e9tag\u00e9 double chrom\u00e9. Ce design frappant est rehauss\u00e9 par une excellente performance g\u00e9n\u00e9rale. La C50 Classic est \u00e9quip\u00e9e d\u2019un moteur bicylindre en V \u00e0 injection de carburant, \u00e0 45 degr\u00e9s au couple abondant m\u00eame \u00e0 bas r\u00e9gime ainsi qu\u2019une performance excitante au haut de la plage de r\u00e9gime. Elle offre une position de conduite spacieuse et une suspension souple pour rouler avec un maximum de confort. Le long des boulevards ou sur l\u2019autoroute \u2013 la C50 Classic vous r\u00e9compense par une randonn\u00e9e que vous n\u2019\u00eates pas pr\u00eat d\u2019oublier.<\/p>\n","protected":false},"excerpt":{"rendered":"<p>\u2026 <a class=\"blog-readmore\" href=\"https:\/\/www.suzuki.ca\/fr\/produit\/2024-boulevard-c50\/\">Continuez \u00e0 lire ><\/a><\/p>\n","protected":false},"featured_media":46962,"template":"","meta":{"_acf_changed":false,"site-sidebar-layout":"default","site-content-layout":"default","ast-site-content-layout":"default","site-content-style":"default","site-sidebar-style":"default","ast-global-header-display":"","ast-banner-title-visibility":"","ast-main-header-display":"","ast-hfb-above-header-display":"","ast-hfb-below-header-display":"","ast-hfb-mobile-header-display":"","site-post-title":"","ast-breadcrumbs-content":"","ast-featured-img":"","footer-sml-layout":"","ast-disable-related-posts":"","theme-transparent-header-meta":"default","adv-header-id-meta":"","stick-header-meta":"default","header-above-stick-meta":"","header-main-stick-meta":"","header-below-stick-meta":"","astra-migrate-meta-layouts":"set","ast-page-background-enabled":"default","ast-page-background-meta":{"desktop":{"background-color":"","background-image":"","background-repeat":"repeat","background-position":"center center","background-size":"auto","background-attachment":"scroll","background-type":"","background-media":"","overlay-type":"","overlay-color":"","overlay-opacity":"","overlay-gradient":""},"tablet":{"background-color":"","background-image":"","background-repeat":"repeat","background-position":"center center","background-size":"auto","background-attachment":"scroll","background-type":"","background-media":"","overlay-type":"","overlay-color":"","overlay-opacity":"","overlay-gradient":""},"mobile":{"background-color":"","background-image":"","background-repeat":"repeat","background-position":"center center","background-size":"auto","background-attachment":"scroll","background-type":"","background-media":"","overlay-type":"","overlay-color":"","overlay-opacity":"","overlay-gradient":""}},"ast-content-background-meta":{"desktop":{"background-color":"var(--ast-global-color-5)","background-image":"","background-repeat":"repeat","background-position":"center center","background-size":"auto","background-attachment":"scroll","background-type":"","background-media":"","overlay-type":"","overlay-color":"","overlay-opacity":"","overlay-gradient":""},"tablet":{"background-color":"var(--ast-global-color-5)","background-image":"","background-repeat":"repeat","background-position":"center center","background-size":"auto","background-attachment":"scroll","background-type":"","background-media":"","overlay-type":"","overlay-color":"","overlay-opacity":"","overlay-gradient":""},"mobile":{"background-color":"var(--ast-global-color-5)","background-image":"","background-repeat":"repeat","background-position":"center center","background-size":"auto","background-attachment":"scroll","background-type":"","background-media":"","overlay-type":"","overlay-color":"","overlay-opacity":"","overlay-gradient":""}}},"product_brand":[],"product_cat":[98,96],"product_tag":[],"class_list":{"0":"post-50385","1":"product","2":"type-product","3":"status-publish","4":"has-post-thumbnail","6":"product_cat-moto-de-croisiere","7":"product_cat-motos","8":"desktop-align-left","9":"tablet-align-left","10":"mobile-align-left","11":"ast-product-gallery-layout-horizontal","12":"ast-magnify-disabled","13":"ast-product-tabs-layout-horizontal","15":"first","16":"instock","17":"product-type-simple"},"acf":[],"yoast_head":"<!-- This site is optimized with the Yoast SEO plugin v27.3 - https:\/\/yoast.com\/product\/yoast-seo-wordpress\/ -->\n<title>2024 Boulevard C50 - Suzuki Canada Inc.<\/title>\n<meta name=\"robots\" content=\"index, follow, max-snippet:-1, max-image-preview:large, max-video-preview:-1\" \/>\n<link rel=\"canonical\" href=\"https:\/\/www.suzuki.ca\/fr\/produit\/2024-boulevard-c50\/\" \/>\n<meta property=\"og:locale\" content=\"fr_FR\" \/>\n<meta property=\"og:type\" content=\"article\" \/>\n<meta property=\"og:title\" content=\"2024 Boulevard C50 - Suzuki Canada Inc.\" \/>\n<meta property=\"og:description\" content=\"\u2026 Continuez \u00e0 lire &gt;\" \/>\n<meta property=\"og:url\" content=\"https:\/\/www.suzuki.ca\/fr\/produit\/2024-boulevard-c50\/\" \/>\n<meta property=\"og:site_name\" content=\"Suzuki Canada Inc.\" \/>\n<meta property=\"article:modified_time\" content=\"2026-03-30T17:59:41+00:00\" \/>\n<meta property=\"og:image\" content=\"https:\/\/www.suzuki.ca\/wp-content\/uploads\/VL800_BOU_M3_YUD_Diagonal-scaled.jpg\" \/>\n\t<meta property=\"og:image:width\" content=\"2560\" \/>\n\t<meta property=\"og:image:height\" content=\"1707\" \/>\n\t<meta property=\"og:image:type\" content=\"image\/jpeg\" \/>\n<meta name=\"twitter:card\" content=\"summary_large_image\" \/>\n<meta name=\"twitter:label1\" content=\"Est. reading time\" \/>\n\t<meta name=\"twitter:data1\" content=\"1 minute\" \/>\n<script type=\"application\/ld+json\" class=\"yoast-schema-graph\">{\"@context\":\"https:\\\/\\\/schema.org\",\"@graph\":[{\"@type\":\"WebPage\",\"@id\":\"https:\\\/\\\/www.suzuki.ca\\\/fr\\\/produit\\\/2024-boulevard-c50\\\/\",\"url\":\"https:\\\/\\\/www.suzuki.ca\\\/fr\\\/produit\\\/2024-boulevard-c50\\\/\",\"name\":\"2024 Boulevard C50 - Suzuki Canada Inc.\",\"isPartOf\":{\"@id\":\"https:\\\/\\\/www.suzuki.ca\\\/#website\"},\"primaryImageOfPage\":{\"@id\":\"https:\\\/\\\/www.suzuki.ca\\\/fr\\\/produit\\\/2024-boulevard-c50\\\/#primaryimage\"},\"image\":{\"@id\":\"https:\\\/\\\/www.suzuki.ca\\\/fr\\\/produit\\\/2024-boulevard-c50\\\/#primaryimage\"},\"thumbnailUrl\":\"https:\\\/\\\/www.suzuki.ca\\\/wp-content\\\/uploads\\\/VL800_BOU_M3_YUD_Diagonal-scaled.jpg\",\"datePublished\":\"2023-10-04T14:59:30+00:00\",\"dateModified\":\"2026-03-30T17:59:41+00:00\",\"breadcrumb\":{\"@id\":\"https:\\\/\\\/www.suzuki.ca\\\/fr\\\/produit\\\/2024-boulevard-c50\\\/#breadcrumb\"},\"inLanguage\":\"fr-FR\",\"potentialAction\":[{\"@type\":\"ReadAction\",\"target\":[\"https:\\\/\\\/www.suzuki.ca\\\/fr\\\/produit\\\/2024-boulevard-c50\\\/\"]}]},{\"@type\":\"ImageObject\",\"inLanguage\":\"fr-FR\",\"@id\":\"https:\\\/\\\/www.suzuki.ca\\\/fr\\\/produit\\\/2024-boulevard-c50\\\/#primaryimage\",\"url\":\"https:\\\/\\\/www.suzuki.ca\\\/wp-content\\\/uploads\\\/VL800_BOU_M3_YUD_Diagonal-scaled.jpg\",\"contentUrl\":\"https:\\\/\\\/www.suzuki.ca\\\/wp-content\\\/uploads\\\/VL800_BOU_M3_YUD_Diagonal-scaled.jpg\",\"width\":2560,\"height\":1707,\"caption\":\"Solid Iron Gray (YUD)\"},{\"@type\":\"BreadcrumbList\",\"@id\":\"https:\\\/\\\/www.suzuki.ca\\\/fr\\\/produit\\\/2024-boulevard-c50\\\/#breadcrumb\",\"itemListElement\":[{\"@type\":\"ListItem\",\"position\":1,\"name\":\"Accueil\",\"item\":\"https:\\\/\\\/www.suzuki.ca\\\/fr\\\/\"},{\"@type\":\"ListItem\",\"position\":2,\"name\":\"Products\",\"item\":\"https:\\\/\\\/www.suzuki.ca\\\/shop\\\/\"},{\"@type\":\"ListItem\",\"position\":3,\"name\":\"2024 Boulevard C50\"}]},{\"@type\":\"WebSite\",\"@id\":\"https:\\\/\\\/www.suzuki.ca\\\/#website\",\"url\":\"https:\\\/\\\/www.suzuki.ca\\\/\",\"name\":\"Suzuki Canada Inc.\",\"description\":\"The Official Home of Suzuki Canada Motorcycle, ATV, and Marine models and accessories.\",\"publisher\":{\"@id\":\"https:\\\/\\\/www.suzuki.ca\\\/#organization\"},\"potentialAction\":[{\"@type\":\"SearchAction\",\"target\":{\"@type\":\"EntryPoint\",\"urlTemplate\":\"https:\\\/\\\/www.suzuki.ca\\\/?s={search_term_string}\"},\"query-input\":{\"@type\":\"PropertyValueSpecification\",\"valueRequired\":true,\"valueName\":\"search_term_string\"}}],\"inLanguage\":\"fr-FR\"},{\"@type\":\"Organization\",\"@id\":\"https:\\\/\\\/www.suzuki.ca\\\/#organization\",\"name\":\"Suzuki Canada Inc.\",\"url\":\"https:\\\/\\\/www.suzuki.ca\\\/\",\"logo\":{\"@type\":\"ImageObject\",\"inLanguage\":\"fr-FR\",\"@id\":\"https:\\\/\\\/www.suzuki.ca\\\/#\\\/schema\\\/logo\\\/image\\\/\",\"url\":\"https:\\\/\\\/www.suzuki.ca\\\/wp-content\\\/uploads\\\/Suzuki_Logo_Parallelogram.svg\",\"contentUrl\":\"https:\\\/\\\/www.suzuki.ca\\\/wp-content\\\/uploads\\\/Suzuki_Logo_Parallelogram.svg\",\"caption\":\"Suzuki Canada Inc.\"},\"image\":{\"@id\":\"https:\\\/\\\/www.suzuki.ca\\\/#\\\/schema\\\/logo\\\/image\\\/\"}}]}<\/script>\n<!-- \/ Yoast SEO plugin. -->","yoast_head_json":{"title":"2024 Boulevard C50 - Suzuki Canada Inc.","robots":{"index":"index","follow":"follow","max-snippet":"max-snippet:-1","max-image-preview":"max-image-preview:large","max-video-preview":"max-video-preview:-1"},"canonical":"https:\/\/www.suzuki.ca\/fr\/produit\/2024-boulevard-c50\/","og_locale":"fr_FR","og_type":"article","og_title":"2024 Boulevard C50 - Suzuki Canada Inc.","og_description":"\u2026 Continuez \u00e0 lire >","og_url":"https:\/\/www.suzuki.ca\/fr\/produit\/2024-boulevard-c50\/","og_site_name":"Suzuki Canada Inc.","article_modified_time":"2026-03-30T17:59:41+00:00","og_image":[{"width":2560,"height":1707,"url":"https:\/\/www.suzuki.ca\/wp-content\/uploads\/VL800_BOU_M3_YUD_Diagonal-scaled.jpg","type":"image\/jpeg"}],"twitter_card":"summary_large_image","twitter_misc":{"Est. reading time":"1 minute"},"schema":{"@context":"https:\/\/schema.org","@graph":[{"@type":"WebPage","@id":"https:\/\/www.suzuki.ca\/fr\/produit\/2024-boulevard-c50\/","url":"https:\/\/www.suzuki.ca\/fr\/produit\/2024-boulevard-c50\/","name":"2024 Boulevard C50 - Suzuki Canada Inc.","isPartOf":{"@id":"https:\/\/www.suzuki.ca\/#website"},"primaryImageOfPage":{"@id":"https:\/\/www.suzuki.ca\/fr\/produit\/2024-boulevard-c50\/#primaryimage"},"image":{"@id":"https:\/\/www.suzuki.ca\/fr\/produit\/2024-boulevard-c50\/#primaryimage"},"thumbnailUrl":"https:\/\/www.suzuki.ca\/wp-content\/uploads\/VL800_BOU_M3_YUD_Diagonal-scaled.jpg","datePublished":"2023-10-04T14:59:30+00:00","dateModified":"2026-03-30T17:59:41+00:00","breadcrumb":{"@id":"https:\/\/www.suzuki.ca\/fr\/produit\/2024-boulevard-c50\/#breadcrumb"},"inLanguage":"fr-FR","potentialAction":[{"@type":"ReadAction","target":["https:\/\/www.suzuki.ca\/fr\/produit\/2024-boulevard-c50\/"]}]},{"@type":"ImageObject","inLanguage":"fr-FR","@id":"https:\/\/www.suzuki.ca\/fr\/produit\/2024-boulevard-c50\/#primaryimage","url":"https:\/\/www.suzuki.ca\/wp-content\/uploads\/VL800_BOU_M3_YUD_Diagonal-scaled.jpg","contentUrl":"https:\/\/www.suzuki.ca\/wp-content\/uploads\/VL800_BOU_M3_YUD_Diagonal-scaled.jpg","width":2560,"height":1707,"caption":"Solid Iron Gray (YUD)"},{"@type":"BreadcrumbList","@id":"https:\/\/www.suzuki.ca\/fr\/produit\/2024-boulevard-c50\/#breadcrumb","itemListElement":[{"@type":"ListItem","position":1,"name":"Accueil","item":"https:\/\/www.suzuki.ca\/fr\/"},{"@type":"ListItem","position":2,"name":"Products","item":"https:\/\/www.suzuki.ca\/shop\/"},{"@type":"ListItem","position":3,"name":"2024 Boulevard C50"}]},{"@type":"WebSite","@id":"https:\/\/www.suzuki.ca\/#website","url":"https:\/\/www.suzuki.ca\/","name":"Suzuki Canada Inc.","description":"The Official Home of Suzuki Canada Motorcycle, ATV, and Marine models and accessories.","publisher":{"@id":"https:\/\/www.suzuki.ca\/#organization"},"potentialAction":[{"@type":"SearchAction","target":{"@type":"EntryPoint","urlTemplate":"https:\/\/www.suzuki.ca\/?s={search_term_string}"},"query-input":{"@type":"PropertyValueSpecification","valueRequired":true,"valueName":"search_term_string"}}],"inLanguage":"fr-FR"},{"@type":"Organization","@id":"https:\/\/www.suzuki.ca\/#organization","name":"Suzuki Canada Inc.","url":"https:\/\/www.suzuki.ca\/","logo":{"@type":"ImageObject","inLanguage":"fr-FR","@id":"https:\/\/www.suzuki.ca\/#\/schema\/logo\/image\/","url":"https:\/\/www.suzuki.ca\/wp-content\/uploads\/Suzuki_Logo_Parallelogram.svg","contentUrl":"https:\/\/www.suzuki.ca\/wp-content\/uploads\/Suzuki_Logo_Parallelogram.svg","caption":"Suzuki Canada Inc."},"image":{"@id":"https:\/\/www.suzuki.ca\/#\/schema\/logo\/image\/"}}]}},"_links":{"self":[{"href":"https:\/\/www.suzuki.ca\/fr\/wp-json\/wp\/v2\/product\/50385","targetHints":{"allow":["GET"]}}],"collection":[{"href":"https:\/\/www.suzuki.ca\/fr\/wp-json\/wp\/v2\/product"}],"about":[{"href":"https:\/\/www.suzuki.ca\/fr\/wp-json\/wp\/v2\/types\/product"}],"wp:featuredmedia":[{"embeddable":true,"href":"https:\/\/www.suzuki.ca\/fr\/wp-json\/wp\/v2\/media\/46962"}],"wp:attachment":[{"href":"https:\/\/www.suzuki.ca\/fr\/wp-json\/wp\/v2\/media?parent=50385"}],"wp:term":[{"taxonomy":"product_brand","embeddable":true,"href":"https:\/\/www.suzuki.ca\/fr\/wp-json\/wp\/v2\/product_brand?post=50385"},{"taxonomy":"product_cat","embeddable":true,"href":"https:\/\/www.suzuki.ca\/fr\/wp-json\/wp\/v2\/product_cat?post=50385"},{"taxonomy":"product_tag","embeddable":true,"href":"https:\/\/www.suzuki.ca\/fr\/wp-json\/wp\/v2\/product_tag?post=50385"}],"curies":[{"name":"wp","href":"https:\/\/api.w.org\/{rel}","templated":true}]}}