{"id":50905,"date":"2023-10-17T11:50:39","date_gmt":"2023-10-17T15:50:43","guid":{"rendered":"https:\/\/www.suzuki.ca\/?post_type=product&#038;p=50905"},"modified":"2026-04-01T12:34:51","modified_gmt":"2026-04-01T16:34:51","slug":"suzuki-chemises-de-pit-sport-vvt","status":"publish","type":"product","link":"https:\/\/www.suzuki.ca\/fr\/produit\/suzuki-chemises-de-pit-sport-vvt\/","title":{"rendered":"Suzuki CHEMISES DE PIT\/SPORT &#8211; VVT"},"content":{"rendered":"<p>\u00c9levez votre style avec nos Pitshirts\/maillot Suzuki ! Plongez-vous dans le design embl\u00e9matique de Suzuki qui allie harmonieusement la mode et le confort. Con\u00e7u de mat\u00e9riaux de haute qualit\u00e9, nos maillots sont tr\u00e8s confortables, respirants et assure une balade plaisante et agr\u00e9able. Lib\u00e9rez la puissance, la pr\u00e9cision et roulez en toute confiance : ce n&#8217;est pas seulement un maillot, c&#8217;est une exp\u00e9rience Suzuki!<\/p>\n","protected":false},"excerpt":{"rendered":"<p>\u2026 <a class=\"blog-readmore\" href=\"https:\/\/www.suzuki.ca\/fr\/produit\/suzuki-chemises-de-pit-sport-vvt\/\">Continuez \u00e0 lire ><\/a><\/p>\n","protected":false},"featured_media":55252,"template":"","meta":{"_acf_changed":false,"site-sidebar-layout":"no-sidebar","site-content-layout":"default","ast-site-content-layout":"default","site-content-style":"default","site-sidebar-style":"default","ast-global-header-display":"","ast-banner-title-visibility":"","ast-main-header-display":"","ast-hfb-above-header-display":"","ast-hfb-below-header-display":"","ast-hfb-mobile-header-display":"","site-post-title":"","ast-breadcrumbs-content":"","ast-featured-img":"","footer-sml-layout":"","ast-disable-related-posts":"","theme-transparent-header-meta":"default","adv-header-id-meta":"","stick-header-meta":"default","header-above-stick-meta":"","header-main-stick-meta":"","header-below-stick-meta":"","astra-migrate-meta-layouts":"set","ast-page-background-enabled":"default","ast-page-background-meta":{"desktop":{"background-color":"","background-image":"","background-repeat":"repeat","background-position":"center center","background-size":"auto","background-attachment":"scroll","background-type":"","background-media":"","overlay-type":"","overlay-color":"","overlay-opacity":"","overlay-gradient":""},"tablet":{"background-color":"","background-image":"","background-repeat":"repeat","background-position":"center center","background-size":"auto","background-attachment":"scroll","background-type":"","background-media":"","overlay-type":"","overlay-color":"","overlay-opacity":"","overlay-gradient":""},"mobile":{"background-color":"","background-image":"","background-repeat":"repeat","background-position":"center center","background-size":"auto","background-attachment":"scroll","background-type":"","background-media":"","overlay-type":"","overlay-color":"","overlay-opacity":"","overlay-gradient":""}},"ast-content-background-meta":{"desktop":{"background-color":"var(--ast-global-color-5)","background-image":"","background-repeat":"repeat","background-position":"center center","background-size":"auto","background-attachment":"scroll","background-type":"","background-media":"","overlay-type":"","overlay-color":"","overlay-opacity":"","overlay-gradient":""},"tablet":{"background-color":"var(--ast-global-color-5)","background-image":"","background-repeat":"repeat","background-position":"center center","background-size":"auto","background-attachment":"scroll","background-type":"","background-media":"","overlay-type":"","overlay-color":"","overlay-opacity":"","overlay-gradient":""},"mobile":{"background-color":"var(--ast-global-color-5)","background-image":"","background-repeat":"repeat","background-position":"center center","background-size":"auto","background-attachment":"scroll","background-type":"","background-media":"","overlay-type":"","overlay-color":"","overlay-opacity":"","overlay-gradient":""}}},"product_brand":[],"product_cat":[546],"product_tag":[],"class_list":{"0":"post-50905","1":"product","2":"type-product","3":"status-publish","4":"has-post-thumbnail","6":"product_cat-equipement-et-vetements","7":"pa_item-type-chemises","8":"pa_size-s-fr","9":"pa_size-m-fr","10":"pa_size-l-fr","11":"pa_size-xl-fr","12":"pa_size-xxl-fr","13":"pa_size-3xl-fr","14":"desktop-align-left","15":"tablet-align-left","16":"mobile-align-left","17":"ast-product-gallery-layout-horizontal","18":"ast-magnify-disabled","19":"ast-product-single-variable","20":"ast-product-tabs-layout-horizontal","22":"first","23":"instock","24":"taxable","25":"shipping-taxable","26":"purchasable","27":"product-type-variable"},"acf":[],"yoast_head":"<!-- This site is optimized with the Yoast SEO plugin v26.9 - https:\/\/yoast.com\/product\/yoast-seo-wordpress\/ -->\n<title>Suzuki CHEMISES DE PIT\/SPORT - VVT - Suzuki Canada Inc.<\/title>\n<meta name=\"robots\" content=\"index, follow, max-snippet:-1, max-image-preview:large, max-video-preview:-1\" \/>\n<link rel=\"canonical\" href=\"https:\/\/www.suzuki.ca\/fr\/produit\/suzuki-chemises-de-pit-sport-vvt\/\" \/>\n<meta property=\"og:locale\" content=\"fr_FR\" \/>\n<meta property=\"og:type\" content=\"article\" \/>\n<meta property=\"og:title\" content=\"Suzuki CHEMISES DE PIT\/SPORT - VVT - Suzuki Canada Inc.\" \/>\n<meta property=\"og:description\" content=\"\u2026 Continuez \u00e0 lire &gt;\" \/>\n<meta property=\"og:url\" content=\"https:\/\/www.suzuki.ca\/fr\/produit\/suzuki-chemises-de-pit-sport-vvt\/\" \/>\n<meta property=\"og:site_name\" content=\"Suzuki Canada Inc.\" \/>\n<meta property=\"article:modified_time\" content=\"2026-04-01T16:34:51+00:00\" \/>\n<meta property=\"og:image\" content=\"https:\/\/www.suzuki.ca\/wp-content\/uploads\/20024-PITSV-Front.png\" \/>\n\t<meta property=\"og:image:width\" content=\"1080\" \/>\n\t<meta property=\"og:image:height\" content=\"1080\" \/>\n\t<meta property=\"og:image:type\" content=\"image\/png\" \/>\n<meta name=\"twitter:card\" content=\"summary_large_image\" \/>\n<meta name=\"twitter:label1\" content=\"Est. reading time\" \/>\n\t<meta name=\"twitter:data1\" content=\"1 minute\" \/>\n<script type=\"application\/ld+json\" class=\"yoast-schema-graph\">{\"@context\":\"https:\/\/schema.org\",\"@graph\":[{\"@type\":\"WebPage\",\"@id\":\"https:\/\/www.suzuki.ca\/fr\/produit\/suzuki-chemises-de-pit-sport-vvt\/\",\"url\":\"https:\/\/www.suzuki.ca\/fr\/produit\/suzuki-chemises-de-pit-sport-vvt\/\",\"name\":\"Suzuki CHEMISES DE PIT\/SPORT - VVT - Suzuki Canada Inc.\",\"isPartOf\":{\"@id\":\"https:\/\/www.suzuki.ca\/#website\"},\"primaryImageOfPage\":{\"@id\":\"https:\/\/www.suzuki.ca\/fr\/produit\/suzuki-chemises-de-pit-sport-vvt\/#primaryimage\"},\"image\":{\"@id\":\"https:\/\/www.suzuki.ca\/fr\/produit\/suzuki-chemises-de-pit-sport-vvt\/#primaryimage\"},\"thumbnailUrl\":\"https:\/\/www.suzuki.ca\/wp-content\/uploads\/20024-PITSV-Front.png\",\"datePublished\":\"2023-10-17T15:50:43+00:00\",\"dateModified\":\"2026-04-01T16:34:51+00:00\",\"breadcrumb\":{\"@id\":\"https:\/\/www.suzuki.ca\/fr\/produit\/suzuki-chemises-de-pit-sport-vvt\/#breadcrumb\"},\"inLanguage\":\"fr-FR\",\"potentialAction\":[{\"@type\":\"ReadAction\",\"target\":[\"https:\/\/www.suzuki.ca\/fr\/produit\/suzuki-chemises-de-pit-sport-vvt\/\"]}]},{\"@type\":\"ImageObject\",\"inLanguage\":\"fr-FR\",\"@id\":\"https:\/\/www.suzuki.ca\/fr\/produit\/suzuki-chemises-de-pit-sport-vvt\/#primaryimage\",\"url\":\"https:\/\/www.suzuki.ca\/wp-content\/uploads\/20024-PITSV-Front.png\",\"contentUrl\":\"https:\/\/www.suzuki.ca\/wp-content\/uploads\/20024-PITSV-Front.png\",\"width\":1080,\"height\":1080,\"caption\":\"20024-PITSV-Front\"},{\"@type\":\"BreadcrumbList\",\"@id\":\"https:\/\/www.suzuki.ca\/fr\/produit\/suzuki-chemises-de-pit-sport-vvt\/#breadcrumb\",\"itemListElement\":[{\"@type\":\"ListItem\",\"position\":1,\"name\":\"Accueil\",\"item\":\"https:\/\/www.suzuki.ca\/fr\/\"},{\"@type\":\"ListItem\",\"position\":2,\"name\":\"Products\",\"item\":\"https:\/\/www.suzuki.ca\/shop\/\"},{\"@type\":\"ListItem\",\"position\":3,\"name\":\"Suzuki CHEMISES DE PIT\/SPORT &#8211; VVT\"}]},{\"@type\":\"WebSite\",\"@id\":\"https:\/\/www.suzuki.ca\/#website\",\"url\":\"https:\/\/www.suzuki.ca\/\",\"name\":\"Suzuki Canada Inc.\",\"description\":\"The Official Home of Suzuki Canada Motorcycle, ATV, and Marine models and accessories.\",\"publisher\":{\"@id\":\"https:\/\/www.suzuki.ca\/#organization\"},\"potentialAction\":[{\"@type\":\"SearchAction\",\"target\":{\"@type\":\"EntryPoint\",\"urlTemplate\":\"https:\/\/www.suzuki.ca\/?s={search_term_string}\"},\"query-input\":{\"@type\":\"PropertyValueSpecification\",\"valueRequired\":true,\"valueName\":\"search_term_string\"}}],\"inLanguage\":\"fr-FR\"},{\"@type\":\"Organization\",\"@id\":\"https:\/\/www.suzuki.ca\/#organization\",\"name\":\"Suzuki Canada Inc.\",\"url\":\"https:\/\/www.suzuki.ca\/\",\"logo\":{\"@type\":\"ImageObject\",\"inLanguage\":\"fr-FR\",\"@id\":\"https:\/\/www.suzuki.ca\/#\/schema\/logo\/image\/\",\"url\":\"https:\/\/www.suzuki.ca\/wp-content\/uploads\/Suzuki_Logo_Parallelogram.svg\",\"contentUrl\":\"https:\/\/www.suzuki.ca\/wp-content\/uploads\/Suzuki_Logo_Parallelogram.svg\",\"caption\":\"Suzuki Canada Inc.\"},\"image\":{\"@id\":\"https:\/\/www.suzuki.ca\/#\/schema\/logo\/image\/\"}}]}<\/script>\n<!-- \/ Yoast SEO plugin. -->","yoast_head_json":{"title":"Suzuki CHEMISES DE PIT\/SPORT - VVT - Suzuki Canada Inc.","robots":{"index":"index","follow":"follow","max-snippet":"max-snippet:-1","max-image-preview":"max-image-preview:large","max-video-preview":"max-video-preview:-1"},"canonical":"https:\/\/www.suzuki.ca\/fr\/produit\/suzuki-chemises-de-pit-sport-vvt\/","og_locale":"fr_FR","og_type":"article","og_title":"Suzuki CHEMISES DE PIT\/SPORT - VVT - Suzuki Canada Inc.","og_description":"\u2026 Continuez \u00e0 lire >","og_url":"https:\/\/www.suzuki.ca\/fr\/produit\/suzuki-chemises-de-pit-sport-vvt\/","og_site_name":"Suzuki Canada Inc.","article_modified_time":"2026-04-01T16:34:51+00:00","og_image":[{"width":1080,"height":1080,"url":"https:\/\/www.suzuki.ca\/wp-content\/uploads\/20024-PITSV-Front.png","type":"image\/png"}],"twitter_card":"summary_large_image","twitter_misc":{"Est. reading time":"1 minute"},"schema":{"@context":"https:\/\/schema.org","@graph":[{"@type":"WebPage","@id":"https:\/\/www.suzuki.ca\/fr\/produit\/suzuki-chemises-de-pit-sport-vvt\/","url":"https:\/\/www.suzuki.ca\/fr\/produit\/suzuki-chemises-de-pit-sport-vvt\/","name":"Suzuki CHEMISES DE PIT\/SPORT - VVT - Suzuki Canada Inc.","isPartOf":{"@id":"https:\/\/www.suzuki.ca\/#website"},"primaryImageOfPage":{"@id":"https:\/\/www.suzuki.ca\/fr\/produit\/suzuki-chemises-de-pit-sport-vvt\/#primaryimage"},"image":{"@id":"https:\/\/www.suzuki.ca\/fr\/produit\/suzuki-chemises-de-pit-sport-vvt\/#primaryimage"},"thumbnailUrl":"https:\/\/www.suzuki.ca\/wp-content\/uploads\/20024-PITSV-Front.png","datePublished":"2023-10-17T15:50:43+00:00","dateModified":"2026-04-01T16:34:51+00:00","breadcrumb":{"@id":"https:\/\/www.suzuki.ca\/fr\/produit\/suzuki-chemises-de-pit-sport-vvt\/#breadcrumb"},"inLanguage":"fr-FR","potentialAction":[{"@type":"ReadAction","target":["https:\/\/www.suzuki.ca\/fr\/produit\/suzuki-chemises-de-pit-sport-vvt\/"]}]},{"@type":"ImageObject","inLanguage":"fr-FR","@id":"https:\/\/www.suzuki.ca\/fr\/produit\/suzuki-chemises-de-pit-sport-vvt\/#primaryimage","url":"https:\/\/www.suzuki.ca\/wp-content\/uploads\/20024-PITSV-Front.png","contentUrl":"https:\/\/www.suzuki.ca\/wp-content\/uploads\/20024-PITSV-Front.png","width":1080,"height":1080,"caption":"20024-PITSV-Front"},{"@type":"BreadcrumbList","@id":"https:\/\/www.suzuki.ca\/fr\/produit\/suzuki-chemises-de-pit-sport-vvt\/#breadcrumb","itemListElement":[{"@type":"ListItem","position":1,"name":"Accueil","item":"https:\/\/www.suzuki.ca\/fr\/"},{"@type":"ListItem","position":2,"name":"Products","item":"https:\/\/www.suzuki.ca\/shop\/"},{"@type":"ListItem","position":3,"name":"Suzuki CHEMISES DE PIT\/SPORT &#8211; VVT"}]},{"@type":"WebSite","@id":"https:\/\/www.suzuki.ca\/#website","url":"https:\/\/www.suzuki.ca\/","name":"Suzuki Canada Inc.","description":"The Official Home of Suzuki Canada Motorcycle, ATV, and Marine models and accessories.","publisher":{"@id":"https:\/\/www.suzuki.ca\/#organization"},"potentialAction":[{"@type":"SearchAction","target":{"@type":"EntryPoint","urlTemplate":"https:\/\/www.suzuki.ca\/?s={search_term_string}"},"query-input":{"@type":"PropertyValueSpecification","valueRequired":true,"valueName":"search_term_string"}}],"inLanguage":"fr-FR"},{"@type":"Organization","@id":"https:\/\/www.suzuki.ca\/#organization","name":"Suzuki Canada Inc.","url":"https:\/\/www.suzuki.ca\/","logo":{"@type":"ImageObject","inLanguage":"fr-FR","@id":"https:\/\/www.suzuki.ca\/#\/schema\/logo\/image\/","url":"https:\/\/www.suzuki.ca\/wp-content\/uploads\/Suzuki_Logo_Parallelogram.svg","contentUrl":"https:\/\/www.suzuki.ca\/wp-content\/uploads\/Suzuki_Logo_Parallelogram.svg","caption":"Suzuki Canada Inc."},"image":{"@id":"https:\/\/www.suzuki.ca\/#\/schema\/logo\/image\/"}}]}},"_links":{"self":[{"href":"https:\/\/www.suzuki.ca\/fr\/wp-json\/wp\/v2\/product\/50905","targetHints":{"allow":["GET"]}}],"collection":[{"href":"https:\/\/www.suzuki.ca\/fr\/wp-json\/wp\/v2\/product"}],"about":[{"href":"https:\/\/www.suzuki.ca\/fr\/wp-json\/wp\/v2\/types\/product"}],"wp:featuredmedia":[{"embeddable":true,"href":"https:\/\/www.suzuki.ca\/fr\/wp-json\/wp\/v2\/media\/55252"}],"wp:attachment":[{"href":"https:\/\/www.suzuki.ca\/fr\/wp-json\/wp\/v2\/media?parent=50905"}],"wp:term":[{"taxonomy":"product_brand","embeddable":true,"href":"https:\/\/www.suzuki.ca\/fr\/wp-json\/wp\/v2\/product_brand?post=50905"},{"taxonomy":"product_cat","embeddable":true,"href":"https:\/\/www.suzuki.ca\/fr\/wp-json\/wp\/v2\/product_cat?post=50905"},{"taxonomy":"product_tag","embeddable":true,"href":"https:\/\/www.suzuki.ca\/fr\/wp-json\/wp\/v2\/product_tag?post=50905"}],"curies":[{"name":"wp","href":"https:\/\/api.w.org\/{rel}","templated":true}]}}