{"id":52550,"date":"2024-03-11T15:06:12","date_gmt":"2024-03-11T19:06:13","guid":{"rendered":"https:\/\/www.suzuki.ca\/?post_type=product&#038;p=52550"},"modified":"2026-01-20T12:22:42","modified_gmt":"2026-01-20T17:22:42","slug":"2024-kingquad-500x","status":"publish","type":"product","link":"https:\/\/www.suzuki.ca\/fr\/produit\/2024-kingquad-500x\/","title":{"rendered":"2024 KingQuad 500X"},"content":{"rendered":"<p><img loading=\"lazy\" decoding=\"async\" class=\"alignnone wp-image-38896\" src=\"https:\/\/www.suzuki.ca\/wp-content\/uploads\/LT-A500X_XP_XPZM2_logo-1000x256.jpg\" alt=\"KINGQUAD_logo\" width=\"297\" height=\"76\" srcset=\"https:\/\/www.suzuki.ca\/wp-content\/uploads\/LT-A500X_XP_XPZM2_logo-1000x256.jpg 1000w, https:\/\/www.suzuki.ca\/wp-content\/uploads\/LT-A500X_XP_XPZM2_logo-1500x384.jpg 1500w, https:\/\/www.suzuki.ca\/wp-content\/uploads\/LT-A500X_XP_XPZM2_logo-768x196.jpg 768w, https:\/\/www.suzuki.ca\/wp-content\/uploads\/LT-A500X_XP_XPZM2_logo-1536x393.jpg 1536w, https:\/\/www.suzuki.ca\/wp-content\/uploads\/LT-A500X_XP_XPZM2_logo-2048x524.jpg 2048w\" sizes=\"auto, (max-width: 297px) 100vw, 297px\" \/><\/p>\n<h2>CE N\u2019EST PAS QU\u2019UN VTT, C\u2019EST UN KINGQUAD<\/h2>\n<p>Le KingQuad 500X n\u2019est pas qu\u2019un VTT, c\u2019est un VTT KingQuad.<\/p>\n<p>Suzuki, l\u2019inventeur du VTT \u00e0 4 roues, a cr\u00e9\u00e9 le meilleur v\u00e9hicule utilitaire sport au monde avec un style audacieux, et plus de capacit\u00e9s et de fiabilit\u00e9 que jamais. Un chapitre nouveau et passionnant s\u2019ajoute \u00e0 l\u2019h\u00e9ritage de l\u2019embl\u00e9matique KingQuad, et vous pouvez le vivre d\u00e8s maintenant. Le KingQuad 500X 2024 est facile \u00e0 piloter sur tous les terrains gr\u00e2ce aux capacit\u00e9s uniques d\u2019un KingQuad.<\/p>\n<p>Le KingQuad offre un couple impressionnant et une plage de puissance incroyablement large pour vous aider \u00e0 accomplir toutes les t\u00e2ches et tous les d\u00e9fis qui se pr\u00e9sentent \u00e0 vous.<\/p>\n","protected":false},"excerpt":{"rendered":"<p>\u2026 <a class=\"blog-readmore\" href=\"https:\/\/www.suzuki.ca\/fr\/produit\/2024-kingquad-500x\/\">Continuez \u00e0 lire ><\/a><\/p>\n","protected":false},"featured_media":52562,"template":"","meta":{"_acf_changed":false,"site-sidebar-layout":"default","site-content-layout":"default","ast-site-content-layout":"default","site-content-style":"default","site-sidebar-style":"default","ast-global-header-display":"","ast-banner-title-visibility":"","ast-main-header-display":"","ast-hfb-above-header-display":"","ast-hfb-below-header-display":"","ast-hfb-mobile-header-display":"","site-post-title":"","ast-breadcrumbs-content":"","ast-featured-img":"","footer-sml-layout":"","ast-disable-related-posts":"","theme-transparent-header-meta":"default","adv-header-id-meta":"","stick-header-meta":"default","header-above-stick-meta":"","header-main-stick-meta":"","header-below-stick-meta":"","astra-migrate-meta-layouts":"set","ast-page-background-enabled":"default","ast-page-background-meta":{"desktop":{"background-color":"","background-image":"","background-repeat":"repeat","background-position":"center center","background-size":"auto","background-attachment":"scroll","background-type":"","background-media":"","overlay-type":"","overlay-color":"","overlay-opacity":"","overlay-gradient":""},"tablet":{"background-color":"","background-image":"","background-repeat":"repeat","background-position":"center center","background-size":"auto","background-attachment":"scroll","background-type":"","background-media":"","overlay-type":"","overlay-color":"","overlay-opacity":"","overlay-gradient":""},"mobile":{"background-color":"","background-image":"","background-repeat":"repeat","background-position":"center center","background-size":"auto","background-attachment":"scroll","background-type":"","background-media":"","overlay-type":"","overlay-color":"","overlay-opacity":"","overlay-gradient":""}},"ast-content-background-meta":{"desktop":{"background-color":"var(--ast-global-color-5)","background-image":"","background-repeat":"repeat","background-position":"center center","background-size":"auto","background-attachment":"scroll","background-type":"","background-media":"","overlay-type":"","overlay-color":"","overlay-opacity":"","overlay-gradient":""},"tablet":{"background-color":"var(--ast-global-color-5)","background-image":"","background-repeat":"repeat","background-position":"center center","background-size":"auto","background-attachment":"scroll","background-type":"","background-media":"","overlay-type":"","overlay-color":"","overlay-opacity":"","overlay-gradient":""},"mobile":{"background-color":"var(--ast-global-color-5)","background-image":"","background-repeat":"repeat","background-position":"center center","background-size":"auto","background-attachment":"scroll","background-type":"","background-media":"","overlay-type":"","overlay-color":"","overlay-opacity":"","overlay-gradient":""}}},"product_brand":[],"product_cat":[95,93,4063],"product_tag":[],"class_list":{"0":"post-52550","1":"product","2":"type-product","3":"status-publish","4":"has-post-thumbnail","6":"product_cat-utilitaires","7":"product_cat-vtt","8":"product_cat-serie-500","9":"desktop-align-left","10":"tablet-align-left","11":"mobile-align-left","12":"ast-product-gallery-layout-horizontal","13":"ast-magnify-disabled","14":"ast-product-tabs-layout-horizontal","16":"first","17":"instock","18":"product-type-simple"},"acf":[],"yoast_head":"<!-- This site is optimized with the Yoast SEO plugin v27.3 - https:\/\/yoast.com\/product\/yoast-seo-wordpress\/ -->\n<title>2024 KingQuad 500X - Suzuki Canada Inc.<\/title>\n<meta name=\"description\" content=\"Le KingQuad 500X de Suzuki Canada perp\u00e9tue l\u2019h\u00e9ritage d\u2019une ic\u00f4ne. Pour en savoir plus.\" \/>\n<meta name=\"robots\" content=\"index, follow, max-snippet:-1, max-image-preview:large, max-video-preview:-1\" \/>\n<link rel=\"canonical\" href=\"https:\/\/www.suzuki.ca\/fr\/produit\/2024-kingquad-500x\/\" \/>\n<meta property=\"og:locale\" content=\"fr_FR\" \/>\n<meta property=\"og:type\" content=\"article\" \/>\n<meta property=\"og:title\" content=\"2024 KingQuad 500X - Suzuki Canada Inc.\" \/>\n<meta property=\"og:description\" content=\"Le KingQuad 500X de Suzuki Canada perp\u00e9tue l\u2019h\u00e9ritage d\u2019une ic\u00f4ne. Pour en savoir plus.\" \/>\n<meta property=\"og:url\" content=\"https:\/\/www.suzuki.ca\/fr\/produit\/2024-kingquad-500x\/\" \/>\n<meta property=\"og:site_name\" content=\"Suzuki Canada Inc.\" \/>\n<meta property=\"article:modified_time\" content=\"2026-01-20T17:22:42+00:00\" \/>\n<meta property=\"og:image\" content=\"https:\/\/www.suzuki.ca\/wp-content\/uploads\/LT-A500XM4_YLG_Diagonal.png\" \/>\n\t<meta property=\"og:image:width\" content=\"1080\" \/>\n\t<meta property=\"og:image:height\" content=\"702\" \/>\n\t<meta property=\"og:image:type\" content=\"image\/png\" \/>\n<meta name=\"twitter:card\" content=\"summary_large_image\" \/>\n<meta name=\"twitter:label1\" content=\"Est. reading time\" \/>\n\t<meta name=\"twitter:data1\" content=\"1 minute\" \/>\n<script type=\"application\/ld+json\" class=\"yoast-schema-graph\">{\"@context\":\"https:\\\/\\\/schema.org\",\"@graph\":[{\"@type\":\"WebPage\",\"@id\":\"https:\\\/\\\/www.suzuki.ca\\\/fr\\\/produit\\\/2024-kingquad-500x\\\/\",\"url\":\"https:\\\/\\\/www.suzuki.ca\\\/fr\\\/produit\\\/2024-kingquad-500x\\\/\",\"name\":\"2024 KingQuad 500X - Suzuki Canada Inc.\",\"isPartOf\":{\"@id\":\"https:\\\/\\\/www.suzuki.ca\\\/#website\"},\"primaryImageOfPage\":{\"@id\":\"https:\\\/\\\/www.suzuki.ca\\\/fr\\\/produit\\\/2024-kingquad-500x\\\/#primaryimage\"},\"image\":{\"@id\":\"https:\\\/\\\/www.suzuki.ca\\\/fr\\\/produit\\\/2024-kingquad-500x\\\/#primaryimage\"},\"thumbnailUrl\":\"https:\\\/\\\/www.suzuki.ca\\\/wp-content\\\/uploads\\\/LT-A500XM4_YLG_Diagonal.png\",\"datePublished\":\"2024-03-11T19:06:13+00:00\",\"dateModified\":\"2026-01-20T17:22:42+00:00\",\"description\":\"Le KingQuad 500X de Suzuki Canada perp\u00e9tue l\u2019h\u00e9ritage d\u2019une ic\u00f4ne. Pour en savoir plus.\",\"breadcrumb\":{\"@id\":\"https:\\\/\\\/www.suzuki.ca\\\/fr\\\/produit\\\/2024-kingquad-500x\\\/#breadcrumb\"},\"inLanguage\":\"fr-FR\",\"potentialAction\":[{\"@type\":\"ReadAction\",\"target\":[\"https:\\\/\\\/www.suzuki.ca\\\/fr\\\/produit\\\/2024-kingquad-500x\\\/\"]}]},{\"@type\":\"ImageObject\",\"inLanguage\":\"fr-FR\",\"@id\":\"https:\\\/\\\/www.suzuki.ca\\\/fr\\\/produit\\\/2024-kingquad-500x\\\/#primaryimage\",\"url\":\"https:\\\/\\\/www.suzuki.ca\\\/wp-content\\\/uploads\\\/LT-A500XM4_YLG_Diagonal.png\",\"contentUrl\":\"https:\\\/\\\/www.suzuki.ca\\\/wp-content\\\/uploads\\\/LT-A500XM4_YLG_Diagonal.png\",\"width\":1080,\"height\":702,\"caption\":\"Terra Green (YLG)\"},{\"@type\":\"BreadcrumbList\",\"@id\":\"https:\\\/\\\/www.suzuki.ca\\\/fr\\\/produit\\\/2024-kingquad-500x\\\/#breadcrumb\",\"itemListElement\":[{\"@type\":\"ListItem\",\"position\":1,\"name\":\"Accueil\",\"item\":\"https:\\\/\\\/www.suzuki.ca\\\/fr\\\/\"},{\"@type\":\"ListItem\",\"position\":2,\"name\":\"Products\",\"item\":\"https:\\\/\\\/www.suzuki.ca\\\/shop\\\/\"},{\"@type\":\"ListItem\",\"position\":3,\"name\":\"2024 KingQuad 500X\"}]},{\"@type\":\"WebSite\",\"@id\":\"https:\\\/\\\/www.suzuki.ca\\\/#website\",\"url\":\"https:\\\/\\\/www.suzuki.ca\\\/\",\"name\":\"Suzuki Canada Inc.\",\"description\":\"The Official Home of Suzuki Canada Motorcycle, ATV, and Marine models and accessories.\",\"publisher\":{\"@id\":\"https:\\\/\\\/www.suzuki.ca\\\/#organization\"},\"potentialAction\":[{\"@type\":\"SearchAction\",\"target\":{\"@type\":\"EntryPoint\",\"urlTemplate\":\"https:\\\/\\\/www.suzuki.ca\\\/?s={search_term_string}\"},\"query-input\":{\"@type\":\"PropertyValueSpecification\",\"valueRequired\":true,\"valueName\":\"search_term_string\"}}],\"inLanguage\":\"fr-FR\"},{\"@type\":\"Organization\",\"@id\":\"https:\\\/\\\/www.suzuki.ca\\\/#organization\",\"name\":\"Suzuki Canada Inc.\",\"url\":\"https:\\\/\\\/www.suzuki.ca\\\/\",\"logo\":{\"@type\":\"ImageObject\",\"inLanguage\":\"fr-FR\",\"@id\":\"https:\\\/\\\/www.suzuki.ca\\\/#\\\/schema\\\/logo\\\/image\\\/\",\"url\":\"https:\\\/\\\/www.suzuki.ca\\\/wp-content\\\/uploads\\\/Suzuki_Logo_Parallelogram.svg\",\"contentUrl\":\"https:\\\/\\\/www.suzuki.ca\\\/wp-content\\\/uploads\\\/Suzuki_Logo_Parallelogram.svg\",\"caption\":\"Suzuki Canada Inc.\"},\"image\":{\"@id\":\"https:\\\/\\\/www.suzuki.ca\\\/#\\\/schema\\\/logo\\\/image\\\/\"}}]}<\/script>\n<!-- \/ Yoast SEO plugin. -->","yoast_head_json":{"title":"2024 KingQuad 500X - Suzuki Canada Inc.","description":"Le KingQuad 500X de Suzuki Canada perp\u00e9tue l\u2019h\u00e9ritage d\u2019une ic\u00f4ne. Pour en savoir plus.","robots":{"index":"index","follow":"follow","max-snippet":"max-snippet:-1","max-image-preview":"max-image-preview:large","max-video-preview":"max-video-preview:-1"},"canonical":"https:\/\/www.suzuki.ca\/fr\/produit\/2024-kingquad-500x\/","og_locale":"fr_FR","og_type":"article","og_title":"2024 KingQuad 500X - Suzuki Canada Inc.","og_description":"Le KingQuad 500X de Suzuki Canada perp\u00e9tue l\u2019h\u00e9ritage d\u2019une ic\u00f4ne. Pour en savoir plus.","og_url":"https:\/\/www.suzuki.ca\/fr\/produit\/2024-kingquad-500x\/","og_site_name":"Suzuki Canada Inc.","article_modified_time":"2026-01-20T17:22:42+00:00","og_image":[{"width":1080,"height":702,"url":"https:\/\/www.suzuki.ca\/wp-content\/uploads\/LT-A500XM4_YLG_Diagonal.png","type":"image\/png"}],"twitter_card":"summary_large_image","twitter_misc":{"Est. reading time":"1 minute"},"schema":{"@context":"https:\/\/schema.org","@graph":[{"@type":"WebPage","@id":"https:\/\/www.suzuki.ca\/fr\/produit\/2024-kingquad-500x\/","url":"https:\/\/www.suzuki.ca\/fr\/produit\/2024-kingquad-500x\/","name":"2024 KingQuad 500X - Suzuki Canada Inc.","isPartOf":{"@id":"https:\/\/www.suzuki.ca\/#website"},"primaryImageOfPage":{"@id":"https:\/\/www.suzuki.ca\/fr\/produit\/2024-kingquad-500x\/#primaryimage"},"image":{"@id":"https:\/\/www.suzuki.ca\/fr\/produit\/2024-kingquad-500x\/#primaryimage"},"thumbnailUrl":"https:\/\/www.suzuki.ca\/wp-content\/uploads\/LT-A500XM4_YLG_Diagonal.png","datePublished":"2024-03-11T19:06:13+00:00","dateModified":"2026-01-20T17:22:42+00:00","description":"Le KingQuad 500X de Suzuki Canada perp\u00e9tue l\u2019h\u00e9ritage d\u2019une ic\u00f4ne. Pour en savoir plus.","breadcrumb":{"@id":"https:\/\/www.suzuki.ca\/fr\/produit\/2024-kingquad-500x\/#breadcrumb"},"inLanguage":"fr-FR","potentialAction":[{"@type":"ReadAction","target":["https:\/\/www.suzuki.ca\/fr\/produit\/2024-kingquad-500x\/"]}]},{"@type":"ImageObject","inLanguage":"fr-FR","@id":"https:\/\/www.suzuki.ca\/fr\/produit\/2024-kingquad-500x\/#primaryimage","url":"https:\/\/www.suzuki.ca\/wp-content\/uploads\/LT-A500XM4_YLG_Diagonal.png","contentUrl":"https:\/\/www.suzuki.ca\/wp-content\/uploads\/LT-A500XM4_YLG_Diagonal.png","width":1080,"height":702,"caption":"Terra Green (YLG)"},{"@type":"BreadcrumbList","@id":"https:\/\/www.suzuki.ca\/fr\/produit\/2024-kingquad-500x\/#breadcrumb","itemListElement":[{"@type":"ListItem","position":1,"name":"Accueil","item":"https:\/\/www.suzuki.ca\/fr\/"},{"@type":"ListItem","position":2,"name":"Products","item":"https:\/\/www.suzuki.ca\/shop\/"},{"@type":"ListItem","position":3,"name":"2024 KingQuad 500X"}]},{"@type":"WebSite","@id":"https:\/\/www.suzuki.ca\/#website","url":"https:\/\/www.suzuki.ca\/","name":"Suzuki Canada Inc.","description":"The Official Home of Suzuki Canada Motorcycle, ATV, and Marine models and accessories.","publisher":{"@id":"https:\/\/www.suzuki.ca\/#organization"},"potentialAction":[{"@type":"SearchAction","target":{"@type":"EntryPoint","urlTemplate":"https:\/\/www.suzuki.ca\/?s={search_term_string}"},"query-input":{"@type":"PropertyValueSpecification","valueRequired":true,"valueName":"search_term_string"}}],"inLanguage":"fr-FR"},{"@type":"Organization","@id":"https:\/\/www.suzuki.ca\/#organization","name":"Suzuki Canada Inc.","url":"https:\/\/www.suzuki.ca\/","logo":{"@type":"ImageObject","inLanguage":"fr-FR","@id":"https:\/\/www.suzuki.ca\/#\/schema\/logo\/image\/","url":"https:\/\/www.suzuki.ca\/wp-content\/uploads\/Suzuki_Logo_Parallelogram.svg","contentUrl":"https:\/\/www.suzuki.ca\/wp-content\/uploads\/Suzuki_Logo_Parallelogram.svg","caption":"Suzuki Canada Inc."},"image":{"@id":"https:\/\/www.suzuki.ca\/#\/schema\/logo\/image\/"}}]}},"_links":{"self":[{"href":"https:\/\/www.suzuki.ca\/fr\/wp-json\/wp\/v2\/product\/52550","targetHints":{"allow":["GET"]}}],"collection":[{"href":"https:\/\/www.suzuki.ca\/fr\/wp-json\/wp\/v2\/product"}],"about":[{"href":"https:\/\/www.suzuki.ca\/fr\/wp-json\/wp\/v2\/types\/product"}],"wp:featuredmedia":[{"embeddable":true,"href":"https:\/\/www.suzuki.ca\/fr\/wp-json\/wp\/v2\/media\/52562"}],"wp:attachment":[{"href":"https:\/\/www.suzuki.ca\/fr\/wp-json\/wp\/v2\/media?parent=52550"}],"wp:term":[{"taxonomy":"product_brand","embeddable":true,"href":"https:\/\/www.suzuki.ca\/fr\/wp-json\/wp\/v2\/product_brand?post=52550"},{"taxonomy":"product_cat","embeddable":true,"href":"https:\/\/www.suzuki.ca\/fr\/wp-json\/wp\/v2\/product_cat?post=52550"},{"taxonomy":"product_tag","embeddable":true,"href":"https:\/\/www.suzuki.ca\/fr\/wp-json\/wp\/v2\/product_tag?post=52550"}],"curies":[{"name":"wp","href":"https:\/\/api.w.org\/{rel}","templated":true}]}}