{"id":53049,"date":"2024-04-02T09:24:25","date_gmt":"2024-04-02T13:25:12","guid":{"rendered":"https:\/\/www.suzuki.ca\/?post_type=product&#038;p=53049"},"modified":"2026-04-09T10:42:09","modified_gmt":"2026-04-09T14:42:09","slug":"pitbox-de-vidange-dhuile-ecstar-en-edition-limitee-4-litre","status":"publish","type":"product","link":"https:\/\/www.suzuki.ca\/fr\/produit\/pitbox-de-vidange-dhuile-ecstar-en-edition-limitee-4-litre\/","title":{"rendered":"PITBOX DE VIDANGE D&#8217;HUILE ECSTAR EN \u00c9DITION LIMIT\u00c9E &#8211; 4 Litre"},"content":{"rendered":"<p>Les kits de vidange d&#8217;huile ECSTAR sont livr\u00e9s avec tout ce dont vous avez besoin pour changer votre huile, y compris : un filtre \u00e0 huile, un joint de bouchon de vidange et de l&#8217;huile min\u00e9rale ECSTAR R5000 ou de l&#8217;huile synth\u00e9tique ECSTAR R9000.<\/p>\n<p>Comprend \u00e9galement un T-shirt Suzuki en \u00e9dition limit\u00e9e, disponible uniquement dans ces PitBox.<\/p>\n<p><strong>Si votre mod\u00e8le n&#8217;appara\u00eet pas dans le menu, veuillez consulter l&#8217;option 3 Litre<\/strong><\/p>\n","protected":false},"excerpt":{"rendered":"<p>\u2026 <a class=\"blog-readmore\" href=\"https:\/\/www.suzuki.ca\/fr\/produit\/pitbox-de-vidange-dhuile-ecstar-en-edition-limitee-4-litre\/\">Continuez \u00e0 lire ><\/a><\/p>\n","protected":false},"featured_media":53186,"template":"","meta":{"_acf_changed":false,"site-sidebar-layout":"no-sidebar","site-content-layout":"default","ast-site-content-layout":"default","site-content-style":"default","site-sidebar-style":"default","ast-global-header-display":"","ast-banner-title-visibility":"","ast-main-header-display":"","ast-hfb-above-header-display":"","ast-hfb-below-header-display":"","ast-hfb-mobile-header-display":"","site-post-title":"","ast-breadcrumbs-content":"","ast-featured-img":"","footer-sml-layout":"","ast-disable-related-posts":"","theme-transparent-header-meta":"default","adv-header-id-meta":"","stick-header-meta":"default","header-above-stick-meta":"","header-main-stick-meta":"","header-below-stick-meta":"","astra-migrate-meta-layouts":"set","ast-page-background-enabled":"default","ast-page-background-meta":{"desktop":{"background-color":"","background-image":"","background-repeat":"repeat","background-position":"center center","background-size":"auto","background-attachment":"scroll","background-type":"","background-media":"","overlay-type":"","overlay-color":"","overlay-opacity":"","overlay-gradient":""},"tablet":{"background-color":"","background-image":"","background-repeat":"repeat","background-position":"center center","background-size":"auto","background-attachment":"scroll","background-type":"","background-media":"","overlay-type":"","overlay-color":"","overlay-opacity":"","overlay-gradient":""},"mobile":{"background-color":"","background-image":"","background-repeat":"repeat","background-position":"center center","background-size":"auto","background-attachment":"scroll","background-type":"","background-media":"","overlay-type":"","overlay-color":"","overlay-opacity":"","overlay-gradient":""}},"ast-content-background-meta":{"desktop":{"background-color":"var(--ast-global-color-5)","background-image":"","background-repeat":"repeat","background-position":"center center","background-size":"auto","background-attachment":"scroll","background-type":"","background-media":"","overlay-type":"","overlay-color":"","overlay-opacity":"","overlay-gradient":""},"tablet":{"background-color":"var(--ast-global-color-5)","background-image":"","background-repeat":"repeat","background-position":"center center","background-size":"auto","background-attachment":"scroll","background-type":"","background-media":"","overlay-type":"","overlay-color":"","overlay-opacity":"","overlay-gradient":""},"mobile":{"background-color":"var(--ast-global-color-5)","background-image":"","background-repeat":"repeat","background-position":"center center","background-size":"auto","background-attachment":"scroll","background-type":"","background-media":"","overlay-type":"","overlay-color":"","overlay-opacity":"","overlay-gradient":""}}},"product_brand":[],"product_cat":[2210,2217,2212,2216],"product_tag":[],"class_list":{"0":"post-53049","1":"product","2":"type-product","3":"status-publish","4":"has-post-thumbnail","6":"product_cat-pieces-pour-vtt","7":"product_cat-pieces-pour-motos","8":"product_cat-magasin-de-vtt","9":"product_cat-magasin-de-motos","10":"pa_atv-model-kingquad-lt-a400-fr","11":"pa_item-type-boite-de-fosse","12":"pa_item-type-huile-et-produits-chimiques","13":"pa_item-type-kits-de-maintenance","14":"pa_line-year-5990","15":"pa_line-year-5991","16":"pa_line-year-5992","17":"pa_line-year-5989","18":"pa_line-year-5978","19":"pa_line-year-5986","20":"pa_line-year-5987","21":"pa_line-year-5979","22":"pa_line-year-5983","23":"pa_line-year-5984","24":"pa_line-year-5985","25":"pa_line-year-5980","26":"pa_line-year-5988","27":"pa_line-year-5981","28":"pa_line-year-5982","29":"pa_line-year-5968","30":"pa_line-year-5969","31":"pa_line-year-5970","32":"pa_line-year-5971","33":"pa_line-year-5972","34":"pa_line-year-5973","35":"pa_line-year-5974","36":"pa_line-year-5975","37":"pa_line-year-5976","38":"pa_line-year-5977","39":"pa_model-boulevard-c50-fr","40":"pa_model-boulevard-c90-fr","41":"pa_model-boulevard-m50-fr","42":"pa_model-boulevard-m90-fr","43":"pa_model-gsf1250-bandit-fr","44":"pa_model-gsf650-bandit-fr","45":"pa_model-gsx-8r-fr","46":"pa_model-gsx-8s-fr","47":"pa_model-gsx-8t-tt","48":"pa_model-gsx-r1000-fr","49":"pa_model-gsx-s1000-fr","50":"pa_model-gsx-s1000gx-gt-fr","51":"pa_model-gsx-s750-fr","52":"pa_model-gsx1250-fr","53":"pa_model-gsx650-fr","54":"pa_model-hayabusa-fr","55":"pa_model-katana-fr","56":"pa_model-kingquad-400f-fr","57":"pa_model-v-strom-1000-fr","58":"pa_model-v-strom-1050-de-fr","59":"pa_model-v-strom-800-fr","60":"pa_model-v-strom-800de-fr","61":"pa_motorcycle-model-gsx-8t-fr","62":"pa_motorcycle-model-boulevard-c50-fr","63":"pa_motorcycle-model-boulevard-c50t-fr","64":"pa_motorcycle-model-boulevard-c90-fr","65":"pa_motorcycle-model-boulevard-c90t-fr","66":"pa_motorcycle-model-boulevard-m50-fr","67":"pa_motorcycle-model-boulevard-m90-fr","68":"pa_motorcycle-model-boulevard-m109r-fr","69":"pa_motorcycle-model-gsf-1250-bandit-fr","70":"pa_motorcycle-model-gsx-8r-fr","71":"pa_motorcycle-model-gsx-8s-fr","72":"pa_motorcycle-model-gsx-1250-fr","73":"pa_motorcycle-model-gsx-1300-b-king-fr","74":"pa_motorcycle-model-gsx-r1000-fr","75":"pa_motorcycle-model-gsx-s750-fr","76":"pa_motorcycle-model-gsx-s1000-fr","77":"pa_motorcycle-model-gsx-s1000gt-fr","78":"pa_motorcycle-model-gsx-s1000gta-fr","79":"pa_motorcycle-model-gsx-s1000gx-fr","80":"pa_motorcycle-model-hayabusa-fr","81":"pa_motorcycle-model-katana-fr","82":"pa_motorcycle-model-v-strom-800-fr","83":"pa_motorcycle-model-v-strom-800de-fr","84":"pa_motorcycle-model-v-strom-1000-fr","85":"pa_motorcycle-model-v-strom-1050-fr","86":"pa_motorcycle-model-v-strom-1050de-fr","87":"desktop-align-left","88":"tablet-align-left","89":"mobile-align-left","90":"ast-product-gallery-layout-horizontal","91":"ast-magnify-disabled","92":"ast-product-single-variable","93":"ast-product-tabs-layout-horizontal","95":"first","96":"instock","97":"featured","98":"taxable","99":"shipping-taxable","100":"purchasable","101":"product-type-variable"},"acf":[],"yoast_head":"<!-- This site is optimized with the Yoast SEO plugin v27.3 - https:\/\/yoast.com\/product\/yoast-seo-wordpress\/ -->\n<title>PITBOX DE VIDANGE D&#039;HUILE ECSTAR EN \u00c9DITION LIMIT\u00c9E - 4 Litre - Suzuki Canada Inc.<\/title>\n<meta name=\"robots\" content=\"index, follow, max-snippet:-1, max-image-preview:large, max-video-preview:-1\" \/>\n<link rel=\"canonical\" href=\"https:\/\/www.suzuki.ca\/fr\/produit\/pitbox-de-vidange-dhuile-ecstar-en-edition-limitee-4-litre\/\" \/>\n<meta property=\"og:locale\" content=\"fr_FR\" \/>\n<meta property=\"og:type\" content=\"article\" \/>\n<meta property=\"og:title\" content=\"PITBOX DE VIDANGE D&#039;HUILE ECSTAR EN \u00c9DITION LIMIT\u00c9E - 4 Litre - Suzuki Canada Inc.\" \/>\n<meta property=\"og:description\" content=\"\u2026 Continuez \u00e0 lire &gt;\" \/>\n<meta property=\"og:url\" content=\"https:\/\/www.suzuki.ca\/fr\/produit\/pitbox-de-vidange-dhuile-ecstar-en-edition-limitee-4-litre\/\" \/>\n<meta property=\"og:site_name\" content=\"Suzuki Canada Inc.\" \/>\n<meta property=\"article:modified_time\" content=\"2026-04-09T14:42:09+00:00\" \/>\n<meta property=\"og:image\" content=\"https:\/\/staging.suzuki.ca\/wp-content\/uploads\/Pitbox-R9000.jpg\" \/>\n\t<meta property=\"og:image:width\" content=\"1080\" \/>\n\t<meta property=\"og:image:height\" content=\"1080\" \/>\n\t<meta property=\"og:image:type\" content=\"image\/jpeg\" \/>\n<meta name=\"twitter:card\" content=\"summary_large_image\" \/>\n<meta name=\"twitter:label1\" content=\"Est. reading time\" \/>\n\t<meta name=\"twitter:data1\" content=\"1 minute\" \/>\n<script type=\"application\/ld+json\" class=\"yoast-schema-graph\">{\"@context\":\"https:\\\/\\\/schema.org\",\"@graph\":[{\"@type\":\"WebPage\",\"@id\":\"https:\\\/\\\/www.suzuki.ca\\\/fr\\\/produit\\\/pitbox-de-vidange-dhuile-ecstar-en-edition-limitee-4-litre\\\/\",\"url\":\"https:\\\/\\\/www.suzuki.ca\\\/fr\\\/produit\\\/pitbox-de-vidange-dhuile-ecstar-en-edition-limitee-4-litre\\\/\",\"name\":\"PITBOX DE VIDANGE D'HUILE ECSTAR EN \u00c9DITION LIMIT\u00c9E - 4 Litre - Suzuki Canada Inc.\",\"isPartOf\":{\"@id\":\"https:\\\/\\\/www.suzuki.ca\\\/#website\"},\"primaryImageOfPage\":{\"@id\":\"https:\\\/\\\/www.suzuki.ca\\\/fr\\\/produit\\\/pitbox-de-vidange-dhuile-ecstar-en-edition-limitee-4-litre\\\/#primaryimage\"},\"image\":{\"@id\":\"https:\\\/\\\/www.suzuki.ca\\\/fr\\\/produit\\\/pitbox-de-vidange-dhuile-ecstar-en-edition-limitee-4-litre\\\/#primaryimage\"},\"thumbnailUrl\":\"https:\\\/\\\/www.suzuki.ca\\\/wp-content\\\/uploads\\\/Pitbox-R9000.jpg\",\"datePublished\":\"2024-04-02T13:25:12+00:00\",\"dateModified\":\"2026-04-09T14:42:09+00:00\",\"breadcrumb\":{\"@id\":\"https:\\\/\\\/www.suzuki.ca\\\/fr\\\/produit\\\/pitbox-de-vidange-dhuile-ecstar-en-edition-limitee-4-litre\\\/#breadcrumb\"},\"inLanguage\":\"fr-FR\",\"potentialAction\":[{\"@type\":\"ReadAction\",\"target\":[\"https:\\\/\\\/www.suzuki.ca\\\/fr\\\/produit\\\/pitbox-de-vidange-dhuile-ecstar-en-edition-limitee-4-litre\\\/\"]}]},{\"@type\":\"ImageObject\",\"inLanguage\":\"fr-FR\",\"@id\":\"https:\\\/\\\/www.suzuki.ca\\\/fr\\\/produit\\\/pitbox-de-vidange-dhuile-ecstar-en-edition-limitee-4-litre\\\/#primaryimage\",\"url\":\"https:\\\/\\\/www.suzuki.ca\\\/wp-content\\\/uploads\\\/Pitbox-R9000.jpg\",\"contentUrl\":\"https:\\\/\\\/www.suzuki.ca\\\/wp-content\\\/uploads\\\/Pitbox-R9000.jpg\",\"width\":1080,\"height\":1080,\"caption\":\"Pitbox - R9000\"},{\"@type\":\"BreadcrumbList\",\"@id\":\"https:\\\/\\\/www.suzuki.ca\\\/fr\\\/produit\\\/pitbox-de-vidange-dhuile-ecstar-en-edition-limitee-4-litre\\\/#breadcrumb\",\"itemListElement\":[{\"@type\":\"ListItem\",\"position\":1,\"name\":\"Accueil\",\"item\":\"https:\\\/\\\/www.suzuki.ca\\\/fr\\\/\"},{\"@type\":\"ListItem\",\"position\":2,\"name\":\"Products\",\"item\":\"https:\\\/\\\/www.suzuki.ca\\\/shop\\\/\"},{\"@type\":\"ListItem\",\"position\":3,\"name\":\"PITBOX DE VIDANGE D&#8217;HUILE ECSTAR EN \u00c9DITION LIMIT\u00c9E &#8211; 4 Litre\"}]},{\"@type\":\"WebSite\",\"@id\":\"https:\\\/\\\/www.suzuki.ca\\\/#website\",\"url\":\"https:\\\/\\\/www.suzuki.ca\\\/\",\"name\":\"Suzuki Canada Inc.\",\"description\":\"The Official Home of Suzuki Canada Motorcycle, ATV, and Marine models and accessories.\",\"publisher\":{\"@id\":\"https:\\\/\\\/www.suzuki.ca\\\/#organization\"},\"potentialAction\":[{\"@type\":\"SearchAction\",\"target\":{\"@type\":\"EntryPoint\",\"urlTemplate\":\"https:\\\/\\\/www.suzuki.ca\\\/?s={search_term_string}\"},\"query-input\":{\"@type\":\"PropertyValueSpecification\",\"valueRequired\":true,\"valueName\":\"search_term_string\"}}],\"inLanguage\":\"fr-FR\"},{\"@type\":\"Organization\",\"@id\":\"https:\\\/\\\/www.suzuki.ca\\\/#organization\",\"name\":\"Suzuki Canada Inc.\",\"url\":\"https:\\\/\\\/www.suzuki.ca\\\/\",\"logo\":{\"@type\":\"ImageObject\",\"inLanguage\":\"fr-FR\",\"@id\":\"https:\\\/\\\/www.suzuki.ca\\\/#\\\/schema\\\/logo\\\/image\\\/\",\"url\":\"https:\\\/\\\/www.suzuki.ca\\\/wp-content\\\/uploads\\\/Suzuki_Logo_Parallelogram.svg\",\"contentUrl\":\"https:\\\/\\\/www.suzuki.ca\\\/wp-content\\\/uploads\\\/Suzuki_Logo_Parallelogram.svg\",\"caption\":\"Suzuki Canada Inc.\"},\"image\":{\"@id\":\"https:\\\/\\\/www.suzuki.ca\\\/#\\\/schema\\\/logo\\\/image\\\/\"}}]}<\/script>\n<!-- \/ Yoast SEO plugin. -->","yoast_head_json":{"title":"PITBOX DE VIDANGE D'HUILE ECSTAR EN \u00c9DITION LIMIT\u00c9E - 4 Litre - Suzuki Canada Inc.","robots":{"index":"index","follow":"follow","max-snippet":"max-snippet:-1","max-image-preview":"max-image-preview:large","max-video-preview":"max-video-preview:-1"},"canonical":"https:\/\/www.suzuki.ca\/fr\/produit\/pitbox-de-vidange-dhuile-ecstar-en-edition-limitee-4-litre\/","og_locale":"fr_FR","og_type":"article","og_title":"PITBOX DE VIDANGE D'HUILE ECSTAR EN \u00c9DITION LIMIT\u00c9E - 4 Litre - Suzuki Canada Inc.","og_description":"\u2026 Continuez \u00e0 lire >","og_url":"https:\/\/www.suzuki.ca\/fr\/produit\/pitbox-de-vidange-dhuile-ecstar-en-edition-limitee-4-litre\/","og_site_name":"Suzuki Canada Inc.","article_modified_time":"2026-04-09T14:42:09+00:00","og_image":[{"width":1080,"height":1080,"url":"https:\/\/staging.suzuki.ca\/wp-content\/uploads\/Pitbox-R9000.jpg","type":"image\/jpeg"}],"twitter_card":"summary_large_image","twitter_misc":{"Est. reading time":"1 minute"},"schema":{"@context":"https:\/\/schema.org","@graph":[{"@type":"WebPage","@id":"https:\/\/www.suzuki.ca\/fr\/produit\/pitbox-de-vidange-dhuile-ecstar-en-edition-limitee-4-litre\/","url":"https:\/\/www.suzuki.ca\/fr\/produit\/pitbox-de-vidange-dhuile-ecstar-en-edition-limitee-4-litre\/","name":"PITBOX DE VIDANGE D'HUILE ECSTAR EN \u00c9DITION LIMIT\u00c9E - 4 Litre - Suzuki Canada Inc.","isPartOf":{"@id":"https:\/\/www.suzuki.ca\/#website"},"primaryImageOfPage":{"@id":"https:\/\/www.suzuki.ca\/fr\/produit\/pitbox-de-vidange-dhuile-ecstar-en-edition-limitee-4-litre\/#primaryimage"},"image":{"@id":"https:\/\/www.suzuki.ca\/fr\/produit\/pitbox-de-vidange-dhuile-ecstar-en-edition-limitee-4-litre\/#primaryimage"},"thumbnailUrl":"https:\/\/www.suzuki.ca\/wp-content\/uploads\/Pitbox-R9000.jpg","datePublished":"2024-04-02T13:25:12+00:00","dateModified":"2026-04-09T14:42:09+00:00","breadcrumb":{"@id":"https:\/\/www.suzuki.ca\/fr\/produit\/pitbox-de-vidange-dhuile-ecstar-en-edition-limitee-4-litre\/#breadcrumb"},"inLanguage":"fr-FR","potentialAction":[{"@type":"ReadAction","target":["https:\/\/www.suzuki.ca\/fr\/produit\/pitbox-de-vidange-dhuile-ecstar-en-edition-limitee-4-litre\/"]}]},{"@type":"ImageObject","inLanguage":"fr-FR","@id":"https:\/\/www.suzuki.ca\/fr\/produit\/pitbox-de-vidange-dhuile-ecstar-en-edition-limitee-4-litre\/#primaryimage","url":"https:\/\/www.suzuki.ca\/wp-content\/uploads\/Pitbox-R9000.jpg","contentUrl":"https:\/\/www.suzuki.ca\/wp-content\/uploads\/Pitbox-R9000.jpg","width":1080,"height":1080,"caption":"Pitbox - R9000"},{"@type":"BreadcrumbList","@id":"https:\/\/www.suzuki.ca\/fr\/produit\/pitbox-de-vidange-dhuile-ecstar-en-edition-limitee-4-litre\/#breadcrumb","itemListElement":[{"@type":"ListItem","position":1,"name":"Accueil","item":"https:\/\/www.suzuki.ca\/fr\/"},{"@type":"ListItem","position":2,"name":"Products","item":"https:\/\/www.suzuki.ca\/shop\/"},{"@type":"ListItem","position":3,"name":"PITBOX DE VIDANGE D&#8217;HUILE ECSTAR EN \u00c9DITION LIMIT\u00c9E &#8211; 4 Litre"}]},{"@type":"WebSite","@id":"https:\/\/www.suzuki.ca\/#website","url":"https:\/\/www.suzuki.ca\/","name":"Suzuki Canada Inc.","description":"The Official Home of Suzuki Canada Motorcycle, ATV, and Marine models and accessories.","publisher":{"@id":"https:\/\/www.suzuki.ca\/#organization"},"potentialAction":[{"@type":"SearchAction","target":{"@type":"EntryPoint","urlTemplate":"https:\/\/www.suzuki.ca\/?s={search_term_string}"},"query-input":{"@type":"PropertyValueSpecification","valueRequired":true,"valueName":"search_term_string"}}],"inLanguage":"fr-FR"},{"@type":"Organization","@id":"https:\/\/www.suzuki.ca\/#organization","name":"Suzuki Canada Inc.","url":"https:\/\/www.suzuki.ca\/","logo":{"@type":"ImageObject","inLanguage":"fr-FR","@id":"https:\/\/www.suzuki.ca\/#\/schema\/logo\/image\/","url":"https:\/\/www.suzuki.ca\/wp-content\/uploads\/Suzuki_Logo_Parallelogram.svg","contentUrl":"https:\/\/www.suzuki.ca\/wp-content\/uploads\/Suzuki_Logo_Parallelogram.svg","caption":"Suzuki Canada Inc."},"image":{"@id":"https:\/\/www.suzuki.ca\/#\/schema\/logo\/image\/"}}]}},"_links":{"self":[{"href":"https:\/\/www.suzuki.ca\/fr\/wp-json\/wp\/v2\/product\/53049","targetHints":{"allow":["GET"]}}],"collection":[{"href":"https:\/\/www.suzuki.ca\/fr\/wp-json\/wp\/v2\/product"}],"about":[{"href":"https:\/\/www.suzuki.ca\/fr\/wp-json\/wp\/v2\/types\/product"}],"wp:featuredmedia":[{"embeddable":true,"href":"https:\/\/www.suzuki.ca\/fr\/wp-json\/wp\/v2\/media\/53186"}],"wp:attachment":[{"href":"https:\/\/www.suzuki.ca\/fr\/wp-json\/wp\/v2\/media?parent=53049"}],"wp:term":[{"taxonomy":"product_brand","embeddable":true,"href":"https:\/\/www.suzuki.ca\/fr\/wp-json\/wp\/v2\/product_brand?post=53049"},{"taxonomy":"product_cat","embeddable":true,"href":"https:\/\/www.suzuki.ca\/fr\/wp-json\/wp\/v2\/product_cat?post=53049"},{"taxonomy":"product_tag","embeddable":true,"href":"https:\/\/www.suzuki.ca\/fr\/wp-json\/wp\/v2\/product_tag?post=53049"}],"curies":[{"name":"wp","href":"https:\/\/api.w.org\/{rel}","templated":true}]}}