{"id":53477,"date":"2024-04-03T11:55:52","date_gmt":"2024-04-03T15:55:52","guid":{"rendered":"https:\/\/www.suzuki.ca\/?post_type=product&#038;p=53477"},"modified":"2026-04-13T10:34:57","modified_gmt":"2026-04-13T14:34:57","slug":"levier-dembrayage-en-laiton-anodise","status":"publish","type":"product","link":"https:\/\/www.suzuki.ca\/fr\/produit\/levier-dembrayage-en-laiton-anodise\/","title":{"rendered":"Levier d&#8217;embrayage en laiton (anodis\u00e9)"},"content":{"rendered":"<p><span data-sheets-root=\"1\" data-sheets-value=\"{&quot;1&quot;:2,&quot;2&quot;:&quot;Usin\u00e9s \u00e0 partir d'aluminium haut de gamme, d\u00e9cor\u00e9s du logo SUZUKI et du logo Suzuki \\&quot;S\\&quot;. Ces leviers anodis\u00e9s noirs donnent un look plus sportif \u00e0 la moto. Il existe deux couleurs diff\u00e9rentes (bleu et rouge) pour l'ajusteur de levier fourni avec cet article. Vous pouvez choisir la couleur qui vous convient le mieux.&quot;}\" data-sheets-userformat=\"{&quot;2&quot;:14337,&quot;3&quot;:{&quot;1&quot;:0,&quot;3&quot;:1},&quot;14&quot;:{&quot;1&quot;:3,&quot;3&quot;:1},&quot;15&quot;:&quot;suzukiproregular&quot;,&quot;16&quot;:10}\">Usin\u00e9s \u00e0 partir d&#8217;aluminium haut de gamme, d\u00e9cor\u00e9s du logo SUZUKI et du logo Suzuki &#8220;S&#8221;. Ces leviers anodis\u00e9s noirs donnent un look plus sportif \u00e0 la moto. Il existe deux couleurs diff\u00e9rentes (bleu et rouge) pour l&#8217;ajusteur de levier fourni avec cet article. Vous pouvez choisir la couleur qui vous convient le mieux.<\/span><\/p>\n<p><strong>Compatibilit\u00e9 :<\/strong><br \/>\nGSX-8R: 2024 &#8211; 2026<br \/>\nGSX-8S : 2023 &#8211; 2026<br \/>\nGSX-8T: 2026<br \/>\nGSX-8TT: 2026<\/p>\n","protected":false},"excerpt":{"rendered":"<p>\u2026 <a class=\"blog-readmore\" href=\"https:\/\/www.suzuki.ca\/fr\/produit\/levier-dembrayage-en-laiton-anodise\/\">Continuez \u00e0 lire ><\/a><\/p>\n","protected":false},"featured_media":56834,"template":"","meta":{"_acf_changed":false,"site-sidebar-layout":"default","site-content-layout":"","ast-site-content-layout":"default","site-content-style":"default","site-sidebar-style":"default","ast-global-header-display":"","ast-banner-title-visibility":"","ast-main-header-display":"","ast-hfb-above-header-display":"","ast-hfb-below-header-display":"","ast-hfb-mobile-header-display":"","site-post-title":"","ast-breadcrumbs-content":"","ast-featured-img":"","footer-sml-layout":"","ast-disable-related-posts":"","theme-transparent-header-meta":"default","adv-header-id-meta":"","stick-header-meta":"default","header-above-stick-meta":"","header-main-stick-meta":"","header-below-stick-meta":"","astra-migrate-meta-layouts":"set","ast-page-background-enabled":"default","ast-page-background-meta":{"desktop":{"background-color":"","background-image":"","background-repeat":"repeat","background-position":"center center","background-size":"auto","background-attachment":"scroll","background-type":"","background-media":"","overlay-type":"","overlay-color":"","overlay-opacity":"","overlay-gradient":""},"tablet":{"background-color":"","background-image":"","background-repeat":"repeat","background-position":"center center","background-size":"auto","background-attachment":"scroll","background-type":"","background-media":"","overlay-type":"","overlay-color":"","overlay-opacity":"","overlay-gradient":""},"mobile":{"background-color":"","background-image":"","background-repeat":"repeat","background-position":"center center","background-size":"auto","background-attachment":"scroll","background-type":"","background-media":"","overlay-type":"","overlay-color":"","overlay-opacity":"","overlay-gradient":""}},"ast-content-background-meta":{"desktop":{"background-color":"var(--ast-global-color-5)","background-image":"","background-repeat":"repeat","background-position":"center center","background-size":"auto","background-attachment":"scroll","background-type":"","background-media":"","overlay-type":"","overlay-color":"","overlay-opacity":"","overlay-gradient":""},"tablet":{"background-color":"var(--ast-global-color-5)","background-image":"","background-repeat":"repeat","background-position":"center center","background-size":"auto","background-attachment":"scroll","background-type":"","background-media":"","overlay-type":"","overlay-color":"","overlay-opacity":"","overlay-gradient":""},"mobile":{"background-color":"var(--ast-global-color-5)","background-image":"","background-repeat":"repeat","background-position":"center center","background-size":"auto","background-attachment":"scroll","background-type":"","background-media":"","overlay-type":"","overlay-color":"","overlay-opacity":"","overlay-gradient":""}}},"product_brand":[],"product_cat":[2208,2216],"product_tag":[],"class_list":{"0":"post-53477","1":"product","2":"type-product","3":"status-publish","4":"has-post-thumbnail","6":"product_cat-accessoires-pour-motos","7":"product_cat-magasin-de-motos","8":"pa_component-accessoire","9":"pa_item-type-guidons-et-commandes","10":"pa_motorcycle-model-gsx-8s-fr","11":"pa_motorcycle-model-gsx-8r-fr","12":"pa_motorcycle-model-gsx-8t-fr","13":"desktop-align-left","14":"tablet-align-left","15":"mobile-align-left","16":"ast-product-gallery-layout-horizontal","17":"ast-product-gallery-with-no-image","18":"ast-magnify-disabled","19":"ast-product-tabs-layout-horizontal","21":"first","22":"instock","23":"taxable","24":"shipping-taxable","25":"purchasable","26":"product-type-simple"},"acf":[],"yoast_head":"<!-- This site is optimized with the Yoast SEO plugin v27.3 - https:\/\/yoast.com\/product\/yoast-seo-wordpress\/ -->\n<title>Levier d&#039;embrayage en laiton (anodis\u00e9) - Suzuki Canada Inc.<\/title>\n<meta name=\"robots\" content=\"index, follow, max-snippet:-1, max-image-preview:large, max-video-preview:-1\" \/>\n<link rel=\"canonical\" href=\"https:\/\/www.suzuki.ca\/fr\/produit\/levier-dembrayage-en-laiton-anodise\/\" \/>\n<meta property=\"og:locale\" content=\"fr_FR\" \/>\n<meta property=\"og:type\" content=\"article\" \/>\n<meta property=\"og:title\" content=\"Levier d&#039;embrayage en laiton (anodis\u00e9) - Suzuki Canada Inc.\" \/>\n<meta property=\"og:description\" content=\"\u2026 Continuez \u00e0 lire &gt;\" \/>\n<meta property=\"og:url\" content=\"https:\/\/www.suzuki.ca\/fr\/produit\/levier-dembrayage-en-laiton-anodise\/\" \/>\n<meta property=\"og:site_name\" content=\"Suzuki Canada Inc.\" \/>\n<meta property=\"article:modified_time\" content=\"2026-04-13T14:34:57+00:00\" \/>\n<meta property=\"og:image\" content=\"https:\/\/staging.suzuki.ca\/wp-content\/uploads\/57620-25810.jpg\" \/>\n\t<meta property=\"og:image:width\" content=\"1080\" \/>\n\t<meta property=\"og:image:height\" content=\"1080\" \/>\n\t<meta property=\"og:image:type\" content=\"image\/jpeg\" \/>\n<meta name=\"twitter:card\" content=\"summary_large_image\" \/>\n<meta name=\"twitter:label1\" content=\"Est. reading time\" \/>\n\t<meta name=\"twitter:data1\" content=\"1 minute\" \/>\n<script type=\"application\/ld+json\" class=\"yoast-schema-graph\">{\"@context\":\"https:\\\/\\\/schema.org\",\"@graph\":[{\"@type\":\"WebPage\",\"@id\":\"https:\\\/\\\/www.suzuki.ca\\\/fr\\\/produit\\\/levier-dembrayage-en-laiton-anodise\\\/\",\"url\":\"https:\\\/\\\/www.suzuki.ca\\\/fr\\\/produit\\\/levier-dembrayage-en-laiton-anodise\\\/\",\"name\":\"Levier d'embrayage en laiton (anodis\u00e9) - Suzuki Canada Inc.\",\"isPartOf\":{\"@id\":\"https:\\\/\\\/www.suzuki.ca\\\/#website\"},\"primaryImageOfPage\":{\"@id\":\"https:\\\/\\\/www.suzuki.ca\\\/fr\\\/produit\\\/levier-dembrayage-en-laiton-anodise\\\/#primaryimage\"},\"image\":{\"@id\":\"https:\\\/\\\/www.suzuki.ca\\\/fr\\\/produit\\\/levier-dembrayage-en-laiton-anodise\\\/#primaryimage\"},\"thumbnailUrl\":\"https:\\\/\\\/www.suzuki.ca\\\/wp-content\\\/uploads\\\/57620-25810.jpg\",\"datePublished\":\"2024-04-03T15:55:52+00:00\",\"dateModified\":\"2026-04-13T14:34:57+00:00\",\"breadcrumb\":{\"@id\":\"https:\\\/\\\/www.suzuki.ca\\\/fr\\\/produit\\\/levier-dembrayage-en-laiton-anodise\\\/#breadcrumb\"},\"inLanguage\":\"fr-FR\",\"potentialAction\":[{\"@type\":\"ReadAction\",\"target\":[\"https:\\\/\\\/www.suzuki.ca\\\/fr\\\/produit\\\/levier-dembrayage-en-laiton-anodise\\\/\"]}]},{\"@type\":\"ImageObject\",\"inLanguage\":\"fr-FR\",\"@id\":\"https:\\\/\\\/www.suzuki.ca\\\/fr\\\/produit\\\/levier-dembrayage-en-laiton-anodise\\\/#primaryimage\",\"url\":\"https:\\\/\\\/www.suzuki.ca\\\/wp-content\\\/uploads\\\/57620-25810.jpg\",\"contentUrl\":\"https:\\\/\\\/www.suzuki.ca\\\/wp-content\\\/uploads\\\/57620-25810.jpg\",\"width\":1080,\"height\":1080,\"caption\":\"Suzuki_Billet_Clutch_Lever\"},{\"@type\":\"BreadcrumbList\",\"@id\":\"https:\\\/\\\/www.suzuki.ca\\\/fr\\\/produit\\\/levier-dembrayage-en-laiton-anodise\\\/#breadcrumb\",\"itemListElement\":[{\"@type\":\"ListItem\",\"position\":1,\"name\":\"Accueil\",\"item\":\"https:\\\/\\\/www.suzuki.ca\\\/fr\\\/\"},{\"@type\":\"ListItem\",\"position\":2,\"name\":\"Products\",\"item\":\"https:\\\/\\\/www.suzuki.ca\\\/shop\\\/\"},{\"@type\":\"ListItem\",\"position\":3,\"name\":\"Levier d&#8217;embrayage en laiton (anodis\u00e9)\"}]},{\"@type\":\"WebSite\",\"@id\":\"https:\\\/\\\/www.suzuki.ca\\\/#website\",\"url\":\"https:\\\/\\\/www.suzuki.ca\\\/\",\"name\":\"Suzuki Canada Inc.\",\"description\":\"The Official Home of Suzuki Canada Motorcycle, ATV, and Marine models and accessories.\",\"publisher\":{\"@id\":\"https:\\\/\\\/www.suzuki.ca\\\/#organization\"},\"potentialAction\":[{\"@type\":\"SearchAction\",\"target\":{\"@type\":\"EntryPoint\",\"urlTemplate\":\"https:\\\/\\\/www.suzuki.ca\\\/?s={search_term_string}\"},\"query-input\":{\"@type\":\"PropertyValueSpecification\",\"valueRequired\":true,\"valueName\":\"search_term_string\"}}],\"inLanguage\":\"fr-FR\"},{\"@type\":\"Organization\",\"@id\":\"https:\\\/\\\/www.suzuki.ca\\\/#organization\",\"name\":\"Suzuki Canada Inc.\",\"url\":\"https:\\\/\\\/www.suzuki.ca\\\/\",\"logo\":{\"@type\":\"ImageObject\",\"inLanguage\":\"fr-FR\",\"@id\":\"https:\\\/\\\/www.suzuki.ca\\\/#\\\/schema\\\/logo\\\/image\\\/\",\"url\":\"https:\\\/\\\/www.suzuki.ca\\\/wp-content\\\/uploads\\\/Suzuki_Logo_Parallelogram.svg\",\"contentUrl\":\"https:\\\/\\\/www.suzuki.ca\\\/wp-content\\\/uploads\\\/Suzuki_Logo_Parallelogram.svg\",\"caption\":\"Suzuki Canada Inc.\"},\"image\":{\"@id\":\"https:\\\/\\\/www.suzuki.ca\\\/#\\\/schema\\\/logo\\\/image\\\/\"}}]}<\/script>\n<!-- \/ Yoast SEO plugin. -->","yoast_head_json":{"title":"Levier d'embrayage en laiton (anodis\u00e9) - Suzuki Canada Inc.","robots":{"index":"index","follow":"follow","max-snippet":"max-snippet:-1","max-image-preview":"max-image-preview:large","max-video-preview":"max-video-preview:-1"},"canonical":"https:\/\/www.suzuki.ca\/fr\/produit\/levier-dembrayage-en-laiton-anodise\/","og_locale":"fr_FR","og_type":"article","og_title":"Levier d'embrayage en laiton (anodis\u00e9) - Suzuki Canada Inc.","og_description":"\u2026 Continuez \u00e0 lire >","og_url":"https:\/\/www.suzuki.ca\/fr\/produit\/levier-dembrayage-en-laiton-anodise\/","og_site_name":"Suzuki Canada Inc.","article_modified_time":"2026-04-13T14:34:57+00:00","og_image":[{"width":1080,"height":1080,"url":"https:\/\/staging.suzuki.ca\/wp-content\/uploads\/57620-25810.jpg","type":"image\/jpeg"}],"twitter_card":"summary_large_image","twitter_misc":{"Est. reading time":"1 minute"},"schema":{"@context":"https:\/\/schema.org","@graph":[{"@type":"WebPage","@id":"https:\/\/www.suzuki.ca\/fr\/produit\/levier-dembrayage-en-laiton-anodise\/","url":"https:\/\/www.suzuki.ca\/fr\/produit\/levier-dembrayage-en-laiton-anodise\/","name":"Levier d'embrayage en laiton (anodis\u00e9) - Suzuki Canada Inc.","isPartOf":{"@id":"https:\/\/www.suzuki.ca\/#website"},"primaryImageOfPage":{"@id":"https:\/\/www.suzuki.ca\/fr\/produit\/levier-dembrayage-en-laiton-anodise\/#primaryimage"},"image":{"@id":"https:\/\/www.suzuki.ca\/fr\/produit\/levier-dembrayage-en-laiton-anodise\/#primaryimage"},"thumbnailUrl":"https:\/\/www.suzuki.ca\/wp-content\/uploads\/57620-25810.jpg","datePublished":"2024-04-03T15:55:52+00:00","dateModified":"2026-04-13T14:34:57+00:00","breadcrumb":{"@id":"https:\/\/www.suzuki.ca\/fr\/produit\/levier-dembrayage-en-laiton-anodise\/#breadcrumb"},"inLanguage":"fr-FR","potentialAction":[{"@type":"ReadAction","target":["https:\/\/www.suzuki.ca\/fr\/produit\/levier-dembrayage-en-laiton-anodise\/"]}]},{"@type":"ImageObject","inLanguage":"fr-FR","@id":"https:\/\/www.suzuki.ca\/fr\/produit\/levier-dembrayage-en-laiton-anodise\/#primaryimage","url":"https:\/\/www.suzuki.ca\/wp-content\/uploads\/57620-25810.jpg","contentUrl":"https:\/\/www.suzuki.ca\/wp-content\/uploads\/57620-25810.jpg","width":1080,"height":1080,"caption":"Suzuki_Billet_Clutch_Lever"},{"@type":"BreadcrumbList","@id":"https:\/\/www.suzuki.ca\/fr\/produit\/levier-dembrayage-en-laiton-anodise\/#breadcrumb","itemListElement":[{"@type":"ListItem","position":1,"name":"Accueil","item":"https:\/\/www.suzuki.ca\/fr\/"},{"@type":"ListItem","position":2,"name":"Products","item":"https:\/\/www.suzuki.ca\/shop\/"},{"@type":"ListItem","position":3,"name":"Levier d&#8217;embrayage en laiton (anodis\u00e9)"}]},{"@type":"WebSite","@id":"https:\/\/www.suzuki.ca\/#website","url":"https:\/\/www.suzuki.ca\/","name":"Suzuki Canada Inc.","description":"The Official Home of Suzuki Canada Motorcycle, ATV, and Marine models and accessories.","publisher":{"@id":"https:\/\/www.suzuki.ca\/#organization"},"potentialAction":[{"@type":"SearchAction","target":{"@type":"EntryPoint","urlTemplate":"https:\/\/www.suzuki.ca\/?s={search_term_string}"},"query-input":{"@type":"PropertyValueSpecification","valueRequired":true,"valueName":"search_term_string"}}],"inLanguage":"fr-FR"},{"@type":"Organization","@id":"https:\/\/www.suzuki.ca\/#organization","name":"Suzuki Canada Inc.","url":"https:\/\/www.suzuki.ca\/","logo":{"@type":"ImageObject","inLanguage":"fr-FR","@id":"https:\/\/www.suzuki.ca\/#\/schema\/logo\/image\/","url":"https:\/\/www.suzuki.ca\/wp-content\/uploads\/Suzuki_Logo_Parallelogram.svg","contentUrl":"https:\/\/www.suzuki.ca\/wp-content\/uploads\/Suzuki_Logo_Parallelogram.svg","caption":"Suzuki Canada Inc."},"image":{"@id":"https:\/\/www.suzuki.ca\/#\/schema\/logo\/image\/"}}]}},"_links":{"self":[{"href":"https:\/\/www.suzuki.ca\/fr\/wp-json\/wp\/v2\/product\/53477","targetHints":{"allow":["GET"]}}],"collection":[{"href":"https:\/\/www.suzuki.ca\/fr\/wp-json\/wp\/v2\/product"}],"about":[{"href":"https:\/\/www.suzuki.ca\/fr\/wp-json\/wp\/v2\/types\/product"}],"wp:featuredmedia":[{"embeddable":true,"href":"https:\/\/www.suzuki.ca\/fr\/wp-json\/wp\/v2\/media\/56834"}],"wp:attachment":[{"href":"https:\/\/www.suzuki.ca\/fr\/wp-json\/wp\/v2\/media?parent=53477"}],"wp:term":[{"taxonomy":"product_brand","embeddable":true,"href":"https:\/\/www.suzuki.ca\/fr\/wp-json\/wp\/v2\/product_brand?post=53477"},{"taxonomy":"product_cat","embeddable":true,"href":"https:\/\/www.suzuki.ca\/fr\/wp-json\/wp\/v2\/product_cat?post=53477"},{"taxonomy":"product_tag","embeddable":true,"href":"https:\/\/www.suzuki.ca\/fr\/wp-json\/wp\/v2\/product_tag?post=53477"}],"curies":[{"name":"wp","href":"https:\/\/api.w.org\/{rel}","templated":true}]}}