{"id":53509,"date":"2024-04-03T11:56:09","date_gmt":"2024-04-03T15:56:09","guid":{"rendered":"https:\/\/www.suzuki.ca\/?post_type=product&#038;p=53509"},"modified":"2026-04-15T10:37:28","modified_gmt":"2026-04-15T14:37:28","slug":"ensemble-de-valises-laterales-en-plastique","status":"publish","type":"product","link":"https:\/\/www.suzuki.ca\/fr\/produit\/ensemble-de-valises-laterales-en-plastique\/","title":{"rendered":"Ensemble de valises lat\u00e9rales en plastique"},"content":{"rendered":"<p>Les valises lat\u00e9rales \u00e9l\u00e9gantes conservent l&#8217;apparence sportive et \u00e9l\u00e9gante de la V-STROM tout en offrant un grand espace de rangement. Les valises lat\u00e9rales droite et gauche de 26 L (6,8 Gal) et 29 L (7,6 Gal) offrent suffisamment d&#8217;espace pour les v\u00eatements, les outils et autres besoins. Toutes les pi\u00e8ces se verrouillent, se fixent et se d\u00e9tachent avec la cl\u00e9 de contact. Les deux valises lat\u00e9rales sont incluses.<\/p>\n<p><strong>Compatibilit\u00e9 :<\/strong><br \/>\n<strong>V-STROM 650 :<\/strong> 2017 &#8211; 2025<br \/>\n<strong>Requis pour l&#8217;installation :<\/strong><br \/>\nSupports de valise lat\u00e9rale : 93700-31820<br \/>\nEnsemble de serrures :<br \/>\nUn ensemble (Top Case) : 95700-48820<br data-start=\"36\" data-end=\"39\" \/>Deux ensembles (Valises lat\u00e9rales) : 95700-48810<\/p>\n<p><strong>V-STROM 800 :<\/strong> 2024 &#8211; 2026<br \/>\n<strong>V-STROM 800DE :<\/strong> 2023 &#8211; 2026<br \/>\n<strong>Requis pour l&#8217;installation :<\/strong><br \/>\nSupports sup\u00e9rieurs : 47500-25810<br \/>\nSupports inf\u00e9rieurs : 93700-25880<br \/>\nEnsemble de serrures :<br \/>\nUn ensemble (Top Case) : 95700-48820<br data-start=\"36\" data-end=\"39\" \/>Deux ensembles (Valises lat\u00e9rales) : 95700-48810<\/p>\n<p><strong>V-STROM 1000 :<\/strong> 2014 &#8211; 2019<br \/>\n<strong>Requis pour l&#8217;installation :<\/strong><br \/>\nSupports de valise lat\u00e9rale : 93700-31830 (Discontinued)<br \/>\nEnsemble de serrures :<br \/>\nUn ensemble (Top Case) : 95700-48820<br data-start=\"36\" data-end=\"39\" \/>Deux ensembles (Valises lat\u00e9rales) : 95700-48810<\/p>\n<p><strong>V-STROM 1050 :<\/strong> 2020 &#8211; 2026<br \/>\n<strong>Requis pour l&#8217;installation :<\/strong><br \/>\nSupports de valise lat\u00e9rale sup\u00e9rieure : 47500-06810<br \/>\nSupports de valise lat\u00e9rale inf\u00e9rieure : 93700-31841<br \/>\nEnsemble de serrures :<br \/>\nUn ensemble (Top Case) : 95700-48820<br data-start=\"36\" data-end=\"39\" \/>Deux ensembles (Valises lat\u00e9rales) : 95700-48810<\/p>\n<p><strong>V-STROM 1050DE :<\/strong> 2023 &#8211; 2026<br \/>\n<strong>Requis pour l&#8217;installation :<\/strong><br \/>\nEnsemble de supports inf\u00e9rieurs &#8211; 93700-31841<br \/>\nEnsemble de serrures &#8211; 95700-48810<\/p>\n<p><strong>V-STROM 1050XT :<\/strong> 2020 &#8211; 2022<br \/>\n<strong>Requis pour l&#8217;installation :<\/strong><br \/>\nSupports de valise lat\u00e9rale inf\u00e9rieure : 93700-31841<br \/>\nEnsemble de serrures :<br \/>\nUn ensemble (Top Case) : 95700-48820<br data-start=\"36\" data-end=\"39\" \/>Deux ensembles (Valises lat\u00e9rales) : 95700-48810<\/p>\n<p><strong>Remarque :<\/strong><br \/>\nCharge\/capacit\u00e9 maximale : 26 L\/11 lb (droite) et 29 L\/11 lb (gauche)<br \/>\nLes deux ensembles de serrures (95700-48820 et 95700-48810) sont requis pour l\u2019utilisation avec le top case en plastique et l\u2019ensemble de valises lat\u00e9rales en plastique.<\/p>\n","protected":false},"excerpt":{"rendered":"<p>\u2026 <a class=\"blog-readmore\" href=\"https:\/\/www.suzuki.ca\/fr\/produit\/ensemble-de-valises-laterales-en-plastique\/\">Continuez \u00e0 lire ><\/a><\/p>\n","protected":false},"featured_media":56813,"template":"","meta":{"_acf_changed":false,"site-sidebar-layout":"default","site-content-layout":"","ast-site-content-layout":"default","site-content-style":"default","site-sidebar-style":"default","ast-global-header-display":"","ast-banner-title-visibility":"","ast-main-header-display":"","ast-hfb-above-header-display":"","ast-hfb-below-header-display":"","ast-hfb-mobile-header-display":"","site-post-title":"","ast-breadcrumbs-content":"","ast-featured-img":"","footer-sml-layout":"","ast-disable-related-posts":"","theme-transparent-header-meta":"default","adv-header-id-meta":"","stick-header-meta":"default","header-above-stick-meta":"","header-main-stick-meta":"","header-below-stick-meta":"","astra-migrate-meta-layouts":"set","ast-page-background-enabled":"default","ast-page-background-meta":{"desktop":{"background-color":"","background-image":"","background-repeat":"repeat","background-position":"center center","background-size":"auto","background-attachment":"scroll","background-type":"","background-media":"","overlay-type":"","overlay-color":"","overlay-opacity":"","overlay-gradient":""},"tablet":{"background-color":"","background-image":"","background-repeat":"repeat","background-position":"center center","background-size":"auto","background-attachment":"scroll","background-type":"","background-media":"","overlay-type":"","overlay-color":"","overlay-opacity":"","overlay-gradient":""},"mobile":{"background-color":"","background-image":"","background-repeat":"repeat","background-position":"center center","background-size":"auto","background-attachment":"scroll","background-type":"","background-media":"","overlay-type":"","overlay-color":"","overlay-opacity":"","overlay-gradient":""}},"ast-content-background-meta":{"desktop":{"background-color":"var(--ast-global-color-5)","background-image":"","background-repeat":"repeat","background-position":"center center","background-size":"auto","background-attachment":"scroll","background-type":"","background-media":"","overlay-type":"","overlay-color":"","overlay-opacity":"","overlay-gradient":""},"tablet":{"background-color":"var(--ast-global-color-5)","background-image":"","background-repeat":"repeat","background-position":"center center","background-size":"auto","background-attachment":"scroll","background-type":"","background-media":"","overlay-type":"","overlay-color":"","overlay-opacity":"","overlay-gradient":""},"mobile":{"background-color":"var(--ast-global-color-5)","background-image":"","background-repeat":"repeat","background-position":"center center","background-size":"auto","background-attachment":"scroll","background-type":"","background-media":"","overlay-type":"","overlay-color":"","overlay-opacity":"","overlay-gradient":""}}},"product_brand":[],"product_cat":[2208,2216],"product_tag":[],"class_list":{"0":"post-53509","1":"product","2":"type-product","3":"status-publish","4":"has-post-thumbnail","6":"product_cat-accessoires-pour-motos","7":"product_cat-magasin-de-motos","8":"pa_component-accessoire","9":"pa_item-type-accessoires-pour-le-confort","10":"pa_motorcycle-model-v-strom-1000-fr","11":"pa_motorcycle-model-v-strom-800-fr","12":"pa_motorcycle-model-v-strom-1050de-fr","13":"pa_motorcycle-model-v-strom-1050-fr","14":"pa_motorcycle-model-v-strom-800de-fr","15":"pa_motorcycle-model-v-strom-650-fr","16":"desktop-align-left","17":"tablet-align-left","18":"mobile-align-left","19":"ast-product-gallery-layout-horizontal","20":"ast-product-gallery-with-no-image","21":"ast-magnify-disabled","22":"ast-product-tabs-layout-horizontal","24":"first","25":"onbackorder","26":"taxable","27":"shipping-taxable","28":"purchasable","29":"product-type-simple"},"acf":[],"yoast_head":"<!-- This site is optimized with the Yoast SEO plugin v27.3 - https:\/\/yoast.com\/product\/yoast-seo-wordpress\/ -->\n<title>Ensemble de valises lat\u00e9rales en plastique - Suzuki Canada Inc.<\/title>\n<meta name=\"robots\" content=\"index, follow, max-snippet:-1, max-image-preview:large, max-video-preview:-1\" \/>\n<link rel=\"canonical\" href=\"https:\/\/www.suzuki.ca\/fr\/produit\/ensemble-de-valises-laterales-en-plastique\/\" \/>\n<meta property=\"og:locale\" content=\"fr_FR\" \/>\n<meta property=\"og:type\" content=\"article\" \/>\n<meta property=\"og:title\" content=\"Ensemble de valises lat\u00e9rales en plastique - Suzuki Canada Inc.\" \/>\n<meta property=\"og:description\" content=\"\u2026 Continuez \u00e0 lire &gt;\" \/>\n<meta property=\"og:url\" content=\"https:\/\/www.suzuki.ca\/fr\/produit\/ensemble-de-valises-laterales-en-plastique\/\" \/>\n<meta property=\"og:site_name\" content=\"Suzuki Canada Inc.\" \/>\n<meta property=\"article:modified_time\" content=\"2026-04-15T14:37:28+00:00\" \/>\n<meta property=\"og:image\" content=\"https:\/\/staging.suzuki.ca\/wp-content\/uploads\/95400-25810-1.jpg\" \/>\n\t<meta property=\"og:image:width\" content=\"1080\" \/>\n\t<meta property=\"og:image:height\" content=\"1080\" \/>\n\t<meta property=\"og:image:type\" content=\"image\/jpeg\" \/>\n<meta name=\"twitter:card\" content=\"summary_large_image\" \/>\n<meta name=\"twitter:label1\" content=\"Est. reading time\" \/>\n\t<meta name=\"twitter:data1\" content=\"2 minutes\" \/>\n<script type=\"application\/ld+json\" class=\"yoast-schema-graph\">{\"@context\":\"https:\\\/\\\/schema.org\",\"@graph\":[{\"@type\":\"WebPage\",\"@id\":\"https:\\\/\\\/www.suzuki.ca\\\/fr\\\/produit\\\/ensemble-de-valises-laterales-en-plastique\\\/\",\"url\":\"https:\\\/\\\/www.suzuki.ca\\\/fr\\\/produit\\\/ensemble-de-valises-laterales-en-plastique\\\/\",\"name\":\"Ensemble de valises lat\u00e9rales en plastique - Suzuki Canada Inc.\",\"isPartOf\":{\"@id\":\"https:\\\/\\\/www.suzuki.ca\\\/#website\"},\"primaryImageOfPage\":{\"@id\":\"https:\\\/\\\/www.suzuki.ca\\\/fr\\\/produit\\\/ensemble-de-valises-laterales-en-plastique\\\/#primaryimage\"},\"image\":{\"@id\":\"https:\\\/\\\/www.suzuki.ca\\\/fr\\\/produit\\\/ensemble-de-valises-laterales-en-plastique\\\/#primaryimage\"},\"thumbnailUrl\":\"https:\\\/\\\/www.suzuki.ca\\\/wp-content\\\/uploads\\\/95400-25810-1.jpg\",\"datePublished\":\"2024-04-03T15:56:09+00:00\",\"dateModified\":\"2026-04-15T14:37:28+00:00\",\"breadcrumb\":{\"@id\":\"https:\\\/\\\/www.suzuki.ca\\\/fr\\\/produit\\\/ensemble-de-valises-laterales-en-plastique\\\/#breadcrumb\"},\"inLanguage\":\"fr-FR\",\"potentialAction\":[{\"@type\":\"ReadAction\",\"target\":[\"https:\\\/\\\/www.suzuki.ca\\\/fr\\\/produit\\\/ensemble-de-valises-laterales-en-plastique\\\/\"]}]},{\"@type\":\"ImageObject\",\"inLanguage\":\"fr-FR\",\"@id\":\"https:\\\/\\\/www.suzuki.ca\\\/fr\\\/produit\\\/ensemble-de-valises-laterales-en-plastique\\\/#primaryimage\",\"url\":\"https:\\\/\\\/www.suzuki.ca\\\/wp-content\\\/uploads\\\/95400-25810-1.jpg\",\"contentUrl\":\"https:\\\/\\\/www.suzuki.ca\\\/wp-content\\\/uploads\\\/95400-25810-1.jpg\",\"width\":1080,\"height\":1080,\"caption\":\"Suzuki_Plastic_Side_Case_Set\"},{\"@type\":\"BreadcrumbList\",\"@id\":\"https:\\\/\\\/www.suzuki.ca\\\/fr\\\/produit\\\/ensemble-de-valises-laterales-en-plastique\\\/#breadcrumb\",\"itemListElement\":[{\"@type\":\"ListItem\",\"position\":1,\"name\":\"Accueil\",\"item\":\"https:\\\/\\\/www.suzuki.ca\\\/fr\\\/\"},{\"@type\":\"ListItem\",\"position\":2,\"name\":\"Products\",\"item\":\"https:\\\/\\\/www.suzuki.ca\\\/shop\\\/\"},{\"@type\":\"ListItem\",\"position\":3,\"name\":\"Ensemble de valises lat\u00e9rales en plastique\"}]},{\"@type\":\"WebSite\",\"@id\":\"https:\\\/\\\/www.suzuki.ca\\\/#website\",\"url\":\"https:\\\/\\\/www.suzuki.ca\\\/\",\"name\":\"Suzuki Canada Inc.\",\"description\":\"The Official Home of Suzuki Canada Motorcycle, ATV, and Marine models and accessories.\",\"publisher\":{\"@id\":\"https:\\\/\\\/www.suzuki.ca\\\/#organization\"},\"potentialAction\":[{\"@type\":\"SearchAction\",\"target\":{\"@type\":\"EntryPoint\",\"urlTemplate\":\"https:\\\/\\\/www.suzuki.ca\\\/?s={search_term_string}\"},\"query-input\":{\"@type\":\"PropertyValueSpecification\",\"valueRequired\":true,\"valueName\":\"search_term_string\"}}],\"inLanguage\":\"fr-FR\"},{\"@type\":\"Organization\",\"@id\":\"https:\\\/\\\/www.suzuki.ca\\\/#organization\",\"name\":\"Suzuki Canada Inc.\",\"url\":\"https:\\\/\\\/www.suzuki.ca\\\/\",\"logo\":{\"@type\":\"ImageObject\",\"inLanguage\":\"fr-FR\",\"@id\":\"https:\\\/\\\/www.suzuki.ca\\\/#\\\/schema\\\/logo\\\/image\\\/\",\"url\":\"https:\\\/\\\/www.suzuki.ca\\\/wp-content\\\/uploads\\\/Suzuki_Logo_Parallelogram.svg\",\"contentUrl\":\"https:\\\/\\\/www.suzuki.ca\\\/wp-content\\\/uploads\\\/Suzuki_Logo_Parallelogram.svg\",\"caption\":\"Suzuki Canada Inc.\"},\"image\":{\"@id\":\"https:\\\/\\\/www.suzuki.ca\\\/#\\\/schema\\\/logo\\\/image\\\/\"}}]}<\/script>\n<!-- \/ Yoast SEO plugin. -->","yoast_head_json":{"title":"Ensemble de valises lat\u00e9rales en plastique - Suzuki Canada Inc.","robots":{"index":"index","follow":"follow","max-snippet":"max-snippet:-1","max-image-preview":"max-image-preview:large","max-video-preview":"max-video-preview:-1"},"canonical":"https:\/\/www.suzuki.ca\/fr\/produit\/ensemble-de-valises-laterales-en-plastique\/","og_locale":"fr_FR","og_type":"article","og_title":"Ensemble de valises lat\u00e9rales en plastique - Suzuki Canada Inc.","og_description":"\u2026 Continuez \u00e0 lire >","og_url":"https:\/\/www.suzuki.ca\/fr\/produit\/ensemble-de-valises-laterales-en-plastique\/","og_site_name":"Suzuki Canada Inc.","article_modified_time":"2026-04-15T14:37:28+00:00","og_image":[{"width":1080,"height":1080,"url":"https:\/\/staging.suzuki.ca\/wp-content\/uploads\/95400-25810-1.jpg","type":"image\/jpeg"}],"twitter_card":"summary_large_image","twitter_misc":{"Est. reading time":"2 minutes"},"schema":{"@context":"https:\/\/schema.org","@graph":[{"@type":"WebPage","@id":"https:\/\/www.suzuki.ca\/fr\/produit\/ensemble-de-valises-laterales-en-plastique\/","url":"https:\/\/www.suzuki.ca\/fr\/produit\/ensemble-de-valises-laterales-en-plastique\/","name":"Ensemble de valises lat\u00e9rales en plastique - Suzuki Canada Inc.","isPartOf":{"@id":"https:\/\/www.suzuki.ca\/#website"},"primaryImageOfPage":{"@id":"https:\/\/www.suzuki.ca\/fr\/produit\/ensemble-de-valises-laterales-en-plastique\/#primaryimage"},"image":{"@id":"https:\/\/www.suzuki.ca\/fr\/produit\/ensemble-de-valises-laterales-en-plastique\/#primaryimage"},"thumbnailUrl":"https:\/\/www.suzuki.ca\/wp-content\/uploads\/95400-25810-1.jpg","datePublished":"2024-04-03T15:56:09+00:00","dateModified":"2026-04-15T14:37:28+00:00","breadcrumb":{"@id":"https:\/\/www.suzuki.ca\/fr\/produit\/ensemble-de-valises-laterales-en-plastique\/#breadcrumb"},"inLanguage":"fr-FR","potentialAction":[{"@type":"ReadAction","target":["https:\/\/www.suzuki.ca\/fr\/produit\/ensemble-de-valises-laterales-en-plastique\/"]}]},{"@type":"ImageObject","inLanguage":"fr-FR","@id":"https:\/\/www.suzuki.ca\/fr\/produit\/ensemble-de-valises-laterales-en-plastique\/#primaryimage","url":"https:\/\/www.suzuki.ca\/wp-content\/uploads\/95400-25810-1.jpg","contentUrl":"https:\/\/www.suzuki.ca\/wp-content\/uploads\/95400-25810-1.jpg","width":1080,"height":1080,"caption":"Suzuki_Plastic_Side_Case_Set"},{"@type":"BreadcrumbList","@id":"https:\/\/www.suzuki.ca\/fr\/produit\/ensemble-de-valises-laterales-en-plastique\/#breadcrumb","itemListElement":[{"@type":"ListItem","position":1,"name":"Accueil","item":"https:\/\/www.suzuki.ca\/fr\/"},{"@type":"ListItem","position":2,"name":"Products","item":"https:\/\/www.suzuki.ca\/shop\/"},{"@type":"ListItem","position":3,"name":"Ensemble de valises lat\u00e9rales en plastique"}]},{"@type":"WebSite","@id":"https:\/\/www.suzuki.ca\/#website","url":"https:\/\/www.suzuki.ca\/","name":"Suzuki Canada Inc.","description":"The Official Home of Suzuki Canada Motorcycle, ATV, and Marine models and accessories.","publisher":{"@id":"https:\/\/www.suzuki.ca\/#organization"},"potentialAction":[{"@type":"SearchAction","target":{"@type":"EntryPoint","urlTemplate":"https:\/\/www.suzuki.ca\/?s={search_term_string}"},"query-input":{"@type":"PropertyValueSpecification","valueRequired":true,"valueName":"search_term_string"}}],"inLanguage":"fr-FR"},{"@type":"Organization","@id":"https:\/\/www.suzuki.ca\/#organization","name":"Suzuki Canada Inc.","url":"https:\/\/www.suzuki.ca\/","logo":{"@type":"ImageObject","inLanguage":"fr-FR","@id":"https:\/\/www.suzuki.ca\/#\/schema\/logo\/image\/","url":"https:\/\/www.suzuki.ca\/wp-content\/uploads\/Suzuki_Logo_Parallelogram.svg","contentUrl":"https:\/\/www.suzuki.ca\/wp-content\/uploads\/Suzuki_Logo_Parallelogram.svg","caption":"Suzuki Canada Inc."},"image":{"@id":"https:\/\/www.suzuki.ca\/#\/schema\/logo\/image\/"}}]}},"_links":{"self":[{"href":"https:\/\/www.suzuki.ca\/fr\/wp-json\/wp\/v2\/product\/53509","targetHints":{"allow":["GET"]}}],"collection":[{"href":"https:\/\/www.suzuki.ca\/fr\/wp-json\/wp\/v2\/product"}],"about":[{"href":"https:\/\/www.suzuki.ca\/fr\/wp-json\/wp\/v2\/types\/product"}],"wp:featuredmedia":[{"embeddable":true,"href":"https:\/\/www.suzuki.ca\/fr\/wp-json\/wp\/v2\/media\/56813"}],"wp:attachment":[{"href":"https:\/\/www.suzuki.ca\/fr\/wp-json\/wp\/v2\/media?parent=53509"}],"wp:term":[{"taxonomy":"product_brand","embeddable":true,"href":"https:\/\/www.suzuki.ca\/fr\/wp-json\/wp\/v2\/product_brand?post=53509"},{"taxonomy":"product_cat","embeddable":true,"href":"https:\/\/www.suzuki.ca\/fr\/wp-json\/wp\/v2\/product_cat?post=53509"},{"taxonomy":"product_tag","embeddable":true,"href":"https:\/\/www.suzuki.ca\/fr\/wp-json\/wp\/v2\/product_tag?post=53509"}],"curies":[{"name":"wp","href":"https:\/\/api.w.org\/{rel}","templated":true}]}}