{"id":53695,"date":"2024-04-17T10:49:45","date_gmt":"2024-04-17T14:49:46","guid":{"rendered":"https:\/\/www.suzuki.ca\/?post_type=product&#038;p=53695"},"modified":"2026-04-08T12:23:11","modified_gmt":"2026-04-08T16:23:11","slug":"pompe-de-lubrification-pour-engrenages","status":"publish","type":"product","link":"https:\/\/www.suzuki.ca\/fr\/produit\/pompe-de-lubrification-pour-engrenages\/","title":{"rendered":"Pompe de lubrification pour engrenages"},"content":{"rendered":"<p>La pompe de lubrification pour engrenages est d\u00e9velopp\u00e9e pour faciliter grandement le changement de l&#8217;huile du carter d&#8217;engrenages de vos unit\u00e9s inf\u00e9rieures. La pompe est sp\u00e9cialement con\u00e7ue pour s&#8217;adapter et fonctionner avec nos bouteilles d&#8217;huile pour engrenages hypo\u00efdes et nos unit\u00e9s inf\u00e9rieures hors-bord Suzuki.<\/p>\n","protected":false},"excerpt":{"rendered":"<p>\u2026 <a class=\"blog-readmore\" href=\"https:\/\/www.suzuki.ca\/fr\/produit\/pompe-de-lubrification-pour-engrenages\/\">Continuez \u00e0 lire ><\/a><\/p>\n","protected":false},"featured_media":53697,"template":"","meta":{"_acf_changed":false,"site-sidebar-layout":"no-sidebar","site-content-layout":"default","ast-site-content-layout":"default","site-content-style":"default","site-sidebar-style":"default","ast-global-header-display":"","ast-banner-title-visibility":"","ast-main-header-display":"","ast-hfb-above-header-display":"","ast-hfb-below-header-display":"","ast-hfb-mobile-header-display":"","site-post-title":"","ast-breadcrumbs-content":"","ast-featured-img":"","footer-sml-layout":"","ast-disable-related-posts":"","theme-transparent-header-meta":"default","adv-header-id-meta":"","stick-header-meta":"default","header-above-stick-meta":"","header-main-stick-meta":"","header-below-stick-meta":"","astra-migrate-meta-layouts":"set","ast-page-background-enabled":"default","ast-page-background-meta":{"desktop":{"background-color":"","background-image":"","background-repeat":"repeat","background-position":"center center","background-size":"auto","background-attachment":"scroll","background-type":"","background-media":"","overlay-type":"","overlay-color":"","overlay-opacity":"","overlay-gradient":""},"tablet":{"background-color":"","background-image":"","background-repeat":"repeat","background-position":"center center","background-size":"auto","background-attachment":"scroll","background-type":"","background-media":"","overlay-type":"","overlay-color":"","overlay-opacity":"","overlay-gradient":""},"mobile":{"background-color":"","background-image":"","background-repeat":"repeat","background-position":"center center","background-size":"auto","background-attachment":"scroll","background-type":"","background-media":"","overlay-type":"","overlay-color":"","overlay-opacity":"","overlay-gradient":""}},"ast-content-background-meta":{"desktop":{"background-color":"var(--ast-global-color-5)","background-image":"","background-repeat":"repeat","background-position":"center center","background-size":"auto","background-attachment":"scroll","background-type":"","background-media":"","overlay-type":"","overlay-color":"","overlay-opacity":"","overlay-gradient":""},"tablet":{"background-color":"var(--ast-global-color-5)","background-image":"","background-repeat":"repeat","background-position":"center center","background-size":"auto","background-attachment":"scroll","background-type":"","background-media":"","overlay-type":"","overlay-color":"","overlay-opacity":"","overlay-gradient":""},"mobile":{"background-color":"var(--ast-global-color-5)","background-image":"","background-repeat":"repeat","background-position":"center center","background-size":"auto","background-attachment":"scroll","background-type":"","background-media":"","overlay-type":"","overlay-color":"","overlay-opacity":"","overlay-gradient":""}}},"product_brand":[],"product_cat":[2215,2213],"product_tag":[],"class_list":{"0":"post-53695","1":"product","2":"type-product","3":"status-publish","4":"has-post-thumbnail","6":"product_cat-pieces-detachees-marines","7":"product_cat-magasin-de-marine","8":"pa_item-type-outils-et-maintenance","9":"pa_line-year-5987","10":"pa_line-year-5975","11":"pa_line-year-5988","12":"pa_line-year-5978","13":"pa_line-year-5989","14":"pa_line-year-5979","15":"pa_line-year-5991","16":"pa_line-year-5980","17":"pa_line-year-5992","18":"pa_line-year-5968","19":"pa_line-year-5981","20":"pa_line-year-5969","21":"pa_line-year-5982","22":"pa_line-year-5970","23":"pa_line-year-5983","24":"pa_line-year-5971","25":"pa_line-year-5984","26":"pa_line-year-5972","27":"pa_line-year-5985","28":"pa_line-year-5973","29":"pa_line-year-5986","30":"pa_line-year-5974","31":"pa_marine-model-df60a-fr","32":"pa_marine-model-df25-fr","33":"pa_marine-model-df4a-fr","34":"pa_marine-model-df80a-fr","35":"pa_marine-model-df225-fr","36":"pa_marine-model-df60av-fr","37":"pa_marine-model-df30-fr","38":"pa_marine-model-df8a-fr","39":"pa_marine-model-df200ss-fr","40":"pa_marine-model-df115-fr","41":"pa_marine-model-df50a-fr","42":"pa_marine-model-df300-fr","43":"pa_marine-model-df350a-fr","44":"pa_marine-model-df9-9-fr","45":"pa_marine-model-df200a-fr","46":"pa_marine-model-df115a-fr","47":"pa_marine-model-df50av-fr","48":"pa_marine-model-df300bmd-fr","49":"pa_marine-model-df300ap-fr","50":"pa_marine-model-df9-9a-fr","51":"pa_marine-model-df175a-fr","52":"pa_marine-model-df115ss-fr","53":"pa_marine-model-df40a-fr","54":"pa_marine-model-df300ss-fr","55":"pa_marine-model-df300b-fr","56":"pa_marine-model-df150ss-fr","57":"pa_marine-model-df140-fr","58":"pa_marine-model-df30a-fr","59":"pa_marine-model-df350amd-fr","60":"pa_marine-model-df250ap-fr","61":"pa_marine-model-df150a-fr","62":"pa_marine-model-df140a-fr","63":"pa_marine-model-df25a-fr","64":"pa_marine-model-df40-fr","65":"pa_marine-model-df200ap-fr","66":"pa_marine-model-df140b-fr","67":"pa_marine-model-df15-fr","68":"pa_marine-model-df20a-fr","69":"pa_marine-model-df50-fr","70":"pa_marine-model-df175ap-fr","71":"pa_marine-model-df115b-fr","72":"pa_marine-model-df150-fr","73":"pa_marine-model-df15a-fr","74":"pa_marine-model-df60-fr","75":"pa_marine-model-df150ap-fr","76":"pa_marine-model-df90a-fr","77":"pa_marine-model-df175-fr","78":"pa_marine-model-df9-9b-fr","79":"pa_marine-model-df70-fr","80":"pa_marine-model-df250ss-fr","81":"pa_marine-model-df75a-fr","82":"pa_marine-model-df200-fr","83":"pa_marine-model-df6a-fr","84":"pa_marine-model-df70a-fr","85":"pa_marine-model-df250-fr","86":"desktop-align-left","87":"tablet-align-left","88":"mobile-align-left","89":"ast-product-gallery-layout-horizontal","90":"ast-product-gallery-with-no-image","91":"ast-magnify-disabled","92":"ast-product-tabs-layout-horizontal","94":"first","95":"onbackorder","96":"taxable","97":"shipping-taxable","98":"purchasable","99":"product-type-simple"},"acf":[],"yoast_head":"<!-- This site is optimized with the Yoast SEO plugin v27.3 - https:\/\/yoast.com\/product\/yoast-seo-wordpress\/ -->\n<title>Pompe de lubrification pour engrenages - Suzuki Canada Inc.<\/title>\n<meta name=\"robots\" content=\"index, follow, max-snippet:-1, max-image-preview:large, max-video-preview:-1\" \/>\n<link rel=\"canonical\" href=\"https:\/\/www.suzuki.ca\/fr\/produit\/pompe-de-lubrification-pour-engrenages\/\" \/>\n<meta property=\"og:locale\" content=\"fr_FR\" \/>\n<meta property=\"og:type\" content=\"article\" \/>\n<meta property=\"og:title\" content=\"Pompe de lubrification pour engrenages - Suzuki Canada Inc.\" \/>\n<meta property=\"og:description\" content=\"\u2026 Continuez \u00e0 lire &gt;\" \/>\n<meta property=\"og:url\" content=\"https:\/\/www.suzuki.ca\/fr\/produit\/pompe-de-lubrification-pour-engrenages\/\" \/>\n<meta property=\"og:site_name\" content=\"Suzuki Canada Inc.\" \/>\n<meta property=\"article:modified_time\" content=\"2026-04-08T16:23:11+00:00\" \/>\n<meta property=\"og:image\" content=\"https:\/\/staging.suzuki.ca\/wp-content\/uploads\/Webstore-Items-7.png\" \/>\n\t<meta property=\"og:image:width\" content=\"1080\" \/>\n\t<meta property=\"og:image:height\" content=\"1080\" \/>\n\t<meta property=\"og:image:type\" content=\"image\/png\" \/>\n<meta name=\"twitter:card\" content=\"summary_large_image\" \/>\n<meta name=\"twitter:label1\" content=\"Est. reading time\" \/>\n\t<meta name=\"twitter:data1\" content=\"1 minute\" \/>\n<script type=\"application\/ld+json\" class=\"yoast-schema-graph\">{\"@context\":\"https:\\\/\\\/schema.org\",\"@graph\":[{\"@type\":\"WebPage\",\"@id\":\"https:\\\/\\\/www.suzuki.ca\\\/fr\\\/produit\\\/pompe-de-lubrification-pour-engrenages\\\/\",\"url\":\"https:\\\/\\\/www.suzuki.ca\\\/fr\\\/produit\\\/pompe-de-lubrification-pour-engrenages\\\/\",\"name\":\"Pompe de lubrification pour engrenages - Suzuki Canada Inc.\",\"isPartOf\":{\"@id\":\"https:\\\/\\\/www.suzuki.ca\\\/#website\"},\"primaryImageOfPage\":{\"@id\":\"https:\\\/\\\/www.suzuki.ca\\\/fr\\\/produit\\\/pompe-de-lubrification-pour-engrenages\\\/#primaryimage\"},\"image\":{\"@id\":\"https:\\\/\\\/www.suzuki.ca\\\/fr\\\/produit\\\/pompe-de-lubrification-pour-engrenages\\\/#primaryimage\"},\"thumbnailUrl\":\"https:\\\/\\\/www.suzuki.ca\\\/wp-content\\\/uploads\\\/Webstore-Items-7.png\",\"datePublished\":\"2024-04-17T14:49:46+00:00\",\"dateModified\":\"2026-04-08T16:23:11+00:00\",\"breadcrumb\":{\"@id\":\"https:\\\/\\\/www.suzuki.ca\\\/fr\\\/produit\\\/pompe-de-lubrification-pour-engrenages\\\/#breadcrumb\"},\"inLanguage\":\"fr-FR\",\"potentialAction\":[{\"@type\":\"ReadAction\",\"target\":[\"https:\\\/\\\/www.suzuki.ca\\\/fr\\\/produit\\\/pompe-de-lubrification-pour-engrenages\\\/\"]}]},{\"@type\":\"ImageObject\",\"inLanguage\":\"fr-FR\",\"@id\":\"https:\\\/\\\/www.suzuki.ca\\\/fr\\\/produit\\\/pompe-de-lubrification-pour-engrenages\\\/#primaryimage\",\"url\":\"https:\\\/\\\/www.suzuki.ca\\\/wp-content\\\/uploads\\\/Webstore-Items-7.png\",\"contentUrl\":\"https:\\\/\\\/www.suzuki.ca\\\/wp-content\\\/uploads\\\/Webstore-Items-7.png\",\"width\":1080,\"height\":1080,\"caption\":\"Gear Oil Pump\"},{\"@type\":\"BreadcrumbList\",\"@id\":\"https:\\\/\\\/www.suzuki.ca\\\/fr\\\/produit\\\/pompe-de-lubrification-pour-engrenages\\\/#breadcrumb\",\"itemListElement\":[{\"@type\":\"ListItem\",\"position\":1,\"name\":\"Accueil\",\"item\":\"https:\\\/\\\/www.suzuki.ca\\\/fr\\\/\"},{\"@type\":\"ListItem\",\"position\":2,\"name\":\"Products\",\"item\":\"https:\\\/\\\/www.suzuki.ca\\\/shop\\\/\"},{\"@type\":\"ListItem\",\"position\":3,\"name\":\"Pompe de lubrification pour engrenages\"}]},{\"@type\":\"WebSite\",\"@id\":\"https:\\\/\\\/www.suzuki.ca\\\/#website\",\"url\":\"https:\\\/\\\/www.suzuki.ca\\\/\",\"name\":\"Suzuki Canada Inc.\",\"description\":\"The Official Home of Suzuki Canada Motorcycle, ATV, and Marine models and accessories.\",\"publisher\":{\"@id\":\"https:\\\/\\\/www.suzuki.ca\\\/#organization\"},\"potentialAction\":[{\"@type\":\"SearchAction\",\"target\":{\"@type\":\"EntryPoint\",\"urlTemplate\":\"https:\\\/\\\/www.suzuki.ca\\\/?s={search_term_string}\"},\"query-input\":{\"@type\":\"PropertyValueSpecification\",\"valueRequired\":true,\"valueName\":\"search_term_string\"}}],\"inLanguage\":\"fr-FR\"},{\"@type\":\"Organization\",\"@id\":\"https:\\\/\\\/www.suzuki.ca\\\/#organization\",\"name\":\"Suzuki Canada Inc.\",\"url\":\"https:\\\/\\\/www.suzuki.ca\\\/\",\"logo\":{\"@type\":\"ImageObject\",\"inLanguage\":\"fr-FR\",\"@id\":\"https:\\\/\\\/www.suzuki.ca\\\/#\\\/schema\\\/logo\\\/image\\\/\",\"url\":\"https:\\\/\\\/www.suzuki.ca\\\/wp-content\\\/uploads\\\/Suzuki_Logo_Parallelogram.svg\",\"contentUrl\":\"https:\\\/\\\/www.suzuki.ca\\\/wp-content\\\/uploads\\\/Suzuki_Logo_Parallelogram.svg\",\"caption\":\"Suzuki Canada Inc.\"},\"image\":{\"@id\":\"https:\\\/\\\/www.suzuki.ca\\\/#\\\/schema\\\/logo\\\/image\\\/\"}}]}<\/script>\n<!-- \/ Yoast SEO plugin. -->","yoast_head_json":{"title":"Pompe de lubrification pour engrenages - Suzuki Canada Inc.","robots":{"index":"index","follow":"follow","max-snippet":"max-snippet:-1","max-image-preview":"max-image-preview:large","max-video-preview":"max-video-preview:-1"},"canonical":"https:\/\/www.suzuki.ca\/fr\/produit\/pompe-de-lubrification-pour-engrenages\/","og_locale":"fr_FR","og_type":"article","og_title":"Pompe de lubrification pour engrenages - Suzuki Canada Inc.","og_description":"\u2026 Continuez \u00e0 lire >","og_url":"https:\/\/www.suzuki.ca\/fr\/produit\/pompe-de-lubrification-pour-engrenages\/","og_site_name":"Suzuki Canada Inc.","article_modified_time":"2026-04-08T16:23:11+00:00","og_image":[{"width":1080,"height":1080,"url":"https:\/\/staging.suzuki.ca\/wp-content\/uploads\/Webstore-Items-7.png","type":"image\/png"}],"twitter_card":"summary_large_image","twitter_misc":{"Est. reading time":"1 minute"},"schema":{"@context":"https:\/\/schema.org","@graph":[{"@type":"WebPage","@id":"https:\/\/www.suzuki.ca\/fr\/produit\/pompe-de-lubrification-pour-engrenages\/","url":"https:\/\/www.suzuki.ca\/fr\/produit\/pompe-de-lubrification-pour-engrenages\/","name":"Pompe de lubrification pour engrenages - Suzuki Canada Inc.","isPartOf":{"@id":"https:\/\/www.suzuki.ca\/#website"},"primaryImageOfPage":{"@id":"https:\/\/www.suzuki.ca\/fr\/produit\/pompe-de-lubrification-pour-engrenages\/#primaryimage"},"image":{"@id":"https:\/\/www.suzuki.ca\/fr\/produit\/pompe-de-lubrification-pour-engrenages\/#primaryimage"},"thumbnailUrl":"https:\/\/www.suzuki.ca\/wp-content\/uploads\/Webstore-Items-7.png","datePublished":"2024-04-17T14:49:46+00:00","dateModified":"2026-04-08T16:23:11+00:00","breadcrumb":{"@id":"https:\/\/www.suzuki.ca\/fr\/produit\/pompe-de-lubrification-pour-engrenages\/#breadcrumb"},"inLanguage":"fr-FR","potentialAction":[{"@type":"ReadAction","target":["https:\/\/www.suzuki.ca\/fr\/produit\/pompe-de-lubrification-pour-engrenages\/"]}]},{"@type":"ImageObject","inLanguage":"fr-FR","@id":"https:\/\/www.suzuki.ca\/fr\/produit\/pompe-de-lubrification-pour-engrenages\/#primaryimage","url":"https:\/\/www.suzuki.ca\/wp-content\/uploads\/Webstore-Items-7.png","contentUrl":"https:\/\/www.suzuki.ca\/wp-content\/uploads\/Webstore-Items-7.png","width":1080,"height":1080,"caption":"Gear Oil Pump"},{"@type":"BreadcrumbList","@id":"https:\/\/www.suzuki.ca\/fr\/produit\/pompe-de-lubrification-pour-engrenages\/#breadcrumb","itemListElement":[{"@type":"ListItem","position":1,"name":"Accueil","item":"https:\/\/www.suzuki.ca\/fr\/"},{"@type":"ListItem","position":2,"name":"Products","item":"https:\/\/www.suzuki.ca\/shop\/"},{"@type":"ListItem","position":3,"name":"Pompe de lubrification pour engrenages"}]},{"@type":"WebSite","@id":"https:\/\/www.suzuki.ca\/#website","url":"https:\/\/www.suzuki.ca\/","name":"Suzuki Canada Inc.","description":"The Official Home of Suzuki Canada Motorcycle, ATV, and Marine models and accessories.","publisher":{"@id":"https:\/\/www.suzuki.ca\/#organization"},"potentialAction":[{"@type":"SearchAction","target":{"@type":"EntryPoint","urlTemplate":"https:\/\/www.suzuki.ca\/?s={search_term_string}"},"query-input":{"@type":"PropertyValueSpecification","valueRequired":true,"valueName":"search_term_string"}}],"inLanguage":"fr-FR"},{"@type":"Organization","@id":"https:\/\/www.suzuki.ca\/#organization","name":"Suzuki Canada Inc.","url":"https:\/\/www.suzuki.ca\/","logo":{"@type":"ImageObject","inLanguage":"fr-FR","@id":"https:\/\/www.suzuki.ca\/#\/schema\/logo\/image\/","url":"https:\/\/www.suzuki.ca\/wp-content\/uploads\/Suzuki_Logo_Parallelogram.svg","contentUrl":"https:\/\/www.suzuki.ca\/wp-content\/uploads\/Suzuki_Logo_Parallelogram.svg","caption":"Suzuki Canada Inc."},"image":{"@id":"https:\/\/www.suzuki.ca\/#\/schema\/logo\/image\/"}}]}},"_links":{"self":[{"href":"https:\/\/www.suzuki.ca\/fr\/wp-json\/wp\/v2\/product\/53695","targetHints":{"allow":["GET"]}}],"collection":[{"href":"https:\/\/www.suzuki.ca\/fr\/wp-json\/wp\/v2\/product"}],"about":[{"href":"https:\/\/www.suzuki.ca\/fr\/wp-json\/wp\/v2\/types\/product"}],"wp:featuredmedia":[{"embeddable":true,"href":"https:\/\/www.suzuki.ca\/fr\/wp-json\/wp\/v2\/media\/53697"}],"wp:attachment":[{"href":"https:\/\/www.suzuki.ca\/fr\/wp-json\/wp\/v2\/media?parent=53695"}],"wp:term":[{"taxonomy":"product_brand","embeddable":true,"href":"https:\/\/www.suzuki.ca\/fr\/wp-json\/wp\/v2\/product_brand?post=53695"},{"taxonomy":"product_cat","embeddable":true,"href":"https:\/\/www.suzuki.ca\/fr\/wp-json\/wp\/v2\/product_cat?post=53695"},{"taxonomy":"product_tag","embeddable":true,"href":"https:\/\/www.suzuki.ca\/fr\/wp-json\/wp\/v2\/product_tag?post=53695"}],"curies":[{"name":"wp","href":"https:\/\/api.w.org\/{rel}","templated":true}]}}