{"id":54360,"date":"2024-05-01T15:12:13","date_gmt":"2024-05-01T19:12:13","guid":{"rendered":"https:\/\/www.suzuki.ca\/?post_type=product&#038;p=54360"},"modified":"2026-04-03T14:27:23","modified_gmt":"2026-04-03T18:27:23","slug":"kit-haut-valises-en-aluminium-v-strom-noir","status":"publish","type":"product","link":"https:\/\/www.suzuki.ca\/fr\/produit\/kit-haut-valises-en-aluminium-v-strom-noir\/","title":{"rendered":"KIT HAUT VALISES EN ALUMINIUM V-STROM &#8211; Noir"},"content":{"rendered":"<p>Le Top Case en aluminium noir pr\u00eat pour l&#8217;aventure est un bagage haut de gamme, r\u00e9sistant \u00e0 tous les temps et durable. De construction robuste et test\u00e9 en usine Suzuki, ce top case en aluminium gardera vos affaires en s\u00e9curit\u00e9 d&#8217;une destination \u00e0 l&#8217;autre. L&#8217;argent anodis\u00e9 est facile \u00e0 nettoyer et prot\u00e9g\u00e9 de la corrosion. Des points d&#8217;arrimage robustes et de grandes poign\u00e9es de transport rendent le top case polyvalent et le choix ultime pour votre prochain voyage. Les top cases ne sont pas livr\u00e9s avec des cylindres de serrure install\u00e9s. Au lieu de cela, les cylindres de serrure assortis et les jeux de cl\u00e9s sont vendus s\u00e9par\u00e9ment.<\/p>\n<p><strong>Compatibilit\u00e9 :<\/strong><br \/>\n<strong>V-STROM 1050\/DE :<\/strong> 2023 &#8211; 2026<br \/>\n<strong>Requis pour l&#8217;installation :<\/strong><br \/>\nEnsemble de supports de top case : 990D0-06L01-060<br \/>\nEnsemble de serrures 2 pi\u00e8ces : 95700-25810<\/p>\n<p><strong>V-STROM 1050 :<\/strong> 2020 &#8211; 2022<br \/>\n<strong>Requis pour l&#8217;installation :<\/strong><br \/>\nPlaque de support du bo\u00eetier sup\u00e9rieur : 990D0-06L01-060<br \/>\nEnsemble de serrures 2 pi\u00e8ces : 990D0-ALLOK-0B2<\/p>\n<p><strong>V-STROM 1000 :<\/strong> 2018 &#8211; 2019<br \/>\n<strong>Requis pour l&#8217;installation :<\/strong><br \/>\nPlaque de support du bo\u00eetier sup\u00e9rieur : 990D0-31J01-060<br \/>\nEnsemble de serrures 2 pi\u00e8ces : 990D0-ALLOK-0B2<\/p>\n<p><strong>V-STROM 800\/DE :<\/strong> 2023 &#8211; 2026<br \/>\n<strong>Requis pour l&#8217;installation :<\/strong><br \/>\nEnsemble de supports pour top case : 93800-25850<br \/>\nEnsemble de serrures 2 pi\u00e8ces : 95700-25810<\/p>\n<p><strong>V-STROM 650 :<\/strong> 2019 &#8211; 2025<br \/>\n<strong>Requis pour l&#8217;installation<\/strong> :<br \/>\nPlaque de support du bo\u00eetier sup\u00e9rieur : 990D0-28K01-060<br \/>\nEnsemble de serrures 2 pi\u00e8ces : 990D0-ALLOK-0B2<\/p>\n","protected":false},"excerpt":{"rendered":"<p>\u2026 <a class=\"blog-readmore\" href=\"https:\/\/www.suzuki.ca\/fr\/produit\/kit-haut-valises-en-aluminium-v-strom-noir\/\">Continuez \u00e0 lire ><\/a><\/p>\n","protected":false},"featured_media":57269,"template":"","meta":{"_acf_changed":false,"site-sidebar-layout":"no-sidebar","site-content-layout":"default","ast-site-content-layout":"default","site-content-style":"default","site-sidebar-style":"default","ast-global-header-display":"","ast-banner-title-visibility":"","ast-main-header-display":"","ast-hfb-above-header-display":"","ast-hfb-below-header-display":"","ast-hfb-mobile-header-display":"","site-post-title":"","ast-breadcrumbs-content":"","ast-featured-img":"","footer-sml-layout":"","ast-disable-related-posts":"","theme-transparent-header-meta":"default","adv-header-id-meta":"","stick-header-meta":"default","header-above-stick-meta":"","header-main-stick-meta":"","header-below-stick-meta":"","astra-migrate-meta-layouts":"set","ast-page-background-enabled":"default","ast-page-background-meta":{"desktop":{"background-color":"","background-image":"","background-repeat":"repeat","background-position":"center center","background-size":"auto","background-attachment":"scroll","background-type":"","background-media":"","overlay-type":"","overlay-color":"","overlay-opacity":"","overlay-gradient":""},"tablet":{"background-color":"","background-image":"","background-repeat":"repeat","background-position":"center center","background-size":"auto","background-attachment":"scroll","background-type":"","background-media":"","overlay-type":"","overlay-color":"","overlay-opacity":"","overlay-gradient":""},"mobile":{"background-color":"","background-image":"","background-repeat":"repeat","background-position":"center center","background-size":"auto","background-attachment":"scroll","background-type":"","background-media":"","overlay-type":"","overlay-color":"","overlay-opacity":"","overlay-gradient":""}},"ast-content-background-meta":{"desktop":{"background-color":"var(--ast-global-color-5)","background-image":"","background-repeat":"repeat","background-position":"center center","background-size":"auto","background-attachment":"scroll","background-type":"","background-media":"","overlay-type":"","overlay-color":"","overlay-opacity":"","overlay-gradient":""},"tablet":{"background-color":"var(--ast-global-color-5)","background-image":"","background-repeat":"repeat","background-position":"center center","background-size":"auto","background-attachment":"scroll","background-type":"","background-media":"","overlay-type":"","overlay-color":"","overlay-opacity":"","overlay-gradient":""},"mobile":{"background-color":"var(--ast-global-color-5)","background-image":"","background-repeat":"repeat","background-position":"center center","background-size":"auto","background-attachment":"scroll","background-type":"","background-media":"","overlay-type":"","overlay-color":"","overlay-opacity":"","overlay-gradient":""}}},"product_brand":[],"product_cat":[2208,2216],"product_tag":[],"class_list":{"0":"post-54360","1":"product","2":"type-product","3":"status-publish","4":"has-post-thumbnail","6":"product_cat-accessoires-pour-motos","7":"product_cat-magasin-de-motos","8":"pa_item-type-accessoires-pour-le-confort","9":"pa_motorcycle-model-v-strom-650-fr","10":"pa_motorcycle-model-v-strom-800-fr","11":"pa_motorcycle-model-v-strom-800de-fr","12":"pa_motorcycle-model-v-strom-1000-fr","13":"pa_motorcycle-model-v-strom-1050-fr","14":"pa_motorcycle-model-v-strom-1050de-fr","15":"desktop-align-left","16":"tablet-align-left","17":"mobile-align-left","18":"ast-product-gallery-layout-horizontal","19":"ast-product-gallery-with-no-image","20":"ast-magnify-disabled","21":"ast-product-tabs-layout-horizontal","23":"first","24":"instock","25":"featured","26":"taxable","27":"shipping-taxable","28":"purchasable","29":"product-type-simple"},"acf":[],"yoast_head":"<!-- This site is optimized with the Yoast SEO plugin v26.9 - https:\/\/yoast.com\/product\/yoast-seo-wordpress\/ -->\n<title>KIT HAUT VALISES EN ALUMINIUM V-STROM - Noir - Suzuki Canada Inc.<\/title>\n<meta name=\"robots\" content=\"index, follow, max-snippet:-1, max-image-preview:large, max-video-preview:-1\" \/>\n<link rel=\"canonical\" href=\"https:\/\/www.suzuki.ca\/fr\/produit\/kit-haut-valises-en-aluminium-v-strom-noir\/\" \/>\n<meta property=\"og:locale\" content=\"fr_FR\" \/>\n<meta property=\"og:type\" content=\"article\" \/>\n<meta property=\"og:title\" content=\"KIT HAUT VALISES EN ALUMINIUM V-STROM - Noir - Suzuki Canada Inc.\" \/>\n<meta property=\"og:description\" content=\"\u2026 Continuez \u00e0 lire &gt;\" \/>\n<meta property=\"og:url\" content=\"https:\/\/www.suzuki.ca\/fr\/produit\/kit-haut-valises-en-aluminium-v-strom-noir\/\" \/>\n<meta property=\"og:site_name\" content=\"Suzuki Canada Inc.\" \/>\n<meta property=\"article:modified_time\" content=\"2026-04-03T18:27:23+00:00\" \/>\n<meta property=\"og:image\" content=\"https:\/\/www.suzuki.ca\/wp-content\/uploads\/93100-25860.jpg\" \/>\n\t<meta property=\"og:image:width\" content=\"1080\" \/>\n\t<meta property=\"og:image:height\" content=\"1080\" \/>\n\t<meta property=\"og:image:type\" content=\"image\/jpeg\" \/>\n<meta name=\"twitter:card\" content=\"summary_large_image\" \/>\n<meta name=\"twitter:label1\" content=\"Est. reading time\" \/>\n\t<meta name=\"twitter:data1\" content=\"2 minutes\" \/>\n<script type=\"application\/ld+json\" class=\"yoast-schema-graph\">{\"@context\":\"https:\/\/schema.org\",\"@graph\":[{\"@type\":\"WebPage\",\"@id\":\"https:\/\/www.suzuki.ca\/fr\/produit\/kit-haut-valises-en-aluminium-v-strom-noir\/\",\"url\":\"https:\/\/www.suzuki.ca\/fr\/produit\/kit-haut-valises-en-aluminium-v-strom-noir\/\",\"name\":\"KIT HAUT VALISES EN ALUMINIUM V-STROM - Noir - Suzuki Canada Inc.\",\"isPartOf\":{\"@id\":\"https:\/\/www.suzuki.ca\/#website\"},\"primaryImageOfPage\":{\"@id\":\"https:\/\/www.suzuki.ca\/fr\/produit\/kit-haut-valises-en-aluminium-v-strom-noir\/#primaryimage\"},\"image\":{\"@id\":\"https:\/\/www.suzuki.ca\/fr\/produit\/kit-haut-valises-en-aluminium-v-strom-noir\/#primaryimage\"},\"thumbnailUrl\":\"https:\/\/www.suzuki.ca\/wp-content\/uploads\/93100-25860.jpg\",\"datePublished\":\"2024-05-01T19:12:13+00:00\",\"dateModified\":\"2026-04-03T18:27:23+00:00\",\"breadcrumb\":{\"@id\":\"https:\/\/www.suzuki.ca\/fr\/produit\/kit-haut-valises-en-aluminium-v-strom-noir\/#breadcrumb\"},\"inLanguage\":\"fr-FR\",\"potentialAction\":[{\"@type\":\"ReadAction\",\"target\":[\"https:\/\/www.suzuki.ca\/fr\/produit\/kit-haut-valises-en-aluminium-v-strom-noir\/\"]}]},{\"@type\":\"ImageObject\",\"inLanguage\":\"fr-FR\",\"@id\":\"https:\/\/www.suzuki.ca\/fr\/produit\/kit-haut-valises-en-aluminium-v-strom-noir\/#primaryimage\",\"url\":\"https:\/\/www.suzuki.ca\/wp-content\/uploads\/93100-25860.jpg\",\"contentUrl\":\"https:\/\/www.suzuki.ca\/wp-content\/uploads\/93100-25860.jpg\",\"width\":1080,\"height\":1080,\"caption\":\"Suzuki_V_Strom_ALU_Topcase_Black\"},{\"@type\":\"BreadcrumbList\",\"@id\":\"https:\/\/www.suzuki.ca\/fr\/produit\/kit-haut-valises-en-aluminium-v-strom-noir\/#breadcrumb\",\"itemListElement\":[{\"@type\":\"ListItem\",\"position\":1,\"name\":\"Accueil\",\"item\":\"https:\/\/www.suzuki.ca\/fr\/\"},{\"@type\":\"ListItem\",\"position\":2,\"name\":\"Products\",\"item\":\"https:\/\/www.suzuki.ca\/shop\/\"},{\"@type\":\"ListItem\",\"position\":3,\"name\":\"KIT HAUT VALISES EN ALUMINIUM V-STROM &#8211; Noir\"}]},{\"@type\":\"WebSite\",\"@id\":\"https:\/\/www.suzuki.ca\/#website\",\"url\":\"https:\/\/www.suzuki.ca\/\",\"name\":\"Suzuki Canada Inc.\",\"description\":\"The Official Home of Suzuki Canada Motorcycle, ATV, and Marine models and accessories.\",\"publisher\":{\"@id\":\"https:\/\/www.suzuki.ca\/#organization\"},\"potentialAction\":[{\"@type\":\"SearchAction\",\"target\":{\"@type\":\"EntryPoint\",\"urlTemplate\":\"https:\/\/www.suzuki.ca\/?s={search_term_string}\"},\"query-input\":{\"@type\":\"PropertyValueSpecification\",\"valueRequired\":true,\"valueName\":\"search_term_string\"}}],\"inLanguage\":\"fr-FR\"},{\"@type\":\"Organization\",\"@id\":\"https:\/\/www.suzuki.ca\/#organization\",\"name\":\"Suzuki Canada Inc.\",\"url\":\"https:\/\/www.suzuki.ca\/\",\"logo\":{\"@type\":\"ImageObject\",\"inLanguage\":\"fr-FR\",\"@id\":\"https:\/\/www.suzuki.ca\/#\/schema\/logo\/image\/\",\"url\":\"https:\/\/www.suzuki.ca\/wp-content\/uploads\/Suzuki_Logo_Parallelogram.svg\",\"contentUrl\":\"https:\/\/www.suzuki.ca\/wp-content\/uploads\/Suzuki_Logo_Parallelogram.svg\",\"caption\":\"Suzuki Canada Inc.\"},\"image\":{\"@id\":\"https:\/\/www.suzuki.ca\/#\/schema\/logo\/image\/\"}}]}<\/script>\n<!-- \/ Yoast SEO plugin. -->","yoast_head_json":{"title":"KIT HAUT VALISES EN ALUMINIUM V-STROM - Noir - Suzuki Canada Inc.","robots":{"index":"index","follow":"follow","max-snippet":"max-snippet:-1","max-image-preview":"max-image-preview:large","max-video-preview":"max-video-preview:-1"},"canonical":"https:\/\/www.suzuki.ca\/fr\/produit\/kit-haut-valises-en-aluminium-v-strom-noir\/","og_locale":"fr_FR","og_type":"article","og_title":"KIT HAUT VALISES EN ALUMINIUM V-STROM - Noir - Suzuki Canada Inc.","og_description":"\u2026 Continuez \u00e0 lire >","og_url":"https:\/\/www.suzuki.ca\/fr\/produit\/kit-haut-valises-en-aluminium-v-strom-noir\/","og_site_name":"Suzuki Canada Inc.","article_modified_time":"2026-04-03T18:27:23+00:00","og_image":[{"width":1080,"height":1080,"url":"https:\/\/www.suzuki.ca\/wp-content\/uploads\/93100-25860.jpg","type":"image\/jpeg"}],"twitter_card":"summary_large_image","twitter_misc":{"Est. reading time":"2 minutes"},"schema":{"@context":"https:\/\/schema.org","@graph":[{"@type":"WebPage","@id":"https:\/\/www.suzuki.ca\/fr\/produit\/kit-haut-valises-en-aluminium-v-strom-noir\/","url":"https:\/\/www.suzuki.ca\/fr\/produit\/kit-haut-valises-en-aluminium-v-strom-noir\/","name":"KIT HAUT VALISES EN ALUMINIUM V-STROM - Noir - Suzuki Canada Inc.","isPartOf":{"@id":"https:\/\/www.suzuki.ca\/#website"},"primaryImageOfPage":{"@id":"https:\/\/www.suzuki.ca\/fr\/produit\/kit-haut-valises-en-aluminium-v-strom-noir\/#primaryimage"},"image":{"@id":"https:\/\/www.suzuki.ca\/fr\/produit\/kit-haut-valises-en-aluminium-v-strom-noir\/#primaryimage"},"thumbnailUrl":"https:\/\/www.suzuki.ca\/wp-content\/uploads\/93100-25860.jpg","datePublished":"2024-05-01T19:12:13+00:00","dateModified":"2026-04-03T18:27:23+00:00","breadcrumb":{"@id":"https:\/\/www.suzuki.ca\/fr\/produit\/kit-haut-valises-en-aluminium-v-strom-noir\/#breadcrumb"},"inLanguage":"fr-FR","potentialAction":[{"@type":"ReadAction","target":["https:\/\/www.suzuki.ca\/fr\/produit\/kit-haut-valises-en-aluminium-v-strom-noir\/"]}]},{"@type":"ImageObject","inLanguage":"fr-FR","@id":"https:\/\/www.suzuki.ca\/fr\/produit\/kit-haut-valises-en-aluminium-v-strom-noir\/#primaryimage","url":"https:\/\/www.suzuki.ca\/wp-content\/uploads\/93100-25860.jpg","contentUrl":"https:\/\/www.suzuki.ca\/wp-content\/uploads\/93100-25860.jpg","width":1080,"height":1080,"caption":"Suzuki_V_Strom_ALU_Topcase_Black"},{"@type":"BreadcrumbList","@id":"https:\/\/www.suzuki.ca\/fr\/produit\/kit-haut-valises-en-aluminium-v-strom-noir\/#breadcrumb","itemListElement":[{"@type":"ListItem","position":1,"name":"Accueil","item":"https:\/\/www.suzuki.ca\/fr\/"},{"@type":"ListItem","position":2,"name":"Products","item":"https:\/\/www.suzuki.ca\/shop\/"},{"@type":"ListItem","position":3,"name":"KIT HAUT VALISES EN ALUMINIUM V-STROM &#8211; Noir"}]},{"@type":"WebSite","@id":"https:\/\/www.suzuki.ca\/#website","url":"https:\/\/www.suzuki.ca\/","name":"Suzuki Canada Inc.","description":"The Official Home of Suzuki Canada Motorcycle, ATV, and Marine models and accessories.","publisher":{"@id":"https:\/\/www.suzuki.ca\/#organization"},"potentialAction":[{"@type":"SearchAction","target":{"@type":"EntryPoint","urlTemplate":"https:\/\/www.suzuki.ca\/?s={search_term_string}"},"query-input":{"@type":"PropertyValueSpecification","valueRequired":true,"valueName":"search_term_string"}}],"inLanguage":"fr-FR"},{"@type":"Organization","@id":"https:\/\/www.suzuki.ca\/#organization","name":"Suzuki Canada Inc.","url":"https:\/\/www.suzuki.ca\/","logo":{"@type":"ImageObject","inLanguage":"fr-FR","@id":"https:\/\/www.suzuki.ca\/#\/schema\/logo\/image\/","url":"https:\/\/www.suzuki.ca\/wp-content\/uploads\/Suzuki_Logo_Parallelogram.svg","contentUrl":"https:\/\/www.suzuki.ca\/wp-content\/uploads\/Suzuki_Logo_Parallelogram.svg","caption":"Suzuki Canada Inc."},"image":{"@id":"https:\/\/www.suzuki.ca\/#\/schema\/logo\/image\/"}}]}},"_links":{"self":[{"href":"https:\/\/www.suzuki.ca\/fr\/wp-json\/wp\/v2\/product\/54360","targetHints":{"allow":["GET"]}}],"collection":[{"href":"https:\/\/www.suzuki.ca\/fr\/wp-json\/wp\/v2\/product"}],"about":[{"href":"https:\/\/www.suzuki.ca\/fr\/wp-json\/wp\/v2\/types\/product"}],"wp:featuredmedia":[{"embeddable":true,"href":"https:\/\/www.suzuki.ca\/fr\/wp-json\/wp\/v2\/media\/57269"}],"wp:attachment":[{"href":"https:\/\/www.suzuki.ca\/fr\/wp-json\/wp\/v2\/media?parent=54360"}],"wp:term":[{"taxonomy":"product_brand","embeddable":true,"href":"https:\/\/www.suzuki.ca\/fr\/wp-json\/wp\/v2\/product_brand?post=54360"},{"taxonomy":"product_cat","embeddable":true,"href":"https:\/\/www.suzuki.ca\/fr\/wp-json\/wp\/v2\/product_cat?post=54360"},{"taxonomy":"product_tag","embeddable":true,"href":"https:\/\/www.suzuki.ca\/fr\/wp-json\/wp\/v2\/product_tag?post=54360"}],"curies":[{"name":"wp","href":"https:\/\/api.w.org\/{rel}","templated":true}]}}