{"id":54407,"date":"2024-05-07T13:45:49","date_gmt":"2024-05-07T17:45:50","guid":{"rendered":"https:\/\/www.suzuki.ca\/?post_type=product&#038;p=54407"},"modified":"2026-04-09T18:27:49","modified_gmt":"2026-04-09T22:27:49","slug":"kit-de-vidange-dhuile-marine-pitbox-pour-df2-5-df140b","status":"publish","type":"product","link":"https:\/\/www.suzuki.ca\/fr\/produit\/kit-de-vidange-dhuile-marine-pitbox-pour-df2-5-df140b\/","title":{"rendered":"Kit de vidange d&#8217;huile marine PitBox pour DF2.5-DF140B"},"content":{"rendered":"<p>Le nouveau Pitbox de Marine de vidange d&#8217;huile de Suzuki change tout pour Suzuki Marine. Con\u00e7u pour les mod\u00e8les DF2.5 \u00e0 DF140B, ce kit complet comprend tout le n\u00e9cessaire pour une exp\u00e9rience de changement d&#8217;huile facile. Dot\u00e9 de l&#8217;huile marine semi-synth\u00e9tique ECSTAR V7000 10W-40, con\u00e7ue pour r\u00e9pondre aux exigences exigeantes des moteurs marins, garantissant des performances et une protection optimales. Accompagn\u00e9 d&#8217;un filtre \u00e0 huile et d&#8217;un joint de haute qualit\u00e9, ce kit simplifie les t\u00e2ches d&#8217;entretien, permettant aux propri\u00e9taires de bateaux de maintenir le bon fonctionnement de leurs moteurs avec un minimum de tracas. Gr\u00e2ce \u00e0 l&#8217;engagement de Suzuki envers l&#8217;innovation et la qualit\u00e9, le nouveau Pitbox de Marine \u00e9tablit une nouvelle norme en mati\u00e8re d&#8217;entretien sans tracas dans l&#8217;industrie.<\/p>\n<p>&nbsp;<\/p>\n<p><strong>Contenu : (Sp\u00e9cifique au mod\u00e8le s\u00e9lectionn\u00e9)(DF2.5 ne n\u00e9cessite pas de filtre \u00e0 huile)<\/strong><br \/>\n-Huile marine semi-synth\u00e9tique ECSTAR V7000 10W-40<br \/>\n-Filtre \u00e0 huile d&#8217;origine Suzuki<br \/>\n-Joint d&#8217;origine Suzuki<\/p>\n","protected":false},"excerpt":{"rendered":"<p>\u2026 <a class=\"blog-readmore\" href=\"https:\/\/www.suzuki.ca\/fr\/produit\/kit-de-vidange-dhuile-marine-pitbox-pour-df2-5-df140b\/\">Continuez \u00e0 lire ><\/a><\/p>\n","protected":false},"featured_media":55234,"template":"","meta":{"_acf_changed":false,"site-sidebar-layout":"no-sidebar","site-content-layout":"default","ast-site-content-layout":"default","site-content-style":"default","site-sidebar-style":"default","ast-global-header-display":"","ast-banner-title-visibility":"","ast-main-header-display":"","ast-hfb-above-header-display":"","ast-hfb-below-header-display":"","ast-hfb-mobile-header-display":"","site-post-title":"","ast-breadcrumbs-content":"","ast-featured-img":"","footer-sml-layout":"","ast-disable-related-posts":"","theme-transparent-header-meta":"default","adv-header-id-meta":"","stick-header-meta":"default","header-above-stick-meta":"","header-main-stick-meta":"","header-below-stick-meta":"","astra-migrate-meta-layouts":"set","ast-page-background-enabled":"default","ast-page-background-meta":{"desktop":{"background-color":"","background-image":"","background-repeat":"repeat","background-position":"center center","background-size":"auto","background-attachment":"scroll","background-type":"","background-media":"","overlay-type":"","overlay-color":"","overlay-opacity":"","overlay-gradient":""},"tablet":{"background-color":"","background-image":"","background-repeat":"repeat","background-position":"center center","background-size":"auto","background-attachment":"scroll","background-type":"","background-media":"","overlay-type":"","overlay-color":"","overlay-opacity":"","overlay-gradient":""},"mobile":{"background-color":"","background-image":"","background-repeat":"repeat","background-position":"center center","background-size":"auto","background-attachment":"scroll","background-type":"","background-media":"","overlay-type":"","overlay-color":"","overlay-opacity":"","overlay-gradient":""}},"ast-content-background-meta":{"desktop":{"background-color":"var(--ast-global-color-5)","background-image":"","background-repeat":"repeat","background-position":"center center","background-size":"auto","background-attachment":"scroll","background-type":"","background-media":"","overlay-type":"","overlay-color":"","overlay-opacity":"","overlay-gradient":""},"tablet":{"background-color":"var(--ast-global-color-5)","background-image":"","background-repeat":"repeat","background-position":"center center","background-size":"auto","background-attachment":"scroll","background-type":"","background-media":"","overlay-type":"","overlay-color":"","overlay-opacity":"","overlay-gradient":""},"mobile":{"background-color":"var(--ast-global-color-5)","background-image":"","background-repeat":"repeat","background-position":"center center","background-size":"auto","background-attachment":"scroll","background-type":"","background-media":"","overlay-type":"","overlay-color":"","overlay-opacity":"","overlay-gradient":""}}},"product_brand":[],"product_cat":[2215,2213],"product_tag":[],"class_list":{"0":"post-54407","1":"product","2":"type-product","3":"status-publish","4":"has-post-thumbnail","6":"product_cat-pieces-detachees-marines","7":"product_cat-magasin-de-marine","8":"pa_item-type-boite-de-fosse","9":"pa_item-type-huile-et-produits-chimiques","10":"pa_item-type-kits-de-maintenance","11":"pa_line-year-5986","12":"pa_line-year-5987","13":"pa_line-year-5979","14":"pa_line-year-5983","15":"pa_line-year-5984","16":"pa_line-year-5985","17":"pa_line-year-5980","18":"pa_line-year-5988","19":"pa_line-year-5981","20":"pa_line-year-5982","21":"pa_line-year-5968","22":"pa_line-year-5969","23":"pa_line-year-5970","24":"pa_line-year-5971","25":"pa_line-year-5972","26":"pa_line-year-5973","27":"pa_line-year-5974","28":"pa_line-year-5975","29":"pa_line-year-5976","30":"pa_line-year-5977","31":"pa_marine-model-df2-5-fr","32":"pa_marine-model-df4a-fr","33":"pa_marine-model-df6a-fr","34":"pa_marine-model-df9-9b-fr","35":"pa_marine-model-df15a-fr","36":"pa_marine-model-df20a-fr","37":"pa_marine-model-df25a-fr","38":"pa_marine-model-df30a-fr","39":"pa_marine-model-df40a-fr","40":"pa_marine-model-df50a-fr","41":"pa_marine-model-df50av-fr","42":"pa_marine-model-df60a-fr","43":"pa_marine-model-df60av-fr","44":"pa_marine-model-df70a-fr","45":"pa_marine-model-df75a-fr","46":"pa_marine-model-df90a-fr","47":"pa_style-df115a-115b-140a-140b-fr","48":"pa_style-df2-5-fr","49":"pa_style-df25a-30a-fr","50":"pa_style-df40a-50a-50av-60a-60av-fr","51":"pa_style-df4a-6a-fr","52":"pa_style-df70a-75a-90a-fr","53":"pa_style-df9-9b-15a-20a-fr","54":"desktop-align-left","55":"tablet-align-left","56":"mobile-align-left","57":"ast-product-gallery-layout-horizontal","58":"ast-product-gallery-with-no-image","59":"ast-magnify-disabled","60":"ast-product-single-variable","61":"ast-product-tabs-layout-horizontal","63":"first","64":"instock","65":"taxable","66":"shipping-taxable","67":"purchasable","68":"product-type-variable"},"acf":[],"yoast_head":"<!-- This site is optimized with the Yoast SEO plugin v27.3 - https:\/\/yoast.com\/product\/yoast-seo-wordpress\/ -->\n<title>Kit de vidange d&#039;huile marine PitBox pour DF2.5-DF140B - Suzuki Canada Inc.<\/title>\n<meta name=\"robots\" content=\"index, follow, max-snippet:-1, max-image-preview:large, max-video-preview:-1\" \/>\n<link rel=\"canonical\" href=\"https:\/\/www.suzuki.ca\/fr\/produit\/kit-de-vidange-dhuile-marine-pitbox-pour-df2-5-df140b\/\" \/>\n<meta property=\"og:locale\" content=\"fr_FR\" \/>\n<meta property=\"og:type\" content=\"article\" \/>\n<meta property=\"og:title\" content=\"Kit de vidange d&#039;huile marine PitBox pour DF2.5-DF140B - Suzuki Canada Inc.\" \/>\n<meta property=\"og:description\" content=\"\u2026 Continuez \u00e0 lire &gt;\" \/>\n<meta property=\"og:url\" content=\"https:\/\/www.suzuki.ca\/fr\/produit\/kit-de-vidange-dhuile-marine-pitbox-pour-df2-5-df140b\/\" \/>\n<meta property=\"og:site_name\" content=\"Suzuki Canada Inc.\" \/>\n<meta property=\"article:modified_time\" content=\"2026-04-09T22:27:49+00:00\" \/>\n<meta property=\"og:image\" content=\"https:\/\/staging.suzuki.ca\/wp-content\/uploads\/99MAR-PITBX-XXX.png\" \/>\n\t<meta property=\"og:image:width\" content=\"1080\" \/>\n\t<meta property=\"og:image:height\" content=\"1080\" \/>\n\t<meta property=\"og:image:type\" content=\"image\/png\" \/>\n<meta name=\"twitter:card\" content=\"summary_large_image\" \/>\n<meta name=\"twitter:label1\" content=\"Est. reading time\" \/>\n\t<meta name=\"twitter:data1\" content=\"1 minute\" \/>\n<script type=\"application\/ld+json\" class=\"yoast-schema-graph\">{\"@context\":\"https:\\\/\\\/schema.org\",\"@graph\":[{\"@type\":\"WebPage\",\"@id\":\"https:\\\/\\\/www.suzuki.ca\\\/fr\\\/produit\\\/kit-de-vidange-dhuile-marine-pitbox-pour-df2-5-df140b\\\/\",\"url\":\"https:\\\/\\\/www.suzuki.ca\\\/fr\\\/produit\\\/kit-de-vidange-dhuile-marine-pitbox-pour-df2-5-df140b\\\/\",\"name\":\"Kit de vidange d'huile marine PitBox pour DF2.5-DF140B - Suzuki Canada Inc.\",\"isPartOf\":{\"@id\":\"https:\\\/\\\/www.suzuki.ca\\\/#website\"},\"primaryImageOfPage\":{\"@id\":\"https:\\\/\\\/www.suzuki.ca\\\/fr\\\/produit\\\/kit-de-vidange-dhuile-marine-pitbox-pour-df2-5-df140b\\\/#primaryimage\"},\"image\":{\"@id\":\"https:\\\/\\\/www.suzuki.ca\\\/fr\\\/produit\\\/kit-de-vidange-dhuile-marine-pitbox-pour-df2-5-df140b\\\/#primaryimage\"},\"thumbnailUrl\":\"https:\\\/\\\/www.suzuki.ca\\\/wp-content\\\/uploads\\\/99MAR-PITBX-XXX.png\",\"datePublished\":\"2024-05-07T17:45:50+00:00\",\"dateModified\":\"2026-04-09T22:27:49+00:00\",\"breadcrumb\":{\"@id\":\"https:\\\/\\\/www.suzuki.ca\\\/fr\\\/produit\\\/kit-de-vidange-dhuile-marine-pitbox-pour-df2-5-df140b\\\/#breadcrumb\"},\"inLanguage\":\"fr-FR\",\"potentialAction\":[{\"@type\":\"ReadAction\",\"target\":[\"https:\\\/\\\/www.suzuki.ca\\\/fr\\\/produit\\\/kit-de-vidange-dhuile-marine-pitbox-pour-df2-5-df140b\\\/\"]}]},{\"@type\":\"ImageObject\",\"inLanguage\":\"fr-FR\",\"@id\":\"https:\\\/\\\/www.suzuki.ca\\\/fr\\\/produit\\\/kit-de-vidange-dhuile-marine-pitbox-pour-df2-5-df140b\\\/#primaryimage\",\"url\":\"https:\\\/\\\/www.suzuki.ca\\\/wp-content\\\/uploads\\\/99MAR-PITBX-XXX.png\",\"contentUrl\":\"https:\\\/\\\/www.suzuki.ca\\\/wp-content\\\/uploads\\\/99MAR-PITBX-XXX.png\",\"width\":1080,\"height\":1080,\"caption\":\"99MAR-PITBX-XXX\"},{\"@type\":\"BreadcrumbList\",\"@id\":\"https:\\\/\\\/www.suzuki.ca\\\/fr\\\/produit\\\/kit-de-vidange-dhuile-marine-pitbox-pour-df2-5-df140b\\\/#breadcrumb\",\"itemListElement\":[{\"@type\":\"ListItem\",\"position\":1,\"name\":\"Accueil\",\"item\":\"https:\\\/\\\/www.suzuki.ca\\\/fr\\\/\"},{\"@type\":\"ListItem\",\"position\":2,\"name\":\"Products\",\"item\":\"https:\\\/\\\/www.suzuki.ca\\\/shop\\\/\"},{\"@type\":\"ListItem\",\"position\":3,\"name\":\"Kit de vidange d&#8217;huile marine PitBox pour DF2.5-DF140B\"}]},{\"@type\":\"WebSite\",\"@id\":\"https:\\\/\\\/www.suzuki.ca\\\/#website\",\"url\":\"https:\\\/\\\/www.suzuki.ca\\\/\",\"name\":\"Suzuki Canada Inc.\",\"description\":\"The Official Home of Suzuki Canada Motorcycle, ATV, and Marine models and accessories.\",\"publisher\":{\"@id\":\"https:\\\/\\\/www.suzuki.ca\\\/#organization\"},\"potentialAction\":[{\"@type\":\"SearchAction\",\"target\":{\"@type\":\"EntryPoint\",\"urlTemplate\":\"https:\\\/\\\/www.suzuki.ca\\\/?s={search_term_string}\"},\"query-input\":{\"@type\":\"PropertyValueSpecification\",\"valueRequired\":true,\"valueName\":\"search_term_string\"}}],\"inLanguage\":\"fr-FR\"},{\"@type\":\"Organization\",\"@id\":\"https:\\\/\\\/www.suzuki.ca\\\/#organization\",\"name\":\"Suzuki Canada Inc.\",\"url\":\"https:\\\/\\\/www.suzuki.ca\\\/\",\"logo\":{\"@type\":\"ImageObject\",\"inLanguage\":\"fr-FR\",\"@id\":\"https:\\\/\\\/www.suzuki.ca\\\/#\\\/schema\\\/logo\\\/image\\\/\",\"url\":\"https:\\\/\\\/www.suzuki.ca\\\/wp-content\\\/uploads\\\/Suzuki_Logo_Parallelogram.svg\",\"contentUrl\":\"https:\\\/\\\/www.suzuki.ca\\\/wp-content\\\/uploads\\\/Suzuki_Logo_Parallelogram.svg\",\"caption\":\"Suzuki Canada Inc.\"},\"image\":{\"@id\":\"https:\\\/\\\/www.suzuki.ca\\\/#\\\/schema\\\/logo\\\/image\\\/\"}}]}<\/script>\n<!-- \/ Yoast SEO plugin. -->","yoast_head_json":{"title":"Kit de vidange d'huile marine PitBox pour DF2.5-DF140B - Suzuki Canada Inc.","robots":{"index":"index","follow":"follow","max-snippet":"max-snippet:-1","max-image-preview":"max-image-preview:large","max-video-preview":"max-video-preview:-1"},"canonical":"https:\/\/www.suzuki.ca\/fr\/produit\/kit-de-vidange-dhuile-marine-pitbox-pour-df2-5-df140b\/","og_locale":"fr_FR","og_type":"article","og_title":"Kit de vidange d'huile marine PitBox pour DF2.5-DF140B - Suzuki Canada Inc.","og_description":"\u2026 Continuez \u00e0 lire >","og_url":"https:\/\/www.suzuki.ca\/fr\/produit\/kit-de-vidange-dhuile-marine-pitbox-pour-df2-5-df140b\/","og_site_name":"Suzuki Canada Inc.","article_modified_time":"2026-04-09T22:27:49+00:00","og_image":[{"width":1080,"height":1080,"url":"https:\/\/staging.suzuki.ca\/wp-content\/uploads\/99MAR-PITBX-XXX.png","type":"image\/png"}],"twitter_card":"summary_large_image","twitter_misc":{"Est. reading time":"1 minute"},"schema":{"@context":"https:\/\/schema.org","@graph":[{"@type":"WebPage","@id":"https:\/\/www.suzuki.ca\/fr\/produit\/kit-de-vidange-dhuile-marine-pitbox-pour-df2-5-df140b\/","url":"https:\/\/www.suzuki.ca\/fr\/produit\/kit-de-vidange-dhuile-marine-pitbox-pour-df2-5-df140b\/","name":"Kit de vidange d'huile marine PitBox pour DF2.5-DF140B - Suzuki Canada Inc.","isPartOf":{"@id":"https:\/\/www.suzuki.ca\/#website"},"primaryImageOfPage":{"@id":"https:\/\/www.suzuki.ca\/fr\/produit\/kit-de-vidange-dhuile-marine-pitbox-pour-df2-5-df140b\/#primaryimage"},"image":{"@id":"https:\/\/www.suzuki.ca\/fr\/produit\/kit-de-vidange-dhuile-marine-pitbox-pour-df2-5-df140b\/#primaryimage"},"thumbnailUrl":"https:\/\/www.suzuki.ca\/wp-content\/uploads\/99MAR-PITBX-XXX.png","datePublished":"2024-05-07T17:45:50+00:00","dateModified":"2026-04-09T22:27:49+00:00","breadcrumb":{"@id":"https:\/\/www.suzuki.ca\/fr\/produit\/kit-de-vidange-dhuile-marine-pitbox-pour-df2-5-df140b\/#breadcrumb"},"inLanguage":"fr-FR","potentialAction":[{"@type":"ReadAction","target":["https:\/\/www.suzuki.ca\/fr\/produit\/kit-de-vidange-dhuile-marine-pitbox-pour-df2-5-df140b\/"]}]},{"@type":"ImageObject","inLanguage":"fr-FR","@id":"https:\/\/www.suzuki.ca\/fr\/produit\/kit-de-vidange-dhuile-marine-pitbox-pour-df2-5-df140b\/#primaryimage","url":"https:\/\/www.suzuki.ca\/wp-content\/uploads\/99MAR-PITBX-XXX.png","contentUrl":"https:\/\/www.suzuki.ca\/wp-content\/uploads\/99MAR-PITBX-XXX.png","width":1080,"height":1080,"caption":"99MAR-PITBX-XXX"},{"@type":"BreadcrumbList","@id":"https:\/\/www.suzuki.ca\/fr\/produit\/kit-de-vidange-dhuile-marine-pitbox-pour-df2-5-df140b\/#breadcrumb","itemListElement":[{"@type":"ListItem","position":1,"name":"Accueil","item":"https:\/\/www.suzuki.ca\/fr\/"},{"@type":"ListItem","position":2,"name":"Products","item":"https:\/\/www.suzuki.ca\/shop\/"},{"@type":"ListItem","position":3,"name":"Kit de vidange d&#8217;huile marine PitBox pour DF2.5-DF140B"}]},{"@type":"WebSite","@id":"https:\/\/www.suzuki.ca\/#website","url":"https:\/\/www.suzuki.ca\/","name":"Suzuki Canada Inc.","description":"The Official Home of Suzuki Canada Motorcycle, ATV, and Marine models and accessories.","publisher":{"@id":"https:\/\/www.suzuki.ca\/#organization"},"potentialAction":[{"@type":"SearchAction","target":{"@type":"EntryPoint","urlTemplate":"https:\/\/www.suzuki.ca\/?s={search_term_string}"},"query-input":{"@type":"PropertyValueSpecification","valueRequired":true,"valueName":"search_term_string"}}],"inLanguage":"fr-FR"},{"@type":"Organization","@id":"https:\/\/www.suzuki.ca\/#organization","name":"Suzuki Canada Inc.","url":"https:\/\/www.suzuki.ca\/","logo":{"@type":"ImageObject","inLanguage":"fr-FR","@id":"https:\/\/www.suzuki.ca\/#\/schema\/logo\/image\/","url":"https:\/\/www.suzuki.ca\/wp-content\/uploads\/Suzuki_Logo_Parallelogram.svg","contentUrl":"https:\/\/www.suzuki.ca\/wp-content\/uploads\/Suzuki_Logo_Parallelogram.svg","caption":"Suzuki Canada Inc."},"image":{"@id":"https:\/\/www.suzuki.ca\/#\/schema\/logo\/image\/"}}]}},"_links":{"self":[{"href":"https:\/\/www.suzuki.ca\/fr\/wp-json\/wp\/v2\/product\/54407","targetHints":{"allow":["GET"]}}],"collection":[{"href":"https:\/\/www.suzuki.ca\/fr\/wp-json\/wp\/v2\/product"}],"about":[{"href":"https:\/\/www.suzuki.ca\/fr\/wp-json\/wp\/v2\/types\/product"}],"wp:featuredmedia":[{"embeddable":true,"href":"https:\/\/www.suzuki.ca\/fr\/wp-json\/wp\/v2\/media\/55234"}],"wp:attachment":[{"href":"https:\/\/www.suzuki.ca\/fr\/wp-json\/wp\/v2\/media?parent=54407"}],"wp:term":[{"taxonomy":"product_brand","embeddable":true,"href":"https:\/\/www.suzuki.ca\/fr\/wp-json\/wp\/v2\/product_brand?post=54407"},{"taxonomy":"product_cat","embeddable":true,"href":"https:\/\/www.suzuki.ca\/fr\/wp-json\/wp\/v2\/product_cat?post=54407"},{"taxonomy":"product_tag","embeddable":true,"href":"https:\/\/www.suzuki.ca\/fr\/wp-json\/wp\/v2\/product_tag?post=54407"}],"curies":[{"name":"wp","href":"https:\/\/api.w.org\/{rel}","templated":true}]}}