{"id":54972,"date":"2024-05-29T09:37:45","date_gmt":"2024-05-29T13:37:45","guid":{"rendered":"https:\/\/www.suzuki.ca\/?post_type=product&#038;p=54972"},"modified":"2026-04-07T07:27:12","modified_gmt":"2026-04-07T11:27:12","slug":"pot-dechappement-slip-on-en-acier-inoxydable-katana-yoshimura-alpha","status":"publish","type":"product","link":"https:\/\/www.suzuki.ca\/fr\/produit\/pot-dechappement-slip-on-en-acier-inoxydable-katana-yoshimura-alpha\/","title":{"rendered":"Pot d&#8217;\u00e9chappement Slip-On en acier inoxydable KATANA Yoshimura Alpha"},"content":{"rendered":"<p>L&#8217;\u00e9chappement Yoshimura pour la Suzuki Katana est enfin l\u00e0, et c&#8217;est le compl\u00e9ment parfait pour la nouvelle Katana. Le Katana propuls\u00e9 par un moteur de 1 litre est \u00e0 la fois puissant et \u00e9l\u00e9gant, avec un m\u00e9lange unique de design futuriste et r\u00e9tro.<\/p>\n<p>Le syst\u00e8me Alpha T Slip-on de Yoshimura est la mise \u00e0 niveau id\u00e9ale pour am\u00e9liorer la puissance et l&#8217;esth\u00e9tique du Katana. Ce syst\u00e8me slip-on embl\u00e9matique augmente la puissance maximale de 1 % et le couple maximal de 2,8 %, offrant un son l\u00e9gendaire. Le syst\u00e8me comprend un prot\u00e8ge-talon en fibre de carbone avec la nouvelle finition mate en fibre de carbone de Yoshimura.<\/p>\n<p><strong>Comparaison de poids :<\/strong><\/p>\n<p>Silencieux d&#8217;origine : 5,3 lb<br \/>\nAlpha T \u00e0 enfiler : 5,1 lb<\/p>\n<p><strong>Veuillez noter que la livraison de cet article peut prendre 1 \u00e0 2 semaines. Merci pour votre patience et votre compr\u00e9hension.<\/strong><\/p>\n<p><strong>Compatible avec :<\/strong><br \/>\nKATANA : 2020-2024<\/p>\n","protected":false},"excerpt":{"rendered":"<p>\u2026 <a class=\"blog-readmore\" href=\"https:\/\/www.suzuki.ca\/fr\/produit\/pot-dechappement-slip-on-en-acier-inoxydable-katana-yoshimura-alpha\/\">Continuez \u00e0 lire ><\/a><\/p>\n","protected":false},"featured_media":56759,"template":"","meta":{"_acf_changed":false,"site-sidebar-layout":"default","site-content-layout":"default","ast-site-content-layout":"default","site-content-style":"default","site-sidebar-style":"default","ast-global-header-display":"","ast-banner-title-visibility":"","ast-main-header-display":"","ast-hfb-above-header-display":"","ast-hfb-below-header-display":"","ast-hfb-mobile-header-display":"","site-post-title":"","ast-breadcrumbs-content":"","ast-featured-img":"","footer-sml-layout":"","ast-disable-related-posts":"","theme-transparent-header-meta":"default","adv-header-id-meta":"","stick-header-meta":"default","header-above-stick-meta":"","header-main-stick-meta":"","header-below-stick-meta":"","astra-migrate-meta-layouts":"set","ast-page-background-enabled":"default","ast-page-background-meta":{"desktop":{"background-color":"","background-image":"","background-repeat":"repeat","background-position":"center center","background-size":"auto","background-attachment":"scroll","background-type":"","background-media":"","overlay-type":"","overlay-color":"","overlay-opacity":"","overlay-gradient":""},"tablet":{"background-color":"","background-image":"","background-repeat":"repeat","background-position":"center center","background-size":"auto","background-attachment":"scroll","background-type":"","background-media":"","overlay-type":"","overlay-color":"","overlay-opacity":"","overlay-gradient":""},"mobile":{"background-color":"","background-image":"","background-repeat":"repeat","background-position":"center center","background-size":"auto","background-attachment":"scroll","background-type":"","background-media":"","overlay-type":"","overlay-color":"","overlay-opacity":"","overlay-gradient":""}},"ast-content-background-meta":{"desktop":{"background-color":"var(--ast-global-color-5)","background-image":"","background-repeat":"repeat","background-position":"center center","background-size":"auto","background-attachment":"scroll","background-type":"","background-media":"","overlay-type":"","overlay-color":"","overlay-opacity":"","overlay-gradient":""},"tablet":{"background-color":"var(--ast-global-color-5)","background-image":"","background-repeat":"repeat","background-position":"center center","background-size":"auto","background-attachment":"scroll","background-type":"","background-media":"","overlay-type":"","overlay-color":"","overlay-opacity":"","overlay-gradient":""},"mobile":{"background-color":"var(--ast-global-color-5)","background-image":"","background-repeat":"repeat","background-position":"center center","background-size":"auto","background-attachment":"scroll","background-type":"","background-media":"","overlay-type":"","overlay-color":"","overlay-opacity":"","overlay-gradient":""}}},"product_brand":[],"product_cat":[2208,2216],"product_tag":[],"class_list":{"0":"post-54972","1":"product","2":"type-product","3":"status-publish","4":"has-post-thumbnail","6":"product_cat-accessoires-pour-motos","7":"product_cat-magasin-de-motos","8":"pa_item-type-echappement","9":"pa_item-type-protection-et-apparence-du-vehicule","10":"pa_motorcycle-model-katana-fr","11":"desktop-align-left","12":"tablet-align-left","13":"mobile-align-left","14":"ast-product-gallery-layout-horizontal","15":"ast-magnify-disabled","16":"ast-product-tabs-layout-horizontal","18":"first","19":"instock","20":"taxable","21":"shipping-taxable","22":"purchasable","23":"product-type-simple"},"acf":[],"yoast_head":"<!-- This site is optimized with the Yoast SEO plugin v26.9 - https:\/\/yoast.com\/product\/yoast-seo-wordpress\/ -->\n<title>Pot d&#039;\u00e9chappement Slip-On en acier inoxydable KATANA Yoshimura Alpha - Suzuki Canada Inc.<\/title>\n<meta name=\"robots\" content=\"index, follow, max-snippet:-1, max-image-preview:large, max-video-preview:-1\" \/>\n<link rel=\"canonical\" href=\"https:\/\/www.suzuki.ca\/fr\/produit\/pot-dechappement-slip-on-en-acier-inoxydable-katana-yoshimura-alpha\/\" \/>\n<meta property=\"og:locale\" content=\"fr_FR\" \/>\n<meta property=\"og:type\" content=\"article\" \/>\n<meta property=\"og:title\" content=\"Pot d&#039;\u00e9chappement Slip-On en acier inoxydable KATANA Yoshimura Alpha - Suzuki Canada Inc.\" \/>\n<meta property=\"og:description\" content=\"\u2026 Continuez \u00e0 lire &gt;\" \/>\n<meta property=\"og:url\" content=\"https:\/\/www.suzuki.ca\/fr\/produit\/pot-dechappement-slip-on-en-acier-inoxydable-katana-yoshimura-alpha\/\" \/>\n<meta property=\"og:site_name\" content=\"Suzuki Canada Inc.\" \/>\n<meta property=\"article:modified_time\" content=\"2026-04-07T11:27:12+00:00\" \/>\n<meta property=\"og:image\" content=\"https:\/\/www.suzuki.ca\/wp-content\/uploads\/11500-BP520.jpg\" \/>\n\t<meta property=\"og:image:width\" content=\"1080\" \/>\n\t<meta property=\"og:image:height\" content=\"1080\" \/>\n\t<meta property=\"og:image:type\" content=\"image\/jpeg\" \/>\n<meta name=\"twitter:card\" content=\"summary_large_image\" \/>\n<meta name=\"twitter:label1\" content=\"Est. reading time\" \/>\n\t<meta name=\"twitter:data1\" content=\"1 minute\" \/>\n<script type=\"application\/ld+json\" class=\"yoast-schema-graph\">{\"@context\":\"https:\/\/schema.org\",\"@graph\":[{\"@type\":\"WebPage\",\"@id\":\"https:\/\/www.suzuki.ca\/fr\/produit\/pot-dechappement-slip-on-en-acier-inoxydable-katana-yoshimura-alpha\/\",\"url\":\"https:\/\/www.suzuki.ca\/fr\/produit\/pot-dechappement-slip-on-en-acier-inoxydable-katana-yoshimura-alpha\/\",\"name\":\"Pot d'\u00e9chappement Slip-On en acier inoxydable KATANA Yoshimura Alpha - Suzuki Canada Inc.\",\"isPartOf\":{\"@id\":\"https:\/\/www.suzuki.ca\/#website\"},\"primaryImageOfPage\":{\"@id\":\"https:\/\/www.suzuki.ca\/fr\/produit\/pot-dechappement-slip-on-en-acier-inoxydable-katana-yoshimura-alpha\/#primaryimage\"},\"image\":{\"@id\":\"https:\/\/www.suzuki.ca\/fr\/produit\/pot-dechappement-slip-on-en-acier-inoxydable-katana-yoshimura-alpha\/#primaryimage\"},\"thumbnailUrl\":\"https:\/\/www.suzuki.ca\/wp-content\/uploads\/11500-BP520.jpg\",\"datePublished\":\"2024-05-29T13:37:45+00:00\",\"dateModified\":\"2026-04-07T11:27:12+00:00\",\"breadcrumb\":{\"@id\":\"https:\/\/www.suzuki.ca\/fr\/produit\/pot-dechappement-slip-on-en-acier-inoxydable-katana-yoshimura-alpha\/#breadcrumb\"},\"inLanguage\":\"fr-FR\",\"potentialAction\":[{\"@type\":\"ReadAction\",\"target\":[\"https:\/\/www.suzuki.ca\/fr\/produit\/pot-dechappement-slip-on-en-acier-inoxydable-katana-yoshimura-alpha\/\"]}]},{\"@type\":\"ImageObject\",\"inLanguage\":\"fr-FR\",\"@id\":\"https:\/\/www.suzuki.ca\/fr\/produit\/pot-dechappement-slip-on-en-acier-inoxydable-katana-yoshimura-alpha\/#primaryimage\",\"url\":\"https:\/\/www.suzuki.ca\/wp-content\/uploads\/11500-BP520.jpg\",\"contentUrl\":\"https:\/\/www.suzuki.ca\/wp-content\/uploads\/11500-BP520.jpg\",\"width\":1080,\"height\":1080,\"caption\":\"KATANA_Yoshimura_ALPHA_Slip_On_Exhaust_1\"},{\"@type\":\"BreadcrumbList\",\"@id\":\"https:\/\/www.suzuki.ca\/fr\/produit\/pot-dechappement-slip-on-en-acier-inoxydable-katana-yoshimura-alpha\/#breadcrumb\",\"itemListElement\":[{\"@type\":\"ListItem\",\"position\":1,\"name\":\"Accueil\",\"item\":\"https:\/\/www.suzuki.ca\/fr\/\"},{\"@type\":\"ListItem\",\"position\":2,\"name\":\"Products\",\"item\":\"https:\/\/www.suzuki.ca\/shop\/\"},{\"@type\":\"ListItem\",\"position\":3,\"name\":\"Pot d&#8217;\u00e9chappement Slip-On en acier inoxydable KATANA Yoshimura Alpha\"}]},{\"@type\":\"WebSite\",\"@id\":\"https:\/\/www.suzuki.ca\/#website\",\"url\":\"https:\/\/www.suzuki.ca\/\",\"name\":\"Suzuki Canada Inc.\",\"description\":\"The Official Home of Suzuki Canada Motorcycle, ATV, and Marine models and accessories.\",\"publisher\":{\"@id\":\"https:\/\/www.suzuki.ca\/#organization\"},\"potentialAction\":[{\"@type\":\"SearchAction\",\"target\":{\"@type\":\"EntryPoint\",\"urlTemplate\":\"https:\/\/www.suzuki.ca\/?s={search_term_string}\"},\"query-input\":{\"@type\":\"PropertyValueSpecification\",\"valueRequired\":true,\"valueName\":\"search_term_string\"}}],\"inLanguage\":\"fr-FR\"},{\"@type\":\"Organization\",\"@id\":\"https:\/\/www.suzuki.ca\/#organization\",\"name\":\"Suzuki Canada Inc.\",\"url\":\"https:\/\/www.suzuki.ca\/\",\"logo\":{\"@type\":\"ImageObject\",\"inLanguage\":\"fr-FR\",\"@id\":\"https:\/\/www.suzuki.ca\/#\/schema\/logo\/image\/\",\"url\":\"https:\/\/www.suzuki.ca\/wp-content\/uploads\/Suzuki_Logo_Parallelogram.svg\",\"contentUrl\":\"https:\/\/www.suzuki.ca\/wp-content\/uploads\/Suzuki_Logo_Parallelogram.svg\",\"caption\":\"Suzuki Canada Inc.\"},\"image\":{\"@id\":\"https:\/\/www.suzuki.ca\/#\/schema\/logo\/image\/\"}}]}<\/script>\n<!-- \/ Yoast SEO plugin. -->","yoast_head_json":{"title":"Pot d'\u00e9chappement Slip-On en acier inoxydable KATANA Yoshimura Alpha - Suzuki Canada Inc.","robots":{"index":"index","follow":"follow","max-snippet":"max-snippet:-1","max-image-preview":"max-image-preview:large","max-video-preview":"max-video-preview:-1"},"canonical":"https:\/\/www.suzuki.ca\/fr\/produit\/pot-dechappement-slip-on-en-acier-inoxydable-katana-yoshimura-alpha\/","og_locale":"fr_FR","og_type":"article","og_title":"Pot d'\u00e9chappement Slip-On en acier inoxydable KATANA Yoshimura Alpha - Suzuki Canada Inc.","og_description":"\u2026 Continuez \u00e0 lire >","og_url":"https:\/\/www.suzuki.ca\/fr\/produit\/pot-dechappement-slip-on-en-acier-inoxydable-katana-yoshimura-alpha\/","og_site_name":"Suzuki Canada Inc.","article_modified_time":"2026-04-07T11:27:12+00:00","og_image":[{"width":1080,"height":1080,"url":"https:\/\/www.suzuki.ca\/wp-content\/uploads\/11500-BP520.jpg","type":"image\/jpeg"}],"twitter_card":"summary_large_image","twitter_misc":{"Est. reading time":"1 minute"},"schema":{"@context":"https:\/\/schema.org","@graph":[{"@type":"WebPage","@id":"https:\/\/www.suzuki.ca\/fr\/produit\/pot-dechappement-slip-on-en-acier-inoxydable-katana-yoshimura-alpha\/","url":"https:\/\/www.suzuki.ca\/fr\/produit\/pot-dechappement-slip-on-en-acier-inoxydable-katana-yoshimura-alpha\/","name":"Pot d'\u00e9chappement Slip-On en acier inoxydable KATANA Yoshimura Alpha - Suzuki Canada Inc.","isPartOf":{"@id":"https:\/\/www.suzuki.ca\/#website"},"primaryImageOfPage":{"@id":"https:\/\/www.suzuki.ca\/fr\/produit\/pot-dechappement-slip-on-en-acier-inoxydable-katana-yoshimura-alpha\/#primaryimage"},"image":{"@id":"https:\/\/www.suzuki.ca\/fr\/produit\/pot-dechappement-slip-on-en-acier-inoxydable-katana-yoshimura-alpha\/#primaryimage"},"thumbnailUrl":"https:\/\/www.suzuki.ca\/wp-content\/uploads\/11500-BP520.jpg","datePublished":"2024-05-29T13:37:45+00:00","dateModified":"2026-04-07T11:27:12+00:00","breadcrumb":{"@id":"https:\/\/www.suzuki.ca\/fr\/produit\/pot-dechappement-slip-on-en-acier-inoxydable-katana-yoshimura-alpha\/#breadcrumb"},"inLanguage":"fr-FR","potentialAction":[{"@type":"ReadAction","target":["https:\/\/www.suzuki.ca\/fr\/produit\/pot-dechappement-slip-on-en-acier-inoxydable-katana-yoshimura-alpha\/"]}]},{"@type":"ImageObject","inLanguage":"fr-FR","@id":"https:\/\/www.suzuki.ca\/fr\/produit\/pot-dechappement-slip-on-en-acier-inoxydable-katana-yoshimura-alpha\/#primaryimage","url":"https:\/\/www.suzuki.ca\/wp-content\/uploads\/11500-BP520.jpg","contentUrl":"https:\/\/www.suzuki.ca\/wp-content\/uploads\/11500-BP520.jpg","width":1080,"height":1080,"caption":"KATANA_Yoshimura_ALPHA_Slip_On_Exhaust_1"},{"@type":"BreadcrumbList","@id":"https:\/\/www.suzuki.ca\/fr\/produit\/pot-dechappement-slip-on-en-acier-inoxydable-katana-yoshimura-alpha\/#breadcrumb","itemListElement":[{"@type":"ListItem","position":1,"name":"Accueil","item":"https:\/\/www.suzuki.ca\/fr\/"},{"@type":"ListItem","position":2,"name":"Products","item":"https:\/\/www.suzuki.ca\/shop\/"},{"@type":"ListItem","position":3,"name":"Pot d&#8217;\u00e9chappement Slip-On en acier inoxydable KATANA Yoshimura Alpha"}]},{"@type":"WebSite","@id":"https:\/\/www.suzuki.ca\/#website","url":"https:\/\/www.suzuki.ca\/","name":"Suzuki Canada Inc.","description":"The Official Home of Suzuki Canada Motorcycle, ATV, and Marine models and accessories.","publisher":{"@id":"https:\/\/www.suzuki.ca\/#organization"},"potentialAction":[{"@type":"SearchAction","target":{"@type":"EntryPoint","urlTemplate":"https:\/\/www.suzuki.ca\/?s={search_term_string}"},"query-input":{"@type":"PropertyValueSpecification","valueRequired":true,"valueName":"search_term_string"}}],"inLanguage":"fr-FR"},{"@type":"Organization","@id":"https:\/\/www.suzuki.ca\/#organization","name":"Suzuki Canada Inc.","url":"https:\/\/www.suzuki.ca\/","logo":{"@type":"ImageObject","inLanguage":"fr-FR","@id":"https:\/\/www.suzuki.ca\/#\/schema\/logo\/image\/","url":"https:\/\/www.suzuki.ca\/wp-content\/uploads\/Suzuki_Logo_Parallelogram.svg","contentUrl":"https:\/\/www.suzuki.ca\/wp-content\/uploads\/Suzuki_Logo_Parallelogram.svg","caption":"Suzuki Canada Inc."},"image":{"@id":"https:\/\/www.suzuki.ca\/#\/schema\/logo\/image\/"}}]}},"_links":{"self":[{"href":"https:\/\/www.suzuki.ca\/fr\/wp-json\/wp\/v2\/product\/54972","targetHints":{"allow":["GET"]}}],"collection":[{"href":"https:\/\/www.suzuki.ca\/fr\/wp-json\/wp\/v2\/product"}],"about":[{"href":"https:\/\/www.suzuki.ca\/fr\/wp-json\/wp\/v2\/types\/product"}],"wp:featuredmedia":[{"embeddable":true,"href":"https:\/\/www.suzuki.ca\/fr\/wp-json\/wp\/v2\/media\/56759"}],"wp:attachment":[{"href":"https:\/\/www.suzuki.ca\/fr\/wp-json\/wp\/v2\/media?parent=54972"}],"wp:term":[{"taxonomy":"product_brand","embeddable":true,"href":"https:\/\/www.suzuki.ca\/fr\/wp-json\/wp\/v2\/product_brand?post=54972"},{"taxonomy":"product_cat","embeddable":true,"href":"https:\/\/www.suzuki.ca\/fr\/wp-json\/wp\/v2\/product_cat?post=54972"},{"taxonomy":"product_tag","embeddable":true,"href":"https:\/\/www.suzuki.ca\/fr\/wp-json\/wp\/v2\/product_tag?post=54972"}],"curies":[{"name":"wp","href":"https:\/\/api.w.org\/{rel}","templated":true}]}}