{"id":55004,"date":"2024-05-29T11:37:30","date_gmt":"2024-05-29T15:37:31","guid":{"rendered":"https:\/\/www.suzuki.ca\/?post_type=product&#038;p=55004"},"modified":"2026-04-07T18:27:19","modified_gmt":"2026-04-07T22:27:19","slug":"echappement-slip-on-yoshimura-r-77j-en-acier-inoxydable-pour-v-strom-800-de","status":"publish","type":"product","link":"https:\/\/www.suzuki.ca\/fr\/produit\/echappement-slip-on-yoshimura-r-77j-en-acier-inoxydable-pour-v-strom-800-de\/","title":{"rendered":"\u00c9chappement slip-on Yoshimura R-77J en acier inoxydable pour V-Strom 800\/DE"},"content":{"rendered":"<p data-start=\"0\" data-end=\"161\">Con\u00e7u pour la Suzuki V-Strom 800, l\u2019\u00e9chappement slip-on Yoshimura R-77J am\u00e9liore le style, la sonorit\u00e9 et la r\u00e9duction de poids par rapport au syst\u00e8me d\u2019origine.<\/p>\n<p data-start=\"163\" data-end=\"452\">Disponible en acier inoxydable satin\u00e9 ou en titane bleui, les deux versions sont \u00e9quip\u00e9es d\u2019un prot\u00e8ge-chaleur personnalis\u00e9 en fibre de carbone. Le mod\u00e8le en acier inoxydable comprend un embout en acier inoxydable, tandis que la version en titane est dot\u00e9e d\u2019un embout en fibre de carbone.<\/p>\n<p data-start=\"454\" data-end=\"639\">Le R-77J offre une sonorit\u00e9 d\u2019\u00e9chappement plus profonde et plus prononc\u00e9e tout en r\u00e9duisant le poids global par rapport \u00e0 l\u2019\u00e9chappement d\u2019origine. Con\u00e7u, d\u00e9velopp\u00e9 et fabriqu\u00e9 au Japon.<\/p>\n<p><strong>Veuillez noter que la livraison de cet article peut prendre 1 \u00e0 2 semaines. Merci pour votre patience et votre compr\u00e9hension.<\/strong><\/p>\n<p><strong>Compatible avec :<\/strong><br \/>\nV-Strom 800DE : 2023-2026<br \/>\nV-Strom 800: 2024-2026<\/p>\n","protected":false},"excerpt":{"rendered":"<p>\u2026 <a class=\"blog-readmore\" href=\"https:\/\/www.suzuki.ca\/fr\/produit\/echappement-slip-on-yoshimura-r-77j-en-acier-inoxydable-pour-v-strom-800-de\/\">Continuez \u00e0 lire ><\/a><\/p>\n","protected":false},"featured_media":66524,"template":"","meta":{"_acf_changed":false,"site-sidebar-layout":"default","site-content-layout":"default","ast-site-content-layout":"default","site-content-style":"default","site-sidebar-style":"default","ast-global-header-display":"","ast-banner-title-visibility":"","ast-main-header-display":"","ast-hfb-above-header-display":"","ast-hfb-below-header-display":"","ast-hfb-mobile-header-display":"","site-post-title":"","ast-breadcrumbs-content":"","ast-featured-img":"","footer-sml-layout":"","ast-disable-related-posts":"","theme-transparent-header-meta":"default","adv-header-id-meta":"","stick-header-meta":"default","header-above-stick-meta":"","header-main-stick-meta":"","header-below-stick-meta":"","astra-migrate-meta-layouts":"set","ast-page-background-enabled":"default","ast-page-background-meta":{"desktop":{"background-color":"","background-image":"","background-repeat":"repeat","background-position":"center center","background-size":"auto","background-attachment":"scroll","background-type":"","background-media":"","overlay-type":"","overlay-color":"","overlay-opacity":"","overlay-gradient":""},"tablet":{"background-color":"","background-image":"","background-repeat":"repeat","background-position":"center center","background-size":"auto","background-attachment":"scroll","background-type":"","background-media":"","overlay-type":"","overlay-color":"","overlay-opacity":"","overlay-gradient":""},"mobile":{"background-color":"","background-image":"","background-repeat":"repeat","background-position":"center center","background-size":"auto","background-attachment":"scroll","background-type":"","background-media":"","overlay-type":"","overlay-color":"","overlay-opacity":"","overlay-gradient":""}},"ast-content-background-meta":{"desktop":{"background-color":"var(--ast-global-color-5)","background-image":"","background-repeat":"repeat","background-position":"center center","background-size":"auto","background-attachment":"scroll","background-type":"","background-media":"","overlay-type":"","overlay-color":"","overlay-opacity":"","overlay-gradient":""},"tablet":{"background-color":"var(--ast-global-color-5)","background-image":"","background-repeat":"repeat","background-position":"center center","background-size":"auto","background-attachment":"scroll","background-type":"","background-media":"","overlay-type":"","overlay-color":"","overlay-opacity":"","overlay-gradient":""},"mobile":{"background-color":"var(--ast-global-color-5)","background-image":"","background-repeat":"repeat","background-position":"center center","background-size":"auto","background-attachment":"scroll","background-type":"","background-media":"","overlay-type":"","overlay-color":"","overlay-opacity":"","overlay-gradient":""}}},"product_brand":[],"product_cat":[2208,2216],"product_tag":[],"class_list":{"0":"post-55004","1":"product","2":"type-product","3":"status-publish","4":"has-post-thumbnail","6":"product_cat-accessoires-pour-motos","7":"product_cat-magasin-de-motos","8":"pa_item-type-echappement","9":"pa_item-type-protection-et-apparence-du-vehicule","10":"pa_motorcycle-model-v-strom-800-fr","11":"pa_motorcycle-model-v-strom-800de-fr","12":"desktop-align-left","13":"tablet-align-left","14":"mobile-align-left","15":"ast-product-gallery-layout-horizontal","16":"ast-product-gallery-with-no-image","17":"ast-magnify-disabled","18":"ast-product-tabs-layout-horizontal","20":"first","21":"instock","22":"taxable","23":"shipping-taxable","24":"purchasable","25":"product-type-simple"},"acf":[],"yoast_head":"<!-- This site is optimized with the Yoast SEO plugin v26.9 - https:\/\/yoast.com\/product\/yoast-seo-wordpress\/ -->\n<title>\u00c9chappement slip-on Yoshimura R-77J en acier inoxydable pour V-Strom 800\/DE - Suzuki Canada Inc.<\/title>\n<meta name=\"description\" content=\"S&#039;adapte aux couleurs \u00e9l\u00e9gantes de la carrosserie pour donner \u00e0 la V-STROM un look aventure unique.\" \/>\n<meta name=\"robots\" content=\"index, follow, max-snippet:-1, max-image-preview:large, max-video-preview:-1\" \/>\n<link rel=\"canonical\" href=\"https:\/\/www.suzuki.ca\/fr\/produit\/echappement-slip-on-yoshimura-r-77j-en-acier-inoxydable-pour-v-strom-800-de\/\" \/>\n<meta property=\"og:locale\" content=\"fr_FR\" \/>\n<meta property=\"og:type\" content=\"article\" \/>\n<meta property=\"og:title\" content=\"\u00c9chappement slip-on Yoshimura R-77J en acier inoxydable pour V-Strom 800\/DE - Suzuki Canada Inc.\" \/>\n<meta property=\"og:description\" content=\"S&#039;adapte aux couleurs \u00e9l\u00e9gantes de la carrosserie pour donner \u00e0 la V-STROM un look aventure unique.\" \/>\n<meta property=\"og:url\" content=\"https:\/\/www.suzuki.ca\/fr\/produit\/echappement-slip-on-yoshimura-r-77j-en-acier-inoxydable-pour-v-strom-800-de\/\" \/>\n<meta property=\"og:site_name\" content=\"Suzuki Canada Inc.\" \/>\n<meta property=\"article:modified_time\" content=\"2026-04-07T22:27:19+00:00\" \/>\n<meta property=\"og:image\" content=\"https:\/\/www.suzuki.ca\/wp-content\/uploads\/Webstore-Items-1.jpg\" \/>\n\t<meta property=\"og:image:width\" content=\"1080\" \/>\n\t<meta property=\"og:image:height\" content=\"1080\" \/>\n\t<meta property=\"og:image:type\" content=\"image\/jpeg\" \/>\n<meta name=\"twitter:card\" content=\"summary_large_image\" \/>\n<meta name=\"twitter:label1\" content=\"Est. reading time\" \/>\n\t<meta name=\"twitter:data1\" content=\"1 minute\" \/>\n<script type=\"application\/ld+json\" class=\"yoast-schema-graph\">{\"@context\":\"https:\/\/schema.org\",\"@graph\":[{\"@type\":\"WebPage\",\"@id\":\"https:\/\/www.suzuki.ca\/fr\/produit\/echappement-slip-on-yoshimura-r-77j-en-acier-inoxydable-pour-v-strom-800-de\/\",\"url\":\"https:\/\/www.suzuki.ca\/fr\/produit\/echappement-slip-on-yoshimura-r-77j-en-acier-inoxydable-pour-v-strom-800-de\/\",\"name\":\"\u00c9chappement slip-on Yoshimura R-77J en acier inoxydable pour V-Strom 800\/DE - Suzuki Canada Inc.\",\"isPartOf\":{\"@id\":\"https:\/\/www.suzuki.ca\/#website\"},\"primaryImageOfPage\":{\"@id\":\"https:\/\/www.suzuki.ca\/fr\/produit\/echappement-slip-on-yoshimura-r-77j-en-acier-inoxydable-pour-v-strom-800-de\/#primaryimage\"},\"image\":{\"@id\":\"https:\/\/www.suzuki.ca\/fr\/produit\/echappement-slip-on-yoshimura-r-77j-en-acier-inoxydable-pour-v-strom-800-de\/#primaryimage\"},\"thumbnailUrl\":\"https:\/\/www.suzuki.ca\/wp-content\/uploads\/Webstore-Items-1.jpg\",\"datePublished\":\"2024-05-29T15:37:31+00:00\",\"dateModified\":\"2026-04-07T22:27:19+00:00\",\"description\":\"S'adapte aux couleurs \u00e9l\u00e9gantes de la carrosserie pour donner \u00e0 la V-STROM un look aventure unique.\",\"breadcrumb\":{\"@id\":\"https:\/\/www.suzuki.ca\/fr\/produit\/echappement-slip-on-yoshimura-r-77j-en-acier-inoxydable-pour-v-strom-800-de\/#breadcrumb\"},\"inLanguage\":\"fr-FR\",\"potentialAction\":[{\"@type\":\"ReadAction\",\"target\":[\"https:\/\/www.suzuki.ca\/fr\/produit\/echappement-slip-on-yoshimura-r-77j-en-acier-inoxydable-pour-v-strom-800-de\/\"]}]},{\"@type\":\"ImageObject\",\"inLanguage\":\"fr-FR\",\"@id\":\"https:\/\/www.suzuki.ca\/fr\/produit\/echappement-slip-on-yoshimura-r-77j-en-acier-inoxydable-pour-v-strom-800-de\/#primaryimage\",\"url\":\"https:\/\/www.suzuki.ca\/wp-content\/uploads\/Webstore-Items-1.jpg\",\"contentUrl\":\"https:\/\/www.suzuki.ca\/wp-content\/uploads\/Webstore-Items-1.jpg\",\"width\":1080,\"height\":1080,\"caption\":\"Suzuki_V_Strom_800_Yoshi_Exhaust_Pipe\"},{\"@type\":\"BreadcrumbList\",\"@id\":\"https:\/\/www.suzuki.ca\/fr\/produit\/echappement-slip-on-yoshimura-r-77j-en-acier-inoxydable-pour-v-strom-800-de\/#breadcrumb\",\"itemListElement\":[{\"@type\":\"ListItem\",\"position\":1,\"name\":\"Accueil\",\"item\":\"https:\/\/www.suzuki.ca\/fr\/\"},{\"@type\":\"ListItem\",\"position\":2,\"name\":\"Products\",\"item\":\"https:\/\/www.suzuki.ca\/shop\/\"},{\"@type\":\"ListItem\",\"position\":3,\"name\":\"\u00c9chappement slip-on Yoshimura R-77J en acier inoxydable pour V-Strom 800\/DE\"}]},{\"@type\":\"WebSite\",\"@id\":\"https:\/\/www.suzuki.ca\/#website\",\"url\":\"https:\/\/www.suzuki.ca\/\",\"name\":\"Suzuki Canada Inc.\",\"description\":\"The Official Home of Suzuki Canada Motorcycle, ATV, and Marine models and accessories.\",\"publisher\":{\"@id\":\"https:\/\/www.suzuki.ca\/#organization\"},\"potentialAction\":[{\"@type\":\"SearchAction\",\"target\":{\"@type\":\"EntryPoint\",\"urlTemplate\":\"https:\/\/www.suzuki.ca\/?s={search_term_string}\"},\"query-input\":{\"@type\":\"PropertyValueSpecification\",\"valueRequired\":true,\"valueName\":\"search_term_string\"}}],\"inLanguage\":\"fr-FR\"},{\"@type\":\"Organization\",\"@id\":\"https:\/\/www.suzuki.ca\/#organization\",\"name\":\"Suzuki Canada Inc.\",\"url\":\"https:\/\/www.suzuki.ca\/\",\"logo\":{\"@type\":\"ImageObject\",\"inLanguage\":\"fr-FR\",\"@id\":\"https:\/\/www.suzuki.ca\/#\/schema\/logo\/image\/\",\"url\":\"https:\/\/www.suzuki.ca\/wp-content\/uploads\/Suzuki_Logo_Parallelogram.svg\",\"contentUrl\":\"https:\/\/www.suzuki.ca\/wp-content\/uploads\/Suzuki_Logo_Parallelogram.svg\",\"caption\":\"Suzuki Canada Inc.\"},\"image\":{\"@id\":\"https:\/\/www.suzuki.ca\/#\/schema\/logo\/image\/\"}}]}<\/script>\n<!-- \/ Yoast SEO plugin. -->","yoast_head_json":{"title":"\u00c9chappement slip-on Yoshimura R-77J en acier inoxydable pour V-Strom 800\/DE - Suzuki Canada Inc.","description":"S'adapte aux couleurs \u00e9l\u00e9gantes de la carrosserie pour donner \u00e0 la V-STROM un look aventure unique.","robots":{"index":"index","follow":"follow","max-snippet":"max-snippet:-1","max-image-preview":"max-image-preview:large","max-video-preview":"max-video-preview:-1"},"canonical":"https:\/\/www.suzuki.ca\/fr\/produit\/echappement-slip-on-yoshimura-r-77j-en-acier-inoxydable-pour-v-strom-800-de\/","og_locale":"fr_FR","og_type":"article","og_title":"\u00c9chappement slip-on Yoshimura R-77J en acier inoxydable pour V-Strom 800\/DE - Suzuki Canada Inc.","og_description":"S'adapte aux couleurs \u00e9l\u00e9gantes de la carrosserie pour donner \u00e0 la V-STROM un look aventure unique.","og_url":"https:\/\/www.suzuki.ca\/fr\/produit\/echappement-slip-on-yoshimura-r-77j-en-acier-inoxydable-pour-v-strom-800-de\/","og_site_name":"Suzuki Canada Inc.","article_modified_time":"2026-04-07T22:27:19+00:00","og_image":[{"width":1080,"height":1080,"url":"https:\/\/www.suzuki.ca\/wp-content\/uploads\/Webstore-Items-1.jpg","type":"image\/jpeg"}],"twitter_card":"summary_large_image","twitter_misc":{"Est. reading time":"1 minute"},"schema":{"@context":"https:\/\/schema.org","@graph":[{"@type":"WebPage","@id":"https:\/\/www.suzuki.ca\/fr\/produit\/echappement-slip-on-yoshimura-r-77j-en-acier-inoxydable-pour-v-strom-800-de\/","url":"https:\/\/www.suzuki.ca\/fr\/produit\/echappement-slip-on-yoshimura-r-77j-en-acier-inoxydable-pour-v-strom-800-de\/","name":"\u00c9chappement slip-on Yoshimura R-77J en acier inoxydable pour V-Strom 800\/DE - Suzuki Canada Inc.","isPartOf":{"@id":"https:\/\/www.suzuki.ca\/#website"},"primaryImageOfPage":{"@id":"https:\/\/www.suzuki.ca\/fr\/produit\/echappement-slip-on-yoshimura-r-77j-en-acier-inoxydable-pour-v-strom-800-de\/#primaryimage"},"image":{"@id":"https:\/\/www.suzuki.ca\/fr\/produit\/echappement-slip-on-yoshimura-r-77j-en-acier-inoxydable-pour-v-strom-800-de\/#primaryimage"},"thumbnailUrl":"https:\/\/www.suzuki.ca\/wp-content\/uploads\/Webstore-Items-1.jpg","datePublished":"2024-05-29T15:37:31+00:00","dateModified":"2026-04-07T22:27:19+00:00","description":"S'adapte aux couleurs \u00e9l\u00e9gantes de la carrosserie pour donner \u00e0 la V-STROM un look aventure unique.","breadcrumb":{"@id":"https:\/\/www.suzuki.ca\/fr\/produit\/echappement-slip-on-yoshimura-r-77j-en-acier-inoxydable-pour-v-strom-800-de\/#breadcrumb"},"inLanguage":"fr-FR","potentialAction":[{"@type":"ReadAction","target":["https:\/\/www.suzuki.ca\/fr\/produit\/echappement-slip-on-yoshimura-r-77j-en-acier-inoxydable-pour-v-strom-800-de\/"]}]},{"@type":"ImageObject","inLanguage":"fr-FR","@id":"https:\/\/www.suzuki.ca\/fr\/produit\/echappement-slip-on-yoshimura-r-77j-en-acier-inoxydable-pour-v-strom-800-de\/#primaryimage","url":"https:\/\/www.suzuki.ca\/wp-content\/uploads\/Webstore-Items-1.jpg","contentUrl":"https:\/\/www.suzuki.ca\/wp-content\/uploads\/Webstore-Items-1.jpg","width":1080,"height":1080,"caption":"Suzuki_V_Strom_800_Yoshi_Exhaust_Pipe"},{"@type":"BreadcrumbList","@id":"https:\/\/www.suzuki.ca\/fr\/produit\/echappement-slip-on-yoshimura-r-77j-en-acier-inoxydable-pour-v-strom-800-de\/#breadcrumb","itemListElement":[{"@type":"ListItem","position":1,"name":"Accueil","item":"https:\/\/www.suzuki.ca\/fr\/"},{"@type":"ListItem","position":2,"name":"Products","item":"https:\/\/www.suzuki.ca\/shop\/"},{"@type":"ListItem","position":3,"name":"\u00c9chappement slip-on Yoshimura R-77J en acier inoxydable pour V-Strom 800\/DE"}]},{"@type":"WebSite","@id":"https:\/\/www.suzuki.ca\/#website","url":"https:\/\/www.suzuki.ca\/","name":"Suzuki Canada Inc.","description":"The Official Home of Suzuki Canada Motorcycle, ATV, and Marine models and accessories.","publisher":{"@id":"https:\/\/www.suzuki.ca\/#organization"},"potentialAction":[{"@type":"SearchAction","target":{"@type":"EntryPoint","urlTemplate":"https:\/\/www.suzuki.ca\/?s={search_term_string}"},"query-input":{"@type":"PropertyValueSpecification","valueRequired":true,"valueName":"search_term_string"}}],"inLanguage":"fr-FR"},{"@type":"Organization","@id":"https:\/\/www.suzuki.ca\/#organization","name":"Suzuki Canada Inc.","url":"https:\/\/www.suzuki.ca\/","logo":{"@type":"ImageObject","inLanguage":"fr-FR","@id":"https:\/\/www.suzuki.ca\/#\/schema\/logo\/image\/","url":"https:\/\/www.suzuki.ca\/wp-content\/uploads\/Suzuki_Logo_Parallelogram.svg","contentUrl":"https:\/\/www.suzuki.ca\/wp-content\/uploads\/Suzuki_Logo_Parallelogram.svg","caption":"Suzuki Canada Inc."},"image":{"@id":"https:\/\/www.suzuki.ca\/#\/schema\/logo\/image\/"}}]}},"_links":{"self":[{"href":"https:\/\/www.suzuki.ca\/fr\/wp-json\/wp\/v2\/product\/55004","targetHints":{"allow":["GET"]}}],"collection":[{"href":"https:\/\/www.suzuki.ca\/fr\/wp-json\/wp\/v2\/product"}],"about":[{"href":"https:\/\/www.suzuki.ca\/fr\/wp-json\/wp\/v2\/types\/product"}],"wp:featuredmedia":[{"embeddable":true,"href":"https:\/\/www.suzuki.ca\/fr\/wp-json\/wp\/v2\/media\/66524"}],"wp:attachment":[{"href":"https:\/\/www.suzuki.ca\/fr\/wp-json\/wp\/v2\/media?parent=55004"}],"wp:term":[{"taxonomy":"product_brand","embeddable":true,"href":"https:\/\/www.suzuki.ca\/fr\/wp-json\/wp\/v2\/product_brand?post=55004"},{"taxonomy":"product_cat","embeddable":true,"href":"https:\/\/www.suzuki.ca\/fr\/wp-json\/wp\/v2\/product_cat?post=55004"},{"taxonomy":"product_tag","embeddable":true,"href":"https:\/\/www.suzuki.ca\/fr\/wp-json\/wp\/v2\/product_tag?post=55004"}],"curies":[{"name":"wp","href":"https:\/\/api.w.org\/{rel}","templated":true}]}}