{"id":57098,"date":"2024-08-23T09:37:57","date_gmt":"2024-08-23T13:49:59","guid":{"rendered":"https:\/\/www.suzuki.ca\/?post_type=product&#038;p=57098"},"modified":"2026-01-21T13:46:46","modified_gmt":"2026-01-21T18:46:46","slug":"df40a","status":"publish","type":"product","link":"https:\/\/www.suzuki.ca\/fr\/produit\/df40a\/","title":{"rendered":"DF40A"},"content":{"rendered":"<p><img loading=\"lazy\" decoding=\"async\" class=\"wp-image-49236 aligncenter\" src=\"\/wp-content\/uploads\/suzuki-6yr-warranty-chrome-FR-e1768319149965.png\" alt=\"6 ans garantie limitee\" width=\"200\" height=\"295\" \/>&gt;<\/p>\n<h2>Offrir un rendement \u00e9nerg\u00e9tique sup\u00e9rieur et une haute performance<\/h2>\n<p>Avec une cylindr\u00e9e plus importante assurant une puissance et des performances accrues, la technologie \u00ab\u00a0Lean Control\u00a0\u00bb de Suzuki pour une meilleure \u00e9conomie de carburant et des conceptions plus compactes et plus l\u00e9g\u00e8res que son pr\u00e9d\u00e9cesseur, le DF40A de nouvelle g\u00e9n\u00e9ration est dot\u00e9 de caract\u00e9ristiques in\u00e9dites qui offrent des performances et une fiabilit\u00e9 \u00e0 la pointe de l\u2019industrie. Lors du salon nautique de Miami en 2011, les Boating Writers of America ont remis \u00e0 Suzuki Marine le prix de l\u2019innovation NMMA pour les innovations du DF40A qui restent parmi les meilleures caract\u00e9ristiques de sa cat\u00e9gorie.<\/p>\n<h3>Moteur haute performance \u00e0 12\u00a0soupapes et \u00e0 DACT<\/h3>\n<p>Les ing\u00e9nieurs de Suzuki ont bas\u00e9 les moteurs DF50A et DF40A sur le moteur trois cylindres en ligne \u00e0 12\u00a0soupapes \u00e9prouv\u00e9 de Suzuki. Ce moteur haute performance a une cylindr\u00e9e de 941\u00a0cm<sup>3<\/sup> et est \u00e9quip\u00e9 d\u2019une t\u00eate motrice \u00e0 DACT \u2013 le seul moteur \u00e0 DACT utilis\u00e9 dans la cat\u00e9gorie des hors-bord de 36,8\u00a0kW (50\u00a0ch)\/29,4\u00a0kW (40\u00a0ch) \u2013 avec quatre soupapes par cylindre, et un syst\u00e8me d\u2019admission d\u2019air optimis\u00e9 pour une efficacit\u00e9 maximale dans la plage des hauts r\u00e9gimes.<\/p>\n<p>Lors de la conception de ce moteur, les ing\u00e9nieurs de Suzuki se sont \u00e9galement concentr\u00e9s sur l\u2019am\u00e9lioration de l\u2019efficacit\u00e9 m\u00e9canique. Chaque composant a \u00e9t\u00e9 analys\u00e9 et redessin\u00e9 pour r\u00e9duire les pertes m\u00e9caniques afin d\u2019am\u00e9liorer l\u2019efficacit\u00e9. Par exemple, une nouvelle conception de pompe \u00e0 huile rend le d\u00e9bit d\u2019huile interne plus efficace, ce qui permet de mieux lubrifier les pi\u00e8ces mobiles tout en consommant moins d\u2019\u00e9nergie. La r\u00e9duction combin\u00e9e des pertes m\u00e9caniques dans l\u2019ensemble du moteur contribue \u00e0 une meilleure \u00e9conomie de carburant.<\/p>\n<h3>Technologie de m\u00e9lange carbur\u00e9 pauvre \u00ab\u00a0Lean Burn\u00a0\u00bb de Suzuki<\/h3>\n<p>La technologie de m\u00e9lange carbur\u00e9 pauvre \u00ab Lean Burn \u00bb de Suzuki est un syst\u00e8me intelligent qui surveille les performances du moteur et les conditions de fonctionnement afin de pr\u00e9voir les besoins en carburant et de fournir un m\u00e9lange de carburant plus pauvre au moteur. Lanc\u00e9e pour la premi\u00e8re fois sur le DF90A\/80A\/70A, puis sur le DF60A, cette technologie apporte des am\u00e9liorations remarquables en mati\u00e8re d\u2019\u00e9conomie de carburant, depuis le fonctionnement \u00e0 faible vitesse jusqu\u2019\u00e0 la plage de croisi\u00e8re, o\u00f9 le moteur est utilis\u00e9 la plupart du temps. Des tests r\u00e9alis\u00e9s internes montrent qu\u2019\u00e0 vitesse moyenne, le DF50A permet une am\u00e9lioration de 23 % de la consommation de carburant par rapport \u00e0 son pr\u00e9d\u00e9cesseur.<\/p>\n<h3>Injection de carburant \u00e9lectronique s\u00e9quentielle multipoint<\/h3>\n<p>Suzuki a \u00e9t\u00e9 la premi\u00e8re \u00e0 utiliser l\u2019injection \u00e9lectronique s\u00e9quentielle multipoint dans les hors-bord \u00e0 quatre temps. Ce syst\u00e8me avanc\u00e9 et \u00e9prouv\u00e9 recueille les donn\u00e9es de fonctionnement d\u2019une s\u00e9rie de capteurs situ\u00e9s dans des zones cl\u00e9s du moteur, traite les donn\u00e9es et calcule la quantit\u00e9 optimale de carburant et d\u2019air n\u00e9cessaire pour le moteur, le tout en temps r\u00e9el. Les plaisanciers b\u00e9n\u00e9ficient de d\u00e9marrages en douceur, d\u2019une efficacit\u00e9 de fonctionnement maximale, d\u2019une excellente \u00e9conomie de carburant et d\u2019une r\u00e9duction des \u00e9missions.<\/p>\n<h3>Cha\u00eene de distribution sans entretien<\/h3>\n<p>Les DF50A et DF40A sont les seuls hors-bord de la cat\u00e9gorie des 36,8\u00a0kW (50\u00a0ch)\/29,4\u00a0kW (40\u00a0ch) \u00e0 int\u00e9grer une cha\u00eene de distribution. La cha\u00eene est \u00e0 bain d\u2019huile, autor\u00e9glable et sans entretien, afin d\u2019offrir aux plaisanciers des ann\u00e9es de service fiable.<\/p>\n<h3>Alternateur 19\u00a0A de grande capacit\u00e9<\/h3>\n<p>Les DF50A et DF40A sont \u00e9quip\u00e9s d\u2019un puissant alternateur de 19\u00a0A qui g\u00e9n\u00e8re environ 11,5\u00a0A m\u00eame lorsque le moteur tourne \u00e0 un faible r\u00e9gime de 1\u00a0000\u00a0tr\/min. Dans des circonstances normales, cette puissance est suffisante pour faire fonctionner un assortiment d\u2019appareils \u00e9lectroniques marins dans la plupart des situations.<\/p>\n","protected":false},"excerpt":{"rendered":"<p>\u2026 <a class=\"blog-readmore\" href=\"https:\/\/www.suzuki.ca\/fr\/produit\/df40a\/\">Continuez \u00e0 lire ><\/a><\/p>\n","protected":false},"featured_media":57574,"template":"","meta":{"_acf_changed":false,"site-sidebar-layout":"default","site-content-layout":"","ast-site-content-layout":"default","site-content-style":"default","site-sidebar-style":"default","ast-global-header-display":"","ast-banner-title-visibility":"","ast-main-header-display":"","ast-hfb-above-header-display":"","ast-hfb-below-header-display":"","ast-hfb-mobile-header-display":"","site-post-title":"","ast-breadcrumbs-content":"","ast-featured-img":"","footer-sml-layout":"","ast-disable-related-posts":"","theme-transparent-header-meta":"default","adv-header-id-meta":"","stick-header-meta":"default","header-above-stick-meta":"","header-main-stick-meta":"","header-below-stick-meta":"","astra-migrate-meta-layouts":"set","ast-page-background-enabled":"default","ast-page-background-meta":{"desktop":{"background-color":"","background-image":"","background-repeat":"repeat","background-position":"center center","background-size":"auto","background-attachment":"scroll","background-type":"","background-media":"","overlay-type":"","overlay-color":"","overlay-opacity":"","overlay-gradient":""},"tablet":{"background-color":"","background-image":"","background-repeat":"repeat","background-position":"center center","background-size":"auto","background-attachment":"scroll","background-type":"","background-media":"","overlay-type":"","overlay-color":"","overlay-opacity":"","overlay-gradient":""},"mobile":{"background-color":"","background-image":"","background-repeat":"repeat","background-position":"center center","background-size":"auto","background-attachment":"scroll","background-type":"","background-media":"","overlay-type":"","overlay-color":"","overlay-opacity":"","overlay-gradient":""}},"ast-content-background-meta":{"desktop":{"background-color":"var(--ast-global-color-5)","background-image":"","background-repeat":"repeat","background-position":"center center","background-size":"auto","background-attachment":"scroll","background-type":"","background-media":"","overlay-type":"","overlay-color":"","overlay-opacity":"","overlay-gradient":""},"tablet":{"background-color":"var(--ast-global-color-5)","background-image":"","background-repeat":"repeat","background-position":"center center","background-size":"auto","background-attachment":"scroll","background-type":"","background-media":"","overlay-type":"","overlay-color":"","overlay-opacity":"","overlay-gradient":""},"mobile":{"background-color":"var(--ast-global-color-5)","background-image":"","background-repeat":"repeat","background-position":"center center","background-size":"auto","background-attachment":"scroll","background-type":"","background-media":"","overlay-type":"","overlay-color":"","overlay-opacity":"","overlay-gradient":""}}},"product_brand":[],"product_cat":[89,356],"product_tag":[],"class_list":{"0":"post-57098","1":"product","2":"type-product","3":"status-publish","4":"has-post-thumbnail","6":"product_cat-marine","7":"product_cat-30-a-90-chevaux-midsize","8":"desktop-align-left","9":"tablet-align-left","10":"mobile-align-left","11":"ast-product-gallery-layout-horizontal","12":"ast-magnify-disabled","13":"ast-product-tabs-layout-horizontal","15":"first","16":"instock","17":"taxable","18":"shipping-taxable","19":"product-type-simple"},"acf":[],"yoast_head":"<!-- This site is optimized with the Yoast SEO plugin v27.3 - https:\/\/yoast.com\/product\/yoast-seo-wordpress\/ -->\n<title>DF40A - Suzuki Canada Inc.<\/title>\n<meta name=\"robots\" content=\"index, follow, max-snippet:-1, max-image-preview:large, max-video-preview:-1\" \/>\n<link rel=\"canonical\" href=\"https:\/\/www.suzuki.ca\/fr\/produit\/df40a\/\" \/>\n<meta property=\"og:locale\" content=\"fr_FR\" \/>\n<meta property=\"og:type\" content=\"article\" \/>\n<meta property=\"og:title\" content=\"DF40A - Suzuki Canada Inc.\" \/>\n<meta property=\"og:description\" content=\"\u2026 Continuez \u00e0 lire &gt;\" \/>\n<meta property=\"og:url\" content=\"https:\/\/www.suzuki.ca\/fr\/produit\/df40a\/\" \/>\n<meta property=\"og:site_name\" content=\"Suzuki Canada Inc.\" \/>\n<meta property=\"article:modified_time\" content=\"2026-01-21T18:46:46+00:00\" \/>\n<meta property=\"og:image\" content=\"https:\/\/www.suzuki.ca\/wp-content\/uploads\/DF40ATL-Colour_-Black-2.png\" \/>\n\t<meta property=\"og:image:width\" content=\"2000\" \/>\n\t<meta property=\"og:image:height\" content=\"1333\" \/>\n\t<meta property=\"og:image:type\" content=\"image\/png\" \/>\n<meta name=\"twitter:card\" content=\"summary_large_image\" \/>\n<meta name=\"twitter:label1\" content=\"Est. reading time\" \/>\n\t<meta name=\"twitter:data1\" content=\"3 minutes\" \/>\n<script type=\"application\/ld+json\" class=\"yoast-schema-graph\">{\"@context\":\"https:\\\/\\\/schema.org\",\"@graph\":[{\"@type\":\"WebPage\",\"@id\":\"https:\\\/\\\/www.suzuki.ca\\\/fr\\\/produit\\\/df40a\\\/\",\"url\":\"https:\\\/\\\/www.suzuki.ca\\\/fr\\\/produit\\\/df40a\\\/\",\"name\":\"DF40A - Suzuki Canada Inc.\",\"isPartOf\":{\"@id\":\"https:\\\/\\\/www.suzuki.ca\\\/#website\"},\"primaryImageOfPage\":{\"@id\":\"https:\\\/\\\/www.suzuki.ca\\\/fr\\\/produit\\\/df40a\\\/#primaryimage\"},\"image\":{\"@id\":\"https:\\\/\\\/www.suzuki.ca\\\/fr\\\/produit\\\/df40a\\\/#primaryimage\"},\"thumbnailUrl\":\"https:\\\/\\\/www.suzuki.ca\\\/wp-content\\\/uploads\\\/DF40ATL-Colour_-Black-2.png\",\"datePublished\":\"2024-08-23T13:49:59+00:00\",\"dateModified\":\"2026-01-21T18:46:46+00:00\",\"breadcrumb\":{\"@id\":\"https:\\\/\\\/www.suzuki.ca\\\/fr\\\/produit\\\/df40a\\\/#breadcrumb\"},\"inLanguage\":\"fr-FR\",\"potentialAction\":[{\"@type\":\"ReadAction\",\"target\":[\"https:\\\/\\\/www.suzuki.ca\\\/fr\\\/produit\\\/df40a\\\/\"]}]},{\"@type\":\"ImageObject\",\"inLanguage\":\"fr-FR\",\"@id\":\"https:\\\/\\\/www.suzuki.ca\\\/fr\\\/produit\\\/df40a\\\/#primaryimage\",\"url\":\"https:\\\/\\\/www.suzuki.ca\\\/wp-content\\\/uploads\\\/DF40ATL-Colour_-Black-2.png\",\"contentUrl\":\"https:\\\/\\\/www.suzuki.ca\\\/wp-content\\\/uploads\\\/DF40ATL-Colour_-Black-2.png\",\"width\":2000,\"height\":1333,\"caption\":\"Black (YAY)\"},{\"@type\":\"BreadcrumbList\",\"@id\":\"https:\\\/\\\/www.suzuki.ca\\\/fr\\\/produit\\\/df40a\\\/#breadcrumb\",\"itemListElement\":[{\"@type\":\"ListItem\",\"position\":1,\"name\":\"Accueil\",\"item\":\"https:\\\/\\\/www.suzuki.ca\\\/fr\\\/\"},{\"@type\":\"ListItem\",\"position\":2,\"name\":\"Products\",\"item\":\"https:\\\/\\\/www.suzuki.ca\\\/shop\\\/\"},{\"@type\":\"ListItem\",\"position\":3,\"name\":\"DF40A\"}]},{\"@type\":\"WebSite\",\"@id\":\"https:\\\/\\\/www.suzuki.ca\\\/#website\",\"url\":\"https:\\\/\\\/www.suzuki.ca\\\/\",\"name\":\"Suzuki Canada Inc.\",\"description\":\"The Official Home of Suzuki Canada Motorcycle, ATV, and Marine models and accessories.\",\"publisher\":{\"@id\":\"https:\\\/\\\/www.suzuki.ca\\\/#organization\"},\"potentialAction\":[{\"@type\":\"SearchAction\",\"target\":{\"@type\":\"EntryPoint\",\"urlTemplate\":\"https:\\\/\\\/www.suzuki.ca\\\/?s={search_term_string}\"},\"query-input\":{\"@type\":\"PropertyValueSpecification\",\"valueRequired\":true,\"valueName\":\"search_term_string\"}}],\"inLanguage\":\"fr-FR\"},{\"@type\":\"Organization\",\"@id\":\"https:\\\/\\\/www.suzuki.ca\\\/#organization\",\"name\":\"Suzuki Canada Inc.\",\"url\":\"https:\\\/\\\/www.suzuki.ca\\\/\",\"logo\":{\"@type\":\"ImageObject\",\"inLanguage\":\"fr-FR\",\"@id\":\"https:\\\/\\\/www.suzuki.ca\\\/#\\\/schema\\\/logo\\\/image\\\/\",\"url\":\"https:\\\/\\\/www.suzuki.ca\\\/wp-content\\\/uploads\\\/Suzuki_Logo_Parallelogram.svg\",\"contentUrl\":\"https:\\\/\\\/www.suzuki.ca\\\/wp-content\\\/uploads\\\/Suzuki_Logo_Parallelogram.svg\",\"caption\":\"Suzuki Canada Inc.\"},\"image\":{\"@id\":\"https:\\\/\\\/www.suzuki.ca\\\/#\\\/schema\\\/logo\\\/image\\\/\"}}]}<\/script>\n<!-- \/ Yoast SEO plugin. -->","yoast_head_json":{"title":"DF40A - Suzuki Canada Inc.","robots":{"index":"index","follow":"follow","max-snippet":"max-snippet:-1","max-image-preview":"max-image-preview:large","max-video-preview":"max-video-preview:-1"},"canonical":"https:\/\/www.suzuki.ca\/fr\/produit\/df40a\/","og_locale":"fr_FR","og_type":"article","og_title":"DF40A - Suzuki Canada Inc.","og_description":"\u2026 Continuez \u00e0 lire >","og_url":"https:\/\/www.suzuki.ca\/fr\/produit\/df40a\/","og_site_name":"Suzuki Canada Inc.","article_modified_time":"2026-01-21T18:46:46+00:00","og_image":[{"width":2000,"height":1333,"url":"https:\/\/www.suzuki.ca\/wp-content\/uploads\/DF40ATL-Colour_-Black-2.png","type":"image\/png"}],"twitter_card":"summary_large_image","twitter_misc":{"Est. reading time":"3 minutes"},"schema":{"@context":"https:\/\/schema.org","@graph":[{"@type":"WebPage","@id":"https:\/\/www.suzuki.ca\/fr\/produit\/df40a\/","url":"https:\/\/www.suzuki.ca\/fr\/produit\/df40a\/","name":"DF40A - Suzuki Canada Inc.","isPartOf":{"@id":"https:\/\/www.suzuki.ca\/#website"},"primaryImageOfPage":{"@id":"https:\/\/www.suzuki.ca\/fr\/produit\/df40a\/#primaryimage"},"image":{"@id":"https:\/\/www.suzuki.ca\/fr\/produit\/df40a\/#primaryimage"},"thumbnailUrl":"https:\/\/www.suzuki.ca\/wp-content\/uploads\/DF40ATL-Colour_-Black-2.png","datePublished":"2024-08-23T13:49:59+00:00","dateModified":"2026-01-21T18:46:46+00:00","breadcrumb":{"@id":"https:\/\/www.suzuki.ca\/fr\/produit\/df40a\/#breadcrumb"},"inLanguage":"fr-FR","potentialAction":[{"@type":"ReadAction","target":["https:\/\/www.suzuki.ca\/fr\/produit\/df40a\/"]}]},{"@type":"ImageObject","inLanguage":"fr-FR","@id":"https:\/\/www.suzuki.ca\/fr\/produit\/df40a\/#primaryimage","url":"https:\/\/www.suzuki.ca\/wp-content\/uploads\/DF40ATL-Colour_-Black-2.png","contentUrl":"https:\/\/www.suzuki.ca\/wp-content\/uploads\/DF40ATL-Colour_-Black-2.png","width":2000,"height":1333,"caption":"Black (YAY)"},{"@type":"BreadcrumbList","@id":"https:\/\/www.suzuki.ca\/fr\/produit\/df40a\/#breadcrumb","itemListElement":[{"@type":"ListItem","position":1,"name":"Accueil","item":"https:\/\/www.suzuki.ca\/fr\/"},{"@type":"ListItem","position":2,"name":"Products","item":"https:\/\/www.suzuki.ca\/shop\/"},{"@type":"ListItem","position":3,"name":"DF40A"}]},{"@type":"WebSite","@id":"https:\/\/www.suzuki.ca\/#website","url":"https:\/\/www.suzuki.ca\/","name":"Suzuki Canada Inc.","description":"The Official Home of Suzuki Canada Motorcycle, ATV, and Marine models and accessories.","publisher":{"@id":"https:\/\/www.suzuki.ca\/#organization"},"potentialAction":[{"@type":"SearchAction","target":{"@type":"EntryPoint","urlTemplate":"https:\/\/www.suzuki.ca\/?s={search_term_string}"},"query-input":{"@type":"PropertyValueSpecification","valueRequired":true,"valueName":"search_term_string"}}],"inLanguage":"fr-FR"},{"@type":"Organization","@id":"https:\/\/www.suzuki.ca\/#organization","name":"Suzuki Canada Inc.","url":"https:\/\/www.suzuki.ca\/","logo":{"@type":"ImageObject","inLanguage":"fr-FR","@id":"https:\/\/www.suzuki.ca\/#\/schema\/logo\/image\/","url":"https:\/\/www.suzuki.ca\/wp-content\/uploads\/Suzuki_Logo_Parallelogram.svg","contentUrl":"https:\/\/www.suzuki.ca\/wp-content\/uploads\/Suzuki_Logo_Parallelogram.svg","caption":"Suzuki Canada Inc."},"image":{"@id":"https:\/\/www.suzuki.ca\/#\/schema\/logo\/image\/"}}]}},"_links":{"self":[{"href":"https:\/\/www.suzuki.ca\/fr\/wp-json\/wp\/v2\/product\/57098","targetHints":{"allow":["GET"]}}],"collection":[{"href":"https:\/\/www.suzuki.ca\/fr\/wp-json\/wp\/v2\/product"}],"about":[{"href":"https:\/\/www.suzuki.ca\/fr\/wp-json\/wp\/v2\/types\/product"}],"wp:featuredmedia":[{"embeddable":true,"href":"https:\/\/www.suzuki.ca\/fr\/wp-json\/wp\/v2\/media\/57574"}],"wp:attachment":[{"href":"https:\/\/www.suzuki.ca\/fr\/wp-json\/wp\/v2\/media?parent=57098"}],"wp:term":[{"taxonomy":"product_brand","embeddable":true,"href":"https:\/\/www.suzuki.ca\/fr\/wp-json\/wp\/v2\/product_brand?post=57098"},{"taxonomy":"product_cat","embeddable":true,"href":"https:\/\/www.suzuki.ca\/fr\/wp-json\/wp\/v2\/product_cat?post=57098"},{"taxonomy":"product_tag","embeddable":true,"href":"https:\/\/www.suzuki.ca\/fr\/wp-json\/wp\/v2\/product_tag?post=57098"}],"curies":[{"name":"wp","href":"https:\/\/api.w.org\/{rel}","templated":true}]}}