{"id":57138,"date":"2024-08-23T11:56:40","date_gmt":"2024-08-23T16:29:02","guid":{"rendered":"https:\/\/www.suzuki.ca\/?post_type=product&#038;p=57138"},"modified":"2026-01-20T11:24:45","modified_gmt":"2026-01-20T16:24:45","slug":"df90a","status":"publish","type":"product","link":"https:\/\/www.suzuki.ca\/fr\/produit\/df90a\/","title":{"rendered":"DF90A"},"content":{"rendered":"<p><img loading=\"lazy\" decoding=\"async\" class=\"wp-image-49236 aligncenter\" src=\"\/wp-content\/uploads\/suzuki-6yr-warranty-chrome-FR-e1768319149965.png\" alt=\"6 ans garantie limitee\" width=\"200\" height=\"295\" \/><\/p>\n<h2>UNE R\u00c9VOLUTION DANS L\u2019INNOVATION<\/h2>\n<p>Douze ans apr\u00e8s avoir lanc\u00e9 la r\u00e9volution du 4\u00a0temps avec ses hors-bord prim\u00e9s DF70 et DF60, Suzuki r\u00e9invente une fois de plus la cat\u00e9gorie avec le DF90A. Le premier des 4\u00a0temps Suzuki de nouvelle g\u00e9n\u00e9ration, le DF90A sert de vitrine aux avancements r\u00e9alis\u00e9s, notamment l\u2019injection de carburant \u00e9lectronique s\u00e9quentielle num\u00e9rique, le puissant rapport de d\u00e9multiplication de 2,59:1, la cha\u00eene de distribution autor\u00e9glable sans entretien et la technologie de m\u00e9lange carbur\u00e9 pauvre \u00ab\u00a0Lean Burn\u00a0\u00bb de Suzuki. Les nouveaux DF90A peuvent aussi \u00eatre \u00e9quip\u00e9s en option du syst\u00e8me de marche \u00e0 la tra\u00eene de Suzuki.<\/p>\n<h3>Extr\u00eamement l\u00e9ger, le plus l\u00e9ger de sa cat\u00e9gorie<\/h3>\n<p>L\u00a0: 157\u00a0kg, le poids le plus l\u00e9ger dans un mod\u00e8le de XX\u00a0kW (100\u00a0ch). (Recherche interne de SUZUKI)<\/p>\n<h3>Compact<\/h3>\n<ul>\n<li>100\u00a0ch provenant d\u2019un moteur DF90A<\/li>\n<li>Arbre de transmission d\u00e9cal\u00e9 pour un corps compact<\/li>\n<\/ul>\n<h3>Le rapport de d\u00e9multiplication le plus \u00e9lev\u00e9<\/h3>\n<p>2,59:1, le rapport de d\u00e9multiplication le plus \u00e9lev\u00e9 dans un mod\u00e8le de XX\u00a0kW (100\u00a0ch). (Recherche interne de SUZUKI)<\/p>\n<h3>\u00c9quipement complet<\/h3>\n<p><img decoding=\"async\" src=\"https:\/\/www.globalsuzuki.com\/marine\/lineup\/df100b-90a-80a-70a\/images\/feature-2.png\" alt=\"Diagram of Full Equipment\" \/><\/p>\n<p>&nbsp;<\/p>\n","protected":false},"excerpt":{"rendered":"<p>&nbsp;<\/p>\n<p>&nbsp;<\/p>\n","protected":false},"featured_media":57614,"template":"","meta":{"_acf_changed":false,"site-sidebar-layout":"default","site-content-layout":"","ast-site-content-layout":"default","site-content-style":"default","site-sidebar-style":"default","ast-global-header-display":"","ast-banner-title-visibility":"","ast-main-header-display":"","ast-hfb-above-header-display":"","ast-hfb-below-header-display":"","ast-hfb-mobile-header-display":"","site-post-title":"","ast-breadcrumbs-content":"","ast-featured-img":"","footer-sml-layout":"","ast-disable-related-posts":"","theme-transparent-header-meta":"default","adv-header-id-meta":"","stick-header-meta":"default","header-above-stick-meta":"","header-main-stick-meta":"","header-below-stick-meta":"","astra-migrate-meta-layouts":"set","ast-page-background-enabled":"default","ast-page-background-meta":{"desktop":{"background-color":"","background-image":"","background-repeat":"repeat","background-position":"center center","background-size":"auto","background-attachment":"scroll","background-type":"","background-media":"","overlay-type":"","overlay-color":"","overlay-opacity":"","overlay-gradient":""},"tablet":{"background-color":"","background-image":"","background-repeat":"repeat","background-position":"center center","background-size":"auto","background-attachment":"scroll","background-type":"","background-media":"","overlay-type":"","overlay-color":"","overlay-opacity":"","overlay-gradient":""},"mobile":{"background-color":"","background-image":"","background-repeat":"repeat","background-position":"center center","background-size":"auto","background-attachment":"scroll","background-type":"","background-media":"","overlay-type":"","overlay-color":"","overlay-opacity":"","overlay-gradient":""}},"ast-content-background-meta":{"desktop":{"background-color":"var(--ast-global-color-5)","background-image":"","background-repeat":"repeat","background-position":"center center","background-size":"auto","background-attachment":"scroll","background-type":"","background-media":"","overlay-type":"","overlay-color":"","overlay-opacity":"","overlay-gradient":""},"tablet":{"background-color":"var(--ast-global-color-5)","background-image":"","background-repeat":"repeat","background-position":"center center","background-size":"auto","background-attachment":"scroll","background-type":"","background-media":"","overlay-type":"","overlay-color":"","overlay-opacity":"","overlay-gradient":""},"mobile":{"background-color":"var(--ast-global-color-5)","background-image":"","background-repeat":"repeat","background-position":"center center","background-size":"auto","background-attachment":"scroll","background-type":"","background-media":"","overlay-type":"","overlay-color":"","overlay-opacity":"","overlay-gradient":""}}},"product_brand":[],"product_cat":[89,356],"product_tag":[],"class_list":{"0":"post-57138","1":"product","2":"type-product","3":"status-publish","4":"has-post-thumbnail","6":"product_cat-marine","7":"product_cat-30-a-90-chevaux-midsize","8":"desktop-align-left","9":"tablet-align-left","10":"mobile-align-left","11":"ast-product-gallery-layout-horizontal","12":"ast-magnify-disabled","13":"ast-product-tabs-layout-horizontal","15":"first","16":"instock","17":"taxable","18":"shipping-taxable","19":"product-type-simple"},"acf":[],"yoast_head":"<!-- This site is optimized with the Yoast SEO plugin v26.9 - https:\/\/yoast.com\/product\/yoast-seo-wordpress\/ -->\n<title>DF90A - Suzuki Canada Inc.<\/title>\n<meta name=\"robots\" content=\"index, follow, max-snippet:-1, max-image-preview:large, max-video-preview:-1\" \/>\n<link rel=\"canonical\" href=\"https:\/\/www.suzuki.ca\/fr\/produit\/df90a\/\" \/>\n<meta property=\"og:locale\" content=\"fr_FR\" \/>\n<meta property=\"og:type\" content=\"article\" \/>\n<meta property=\"og:title\" content=\"DF90A - Suzuki Canada Inc.\" \/>\n<meta property=\"og:description\" content=\"&nbsp;  &nbsp;\" \/>\n<meta property=\"og:url\" content=\"https:\/\/www.suzuki.ca\/fr\/produit\/df90a\/\" \/>\n<meta property=\"og:site_name\" content=\"Suzuki Canada Inc.\" \/>\n<meta property=\"article:modified_time\" content=\"2026-01-20T16:24:45+00:00\" \/>\n<meta property=\"og:image\" content=\"https:\/\/www.suzuki.ca\/wp-content\/uploads\/DF90ATL-Colour_-Black-2.png\" \/>\n\t<meta property=\"og:image:width\" content=\"2000\" \/>\n\t<meta property=\"og:image:height\" content=\"1333\" \/>\n\t<meta property=\"og:image:type\" content=\"image\/png\" \/>\n<meta name=\"twitter:card\" content=\"summary_large_image\" \/>\n<meta name=\"twitter:label1\" content=\"Est. reading time\" \/>\n\t<meta name=\"twitter:data1\" content=\"2 minutes\" \/>\n<script type=\"application\/ld+json\" class=\"yoast-schema-graph\">{\"@context\":\"https:\/\/schema.org\",\"@graph\":[{\"@type\":\"WebPage\",\"@id\":\"https:\/\/www.suzuki.ca\/fr\/produit\/df90a\/\",\"url\":\"https:\/\/www.suzuki.ca\/fr\/produit\/df90a\/\",\"name\":\"DF90A - Suzuki Canada Inc.\",\"isPartOf\":{\"@id\":\"https:\/\/www.suzuki.ca\/#website\"},\"primaryImageOfPage\":{\"@id\":\"https:\/\/www.suzuki.ca\/fr\/produit\/df90a\/#primaryimage\"},\"image\":{\"@id\":\"https:\/\/www.suzuki.ca\/fr\/produit\/df90a\/#primaryimage\"},\"thumbnailUrl\":\"https:\/\/www.suzuki.ca\/wp-content\/uploads\/DF90ATL-Colour_-Black-2.png\",\"datePublished\":\"2024-08-23T16:29:02+00:00\",\"dateModified\":\"2026-01-20T16:24:45+00:00\",\"breadcrumb\":{\"@id\":\"https:\/\/www.suzuki.ca\/fr\/produit\/df90a\/#breadcrumb\"},\"inLanguage\":\"fr-FR\",\"potentialAction\":[{\"@type\":\"ReadAction\",\"target\":[\"https:\/\/www.suzuki.ca\/fr\/produit\/df90a\/\"]}]},{\"@type\":\"ImageObject\",\"inLanguage\":\"fr-FR\",\"@id\":\"https:\/\/www.suzuki.ca\/fr\/produit\/df90a\/#primaryimage\",\"url\":\"https:\/\/www.suzuki.ca\/wp-content\/uploads\/DF90ATL-Colour_-Black-2.png\",\"contentUrl\":\"https:\/\/www.suzuki.ca\/wp-content\/uploads\/DF90ATL-Colour_-Black-2.png\",\"width\":2000,\"height\":1333,\"caption\":\"Black (YAY)\"},{\"@type\":\"BreadcrumbList\",\"@id\":\"https:\/\/www.suzuki.ca\/fr\/produit\/df90a\/#breadcrumb\",\"itemListElement\":[{\"@type\":\"ListItem\",\"position\":1,\"name\":\"Accueil\",\"item\":\"https:\/\/www.suzuki.ca\/fr\/\"},{\"@type\":\"ListItem\",\"position\":2,\"name\":\"Products\",\"item\":\"https:\/\/www.suzuki.ca\/shop\/\"},{\"@type\":\"ListItem\",\"position\":3,\"name\":\"DF90A\"}]},{\"@type\":\"WebSite\",\"@id\":\"https:\/\/www.suzuki.ca\/#website\",\"url\":\"https:\/\/www.suzuki.ca\/\",\"name\":\"Suzuki Canada Inc.\",\"description\":\"The Official Home of Suzuki Canada Motorcycle, ATV, and Marine models and accessories.\",\"publisher\":{\"@id\":\"https:\/\/www.suzuki.ca\/#organization\"},\"potentialAction\":[{\"@type\":\"SearchAction\",\"target\":{\"@type\":\"EntryPoint\",\"urlTemplate\":\"https:\/\/www.suzuki.ca\/?s={search_term_string}\"},\"query-input\":{\"@type\":\"PropertyValueSpecification\",\"valueRequired\":true,\"valueName\":\"search_term_string\"}}],\"inLanguage\":\"fr-FR\"},{\"@type\":\"Organization\",\"@id\":\"https:\/\/www.suzuki.ca\/#organization\",\"name\":\"Suzuki Canada Inc.\",\"url\":\"https:\/\/www.suzuki.ca\/\",\"logo\":{\"@type\":\"ImageObject\",\"inLanguage\":\"fr-FR\",\"@id\":\"https:\/\/www.suzuki.ca\/#\/schema\/logo\/image\/\",\"url\":\"https:\/\/www.suzuki.ca\/wp-content\/uploads\/Suzuki_Logo_Parallelogram.svg\",\"contentUrl\":\"https:\/\/www.suzuki.ca\/wp-content\/uploads\/Suzuki_Logo_Parallelogram.svg\",\"caption\":\"Suzuki Canada Inc.\"},\"image\":{\"@id\":\"https:\/\/www.suzuki.ca\/#\/schema\/logo\/image\/\"}}]}<\/script>\n<!-- \/ Yoast SEO plugin. -->","yoast_head_json":{"title":"DF90A - Suzuki Canada Inc.","robots":{"index":"index","follow":"follow","max-snippet":"max-snippet:-1","max-image-preview":"max-image-preview:large","max-video-preview":"max-video-preview:-1"},"canonical":"https:\/\/www.suzuki.ca\/fr\/produit\/df90a\/","og_locale":"fr_FR","og_type":"article","og_title":"DF90A - Suzuki Canada Inc.","og_description":"&nbsp;  &nbsp;","og_url":"https:\/\/www.suzuki.ca\/fr\/produit\/df90a\/","og_site_name":"Suzuki Canada Inc.","article_modified_time":"2026-01-20T16:24:45+00:00","og_image":[{"width":2000,"height":1333,"url":"https:\/\/www.suzuki.ca\/wp-content\/uploads\/DF90ATL-Colour_-Black-2.png","type":"image\/png"}],"twitter_card":"summary_large_image","twitter_misc":{"Est. reading time":"2 minutes"},"schema":{"@context":"https:\/\/schema.org","@graph":[{"@type":"WebPage","@id":"https:\/\/www.suzuki.ca\/fr\/produit\/df90a\/","url":"https:\/\/www.suzuki.ca\/fr\/produit\/df90a\/","name":"DF90A - Suzuki Canada Inc.","isPartOf":{"@id":"https:\/\/www.suzuki.ca\/#website"},"primaryImageOfPage":{"@id":"https:\/\/www.suzuki.ca\/fr\/produit\/df90a\/#primaryimage"},"image":{"@id":"https:\/\/www.suzuki.ca\/fr\/produit\/df90a\/#primaryimage"},"thumbnailUrl":"https:\/\/www.suzuki.ca\/wp-content\/uploads\/DF90ATL-Colour_-Black-2.png","datePublished":"2024-08-23T16:29:02+00:00","dateModified":"2026-01-20T16:24:45+00:00","breadcrumb":{"@id":"https:\/\/www.suzuki.ca\/fr\/produit\/df90a\/#breadcrumb"},"inLanguage":"fr-FR","potentialAction":[{"@type":"ReadAction","target":["https:\/\/www.suzuki.ca\/fr\/produit\/df90a\/"]}]},{"@type":"ImageObject","inLanguage":"fr-FR","@id":"https:\/\/www.suzuki.ca\/fr\/produit\/df90a\/#primaryimage","url":"https:\/\/www.suzuki.ca\/wp-content\/uploads\/DF90ATL-Colour_-Black-2.png","contentUrl":"https:\/\/www.suzuki.ca\/wp-content\/uploads\/DF90ATL-Colour_-Black-2.png","width":2000,"height":1333,"caption":"Black (YAY)"},{"@type":"BreadcrumbList","@id":"https:\/\/www.suzuki.ca\/fr\/produit\/df90a\/#breadcrumb","itemListElement":[{"@type":"ListItem","position":1,"name":"Accueil","item":"https:\/\/www.suzuki.ca\/fr\/"},{"@type":"ListItem","position":2,"name":"Products","item":"https:\/\/www.suzuki.ca\/shop\/"},{"@type":"ListItem","position":3,"name":"DF90A"}]},{"@type":"WebSite","@id":"https:\/\/www.suzuki.ca\/#website","url":"https:\/\/www.suzuki.ca\/","name":"Suzuki Canada Inc.","description":"The Official Home of Suzuki Canada Motorcycle, ATV, and Marine models and accessories.","publisher":{"@id":"https:\/\/www.suzuki.ca\/#organization"},"potentialAction":[{"@type":"SearchAction","target":{"@type":"EntryPoint","urlTemplate":"https:\/\/www.suzuki.ca\/?s={search_term_string}"},"query-input":{"@type":"PropertyValueSpecification","valueRequired":true,"valueName":"search_term_string"}}],"inLanguage":"fr-FR"},{"@type":"Organization","@id":"https:\/\/www.suzuki.ca\/#organization","name":"Suzuki Canada Inc.","url":"https:\/\/www.suzuki.ca\/","logo":{"@type":"ImageObject","inLanguage":"fr-FR","@id":"https:\/\/www.suzuki.ca\/#\/schema\/logo\/image\/","url":"https:\/\/www.suzuki.ca\/wp-content\/uploads\/Suzuki_Logo_Parallelogram.svg","contentUrl":"https:\/\/www.suzuki.ca\/wp-content\/uploads\/Suzuki_Logo_Parallelogram.svg","caption":"Suzuki Canada Inc."},"image":{"@id":"https:\/\/www.suzuki.ca\/#\/schema\/logo\/image\/"}}]}},"_links":{"self":[{"href":"https:\/\/www.suzuki.ca\/fr\/wp-json\/wp\/v2\/product\/57138","targetHints":{"allow":["GET"]}}],"collection":[{"href":"https:\/\/www.suzuki.ca\/fr\/wp-json\/wp\/v2\/product"}],"about":[{"href":"https:\/\/www.suzuki.ca\/fr\/wp-json\/wp\/v2\/types\/product"}],"wp:featuredmedia":[{"embeddable":true,"href":"https:\/\/www.suzuki.ca\/fr\/wp-json\/wp\/v2\/media\/57614"}],"wp:attachment":[{"href":"https:\/\/www.suzuki.ca\/fr\/wp-json\/wp\/v2\/media?parent=57138"}],"wp:term":[{"taxonomy":"product_brand","embeddable":true,"href":"https:\/\/www.suzuki.ca\/fr\/wp-json\/wp\/v2\/product_brand?post=57138"},{"taxonomy":"product_cat","embeddable":true,"href":"https:\/\/www.suzuki.ca\/fr\/wp-json\/wp\/v2\/product_cat?post=57138"},{"taxonomy":"product_tag","embeddable":true,"href":"https:\/\/www.suzuki.ca\/fr\/wp-json\/wp\/v2\/product_tag?post=57138"}],"curies":[{"name":"wp","href":"https:\/\/api.w.org\/{rel}","templated":true}]}}