{"id":57337,"date":"2024-09-26T15:19:58","date_gmt":"2024-09-26T19:19:16","guid":{"rendered":"https:\/\/www.suzuki.ca\/?post_type=product&#038;p=57337"},"modified":"2026-03-30T16:28:14","modified_gmt":"2026-03-30T20:28:14","slug":"2025-gsx-8s","status":"publish","type":"product","link":"https:\/\/www.suzuki.ca\/fr\/produit\/2025-gsx-8s\/","title":{"rendered":"2025 GSX-8S"},"content":{"rendered":"<h2>Un potentiel infini. Un plaisir sans limite.<\/h2>\n<p>La GSX-8S est une machine de combat de rue nue et fra\u00eeche qui est destin\u00e9e \u00e0 \u00e9tablir une norme en mati\u00e8re de maniabilit\u00e9 et de performances. Elle offre des possibilit\u00e9s infinies \u2013 des performances gagnantes, une ma\u00eetrise inspirant la confiance et un confort optimal \u2013 \u00e0 tous les pilotes.<\/p>\n<p>Utilisable \u00e0 l\u2019infini, elle est id\u00e9ale pour tout type de sortie. Elle est sportive, amusante et tr\u00e8s performante.<\/p>\n<p>Principales caract\u00e9ristiques de la GSX-8S :<\/p>\n<ul>\n<li>Un tout nouveau moteur bicylindre parall\u00e8le de 776 cm\u00b3 \u00e0 double arbre \u00e0 cames en t\u00eate.<\/li>\n<li>Une conception visant \u00e0 offrir une conduite excitante et souple \u00e0 tous les pilotes.<\/li>\n<li>Un style unique avec un look agressif, avec la masse \u00e0 l\u2019avant, qui est \u00e9lanc\u00e9, \u00e9quilibr\u00e9 et compact.<\/li>\n<li>Le syst\u00e8me de conduite intelligente de Suzuki pour un comportement optimal dans toutes les conditions.<\/li>\n<\/ul>\n","protected":false},"excerpt":{"rendered":"<p>\u2026 <a class=\"blog-readmore\" href=\"https:\/\/www.suzuki.ca\/fr\/produit\/2025-gsx-8s\/\">Continuez \u00e0 lire ><\/a><\/p>\n","protected":false},"featured_media":57916,"template":"","meta":{"_acf_changed":false,"site-sidebar-layout":"default","site-content-layout":"default","ast-site-content-layout":"default","site-content-style":"default","site-sidebar-style":"default","ast-global-header-display":"","ast-banner-title-visibility":"","ast-main-header-display":"","ast-hfb-above-header-display":"","ast-hfb-below-header-display":"","ast-hfb-mobile-header-display":"","site-post-title":"","ast-breadcrumbs-content":"","ast-featured-img":"","footer-sml-layout":"","ast-disable-related-posts":"","theme-transparent-header-meta":"default","adv-header-id-meta":"","stick-header-meta":"default","header-above-stick-meta":"","header-main-stick-meta":"","header-below-stick-meta":"","astra-migrate-meta-layouts":"set","ast-page-background-enabled":"default","ast-page-background-meta":{"desktop":{"background-color":"","background-image":"","background-repeat":"repeat","background-position":"center center","background-size":"auto","background-attachment":"scroll","background-type":"","background-media":"","overlay-type":"","overlay-color":"","overlay-opacity":"","overlay-gradient":""},"tablet":{"background-color":"","background-image":"","background-repeat":"repeat","background-position":"center center","background-size":"auto","background-attachment":"scroll","background-type":"","background-media":"","overlay-type":"","overlay-color":"","overlay-opacity":"","overlay-gradient":""},"mobile":{"background-color":"","background-image":"","background-repeat":"repeat","background-position":"center center","background-size":"auto","background-attachment":"scroll","background-type":"","background-media":"","overlay-type":"","overlay-color":"","overlay-opacity":"","overlay-gradient":""}},"ast-content-background-meta":{"desktop":{"background-color":"var(--ast-global-color-5)","background-image":"","background-repeat":"repeat","background-position":"center center","background-size":"auto","background-attachment":"scroll","background-type":"","background-media":"","overlay-type":"","overlay-color":"","overlay-opacity":"","overlay-gradient":""},"tablet":{"background-color":"var(--ast-global-color-5)","background-image":"","background-repeat":"repeat","background-position":"center center","background-size":"auto","background-attachment":"scroll","background-type":"","background-media":"","overlay-type":"","overlay-color":"","overlay-opacity":"","overlay-gradient":""},"mobile":{"background-color":"var(--ast-global-color-5)","background-image":"","background-repeat":"repeat","background-position":"center center","background-size":"auto","background-attachment":"scroll","background-type":"","background-media":"","overlay-type":"","overlay-color":"","overlay-opacity":"","overlay-gradient":""}}},"product_brand":[],"product_cat":[96,104],"product_tag":[],"class_list":{"0":"post-57337","1":"product","2":"type-product","3":"status-publish","4":"has-post-thumbnail","6":"product_cat-motos","7":"product_cat-routieres","8":"desktop-align-left","9":"tablet-align-left","10":"mobile-align-left","11":"ast-product-gallery-layout-horizontal","12":"ast-magnify-disabled","13":"ast-product-tabs-layout-horizontal","15":"first","16":"instock","17":"product-type-simple"},"acf":[],"yoast_head":"<!-- This site is optimized with the Yoast SEO plugin v27.3 - https:\/\/yoast.com\/product\/yoast-seo-wordpress\/ -->\n<title>2025 GSX-8S - Suzuki Canada Inc.<\/title>\n<meta name=\"description\" content=\"La GSX-8S est une machine de combat de rue nue et fra\u00eeche qui est destin\u00e9e \u00e0 \u00e9tablir une nouvelle norme en mati\u00e8re de maniabilit\u00e9 et de performances.\" \/>\n<meta name=\"robots\" content=\"index, follow, max-snippet:-1, max-image-preview:large, max-video-preview:-1\" \/>\n<link rel=\"canonical\" href=\"https:\/\/www.suzuki.ca\/fr\/produit\/2025-gsx-8s\/\" \/>\n<meta property=\"og:locale\" content=\"fr_FR\" \/>\n<meta property=\"og:type\" content=\"article\" \/>\n<meta property=\"og:title\" content=\"2025 GSX-8S - Suzuki Canada Inc.\" \/>\n<meta property=\"og:description\" content=\"La GSX-8S est une machine de combat de rue nue et fra\u00eeche qui est destin\u00e9e \u00e0 \u00e9tablir une nouvelle norme en mati\u00e8re de maniabilit\u00e9 et de performances.\" \/>\n<meta property=\"og:url\" content=\"https:\/\/www.suzuki.ca\/fr\/produit\/2025-gsx-8s\/\" \/>\n<meta property=\"og:site_name\" content=\"Suzuki Canada Inc.\" \/>\n<meta property=\"article:modified_time\" content=\"2026-03-30T20:28:14+00:00\" \/>\n<meta property=\"og:image\" content=\"https:\/\/www.suzuki.ca\/wp-content\/uploads\/GSX800RQM5_CL9_right-scaled.jpg\" \/>\n\t<meta property=\"og:image:width\" content=\"2560\" \/>\n\t<meta property=\"og:image:height\" content=\"1707\" \/>\n\t<meta property=\"og:image:type\" content=\"image\/jpeg\" \/>\n<meta name=\"twitter:card\" content=\"summary_large_image\" \/>\n<meta name=\"twitter:label1\" content=\"Est. reading time\" \/>\n\t<meta name=\"twitter:data1\" content=\"1 minute\" \/>\n<script type=\"application\/ld+json\" class=\"yoast-schema-graph\">{\"@context\":\"https:\\\/\\\/schema.org\",\"@graph\":[{\"@type\":\"WebPage\",\"@id\":\"https:\\\/\\\/www.suzuki.ca\\\/fr\\\/produit\\\/2025-gsx-8s\\\/\",\"url\":\"https:\\\/\\\/www.suzuki.ca\\\/fr\\\/produit\\\/2025-gsx-8s\\\/\",\"name\":\"2025 GSX-8S - Suzuki Canada Inc.\",\"isPartOf\":{\"@id\":\"https:\\\/\\\/www.suzuki.ca\\\/#website\"},\"primaryImageOfPage\":{\"@id\":\"https:\\\/\\\/www.suzuki.ca\\\/fr\\\/produit\\\/2025-gsx-8s\\\/#primaryimage\"},\"image\":{\"@id\":\"https:\\\/\\\/www.suzuki.ca\\\/fr\\\/produit\\\/2025-gsx-8s\\\/#primaryimage\"},\"thumbnailUrl\":\"https:\\\/\\\/www.suzuki.ca\\\/wp-content\\\/uploads\\\/GSX800RQM5_CL9_right-scaled.jpg\",\"datePublished\":\"2024-09-26T19:19:16+00:00\",\"dateModified\":\"2026-03-30T20:28:14+00:00\",\"description\":\"La GSX-8S est une machine de combat de rue nue et fra\u00eeche qui est destin\u00e9e \u00e0 \u00e9tablir une nouvelle norme en mati\u00e8re de maniabilit\u00e9 et de performances.\",\"breadcrumb\":{\"@id\":\"https:\\\/\\\/www.suzuki.ca\\\/fr\\\/produit\\\/2025-gsx-8s\\\/#breadcrumb\"},\"inLanguage\":\"fr-FR\",\"potentialAction\":[{\"@type\":\"ReadAction\",\"target\":[\"https:\\\/\\\/www.suzuki.ca\\\/fr\\\/produit\\\/2025-gsx-8s\\\/\"]}]},{\"@type\":\"ImageObject\",\"inLanguage\":\"fr-FR\",\"@id\":\"https:\\\/\\\/www.suzuki.ca\\\/fr\\\/produit\\\/2025-gsx-8s\\\/#primaryimage\",\"url\":\"https:\\\/\\\/www.suzuki.ca\\\/wp-content\\\/uploads\\\/GSX800RQM5_CL9_right-scaled.jpg\",\"contentUrl\":\"https:\\\/\\\/www.suzuki.ca\\\/wp-content\\\/uploads\\\/GSX800RQM5_CL9_right-scaled.jpg\",\"width\":2560,\"height\":1707,\"caption\":\"Metallic Mat Black No. 2 \\\/ Metallic Mat Sword Silver (CL9)\"},{\"@type\":\"BreadcrumbList\",\"@id\":\"https:\\\/\\\/www.suzuki.ca\\\/fr\\\/produit\\\/2025-gsx-8s\\\/#breadcrumb\",\"itemListElement\":[{\"@type\":\"ListItem\",\"position\":1,\"name\":\"Accueil\",\"item\":\"https:\\\/\\\/www.suzuki.ca\\\/fr\\\/\"},{\"@type\":\"ListItem\",\"position\":2,\"name\":\"Products\",\"item\":\"https:\\\/\\\/www.suzuki.ca\\\/shop\\\/\"},{\"@type\":\"ListItem\",\"position\":3,\"name\":\"2025 GSX-8S\"}]},{\"@type\":\"WebSite\",\"@id\":\"https:\\\/\\\/www.suzuki.ca\\\/#website\",\"url\":\"https:\\\/\\\/www.suzuki.ca\\\/\",\"name\":\"Suzuki Canada Inc.\",\"description\":\"The Official Home of Suzuki Canada Motorcycle, ATV, and Marine models and accessories.\",\"publisher\":{\"@id\":\"https:\\\/\\\/www.suzuki.ca\\\/#organization\"},\"potentialAction\":[{\"@type\":\"SearchAction\",\"target\":{\"@type\":\"EntryPoint\",\"urlTemplate\":\"https:\\\/\\\/www.suzuki.ca\\\/?s={search_term_string}\"},\"query-input\":{\"@type\":\"PropertyValueSpecification\",\"valueRequired\":true,\"valueName\":\"search_term_string\"}}],\"inLanguage\":\"fr-FR\"},{\"@type\":\"Organization\",\"@id\":\"https:\\\/\\\/www.suzuki.ca\\\/#organization\",\"name\":\"Suzuki Canada Inc.\",\"url\":\"https:\\\/\\\/www.suzuki.ca\\\/\",\"logo\":{\"@type\":\"ImageObject\",\"inLanguage\":\"fr-FR\",\"@id\":\"https:\\\/\\\/www.suzuki.ca\\\/#\\\/schema\\\/logo\\\/image\\\/\",\"url\":\"https:\\\/\\\/www.suzuki.ca\\\/wp-content\\\/uploads\\\/Suzuki_Logo_Parallelogram.svg\",\"contentUrl\":\"https:\\\/\\\/www.suzuki.ca\\\/wp-content\\\/uploads\\\/Suzuki_Logo_Parallelogram.svg\",\"caption\":\"Suzuki Canada Inc.\"},\"image\":{\"@id\":\"https:\\\/\\\/www.suzuki.ca\\\/#\\\/schema\\\/logo\\\/image\\\/\"}}]}<\/script>\n<!-- \/ Yoast SEO plugin. -->","yoast_head_json":{"title":"2025 GSX-8S - Suzuki Canada Inc.","description":"La GSX-8S est une machine de combat de rue nue et fra\u00eeche qui est destin\u00e9e \u00e0 \u00e9tablir une nouvelle norme en mati\u00e8re de maniabilit\u00e9 et de performances.","robots":{"index":"index","follow":"follow","max-snippet":"max-snippet:-1","max-image-preview":"max-image-preview:large","max-video-preview":"max-video-preview:-1"},"canonical":"https:\/\/www.suzuki.ca\/fr\/produit\/2025-gsx-8s\/","og_locale":"fr_FR","og_type":"article","og_title":"2025 GSX-8S - Suzuki Canada Inc.","og_description":"La GSX-8S est une machine de combat de rue nue et fra\u00eeche qui est destin\u00e9e \u00e0 \u00e9tablir une nouvelle norme en mati\u00e8re de maniabilit\u00e9 et de performances.","og_url":"https:\/\/www.suzuki.ca\/fr\/produit\/2025-gsx-8s\/","og_site_name":"Suzuki Canada Inc.","article_modified_time":"2026-03-30T20:28:14+00:00","og_image":[{"width":2560,"height":1707,"url":"https:\/\/www.suzuki.ca\/wp-content\/uploads\/GSX800RQM5_CL9_right-scaled.jpg","type":"image\/jpeg"}],"twitter_card":"summary_large_image","twitter_misc":{"Est. reading time":"1 minute"},"schema":{"@context":"https:\/\/schema.org","@graph":[{"@type":"WebPage","@id":"https:\/\/www.suzuki.ca\/fr\/produit\/2025-gsx-8s\/","url":"https:\/\/www.suzuki.ca\/fr\/produit\/2025-gsx-8s\/","name":"2025 GSX-8S - Suzuki Canada Inc.","isPartOf":{"@id":"https:\/\/www.suzuki.ca\/#website"},"primaryImageOfPage":{"@id":"https:\/\/www.suzuki.ca\/fr\/produit\/2025-gsx-8s\/#primaryimage"},"image":{"@id":"https:\/\/www.suzuki.ca\/fr\/produit\/2025-gsx-8s\/#primaryimage"},"thumbnailUrl":"https:\/\/www.suzuki.ca\/wp-content\/uploads\/GSX800RQM5_CL9_right-scaled.jpg","datePublished":"2024-09-26T19:19:16+00:00","dateModified":"2026-03-30T20:28:14+00:00","description":"La GSX-8S est une machine de combat de rue nue et fra\u00eeche qui est destin\u00e9e \u00e0 \u00e9tablir une nouvelle norme en mati\u00e8re de maniabilit\u00e9 et de performances.","breadcrumb":{"@id":"https:\/\/www.suzuki.ca\/fr\/produit\/2025-gsx-8s\/#breadcrumb"},"inLanguage":"fr-FR","potentialAction":[{"@type":"ReadAction","target":["https:\/\/www.suzuki.ca\/fr\/produit\/2025-gsx-8s\/"]}]},{"@type":"ImageObject","inLanguage":"fr-FR","@id":"https:\/\/www.suzuki.ca\/fr\/produit\/2025-gsx-8s\/#primaryimage","url":"https:\/\/www.suzuki.ca\/wp-content\/uploads\/GSX800RQM5_CL9_right-scaled.jpg","contentUrl":"https:\/\/www.suzuki.ca\/wp-content\/uploads\/GSX800RQM5_CL9_right-scaled.jpg","width":2560,"height":1707,"caption":"Metallic Mat Black No. 2 \/ Metallic Mat Sword Silver (CL9)"},{"@type":"BreadcrumbList","@id":"https:\/\/www.suzuki.ca\/fr\/produit\/2025-gsx-8s\/#breadcrumb","itemListElement":[{"@type":"ListItem","position":1,"name":"Accueil","item":"https:\/\/www.suzuki.ca\/fr\/"},{"@type":"ListItem","position":2,"name":"Products","item":"https:\/\/www.suzuki.ca\/shop\/"},{"@type":"ListItem","position":3,"name":"2025 GSX-8S"}]},{"@type":"WebSite","@id":"https:\/\/www.suzuki.ca\/#website","url":"https:\/\/www.suzuki.ca\/","name":"Suzuki Canada Inc.","description":"The Official Home of Suzuki Canada Motorcycle, ATV, and Marine models and accessories.","publisher":{"@id":"https:\/\/www.suzuki.ca\/#organization"},"potentialAction":[{"@type":"SearchAction","target":{"@type":"EntryPoint","urlTemplate":"https:\/\/www.suzuki.ca\/?s={search_term_string}"},"query-input":{"@type":"PropertyValueSpecification","valueRequired":true,"valueName":"search_term_string"}}],"inLanguage":"fr-FR"},{"@type":"Organization","@id":"https:\/\/www.suzuki.ca\/#organization","name":"Suzuki Canada Inc.","url":"https:\/\/www.suzuki.ca\/","logo":{"@type":"ImageObject","inLanguage":"fr-FR","@id":"https:\/\/www.suzuki.ca\/#\/schema\/logo\/image\/","url":"https:\/\/www.suzuki.ca\/wp-content\/uploads\/Suzuki_Logo_Parallelogram.svg","contentUrl":"https:\/\/www.suzuki.ca\/wp-content\/uploads\/Suzuki_Logo_Parallelogram.svg","caption":"Suzuki Canada Inc."},"image":{"@id":"https:\/\/www.suzuki.ca\/#\/schema\/logo\/image\/"}}]}},"_links":{"self":[{"href":"https:\/\/www.suzuki.ca\/fr\/wp-json\/wp\/v2\/product\/57337","targetHints":{"allow":["GET"]}}],"collection":[{"href":"https:\/\/www.suzuki.ca\/fr\/wp-json\/wp\/v2\/product"}],"about":[{"href":"https:\/\/www.suzuki.ca\/fr\/wp-json\/wp\/v2\/types\/product"}],"wp:featuredmedia":[{"embeddable":true,"href":"https:\/\/www.suzuki.ca\/fr\/wp-json\/wp\/v2\/media\/57916"}],"wp:attachment":[{"href":"https:\/\/www.suzuki.ca\/fr\/wp-json\/wp\/v2\/media?parent=57337"}],"wp:term":[{"taxonomy":"product_brand","embeddable":true,"href":"https:\/\/www.suzuki.ca\/fr\/wp-json\/wp\/v2\/product_brand?post=57337"},{"taxonomy":"product_cat","embeddable":true,"href":"https:\/\/www.suzuki.ca\/fr\/wp-json\/wp\/v2\/product_cat?post=57337"},{"taxonomy":"product_tag","embeddable":true,"href":"https:\/\/www.suzuki.ca\/fr\/wp-json\/wp\/v2\/product_tag?post=57337"}],"curies":[{"name":"wp","href":"https:\/\/api.w.org\/{rel}","templated":true}]}}