{"id":60299,"date":"2025-01-14T13:43:17","date_gmt":"2025-01-14T18:43:17","guid":{"rendered":"https:\/\/www.suzuki.ca\/?post_type=product&#038;p=60299"},"modified":"2026-04-08T12:12:19","modified_gmt":"2026-04-08T16:12:19","slug":"couvercle-anti-eclaboussures-df115a-140a","status":"publish","type":"product","link":"https:\/\/www.suzuki.ca\/fr\/produit\/couvercle-anti-eclaboussures-df115a-140a\/","title":{"rendered":"Couvercle anti-\u00e9claboussures DF115A\/140A"},"content":{"rendered":"<p>Prot\u00e9gez votre moteur hors-bord avec des housses anti-\u00e9claboussures ventil\u00e9es Suzuki sur mesure, con\u00e7ues pour prot\u00e9ger le capot et les autocollants de votre moteur du soleil, des embruns, du sel, des oiseaux, des hame\u00e7ons errants et plus encore. Ces housses aident \u00e0 pr\u00e9server la finition d&#8217;usine, m\u00eame lorsque le moteur tourne.<\/p>\n<p><strong>Fabriqu\u00e9es en tissu Polysoft II<\/strong>, ces housses offrent l&#8217;\u00e9quilibre parfait entre protection et respirabilit\u00e9. Le tissu est :<\/p>\n<ul>\n<li><strong>95 % imperm\u00e9able<\/strong> pour emp\u00eacher l&#8217;eau et les embruns sal\u00e9s de p\u00e9n\u00e9trer.<\/li>\n<li><strong>5 % respirant<\/strong> pour garantir que l&#8217;humidit\u00e9 ne reste pas emprisonn\u00e9e en dessous.<\/li>\n<\/ul>\n<p><strong>Caract\u00e9ristiques principales :<\/strong><\/p>\n<ul>\n<li><strong>Tissu Polysoft II de qualit\u00e9<\/strong> marine qui r\u00e9siste \u00e0 la d\u00e9coloration et \u00e0 la pourriture caus\u00e9es par les UV.<\/li>\n<li><strong>Doublure douce et non tiss\u00e9e<\/strong> pour \u00e9viter les \u00e9raflures ou les dommages \u00e0 votre capot.<\/li>\n<li><strong>Facile \u00e0 nettoyer<\/strong> et con\u00e7u pour faire ressortir votre moteur.<\/li>\n<\/ul>\n<p><strong>Tous les capots de moteur pour 150 ch<\/strong> et plus pr\u00e9sentent des <strong>graphismes gris<\/strong>, tandis que <strong>les capots pour 140 ch et moins<\/strong> (y compris le <strong>sac de transport DF4\/6)<\/strong> sont dot\u00e9s de <strong>graphismes rouges<\/strong>.<\/p>\n<p>Offrez \u00e0 votre moteur la protection qu&#8217;il m\u00e9rite avec les protections anti-\u00e9claboussures ventil\u00e9es Suzuki, une solution durable et \u00e9l\u00e9gante qui fait tourner les t\u00eates sur l&#8217;eau !<\/p>\n<article class=\"text-token-text-primary w-full focus:outline-none scroll-mt-[calc(var(--header-height)+min(200px,max(70px,20svh)))]\" dir=\"auto\" tabindex=\"-1\" data-turn-id=\"request-68c315dd-aa74-8327-b0ef-2dc777e9f21b-0\" data-testid=\"conversation-turn-56\" data-scroll-anchor=\"true\" data-turn=\"assistant\">\n<div class=\"text-base my-auto mx-auto pb-10 [--thread-content-margin:--spacing(4)] thread-sm:[--thread-content-margin:--spacing(6)] thread-lg:[--thread-content-margin:--spacing(16)] px-(--thread-content-margin)\">\n<div class=\"[--thread-content-max-width:40rem] thread-lg:[--thread-content-max-width:48rem] mx-auto max-w-(--thread-content-max-width) flex-1 group\/turn-messages focus-visible:outline-hidden relative flex w-full min-w-0 flex-col agent-turn\" tabindex=\"-1\">\n<div class=\"flex max-w-full flex-col grow\">\n<div class=\"min-h-8 text-message relative flex w-full flex-col items-end gap-2 text-start break-words whitespace-normal [.text-message+&amp;]:mt-5\" dir=\"auto\" data-message-author-role=\"assistant\" data-message-id=\"c517410e-6a93-491f-a58f-072e9e0e7666\" data-message-model-slug=\"gpt-5\">\n<div class=\"flex w-full flex-col gap-1 empty:hidden first:pt-[3px]\">\n<div class=\"markdown prose dark:prose-invert w-full break-words light markdown-new-styling\">\n<p data-start=\"0\" data-end=\"67\" data-is-last-node=\"\" data-is-only-node=\"\"><strong data-start=\"0\" data-end=\"19\" data-is-only-node=\"\">Compatibilit\u00e9 :<\/strong><br data-start=\"19\" data-end=\"22\" \/>DF115A : 2013 &#8211; 2021<br data-start=\"42\" data-end=\"45\" \/>DF140A : 2013 &#8211; 2021<\/p>\n<\/div>\n<\/div>\n<\/div>\n<\/div>\n<\/div>\n<\/div>\n<\/article>\n","protected":false},"excerpt":{"rendered":"<p>\u2026 <a class=\"blog-readmore\" href=\"https:\/\/www.suzuki.ca\/fr\/produit\/couvercle-anti-eclaboussures-df115a-140a\/\">Continuez \u00e0 lire ><\/a><\/p>\n","protected":false},"featured_media":60297,"template":"","meta":{"_acf_changed":false,"site-sidebar-layout":"default","site-content-layout":"default","ast-site-content-layout":"default","site-content-style":"default","site-sidebar-style":"default","ast-global-header-display":"","ast-banner-title-visibility":"","ast-main-header-display":"","ast-hfb-above-header-display":"","ast-hfb-below-header-display":"","ast-hfb-mobile-header-display":"","site-post-title":"","ast-breadcrumbs-content":"","ast-featured-img":"","footer-sml-layout":"","ast-disable-related-posts":"","theme-transparent-header-meta":"default","adv-header-id-meta":"","stick-header-meta":"default","header-above-stick-meta":"","header-main-stick-meta":"","header-below-stick-meta":"","astra-migrate-meta-layouts":"set","ast-page-background-enabled":"default","ast-page-background-meta":{"desktop":{"background-color":"","background-image":"","background-repeat":"repeat","background-position":"center center","background-size":"auto","background-attachment":"scroll","background-type":"","background-media":"","overlay-type":"","overlay-color":"","overlay-opacity":"","overlay-gradient":""},"tablet":{"background-color":"","background-image":"","background-repeat":"repeat","background-position":"center center","background-size":"auto","background-attachment":"scroll","background-type":"","background-media":"","overlay-type":"","overlay-color":"","overlay-opacity":"","overlay-gradient":""},"mobile":{"background-color":"","background-image":"","background-repeat":"repeat","background-position":"center center","background-size":"auto","background-attachment":"scroll","background-type":"","background-media":"","overlay-type":"","overlay-color":"","overlay-opacity":"","overlay-gradient":""}},"ast-content-background-meta":{"desktop":{"background-color":"var(--ast-global-color-5)","background-image":"","background-repeat":"repeat","background-position":"center center","background-size":"auto","background-attachment":"scroll","background-type":"","background-media":"","overlay-type":"","overlay-color":"","overlay-opacity":"","overlay-gradient":""},"tablet":{"background-color":"var(--ast-global-color-5)","background-image":"","background-repeat":"repeat","background-position":"center center","background-size":"auto","background-attachment":"scroll","background-type":"","background-media":"","overlay-type":"","overlay-color":"","overlay-opacity":"","overlay-gradient":""},"mobile":{"background-color":"var(--ast-global-color-5)","background-image":"","background-repeat":"repeat","background-position":"center center","background-size":"auto","background-attachment":"scroll","background-type":"","background-media":"","overlay-type":"","overlay-color":"","overlay-opacity":"","overlay-gradient":""}}},"product_brand":[],"product_cat":[2214,2213],"product_tag":[],"class_list":{"0":"post-60299","1":"product","2":"type-product","3":"status-publish","4":"has-post-thumbnail","6":"product_cat-accessoires-marine","7":"product_cat-magasin-de-marine","8":"pa_item-type-couverts","9":"pa_line-year-5987","10":"pa_line-year-5979","11":"pa_line-year-5983","12":"pa_line-year-5984","13":"pa_line-year-5985","14":"pa_line-year-5980","15":"pa_line-year-5988","16":"pa_line-year-5981","17":"pa_line-year-5982","18":"pa_line-year-5968","19":"pa_line-year-5969","20":"pa_line-year-5970","21":"pa_line-year-5971","22":"pa_line-year-5972","23":"pa_line-year-5973","24":"pa_line-year-5974","25":"pa_line-year-5975","26":"pa_marine-model-df250ap-fr","27":"pa_marine-model-df300-fr","28":"pa_marine-model-df300ap-fr","29":"pa_marine-model-df300b-fr","30":"desktop-align-left","31":"tablet-align-left","32":"mobile-align-left","33":"ast-product-gallery-layout-horizontal","34":"ast-product-gallery-with-no-image","35":"ast-magnify-disabled","36":"ast-product-tabs-layout-horizontal","38":"first","39":"onbackorder","40":"taxable","41":"shipping-taxable","42":"purchasable","43":"product-type-simple"},"acf":[],"yoast_head":"<!-- This site is optimized with the Yoast SEO plugin v27.3 - https:\/\/yoast.com\/product\/yoast-seo-wordpress\/ -->\n<title>Couvercle anti-\u00e9claboussures DF115A\/140A - Suzuki Canada Inc.<\/title>\n<meta name=\"robots\" content=\"index, follow, max-snippet:-1, max-image-preview:large, max-video-preview:-1\" \/>\n<link rel=\"canonical\" href=\"https:\/\/www.suzuki.ca\/fr\/produit\/couvercle-anti-eclaboussures-df115a-140a\/\" \/>\n<meta property=\"og:locale\" content=\"fr_FR\" \/>\n<meta property=\"og:type\" content=\"article\" \/>\n<meta property=\"og:title\" content=\"Couvercle anti-\u00e9claboussures DF115A\/140A - Suzuki Canada Inc.\" \/>\n<meta property=\"og:description\" content=\"\u2026 Continuez \u00e0 lire &gt;\" \/>\n<meta property=\"og:url\" content=\"https:\/\/www.suzuki.ca\/fr\/produit\/couvercle-anti-eclaboussures-df115a-140a\/\" \/>\n<meta property=\"og:site_name\" content=\"Suzuki Canada Inc.\" \/>\n<meta property=\"article:modified_time\" content=\"2026-04-08T16:12:19+00:00\" \/>\n<meta property=\"og:image\" content=\"https:\/\/staging.suzuki.ca\/wp-content\/uploads\/990C0-67001-BLK1.jpg\" \/>\n\t<meta property=\"og:image:width\" content=\"1080\" \/>\n\t<meta property=\"og:image:height\" content=\"1080\" \/>\n\t<meta property=\"og:image:type\" content=\"image\/jpeg\" \/>\n<meta name=\"twitter:card\" content=\"summary_large_image\" \/>\n<meta name=\"twitter:label1\" content=\"Est. reading time\" \/>\n\t<meta name=\"twitter:data1\" content=\"2 minutes\" \/>\n<script type=\"application\/ld+json\" class=\"yoast-schema-graph\">{\"@context\":\"https:\\\/\\\/schema.org\",\"@graph\":[{\"@type\":\"WebPage\",\"@id\":\"https:\\\/\\\/www.suzuki.ca\\\/fr\\\/produit\\\/couvercle-anti-eclaboussures-df115a-140a\\\/\",\"url\":\"https:\\\/\\\/www.suzuki.ca\\\/fr\\\/produit\\\/couvercle-anti-eclaboussures-df115a-140a\\\/\",\"name\":\"Couvercle anti-\u00e9claboussures DF115A\\\/140A - Suzuki Canada Inc.\",\"isPartOf\":{\"@id\":\"https:\\\/\\\/www.suzuki.ca\\\/#website\"},\"primaryImageOfPage\":{\"@id\":\"https:\\\/\\\/www.suzuki.ca\\\/fr\\\/produit\\\/couvercle-anti-eclaboussures-df115a-140a\\\/#primaryimage\"},\"image\":{\"@id\":\"https:\\\/\\\/www.suzuki.ca\\\/fr\\\/produit\\\/couvercle-anti-eclaboussures-df115a-140a\\\/#primaryimage\"},\"thumbnailUrl\":\"https:\\\/\\\/www.suzuki.ca\\\/wp-content\\\/uploads\\\/990C0-67001-BLK1.jpg\",\"datePublished\":\"2025-01-14T18:43:17+00:00\",\"dateModified\":\"2026-04-08T16:12:19+00:00\",\"breadcrumb\":{\"@id\":\"https:\\\/\\\/www.suzuki.ca\\\/fr\\\/produit\\\/couvercle-anti-eclaboussures-df115a-140a\\\/#breadcrumb\"},\"inLanguage\":\"fr-FR\",\"potentialAction\":[{\"@type\":\"ReadAction\",\"target\":[\"https:\\\/\\\/www.suzuki.ca\\\/fr\\\/produit\\\/couvercle-anti-eclaboussures-df115a-140a\\\/\"]}]},{\"@type\":\"ImageObject\",\"inLanguage\":\"fr-FR\",\"@id\":\"https:\\\/\\\/www.suzuki.ca\\\/fr\\\/produit\\\/couvercle-anti-eclaboussures-df115a-140a\\\/#primaryimage\",\"url\":\"https:\\\/\\\/www.suzuki.ca\\\/wp-content\\\/uploads\\\/990C0-67001-BLK1.jpg\",\"contentUrl\":\"https:\\\/\\\/www.suzuki.ca\\\/wp-content\\\/uploads\\\/990C0-67001-BLK1.jpg\",\"width\":1080,\"height\":1080,\"caption\":\"Splash_Cover\"},{\"@type\":\"BreadcrumbList\",\"@id\":\"https:\\\/\\\/www.suzuki.ca\\\/fr\\\/produit\\\/couvercle-anti-eclaboussures-df115a-140a\\\/#breadcrumb\",\"itemListElement\":[{\"@type\":\"ListItem\",\"position\":1,\"name\":\"Accueil\",\"item\":\"https:\\\/\\\/www.suzuki.ca\\\/fr\\\/\"},{\"@type\":\"ListItem\",\"position\":2,\"name\":\"Products\",\"item\":\"https:\\\/\\\/www.suzuki.ca\\\/shop\\\/\"},{\"@type\":\"ListItem\",\"position\":3,\"name\":\"Couvercle anti-\u00e9claboussures DF115A\\\/140A\"}]},{\"@type\":\"WebSite\",\"@id\":\"https:\\\/\\\/www.suzuki.ca\\\/#website\",\"url\":\"https:\\\/\\\/www.suzuki.ca\\\/\",\"name\":\"Suzuki Canada Inc.\",\"description\":\"The Official Home of Suzuki Canada Motorcycle, ATV, and Marine models and accessories.\",\"publisher\":{\"@id\":\"https:\\\/\\\/www.suzuki.ca\\\/#organization\"},\"potentialAction\":[{\"@type\":\"SearchAction\",\"target\":{\"@type\":\"EntryPoint\",\"urlTemplate\":\"https:\\\/\\\/www.suzuki.ca\\\/?s={search_term_string}\"},\"query-input\":{\"@type\":\"PropertyValueSpecification\",\"valueRequired\":true,\"valueName\":\"search_term_string\"}}],\"inLanguage\":\"fr-FR\"},{\"@type\":\"Organization\",\"@id\":\"https:\\\/\\\/www.suzuki.ca\\\/#organization\",\"name\":\"Suzuki Canada Inc.\",\"url\":\"https:\\\/\\\/www.suzuki.ca\\\/\",\"logo\":{\"@type\":\"ImageObject\",\"inLanguage\":\"fr-FR\",\"@id\":\"https:\\\/\\\/www.suzuki.ca\\\/#\\\/schema\\\/logo\\\/image\\\/\",\"url\":\"https:\\\/\\\/www.suzuki.ca\\\/wp-content\\\/uploads\\\/Suzuki_Logo_Parallelogram.svg\",\"contentUrl\":\"https:\\\/\\\/www.suzuki.ca\\\/wp-content\\\/uploads\\\/Suzuki_Logo_Parallelogram.svg\",\"caption\":\"Suzuki Canada Inc.\"},\"image\":{\"@id\":\"https:\\\/\\\/www.suzuki.ca\\\/#\\\/schema\\\/logo\\\/image\\\/\"}}]}<\/script>\n<!-- \/ Yoast SEO plugin. -->","yoast_head_json":{"title":"Couvercle anti-\u00e9claboussures DF115A\/140A - Suzuki Canada Inc.","robots":{"index":"index","follow":"follow","max-snippet":"max-snippet:-1","max-image-preview":"max-image-preview:large","max-video-preview":"max-video-preview:-1"},"canonical":"https:\/\/www.suzuki.ca\/fr\/produit\/couvercle-anti-eclaboussures-df115a-140a\/","og_locale":"fr_FR","og_type":"article","og_title":"Couvercle anti-\u00e9claboussures DF115A\/140A - Suzuki Canada Inc.","og_description":"\u2026 Continuez \u00e0 lire >","og_url":"https:\/\/www.suzuki.ca\/fr\/produit\/couvercle-anti-eclaboussures-df115a-140a\/","og_site_name":"Suzuki Canada Inc.","article_modified_time":"2026-04-08T16:12:19+00:00","og_image":[{"width":1080,"height":1080,"url":"https:\/\/staging.suzuki.ca\/wp-content\/uploads\/990C0-67001-BLK1.jpg","type":"image\/jpeg"}],"twitter_card":"summary_large_image","twitter_misc":{"Est. reading time":"2 minutes"},"schema":{"@context":"https:\/\/schema.org","@graph":[{"@type":"WebPage","@id":"https:\/\/www.suzuki.ca\/fr\/produit\/couvercle-anti-eclaboussures-df115a-140a\/","url":"https:\/\/www.suzuki.ca\/fr\/produit\/couvercle-anti-eclaboussures-df115a-140a\/","name":"Couvercle anti-\u00e9claboussures DF115A\/140A - Suzuki Canada Inc.","isPartOf":{"@id":"https:\/\/www.suzuki.ca\/#website"},"primaryImageOfPage":{"@id":"https:\/\/www.suzuki.ca\/fr\/produit\/couvercle-anti-eclaboussures-df115a-140a\/#primaryimage"},"image":{"@id":"https:\/\/www.suzuki.ca\/fr\/produit\/couvercle-anti-eclaboussures-df115a-140a\/#primaryimage"},"thumbnailUrl":"https:\/\/www.suzuki.ca\/wp-content\/uploads\/990C0-67001-BLK1.jpg","datePublished":"2025-01-14T18:43:17+00:00","dateModified":"2026-04-08T16:12:19+00:00","breadcrumb":{"@id":"https:\/\/www.suzuki.ca\/fr\/produit\/couvercle-anti-eclaboussures-df115a-140a\/#breadcrumb"},"inLanguage":"fr-FR","potentialAction":[{"@type":"ReadAction","target":["https:\/\/www.suzuki.ca\/fr\/produit\/couvercle-anti-eclaboussures-df115a-140a\/"]}]},{"@type":"ImageObject","inLanguage":"fr-FR","@id":"https:\/\/www.suzuki.ca\/fr\/produit\/couvercle-anti-eclaboussures-df115a-140a\/#primaryimage","url":"https:\/\/www.suzuki.ca\/wp-content\/uploads\/990C0-67001-BLK1.jpg","contentUrl":"https:\/\/www.suzuki.ca\/wp-content\/uploads\/990C0-67001-BLK1.jpg","width":1080,"height":1080,"caption":"Splash_Cover"},{"@type":"BreadcrumbList","@id":"https:\/\/www.suzuki.ca\/fr\/produit\/couvercle-anti-eclaboussures-df115a-140a\/#breadcrumb","itemListElement":[{"@type":"ListItem","position":1,"name":"Accueil","item":"https:\/\/www.suzuki.ca\/fr\/"},{"@type":"ListItem","position":2,"name":"Products","item":"https:\/\/www.suzuki.ca\/shop\/"},{"@type":"ListItem","position":3,"name":"Couvercle anti-\u00e9claboussures DF115A\/140A"}]},{"@type":"WebSite","@id":"https:\/\/www.suzuki.ca\/#website","url":"https:\/\/www.suzuki.ca\/","name":"Suzuki Canada Inc.","description":"The Official Home of Suzuki Canada Motorcycle, ATV, and Marine models and accessories.","publisher":{"@id":"https:\/\/www.suzuki.ca\/#organization"},"potentialAction":[{"@type":"SearchAction","target":{"@type":"EntryPoint","urlTemplate":"https:\/\/www.suzuki.ca\/?s={search_term_string}"},"query-input":{"@type":"PropertyValueSpecification","valueRequired":true,"valueName":"search_term_string"}}],"inLanguage":"fr-FR"},{"@type":"Organization","@id":"https:\/\/www.suzuki.ca\/#organization","name":"Suzuki Canada Inc.","url":"https:\/\/www.suzuki.ca\/","logo":{"@type":"ImageObject","inLanguage":"fr-FR","@id":"https:\/\/www.suzuki.ca\/#\/schema\/logo\/image\/","url":"https:\/\/www.suzuki.ca\/wp-content\/uploads\/Suzuki_Logo_Parallelogram.svg","contentUrl":"https:\/\/www.suzuki.ca\/wp-content\/uploads\/Suzuki_Logo_Parallelogram.svg","caption":"Suzuki Canada Inc."},"image":{"@id":"https:\/\/www.suzuki.ca\/#\/schema\/logo\/image\/"}}]}},"_links":{"self":[{"href":"https:\/\/www.suzuki.ca\/fr\/wp-json\/wp\/v2\/product\/60299","targetHints":{"allow":["GET"]}}],"collection":[{"href":"https:\/\/www.suzuki.ca\/fr\/wp-json\/wp\/v2\/product"}],"about":[{"href":"https:\/\/www.suzuki.ca\/fr\/wp-json\/wp\/v2\/types\/product"}],"wp:featuredmedia":[{"embeddable":true,"href":"https:\/\/www.suzuki.ca\/fr\/wp-json\/wp\/v2\/media\/60297"}],"wp:attachment":[{"href":"https:\/\/www.suzuki.ca\/fr\/wp-json\/wp\/v2\/media?parent=60299"}],"wp:term":[{"taxonomy":"product_brand","embeddable":true,"href":"https:\/\/www.suzuki.ca\/fr\/wp-json\/wp\/v2\/product_brand?post=60299"},{"taxonomy":"product_cat","embeddable":true,"href":"https:\/\/www.suzuki.ca\/fr\/wp-json\/wp\/v2\/product_cat?post=60299"},{"taxonomy":"product_tag","embeddable":true,"href":"https:\/\/www.suzuki.ca\/fr\/wp-json\/wp\/v2\/product_tag?post=60299"}],"curies":[{"name":"wp","href":"https:\/\/api.w.org\/{rel}","templated":true}]}}