{"id":60305,"date":"2025-01-14T13:55:20","date_gmt":"2025-01-14T18:55:21","guid":{"rendered":"https:\/\/www.suzuki.ca\/?post_type=product&#038;p=60305"},"modified":"2026-04-01T12:30:08","modified_gmt":"2026-04-01T16:30:08","slug":"protection-anti-eclaboussures-df350a-noir","status":"publish","type":"product","link":"https:\/\/www.suzuki.ca\/fr\/produit\/protection-anti-eclaboussures-df350a-noir\/","title":{"rendered":"Protection anti-\u00e9claboussures DF350A Noir"},"content":{"rendered":"<p>Prot\u00e9gez votre moteur hors-bord avec des housses anti-\u00e9claboussures ventil\u00e9es Suzuki sur mesure, con\u00e7ues pour prot\u00e9ger le capot et les autocollants de votre moteur du soleil, des embruns, du sel, des oiseaux, des hame\u00e7ons errants et plus encore. Ces housses aident \u00e0 pr\u00e9server la finition d&#8217;usine, m\u00eame lorsque le moteur tourne.<\/p>\n<p><strong>Fabriqu\u00e9es en tissu Polysoft II<\/strong>, ces housses offrent l&#8217;\u00e9quilibre parfait entre protection et respirabilit\u00e9. Le tissu est :<\/p>\n<ul>\n<li><strong>95 % imperm\u00e9able<\/strong> pour emp\u00eacher l&#8217;eau et les embruns sal\u00e9s de p\u00e9n\u00e9trer.<\/li>\n<li><strong>5 % respirant<\/strong> pour garantir que l&#8217;humidit\u00e9 ne reste pas emprisonn\u00e9e en dessous.<\/li>\n<\/ul>\n<p><strong>Caract\u00e9ristiques principales :<\/strong><\/p>\n<ul>\n<li><strong>Tissu Polysoft II de qualit\u00e9<\/strong> marine qui r\u00e9siste \u00e0 la d\u00e9coloration et \u00e0 la pourriture caus\u00e9es par les UV.<\/li>\n<li><strong>Doublure douce et non tiss\u00e9e<\/strong> pour \u00e9viter les \u00e9raflures ou les dommages \u00e0 votre capot.<\/li>\n<li><strong>Facile \u00e0 nettoyer<\/strong> et con\u00e7u pour faire ressortir votre moteur.<\/li>\n<\/ul>\n<p><strong>Tous les capots de moteur pour 150 ch<\/strong> et plus pr\u00e9sentent des <strong>graphismes gris<\/strong>, tandis que <strong>les capots pour 140 ch et moins<\/strong> (y compris le <strong>sac de transport DF4\/6)<\/strong> sont dot\u00e9s de <strong>graphismes rouges<\/strong>.<\/p>\n<p>Offrez \u00e0 votre moteur la protection qu&#8217;il m\u00e9rite avec les protections anti-\u00e9claboussures ventil\u00e9es Suzuki, une solution durable et \u00e9l\u00e9gante qui fait tourner les t\u00eates sur l&#8217;eau !<\/p>\n<p><strong data-start=\"0\" data-end=\"19\" data-is-only-node=\"\">Compatibilit\u00e9 :<\/strong><br data-start=\"19\" data-end=\"22\" \/>DF350A : 2018 &#8211; 2026<\/p>\n","protected":false},"excerpt":{"rendered":"<p>\u2026 <a class=\"blog-readmore\" href=\"https:\/\/www.suzuki.ca\/fr\/produit\/protection-anti-eclaboussures-df350a-noir\/\">Continuez \u00e0 lire ><\/a><\/p>\n","protected":false},"featured_media":60307,"template":"","meta":{"_acf_changed":false,"site-sidebar-layout":"default","site-content-layout":"default","ast-site-content-layout":"default","site-content-style":"default","site-sidebar-style":"default","ast-global-header-display":"","ast-banner-title-visibility":"","ast-main-header-display":"","ast-hfb-above-header-display":"","ast-hfb-below-header-display":"","ast-hfb-mobile-header-display":"","site-post-title":"","ast-breadcrumbs-content":"","ast-featured-img":"","footer-sml-layout":"","ast-disable-related-posts":"","theme-transparent-header-meta":"default","adv-header-id-meta":"","stick-header-meta":"default","header-above-stick-meta":"","header-main-stick-meta":"","header-below-stick-meta":"","astra-migrate-meta-layouts":"set","ast-page-background-enabled":"default","ast-page-background-meta":{"desktop":{"background-color":"","background-image":"","background-repeat":"repeat","background-position":"center center","background-size":"auto","background-attachment":"scroll","background-type":"","background-media":"","overlay-type":"","overlay-color":"","overlay-opacity":"","overlay-gradient":""},"tablet":{"background-color":"","background-image":"","background-repeat":"repeat","background-position":"center center","background-size":"auto","background-attachment":"scroll","background-type":"","background-media":"","overlay-type":"","overlay-color":"","overlay-opacity":"","overlay-gradient":""},"mobile":{"background-color":"","background-image":"","background-repeat":"repeat","background-position":"center center","background-size":"auto","background-attachment":"scroll","background-type":"","background-media":"","overlay-type":"","overlay-color":"","overlay-opacity":"","overlay-gradient":""}},"ast-content-background-meta":{"desktop":{"background-color":"var(--ast-global-color-5)","background-image":"","background-repeat":"repeat","background-position":"center center","background-size":"auto","background-attachment":"scroll","background-type":"","background-media":"","overlay-type":"","overlay-color":"","overlay-opacity":"","overlay-gradient":""},"tablet":{"background-color":"var(--ast-global-color-5)","background-image":"","background-repeat":"repeat","background-position":"center center","background-size":"auto","background-attachment":"scroll","background-type":"","background-media":"","overlay-type":"","overlay-color":"","overlay-opacity":"","overlay-gradient":""},"mobile":{"background-color":"var(--ast-global-color-5)","background-image":"","background-repeat":"repeat","background-position":"center center","background-size":"auto","background-attachment":"scroll","background-type":"","background-media":"","overlay-type":"","overlay-color":"","overlay-opacity":"","overlay-gradient":""}}},"product_brand":[],"product_cat":[2214,2213],"product_tag":[],"class_list":{"0":"post-60305","1":"product","2":"type-product","3":"status-publish","4":"has-post-thumbnail","6":"product_cat-accessoires-marine","7":"product_cat-magasin-de-marine","8":"pa_item-type-couverts","9":"pa_marine-model-df250ap-fr","10":"pa_marine-model-df300-fr","11":"pa_marine-model-df300ap-fr","12":"pa_marine-model-df300b-fr","13":"desktop-align-left","14":"tablet-align-left","15":"mobile-align-left","16":"ast-product-gallery-layout-horizontal","17":"ast-product-gallery-with-no-image","18":"ast-magnify-disabled","19":"ast-product-tabs-layout-horizontal","21":"first","22":"instock","23":"taxable","24":"shipping-taxable","25":"purchasable","26":"product-type-simple"},"acf":[],"yoast_head":"<!-- This site is optimized with the Yoast SEO plugin v26.9 - https:\/\/yoast.com\/product\/yoast-seo-wordpress\/ -->\n<title>Protection anti-\u00e9claboussures DF350A Noir - Suzuki Canada Inc.<\/title>\n<meta name=\"robots\" content=\"index, follow, max-snippet:-1, max-image-preview:large, max-video-preview:-1\" \/>\n<link rel=\"canonical\" href=\"https:\/\/www.suzuki.ca\/fr\/produit\/protection-anti-eclaboussures-df350a-noir\/\" \/>\n<meta property=\"og:locale\" content=\"fr_FR\" \/>\n<meta property=\"og:type\" content=\"article\" \/>\n<meta property=\"og:title\" content=\"Protection anti-\u00e9claboussures DF350A Noir - Suzuki Canada Inc.\" \/>\n<meta property=\"og:description\" content=\"\u2026 Continuez \u00e0 lire &gt;\" \/>\n<meta property=\"og:url\" content=\"https:\/\/www.suzuki.ca\/fr\/produit\/protection-anti-eclaboussures-df350a-noir\/\" \/>\n<meta property=\"og:site_name\" content=\"Suzuki Canada Inc.\" \/>\n<meta property=\"article:modified_time\" content=\"2026-04-01T16:30:08+00:00\" \/>\n<meta property=\"og:image\" content=\"https:\/\/www.suzuki.ca\/wp-content\/uploads\/990C0-66004-BLK1.jpg\" \/>\n\t<meta property=\"og:image:width\" content=\"1080\" \/>\n\t<meta property=\"og:image:height\" content=\"1080\" \/>\n\t<meta property=\"og:image:type\" content=\"image\/jpeg\" \/>\n<meta name=\"twitter:card\" content=\"summary_large_image\" \/>\n<meta name=\"twitter:label1\" content=\"Est. reading time\" \/>\n\t<meta name=\"twitter:data1\" content=\"2 minutes\" \/>\n<script type=\"application\/ld+json\" class=\"yoast-schema-graph\">{\"@context\":\"https:\/\/schema.org\",\"@graph\":[{\"@type\":\"WebPage\",\"@id\":\"https:\/\/www.suzuki.ca\/fr\/produit\/protection-anti-eclaboussures-df350a-noir\/\",\"url\":\"https:\/\/www.suzuki.ca\/fr\/produit\/protection-anti-eclaboussures-df350a-noir\/\",\"name\":\"Protection anti-\u00e9claboussures DF350A Noir - Suzuki Canada Inc.\",\"isPartOf\":{\"@id\":\"https:\/\/www.suzuki.ca\/#website\"},\"primaryImageOfPage\":{\"@id\":\"https:\/\/www.suzuki.ca\/fr\/produit\/protection-anti-eclaboussures-df350a-noir\/#primaryimage\"},\"image\":{\"@id\":\"https:\/\/www.suzuki.ca\/fr\/produit\/protection-anti-eclaboussures-df350a-noir\/#primaryimage\"},\"thumbnailUrl\":\"https:\/\/www.suzuki.ca\/wp-content\/uploads\/990C0-66004-BLK1.jpg\",\"datePublished\":\"2025-01-14T18:55:21+00:00\",\"dateModified\":\"2026-04-01T16:30:08+00:00\",\"breadcrumb\":{\"@id\":\"https:\/\/www.suzuki.ca\/fr\/produit\/protection-anti-eclaboussures-df350a-noir\/#breadcrumb\"},\"inLanguage\":\"fr-FR\",\"potentialAction\":[{\"@type\":\"ReadAction\",\"target\":[\"https:\/\/www.suzuki.ca\/fr\/produit\/protection-anti-eclaboussures-df350a-noir\/\"]}]},{\"@type\":\"ImageObject\",\"inLanguage\":\"fr-FR\",\"@id\":\"https:\/\/www.suzuki.ca\/fr\/produit\/protection-anti-eclaboussures-df350a-noir\/#primaryimage\",\"url\":\"https:\/\/www.suzuki.ca\/wp-content\/uploads\/990C0-66004-BLK1.jpg\",\"contentUrl\":\"https:\/\/www.suzuki.ca\/wp-content\/uploads\/990C0-66004-BLK1.jpg\",\"width\":1080,\"height\":1080,\"caption\":\"Splash_Cover\"},{\"@type\":\"BreadcrumbList\",\"@id\":\"https:\/\/www.suzuki.ca\/fr\/produit\/protection-anti-eclaboussures-df350a-noir\/#breadcrumb\",\"itemListElement\":[{\"@type\":\"ListItem\",\"position\":1,\"name\":\"Accueil\",\"item\":\"https:\/\/www.suzuki.ca\/fr\/\"},{\"@type\":\"ListItem\",\"position\":2,\"name\":\"Products\",\"item\":\"https:\/\/www.suzuki.ca\/shop\/\"},{\"@type\":\"ListItem\",\"position\":3,\"name\":\"Protection anti-\u00e9claboussures DF350A Noir\"}]},{\"@type\":\"WebSite\",\"@id\":\"https:\/\/www.suzuki.ca\/#website\",\"url\":\"https:\/\/www.suzuki.ca\/\",\"name\":\"Suzuki Canada Inc.\",\"description\":\"The Official Home of Suzuki Canada Motorcycle, ATV, and Marine models and accessories.\",\"publisher\":{\"@id\":\"https:\/\/www.suzuki.ca\/#organization\"},\"potentialAction\":[{\"@type\":\"SearchAction\",\"target\":{\"@type\":\"EntryPoint\",\"urlTemplate\":\"https:\/\/www.suzuki.ca\/?s={search_term_string}\"},\"query-input\":{\"@type\":\"PropertyValueSpecification\",\"valueRequired\":true,\"valueName\":\"search_term_string\"}}],\"inLanguage\":\"fr-FR\"},{\"@type\":\"Organization\",\"@id\":\"https:\/\/www.suzuki.ca\/#organization\",\"name\":\"Suzuki Canada Inc.\",\"url\":\"https:\/\/www.suzuki.ca\/\",\"logo\":{\"@type\":\"ImageObject\",\"inLanguage\":\"fr-FR\",\"@id\":\"https:\/\/www.suzuki.ca\/#\/schema\/logo\/image\/\",\"url\":\"https:\/\/www.suzuki.ca\/wp-content\/uploads\/Suzuki_Logo_Parallelogram.svg\",\"contentUrl\":\"https:\/\/www.suzuki.ca\/wp-content\/uploads\/Suzuki_Logo_Parallelogram.svg\",\"caption\":\"Suzuki Canada Inc.\"},\"image\":{\"@id\":\"https:\/\/www.suzuki.ca\/#\/schema\/logo\/image\/\"}}]}<\/script>\n<!-- \/ Yoast SEO plugin. -->","yoast_head_json":{"title":"Protection anti-\u00e9claboussures DF350A Noir - Suzuki Canada Inc.","robots":{"index":"index","follow":"follow","max-snippet":"max-snippet:-1","max-image-preview":"max-image-preview:large","max-video-preview":"max-video-preview:-1"},"canonical":"https:\/\/www.suzuki.ca\/fr\/produit\/protection-anti-eclaboussures-df350a-noir\/","og_locale":"fr_FR","og_type":"article","og_title":"Protection anti-\u00e9claboussures DF350A Noir - Suzuki Canada Inc.","og_description":"\u2026 Continuez \u00e0 lire >","og_url":"https:\/\/www.suzuki.ca\/fr\/produit\/protection-anti-eclaboussures-df350a-noir\/","og_site_name":"Suzuki Canada Inc.","article_modified_time":"2026-04-01T16:30:08+00:00","og_image":[{"width":1080,"height":1080,"url":"https:\/\/www.suzuki.ca\/wp-content\/uploads\/990C0-66004-BLK1.jpg","type":"image\/jpeg"}],"twitter_card":"summary_large_image","twitter_misc":{"Est. reading time":"2 minutes"},"schema":{"@context":"https:\/\/schema.org","@graph":[{"@type":"WebPage","@id":"https:\/\/www.suzuki.ca\/fr\/produit\/protection-anti-eclaboussures-df350a-noir\/","url":"https:\/\/www.suzuki.ca\/fr\/produit\/protection-anti-eclaboussures-df350a-noir\/","name":"Protection anti-\u00e9claboussures DF350A Noir - Suzuki Canada Inc.","isPartOf":{"@id":"https:\/\/www.suzuki.ca\/#website"},"primaryImageOfPage":{"@id":"https:\/\/www.suzuki.ca\/fr\/produit\/protection-anti-eclaboussures-df350a-noir\/#primaryimage"},"image":{"@id":"https:\/\/www.suzuki.ca\/fr\/produit\/protection-anti-eclaboussures-df350a-noir\/#primaryimage"},"thumbnailUrl":"https:\/\/www.suzuki.ca\/wp-content\/uploads\/990C0-66004-BLK1.jpg","datePublished":"2025-01-14T18:55:21+00:00","dateModified":"2026-04-01T16:30:08+00:00","breadcrumb":{"@id":"https:\/\/www.suzuki.ca\/fr\/produit\/protection-anti-eclaboussures-df350a-noir\/#breadcrumb"},"inLanguage":"fr-FR","potentialAction":[{"@type":"ReadAction","target":["https:\/\/www.suzuki.ca\/fr\/produit\/protection-anti-eclaboussures-df350a-noir\/"]}]},{"@type":"ImageObject","inLanguage":"fr-FR","@id":"https:\/\/www.suzuki.ca\/fr\/produit\/protection-anti-eclaboussures-df350a-noir\/#primaryimage","url":"https:\/\/www.suzuki.ca\/wp-content\/uploads\/990C0-66004-BLK1.jpg","contentUrl":"https:\/\/www.suzuki.ca\/wp-content\/uploads\/990C0-66004-BLK1.jpg","width":1080,"height":1080,"caption":"Splash_Cover"},{"@type":"BreadcrumbList","@id":"https:\/\/www.suzuki.ca\/fr\/produit\/protection-anti-eclaboussures-df350a-noir\/#breadcrumb","itemListElement":[{"@type":"ListItem","position":1,"name":"Accueil","item":"https:\/\/www.suzuki.ca\/fr\/"},{"@type":"ListItem","position":2,"name":"Products","item":"https:\/\/www.suzuki.ca\/shop\/"},{"@type":"ListItem","position":3,"name":"Protection anti-\u00e9claboussures DF350A Noir"}]},{"@type":"WebSite","@id":"https:\/\/www.suzuki.ca\/#website","url":"https:\/\/www.suzuki.ca\/","name":"Suzuki Canada Inc.","description":"The Official Home of Suzuki Canada Motorcycle, ATV, and Marine models and accessories.","publisher":{"@id":"https:\/\/www.suzuki.ca\/#organization"},"potentialAction":[{"@type":"SearchAction","target":{"@type":"EntryPoint","urlTemplate":"https:\/\/www.suzuki.ca\/?s={search_term_string}"},"query-input":{"@type":"PropertyValueSpecification","valueRequired":true,"valueName":"search_term_string"}}],"inLanguage":"fr-FR"},{"@type":"Organization","@id":"https:\/\/www.suzuki.ca\/#organization","name":"Suzuki Canada Inc.","url":"https:\/\/www.suzuki.ca\/","logo":{"@type":"ImageObject","inLanguage":"fr-FR","@id":"https:\/\/www.suzuki.ca\/#\/schema\/logo\/image\/","url":"https:\/\/www.suzuki.ca\/wp-content\/uploads\/Suzuki_Logo_Parallelogram.svg","contentUrl":"https:\/\/www.suzuki.ca\/wp-content\/uploads\/Suzuki_Logo_Parallelogram.svg","caption":"Suzuki Canada Inc."},"image":{"@id":"https:\/\/www.suzuki.ca\/#\/schema\/logo\/image\/"}}]}},"_links":{"self":[{"href":"https:\/\/www.suzuki.ca\/fr\/wp-json\/wp\/v2\/product\/60305","targetHints":{"allow":["GET"]}}],"collection":[{"href":"https:\/\/www.suzuki.ca\/fr\/wp-json\/wp\/v2\/product"}],"about":[{"href":"https:\/\/www.suzuki.ca\/fr\/wp-json\/wp\/v2\/types\/product"}],"wp:featuredmedia":[{"embeddable":true,"href":"https:\/\/www.suzuki.ca\/fr\/wp-json\/wp\/v2\/media\/60307"}],"wp:attachment":[{"href":"https:\/\/www.suzuki.ca\/fr\/wp-json\/wp\/v2\/media?parent=60305"}],"wp:term":[{"taxonomy":"product_brand","embeddable":true,"href":"https:\/\/www.suzuki.ca\/fr\/wp-json\/wp\/v2\/product_brand?post=60305"},{"taxonomy":"product_cat","embeddable":true,"href":"https:\/\/www.suzuki.ca\/fr\/wp-json\/wp\/v2\/product_cat?post=60305"},{"taxonomy":"product_tag","embeddable":true,"href":"https:\/\/www.suzuki.ca\/fr\/wp-json\/wp\/v2\/product_tag?post=60305"}],"curies":[{"name":"wp","href":"https:\/\/api.w.org\/{rel}","templated":true}]}}