{"id":61652,"date":"2025-04-08T10:45:43","date_gmt":"2025-04-08T14:45:45","guid":{"rendered":"https:\/\/www.suzuki.ca\/?post_type=product&#038;p=61652"},"modified":"2026-04-11T20:27:22","modified_gmt":"2026-04-12T00:27:22","slug":"gobelet-chilly-moose-noir-590-ml-marine","status":"publish","type":"product","link":"https:\/\/www.suzuki.ca\/fr\/produit\/gobelet-chilly-moose-noir-590-ml-marine\/","title":{"rendered":"Gobelet Chilly Moose noir 590 ml &#8211; Marine"},"content":{"rendered":"<p><strong>Gobelet Chilly Moose 590 ml \u2013 Votre indispensable au quotidien et pour toutes vos aventures<\/strong><\/p>\n<ul>\n<li>Meilleur vendeur et pl\u00e9biscit\u00e9 par nos clients : Des milliers de personnes lui font confiance comme essentiel au quotidien.<\/li>\n<li>Chaud ou froid pendant des heures : Isolation sous vide \u00e0 double paroi pour maintenir la temp\u00e9rature des boissons.<\/li>\n<li>Choix \u00e9cologique : Dites adieu aux gobelets jetables : r\u00e9utilisables et durables.<\/li>\n<li>Durable et portable : Con\u00e7u pour r\u00e9sister aux d\u00e9placements, du bureau \u00e0 l\u2019ext\u00e9rieur.<\/li>\n<li>Couvercle anti-fuites : Le couvercle rabattable pr\u00e9vient les d\u00e9g\u00e2ts (remarque : pas enti\u00e8rement \u00e9tanche ; garder \u00e0 la verticale).<\/li>\n<li>Facile \u00e0 nettoyer : Sa conception simple facilite l\u2019entretien.<\/li>\n<li>\u00c9l\u00e9gant et styl\u00e9 : Un style minimaliste qui s\u2019int\u00e8gre parfaitement \u00e0 votre style de vie.<\/li>\n<li>Format confortable de 590 ml : Parfait pour le caf\u00e9, le th\u00e9, l\u2019eau, les smoothies et plus encore.<\/li>\n<\/ul>\n<p><strong>Con\u00e7u au Canada, fabriqu\u00e9 de mani\u00e8re responsable en Chine.<\/strong><\/p>\n<p><strong>Lavage \u00e0 la main recommand\u00e9 pour pr\u00e9server le fini et la long\u00e9vit\u00e9.<\/strong><\/p>\n<p><strong>Veuillez noter :<\/strong> Cet article est en liquidation et aucun retour ni remboursement ne sera accept\u00e9. La vente est finale.<\/p>\n","protected":false},"excerpt":{"rendered":"<p>\u2026 <a class=\"blog-readmore\" href=\"https:\/\/www.suzuki.ca\/fr\/produit\/gobelet-chilly-moose-noir-590-ml-marine\/\">Continuez \u00e0 lire ><\/a><\/p>\n","protected":false},"featured_media":61654,"template":"","meta":{"_acf_changed":false,"site-sidebar-layout":"no-sidebar","site-content-layout":"default","ast-site-content-layout":"default","site-content-style":"default","site-sidebar-style":"default","ast-global-header-display":"","ast-banner-title-visibility":"","ast-main-header-display":"","ast-hfb-above-header-display":"","ast-hfb-below-header-display":"","ast-hfb-mobile-header-display":"","site-post-title":"","ast-breadcrumbs-content":"","ast-featured-img":"","footer-sml-layout":"","ast-disable-related-posts":"","theme-transparent-header-meta":"default","adv-header-id-meta":"","stick-header-meta":"default","header-above-stick-meta":"","header-main-stick-meta":"","header-below-stick-meta":"","astra-migrate-meta-layouts":"set","ast-page-background-enabled":"default","ast-page-background-meta":{"desktop":{"background-color":"","background-image":"","background-repeat":"repeat","background-position":"center center","background-size":"auto","background-attachment":"scroll","background-type":"","background-media":"","overlay-type":"","overlay-color":"","overlay-opacity":"","overlay-gradient":""},"tablet":{"background-color":"","background-image":"","background-repeat":"repeat","background-position":"center center","background-size":"auto","background-attachment":"scroll","background-type":"","background-media":"","overlay-type":"","overlay-color":"","overlay-opacity":"","overlay-gradient":""},"mobile":{"background-color":"","background-image":"","background-repeat":"repeat","background-position":"center center","background-size":"auto","background-attachment":"scroll","background-type":"","background-media":"","overlay-type":"","overlay-color":"","overlay-opacity":"","overlay-gradient":""}},"ast-content-background-meta":{"desktop":{"background-color":"var(--ast-global-color-5)","background-image":"","background-repeat":"repeat","background-position":"center center","background-size":"auto","background-attachment":"scroll","background-type":"","background-media":"","overlay-type":"","overlay-color":"","overlay-opacity":"","overlay-gradient":""},"tablet":{"background-color":"var(--ast-global-color-5)","background-image":"","background-repeat":"repeat","background-position":"center center","background-size":"auto","background-attachment":"scroll","background-type":"","background-media":"","overlay-type":"","overlay-color":"","overlay-opacity":"","overlay-gradient":""},"mobile":{"background-color":"var(--ast-global-color-5)","background-image":"","background-repeat":"repeat","background-position":"center center","background-size":"auto","background-attachment":"scroll","background-type":"","background-media":"","overlay-type":"","overlay-color":"","overlay-opacity":"","overlay-gradient":""}}},"product_brand":[],"product_cat":[145],"product_tag":[],"class_list":{"0":"post-61652","1":"product","2":"type-product","3":"status-publish","4":"has-post-thumbnail","6":"product_cat-cadeaux-et-objects-de-collection","7":"pa_item-type-vente-de-liquidation","8":"pa_item-type-cadeaux-et-articles-de-collection","9":"pa_line-year-5989","10":"pa_line-year-5978","11":"pa_line-year-5986","12":"pa_line-year-5987","13":"pa_line-year-5979","14":"pa_line-year-5983","15":"pa_line-year-5984","16":"pa_line-year-5985","17":"pa_line-year-5980","18":"pa_line-year-5988","19":"pa_line-year-5981","20":"pa_line-year-5982","21":"pa_line-year-5968","22":"pa_line-year-5969","23":"pa_line-year-5970","24":"pa_line-year-5971","25":"pa_line-year-5972","26":"pa_line-year-5973","27":"pa_line-year-5974","28":"pa_line-year-5975","29":"desktop-align-left","30":"tablet-align-left","31":"mobile-align-left","32":"ast-product-gallery-layout-horizontal","33":"ast-product-gallery-with-no-image","34":"ast-magnify-disabled","35":"ast-product-tabs-layout-horizontal","37":"first","38":"instock","39":"sale","40":"taxable","41":"shipping-taxable","42":"purchasable","43":"product-type-simple"},"acf":[],"yoast_head":"<!-- This site is optimized with the Yoast SEO plugin v27.3 - https:\/\/yoast.com\/product\/yoast-seo-wordpress\/ -->\n<title>Gobelet Chilly Moose noir 590 ml - Marine - Suzuki Canada Inc.<\/title>\n<meta name=\"robots\" content=\"index, follow, max-snippet:-1, max-image-preview:large, max-video-preview:-1\" \/>\n<link rel=\"canonical\" href=\"https:\/\/www.suzuki.ca\/fr\/produit\/gobelet-chilly-moose-noir-590-ml-marine\/\" \/>\n<meta property=\"og:locale\" content=\"fr_FR\" \/>\n<meta property=\"og:type\" content=\"article\" \/>\n<meta property=\"og:title\" content=\"Gobelet Chilly Moose noir 590 ml - Marine - Suzuki Canada Inc.\" \/>\n<meta property=\"og:description\" content=\"\u2026 Continuez \u00e0 lire &gt;\" \/>\n<meta property=\"og:url\" content=\"https:\/\/www.suzuki.ca\/fr\/produit\/gobelet-chilly-moose-noir-590-ml-marine\/\" \/>\n<meta property=\"og:site_name\" content=\"Suzuki Canada Inc.\" \/>\n<meta property=\"article:modified_time\" content=\"2026-04-12T00:27:22+00:00\" \/>\n<meta property=\"og:image\" content=\"https:\/\/staging.suzuki.ca\/wp-content\/uploads\/00CUP-CHLMS-BLK.jpg\" \/>\n\t<meta property=\"og:image:width\" content=\"1080\" \/>\n\t<meta property=\"og:image:height\" content=\"1080\" \/>\n\t<meta property=\"og:image:type\" content=\"image\/jpeg\" \/>\n<meta name=\"twitter:card\" content=\"summary_large_image\" \/>\n<meta name=\"twitter:label1\" content=\"Est. reading time\" \/>\n\t<meta name=\"twitter:data1\" content=\"1 minute\" \/>\n<script type=\"application\/ld+json\" class=\"yoast-schema-graph\">{\"@context\":\"https:\\\/\\\/schema.org\",\"@graph\":[{\"@type\":\"WebPage\",\"@id\":\"https:\\\/\\\/www.suzuki.ca\\\/fr\\\/produit\\\/gobelet-chilly-moose-noir-590-ml-marine\\\/\",\"url\":\"https:\\\/\\\/www.suzuki.ca\\\/fr\\\/produit\\\/gobelet-chilly-moose-noir-590-ml-marine\\\/\",\"name\":\"Gobelet Chilly Moose noir 590 ml - Marine - Suzuki Canada Inc.\",\"isPartOf\":{\"@id\":\"https:\\\/\\\/www.suzuki.ca\\\/#website\"},\"primaryImageOfPage\":{\"@id\":\"https:\\\/\\\/www.suzuki.ca\\\/fr\\\/produit\\\/gobelet-chilly-moose-noir-590-ml-marine\\\/#primaryimage\"},\"image\":{\"@id\":\"https:\\\/\\\/www.suzuki.ca\\\/fr\\\/produit\\\/gobelet-chilly-moose-noir-590-ml-marine\\\/#primaryimage\"},\"thumbnailUrl\":\"https:\\\/\\\/www.suzuki.ca\\\/wp-content\\\/uploads\\\/00CUP-CHLMS-BLK.jpg\",\"datePublished\":\"2025-04-08T14:45:45+00:00\",\"dateModified\":\"2026-04-12T00:27:22+00:00\",\"breadcrumb\":{\"@id\":\"https:\\\/\\\/www.suzuki.ca\\\/fr\\\/produit\\\/gobelet-chilly-moose-noir-590-ml-marine\\\/#breadcrumb\"},\"inLanguage\":\"fr-FR\",\"potentialAction\":[{\"@type\":\"ReadAction\",\"target\":[\"https:\\\/\\\/www.suzuki.ca\\\/fr\\\/produit\\\/gobelet-chilly-moose-noir-590-ml-marine\\\/\"]}]},{\"@type\":\"ImageObject\",\"inLanguage\":\"fr-FR\",\"@id\":\"https:\\\/\\\/www.suzuki.ca\\\/fr\\\/produit\\\/gobelet-chilly-moose-noir-590-ml-marine\\\/#primaryimage\",\"url\":\"https:\\\/\\\/www.suzuki.ca\\\/wp-content\\\/uploads\\\/00CUP-CHLMS-BLK.jpg\",\"contentUrl\":\"https:\\\/\\\/www.suzuki.ca\\\/wp-content\\\/uploads\\\/00CUP-CHLMS-BLK.jpg\",\"width\":1080,\"height\":1080,\"caption\":\"Suzuki_Chilly_Moose_Tumbler\"},{\"@type\":\"BreadcrumbList\",\"@id\":\"https:\\\/\\\/www.suzuki.ca\\\/fr\\\/produit\\\/gobelet-chilly-moose-noir-590-ml-marine\\\/#breadcrumb\",\"itemListElement\":[{\"@type\":\"ListItem\",\"position\":1,\"name\":\"Accueil\",\"item\":\"https:\\\/\\\/www.suzuki.ca\\\/fr\\\/\"},{\"@type\":\"ListItem\",\"position\":2,\"name\":\"Products\",\"item\":\"https:\\\/\\\/www.suzuki.ca\\\/shop\\\/\"},{\"@type\":\"ListItem\",\"position\":3,\"name\":\"Gobelet Chilly Moose noir 590 ml &#8211; Marine\"}]},{\"@type\":\"WebSite\",\"@id\":\"https:\\\/\\\/www.suzuki.ca\\\/#website\",\"url\":\"https:\\\/\\\/www.suzuki.ca\\\/\",\"name\":\"Suzuki Canada Inc.\",\"description\":\"The Official Home of Suzuki Canada Motorcycle, ATV, and Marine models and accessories.\",\"publisher\":{\"@id\":\"https:\\\/\\\/www.suzuki.ca\\\/#organization\"},\"potentialAction\":[{\"@type\":\"SearchAction\",\"target\":{\"@type\":\"EntryPoint\",\"urlTemplate\":\"https:\\\/\\\/www.suzuki.ca\\\/?s={search_term_string}\"},\"query-input\":{\"@type\":\"PropertyValueSpecification\",\"valueRequired\":true,\"valueName\":\"search_term_string\"}}],\"inLanguage\":\"fr-FR\"},{\"@type\":\"Organization\",\"@id\":\"https:\\\/\\\/www.suzuki.ca\\\/#organization\",\"name\":\"Suzuki Canada Inc.\",\"url\":\"https:\\\/\\\/www.suzuki.ca\\\/\",\"logo\":{\"@type\":\"ImageObject\",\"inLanguage\":\"fr-FR\",\"@id\":\"https:\\\/\\\/www.suzuki.ca\\\/#\\\/schema\\\/logo\\\/image\\\/\",\"url\":\"https:\\\/\\\/www.suzuki.ca\\\/wp-content\\\/uploads\\\/Suzuki_Logo_Parallelogram.svg\",\"contentUrl\":\"https:\\\/\\\/www.suzuki.ca\\\/wp-content\\\/uploads\\\/Suzuki_Logo_Parallelogram.svg\",\"caption\":\"Suzuki Canada Inc.\"},\"image\":{\"@id\":\"https:\\\/\\\/www.suzuki.ca\\\/#\\\/schema\\\/logo\\\/image\\\/\"}}]}<\/script>\n<!-- \/ Yoast SEO plugin. -->","yoast_head_json":{"title":"Gobelet Chilly Moose noir 590 ml - Marine - Suzuki Canada Inc.","robots":{"index":"index","follow":"follow","max-snippet":"max-snippet:-1","max-image-preview":"max-image-preview:large","max-video-preview":"max-video-preview:-1"},"canonical":"https:\/\/www.suzuki.ca\/fr\/produit\/gobelet-chilly-moose-noir-590-ml-marine\/","og_locale":"fr_FR","og_type":"article","og_title":"Gobelet Chilly Moose noir 590 ml - Marine - Suzuki Canada Inc.","og_description":"\u2026 Continuez \u00e0 lire >","og_url":"https:\/\/www.suzuki.ca\/fr\/produit\/gobelet-chilly-moose-noir-590-ml-marine\/","og_site_name":"Suzuki Canada Inc.","article_modified_time":"2026-04-12T00:27:22+00:00","og_image":[{"width":1080,"height":1080,"url":"https:\/\/staging.suzuki.ca\/wp-content\/uploads\/00CUP-CHLMS-BLK.jpg","type":"image\/jpeg"}],"twitter_card":"summary_large_image","twitter_misc":{"Est. reading time":"1 minute"},"schema":{"@context":"https:\/\/schema.org","@graph":[{"@type":"WebPage","@id":"https:\/\/www.suzuki.ca\/fr\/produit\/gobelet-chilly-moose-noir-590-ml-marine\/","url":"https:\/\/www.suzuki.ca\/fr\/produit\/gobelet-chilly-moose-noir-590-ml-marine\/","name":"Gobelet Chilly Moose noir 590 ml - Marine - Suzuki Canada Inc.","isPartOf":{"@id":"https:\/\/www.suzuki.ca\/#website"},"primaryImageOfPage":{"@id":"https:\/\/www.suzuki.ca\/fr\/produit\/gobelet-chilly-moose-noir-590-ml-marine\/#primaryimage"},"image":{"@id":"https:\/\/www.suzuki.ca\/fr\/produit\/gobelet-chilly-moose-noir-590-ml-marine\/#primaryimage"},"thumbnailUrl":"https:\/\/www.suzuki.ca\/wp-content\/uploads\/00CUP-CHLMS-BLK.jpg","datePublished":"2025-04-08T14:45:45+00:00","dateModified":"2026-04-12T00:27:22+00:00","breadcrumb":{"@id":"https:\/\/www.suzuki.ca\/fr\/produit\/gobelet-chilly-moose-noir-590-ml-marine\/#breadcrumb"},"inLanguage":"fr-FR","potentialAction":[{"@type":"ReadAction","target":["https:\/\/www.suzuki.ca\/fr\/produit\/gobelet-chilly-moose-noir-590-ml-marine\/"]}]},{"@type":"ImageObject","inLanguage":"fr-FR","@id":"https:\/\/www.suzuki.ca\/fr\/produit\/gobelet-chilly-moose-noir-590-ml-marine\/#primaryimage","url":"https:\/\/www.suzuki.ca\/wp-content\/uploads\/00CUP-CHLMS-BLK.jpg","contentUrl":"https:\/\/www.suzuki.ca\/wp-content\/uploads\/00CUP-CHLMS-BLK.jpg","width":1080,"height":1080,"caption":"Suzuki_Chilly_Moose_Tumbler"},{"@type":"BreadcrumbList","@id":"https:\/\/www.suzuki.ca\/fr\/produit\/gobelet-chilly-moose-noir-590-ml-marine\/#breadcrumb","itemListElement":[{"@type":"ListItem","position":1,"name":"Accueil","item":"https:\/\/www.suzuki.ca\/fr\/"},{"@type":"ListItem","position":2,"name":"Products","item":"https:\/\/www.suzuki.ca\/shop\/"},{"@type":"ListItem","position":3,"name":"Gobelet Chilly Moose noir 590 ml &#8211; Marine"}]},{"@type":"WebSite","@id":"https:\/\/www.suzuki.ca\/#website","url":"https:\/\/www.suzuki.ca\/","name":"Suzuki Canada Inc.","description":"The Official Home of Suzuki Canada Motorcycle, ATV, and Marine models and accessories.","publisher":{"@id":"https:\/\/www.suzuki.ca\/#organization"},"potentialAction":[{"@type":"SearchAction","target":{"@type":"EntryPoint","urlTemplate":"https:\/\/www.suzuki.ca\/?s={search_term_string}"},"query-input":{"@type":"PropertyValueSpecification","valueRequired":true,"valueName":"search_term_string"}}],"inLanguage":"fr-FR"},{"@type":"Organization","@id":"https:\/\/www.suzuki.ca\/#organization","name":"Suzuki Canada Inc.","url":"https:\/\/www.suzuki.ca\/","logo":{"@type":"ImageObject","inLanguage":"fr-FR","@id":"https:\/\/www.suzuki.ca\/#\/schema\/logo\/image\/","url":"https:\/\/www.suzuki.ca\/wp-content\/uploads\/Suzuki_Logo_Parallelogram.svg","contentUrl":"https:\/\/www.suzuki.ca\/wp-content\/uploads\/Suzuki_Logo_Parallelogram.svg","caption":"Suzuki Canada Inc."},"image":{"@id":"https:\/\/www.suzuki.ca\/#\/schema\/logo\/image\/"}}]}},"_links":{"self":[{"href":"https:\/\/www.suzuki.ca\/fr\/wp-json\/wp\/v2\/product\/61652","targetHints":{"allow":["GET"]}}],"collection":[{"href":"https:\/\/www.suzuki.ca\/fr\/wp-json\/wp\/v2\/product"}],"about":[{"href":"https:\/\/www.suzuki.ca\/fr\/wp-json\/wp\/v2\/types\/product"}],"wp:featuredmedia":[{"embeddable":true,"href":"https:\/\/www.suzuki.ca\/fr\/wp-json\/wp\/v2\/media\/61654"}],"wp:attachment":[{"href":"https:\/\/www.suzuki.ca\/fr\/wp-json\/wp\/v2\/media?parent=61652"}],"wp:term":[{"taxonomy":"product_brand","embeddable":true,"href":"https:\/\/www.suzuki.ca\/fr\/wp-json\/wp\/v2\/product_brand?post=61652"},{"taxonomy":"product_cat","embeddable":true,"href":"https:\/\/www.suzuki.ca\/fr\/wp-json\/wp\/v2\/product_cat?post=61652"},{"taxonomy":"product_tag","embeddable":true,"href":"https:\/\/www.suzuki.ca\/fr\/wp-json\/wp\/v2\/product_tag?post=61652"}],"curies":[{"name":"wp","href":"https:\/\/api.w.org\/{rel}","templated":true}]}}