{"id":61808,"date":"2025-05-07T09:57:37","date_gmt":"2025-05-07T13:57:37","guid":{"rendered":"https:\/\/www.suzuki.ca\/?post_type=product&#038;p=61808"},"modified":"2026-04-10T06:27:22","modified_gmt":"2026-04-10T10:27:22","slug":"dr-z4-s-sm-rs-12-slip-on-en-acier-inoxydable-avec-silencieux-en-acier-inoxydable","status":"publish","type":"product","link":"https:\/\/www.suzuki.ca\/fr\/produit\/dr-z4-s-sm-rs-12-slip-on-en-acier-inoxydable-avec-silencieux-en-acier-inoxydable\/","title":{"rendered":"DR-Z4 S\/SM RS-12 Slip-On en acier inoxydable, avec silencieux en acier inoxydable"},"content":{"rendered":"<p class=\"\" data-start=\"100\" data-end=\"697\">La s\u00e9rie Enduro RS-12 repr\u00e9sente la toute derni\u00e8re g\u00e9n\u00e9ration de silencieux haute performance de Yoshimura, con\u00e7ue sp\u00e9cialement pour la toute nouvelle Suzuki DR-Z4S\/SM 2025. Ing\u00e9nierie de pr\u00e9cision, augmentation de la puissance et du couple, et conformit\u00e9 aux normes d\u2019\u00e9missions des 50 \u00c9tats \u2014 le RS-12 allie performance de pointe et robustesse pour l\u2019aventure hors route. Con\u00e7u, d\u00e9velopp\u00e9 et fabriqu\u00e9 avec fiert\u00e9 \u00e0 Chino, en Californie, ce syst\u00e8me comprend un pare-\u00e9tincelles homologu\u00e9 USFS et un bouclier thermique en acier inoxydable personnalis\u00e9 pour affronter les sentiers les plus exigeants.<\/p>\n<p class=\"\" data-start=\"699\" data-end=\"733\"><strong data-start=\"699\" data-end=\"733\">Caract\u00e9ristiques principales :<\/strong><\/p>\n<ul data-start=\"735\" data-end=\"1229\">\n<li class=\"\" data-start=\"735\" data-end=\"817\">\n<p class=\"\" data-start=\"737\" data-end=\"817\">Silencieux effil\u00e9 en forme pyramidale pour une performance et un son optimis\u00e9s<\/p>\n<\/li>\n<li class=\"\" data-start=\"818\" data-end=\"877\">\n<p class=\"\" data-start=\"820\" data-end=\"877\">Bouclier thermique Yoshimura en acier inoxydable inclus<\/p>\n<\/li>\n<li class=\"\" data-start=\"878\" data-end=\"934\">\n<p class=\"\" data-start=\"880\" data-end=\"934\">Pare-\u00e9tincelles homologu\u00e9 USFS (SA-19-K) pr\u00e9install\u00e9<\/p>\n<\/li>\n<li class=\"\" data-start=\"935\" data-end=\"1009\">\n<p class=\"\" data-start=\"937\" data-end=\"1009\">4,4 lb de moins que la configuration d\u2019origine (9,2 lb contre 13,6 lb)<\/p>\n<\/li>\n<li class=\"\" data-start=\"1010\" data-end=\"1048\">\n<p class=\"\" data-start=\"1012\" data-end=\"1048\">+4,1 % de puissance \u00e0 8 000 tr\/min<\/p>\n<\/li>\n<li class=\"\" data-start=\"1049\" data-end=\"1082\">\n<p class=\"\" data-start=\"1051\" data-end=\"1082\">+2 % de couple \u00e0 4 800 tr\/min<\/p>\n<\/li>\n<li class=\"\" data-start=\"1083\" data-end=\"1229\">\n<p class=\"\" data-start=\"1085\" data-end=\"1137\">Niveau sonore (norme J2825 avec pare-\u00e9tincelles) :<\/p>\n<ul data-start=\"1140\" data-end=\"1229\">\n<li class=\"\" data-start=\"1140\" data-end=\"1183\">\n<p class=\"\" data-start=\"1142\" data-end=\"1183\">2000 tr\/min : 86,0 dB (Stock : 74,4 dB)<\/p>\n<\/li>\n<li class=\"\" data-start=\"1186\" data-end=\"1229\">\n<p class=\"\" data-start=\"1188\" data-end=\"1229\">5000 tr\/min : 89,3 dB (Stock : 84,4 dB)<\/p>\n<\/li>\n<\/ul>\n<\/li>\n<\/ul>\n<p class=\"\" data-start=\"1231\" data-end=\"1360\"><strong>Veuillez noter que la livraison de cet article peut prendre de 1 \u00e0 2 semaines. Merci de votre patience et de votre compr\u00e9hension.<\/strong><\/p>\n<p class=\"\" data-start=\"1362\" data-end=\"1400\"><strong data-start=\"1362\" data-end=\"1381\">Compatibilit\u00e9 :<\/strong><br data-start=\"1381\" data-end=\"1384\" \/>DR-Z4S\/SM : 2025 &#8211; 2026<\/p>\n","protected":false},"excerpt":{"rendered":"<p>\u2026 <a class=\"blog-readmore\" href=\"https:\/\/www.suzuki.ca\/fr\/produit\/dr-z4-s-sm-rs-12-slip-on-en-acier-inoxydable-avec-silencieux-en-acier-inoxydable\/\">Continuez \u00e0 lire ><\/a><\/p>\n","protected":false},"featured_media":61810,"template":"","meta":{"_acf_changed":false,"site-sidebar-layout":"no-sidebar","site-content-layout":"default","ast-site-content-layout":"default","site-content-style":"default","site-sidebar-style":"default","ast-global-header-display":"","ast-banner-title-visibility":"","ast-main-header-display":"","ast-hfb-above-header-display":"","ast-hfb-below-header-display":"","ast-hfb-mobile-header-display":"","site-post-title":"","ast-breadcrumbs-content":"","ast-featured-img":"","footer-sml-layout":"","ast-disable-related-posts":"","theme-transparent-header-meta":"default","adv-header-id-meta":"","stick-header-meta":"default","header-above-stick-meta":"","header-main-stick-meta":"","header-below-stick-meta":"","astra-migrate-meta-layouts":"set","ast-page-background-enabled":"default","ast-page-background-meta":{"desktop":{"background-color":"","background-image":"","background-repeat":"repeat","background-position":"center center","background-size":"auto","background-attachment":"scroll","background-type":"","background-media":"","overlay-type":"","overlay-color":"","overlay-opacity":"","overlay-gradient":""},"tablet":{"background-color":"","background-image":"","background-repeat":"repeat","background-position":"center center","background-size":"auto","background-attachment":"scroll","background-type":"","background-media":"","overlay-type":"","overlay-color":"","overlay-opacity":"","overlay-gradient":""},"mobile":{"background-color":"","background-image":"","background-repeat":"repeat","background-position":"center center","background-size":"auto","background-attachment":"scroll","background-type":"","background-media":"","overlay-type":"","overlay-color":"","overlay-opacity":"","overlay-gradient":""}},"ast-content-background-meta":{"desktop":{"background-color":"var(--ast-global-color-5)","background-image":"","background-repeat":"repeat","background-position":"center center","background-size":"auto","background-attachment":"scroll","background-type":"","background-media":"","overlay-type":"","overlay-color":"","overlay-opacity":"","overlay-gradient":""},"tablet":{"background-color":"var(--ast-global-color-5)","background-image":"","background-repeat":"repeat","background-position":"center center","background-size":"auto","background-attachment":"scroll","background-type":"","background-media":"","overlay-type":"","overlay-color":"","overlay-opacity":"","overlay-gradient":""},"mobile":{"background-color":"var(--ast-global-color-5)","background-image":"","background-repeat":"repeat","background-position":"center center","background-size":"auto","background-attachment":"scroll","background-type":"","background-media":"","overlay-type":"","overlay-color":"","overlay-opacity":"","overlay-gradient":""}}},"product_brand":[],"product_cat":[2208,2216],"product_tag":[],"class_list":{"0":"post-61808","1":"product","2":"type-product","3":"status-publish","4":"has-post-thumbnail","6":"product_cat-accessoires-pour-motos","7":"product_cat-magasin-de-motos","8":"pa_item-type-echappement","9":"pa_line-year-5977","10":"pa_motorcycle-model-dr-z4s-fr","11":"pa_motorcycle-model-dr-z4sm-fr","12":"desktop-align-left","13":"tablet-align-left","14":"mobile-align-left","15":"ast-product-gallery-layout-horizontal","16":"ast-product-gallery-with-no-image","17":"ast-magnify-disabled","18":"ast-product-tabs-layout-horizontal","20":"first","21":"instock","22":"taxable","23":"shipping-taxable","24":"purchasable","25":"product-type-simple"},"acf":[],"yoast_head":"<!-- This site is optimized with the Yoast SEO plugin v27.3 - https:\/\/yoast.com\/product\/yoast-seo-wordpress\/ -->\n<title>DR-Z4 S\/SM RS-12 Slip-On en acier inoxydable, avec silencieux en acier inoxydable - Suzuki Canada Inc.<\/title>\n<meta name=\"robots\" content=\"index, follow, max-snippet:-1, max-image-preview:large, max-video-preview:-1\" \/>\n<link rel=\"canonical\" href=\"https:\/\/www.suzuki.ca\/fr\/produit\/dr-z4-s-sm-rs-12-slip-on-en-acier-inoxydable-avec-silencieux-en-acier-inoxydable\/\" \/>\n<meta property=\"og:locale\" content=\"fr_FR\" \/>\n<meta property=\"og:type\" content=\"article\" \/>\n<meta property=\"og:title\" content=\"DR-Z4 S\/SM RS-12 Slip-On en acier inoxydable, avec silencieux en acier inoxydable - Suzuki Canada Inc.\" \/>\n<meta property=\"og:description\" content=\"\u2026 Continuez \u00e0 lire &gt;\" \/>\n<meta property=\"og:url\" content=\"https:\/\/www.suzuki.ca\/fr\/produit\/dr-z4-s-sm-rs-12-slip-on-en-acier-inoxydable-avec-silencieux-en-acier-inoxydable\/\" \/>\n<meta property=\"og:site_name\" content=\"Suzuki Canada Inc.\" \/>\n<meta property=\"article:modified_time\" content=\"2026-04-10T10:27:22+00:00\" \/>\n<meta property=\"og:image\" content=\"https:\/\/staging.suzuki.ca\/wp-content\/uploads\/11661-2S520.jpg\" \/>\n\t<meta property=\"og:image:width\" content=\"1080\" \/>\n\t<meta property=\"og:image:height\" content=\"1080\" \/>\n\t<meta property=\"og:image:type\" content=\"image\/jpeg\" \/>\n<meta name=\"twitter:card\" content=\"summary_large_image\" \/>\n<meta name=\"twitter:label1\" content=\"Est. reading time\" \/>\n\t<meta name=\"twitter:data1\" content=\"2 minutes\" \/>\n<script type=\"application\/ld+json\" class=\"yoast-schema-graph\">{\"@context\":\"https:\\\/\\\/schema.org\",\"@graph\":[{\"@type\":\"WebPage\",\"@id\":\"https:\\\/\\\/www.suzuki.ca\\\/fr\\\/produit\\\/dr-z4-s-sm-rs-12-slip-on-en-acier-inoxydable-avec-silencieux-en-acier-inoxydable\\\/\",\"url\":\"https:\\\/\\\/www.suzuki.ca\\\/fr\\\/produit\\\/dr-z4-s-sm-rs-12-slip-on-en-acier-inoxydable-avec-silencieux-en-acier-inoxydable\\\/\",\"name\":\"DR-Z4 S\\\/SM RS-12 Slip-On en acier inoxydable, avec silencieux en acier inoxydable - Suzuki Canada Inc.\",\"isPartOf\":{\"@id\":\"https:\\\/\\\/www.suzuki.ca\\\/#website\"},\"primaryImageOfPage\":{\"@id\":\"https:\\\/\\\/www.suzuki.ca\\\/fr\\\/produit\\\/dr-z4-s-sm-rs-12-slip-on-en-acier-inoxydable-avec-silencieux-en-acier-inoxydable\\\/#primaryimage\"},\"image\":{\"@id\":\"https:\\\/\\\/www.suzuki.ca\\\/fr\\\/produit\\\/dr-z4-s-sm-rs-12-slip-on-en-acier-inoxydable-avec-silencieux-en-acier-inoxydable\\\/#primaryimage\"},\"thumbnailUrl\":\"https:\\\/\\\/www.suzuki.ca\\\/wp-content\\\/uploads\\\/11661-2S520.jpg\",\"datePublished\":\"2025-05-07T13:57:37+00:00\",\"dateModified\":\"2026-04-10T10:27:22+00:00\",\"breadcrumb\":{\"@id\":\"https:\\\/\\\/www.suzuki.ca\\\/fr\\\/produit\\\/dr-z4-s-sm-rs-12-slip-on-en-acier-inoxydable-avec-silencieux-en-acier-inoxydable\\\/#breadcrumb\"},\"inLanguage\":\"fr-FR\",\"potentialAction\":[{\"@type\":\"ReadAction\",\"target\":[\"https:\\\/\\\/www.suzuki.ca\\\/fr\\\/produit\\\/dr-z4-s-sm-rs-12-slip-on-en-acier-inoxydable-avec-silencieux-en-acier-inoxydable\\\/\"]}]},{\"@type\":\"ImageObject\",\"inLanguage\":\"fr-FR\",\"@id\":\"https:\\\/\\\/www.suzuki.ca\\\/fr\\\/produit\\\/dr-z4-s-sm-rs-12-slip-on-en-acier-inoxydable-avec-silencieux-en-acier-inoxydable\\\/#primaryimage\",\"url\":\"https:\\\/\\\/www.suzuki.ca\\\/wp-content\\\/uploads\\\/11661-2S520.jpg\",\"contentUrl\":\"https:\\\/\\\/www.suzuki.ca\\\/wp-content\\\/uploads\\\/11661-2S520.jpg\",\"width\":1080,\"height\":1080,\"caption\":\"Suzuki_DR_Z4S_Yoshi_Slip_on_exhaust\"},{\"@type\":\"BreadcrumbList\",\"@id\":\"https:\\\/\\\/www.suzuki.ca\\\/fr\\\/produit\\\/dr-z4-s-sm-rs-12-slip-on-en-acier-inoxydable-avec-silencieux-en-acier-inoxydable\\\/#breadcrumb\",\"itemListElement\":[{\"@type\":\"ListItem\",\"position\":1,\"name\":\"Accueil\",\"item\":\"https:\\\/\\\/www.suzuki.ca\\\/fr\\\/\"},{\"@type\":\"ListItem\",\"position\":2,\"name\":\"Products\",\"item\":\"https:\\\/\\\/www.suzuki.ca\\\/shop\\\/\"},{\"@type\":\"ListItem\",\"position\":3,\"name\":\"DR-Z4 S\\\/SM RS-12 Slip-On en acier inoxydable, avec silencieux en acier inoxydable\"}]},{\"@type\":\"WebSite\",\"@id\":\"https:\\\/\\\/www.suzuki.ca\\\/#website\",\"url\":\"https:\\\/\\\/www.suzuki.ca\\\/\",\"name\":\"Suzuki Canada Inc.\",\"description\":\"The Official Home of Suzuki Canada Motorcycle, ATV, and Marine models and accessories.\",\"publisher\":{\"@id\":\"https:\\\/\\\/www.suzuki.ca\\\/#organization\"},\"potentialAction\":[{\"@type\":\"SearchAction\",\"target\":{\"@type\":\"EntryPoint\",\"urlTemplate\":\"https:\\\/\\\/www.suzuki.ca\\\/?s={search_term_string}\"},\"query-input\":{\"@type\":\"PropertyValueSpecification\",\"valueRequired\":true,\"valueName\":\"search_term_string\"}}],\"inLanguage\":\"fr-FR\"},{\"@type\":\"Organization\",\"@id\":\"https:\\\/\\\/www.suzuki.ca\\\/#organization\",\"name\":\"Suzuki Canada Inc.\",\"url\":\"https:\\\/\\\/www.suzuki.ca\\\/\",\"logo\":{\"@type\":\"ImageObject\",\"inLanguage\":\"fr-FR\",\"@id\":\"https:\\\/\\\/www.suzuki.ca\\\/#\\\/schema\\\/logo\\\/image\\\/\",\"url\":\"https:\\\/\\\/www.suzuki.ca\\\/wp-content\\\/uploads\\\/Suzuki_Logo_Parallelogram.svg\",\"contentUrl\":\"https:\\\/\\\/www.suzuki.ca\\\/wp-content\\\/uploads\\\/Suzuki_Logo_Parallelogram.svg\",\"caption\":\"Suzuki Canada Inc.\"},\"image\":{\"@id\":\"https:\\\/\\\/www.suzuki.ca\\\/#\\\/schema\\\/logo\\\/image\\\/\"}}]}<\/script>\n<!-- \/ Yoast SEO plugin. -->","yoast_head_json":{"title":"DR-Z4 S\/SM RS-12 Slip-On en acier inoxydable, avec silencieux en acier inoxydable - Suzuki Canada Inc.","robots":{"index":"index","follow":"follow","max-snippet":"max-snippet:-1","max-image-preview":"max-image-preview:large","max-video-preview":"max-video-preview:-1"},"canonical":"https:\/\/www.suzuki.ca\/fr\/produit\/dr-z4-s-sm-rs-12-slip-on-en-acier-inoxydable-avec-silencieux-en-acier-inoxydable\/","og_locale":"fr_FR","og_type":"article","og_title":"DR-Z4 S\/SM RS-12 Slip-On en acier inoxydable, avec silencieux en acier inoxydable - Suzuki Canada Inc.","og_description":"\u2026 Continuez \u00e0 lire >","og_url":"https:\/\/www.suzuki.ca\/fr\/produit\/dr-z4-s-sm-rs-12-slip-on-en-acier-inoxydable-avec-silencieux-en-acier-inoxydable\/","og_site_name":"Suzuki Canada Inc.","article_modified_time":"2026-04-10T10:27:22+00:00","og_image":[{"width":1080,"height":1080,"url":"https:\/\/staging.suzuki.ca\/wp-content\/uploads\/11661-2S520.jpg","type":"image\/jpeg"}],"twitter_card":"summary_large_image","twitter_misc":{"Est. reading time":"2 minutes"},"schema":{"@context":"https:\/\/schema.org","@graph":[{"@type":"WebPage","@id":"https:\/\/www.suzuki.ca\/fr\/produit\/dr-z4-s-sm-rs-12-slip-on-en-acier-inoxydable-avec-silencieux-en-acier-inoxydable\/","url":"https:\/\/www.suzuki.ca\/fr\/produit\/dr-z4-s-sm-rs-12-slip-on-en-acier-inoxydable-avec-silencieux-en-acier-inoxydable\/","name":"DR-Z4 S\/SM RS-12 Slip-On en acier inoxydable, avec silencieux en acier inoxydable - Suzuki Canada Inc.","isPartOf":{"@id":"https:\/\/www.suzuki.ca\/#website"},"primaryImageOfPage":{"@id":"https:\/\/www.suzuki.ca\/fr\/produit\/dr-z4-s-sm-rs-12-slip-on-en-acier-inoxydable-avec-silencieux-en-acier-inoxydable\/#primaryimage"},"image":{"@id":"https:\/\/www.suzuki.ca\/fr\/produit\/dr-z4-s-sm-rs-12-slip-on-en-acier-inoxydable-avec-silencieux-en-acier-inoxydable\/#primaryimage"},"thumbnailUrl":"https:\/\/www.suzuki.ca\/wp-content\/uploads\/11661-2S520.jpg","datePublished":"2025-05-07T13:57:37+00:00","dateModified":"2026-04-10T10:27:22+00:00","breadcrumb":{"@id":"https:\/\/www.suzuki.ca\/fr\/produit\/dr-z4-s-sm-rs-12-slip-on-en-acier-inoxydable-avec-silencieux-en-acier-inoxydable\/#breadcrumb"},"inLanguage":"fr-FR","potentialAction":[{"@type":"ReadAction","target":["https:\/\/www.suzuki.ca\/fr\/produit\/dr-z4-s-sm-rs-12-slip-on-en-acier-inoxydable-avec-silencieux-en-acier-inoxydable\/"]}]},{"@type":"ImageObject","inLanguage":"fr-FR","@id":"https:\/\/www.suzuki.ca\/fr\/produit\/dr-z4-s-sm-rs-12-slip-on-en-acier-inoxydable-avec-silencieux-en-acier-inoxydable\/#primaryimage","url":"https:\/\/www.suzuki.ca\/wp-content\/uploads\/11661-2S520.jpg","contentUrl":"https:\/\/www.suzuki.ca\/wp-content\/uploads\/11661-2S520.jpg","width":1080,"height":1080,"caption":"Suzuki_DR_Z4S_Yoshi_Slip_on_exhaust"},{"@type":"BreadcrumbList","@id":"https:\/\/www.suzuki.ca\/fr\/produit\/dr-z4-s-sm-rs-12-slip-on-en-acier-inoxydable-avec-silencieux-en-acier-inoxydable\/#breadcrumb","itemListElement":[{"@type":"ListItem","position":1,"name":"Accueil","item":"https:\/\/www.suzuki.ca\/fr\/"},{"@type":"ListItem","position":2,"name":"Products","item":"https:\/\/www.suzuki.ca\/shop\/"},{"@type":"ListItem","position":3,"name":"DR-Z4 S\/SM RS-12 Slip-On en acier inoxydable, avec silencieux en acier inoxydable"}]},{"@type":"WebSite","@id":"https:\/\/www.suzuki.ca\/#website","url":"https:\/\/www.suzuki.ca\/","name":"Suzuki Canada Inc.","description":"The Official Home of Suzuki Canada Motorcycle, ATV, and Marine models and accessories.","publisher":{"@id":"https:\/\/www.suzuki.ca\/#organization"},"potentialAction":[{"@type":"SearchAction","target":{"@type":"EntryPoint","urlTemplate":"https:\/\/www.suzuki.ca\/?s={search_term_string}"},"query-input":{"@type":"PropertyValueSpecification","valueRequired":true,"valueName":"search_term_string"}}],"inLanguage":"fr-FR"},{"@type":"Organization","@id":"https:\/\/www.suzuki.ca\/#organization","name":"Suzuki Canada Inc.","url":"https:\/\/www.suzuki.ca\/","logo":{"@type":"ImageObject","inLanguage":"fr-FR","@id":"https:\/\/www.suzuki.ca\/#\/schema\/logo\/image\/","url":"https:\/\/www.suzuki.ca\/wp-content\/uploads\/Suzuki_Logo_Parallelogram.svg","contentUrl":"https:\/\/www.suzuki.ca\/wp-content\/uploads\/Suzuki_Logo_Parallelogram.svg","caption":"Suzuki Canada Inc."},"image":{"@id":"https:\/\/www.suzuki.ca\/#\/schema\/logo\/image\/"}}]}},"_links":{"self":[{"href":"https:\/\/www.suzuki.ca\/fr\/wp-json\/wp\/v2\/product\/61808","targetHints":{"allow":["GET"]}}],"collection":[{"href":"https:\/\/www.suzuki.ca\/fr\/wp-json\/wp\/v2\/product"}],"about":[{"href":"https:\/\/www.suzuki.ca\/fr\/wp-json\/wp\/v2\/types\/product"}],"wp:featuredmedia":[{"embeddable":true,"href":"https:\/\/www.suzuki.ca\/fr\/wp-json\/wp\/v2\/media\/61810"}],"wp:attachment":[{"href":"https:\/\/www.suzuki.ca\/fr\/wp-json\/wp\/v2\/media?parent=61808"}],"wp:term":[{"taxonomy":"product_brand","embeddable":true,"href":"https:\/\/www.suzuki.ca\/fr\/wp-json\/wp\/v2\/product_brand?post=61808"},{"taxonomy":"product_cat","embeddable":true,"href":"https:\/\/www.suzuki.ca\/fr\/wp-json\/wp\/v2\/product_cat?post=61808"},{"taxonomy":"product_tag","embeddable":true,"href":"https:\/\/www.suzuki.ca\/fr\/wp-json\/wp\/v2\/product_tag?post=61808"}],"curies":[{"name":"wp","href":"https:\/\/api.w.org\/{rel}","templated":true}]}}