{"id":62132,"date":"2025-05-26T11:06:20","date_gmt":"2025-05-26T15:06:23","guid":{"rendered":"https:\/\/www.suzuki.ca\/?post_type=product&#038;p=62132"},"modified":"2026-04-13T10:46:20","modified_gmt":"2026-04-13T14:46:20","slug":"kit-de-joints-pour-carter-dengrenage-marin","status":"publish","type":"product","link":"https:\/\/www.suzuki.ca\/fr\/produit\/kit-de-joints-pour-carter-dengrenage-marin\/","title":{"rendered":"Kit de joints pour carter d&#8217;engrenage marin"},"content":{"rendered":"<p>Les kits de joints de carter d&#8217;engrenage comprennent tous les joints et joints toriques de rechange n\u00e9cessaires. Compatible avec tous les mod\u00e8les s\u00e9lectionn\u00e9s.<\/p>\n","protected":false},"excerpt":{"rendered":"<p>\u2026 <a class=\"blog-readmore\" href=\"https:\/\/www.suzuki.ca\/fr\/produit\/kit-de-joints-pour-carter-dengrenage-marin\/\">Continuez \u00e0 lire ><\/a><\/p>\n","protected":false},"featured_media":62149,"template":"","meta":{"_acf_changed":false,"site-sidebar-layout":"no-sidebar","site-content-layout":"default","ast-site-content-layout":"default","site-content-style":"default","site-sidebar-style":"default","ast-global-header-display":"","ast-banner-title-visibility":"","ast-main-header-display":"","ast-hfb-above-header-display":"","ast-hfb-below-header-display":"","ast-hfb-mobile-header-display":"","site-post-title":"","ast-breadcrumbs-content":"","ast-featured-img":"","footer-sml-layout":"","ast-disable-related-posts":"","theme-transparent-header-meta":"default","adv-header-id-meta":"","stick-header-meta":"default","header-above-stick-meta":"","header-main-stick-meta":"","header-below-stick-meta":"","astra-migrate-meta-layouts":"set","ast-page-background-enabled":"default","ast-page-background-meta":{"desktop":{"background-color":"","background-image":"","background-repeat":"repeat","background-position":"center center","background-size":"auto","background-attachment":"scroll","background-type":"","background-media":"","overlay-type":"","overlay-color":"","overlay-opacity":"","overlay-gradient":""},"tablet":{"background-color":"","background-image":"","background-repeat":"repeat","background-position":"center center","background-size":"auto","background-attachment":"scroll","background-type":"","background-media":"","overlay-type":"","overlay-color":"","overlay-opacity":"","overlay-gradient":""},"mobile":{"background-color":"","background-image":"","background-repeat":"repeat","background-position":"center center","background-size":"auto","background-attachment":"scroll","background-type":"","background-media":"","overlay-type":"","overlay-color":"","overlay-opacity":"","overlay-gradient":""}},"ast-content-background-meta":{"desktop":{"background-color":"var(--ast-global-color-5)","background-image":"","background-repeat":"repeat","background-position":"center center","background-size":"auto","background-attachment":"scroll","background-type":"","background-media":"","overlay-type":"","overlay-color":"","overlay-opacity":"","overlay-gradient":""},"tablet":{"background-color":"var(--ast-global-color-5)","background-image":"","background-repeat":"repeat","background-position":"center center","background-size":"auto","background-attachment":"scroll","background-type":"","background-media":"","overlay-type":"","overlay-color":"","overlay-opacity":"","overlay-gradient":""},"mobile":{"background-color":"var(--ast-global-color-5)","background-image":"","background-repeat":"repeat","background-position":"center center","background-size":"auto","background-attachment":"scroll","background-type":"","background-media":"","overlay-type":"","overlay-color":"","overlay-opacity":"","overlay-gradient":""}}},"product_brand":[],"product_cat":[2215,2213],"product_tag":[],"class_list":{"0":"post-62132","1":"product","2":"type-product","3":"status-publish","4":"has-post-thumbnail","6":"product_cat-pieces-detachees-marines","7":"product_cat-magasin-de-marine","8":"pa_item-type-kits-de-maintenance","9":"pa_line-year-5969","10":"pa_line-year-5980","11":"pa_line-year-5970","12":"pa_line-year-5981","13":"pa_line-year-5971","14":"pa_line-year-5982","15":"pa_line-year-5972","16":"pa_line-year-5983","17":"pa_line-year-5973","18":"pa_line-year-5984","19":"pa_line-year-5974","20":"pa_line-year-5985","21":"pa_line-year-5975","22":"pa_line-year-5986","23":"pa_line-year-5976","24":"pa_line-year-5987","25":"pa_line-year-5977","26":"pa_line-year-5988","27":"pa_line-year-5978","28":"pa_line-year-5989","29":"pa_line-year-5968","30":"pa_line-year-5979","31":"pa_line-year-5992","32":"pa_marine-model-df200-fr","33":"pa_marine-model-df140b-fr","34":"pa_marine-model-df25-fr","35":"pa_marine-model-df115b-fr","36":"pa_marine-model-df30-fr","37":"pa_marine-model-df90a-fr","38":"pa_marine-model-df350a-fr","39":"pa_marine-model-df300-fr","40":"pa_marine-model-df75a-fr","41":"pa_marine-model-df300ap-fr","42":"pa_marine-model-df300bmd-fr","43":"pa_marine-model-df60a-fr","44":"pa_marine-model-df115-fr","45":"pa_marine-model-df300b-fr","46":"pa_marine-model-df350amd-fr","47":"pa_marine-model-df50a-fr","48":"pa_marine-model-df115a-fr","49":"pa_marine-model-df250ap-fr","50":"pa_marine-model-df40-fr","51":"pa_marine-model-df40a-fr","52":"pa_marine-model-df140-fr","53":"pa_marine-model-df200ap-fr","54":"pa_marine-model-df50-fr","55":"pa_marine-model-df140a-fr","56":"pa_marine-model-df250ss-fr","57":"pa_marine-model-df70-fr","58":"pa_marine-model-df150-fr","59":"pa_marine-model-df250-fr","60":"pa_marine-model-df175-fr","61":"pa_marine-model-df225-fr","62":"pa_style-df150-175-200-ap-df225-250-fr","63":"pa_style-df25-v-twin-fr","64":"pa_style-df250ap-df300ap-fr","65":"pa_style-df250ss-df300-fr","66":"pa_style-df300b-bmd-df350a-amd-23-26-fr","67":"pa_style-df300b-df350a-17-22-fr","68":"pa_style-df40-a-df50-a-df60a-fr","69":"pa_style-df60-70-01-10-fr","70":"pa_style-df90-115-01-11-fr","71":"pa_style-df75a-90a-fr","72":"pa_style-df25-30","73":"pa_style-df115a-b-df140-a-b-fr","74":"desktop-align-left","75":"tablet-align-left","76":"mobile-align-left","77":"ast-product-gallery-layout-horizontal","78":"ast-product-gallery-with-no-image","79":"ast-magnify-disabled","80":"ast-product-single-variable","81":"ast-product-tabs-layout-horizontal","83":"first","84":"instock","85":"taxable","86":"shipping-taxable","87":"purchasable","88":"product-type-variable"},"acf":[],"yoast_head":"<!-- This site is optimized with the Yoast SEO plugin v27.3 - https:\/\/yoast.com\/product\/yoast-seo-wordpress\/ -->\n<title>Kit de joints pour carter d&#039;engrenage marin - Suzuki Canada Inc.<\/title>\n<meta name=\"robots\" content=\"index, follow, max-snippet:-1, max-image-preview:large, max-video-preview:-1\" \/>\n<link rel=\"canonical\" href=\"https:\/\/www.suzuki.ca\/fr\/produit\/kit-de-joints-pour-carter-dengrenage-marin\/\" \/>\n<meta property=\"og:locale\" content=\"fr_FR\" \/>\n<meta property=\"og:type\" content=\"article\" \/>\n<meta property=\"og:title\" content=\"Kit de joints pour carter d&#039;engrenage marin - Suzuki Canada Inc.\" \/>\n<meta property=\"og:description\" content=\"\u2026 Continuez \u00e0 lire &gt;\" \/>\n<meta property=\"og:url\" content=\"https:\/\/www.suzuki.ca\/fr\/produit\/kit-de-joints-pour-carter-dengrenage-marin\/\" \/>\n<meta property=\"og:site_name\" content=\"Suzuki Canada Inc.\" \/>\n<meta property=\"article:modified_time\" content=\"2026-04-13T14:46:20+00:00\" \/>\n<meta property=\"og:image\" content=\"https:\/\/staging.suzuki.ca\/wp-content\/uploads\/GearCaseSealKitGeneric.jpg.jpg\" \/>\n\t<meta property=\"og:image:width\" content=\"700\" \/>\n\t<meta property=\"og:image:height\" content=\"700\" \/>\n\t<meta property=\"og:image:type\" content=\"image\/jpeg\" \/>\n<meta name=\"twitter:card\" content=\"summary_large_image\" \/>\n<meta name=\"twitter:label1\" content=\"Est. reading time\" \/>\n\t<meta name=\"twitter:data1\" content=\"1 minute\" \/>\n<script type=\"application\/ld+json\" class=\"yoast-schema-graph\">{\"@context\":\"https:\\\/\\\/schema.org\",\"@graph\":[{\"@type\":\"WebPage\",\"@id\":\"https:\\\/\\\/www.suzuki.ca\\\/fr\\\/produit\\\/kit-de-joints-pour-carter-dengrenage-marin\\\/\",\"url\":\"https:\\\/\\\/www.suzuki.ca\\\/fr\\\/produit\\\/kit-de-joints-pour-carter-dengrenage-marin\\\/\",\"name\":\"Kit de joints pour carter d'engrenage marin - Suzuki Canada Inc.\",\"isPartOf\":{\"@id\":\"https:\\\/\\\/www.suzuki.ca\\\/#website\"},\"primaryImageOfPage\":{\"@id\":\"https:\\\/\\\/www.suzuki.ca\\\/fr\\\/produit\\\/kit-de-joints-pour-carter-dengrenage-marin\\\/#primaryimage\"},\"image\":{\"@id\":\"https:\\\/\\\/www.suzuki.ca\\\/fr\\\/produit\\\/kit-de-joints-pour-carter-dengrenage-marin\\\/#primaryimage\"},\"thumbnailUrl\":\"https:\\\/\\\/www.suzuki.ca\\\/wp-content\\\/uploads\\\/GearCaseSealKitGeneric.jpg.jpg\",\"datePublished\":\"2025-05-26T15:06:23+00:00\",\"dateModified\":\"2026-04-13T14:46:20+00:00\",\"breadcrumb\":{\"@id\":\"https:\\\/\\\/www.suzuki.ca\\\/fr\\\/produit\\\/kit-de-joints-pour-carter-dengrenage-marin\\\/#breadcrumb\"},\"inLanguage\":\"fr-FR\",\"potentialAction\":[{\"@type\":\"ReadAction\",\"target\":[\"https:\\\/\\\/www.suzuki.ca\\\/fr\\\/produit\\\/kit-de-joints-pour-carter-dengrenage-marin\\\/\"]}]},{\"@type\":\"ImageObject\",\"inLanguage\":\"fr-FR\",\"@id\":\"https:\\\/\\\/www.suzuki.ca\\\/fr\\\/produit\\\/kit-de-joints-pour-carter-dengrenage-marin\\\/#primaryimage\",\"url\":\"https:\\\/\\\/www.suzuki.ca\\\/wp-content\\\/uploads\\\/GearCaseSealKitGeneric.jpg.jpg\",\"contentUrl\":\"https:\\\/\\\/www.suzuki.ca\\\/wp-content\\\/uploads\\\/GearCaseSealKitGeneric.jpg.jpg\",\"width\":700,\"height\":700,\"caption\":\"Suzuki_Gear_Case_Seal_Kit\"},{\"@type\":\"BreadcrumbList\",\"@id\":\"https:\\\/\\\/www.suzuki.ca\\\/fr\\\/produit\\\/kit-de-joints-pour-carter-dengrenage-marin\\\/#breadcrumb\",\"itemListElement\":[{\"@type\":\"ListItem\",\"position\":1,\"name\":\"Accueil\",\"item\":\"https:\\\/\\\/www.suzuki.ca\\\/fr\\\/\"},{\"@type\":\"ListItem\",\"position\":2,\"name\":\"Products\",\"item\":\"https:\\\/\\\/www.suzuki.ca\\\/shop\\\/\"},{\"@type\":\"ListItem\",\"position\":3,\"name\":\"Kit de joints pour carter d&#8217;engrenage marin\"}]},{\"@type\":\"WebSite\",\"@id\":\"https:\\\/\\\/www.suzuki.ca\\\/#website\",\"url\":\"https:\\\/\\\/www.suzuki.ca\\\/\",\"name\":\"Suzuki Canada Inc.\",\"description\":\"The Official Home of Suzuki Canada Motorcycle, ATV, and Marine models and accessories.\",\"publisher\":{\"@id\":\"https:\\\/\\\/www.suzuki.ca\\\/#organization\"},\"potentialAction\":[{\"@type\":\"SearchAction\",\"target\":{\"@type\":\"EntryPoint\",\"urlTemplate\":\"https:\\\/\\\/www.suzuki.ca\\\/?s={search_term_string}\"},\"query-input\":{\"@type\":\"PropertyValueSpecification\",\"valueRequired\":true,\"valueName\":\"search_term_string\"}}],\"inLanguage\":\"fr-FR\"},{\"@type\":\"Organization\",\"@id\":\"https:\\\/\\\/www.suzuki.ca\\\/#organization\",\"name\":\"Suzuki Canada Inc.\",\"url\":\"https:\\\/\\\/www.suzuki.ca\\\/\",\"logo\":{\"@type\":\"ImageObject\",\"inLanguage\":\"fr-FR\",\"@id\":\"https:\\\/\\\/www.suzuki.ca\\\/#\\\/schema\\\/logo\\\/image\\\/\",\"url\":\"https:\\\/\\\/www.suzuki.ca\\\/wp-content\\\/uploads\\\/Suzuki_Logo_Parallelogram.svg\",\"contentUrl\":\"https:\\\/\\\/www.suzuki.ca\\\/wp-content\\\/uploads\\\/Suzuki_Logo_Parallelogram.svg\",\"caption\":\"Suzuki Canada Inc.\"},\"image\":{\"@id\":\"https:\\\/\\\/www.suzuki.ca\\\/#\\\/schema\\\/logo\\\/image\\\/\"}}]}<\/script>\n<!-- \/ Yoast SEO plugin. -->","yoast_head_json":{"title":"Kit de joints pour carter d'engrenage marin - Suzuki Canada Inc.","robots":{"index":"index","follow":"follow","max-snippet":"max-snippet:-1","max-image-preview":"max-image-preview:large","max-video-preview":"max-video-preview:-1"},"canonical":"https:\/\/www.suzuki.ca\/fr\/produit\/kit-de-joints-pour-carter-dengrenage-marin\/","og_locale":"fr_FR","og_type":"article","og_title":"Kit de joints pour carter d'engrenage marin - Suzuki Canada Inc.","og_description":"\u2026 Continuez \u00e0 lire >","og_url":"https:\/\/www.suzuki.ca\/fr\/produit\/kit-de-joints-pour-carter-dengrenage-marin\/","og_site_name":"Suzuki Canada Inc.","article_modified_time":"2026-04-13T14:46:20+00:00","og_image":[{"width":700,"height":700,"url":"https:\/\/staging.suzuki.ca\/wp-content\/uploads\/GearCaseSealKitGeneric.jpg.jpg","type":"image\/jpeg"}],"twitter_card":"summary_large_image","twitter_misc":{"Est. reading time":"1 minute"},"schema":{"@context":"https:\/\/schema.org","@graph":[{"@type":"WebPage","@id":"https:\/\/www.suzuki.ca\/fr\/produit\/kit-de-joints-pour-carter-dengrenage-marin\/","url":"https:\/\/www.suzuki.ca\/fr\/produit\/kit-de-joints-pour-carter-dengrenage-marin\/","name":"Kit de joints pour carter d'engrenage marin - Suzuki Canada Inc.","isPartOf":{"@id":"https:\/\/www.suzuki.ca\/#website"},"primaryImageOfPage":{"@id":"https:\/\/www.suzuki.ca\/fr\/produit\/kit-de-joints-pour-carter-dengrenage-marin\/#primaryimage"},"image":{"@id":"https:\/\/www.suzuki.ca\/fr\/produit\/kit-de-joints-pour-carter-dengrenage-marin\/#primaryimage"},"thumbnailUrl":"https:\/\/www.suzuki.ca\/wp-content\/uploads\/GearCaseSealKitGeneric.jpg.jpg","datePublished":"2025-05-26T15:06:23+00:00","dateModified":"2026-04-13T14:46:20+00:00","breadcrumb":{"@id":"https:\/\/www.suzuki.ca\/fr\/produit\/kit-de-joints-pour-carter-dengrenage-marin\/#breadcrumb"},"inLanguage":"fr-FR","potentialAction":[{"@type":"ReadAction","target":["https:\/\/www.suzuki.ca\/fr\/produit\/kit-de-joints-pour-carter-dengrenage-marin\/"]}]},{"@type":"ImageObject","inLanguage":"fr-FR","@id":"https:\/\/www.suzuki.ca\/fr\/produit\/kit-de-joints-pour-carter-dengrenage-marin\/#primaryimage","url":"https:\/\/www.suzuki.ca\/wp-content\/uploads\/GearCaseSealKitGeneric.jpg.jpg","contentUrl":"https:\/\/www.suzuki.ca\/wp-content\/uploads\/GearCaseSealKitGeneric.jpg.jpg","width":700,"height":700,"caption":"Suzuki_Gear_Case_Seal_Kit"},{"@type":"BreadcrumbList","@id":"https:\/\/www.suzuki.ca\/fr\/produit\/kit-de-joints-pour-carter-dengrenage-marin\/#breadcrumb","itemListElement":[{"@type":"ListItem","position":1,"name":"Accueil","item":"https:\/\/www.suzuki.ca\/fr\/"},{"@type":"ListItem","position":2,"name":"Products","item":"https:\/\/www.suzuki.ca\/shop\/"},{"@type":"ListItem","position":3,"name":"Kit de joints pour carter d&#8217;engrenage marin"}]},{"@type":"WebSite","@id":"https:\/\/www.suzuki.ca\/#website","url":"https:\/\/www.suzuki.ca\/","name":"Suzuki Canada Inc.","description":"The Official Home of Suzuki Canada Motorcycle, ATV, and Marine models and accessories.","publisher":{"@id":"https:\/\/www.suzuki.ca\/#organization"},"potentialAction":[{"@type":"SearchAction","target":{"@type":"EntryPoint","urlTemplate":"https:\/\/www.suzuki.ca\/?s={search_term_string}"},"query-input":{"@type":"PropertyValueSpecification","valueRequired":true,"valueName":"search_term_string"}}],"inLanguage":"fr-FR"},{"@type":"Organization","@id":"https:\/\/www.suzuki.ca\/#organization","name":"Suzuki Canada Inc.","url":"https:\/\/www.suzuki.ca\/","logo":{"@type":"ImageObject","inLanguage":"fr-FR","@id":"https:\/\/www.suzuki.ca\/#\/schema\/logo\/image\/","url":"https:\/\/www.suzuki.ca\/wp-content\/uploads\/Suzuki_Logo_Parallelogram.svg","contentUrl":"https:\/\/www.suzuki.ca\/wp-content\/uploads\/Suzuki_Logo_Parallelogram.svg","caption":"Suzuki Canada Inc."},"image":{"@id":"https:\/\/www.suzuki.ca\/#\/schema\/logo\/image\/"}}]}},"_links":{"self":[{"href":"https:\/\/www.suzuki.ca\/fr\/wp-json\/wp\/v2\/product\/62132","targetHints":{"allow":["GET"]}}],"collection":[{"href":"https:\/\/www.suzuki.ca\/fr\/wp-json\/wp\/v2\/product"}],"about":[{"href":"https:\/\/www.suzuki.ca\/fr\/wp-json\/wp\/v2\/types\/product"}],"wp:featuredmedia":[{"embeddable":true,"href":"https:\/\/www.suzuki.ca\/fr\/wp-json\/wp\/v2\/media\/62149"}],"wp:attachment":[{"href":"https:\/\/www.suzuki.ca\/fr\/wp-json\/wp\/v2\/media?parent=62132"}],"wp:term":[{"taxonomy":"product_brand","embeddable":true,"href":"https:\/\/www.suzuki.ca\/fr\/wp-json\/wp\/v2\/product_brand?post=62132"},{"taxonomy":"product_cat","embeddable":true,"href":"https:\/\/www.suzuki.ca\/fr\/wp-json\/wp\/v2\/product_cat?post=62132"},{"taxonomy":"product_tag","embeddable":true,"href":"https:\/\/www.suzuki.ca\/fr\/wp-json\/wp\/v2\/product_tag?post=62132"}],"curies":[{"name":"wp","href":"https:\/\/api.w.org\/{rel}","templated":true}]}}