{"id":62732,"date":"2025-07-23T09:08:41","date_gmt":"2025-07-23T13:08:41","guid":{"rendered":"https:\/\/www.suzuki.ca\/?post_type=product&#038;p=62732"},"modified":"2026-04-13T10:39:23","modified_gmt":"2026-04-13T14:39:23","slug":"phare-antibrouillard-a-del-v-strom-1050-de","status":"publish","type":"product","link":"https:\/\/www.suzuki.ca\/fr\/produit\/phare-antibrouillard-a-del-v-strom-1050-de\/","title":{"rendered":"Phare antibrouillard \u00e0 DEL V-Strom 1050\/DE"},"content":{"rendered":"<p data-start=\"0\" data-end=\"502\">D\u00e9velopp\u00e9 conjointement par Suzuki et PIAA. Le kit de phares antibrouillard int\u00e8gre la technologie DEL pour une meilleure illumination de la route. Comprend un kit d\u2019installation pour le montage sur la barre d&#8217;accessoires. Chaque phare comprend deux \u00e9l\u00e9ments DEL \u00e0 l\u2019int\u00e9rieur d\u2019un r\u00e9flecteur haute technologie, avec une tr\u00e8s faible consommation d\u2019\u00e9nergie (11 W \/ 0,8 A) et une intensit\u00e9 lumineuse de 4400 Cd. Fourni avec faisceau de c\u00e2blage, relais, interrupteur et une paire de phares antibrouillard.<\/p>\n<p data-start=\"504\" data-end=\"583\"><strong data-start=\"504\" data-end=\"523\">Compatibilit\u00e9 :<\/strong><br data-start=\"523\" data-end=\"526\" \/>V-STROM 1050DE : 2023 \u2013 2026<br data-start=\"554\" data-end=\"557\" data-is-only-node=\"\" \/>V-STROM 1050 : 2020 \u2013 2026<\/p>\n<p data-start=\"585\" data-end=\"836\" data-is-last-node=\"\" data-is-only-node=\"\"><strong data-start=\"585\" data-end=\"617\">Requis pour l&#8217;installation :<\/strong><br data-start=\"617\" data-end=\"620\" \/>Jeu de colliers pour phares antibrouillard : 990D0-31J35<br data-start=\"676\" data-end=\"679\" data-is-only-node=\"\" \/>Jeu de caches pour phares antibrouillard : 990D0-31J30<\/p>\n<p data-start=\"585\" data-end=\"836\" data-is-last-node=\"\" data-is-only-node=\"\"><strong>Les mod\u00e8les Non-DE n\u00e9cessitent :<\/strong><br data-start=\"733\" data-end=\"736\" \/>Barre d\u2019accessoires sup\u00e9rieure : 990D0-06L00-030<br data-start=\"784\" data-end=\"787\" \/>ou<br data-start=\"789\" data-end=\"792\" \/>Barre d\u2019accessoires inf\u00e9rieure : 94200-06810<\/p>\n","protected":false},"excerpt":{"rendered":"<p>\u2026 <a class=\"blog-readmore\" href=\"https:\/\/www.suzuki.ca\/fr\/produit\/phare-antibrouillard-a-del-v-strom-1050-de\/\">Continuez \u00e0 lire ><\/a><\/p>\n","protected":false},"featured_media":62734,"template":"","meta":{"_acf_changed":false,"site-sidebar-layout":"default","site-content-layout":"default","ast-site-content-layout":"default","site-content-style":"default","site-sidebar-style":"default","ast-global-header-display":"","ast-banner-title-visibility":"","ast-main-header-display":"","ast-hfb-above-header-display":"","ast-hfb-below-header-display":"","ast-hfb-mobile-header-display":"","site-post-title":"","ast-breadcrumbs-content":"","ast-featured-img":"","footer-sml-layout":"","ast-disable-related-posts":"","theme-transparent-header-meta":"default","adv-header-id-meta":"","stick-header-meta":"default","header-above-stick-meta":"","header-main-stick-meta":"","header-below-stick-meta":"","astra-migrate-meta-layouts":"set","ast-page-background-enabled":"default","ast-page-background-meta":{"desktop":{"background-color":"","background-image":"","background-repeat":"repeat","background-position":"center center","background-size":"auto","background-attachment":"scroll","background-type":"","background-media":"","overlay-type":"","overlay-color":"","overlay-opacity":"","overlay-gradient":""},"tablet":{"background-color":"","background-image":"","background-repeat":"repeat","background-position":"center center","background-size":"auto","background-attachment":"scroll","background-type":"","background-media":"","overlay-type":"","overlay-color":"","overlay-opacity":"","overlay-gradient":""},"mobile":{"background-color":"","background-image":"","background-repeat":"repeat","background-position":"center center","background-size":"auto","background-attachment":"scroll","background-type":"","background-media":"","overlay-type":"","overlay-color":"","overlay-opacity":"","overlay-gradient":""}},"ast-content-background-meta":{"desktop":{"background-color":"var(--ast-global-color-5)","background-image":"","background-repeat":"repeat","background-position":"center center","background-size":"auto","background-attachment":"scroll","background-type":"","background-media":"","overlay-type":"","overlay-color":"","overlay-opacity":"","overlay-gradient":""},"tablet":{"background-color":"var(--ast-global-color-5)","background-image":"","background-repeat":"repeat","background-position":"center center","background-size":"auto","background-attachment":"scroll","background-type":"","background-media":"","overlay-type":"","overlay-color":"","overlay-opacity":"","overlay-gradient":""},"mobile":{"background-color":"var(--ast-global-color-5)","background-image":"","background-repeat":"repeat","background-position":"center center","background-size":"auto","background-attachment":"scroll","background-type":"","background-media":"","overlay-type":"","overlay-color":"","overlay-opacity":"","overlay-gradient":""}}},"product_brand":[],"product_cat":[2208,2216],"product_tag":[],"class_list":{"0":"post-62732","1":"product","2":"type-product","3":"status-publish","4":"has-post-thumbnail","6":"product_cat-accessoires-pour-motos","7":"product_cat-magasin-de-motos","8":"pa_component-accessoire","9":"pa_item-type-eclairage","10":"pa_line-year-5975","11":"pa_line-year-5976","12":"pa_line-year-5977","13":"pa_line-year-5972","14":"pa_line-year-5973","15":"pa_line-year-5974","16":"pa_motorcycle-model-v-strom-1050de-fr","17":"pa_motorcycle-model-v-strom-1050-fr","18":"desktop-align-left","19":"tablet-align-left","20":"mobile-align-left","21":"ast-product-gallery-layout-horizontal","22":"ast-product-gallery-with-no-image","23":"ast-magnify-disabled","24":"ast-product-tabs-layout-horizontal","26":"first","27":"instock","28":"taxable","29":"shipping-taxable","30":"purchasable","31":"product-type-simple"},"acf":[],"yoast_head":"<!-- This site is optimized with the Yoast SEO plugin v27.3 - https:\/\/yoast.com\/product\/yoast-seo-wordpress\/ -->\n<title>Phare antibrouillard \u00e0 DEL V-Strom 1050\/DE - Suzuki Canada Inc.<\/title>\n<meta name=\"description\" content=\"Vendus depuis longtemps par V-STROM, les phares antibrouillard \u00e0 DEL sont solidement fix\u00e9s \u00e0 la barre d&#039;accessoires.\" \/>\n<meta name=\"robots\" content=\"index, follow, max-snippet:-1, max-image-preview:large, max-video-preview:-1\" \/>\n<link rel=\"canonical\" href=\"https:\/\/www.suzuki.ca\/fr\/produit\/phare-antibrouillard-a-del-v-strom-1050-de\/\" \/>\n<meta property=\"og:locale\" content=\"fr_FR\" \/>\n<meta property=\"og:type\" content=\"article\" \/>\n<meta property=\"og:title\" content=\"Phare antibrouillard \u00e0 DEL V-Strom 1050\/DE - Suzuki Canada Inc.\" \/>\n<meta property=\"og:description\" content=\"Vendus depuis longtemps par V-STROM, les phares antibrouillard \u00e0 DEL sont solidement fix\u00e9s \u00e0 la barre d&#039;accessoires.\" \/>\n<meta property=\"og:url\" content=\"https:\/\/www.suzuki.ca\/fr\/produit\/phare-antibrouillard-a-del-v-strom-1050-de\/\" \/>\n<meta property=\"og:site_name\" content=\"Suzuki Canada Inc.\" \/>\n<meta property=\"article:modified_time\" content=\"2026-04-13T14:39:23+00:00\" \/>\n<meta property=\"og:image\" content=\"https:\/\/staging.suzuki.ca\/wp-content\/uploads\/99172-06L10.jpg\" \/>\n\t<meta property=\"og:image:width\" content=\"1080\" \/>\n\t<meta property=\"og:image:height\" content=\"1080\" \/>\n\t<meta property=\"og:image:type\" content=\"image\/jpeg\" \/>\n<meta name=\"twitter:card\" content=\"summary_large_image\" \/>\n<meta name=\"twitter:label1\" content=\"Est. reading time\" \/>\n\t<meta name=\"twitter:data1\" content=\"1 minute\" \/>\n<script type=\"application\/ld+json\" class=\"yoast-schema-graph\">{\"@context\":\"https:\\\/\\\/schema.org\",\"@graph\":[{\"@type\":\"WebPage\",\"@id\":\"https:\\\/\\\/www.suzuki.ca\\\/fr\\\/produit\\\/phare-antibrouillard-a-del-v-strom-1050-de\\\/\",\"url\":\"https:\\\/\\\/www.suzuki.ca\\\/fr\\\/produit\\\/phare-antibrouillard-a-del-v-strom-1050-de\\\/\",\"name\":\"Phare antibrouillard \u00e0 DEL V-Strom 1050\\\/DE - Suzuki Canada Inc.\",\"isPartOf\":{\"@id\":\"https:\\\/\\\/www.suzuki.ca\\\/#website\"},\"primaryImageOfPage\":{\"@id\":\"https:\\\/\\\/www.suzuki.ca\\\/fr\\\/produit\\\/phare-antibrouillard-a-del-v-strom-1050-de\\\/#primaryimage\"},\"image\":{\"@id\":\"https:\\\/\\\/www.suzuki.ca\\\/fr\\\/produit\\\/phare-antibrouillard-a-del-v-strom-1050-de\\\/#primaryimage\"},\"thumbnailUrl\":\"https:\\\/\\\/www.suzuki.ca\\\/wp-content\\\/uploads\\\/99172-06L10.jpg\",\"datePublished\":\"2025-07-23T13:08:41+00:00\",\"dateModified\":\"2026-04-13T14:39:23+00:00\",\"description\":\"Vendus depuis longtemps par V-STROM, les phares antibrouillard \u00e0 DEL sont solidement fix\u00e9s \u00e0 la barre d'accessoires.\",\"breadcrumb\":{\"@id\":\"https:\\\/\\\/www.suzuki.ca\\\/fr\\\/produit\\\/phare-antibrouillard-a-del-v-strom-1050-de\\\/#breadcrumb\"},\"inLanguage\":\"fr-FR\",\"potentialAction\":[{\"@type\":\"ReadAction\",\"target\":[\"https:\\\/\\\/www.suzuki.ca\\\/fr\\\/produit\\\/phare-antibrouillard-a-del-v-strom-1050-de\\\/\"]}]},{\"@type\":\"ImageObject\",\"inLanguage\":\"fr-FR\",\"@id\":\"https:\\\/\\\/www.suzuki.ca\\\/fr\\\/produit\\\/phare-antibrouillard-a-del-v-strom-1050-de\\\/#primaryimage\",\"url\":\"https:\\\/\\\/www.suzuki.ca\\\/wp-content\\\/uploads\\\/99172-06L10.jpg\",\"contentUrl\":\"https:\\\/\\\/www.suzuki.ca\\\/wp-content\\\/uploads\\\/99172-06L10.jpg\",\"width\":1080,\"height\":1080,\"caption\":\"Suzuki_V_Strom_Fog_Lights\"},{\"@type\":\"BreadcrumbList\",\"@id\":\"https:\\\/\\\/www.suzuki.ca\\\/fr\\\/produit\\\/phare-antibrouillard-a-del-v-strom-1050-de\\\/#breadcrumb\",\"itemListElement\":[{\"@type\":\"ListItem\",\"position\":1,\"name\":\"Accueil\",\"item\":\"https:\\\/\\\/www.suzuki.ca\\\/fr\\\/\"},{\"@type\":\"ListItem\",\"position\":2,\"name\":\"Products\",\"item\":\"https:\\\/\\\/www.suzuki.ca\\\/shop\\\/\"},{\"@type\":\"ListItem\",\"position\":3,\"name\":\"Phare antibrouillard \u00e0 DEL V-Strom 1050\\\/DE\"}]},{\"@type\":\"WebSite\",\"@id\":\"https:\\\/\\\/www.suzuki.ca\\\/#website\",\"url\":\"https:\\\/\\\/www.suzuki.ca\\\/\",\"name\":\"Suzuki Canada Inc.\",\"description\":\"The Official Home of Suzuki Canada Motorcycle, ATV, and Marine models and accessories.\",\"publisher\":{\"@id\":\"https:\\\/\\\/www.suzuki.ca\\\/#organization\"},\"potentialAction\":[{\"@type\":\"SearchAction\",\"target\":{\"@type\":\"EntryPoint\",\"urlTemplate\":\"https:\\\/\\\/www.suzuki.ca\\\/?s={search_term_string}\"},\"query-input\":{\"@type\":\"PropertyValueSpecification\",\"valueRequired\":true,\"valueName\":\"search_term_string\"}}],\"inLanguage\":\"fr-FR\"},{\"@type\":\"Organization\",\"@id\":\"https:\\\/\\\/www.suzuki.ca\\\/#organization\",\"name\":\"Suzuki Canada Inc.\",\"url\":\"https:\\\/\\\/www.suzuki.ca\\\/\",\"logo\":{\"@type\":\"ImageObject\",\"inLanguage\":\"fr-FR\",\"@id\":\"https:\\\/\\\/www.suzuki.ca\\\/#\\\/schema\\\/logo\\\/image\\\/\",\"url\":\"https:\\\/\\\/www.suzuki.ca\\\/wp-content\\\/uploads\\\/Suzuki_Logo_Parallelogram.svg\",\"contentUrl\":\"https:\\\/\\\/www.suzuki.ca\\\/wp-content\\\/uploads\\\/Suzuki_Logo_Parallelogram.svg\",\"caption\":\"Suzuki Canada Inc.\"},\"image\":{\"@id\":\"https:\\\/\\\/www.suzuki.ca\\\/#\\\/schema\\\/logo\\\/image\\\/\"}}]}<\/script>\n<!-- \/ Yoast SEO plugin. -->","yoast_head_json":{"title":"Phare antibrouillard \u00e0 DEL V-Strom 1050\/DE - Suzuki Canada Inc.","description":"Vendus depuis longtemps par V-STROM, les phares antibrouillard \u00e0 DEL sont solidement fix\u00e9s \u00e0 la barre d'accessoires.","robots":{"index":"index","follow":"follow","max-snippet":"max-snippet:-1","max-image-preview":"max-image-preview:large","max-video-preview":"max-video-preview:-1"},"canonical":"https:\/\/www.suzuki.ca\/fr\/produit\/phare-antibrouillard-a-del-v-strom-1050-de\/","og_locale":"fr_FR","og_type":"article","og_title":"Phare antibrouillard \u00e0 DEL V-Strom 1050\/DE - Suzuki Canada Inc.","og_description":"Vendus depuis longtemps par V-STROM, les phares antibrouillard \u00e0 DEL sont solidement fix\u00e9s \u00e0 la barre d'accessoires.","og_url":"https:\/\/www.suzuki.ca\/fr\/produit\/phare-antibrouillard-a-del-v-strom-1050-de\/","og_site_name":"Suzuki Canada Inc.","article_modified_time":"2026-04-13T14:39:23+00:00","og_image":[{"width":1080,"height":1080,"url":"https:\/\/staging.suzuki.ca\/wp-content\/uploads\/99172-06L10.jpg","type":"image\/jpeg"}],"twitter_card":"summary_large_image","twitter_misc":{"Est. reading time":"1 minute"},"schema":{"@context":"https:\/\/schema.org","@graph":[{"@type":"WebPage","@id":"https:\/\/www.suzuki.ca\/fr\/produit\/phare-antibrouillard-a-del-v-strom-1050-de\/","url":"https:\/\/www.suzuki.ca\/fr\/produit\/phare-antibrouillard-a-del-v-strom-1050-de\/","name":"Phare antibrouillard \u00e0 DEL V-Strom 1050\/DE - Suzuki Canada Inc.","isPartOf":{"@id":"https:\/\/www.suzuki.ca\/#website"},"primaryImageOfPage":{"@id":"https:\/\/www.suzuki.ca\/fr\/produit\/phare-antibrouillard-a-del-v-strom-1050-de\/#primaryimage"},"image":{"@id":"https:\/\/www.suzuki.ca\/fr\/produit\/phare-antibrouillard-a-del-v-strom-1050-de\/#primaryimage"},"thumbnailUrl":"https:\/\/www.suzuki.ca\/wp-content\/uploads\/99172-06L10.jpg","datePublished":"2025-07-23T13:08:41+00:00","dateModified":"2026-04-13T14:39:23+00:00","description":"Vendus depuis longtemps par V-STROM, les phares antibrouillard \u00e0 DEL sont solidement fix\u00e9s \u00e0 la barre d'accessoires.","breadcrumb":{"@id":"https:\/\/www.suzuki.ca\/fr\/produit\/phare-antibrouillard-a-del-v-strom-1050-de\/#breadcrumb"},"inLanguage":"fr-FR","potentialAction":[{"@type":"ReadAction","target":["https:\/\/www.suzuki.ca\/fr\/produit\/phare-antibrouillard-a-del-v-strom-1050-de\/"]}]},{"@type":"ImageObject","inLanguage":"fr-FR","@id":"https:\/\/www.suzuki.ca\/fr\/produit\/phare-antibrouillard-a-del-v-strom-1050-de\/#primaryimage","url":"https:\/\/www.suzuki.ca\/wp-content\/uploads\/99172-06L10.jpg","contentUrl":"https:\/\/www.suzuki.ca\/wp-content\/uploads\/99172-06L10.jpg","width":1080,"height":1080,"caption":"Suzuki_V_Strom_Fog_Lights"},{"@type":"BreadcrumbList","@id":"https:\/\/www.suzuki.ca\/fr\/produit\/phare-antibrouillard-a-del-v-strom-1050-de\/#breadcrumb","itemListElement":[{"@type":"ListItem","position":1,"name":"Accueil","item":"https:\/\/www.suzuki.ca\/fr\/"},{"@type":"ListItem","position":2,"name":"Products","item":"https:\/\/www.suzuki.ca\/shop\/"},{"@type":"ListItem","position":3,"name":"Phare antibrouillard \u00e0 DEL V-Strom 1050\/DE"}]},{"@type":"WebSite","@id":"https:\/\/www.suzuki.ca\/#website","url":"https:\/\/www.suzuki.ca\/","name":"Suzuki Canada Inc.","description":"The Official Home of Suzuki Canada Motorcycle, ATV, and Marine models and accessories.","publisher":{"@id":"https:\/\/www.suzuki.ca\/#organization"},"potentialAction":[{"@type":"SearchAction","target":{"@type":"EntryPoint","urlTemplate":"https:\/\/www.suzuki.ca\/?s={search_term_string}"},"query-input":{"@type":"PropertyValueSpecification","valueRequired":true,"valueName":"search_term_string"}}],"inLanguage":"fr-FR"},{"@type":"Organization","@id":"https:\/\/www.suzuki.ca\/#organization","name":"Suzuki Canada Inc.","url":"https:\/\/www.suzuki.ca\/","logo":{"@type":"ImageObject","inLanguage":"fr-FR","@id":"https:\/\/www.suzuki.ca\/#\/schema\/logo\/image\/","url":"https:\/\/www.suzuki.ca\/wp-content\/uploads\/Suzuki_Logo_Parallelogram.svg","contentUrl":"https:\/\/www.suzuki.ca\/wp-content\/uploads\/Suzuki_Logo_Parallelogram.svg","caption":"Suzuki Canada Inc."},"image":{"@id":"https:\/\/www.suzuki.ca\/#\/schema\/logo\/image\/"}}]}},"_links":{"self":[{"href":"https:\/\/www.suzuki.ca\/fr\/wp-json\/wp\/v2\/product\/62732","targetHints":{"allow":["GET"]}}],"collection":[{"href":"https:\/\/www.suzuki.ca\/fr\/wp-json\/wp\/v2\/product"}],"about":[{"href":"https:\/\/www.suzuki.ca\/fr\/wp-json\/wp\/v2\/types\/product"}],"wp:featuredmedia":[{"embeddable":true,"href":"https:\/\/www.suzuki.ca\/fr\/wp-json\/wp\/v2\/media\/62734"}],"wp:attachment":[{"href":"https:\/\/www.suzuki.ca\/fr\/wp-json\/wp\/v2\/media?parent=62732"}],"wp:term":[{"taxonomy":"product_brand","embeddable":true,"href":"https:\/\/www.suzuki.ca\/fr\/wp-json\/wp\/v2\/product_brand?post=62732"},{"taxonomy":"product_cat","embeddable":true,"href":"https:\/\/www.suzuki.ca\/fr\/wp-json\/wp\/v2\/product_cat?post=62732"},{"taxonomy":"product_tag","embeddable":true,"href":"https:\/\/www.suzuki.ca\/fr\/wp-json\/wp\/v2\/product_tag?post=62732"}],"curies":[{"name":"wp","href":"https:\/\/api.w.org\/{rel}","templated":true}]}}