{"id":63144,"date":"2025-08-06T10:23:41","date_gmt":"2025-08-06T14:23:41","guid":{"rendered":"https:\/\/www.suzuki.ca\/?post_type=product&#038;p=63144"},"modified":"2026-04-01T12:28:48","modified_gmt":"2026-04-01T16:28:48","slug":"connecteur-de-durite-de-carburant-cote-moteur-femelle","status":"publish","type":"product","link":"https:\/\/www.suzuki.ca\/fr\/produit\/connecteur-de-durite-de-carburant-cote-moteur-femelle\/","title":{"rendered":"Connecteur de Durite de Carburant C\u00f4t\u00e9 Moteur \u2013 Femelle"},"content":{"rendered":"<p data-start=\"498\" data-end=\"764\">Connecteur femelle de durite de carburant de qualit\u00e9 OEM, con\u00e7u pour les moteurs hors-bord Suzuki. Ce connecteur se fixe sur la durite de carburant et sur le connecteur m\u00e2le c\u00f4t\u00e9 moteur. Compatible avec les moteurs Suzuki allant de <strong data-start=\"745\" data-end=\"761\">DF4 \u00e0 DF140A<\/strong>.<\/p>\n<p data-start=\"766\" data-end=\"905\">L\u00e9ger, fiable et con\u00e7u selon les normes OEM, ce connecteur assure une liaison s\u00e9curis\u00e9e et \u00e9tanche pour les syst\u00e8mes de carburant marins.<\/p>\n","protected":false},"excerpt":{"rendered":"<p>\u2026 <a class=\"blog-readmore\" href=\"https:\/\/www.suzuki.ca\/fr\/produit\/connecteur-de-durite-de-carburant-cote-moteur-femelle\/\">Continuez \u00e0 lire ><\/a><\/p>\n","protected":false},"featured_media":63146,"template":"","meta":{"_acf_changed":false,"site-sidebar-layout":"no-sidebar","site-content-layout":"default","ast-site-content-layout":"default","site-content-style":"default","site-sidebar-style":"default","ast-global-header-display":"","ast-banner-title-visibility":"","ast-main-header-display":"","ast-hfb-above-header-display":"","ast-hfb-below-header-display":"","ast-hfb-mobile-header-display":"","site-post-title":"","ast-breadcrumbs-content":"","ast-featured-img":"","footer-sml-layout":"","ast-disable-related-posts":"","theme-transparent-header-meta":"default","adv-header-id-meta":"","stick-header-meta":"default","header-above-stick-meta":"","header-main-stick-meta":"","header-below-stick-meta":"","astra-migrate-meta-layouts":"set","ast-page-background-enabled":"default","ast-page-background-meta":{"desktop":{"background-color":"","background-image":"","background-repeat":"repeat","background-position":"center center","background-size":"auto","background-attachment":"scroll","background-type":"","background-media":"","overlay-type":"","overlay-color":"","overlay-opacity":"","overlay-gradient":""},"tablet":{"background-color":"","background-image":"","background-repeat":"repeat","background-position":"center center","background-size":"auto","background-attachment":"scroll","background-type":"","background-media":"","overlay-type":"","overlay-color":"","overlay-opacity":"","overlay-gradient":""},"mobile":{"background-color":"","background-image":"","background-repeat":"repeat","background-position":"center center","background-size":"auto","background-attachment":"scroll","background-type":"","background-media":"","overlay-type":"","overlay-color":"","overlay-opacity":"","overlay-gradient":""}},"ast-content-background-meta":{"desktop":{"background-color":"var(--ast-global-color-5)","background-image":"","background-repeat":"repeat","background-position":"center center","background-size":"auto","background-attachment":"scroll","background-type":"","background-media":"","overlay-type":"","overlay-color":"","overlay-opacity":"","overlay-gradient":""},"tablet":{"background-color":"var(--ast-global-color-5)","background-image":"","background-repeat":"repeat","background-position":"center center","background-size":"auto","background-attachment":"scroll","background-type":"","background-media":"","overlay-type":"","overlay-color":"","overlay-opacity":"","overlay-gradient":""},"mobile":{"background-color":"var(--ast-global-color-5)","background-image":"","background-repeat":"repeat","background-position":"center center","background-size":"auto","background-attachment":"scroll","background-type":"","background-media":"","overlay-type":"","overlay-color":"","overlay-opacity":"","overlay-gradient":""}}},"product_brand":[],"product_cat":[2215,2213],"product_tag":[],"class_list":{"0":"post-63144","1":"product","2":"type-product","3":"status-publish","4":"has-post-thumbnail","6":"product_cat-pieces-detachees-marines","7":"product_cat-magasin-de-marine","8":"pa_item-type-outils-et-maintenance","9":"pa_item-type-reservoirs-de-carburant-et-tuyaux","10":"pa_marine-model-df4-fr","11":"pa_marine-model-df4a-fr","12":"pa_marine-model-df6-fr","13":"pa_marine-model-df6a-fr","14":"pa_marine-model-df8a-fr","15":"pa_marine-model-df9-9-fr","16":"pa_marine-model-df9-9a-fr","17":"pa_marine-model-df9-9b-fr","18":"pa_marine-model-df15-fr","19":"pa_marine-model-df15a-fr","20":"pa_marine-model-df20a-fr","21":"pa_marine-model-df25-fr","22":"pa_marine-model-df25a-fr","23":"pa_marine-model-df30-fr","24":"pa_marine-model-df30a-fr","25":"pa_marine-model-df40-fr","26":"pa_marine-model-df40a-fr","27":"pa_marine-model-df50-fr","28":"pa_marine-model-df50a-fr","29":"pa_marine-model-df60-fr","30":"pa_marine-model-df60a-fr","31":"pa_marine-model-df60av-fr","32":"pa_marine-model-df70-fr","33":"pa_marine-model-df75a-fr","34":"pa_marine-model-df90a-fr","35":"pa_marine-model-df115-fr","36":"pa_marine-model-df115a-fr","37":"pa_marine-model-df115b-fr","38":"pa_marine-model-df140-fr","39":"pa_marine-model-df140a-fr","40":"pa_marine-model-df140b-fr","41":"desktop-align-left","42":"tablet-align-left","43":"mobile-align-left","44":"ast-product-gallery-layout-horizontal","45":"ast-product-gallery-with-no-image","46":"ast-magnify-disabled","47":"ast-product-tabs-layout-horizontal","49":"first","50":"instock","51":"taxable","52":"shipping-taxable","53":"purchasable","54":"product-type-simple"},"acf":[],"yoast_head":"<!-- This site is optimized with the Yoast SEO plugin v26.9 - https:\/\/yoast.com\/product\/yoast-seo-wordpress\/ -->\n<title>Connecteur de Durite de Carburant C\u00f4t\u00e9 Moteur \u2013 Femelle - Suzuki Canada Inc.<\/title>\n<meta name=\"robots\" content=\"index, follow, max-snippet:-1, max-image-preview:large, max-video-preview:-1\" \/>\n<link rel=\"canonical\" href=\"https:\/\/www.suzuki.ca\/fr\/produit\/connecteur-de-durite-de-carburant-cote-moteur-femelle\/\" \/>\n<meta property=\"og:locale\" content=\"fr_FR\" \/>\n<meta property=\"og:type\" content=\"article\" \/>\n<meta property=\"og:title\" content=\"Connecteur de Durite de Carburant C\u00f4t\u00e9 Moteur \u2013 Femelle - Suzuki Canada Inc.\" \/>\n<meta property=\"og:description\" content=\"\u2026 Continuez \u00e0 lire &gt;\" \/>\n<meta property=\"og:url\" content=\"https:\/\/www.suzuki.ca\/fr\/produit\/connecteur-de-durite-de-carburant-cote-moteur-femelle\/\" \/>\n<meta property=\"og:site_name\" content=\"Suzuki Canada Inc.\" \/>\n<meta property=\"article:modified_time\" content=\"2026-04-01T16:28:48+00:00\" \/>\n<meta property=\"og:image\" content=\"https:\/\/www.suzuki.ca\/wp-content\/uploads\/65750-87J11.jpg\" \/>\n\t<meta property=\"og:image:width\" content=\"1080\" \/>\n\t<meta property=\"og:image:height\" content=\"1080\" \/>\n\t<meta property=\"og:image:type\" content=\"image\/jpeg\" \/>\n<meta name=\"twitter:card\" content=\"summary_large_image\" \/>\n<meta name=\"twitter:label1\" content=\"Est. reading time\" \/>\n\t<meta name=\"twitter:data1\" content=\"1 minute\" \/>\n<script type=\"application\/ld+json\" class=\"yoast-schema-graph\">{\"@context\":\"https:\/\/schema.org\",\"@graph\":[{\"@type\":\"WebPage\",\"@id\":\"https:\/\/www.suzuki.ca\/fr\/produit\/connecteur-de-durite-de-carburant-cote-moteur-femelle\/\",\"url\":\"https:\/\/www.suzuki.ca\/fr\/produit\/connecteur-de-durite-de-carburant-cote-moteur-femelle\/\",\"name\":\"Connecteur de Durite de Carburant C\u00f4t\u00e9 Moteur \u2013 Femelle - Suzuki Canada Inc.\",\"isPartOf\":{\"@id\":\"https:\/\/www.suzuki.ca\/#website\"},\"primaryImageOfPage\":{\"@id\":\"https:\/\/www.suzuki.ca\/fr\/produit\/connecteur-de-durite-de-carburant-cote-moteur-femelle\/#primaryimage\"},\"image\":{\"@id\":\"https:\/\/www.suzuki.ca\/fr\/produit\/connecteur-de-durite-de-carburant-cote-moteur-femelle\/#primaryimage\"},\"thumbnailUrl\":\"https:\/\/www.suzuki.ca\/wp-content\/uploads\/65750-87J11.jpg\",\"datePublished\":\"2025-08-06T14:23:41+00:00\",\"dateModified\":\"2026-04-01T16:28:48+00:00\",\"breadcrumb\":{\"@id\":\"https:\/\/www.suzuki.ca\/fr\/produit\/connecteur-de-durite-de-carburant-cote-moteur-femelle\/#breadcrumb\"},\"inLanguage\":\"fr-FR\",\"potentialAction\":[{\"@type\":\"ReadAction\",\"target\":[\"https:\/\/www.suzuki.ca\/fr\/produit\/connecteur-de-durite-de-carburant-cote-moteur-femelle\/\"]}]},{\"@type\":\"ImageObject\",\"inLanguage\":\"fr-FR\",\"@id\":\"https:\/\/www.suzuki.ca\/fr\/produit\/connecteur-de-durite-de-carburant-cote-moteur-femelle\/#primaryimage\",\"url\":\"https:\/\/www.suzuki.ca\/wp-content\/uploads\/65750-87J11.jpg\",\"contentUrl\":\"https:\/\/www.suzuki.ca\/wp-content\/uploads\/65750-87J11.jpg\",\"width\":1080,\"height\":1080,\"caption\":\"Suzuki_Fuel_Line_Connector\"},{\"@type\":\"BreadcrumbList\",\"@id\":\"https:\/\/www.suzuki.ca\/fr\/produit\/connecteur-de-durite-de-carburant-cote-moteur-femelle\/#breadcrumb\",\"itemListElement\":[{\"@type\":\"ListItem\",\"position\":1,\"name\":\"Accueil\",\"item\":\"https:\/\/www.suzuki.ca\/fr\/\"},{\"@type\":\"ListItem\",\"position\":2,\"name\":\"Products\",\"item\":\"https:\/\/www.suzuki.ca\/shop\/\"},{\"@type\":\"ListItem\",\"position\":3,\"name\":\"Connecteur de Durite de Carburant C\u00f4t\u00e9 Moteur \u2013 Femelle\"}]},{\"@type\":\"WebSite\",\"@id\":\"https:\/\/www.suzuki.ca\/#website\",\"url\":\"https:\/\/www.suzuki.ca\/\",\"name\":\"Suzuki Canada Inc.\",\"description\":\"The Official Home of Suzuki Canada Motorcycle, ATV, and Marine models and accessories.\",\"publisher\":{\"@id\":\"https:\/\/www.suzuki.ca\/#organization\"},\"potentialAction\":[{\"@type\":\"SearchAction\",\"target\":{\"@type\":\"EntryPoint\",\"urlTemplate\":\"https:\/\/www.suzuki.ca\/?s={search_term_string}\"},\"query-input\":{\"@type\":\"PropertyValueSpecification\",\"valueRequired\":true,\"valueName\":\"search_term_string\"}}],\"inLanguage\":\"fr-FR\"},{\"@type\":\"Organization\",\"@id\":\"https:\/\/www.suzuki.ca\/#organization\",\"name\":\"Suzuki Canada Inc.\",\"url\":\"https:\/\/www.suzuki.ca\/\",\"logo\":{\"@type\":\"ImageObject\",\"inLanguage\":\"fr-FR\",\"@id\":\"https:\/\/www.suzuki.ca\/#\/schema\/logo\/image\/\",\"url\":\"https:\/\/www.suzuki.ca\/wp-content\/uploads\/Suzuki_Logo_Parallelogram.svg\",\"contentUrl\":\"https:\/\/www.suzuki.ca\/wp-content\/uploads\/Suzuki_Logo_Parallelogram.svg\",\"caption\":\"Suzuki Canada Inc.\"},\"image\":{\"@id\":\"https:\/\/www.suzuki.ca\/#\/schema\/logo\/image\/\"}}]}<\/script>\n<!-- \/ Yoast SEO plugin. -->","yoast_head_json":{"title":"Connecteur de Durite de Carburant C\u00f4t\u00e9 Moteur \u2013 Femelle - Suzuki Canada Inc.","robots":{"index":"index","follow":"follow","max-snippet":"max-snippet:-1","max-image-preview":"max-image-preview:large","max-video-preview":"max-video-preview:-1"},"canonical":"https:\/\/www.suzuki.ca\/fr\/produit\/connecteur-de-durite-de-carburant-cote-moteur-femelle\/","og_locale":"fr_FR","og_type":"article","og_title":"Connecteur de Durite de Carburant C\u00f4t\u00e9 Moteur \u2013 Femelle - Suzuki Canada Inc.","og_description":"\u2026 Continuez \u00e0 lire >","og_url":"https:\/\/www.suzuki.ca\/fr\/produit\/connecteur-de-durite-de-carburant-cote-moteur-femelle\/","og_site_name":"Suzuki Canada Inc.","article_modified_time":"2026-04-01T16:28:48+00:00","og_image":[{"width":1080,"height":1080,"url":"https:\/\/www.suzuki.ca\/wp-content\/uploads\/65750-87J11.jpg","type":"image\/jpeg"}],"twitter_card":"summary_large_image","twitter_misc":{"Est. reading time":"1 minute"},"schema":{"@context":"https:\/\/schema.org","@graph":[{"@type":"WebPage","@id":"https:\/\/www.suzuki.ca\/fr\/produit\/connecteur-de-durite-de-carburant-cote-moteur-femelle\/","url":"https:\/\/www.suzuki.ca\/fr\/produit\/connecteur-de-durite-de-carburant-cote-moteur-femelle\/","name":"Connecteur de Durite de Carburant C\u00f4t\u00e9 Moteur \u2013 Femelle - Suzuki Canada Inc.","isPartOf":{"@id":"https:\/\/www.suzuki.ca\/#website"},"primaryImageOfPage":{"@id":"https:\/\/www.suzuki.ca\/fr\/produit\/connecteur-de-durite-de-carburant-cote-moteur-femelle\/#primaryimage"},"image":{"@id":"https:\/\/www.suzuki.ca\/fr\/produit\/connecteur-de-durite-de-carburant-cote-moteur-femelle\/#primaryimage"},"thumbnailUrl":"https:\/\/www.suzuki.ca\/wp-content\/uploads\/65750-87J11.jpg","datePublished":"2025-08-06T14:23:41+00:00","dateModified":"2026-04-01T16:28:48+00:00","breadcrumb":{"@id":"https:\/\/www.suzuki.ca\/fr\/produit\/connecteur-de-durite-de-carburant-cote-moteur-femelle\/#breadcrumb"},"inLanguage":"fr-FR","potentialAction":[{"@type":"ReadAction","target":["https:\/\/www.suzuki.ca\/fr\/produit\/connecteur-de-durite-de-carburant-cote-moteur-femelle\/"]}]},{"@type":"ImageObject","inLanguage":"fr-FR","@id":"https:\/\/www.suzuki.ca\/fr\/produit\/connecteur-de-durite-de-carburant-cote-moteur-femelle\/#primaryimage","url":"https:\/\/www.suzuki.ca\/wp-content\/uploads\/65750-87J11.jpg","contentUrl":"https:\/\/www.suzuki.ca\/wp-content\/uploads\/65750-87J11.jpg","width":1080,"height":1080,"caption":"Suzuki_Fuel_Line_Connector"},{"@type":"BreadcrumbList","@id":"https:\/\/www.suzuki.ca\/fr\/produit\/connecteur-de-durite-de-carburant-cote-moteur-femelle\/#breadcrumb","itemListElement":[{"@type":"ListItem","position":1,"name":"Accueil","item":"https:\/\/www.suzuki.ca\/fr\/"},{"@type":"ListItem","position":2,"name":"Products","item":"https:\/\/www.suzuki.ca\/shop\/"},{"@type":"ListItem","position":3,"name":"Connecteur de Durite de Carburant C\u00f4t\u00e9 Moteur \u2013 Femelle"}]},{"@type":"WebSite","@id":"https:\/\/www.suzuki.ca\/#website","url":"https:\/\/www.suzuki.ca\/","name":"Suzuki Canada Inc.","description":"The Official Home of Suzuki Canada Motorcycle, ATV, and Marine models and accessories.","publisher":{"@id":"https:\/\/www.suzuki.ca\/#organization"},"potentialAction":[{"@type":"SearchAction","target":{"@type":"EntryPoint","urlTemplate":"https:\/\/www.suzuki.ca\/?s={search_term_string}"},"query-input":{"@type":"PropertyValueSpecification","valueRequired":true,"valueName":"search_term_string"}}],"inLanguage":"fr-FR"},{"@type":"Organization","@id":"https:\/\/www.suzuki.ca\/#organization","name":"Suzuki Canada Inc.","url":"https:\/\/www.suzuki.ca\/","logo":{"@type":"ImageObject","inLanguage":"fr-FR","@id":"https:\/\/www.suzuki.ca\/#\/schema\/logo\/image\/","url":"https:\/\/www.suzuki.ca\/wp-content\/uploads\/Suzuki_Logo_Parallelogram.svg","contentUrl":"https:\/\/www.suzuki.ca\/wp-content\/uploads\/Suzuki_Logo_Parallelogram.svg","caption":"Suzuki Canada Inc."},"image":{"@id":"https:\/\/www.suzuki.ca\/#\/schema\/logo\/image\/"}}]}},"_links":{"self":[{"href":"https:\/\/www.suzuki.ca\/fr\/wp-json\/wp\/v2\/product\/63144","targetHints":{"allow":["GET"]}}],"collection":[{"href":"https:\/\/www.suzuki.ca\/fr\/wp-json\/wp\/v2\/product"}],"about":[{"href":"https:\/\/www.suzuki.ca\/fr\/wp-json\/wp\/v2\/types\/product"}],"wp:featuredmedia":[{"embeddable":true,"href":"https:\/\/www.suzuki.ca\/fr\/wp-json\/wp\/v2\/media\/63146"}],"wp:attachment":[{"href":"https:\/\/www.suzuki.ca\/fr\/wp-json\/wp\/v2\/media?parent=63144"}],"wp:term":[{"taxonomy":"product_brand","embeddable":true,"href":"https:\/\/www.suzuki.ca\/fr\/wp-json\/wp\/v2\/product_brand?post=63144"},{"taxonomy":"product_cat","embeddable":true,"href":"https:\/\/www.suzuki.ca\/fr\/wp-json\/wp\/v2\/product_cat?post=63144"},{"taxonomy":"product_tag","embeddable":true,"href":"https:\/\/www.suzuki.ca\/fr\/wp-json\/wp\/v2\/product_tag?post=63144"}],"curies":[{"name":"wp","href":"https:\/\/api.w.org\/{rel}","templated":true}]}}